





{"id":27724,"date":"2018-03-22T18:11:37","date_gmt":"2018-03-22T17:11:37","guid":{"rendered":"https:\/\/repliquemangacine.fr\/?post_type=product&#038;p=27724"},"modified":"2025-09-23T18:01:59","modified_gmt":"2025-09-23T16:01:59","slug":"practica-espada-de-combate-vikinga","status":"publish","type":"product","link":"https:\/\/repliquemangacine.fr\/es\/epees-serie-tv-vikings\/epee-viking-practical-de-combat\/","title":{"rendered":"Espada vikinga pr\u00e1ctica"},"content":{"rendered":"<h2>Espada de combate vikinga de categor\u00eda SK-C<\/h2>\n<p>Para empezar, este <strong>Espada de combate vikinga<\/strong> La categor\u00eda SK-C ofrece a los principiantes en la recreaci\u00f3n hist\u00f3rica una oportunidad asequible, pero siempre segura, de poseer su propia espada y realizar los primeros ejercicios b\u00e1sicos.<\/p>\n<p>Durante m\u00e1s de 100 a\u00f1os, los vikingos llevaron a cabo numerosas incursiones sangrientas en Francia. Estos guerreros procedentes de Noruega obtuvieron numerosas victorias. Incluso se establecieron de forma permanente en Normand\u00eda.<\/p>\n<p>Notables navegantes, los vikingos tambi\u00e9n se aventuraron hasta la pen\u00ednsula ib\u00e9rica en 844. Los vikingos penetraron en el Mediterr\u00e1neo por el estrecho de Gibraltar.<\/p>\n<p>Reconocidos como temibles guerreros, los vikingos nunca lograron formar un verdadero ej\u00e9rcito. Su t\u00e1ctica depredadora no puede atribuirse a un arte militar que no dominaban.<\/p>\n<h2>Tu Espada de Combate Vikinga al mejor precio.<\/h2>\n<p>Le ofrecemos una amplia selecci\u00f3n de espadas, as\u00ed como cascos y escudos de la \u00e9poca vikinga.<\/p>\n<p>Lo primero y m\u00e1s importante,<\/p>\n<ul>\n<li>este <a href=\"https:\/\/repliquemangacine.fr\/es\/vikingo\/espada-vikinga-hedeby-siglo-ix\/\">Espada vikinga Hedeby<\/a> reconstruido a partir de un descubrimiento arqueol\u00f3gico.<\/li>\n<li>Tambi\u00e9n est\u00e1 la Espada<a href=\"https:\/\/repliquemangacine.fr\/es\/vikingo\/torshov-vikingo-espada-9-siglo-10-practica\/\"> Vikingo Torshov<\/a> basado en un descubrimiento en Torshov.<\/li>\n<li>Y muchos m\u00e1s.<\/li>\n<li>Si busca una pulsera, un anillo o incluso un tatuaje, visite nuestra tienda asociada. <a href=\"https:\/\/www.viking-clan.com\/\" target=\"_blank\" rel=\"noopener noreferrer\">Clan vikingo<\/a>.<\/li>\n<\/ul>\n<p>Por eso, aqu\u00ed tienes una idea estupenda para regalar a los fans de la famosa serie Vikings.<\/p>\n<p>En conclusi\u00f3n, tambi\u00e9n puedes utilizar esta espada para tus desfiles de cosplay o tus recreaciones hist\u00f3ricas. Pero, ante todo, la\u2019<strong>Espada de combate vikinga<\/strong>Es una pieza de coleccionista y un objeto decorativo para los no combatientes.<\/p>\n<h2>\u00bfC\u00f3mo mantengo la hoja de mi espada?<\/h2>\n<p>Las espadas de colecci\u00f3n y decorativas se fabrican y ensamblan de forma simplificada. Como su uso es decorativo, no cuentan con los elementos de seguridad necesarios para una espada japonesa destinada al entrenamiento.<\/p>\n<p>Sin embargo, su <strong>Espada de combate vikinga<\/strong> a una hoja de acero que hay que cuidar para evitar que se estropee con el tiempo. Cuando exponga su katana, sus amigos sentir\u00e1n curiosidad por ver la hoja y tocarla. Aqu\u00ed es donde hay que tener cuidado, ya que la acidez de los dedos es muy perjudicial para el acero, sea cual sea su calidad.<\/p>\n<p>Sin embargo, si esto ocurre, no te asustes, todo lo que necesitas es un pa\u00f1o humedecido con un poco de aceite y limpiar las huellas dactilares. Si haces esto, tu espada durar\u00e1 mucho tiempo.<\/p>","protected":false},"excerpt":{"rendered":"<p>Espada para iniciarse en el entrenamiento de combate.<\/p>\n<ul>\n<li>Hoja de acero al carbono forjado, roma.<\/li>\n<li>Guarda y pomo de acero al carbono.<\/li>\n<li>Mango recubierto de cuero negro.<\/li>\n<li>Longitud total: 81 cm - Longitud de la hoja: 65 cm - Punto de equilibrio: 12 cm desde la empu\u00f1adura<\/li>\n<\/ul>\n<p>&nbsp;<\/p>","protected":false},"featured_media":27725,"template":"","meta":[],"product_brand":[896],"product_cat":[25,84,112,24,43,103,57],"product_tag":[],"class_list":{"0":"post-27724","1":"product","2":"type-product","3":"status-publish","4":"has-post-thumbnail","6":"product_brand-replique-manga-cine","7":"product_cat-armes-historiques","8":"product_cat-epee-templier-medievale","9":"product_cat-epees-serie-tv-vikings","10":"product_cat-films-series-tv-vente-de-katana-epee-et-produits-derives","11":"product_cat-reproductions-d-armes-et-accessoires-medievales","12":"product_cat-armes-et-accessoires-vikings","13":"product_cat-armes-vikings","15":"first","16":"instock","17":"taxable","18":"shipping-taxable","19":"purchasable","20":"product-type-simple"},"yoast_head":"<!-- This site is optimized with the Yoast SEO plugin v27.4 - https:\/\/yoast.com\/product\/yoast-seo-wordpress\/ -->\n<title>Ep\u00e9e de combat Viking - Vente en ligne d&#039;Ep\u00e9es Vikings | RMC<\/title>\n<meta name=\"description\" content=\"En exclusivit\u00e9 ! Cette superbe Ep\u00e9e de combat Viking pour d\u00e9butant au meilleur prix. Lame \u00e9mouss\u00e9e en acier forg\u00e9 main - Poign\u00e9e en cuir - Longueur : 81 cm\" \/>\n<meta name=\"robots\" content=\"index, follow, max-snippet:-1, max-image-preview:large, max-video-preview:-1\" \/>\n<link rel=\"canonical\" href=\"https:\/\/repliquemangacine.fr\/es\/espadas-serie-vikingos\/practica-espada-de-combate-vikinga\/\" \/>\n<meta property=\"og:locale\" content=\"es_ES\" \/>\n<meta property=\"og:type\" content=\"article\" \/>\n<meta property=\"og:title\" content=\"Ep\u00e9e de combat Viking - Vente en ligne d&#039;Ep\u00e9es Vikings | RMC\" \/>\n<meta property=\"og:description\" content=\"En exclusivit\u00e9 ! Cette superbe Ep\u00e9e de combat Viking pour d\u00e9butant au meilleur prix. Lame \u00e9mouss\u00e9e en acier forg\u00e9 main - Poign\u00e9e en cuir - Longueur : 81 cm\" \/>\n<meta property=\"og:url\" content=\"https:\/\/repliquemangacine.fr\/es\/espadas-serie-vikingos\/practica-espada-de-combate-vikinga\/\" \/>\n<meta property=\"og:site_name\" content=\"R\u00e9plique Manga Cin\u00e9\" \/>\n<meta property=\"article:publisher\" content=\"https:\/\/www.facebook.com\/RepliqueMangaCine\" \/>\n<meta property=\"article:modified_time\" content=\"2025-09-23T16:01:59+00:00\" \/>\n<meta property=\"og:image\" content=\"https:\/\/repliquemangacine.fr\/wp-content\/uploads\/2023\/10\/2488-Epee-Viking-practical-debutant.jpg\" \/>\n\t<meta property=\"og:image:width\" content=\"600\" \/>\n\t<meta property=\"og:image:height\" content=\"600\" \/>\n\t<meta property=\"og:image:type\" content=\"image\/jpeg\" \/>\n<meta name=\"twitter:card\" content=\"summary_large_image\" \/>\n<meta name=\"twitter:label1\" content=\"Tiempo de lectura\" \/>\n\t<meta name=\"twitter:data1\" content=\"2 minutos\" \/>\n<script type=\"application\/ld+json\" class=\"yoast-schema-graph\">{\"@context\":\"https:\\\/\\\/schema.org\",\"@graph\":[{\"@type\":\"WebPage\",\"@id\":\"https:\\\/\\\/repliquemangacine.fr\\\/epees-serie-tv-vikings\\\/epee-viking-practical-de-combat\\\/\",\"url\":\"https:\\\/\\\/repliquemangacine.fr\\\/epees-serie-tv-vikings\\\/epee-viking-practical-de-combat\\\/\",\"name\":\"Ep\u00e9e de combat Viking - Vente en ligne d'Ep\u00e9es Vikings | RMC\",\"isPartOf\":{\"@id\":\"https:\\\/\\\/repliquemangacine.fr\\\/#website\"},\"primaryImageOfPage\":{\"@id\":\"https:\\\/\\\/repliquemangacine.fr\\\/epees-serie-tv-vikings\\\/epee-viking-practical-de-combat\\\/#primaryimage\"},\"image\":{\"@id\":\"https:\\\/\\\/repliquemangacine.fr\\\/epees-serie-tv-vikings\\\/epee-viking-practical-de-combat\\\/#primaryimage\"},\"thumbnailUrl\":\"https:\\\/\\\/repliquemangacine.fr\\\/wp-content\\\/uploads\\\/2023\\\/10\\\/2488-Epee-Viking-practical-debutant.jpg\",\"datePublished\":\"2018-03-22T17:11:37+00:00\",\"dateModified\":\"2025-09-23T16:01:59+00:00\",\"description\":\"En exclusivit\u00e9 ! Cette superbe Ep\u00e9e de combat Viking pour d\u00e9butant au meilleur prix. Lame \u00e9mouss\u00e9e en acier forg\u00e9 main - Poign\u00e9e en cuir - Longueur : 81 cm\",\"breadcrumb\":{\"@id\":\"https:\\\/\\\/repliquemangacine.fr\\\/epees-serie-tv-vikings\\\/epee-viking-practical-de-combat\\\/#breadcrumb\"},\"inLanguage\":\"es\",\"potentialAction\":[{\"@type\":\"ReadAction\",\"target\":[\"https:\\\/\\\/repliquemangacine.fr\\\/epees-serie-tv-vikings\\\/epee-viking-practical-de-combat\\\/\"]}]},{\"@type\":\"ImageObject\",\"inLanguage\":\"es\",\"@id\":\"https:\\\/\\\/repliquemangacine.fr\\\/epees-serie-tv-vikings\\\/epee-viking-practical-de-combat\\\/#primaryimage\",\"url\":\"https:\\\/\\\/repliquemangacine.fr\\\/wp-content\\\/uploads\\\/2023\\\/10\\\/2488-Epee-Viking-practical-debutant.jpg\",\"contentUrl\":\"https:\\\/\\\/repliquemangacine.fr\\\/wp-content\\\/uploads\\\/2023\\\/10\\\/2488-Epee-Viking-practical-debutant.jpg\",\"width\":600,\"height\":600,\"caption\":\"Ep\u00e9e Viking practical debutant\"},{\"@type\":\"BreadcrumbList\",\"@id\":\"https:\\\/\\\/repliquemangacine.fr\\\/epees-serie-tv-vikings\\\/epee-viking-practical-de-combat\\\/#breadcrumb\",\"itemListElement\":[{\"@type\":\"ListItem\",\"position\":1,\"name\":\"Accueil\",\"item\":\"https:\\\/\\\/repliquemangacine.fr\\\/\"},{\"@type\":\"ListItem\",\"position\":2,\"name\":\"Produits\",\"item\":\"https:\\\/\\\/repliquemangacine.fr\\\/boutique\\\/\"},{\"@type\":\"ListItem\",\"position\":3,\"name\":\"Ep\u00e9e Practical Viking\"}]},{\"@type\":\"WebSite\",\"@id\":\"https:\\\/\\\/repliquemangacine.fr\\\/#website\",\"url\":\"https:\\\/\\\/repliquemangacine.fr\\\/\",\"name\":\"R\u00e9plique Manga Cin\u00e9\",\"description\":\"\",\"publisher\":{\"@id\":\"https:\\\/\\\/repliquemangacine.fr\\\/#organization\"},\"potentialAction\":[{\"@type\":\"SearchAction\",\"target\":{\"@type\":\"EntryPoint\",\"urlTemplate\":\"https:\\\/\\\/repliquemangacine.fr\\\/?s={search_term_string}\"},\"query-input\":{\"@type\":\"PropertyValueSpecification\",\"valueRequired\":true,\"valueName\":\"search_term_string\"}}],\"inLanguage\":\"es\"},{\"@type\":\"Organization\",\"@id\":\"https:\\\/\\\/repliquemangacine.fr\\\/#organization\",\"name\":\"R\u00e9plique Manga Cin\u00e9\",\"url\":\"https:\\\/\\\/repliquemangacine.fr\\\/\",\"logo\":{\"@type\":\"ImageObject\",\"inLanguage\":\"es\",\"@id\":\"https:\\\/\\\/repliquemangacine.fr\\\/#\\\/schema\\\/logo\\\/image\\\/\",\"url\":\"https:\\\/\\\/repliquemangacine.fr\\\/wp-content\\\/uploads\\\/2023\\\/10\\\/RMC-500250.png\",\"contentUrl\":\"https:\\\/\\\/repliquemangacine.fr\\\/wp-content\\\/uploads\\\/2023\\\/10\\\/RMC-500250.png\",\"width\":500,\"height\":250,\"caption\":\"R\u00e9plique Manga Cin\u00e9\"},\"image\":{\"@id\":\"https:\\\/\\\/repliquemangacine.fr\\\/#\\\/schema\\\/logo\\\/image\\\/\"},\"sameAs\":[\"https:\\\/\\\/www.facebook.com\\\/RepliqueMangaCine\",\"https:\\\/\\\/www.instagram.com\\\/repliquemangacine.fr\\\/\"]}]}<\/script>\n<!-- \/ Yoast SEO plugin. -->","yoast_head_json":{"title":"Espada Vikinga - Venta en l\u00ednea de Espadas Vikingas | RMC","description":"\u00a1Exclusiva! Esta magn\u00edfica espada de combate vikinga para principiantes al mejor precio. Hoja roma de acero forjado a mano - Empu\u00f1adura de cuero - Longitud: 81 cm","robots":{"index":"index","follow":"follow","max-snippet":"max-snippet:-1","max-image-preview":"max-image-preview:large","max-video-preview":"max-video-preview:-1"},"canonical":"https:\/\/repliquemangacine.fr\/es\/espadas-serie-vikingos\/practica-espada-de-combate-vikinga\/","og_locale":"es_ES","og_type":"article","og_title":"Ep\u00e9e de combat Viking - Vente en ligne d'Ep\u00e9es Vikings | RMC","og_description":"En exclusivit\u00e9 ! Cette superbe Ep\u00e9e de combat Viking pour d\u00e9butant au meilleur prix. Lame \u00e9mouss\u00e9e en acier forg\u00e9 main - Poign\u00e9e en cuir - Longueur : 81 cm","og_url":"https:\/\/repliquemangacine.fr\/es\/espadas-serie-vikingos\/practica-espada-de-combate-vikinga\/","og_site_name":"R\u00e9plique Manga Cin\u00e9","article_publisher":"https:\/\/www.facebook.com\/RepliqueMangaCine","article_modified_time":"2025-09-23T16:01:59+00:00","og_image":[{"width":600,"height":600,"url":"https:\/\/repliquemangacine.fr\/wp-content\/uploads\/2023\/10\/2488-Epee-Viking-practical-debutant.jpg","type":"image\/jpeg"}],"twitter_card":"summary_large_image","twitter_misc":{"Tiempo de lectura":"2 minutos"},"schema":{"@context":"https:\/\/schema.org","@graph":[{"@type":"WebPage","@id":"https:\/\/repliquemangacine.fr\/epees-serie-tv-vikings\/epee-viking-practical-de-combat\/","url":"https:\/\/repliquemangacine.fr\/epees-serie-tv-vikings\/epee-viking-practical-de-combat\/","name":"Espada Vikinga - Venta en l\u00ednea de Espadas Vikingas | RMC","isPartOf":{"@id":"https:\/\/repliquemangacine.fr\/#website"},"primaryImageOfPage":{"@id":"https:\/\/repliquemangacine.fr\/epees-serie-tv-vikings\/epee-viking-practical-de-combat\/#primaryimage"},"image":{"@id":"https:\/\/repliquemangacine.fr\/epees-serie-tv-vikings\/epee-viking-practical-de-combat\/#primaryimage"},"thumbnailUrl":"https:\/\/repliquemangacine.fr\/wp-content\/uploads\/2023\/10\/2488-Epee-Viking-practical-debutant.jpg","datePublished":"2018-03-22T17:11:37+00:00","dateModified":"2025-09-23T16:01:59+00:00","description":"\u00a1Exclusiva! Esta magn\u00edfica espada de combate vikinga para principiantes al mejor precio. Hoja roma de acero forjado a mano - Empu\u00f1adura de cuero - Longitud: 81 cm","breadcrumb":{"@id":"https:\/\/repliquemangacine.fr\/epees-serie-tv-vikings\/epee-viking-practical-de-combat\/#breadcrumb"},"inLanguage":"es","potentialAction":[{"@type":"ReadAction","target":["https:\/\/repliquemangacine.fr\/epees-serie-tv-vikings\/epee-viking-practical-de-combat\/"]}]},{"@type":"ImageObject","inLanguage":"es","@id":"https:\/\/repliquemangacine.fr\/epees-serie-tv-vikings\/epee-viking-practical-de-combat\/#primaryimage","url":"https:\/\/repliquemangacine.fr\/wp-content\/uploads\/2023\/10\/2488-Epee-Viking-practical-debutant.jpg","contentUrl":"https:\/\/repliquemangacine.fr\/wp-content\/uploads\/2023\/10\/2488-Epee-Viking-practical-debutant.jpg","width":600,"height":600,"caption":"Ep\u00e9e Viking practical debutant"},{"@type":"BreadcrumbList","@id":"https:\/\/repliquemangacine.fr\/epees-serie-tv-vikings\/epee-viking-practical-de-combat\/#breadcrumb","itemListElement":[{"@type":"ListItem","position":1,"name":"Accueil","item":"https:\/\/repliquemangacine.fr\/"},{"@type":"ListItem","position":2,"name":"Produits","item":"https:\/\/repliquemangacine.fr\/boutique\/"},{"@type":"ListItem","position":3,"name":"Ep\u00e9e Practical Viking"}]},{"@type":"WebSite","@id":"https:\/\/repliquemangacine.fr\/#website","url":"https:\/\/repliquemangacine.fr\/","name":"R\u00e9plique Manga Cin\u00e9","description":"","publisher":{"@id":"https:\/\/repliquemangacine.fr\/#organization"},"potentialAction":[{"@type":"SearchAction","target":{"@type":"EntryPoint","urlTemplate":"https:\/\/repliquemangacine.fr\/?s={search_term_string}"},"query-input":{"@type":"PropertyValueSpecification","valueRequired":true,"valueName":"search_term_string"}}],"inLanguage":"es"},{"@type":"Organization","@id":"https:\/\/repliquemangacine.fr\/#organization","name":"R\u00e9plique Manga Cin\u00e9","url":"https:\/\/repliquemangacine.fr\/","logo":{"@type":"ImageObject","inLanguage":"es","@id":"https:\/\/repliquemangacine.fr\/#\/schema\/logo\/image\/","url":"https:\/\/repliquemangacine.fr\/wp-content\/uploads\/2023\/10\/RMC-500250.png","contentUrl":"https:\/\/repliquemangacine.fr\/wp-content\/uploads\/2023\/10\/RMC-500250.png","width":500,"height":250,"caption":"R\u00e9plique Manga Cin\u00e9"},"image":{"@id":"https:\/\/repliquemangacine.fr\/#\/schema\/logo\/image\/"},"sameAs":["https:\/\/www.facebook.com\/RepliqueMangaCine","https:\/\/www.instagram.com\/repliquemangacine.fr\/"]}]}},"_links":{"self":[{"href":"https:\/\/repliquemangacine.fr\/es\/wp-json\/wp\/v2\/product\/27724","targetHints":{"allow":["GET"]}}],"collection":[{"href":"https:\/\/repliquemangacine.fr\/es\/wp-json\/wp\/v2\/product"}],"about":[{"href":"https:\/\/repliquemangacine.fr\/es\/wp-json\/wp\/v2\/types\/product"}],"wp:featuredmedia":[{"embeddable":true,"href":"https:\/\/repliquemangacine.fr\/es\/wp-json\/wp\/v2\/media\/27725"}],"wp:attachment":[{"href":"https:\/\/repliquemangacine.fr\/es\/wp-json\/wp\/v2\/media?parent=27724"}],"wp:term":[{"taxonomy":"product_brand","embeddable":true,"href":"https:\/\/repliquemangacine.fr\/es\/wp-json\/wp\/v2\/product_brand?post=27724"},{"taxonomy":"product_cat","embeddable":true,"href":"https:\/\/repliquemangacine.fr\/es\/wp-json\/wp\/v2\/product_cat?post=27724"},{"taxonomy":"product_tag","embeddable":true,"href":"https:\/\/repliquemangacine.fr\/es\/wp-json\/wp\/v2\/product_tag?post=27724"}],"curies":[{"name":"wp","href":"https:\/\/api.w.org\/{rel}","templated":true}]}}