





{"id":27719,"date":"2018-03-22T17:38:45","date_gmt":"2018-03-22T16:38:45","guid":{"rendered":"https:\/\/repliquemangacine.fr\/?post_type=product&#038;p=27719"},"modified":"2026-01-22T07:18:25","modified_gmt":"2026-01-22T06:18:25","slug":"replica-de-sable-de-oficial-prusiano","status":"publish","type":"product","link":"https:\/\/repliquemangacine.fr\/es\/sabres-1er-empire\/replique-sabre-d-officiers-prussiens\/","title":{"rendered":"Sable de oficial prusiano"},"content":{"rendered":"<h2>Espada de oficiales prusianos del siglo XIX.<\/h2>\n<p>Para empezar, el <strong>Sable de oficial prusiano<\/strong>, llamado sable con cabeza de le\u00f3n debido a la forma particular de su pomo, es \u00fanicamente de colecci\u00f3n o para recreaciones sin combate.<\/p>\n<p>El Ej\u00e9rcito Real Prusiano es el ej\u00e9rcito del reino de Prusia. Estas fuerzas armadas son esenciales para la afirmaci\u00f3n de Brandeburgo como gran potencia europea.<\/p>\n<p>Fundada a partir de las d\u00e9biles fuerzas mercenarias de Brandeburgo durante la Guerra de los Treinta A\u00f1os. El ej\u00e9rcito qued\u00f3 superado al comienzo de las guerras napole\u00f3nicas. Entonces, los reformadores prusianos comenzaron a modernizar el ej\u00e9rcito, lo que contribuy\u00f3 en gran medida a la derrota de Napole\u00f3n I en la Guerra de la Sexta Coalici\u00f3n.<\/p>\n<p>Su ej\u00e9rcito se convierte en el n\u00facleo del Ej\u00e9rcito Imperial Alem\u00e1n y, tras la Primera Guerra Mundial, se transforma en la Reichswehr.<\/p>\n<h2>Tu Sable de Oficiales Prusianos al mejor precio.<\/h2>\n<p>Ofrecemos una amplia gama de reproducciones de armas hist\u00f3ricas<\/p>\n<p>Lo primero y m\u00e1s importante,<\/p>\n<ul>\n<li>Le <a href=\"https:\/\/repliquemangacine.fr\/es\/replica-de-armas-1er-imperio\/pistola-napoleon-zurda\/\">Pistola Napole\u00f3n de chispa<\/a> con el emblema de la N y su corona imperial. Especial para zurdos <a href=\"https:\/\/www.denix.fr\/fr\/accueil-fr\/\" target=\"_blank\" rel=\"noopener noreferrer\">Denix<\/a>.<\/li>\n<li>As\u00ed como el<a href=\"https:\/\/repliquemangacine.fr\/es\/espadas-del-i-imperio\/espada-de-ceremonia-napoleonica\/\">Espada de ceremonia napole\u00f3nica<\/a> con su famoso s\u00edmbolo del \u00e1guila.<\/li>\n<li>Tambi\u00e9n existe <a href=\"https:\/\/repliquemangacine.fr\/es\/accesorios-medievales\/soporte-de-pared-para-pistola-y-espada\/\">soporte de pared<\/a> dos piezas en forma de flor de lis para exponer sus pistolas, fusiles o espadas.<\/li>\n<li>Y muchos m\u00e1s por descubrir en nuestra tienda en l\u00ednea.<\/li>\n<\/ul>\n<p>Por eso hemos pensado en algunas ideas para regalar a los aficionados a la historia.<\/p>\n<p>En conclusi\u00f3n, tambi\u00e9n puede utilizar este <strong>Sable de oficial prusiano<\/strong> para sus recreaciones hist\u00f3ricas o representaciones teatrales. Pero, sobre todo, esta espada es una pieza de coleccionista y una pieza decorativa.<\/p>\n<h2>\u00bfC\u00f3mo se mantiene la hoja de su espada hist\u00f3rica?<\/h2>\n<p>Las espadas de colecci\u00f3n y decorativas se fabrican y ensamblan de forma simplificada. Como su uso es decorativo, no cuentan con los elementos de seguridad necesarios para una espada japonesa destinada al entrenamiento.<\/p>\n<p>Sin embargo, su <strong>Sable de oficial prusiano<\/strong> a una hoja de acero que hay que cuidar para evitar que se estropee con el tiempo. Cuando exponga su katana, sus amigos sentir\u00e1n curiosidad por ver la hoja y tocarla. Aqu\u00ed es donde hay que tener cuidado, ya que la acidez de los dedos es muy perjudicial para el acero, sea cual sea su calidad.<\/p>\n<p>Sin embargo, si esto ocurre, no te asustes, todo lo que necesitas es un pa\u00f1o humedecido con un poco de aceite y limpiar las huellas dactilares. Si haces esto, tu espada durar\u00e1 mucho tiempo.<\/p>","protected":false},"excerpt":{"rendered":"<p>R\u00e9plica del sable de los oficiales prusianos.<\/p>\n<ul>\n<li>Hoja de acero de alto carbono sin afilar.<\/li>\n<li>Protector de acero latonado.<\/li>\n<li>Pomo de cabeza de le\u00f3n de acero recubierto de lat\u00f3n<\/li>\n<li>Asa forrada en polipiel negra con hilo dorado.<\/li>\n<li>Vaina de metal.<\/li>\n<li>Longitud total:109 cm - Longitud de la hoja: 94 cm - Peso:1,5 kg<\/li>\n<\/ul>","protected":false},"featured_media":27720,"template":"","meta":[],"product_brand":[896],"product_cat":[25,37,74],"product_tag":[],"class_list":{"0":"post-27719","1":"product","2":"type-product","3":"status-publish","4":"has-post-thumbnail","6":"product_brand-replique-manga-cine","7":"product_cat-armes-historiques","8":"product_cat-premier-empire","9":"product_cat-sabres-1er-empire","11":"first","12":"instock","13":"taxable","14":"shipping-taxable","15":"purchasable","16":"product-type-simple"},"yoast_head":"<!-- This site is optimized with the Yoast SEO plugin v27.4 - https:\/\/yoast.com\/product\/yoast-seo-wordpress\/ -->\n<title>Sabre d&#039;officiers Prussiens - Vente Sabre T\u00eate de lion 19\u1d49 - RMC<\/title>\n<meta name=\"description\" content=\"D\u00e9couvrez le Sabre d&#039;officiers Prussiens du 19\u1d49 si\u00e8cle au meilleur prix - Lame en acier carbone - Poign\u00e9e en similicuir - Longueur totale : 109 cm\" \/>\n<meta name=\"robots\" content=\"index, follow, max-snippet:-1, max-image-preview:large, max-video-preview:-1\" \/>\n<link rel=\"canonical\" href=\"https:\/\/repliquemangacine.fr\/es\/espadas-del-i-imperio\/replica-de-sable-de-oficial-prusiano\/\" \/>\n<meta property=\"og:locale\" content=\"es_ES\" \/>\n<meta property=\"og:type\" content=\"article\" \/>\n<meta property=\"og:title\" content=\"Sabre d&#039;officiers Prussiens - Vente Sabre T\u00eate de lion 19\u1d49 - RMC\" \/>\n<meta property=\"og:description\" content=\"D\u00e9couvrez le Sabre d&#039;officiers Prussiens du 19\u1d49 si\u00e8cle au meilleur prix - Lame en acier carbone - Poign\u00e9e en similicuir - Longueur totale : 109 cm\" \/>\n<meta property=\"og:url\" content=\"https:\/\/repliquemangacine.fr\/es\/espadas-del-i-imperio\/replica-de-sable-de-oficial-prusiano\/\" \/>\n<meta property=\"og:site_name\" content=\"R\u00e9plique Manga Cin\u00e9\" \/>\n<meta property=\"article:publisher\" content=\"https:\/\/www.facebook.com\/RepliqueMangaCine\" \/>\n<meta property=\"article:modified_time\" content=\"2026-01-22T06:18:25+00:00\" \/>\n<meta property=\"og:image\" content=\"https:\/\/repliquemangacine.fr\/wp-content\/uploads\/2023\/10\/2484-Replique-Sabre-dofficiers-Prussiens-poignee.jpg\" \/>\n\t<meta property=\"og:image:width\" content=\"600\" \/>\n\t<meta property=\"og:image:height\" content=\"600\" \/>\n\t<meta property=\"og:image:type\" content=\"image\/jpeg\" \/>\n<meta name=\"twitter:card\" content=\"summary_large_image\" \/>\n<meta name=\"twitter:label1\" content=\"Tiempo de lectura\" \/>\n\t<meta name=\"twitter:data1\" content=\"2 minutos\" \/>\n<script type=\"application\/ld+json\" class=\"yoast-schema-graph\">{\"@context\":\"https:\\\/\\\/schema.org\",\"@graph\":[{\"@type\":\"WebPage\",\"@id\":\"https:\\\/\\\/repliquemangacine.fr\\\/sabres-1er-empire\\\/replique-sabre-d-officiers-prussiens\\\/\",\"url\":\"https:\\\/\\\/repliquemangacine.fr\\\/sabres-1er-empire\\\/replique-sabre-d-officiers-prussiens\\\/\",\"name\":\"Sabre d'officiers Prussiens - Vente Sabre T\u00eate de lion 19\u1d49 - RMC\",\"isPartOf\":{\"@id\":\"https:\\\/\\\/repliquemangacine.fr\\\/#website\"},\"primaryImageOfPage\":{\"@id\":\"https:\\\/\\\/repliquemangacine.fr\\\/sabres-1er-empire\\\/replique-sabre-d-officiers-prussiens\\\/#primaryimage\"},\"image\":{\"@id\":\"https:\\\/\\\/repliquemangacine.fr\\\/sabres-1er-empire\\\/replique-sabre-d-officiers-prussiens\\\/#primaryimage\"},\"thumbnailUrl\":\"https:\\\/\\\/repliquemangacine.fr\\\/wp-content\\\/uploads\\\/2023\\\/10\\\/2484-Replique-Sabre-dofficiers-Prussiens-poignee.jpg\",\"datePublished\":\"2018-03-22T16:38:45+00:00\",\"dateModified\":\"2026-01-22T06:18:25+00:00\",\"description\":\"D\u00e9couvrez le Sabre d'officiers Prussiens du 19\u1d49 si\u00e8cle au meilleur prix - Lame en acier carbone - Poign\u00e9e en similicuir - Longueur totale : 109 cm\",\"breadcrumb\":{\"@id\":\"https:\\\/\\\/repliquemangacine.fr\\\/sabres-1er-empire\\\/replique-sabre-d-officiers-prussiens\\\/#breadcrumb\"},\"inLanguage\":\"es\",\"potentialAction\":[{\"@type\":\"ReadAction\",\"target\":[\"https:\\\/\\\/repliquemangacine.fr\\\/sabres-1er-empire\\\/replique-sabre-d-officiers-prussiens\\\/\"]}]},{\"@type\":\"ImageObject\",\"inLanguage\":\"es\",\"@id\":\"https:\\\/\\\/repliquemangacine.fr\\\/sabres-1er-empire\\\/replique-sabre-d-officiers-prussiens\\\/#primaryimage\",\"url\":\"https:\\\/\\\/repliquemangacine.fr\\\/wp-content\\\/uploads\\\/2023\\\/10\\\/2484-Replique-Sabre-dofficiers-Prussiens-poignee.jpg\",\"contentUrl\":\"https:\\\/\\\/repliquemangacine.fr\\\/wp-content\\\/uploads\\\/2023\\\/10\\\/2484-Replique-Sabre-dofficiers-Prussiens-poignee.jpg\",\"width\":600,\"height\":600,\"caption\":\"Sabre d'officiers Prussiens\"},{\"@type\":\"BreadcrumbList\",\"@id\":\"https:\\\/\\\/repliquemangacine.fr\\\/sabres-1er-empire\\\/replique-sabre-d-officiers-prussiens\\\/#breadcrumb\",\"itemListElement\":[{\"@type\":\"ListItem\",\"position\":1,\"name\":\"Accueil\",\"item\":\"https:\\\/\\\/repliquemangacine.fr\\\/\"},{\"@type\":\"ListItem\",\"position\":2,\"name\":\"Produits\",\"item\":\"https:\\\/\\\/repliquemangacine.fr\\\/boutique\\\/\"},{\"@type\":\"ListItem\",\"position\":3,\"name\":\"Sabre d&#8217;officiers Prussiens\"}]},{\"@type\":\"WebSite\",\"@id\":\"https:\\\/\\\/repliquemangacine.fr\\\/#website\",\"url\":\"https:\\\/\\\/repliquemangacine.fr\\\/\",\"name\":\"R\u00e9plique Manga Cin\u00e9\",\"description\":\"\",\"publisher\":{\"@id\":\"https:\\\/\\\/repliquemangacine.fr\\\/#organization\"},\"potentialAction\":[{\"@type\":\"SearchAction\",\"target\":{\"@type\":\"EntryPoint\",\"urlTemplate\":\"https:\\\/\\\/repliquemangacine.fr\\\/?s={search_term_string}\"},\"query-input\":{\"@type\":\"PropertyValueSpecification\",\"valueRequired\":true,\"valueName\":\"search_term_string\"}}],\"inLanguage\":\"es\"},{\"@type\":\"Organization\",\"@id\":\"https:\\\/\\\/repliquemangacine.fr\\\/#organization\",\"name\":\"R\u00e9plique Manga Cin\u00e9\",\"url\":\"https:\\\/\\\/repliquemangacine.fr\\\/\",\"logo\":{\"@type\":\"ImageObject\",\"inLanguage\":\"es\",\"@id\":\"https:\\\/\\\/repliquemangacine.fr\\\/#\\\/schema\\\/logo\\\/image\\\/\",\"url\":\"https:\\\/\\\/repliquemangacine.fr\\\/wp-content\\\/uploads\\\/2023\\\/10\\\/RMC-500250.png\",\"contentUrl\":\"https:\\\/\\\/repliquemangacine.fr\\\/wp-content\\\/uploads\\\/2023\\\/10\\\/RMC-500250.png\",\"width\":500,\"height\":250,\"caption\":\"R\u00e9plique Manga Cin\u00e9\"},\"image\":{\"@id\":\"https:\\\/\\\/repliquemangacine.fr\\\/#\\\/schema\\\/logo\\\/image\\\/\"},\"sameAs\":[\"https:\\\/\\\/www.facebook.com\\\/RepliqueMangaCine\",\"https:\\\/\\\/www.instagram.com\\\/repliquemangacine.fr\\\/\"]}]}<\/script>\n<!-- \/ Yoast SEO plugin. -->","yoast_head_json":{"title":"Espada de oficiales prusianos - Venta Espada cabeza de le\u00f3n 19\u1d49 - RMC","description":"Descubre el sable de oficial prusiano del siglo 19\u1d49 al mejor precio - Hoja de acero al carbono - Empu\u00f1adura de polipiel - Longitud total: 109 cm.","robots":{"index":"index","follow":"follow","max-snippet":"max-snippet:-1","max-image-preview":"max-image-preview:large","max-video-preview":"max-video-preview:-1"},"canonical":"https:\/\/repliquemangacine.fr\/es\/espadas-del-i-imperio\/replica-de-sable-de-oficial-prusiano\/","og_locale":"es_ES","og_type":"article","og_title":"Sabre d'officiers Prussiens - Vente Sabre T\u00eate de lion 19\u1d49 - RMC","og_description":"D\u00e9couvrez le Sabre d'officiers Prussiens du 19\u1d49 si\u00e8cle au meilleur prix - Lame en acier carbone - Poign\u00e9e en similicuir - Longueur totale : 109 cm","og_url":"https:\/\/repliquemangacine.fr\/es\/espadas-del-i-imperio\/replica-de-sable-de-oficial-prusiano\/","og_site_name":"R\u00e9plique Manga Cin\u00e9","article_publisher":"https:\/\/www.facebook.com\/RepliqueMangaCine","article_modified_time":"2026-01-22T06:18:25+00:00","og_image":[{"width":600,"height":600,"url":"https:\/\/repliquemangacine.fr\/wp-content\/uploads\/2023\/10\/2484-Replique-Sabre-dofficiers-Prussiens-poignee.jpg","type":"image\/jpeg"}],"twitter_card":"summary_large_image","twitter_misc":{"Tiempo de lectura":"2 minutos"},"schema":{"@context":"https:\/\/schema.org","@graph":[{"@type":"WebPage","@id":"https:\/\/repliquemangacine.fr\/sabres-1er-empire\/replique-sabre-d-officiers-prussiens\/","url":"https:\/\/repliquemangacine.fr\/sabres-1er-empire\/replique-sabre-d-officiers-prussiens\/","name":"Espada de oficiales prusianos - Venta Espada cabeza de le\u00f3n 19\u1d49 - RMC","isPartOf":{"@id":"https:\/\/repliquemangacine.fr\/#website"},"primaryImageOfPage":{"@id":"https:\/\/repliquemangacine.fr\/sabres-1er-empire\/replique-sabre-d-officiers-prussiens\/#primaryimage"},"image":{"@id":"https:\/\/repliquemangacine.fr\/sabres-1er-empire\/replique-sabre-d-officiers-prussiens\/#primaryimage"},"thumbnailUrl":"https:\/\/repliquemangacine.fr\/wp-content\/uploads\/2023\/10\/2484-Replique-Sabre-dofficiers-Prussiens-poignee.jpg","datePublished":"2018-03-22T16:38:45+00:00","dateModified":"2026-01-22T06:18:25+00:00","description":"Descubre el sable de oficial prusiano del siglo 19\u1d49 al mejor precio - Hoja de acero al carbono - Empu\u00f1adura de polipiel - Longitud total: 109 cm.","breadcrumb":{"@id":"https:\/\/repliquemangacine.fr\/sabres-1er-empire\/replique-sabre-d-officiers-prussiens\/#breadcrumb"},"inLanguage":"es","potentialAction":[{"@type":"ReadAction","target":["https:\/\/repliquemangacine.fr\/sabres-1er-empire\/replique-sabre-d-officiers-prussiens\/"]}]},{"@type":"ImageObject","inLanguage":"es","@id":"https:\/\/repliquemangacine.fr\/sabres-1er-empire\/replique-sabre-d-officiers-prussiens\/#primaryimage","url":"https:\/\/repliquemangacine.fr\/wp-content\/uploads\/2023\/10\/2484-Replique-Sabre-dofficiers-Prussiens-poignee.jpg","contentUrl":"https:\/\/repliquemangacine.fr\/wp-content\/uploads\/2023\/10\/2484-Replique-Sabre-dofficiers-Prussiens-poignee.jpg","width":600,"height":600,"caption":"Sabre d'officiers Prussiens"},{"@type":"BreadcrumbList","@id":"https:\/\/repliquemangacine.fr\/sabres-1er-empire\/replique-sabre-d-officiers-prussiens\/#breadcrumb","itemListElement":[{"@type":"ListItem","position":1,"name":"Accueil","item":"https:\/\/repliquemangacine.fr\/"},{"@type":"ListItem","position":2,"name":"Produits","item":"https:\/\/repliquemangacine.fr\/boutique\/"},{"@type":"ListItem","position":3,"name":"Sabre d&#8217;officiers Prussiens"}]},{"@type":"WebSite","@id":"https:\/\/repliquemangacine.fr\/#website","url":"https:\/\/repliquemangacine.fr\/","name":"R\u00e9plique Manga Cin\u00e9","description":"","publisher":{"@id":"https:\/\/repliquemangacine.fr\/#organization"},"potentialAction":[{"@type":"SearchAction","target":{"@type":"EntryPoint","urlTemplate":"https:\/\/repliquemangacine.fr\/?s={search_term_string}"},"query-input":{"@type":"PropertyValueSpecification","valueRequired":true,"valueName":"search_term_string"}}],"inLanguage":"es"},{"@type":"Organization","@id":"https:\/\/repliquemangacine.fr\/#organization","name":"R\u00e9plique Manga Cin\u00e9","url":"https:\/\/repliquemangacine.fr\/","logo":{"@type":"ImageObject","inLanguage":"es","@id":"https:\/\/repliquemangacine.fr\/#\/schema\/logo\/image\/","url":"https:\/\/repliquemangacine.fr\/wp-content\/uploads\/2023\/10\/RMC-500250.png","contentUrl":"https:\/\/repliquemangacine.fr\/wp-content\/uploads\/2023\/10\/RMC-500250.png","width":500,"height":250,"caption":"R\u00e9plique Manga Cin\u00e9"},"image":{"@id":"https:\/\/repliquemangacine.fr\/#\/schema\/logo\/image\/"},"sameAs":["https:\/\/www.facebook.com\/RepliqueMangaCine","https:\/\/www.instagram.com\/repliquemangacine.fr\/"]}]}},"_links":{"self":[{"href":"https:\/\/repliquemangacine.fr\/es\/wp-json\/wp\/v2\/product\/27719","targetHints":{"allow":["GET"]}}],"collection":[{"href":"https:\/\/repliquemangacine.fr\/es\/wp-json\/wp\/v2\/product"}],"about":[{"href":"https:\/\/repliquemangacine.fr\/es\/wp-json\/wp\/v2\/types\/product"}],"wp:featuredmedia":[{"embeddable":true,"href":"https:\/\/repliquemangacine.fr\/es\/wp-json\/wp\/v2\/media\/27720"}],"wp:attachment":[{"href":"https:\/\/repliquemangacine.fr\/es\/wp-json\/wp\/v2\/media?parent=27719"}],"wp:term":[{"taxonomy":"product_brand","embeddable":true,"href":"https:\/\/repliquemangacine.fr\/es\/wp-json\/wp\/v2\/product_brand?post=27719"},{"taxonomy":"product_cat","embeddable":true,"href":"https:\/\/repliquemangacine.fr\/es\/wp-json\/wp\/v2\/product_cat?post=27719"},{"taxonomy":"product_tag","embeddable":true,"href":"https:\/\/repliquemangacine.fr\/es\/wp-json\/wp\/v2\/product_tag?post=27719"}],"curies":[{"name":"wp","href":"https:\/\/api.w.org\/{rel}","templated":true}]}}