





{"id":27714,"date":"2018-03-15T19:03:41","date_gmt":"2018-03-15T18:03:41","guid":{"rendered":"https:\/\/repliquemangacine.fr\/?post_type=product&#038;p=27714"},"modified":"2025-09-23T18:01:59","modified_gmt":"2025-09-23T16:01:59","slug":"blucher-m1811-sable-de-caballeria-prusiano","status":"publish","type":"product","link":"https:\/\/repliquemangacine.fr\/es\/sabres-1er-empire\/sabre-blucher-m1811-sabre-de-cavalerie-prussienne\/","title":{"rendered":"Sable Bl\u00fccher M1811"},"content":{"rendered":"<h2>Bl\u00fccher M1811- Sable de caballer\u00eda prusiano.<\/h2>\n<p>Para empezar, el <strong>Sable Bl\u00fccher M1811<\/strong>, dise\u00f1ado seg\u00fan el modelo de una espada inglesa utilizada por los Light Dragoons a partir de 1796. Gebhard Leberecht von Bl\u00fccher, general alem\u00e1n, fue el comandante m\u00e1s popular durante la campa\u00f1a de Alemania contra Napole\u00f3n. En 1826, la ciudad de Berl\u00edn erigi\u00f3 una estatua en su memoria: su efigie sostiene la empu\u00f1adura de un sable M 1811, inclinada hacia el suelo.<\/p>\n<p>Esta espada era el arma est\u00e1ndar de la caballer\u00eda ligera prusiana en 1813\/14. Los h\u00fasares prusianos, as\u00ed como los dragones, los ulanos y los artilleros de la artiller\u00eda a caballo, estaban equipados con espadas Bl\u00fccher.<\/p>\n<p>El Ej\u00e9rcito Real Prusiano es el ej\u00e9rcito del reino de Prusia. Estas fuerzas armadas son esenciales para la afirmaci\u00f3n de Brandeburgo como gran potencia europea.<\/p>\n<h2>Tu Bl\u00fccher M1811 Sabre al mejor precio.<\/h2>\n<p>Ofrecemos una amplia gama de reproducciones de armas hist\u00f3ricas<\/p>\n<p>Lo primero y m\u00e1s importante,<\/p>\n<ul>\n<li>Magn\u00edfica reproducci\u00f3n del <a href=\"https:\/\/repliquemangacine.fr\/es\/espadas-del-i-imperio\/sable-ordre-militaire-saint-georges\/\">sable de la orden militar de San Jorge<\/a>Rusia 1913, firmado <a href=\"https:\/\/www.denix.fr\/fr\/catalogue\/armes-historiques-s-xvi-xix\/sabres\/4191\/\" target=\"_blank\" rel=\"noopener noreferrer\">Denix<\/a>.<\/li>\n<li>As\u00ed como el <a href=\"https:\/\/repliquemangacine.fr\/es\/espadas-del-i-imperio\/sable-mameluco-marines-de-ee-uu\/\">Espada mameluca<\/a> US Marines, espada de oficial United States Marines Corp.<\/li>\n<li>Tambi\u00e9n existe <a href=\"https:\/\/repliquemangacine.fr\/es\/accesorios-medievales\/soporte-de-pared-para-pistola-y-espada\/\">soporte de pared<\/a> dos piezas en forma de flor de lis.<\/li>\n<li>Y muchos m\u00e1s por descubrir en nuestra tienda en l\u00ednea.<\/li>\n<\/ul>\n<p>Por eso hemos pensado en algunas ideas para regalar a los aficionados a la historia.<\/p>\n<p>En conclusi\u00f3n, tambi\u00e9n puede utilizar este <strong>Sable Bl\u00fccher M1811<\/strong> para sus recreaciones hist\u00f3ricas o representaciones teatrales. Pero, sobre todo, es un objeto de coleccionista y una pieza decorativa.<\/p>\n<h2>\u00bfC\u00f3mo se mantiene la hoja de su espada hist\u00f3rica?<\/h2>\n<p>Las espadas de colecci\u00f3n y decorativas se fabrican y ensamblan de forma simplificada. Como su uso es decorativo, no cuentan con los elementos de seguridad necesarios para una espada japonesa destinada al entrenamiento.<\/p>\n<p>Sin embargo, su <strong>Sable Bl\u00fccher M1811<\/strong> a una hoja de acero que hay que cuidar para evitar que se estropee con el tiempo. Cuando exponga su katana, sus amigos sentir\u00e1n curiosidad por ver la hoja y tocarla. Aqu\u00ed es donde hay que tener cuidado, ya que la acidez de los dedos es muy perjudicial para el acero, sea cual sea su calidad.<\/p>\n<p>Sin embargo, si esto ocurre, no te asustes, todo lo que necesitas es un pa\u00f1o humedecido con un poco de aceite y limpiar las huellas dactilares. Si haces esto, tu espada durar\u00e1 mucho tiempo.<\/p>","protected":false},"excerpt":{"rendered":"<p>Sable de caballer\u00eda prusiano, modelo M 1811, conocido como sable Bl\u00fccher.<\/p>\n<ul>\n<li>Hoja forjada de acero con alto contenido en carbono.<\/li>\n<li>Cuidadosamente pulido, no afilado.<\/li>\n<li>Guarda de acero.<\/li>\n<li>Mango recubierto de cuero.<\/li>\n<li>Vaina de acero.<\/li>\n<li>Longitud total: 100 cm - Longitud de la hoja: 85 cm - Peso: 1,05 kg.<\/li>\n<\/ul>","protected":false},"featured_media":27715,"template":"","meta":[],"product_brand":[896],"product_cat":[25,37,74],"product_tag":[],"class_list":{"0":"post-27714","1":"product","2":"type-product","3":"status-publish","4":"has-post-thumbnail","6":"product_brand-replique-manga-cine","7":"product_cat-armes-historiques","8":"product_cat-premier-empire","9":"product_cat-sabres-1er-empire","11":"first","12":"instock","13":"taxable","14":"shipping-taxable","15":"purchasable","16":"product-type-simple"},"yoast_head":"<!-- This site is optimized with the Yoast SEO plugin v27.4 - https:\/\/yoast.com\/product\/yoast-seo-wordpress\/ -->\n<title>Sabre Bl\u00fccher M1811 - Vente \u00e9p\u00e9e de Cavalerie - RMC<\/title>\n<meta name=\"description\" content=\"Offrez-lui ce Sabre Bl\u00fccher M1811 au meilleur prix - Lame en acier carbone forg\u00e9e - Poign\u00e9e cuir - Garde m\u00e9tal - Fourreau acier - Longueur totale : 100 cm\" \/>\n<meta name=\"robots\" content=\"index, follow, max-snippet:-1, max-image-preview:large, max-video-preview:-1\" \/>\n<link rel=\"canonical\" href=\"https:\/\/repliquemangacine.fr\/es\/espadas-del-i-imperio\/blucher-m1811-sable-de-caballeria-prusiano\/\" \/>\n<meta property=\"og:locale\" content=\"es_ES\" \/>\n<meta property=\"og:type\" content=\"article\" \/>\n<meta property=\"og:title\" content=\"Sabre Bl\u00fccher M1811 - Vente \u00e9p\u00e9e de Cavalerie - RMC\" \/>\n<meta property=\"og:description\" content=\"Offrez-lui ce Sabre Bl\u00fccher M1811 au meilleur prix - Lame en acier carbone forg\u00e9e - Poign\u00e9e cuir - Garde m\u00e9tal - Fourreau acier - Longueur totale : 100 cm\" \/>\n<meta property=\"og:url\" content=\"https:\/\/repliquemangacine.fr\/es\/espadas-del-i-imperio\/blucher-m1811-sable-de-caballeria-prusiano\/\" \/>\n<meta property=\"og:site_name\" content=\"R\u00e9plique Manga Cin\u00e9\" \/>\n<meta property=\"article:publisher\" content=\"https:\/\/www.facebook.com\/RepliqueMangaCine\" \/>\n<meta property=\"article:modified_time\" content=\"2025-09-23T16:01:59+00:00\" \/>\n<meta property=\"og:image\" content=\"https:\/\/repliquemangacine.fr\/wp-content\/uploads\/2023\/10\/2479-Sabre-de-cavalerie-prussienne-M-1811-dit-Blucher-Sabrefourreau.jpg\" \/>\n\t<meta property=\"og:image:width\" content=\"600\" \/>\n\t<meta property=\"og:image:height\" content=\"600\" \/>\n\t<meta property=\"og:image:type\" content=\"image\/jpeg\" \/>\n<meta name=\"twitter:card\" content=\"summary_large_image\" \/>\n<meta name=\"twitter:label1\" content=\"Tiempo de lectura\" \/>\n\t<meta name=\"twitter:data1\" content=\"2 minutos\" \/>\n<script type=\"application\/ld+json\" class=\"yoast-schema-graph\">{\"@context\":\"https:\\\/\\\/schema.org\",\"@graph\":[{\"@type\":\"WebPage\",\"@id\":\"https:\\\/\\\/repliquemangacine.fr\\\/sabres-1er-empire\\\/sabre-blucher-m1811-sabre-de-cavalerie-prussienne\\\/\",\"url\":\"https:\\\/\\\/repliquemangacine.fr\\\/sabres-1er-empire\\\/sabre-blucher-m1811-sabre-de-cavalerie-prussienne\\\/\",\"name\":\"Sabre Bl\u00fccher M1811 - Vente \u00e9p\u00e9e de Cavalerie - RMC\",\"isPartOf\":{\"@id\":\"https:\\\/\\\/repliquemangacine.fr\\\/#website\"},\"primaryImageOfPage\":{\"@id\":\"https:\\\/\\\/repliquemangacine.fr\\\/sabres-1er-empire\\\/sabre-blucher-m1811-sabre-de-cavalerie-prussienne\\\/#primaryimage\"},\"image\":{\"@id\":\"https:\\\/\\\/repliquemangacine.fr\\\/sabres-1er-empire\\\/sabre-blucher-m1811-sabre-de-cavalerie-prussienne\\\/#primaryimage\"},\"thumbnailUrl\":\"https:\\\/\\\/repliquemangacine.fr\\\/wp-content\\\/uploads\\\/2023\\\/10\\\/2479-Sabre-de-cavalerie-prussienne-M-1811-dit-Blucher-Sabrefourreau.jpg\",\"datePublished\":\"2018-03-15T18:03:41+00:00\",\"dateModified\":\"2025-09-23T16:01:59+00:00\",\"description\":\"Offrez-lui ce Sabre Bl\u00fccher M1811 au meilleur prix - Lame en acier carbone forg\u00e9e - Poign\u00e9e cuir - Garde m\u00e9tal - Fourreau acier - Longueur totale : 100 cm\",\"breadcrumb\":{\"@id\":\"https:\\\/\\\/repliquemangacine.fr\\\/sabres-1er-empire\\\/sabre-blucher-m1811-sabre-de-cavalerie-prussienne\\\/#breadcrumb\"},\"inLanguage\":\"es\",\"potentialAction\":[{\"@type\":\"ReadAction\",\"target\":[\"https:\\\/\\\/repliquemangacine.fr\\\/sabres-1er-empire\\\/sabre-blucher-m1811-sabre-de-cavalerie-prussienne\\\/\"]}]},{\"@type\":\"ImageObject\",\"inLanguage\":\"es\",\"@id\":\"https:\\\/\\\/repliquemangacine.fr\\\/sabres-1er-empire\\\/sabre-blucher-m1811-sabre-de-cavalerie-prussienne\\\/#primaryimage\",\"url\":\"https:\\\/\\\/repliquemangacine.fr\\\/wp-content\\\/uploads\\\/2023\\\/10\\\/2479-Sabre-de-cavalerie-prussienne-M-1811-dit-Blucher-Sabrefourreau.jpg\",\"contentUrl\":\"https:\\\/\\\/repliquemangacine.fr\\\/wp-content\\\/uploads\\\/2023\\\/10\\\/2479-Sabre-de-cavalerie-prussienne-M-1811-dit-Blucher-Sabrefourreau.jpg\",\"width\":600,\"height\":600,\"caption\":\"Sabre de cavalerie prussienne M 1811, dit Bl\u00fccher Sabre+fourreau\"},{\"@type\":\"BreadcrumbList\",\"@id\":\"https:\\\/\\\/repliquemangacine.fr\\\/sabres-1er-empire\\\/sabre-blucher-m1811-sabre-de-cavalerie-prussienne\\\/#breadcrumb\",\"itemListElement\":[{\"@type\":\"ListItem\",\"position\":1,\"name\":\"Accueil\",\"item\":\"https:\\\/\\\/repliquemangacine.fr\\\/\"},{\"@type\":\"ListItem\",\"position\":2,\"name\":\"Produits\",\"item\":\"https:\\\/\\\/repliquemangacine.fr\\\/boutique\\\/\"},{\"@type\":\"ListItem\",\"position\":3,\"name\":\"Sabre Bl\u00fccher M1811\"}]},{\"@type\":\"WebSite\",\"@id\":\"https:\\\/\\\/repliquemangacine.fr\\\/#website\",\"url\":\"https:\\\/\\\/repliquemangacine.fr\\\/\",\"name\":\"R\u00e9plique Manga Cin\u00e9\",\"description\":\"\",\"publisher\":{\"@id\":\"https:\\\/\\\/repliquemangacine.fr\\\/#organization\"},\"potentialAction\":[{\"@type\":\"SearchAction\",\"target\":{\"@type\":\"EntryPoint\",\"urlTemplate\":\"https:\\\/\\\/repliquemangacine.fr\\\/?s={search_term_string}\"},\"query-input\":{\"@type\":\"PropertyValueSpecification\",\"valueRequired\":true,\"valueName\":\"search_term_string\"}}],\"inLanguage\":\"es\"},{\"@type\":\"Organization\",\"@id\":\"https:\\\/\\\/repliquemangacine.fr\\\/#organization\",\"name\":\"R\u00e9plique Manga Cin\u00e9\",\"url\":\"https:\\\/\\\/repliquemangacine.fr\\\/\",\"logo\":{\"@type\":\"ImageObject\",\"inLanguage\":\"es\",\"@id\":\"https:\\\/\\\/repliquemangacine.fr\\\/#\\\/schema\\\/logo\\\/image\\\/\",\"url\":\"https:\\\/\\\/repliquemangacine.fr\\\/wp-content\\\/uploads\\\/2023\\\/10\\\/RMC-500250.png\",\"contentUrl\":\"https:\\\/\\\/repliquemangacine.fr\\\/wp-content\\\/uploads\\\/2023\\\/10\\\/RMC-500250.png\",\"width\":500,\"height\":250,\"caption\":\"R\u00e9plique Manga Cin\u00e9\"},\"image\":{\"@id\":\"https:\\\/\\\/repliquemangacine.fr\\\/#\\\/schema\\\/logo\\\/image\\\/\"},\"sameAs\":[\"https:\\\/\\\/www.facebook.com\\\/RepliqueMangaCine\",\"https:\\\/\\\/www.instagram.com\\\/repliquemangacine.fr\\\/\"]}]}<\/script>\n<!-- \/ Yoast SEO plugin. -->","yoast_head_json":{"title":"Sable Bl\u00fccher M1811 - Venta de Espadas de Caballer\u00eda - RMC","description":"Reg\u00e1lele este sable Bl\u00fccher M1811 al mejor precio - Hoja de acero al carbono forjada - Empu\u00f1adura de cuero - Guarda de metal - Vaina de acero - Longitud total: 100 cm","robots":{"index":"index","follow":"follow","max-snippet":"max-snippet:-1","max-image-preview":"max-image-preview:large","max-video-preview":"max-video-preview:-1"},"canonical":"https:\/\/repliquemangacine.fr\/es\/espadas-del-i-imperio\/blucher-m1811-sable-de-caballeria-prusiano\/","og_locale":"es_ES","og_type":"article","og_title":"Sabre Bl\u00fccher M1811 - Vente \u00e9p\u00e9e de Cavalerie - RMC","og_description":"Offrez-lui ce Sabre Bl\u00fccher M1811 au meilleur prix - Lame en acier carbone forg\u00e9e - Poign\u00e9e cuir - Garde m\u00e9tal - Fourreau acier - Longueur totale : 100 cm","og_url":"https:\/\/repliquemangacine.fr\/es\/espadas-del-i-imperio\/blucher-m1811-sable-de-caballeria-prusiano\/","og_site_name":"R\u00e9plique Manga Cin\u00e9","article_publisher":"https:\/\/www.facebook.com\/RepliqueMangaCine","article_modified_time":"2025-09-23T16:01:59+00:00","og_image":[{"width":600,"height":600,"url":"https:\/\/repliquemangacine.fr\/wp-content\/uploads\/2023\/10\/2479-Sabre-de-cavalerie-prussienne-M-1811-dit-Blucher-Sabrefourreau.jpg","type":"image\/jpeg"}],"twitter_card":"summary_large_image","twitter_misc":{"Tiempo de lectura":"2 minutos"},"schema":{"@context":"https:\/\/schema.org","@graph":[{"@type":"WebPage","@id":"https:\/\/repliquemangacine.fr\/sabres-1er-empire\/sabre-blucher-m1811-sabre-de-cavalerie-prussienne\/","url":"https:\/\/repliquemangacine.fr\/sabres-1er-empire\/sabre-blucher-m1811-sabre-de-cavalerie-prussienne\/","name":"Sable Bl\u00fccher M1811 - Venta de Espadas de Caballer\u00eda - RMC","isPartOf":{"@id":"https:\/\/repliquemangacine.fr\/#website"},"primaryImageOfPage":{"@id":"https:\/\/repliquemangacine.fr\/sabres-1er-empire\/sabre-blucher-m1811-sabre-de-cavalerie-prussienne\/#primaryimage"},"image":{"@id":"https:\/\/repliquemangacine.fr\/sabres-1er-empire\/sabre-blucher-m1811-sabre-de-cavalerie-prussienne\/#primaryimage"},"thumbnailUrl":"https:\/\/repliquemangacine.fr\/wp-content\/uploads\/2023\/10\/2479-Sabre-de-cavalerie-prussienne-M-1811-dit-Blucher-Sabrefourreau.jpg","datePublished":"2018-03-15T18:03:41+00:00","dateModified":"2025-09-23T16:01:59+00:00","description":"Reg\u00e1lele este sable Bl\u00fccher M1811 al mejor precio - Hoja de acero al carbono forjada - Empu\u00f1adura de cuero - Guarda de metal - Vaina de acero - Longitud total: 100 cm","breadcrumb":{"@id":"https:\/\/repliquemangacine.fr\/sabres-1er-empire\/sabre-blucher-m1811-sabre-de-cavalerie-prussienne\/#breadcrumb"},"inLanguage":"es","potentialAction":[{"@type":"ReadAction","target":["https:\/\/repliquemangacine.fr\/sabres-1er-empire\/sabre-blucher-m1811-sabre-de-cavalerie-prussienne\/"]}]},{"@type":"ImageObject","inLanguage":"es","@id":"https:\/\/repliquemangacine.fr\/sabres-1er-empire\/sabre-blucher-m1811-sabre-de-cavalerie-prussienne\/#primaryimage","url":"https:\/\/repliquemangacine.fr\/wp-content\/uploads\/2023\/10\/2479-Sabre-de-cavalerie-prussienne-M-1811-dit-Blucher-Sabrefourreau.jpg","contentUrl":"https:\/\/repliquemangacine.fr\/wp-content\/uploads\/2023\/10\/2479-Sabre-de-cavalerie-prussienne-M-1811-dit-Blucher-Sabrefourreau.jpg","width":600,"height":600,"caption":"Sabre de cavalerie prussienne M 1811, dit Bl\u00fccher Sabre+fourreau"},{"@type":"BreadcrumbList","@id":"https:\/\/repliquemangacine.fr\/sabres-1er-empire\/sabre-blucher-m1811-sabre-de-cavalerie-prussienne\/#breadcrumb","itemListElement":[{"@type":"ListItem","position":1,"name":"Accueil","item":"https:\/\/repliquemangacine.fr\/"},{"@type":"ListItem","position":2,"name":"Produits","item":"https:\/\/repliquemangacine.fr\/boutique\/"},{"@type":"ListItem","position":3,"name":"Sabre Bl\u00fccher M1811"}]},{"@type":"WebSite","@id":"https:\/\/repliquemangacine.fr\/#website","url":"https:\/\/repliquemangacine.fr\/","name":"R\u00e9plique Manga Cin\u00e9","description":"","publisher":{"@id":"https:\/\/repliquemangacine.fr\/#organization"},"potentialAction":[{"@type":"SearchAction","target":{"@type":"EntryPoint","urlTemplate":"https:\/\/repliquemangacine.fr\/?s={search_term_string}"},"query-input":{"@type":"PropertyValueSpecification","valueRequired":true,"valueName":"search_term_string"}}],"inLanguage":"es"},{"@type":"Organization","@id":"https:\/\/repliquemangacine.fr\/#organization","name":"R\u00e9plique Manga Cin\u00e9","url":"https:\/\/repliquemangacine.fr\/","logo":{"@type":"ImageObject","inLanguage":"es","@id":"https:\/\/repliquemangacine.fr\/#\/schema\/logo\/image\/","url":"https:\/\/repliquemangacine.fr\/wp-content\/uploads\/2023\/10\/RMC-500250.png","contentUrl":"https:\/\/repliquemangacine.fr\/wp-content\/uploads\/2023\/10\/RMC-500250.png","width":500,"height":250,"caption":"R\u00e9plique Manga Cin\u00e9"},"image":{"@id":"https:\/\/repliquemangacine.fr\/#\/schema\/logo\/image\/"},"sameAs":["https:\/\/www.facebook.com\/RepliqueMangaCine","https:\/\/www.instagram.com\/repliquemangacine.fr\/"]}]}},"_links":{"self":[{"href":"https:\/\/repliquemangacine.fr\/es\/wp-json\/wp\/v2\/product\/27714","targetHints":{"allow":["GET"]}}],"collection":[{"href":"https:\/\/repliquemangacine.fr\/es\/wp-json\/wp\/v2\/product"}],"about":[{"href":"https:\/\/repliquemangacine.fr\/es\/wp-json\/wp\/v2\/types\/product"}],"wp:featuredmedia":[{"embeddable":true,"href":"https:\/\/repliquemangacine.fr\/es\/wp-json\/wp\/v2\/media\/27715"}],"wp:attachment":[{"href":"https:\/\/repliquemangacine.fr\/es\/wp-json\/wp\/v2\/media?parent=27714"}],"wp:term":[{"taxonomy":"product_brand","embeddable":true,"href":"https:\/\/repliquemangacine.fr\/es\/wp-json\/wp\/v2\/product_brand?post=27714"},{"taxonomy":"product_cat","embeddable":true,"href":"https:\/\/repliquemangacine.fr\/es\/wp-json\/wp\/v2\/product_cat?post=27714"},{"taxonomy":"product_tag","embeddable":true,"href":"https:\/\/repliquemangacine.fr\/es\/wp-json\/wp\/v2\/product_tag?post=27714"}],"curies":[{"name":"wp","href":"https:\/\/api.w.org\/{rel}","templated":true}]}}