





{"id":27708,"date":"2018-03-15T17:07:57","date_gmt":"2018-03-15T16:07:57","guid":{"rendered":"https:\/\/repliquemangacine.fr\/?post_type=product&#038;p=27708"},"modified":"2026-03-31T10:04:55","modified_gmt":"2026-03-31T08:04:55","slug":"sable-de-caballeria-estadounidense-del-siglo-xix","status":"publish","type":"product","link":"https:\/\/repliquemangacine.fr\/es\/sabres-1er-empire\/sabre-de-cavalerie-us-19eme-siecle\/","title":{"rendered":"Sable de caballer\u00eda estadounidense del siglo XIX"},"content":{"rendered":"<h2>Sable de caballer\u00eda estadounidense del siglo XIX<\/h2>\n<p>Para empezar, el <strong>Sable de caballer\u00eda estadounidense<\/strong>, utilizado por los sure\u00f1os durante la Guerra Civil estadounidense. Ideal para recreaciones hist\u00f3ricas, pero no apto para el combate.<\/p>\n<p>La <a href=\"https:\/\/www.histoire-pour-tous.fr\/dossiers\/241-la-guerre-de-secession.html\" target=\"_blank\" rel=\"noopener noreferrer\">Guerra Civil Americana<\/a> Es una sangrienta guerra civil que tuvo lugar entre 1861 y 1865 en los Estados Unidos, entre los norte\u00f1os (Uni\u00f3n) y los sure\u00f1os (Confederados).  A\u00fan hoy sigue siendo la guerra m\u00e1s mort\u00edfera de la historia de los Estados Unidos de Am\u00e9rica.<\/p>\n<p>La cuesti\u00f3n de la abolici\u00f3n de la esclavitud en los estados del sur fue uno de los principales motivos desencadenantes. Esta guerra, conocida en Norteam\u00e9rica como \u201dCivil War\u201d, desgarr\u00f3 a los Estados Unidos durante cuatro a\u00f1os y caus\u00f3 617 000 muertos entre los combatientes, mucho m\u00e1s que cualquier otra guerra en la que haya participado el pa\u00eds, incluidas las dos guerras mundiales.<\/p>\n<h2>Tu Sable de Caballer\u00eda de los EEUU al mejor precio.<\/h2>\n<p>Ofrecemos una amplia gama de reproducciones de armas hist\u00f3ricas<\/p>\n<p>Lo primero y m\u00e1s importante,<\/p>\n<ul>\n<li>El sable de caballer\u00eda de 1860, tambi\u00e9n conocido como <a href=\"https:\/\/repliquemangacine.fr\/es\/espadas-del-i-imperio\/sable-de-caballeria-estadounidense-1860\/\">M1862<\/a>utilizado por la caballer\u00eda americana.<\/li>\n<li>As\u00ed como el sable de caballer\u00eda prusiano, modelo M 1811, conocido como el <a href=\"https:\/\/repliquemangacine.fr\/es\/espadas-del-i-imperio\/blucher-m1811-sable-de-caballeria-prusiano\/\">Bl\u00fccher Sabre<\/a>.<\/li>\n<li>Tambi\u00e9n existe la <a href=\"https:\/\/repliquemangacine.fr\/es\/espadas-del-i-imperio\/sabre-marine-m1859-nco-usa-united-cutlery\/\">Espada marina ceremonial<\/a>. Espada ceremonial bajo licencia oficial U.S.M.C.<\/li>\n<li>Y muchos m\u00e1s por descubrir en nuestra tienda en l\u00ednea.<\/li>\n<\/ul>\n<p>Por eso hemos pensado en algunas ideas para regalar a los aficionados a la historia.<\/p>\n<p>En conclusi\u00f3n, tambi\u00e9n puede utilizar este <strong>Sable de caballer\u00eda estadounidense<\/strong> para sus recreaciones hist\u00f3ricas. Pero sobre todo, esta espada confederada es una pieza de coleccionista y una pieza decorativa.<\/p>\n<h2>\u00bfC\u00f3mo se mantiene la hoja de su espada hist\u00f3rica?<\/h2>\n<p>Las espadas de colecci\u00f3n y decorativas se fabrican y ensamblan de forma simplificada. Como su uso es decorativo, no cuentan con los elementos de seguridad necesarios para una espada japonesa destinada al entrenamiento.<\/p>\n<p>Sin embargo, su <strong>Sable de caballer\u00eda estadounidense<\/strong> a una hoja de acero que hay que cuidar para evitar que se estropee con el tiempo. Cuando exponga su katana, sus amigos sentir\u00e1n curiosidad por ver la hoja y tocarla. Aqu\u00ed es donde hay que tener cuidado, ya que la acidez de los dedos es muy perjudicial para el acero, sea cual sea su calidad.<\/p>\n<p>Sin embargo, si esto ocurre, no te asustes, todo lo que necesitas es un pa\u00f1o humedecido con un poco de aceite y limpiar las huellas dactilares. Si haces esto, tu espada durar\u00e1 mucho tiempo.<\/p>","protected":false},"excerpt":{"rendered":"<p>Sable de caballer\u00eda estadounidense del siglo XIX.<\/p>\n<ul>\n<li>Hoja de acero al carbono forjado (sin afilar).<\/li>\n<li>Empu\u00f1adura de lat\u00f3n de cuatro puntas.<\/li>\n<li>Asa adornada con hilo de oro.<\/li>\n<li>Vaina de acero inoxidable.<\/li>\n<li>Longitud total :107 cm - Longitud de la hoja :91.5 cm - Peso : 1300grs<\/li>\n<\/ul>\n<p><strong>\u00a0<\/strong><\/p>","protected":false},"featured_media":27709,"template":"","meta":[],"product_brand":[896],"product_cat":[25,37,74],"product_tag":[],"class_list":{"0":"post-27708","1":"product","2":"type-product","3":"status-publish","4":"has-post-thumbnail","6":"product_brand-replique-manga-cine","7":"product_cat-armes-historiques","8":"product_cat-premier-empire","9":"product_cat-sabres-1er-empire","11":"first","12":"outofstock","13":"taxable","14":"shipping-taxable","15":"purchasable","16":"product-type-simple"},"yoast_head":"<!-- This site is optimized with the Yoast SEO plugin v27.4 - https:\/\/yoast.com\/product\/yoast-seo-wordpress\/ -->\n<title>Sabre de Cavalerie US - Vente Sabre Guerre de S\u00e9cession - RMC<\/title>\n<meta name=\"description\" content=\"D\u00e9couvrez ce Sabre de Cavalerie US au meilleur prix - Lame forg\u00e9e main en acier carbone - Garde en laiton - Fourreau acier inox - Longueur totale : 107 cm\" \/>\n<meta name=\"robots\" content=\"index, follow, max-snippet:-1, max-image-preview:large, max-video-preview:-1\" \/>\n<link rel=\"canonical\" href=\"https:\/\/repliquemangacine.fr\/es\/espadas-del-i-imperio\/sable-de-caballeria-estadounidense-del-siglo-xix\/\" \/>\n<meta property=\"og:locale\" content=\"es_ES\" \/>\n<meta property=\"og:type\" content=\"article\" \/>\n<meta property=\"og:title\" content=\"Sabre de Cavalerie US - Vente Sabre Guerre de S\u00e9cession - RMC\" \/>\n<meta property=\"og:description\" content=\"D\u00e9couvrez ce Sabre de Cavalerie US au meilleur prix - Lame forg\u00e9e main en acier carbone - Garde en laiton - Fourreau acier inox - Longueur totale : 107 cm\" \/>\n<meta property=\"og:url\" content=\"https:\/\/repliquemangacine.fr\/es\/espadas-del-i-imperio\/sable-de-caballeria-estadounidense-del-siglo-xix\/\" \/>\n<meta property=\"og:site_name\" content=\"R\u00e9plique Manga Cin\u00e9\" \/>\n<meta property=\"article:publisher\" content=\"https:\/\/www.facebook.com\/RepliqueMangaCine\" \/>\n<meta property=\"article:modified_time\" content=\"2026-03-31T08:04:55+00:00\" \/>\n<meta property=\"og:image\" content=\"https:\/\/repliquemangacine.fr\/wp-content\/uploads\/2023\/10\/2474-Replique-Sabre-de-Cavalerie-US-19eme-Sieclepoignee.jpg\" \/>\n\t<meta property=\"og:image:width\" content=\"600\" \/>\n\t<meta property=\"og:image:height\" content=\"600\" \/>\n\t<meta property=\"og:image:type\" content=\"image\/jpeg\" \/>\n<meta name=\"twitter:card\" content=\"summary_large_image\" \/>\n<meta name=\"twitter:label1\" content=\"Tiempo de lectura\" \/>\n\t<meta name=\"twitter:data1\" content=\"2 minutos\" \/>\n<script type=\"application\/ld+json\" class=\"yoast-schema-graph\">{\"@context\":\"https:\\\/\\\/schema.org\",\"@graph\":[{\"@type\":\"WebPage\",\"@id\":\"https:\\\/\\\/repliquemangacine.fr\\\/sabres-1er-empire\\\/sabre-de-cavalerie-us-19eme-siecle\\\/\",\"url\":\"https:\\\/\\\/repliquemangacine.fr\\\/sabres-1er-empire\\\/sabre-de-cavalerie-us-19eme-siecle\\\/\",\"name\":\"Sabre de Cavalerie US - Vente Sabre Guerre de S\u00e9cession - RMC\",\"isPartOf\":{\"@id\":\"https:\\\/\\\/repliquemangacine.fr\\\/#website\"},\"primaryImageOfPage\":{\"@id\":\"https:\\\/\\\/repliquemangacine.fr\\\/sabres-1er-empire\\\/sabre-de-cavalerie-us-19eme-siecle\\\/#primaryimage\"},\"image\":{\"@id\":\"https:\\\/\\\/repliquemangacine.fr\\\/sabres-1er-empire\\\/sabre-de-cavalerie-us-19eme-siecle\\\/#primaryimage\"},\"thumbnailUrl\":\"https:\\\/\\\/repliquemangacine.fr\\\/wp-content\\\/uploads\\\/2023\\\/10\\\/2474-Replique-Sabre-de-Cavalerie-US-19eme-Sieclepoignee.jpg\",\"datePublished\":\"2018-03-15T16:07:57+00:00\",\"dateModified\":\"2026-03-31T08:04:55+00:00\",\"description\":\"D\u00e9couvrez ce Sabre de Cavalerie US au meilleur prix - Lame forg\u00e9e main en acier carbone - Garde en laiton - Fourreau acier inox - Longueur totale : 107 cm\",\"breadcrumb\":{\"@id\":\"https:\\\/\\\/repliquemangacine.fr\\\/sabres-1er-empire\\\/sabre-de-cavalerie-us-19eme-siecle\\\/#breadcrumb\"},\"inLanguage\":\"es\",\"potentialAction\":[{\"@type\":\"ReadAction\",\"target\":[\"https:\\\/\\\/repliquemangacine.fr\\\/sabres-1er-empire\\\/sabre-de-cavalerie-us-19eme-siecle\\\/\"]}]},{\"@type\":\"ImageObject\",\"inLanguage\":\"es\",\"@id\":\"https:\\\/\\\/repliquemangacine.fr\\\/sabres-1er-empire\\\/sabre-de-cavalerie-us-19eme-siecle\\\/#primaryimage\",\"url\":\"https:\\\/\\\/repliquemangacine.fr\\\/wp-content\\\/uploads\\\/2023\\\/10\\\/2474-Replique-Sabre-de-Cavalerie-US-19eme-Sieclepoignee.jpg\",\"contentUrl\":\"https:\\\/\\\/repliquemangacine.fr\\\/wp-content\\\/uploads\\\/2023\\\/10\\\/2474-Replique-Sabre-de-Cavalerie-US-19eme-Sieclepoignee.jpg\",\"width\":600,\"height\":600,\"caption\":\"R\u00e9plique Sabre de Cavalerie US 19\u00e8me Si\u00e8cle+poignee\"},{\"@type\":\"BreadcrumbList\",\"@id\":\"https:\\\/\\\/repliquemangacine.fr\\\/sabres-1er-empire\\\/sabre-de-cavalerie-us-19eme-siecle\\\/#breadcrumb\",\"itemListElement\":[{\"@type\":\"ListItem\",\"position\":1,\"name\":\"Accueil\",\"item\":\"https:\\\/\\\/repliquemangacine.fr\\\/\"},{\"@type\":\"ListItem\",\"position\":2,\"name\":\"Produits\",\"item\":\"https:\\\/\\\/repliquemangacine.fr\\\/boutique\\\/\"},{\"@type\":\"ListItem\",\"position\":3,\"name\":\"Sabre de Cavalerie US 19\u00e8me Si\u00e8cle\"}]},{\"@type\":\"WebSite\",\"@id\":\"https:\\\/\\\/repliquemangacine.fr\\\/#website\",\"url\":\"https:\\\/\\\/repliquemangacine.fr\\\/\",\"name\":\"R\u00e9plique Manga Cin\u00e9\",\"description\":\"\",\"publisher\":{\"@id\":\"https:\\\/\\\/repliquemangacine.fr\\\/#organization\"},\"potentialAction\":[{\"@type\":\"SearchAction\",\"target\":{\"@type\":\"EntryPoint\",\"urlTemplate\":\"https:\\\/\\\/repliquemangacine.fr\\\/?s={search_term_string}\"},\"query-input\":{\"@type\":\"PropertyValueSpecification\",\"valueRequired\":true,\"valueName\":\"search_term_string\"}}],\"inLanguage\":\"es\"},{\"@type\":\"Organization\",\"@id\":\"https:\\\/\\\/repliquemangacine.fr\\\/#organization\",\"name\":\"R\u00e9plique Manga Cin\u00e9\",\"url\":\"https:\\\/\\\/repliquemangacine.fr\\\/\",\"logo\":{\"@type\":\"ImageObject\",\"inLanguage\":\"es\",\"@id\":\"https:\\\/\\\/repliquemangacine.fr\\\/#\\\/schema\\\/logo\\\/image\\\/\",\"url\":\"https:\\\/\\\/repliquemangacine.fr\\\/wp-content\\\/uploads\\\/2023\\\/10\\\/RMC-500250.png\",\"contentUrl\":\"https:\\\/\\\/repliquemangacine.fr\\\/wp-content\\\/uploads\\\/2023\\\/10\\\/RMC-500250.png\",\"width\":500,\"height\":250,\"caption\":\"R\u00e9plique Manga Cin\u00e9\"},\"image\":{\"@id\":\"https:\\\/\\\/repliquemangacine.fr\\\/#\\\/schema\\\/logo\\\/image\\\/\"},\"sameAs\":[\"https:\\\/\\\/www.facebook.com\\\/RepliqueMangaCine\",\"https:\\\/\\\/www.instagram.com\\\/repliquemangacine.fr\\\/\"]}]}<\/script>\n<!-- \/ Yoast SEO plugin. -->","yoast_head_json":{"title":"Sable de Caballer\u00eda de EE.UU. - Venta de sables de la Guerra Civil - RMC","description":"Descubra este sable de caballer\u00eda estadounidense al mejor precio - Hoja de acero al carbono forjada a mano - Guarda de lat\u00f3n - Vaina de acero inoxidable - Longitud total: 107 cm","robots":{"index":"index","follow":"follow","max-snippet":"max-snippet:-1","max-image-preview":"max-image-preview:large","max-video-preview":"max-video-preview:-1"},"canonical":"https:\/\/repliquemangacine.fr\/es\/espadas-del-i-imperio\/sable-de-caballeria-estadounidense-del-siglo-xix\/","og_locale":"es_ES","og_type":"article","og_title":"Sabre de Cavalerie US - Vente Sabre Guerre de S\u00e9cession - RMC","og_description":"D\u00e9couvrez ce Sabre de Cavalerie US au meilleur prix - Lame forg\u00e9e main en acier carbone - Garde en laiton - Fourreau acier inox - Longueur totale : 107 cm","og_url":"https:\/\/repliquemangacine.fr\/es\/espadas-del-i-imperio\/sable-de-caballeria-estadounidense-del-siglo-xix\/","og_site_name":"R\u00e9plique Manga Cin\u00e9","article_publisher":"https:\/\/www.facebook.com\/RepliqueMangaCine","article_modified_time":"2026-03-31T08:04:55+00:00","og_image":[{"width":600,"height":600,"url":"https:\/\/repliquemangacine.fr\/wp-content\/uploads\/2023\/10\/2474-Replique-Sabre-de-Cavalerie-US-19eme-Sieclepoignee.jpg","type":"image\/jpeg"}],"twitter_card":"summary_large_image","twitter_misc":{"Tiempo de lectura":"2 minutos"},"schema":{"@context":"https:\/\/schema.org","@graph":[{"@type":"WebPage","@id":"https:\/\/repliquemangacine.fr\/sabres-1er-empire\/sabre-de-cavalerie-us-19eme-siecle\/","url":"https:\/\/repliquemangacine.fr\/sabres-1er-empire\/sabre-de-cavalerie-us-19eme-siecle\/","name":"Sable de Caballer\u00eda de EE.UU. - Venta de sables de la Guerra Civil - RMC","isPartOf":{"@id":"https:\/\/repliquemangacine.fr\/#website"},"primaryImageOfPage":{"@id":"https:\/\/repliquemangacine.fr\/sabres-1er-empire\/sabre-de-cavalerie-us-19eme-siecle\/#primaryimage"},"image":{"@id":"https:\/\/repliquemangacine.fr\/sabres-1er-empire\/sabre-de-cavalerie-us-19eme-siecle\/#primaryimage"},"thumbnailUrl":"https:\/\/repliquemangacine.fr\/wp-content\/uploads\/2023\/10\/2474-Replique-Sabre-de-Cavalerie-US-19eme-Sieclepoignee.jpg","datePublished":"2018-03-15T16:07:57+00:00","dateModified":"2026-03-31T08:04:55+00:00","description":"Descubra este sable de caballer\u00eda estadounidense al mejor precio - Hoja de acero al carbono forjada a mano - Guarda de lat\u00f3n - Vaina de acero inoxidable - Longitud total: 107 cm","breadcrumb":{"@id":"https:\/\/repliquemangacine.fr\/sabres-1er-empire\/sabre-de-cavalerie-us-19eme-siecle\/#breadcrumb"},"inLanguage":"es","potentialAction":[{"@type":"ReadAction","target":["https:\/\/repliquemangacine.fr\/sabres-1er-empire\/sabre-de-cavalerie-us-19eme-siecle\/"]}]},{"@type":"ImageObject","inLanguage":"es","@id":"https:\/\/repliquemangacine.fr\/sabres-1er-empire\/sabre-de-cavalerie-us-19eme-siecle\/#primaryimage","url":"https:\/\/repliquemangacine.fr\/wp-content\/uploads\/2023\/10\/2474-Replique-Sabre-de-Cavalerie-US-19eme-Sieclepoignee.jpg","contentUrl":"https:\/\/repliquemangacine.fr\/wp-content\/uploads\/2023\/10\/2474-Replique-Sabre-de-Cavalerie-US-19eme-Sieclepoignee.jpg","width":600,"height":600,"caption":"R\u00e9plique Sabre de Cavalerie US 19\u00e8me Si\u00e8cle+poignee"},{"@type":"BreadcrumbList","@id":"https:\/\/repliquemangacine.fr\/sabres-1er-empire\/sabre-de-cavalerie-us-19eme-siecle\/#breadcrumb","itemListElement":[{"@type":"ListItem","position":1,"name":"Accueil","item":"https:\/\/repliquemangacine.fr\/"},{"@type":"ListItem","position":2,"name":"Produits","item":"https:\/\/repliquemangacine.fr\/boutique\/"},{"@type":"ListItem","position":3,"name":"Sabre de Cavalerie US 19\u00e8me Si\u00e8cle"}]},{"@type":"WebSite","@id":"https:\/\/repliquemangacine.fr\/#website","url":"https:\/\/repliquemangacine.fr\/","name":"R\u00e9plique Manga Cin\u00e9","description":"","publisher":{"@id":"https:\/\/repliquemangacine.fr\/#organization"},"potentialAction":[{"@type":"SearchAction","target":{"@type":"EntryPoint","urlTemplate":"https:\/\/repliquemangacine.fr\/?s={search_term_string}"},"query-input":{"@type":"PropertyValueSpecification","valueRequired":true,"valueName":"search_term_string"}}],"inLanguage":"es"},{"@type":"Organization","@id":"https:\/\/repliquemangacine.fr\/#organization","name":"R\u00e9plique Manga Cin\u00e9","url":"https:\/\/repliquemangacine.fr\/","logo":{"@type":"ImageObject","inLanguage":"es","@id":"https:\/\/repliquemangacine.fr\/#\/schema\/logo\/image\/","url":"https:\/\/repliquemangacine.fr\/wp-content\/uploads\/2023\/10\/RMC-500250.png","contentUrl":"https:\/\/repliquemangacine.fr\/wp-content\/uploads\/2023\/10\/RMC-500250.png","width":500,"height":250,"caption":"R\u00e9plique Manga Cin\u00e9"},"image":{"@id":"https:\/\/repliquemangacine.fr\/#\/schema\/logo\/image\/"},"sameAs":["https:\/\/www.facebook.com\/RepliqueMangaCine","https:\/\/www.instagram.com\/repliquemangacine.fr\/"]}]}},"_links":{"self":[{"href":"https:\/\/repliquemangacine.fr\/es\/wp-json\/wp\/v2\/product\/27708","targetHints":{"allow":["GET"]}}],"collection":[{"href":"https:\/\/repliquemangacine.fr\/es\/wp-json\/wp\/v2\/product"}],"about":[{"href":"https:\/\/repliquemangacine.fr\/es\/wp-json\/wp\/v2\/types\/product"}],"wp:featuredmedia":[{"embeddable":true,"href":"https:\/\/repliquemangacine.fr\/es\/wp-json\/wp\/v2\/media\/27709"}],"wp:attachment":[{"href":"https:\/\/repliquemangacine.fr\/es\/wp-json\/wp\/v2\/media?parent=27708"}],"wp:term":[{"taxonomy":"product_brand","embeddable":true,"href":"https:\/\/repliquemangacine.fr\/es\/wp-json\/wp\/v2\/product_brand?post=27708"},{"taxonomy":"product_cat","embeddable":true,"href":"https:\/\/repliquemangacine.fr\/es\/wp-json\/wp\/v2\/product_cat?post=27708"},{"taxonomy":"product_tag","embeddable":true,"href":"https:\/\/repliquemangacine.fr\/es\/wp-json\/wp\/v2\/product_tag?post=27708"}],"curies":[{"name":"wp","href":"https:\/\/api.w.org\/{rel}","templated":true}]}}