





{"id":27697,"date":"2018-02-25T15:31:57","date_gmt":"2018-02-25T14:31:57","guid":{"rendered":"https:\/\/repliquemangacine.fr\/?post_type=product&#038;p=27697"},"modified":"2025-09-23T18:01:58","modified_gmt":"2025-09-23T16:01:58","slug":"keyblade-garde-du-maitre-kingdom-hearts-cle-eraqus","status":"publish","type":"product","link":"https:\/\/repliquemangacine.fr\/es\/katana-et-epee-de-jeux-video-autre-jeux-video\/keyblade-garde-du-maitre-kingdom-hearts-cle-eraqus\/","title":{"rendered":"Master's Guard Keyblade"},"content":{"rendered":"<h2>Master's Guard Keyblade en Kingdom Hearts.<\/h2>\n<p>Para empezar, el <strong>Master's Guard Keyblade<\/strong> es la Keyblade de Brain, heredada por su descendiente Eraqus y transmitida a su aprendiz Aqua. Tambi\u00e9n la empu\u00f1a la Armadura de Eraqus en la Arena de los Espejismos.<\/p>\n<p><a href=\"https:\/\/kingdomhearts.fandom.com\/fr\/wiki\/Eraqus\" target=\"_blank\" rel=\"noopener noreferrer\">Maestro Eraqus<\/a> Es el maestro de Terra, Ven y Aqua. Gran maestro de la llave espada y guardi\u00e1n de la Tierra del Comienzo, tambi\u00e9n es amigo y antiguo compa\u00f1ero de estudios de Xehanort.<\/p>\n<p>Maestro Eraqus es un poderoso Maestro de la Llave Espada, dotado de un gran dominio de s\u00ed mismo y una gran sabidur\u00eda. Considera a Terra, Ventus y Aqua como sus propios hijos, sin favorecer a ninguno de los tres aprendices, y se preocupa por ellos. Siente una gran aversi\u00f3n por la oscuridad y solo piensa en el equilibrio de los mundos.<\/p>\n<h2>Su Keyblade Garde du Maitre al mejor precio.<\/h2>\n<p>Ofrecemos una amplia gama de r\u00e9plicas de manga y videojuegos.<\/p>\n<p>Lo primero y m\u00e1s importante,<\/p>\n<ul>\n<li>La r\u00e9plica del <a href=\"https:\/\/repliquemangacine.fr\/es\/otros-videojuegos\/keyblade-souvenir-perdue-kingdom-hearts\/\">keyblade Oblivion<\/a> ( Memoria perdida) todo en metal.<\/li>\n<li>As\u00ed como el<a href=\"https:\/\/repliquemangacine.fr\/es\/otros-videojuegos\/cadena-real-sora-keyblade-kingdom-hearts\/\"> Cadena real Sora Keyblade<\/a>su arma principal.<\/li>\n<li>Tambi\u00e9n est\u00e1 La r\u00e9plique de la <a href=\"https:\/\/repliquemangacine.fr\/es\/otros-videojuegos\/keyblade-oathkeeper-tierna-promesa\/\">Guardi\u00e1n del Juramento<\/a> Una tierna promesa<\/li>\n<li>Y muchos m\u00e1s por descubrir en nuestra tienda en l\u00ednea.<\/li>\n<\/ul>\n<p>Por eso, aqu\u00ed tienes unas ideas fant\u00e1sticas para regalar a todos los fans de Kingdom Hearts.<\/p>\n<p>En conclusi\u00f3n, puede utilizar el <strong>Master's Guard Keyblade<\/strong> para tus desfiles de Cosplay. Pero sobre todo, esta espada es una pieza de coleccionista y una pieza decorativa.<\/p>\n<p>R\u00e9plique Manga Cin\u00e9 es una empresa francesa<\/p>\n<h2>\u00bfC\u00f3mo mantengo mi clave de Kingdom Hearts?<\/h2>\n<p>Las armas de colecci\u00f3n y decorativas se fabrican y ensamblan de forma simplificada. Como su uso es decorativo, no cuentan con los elementos de seguridad exigidos a un sable japon\u00e9s destinado al entrenamiento.<\/p>\n<p>Sin embargo, su <strong>Master's Guard Keyblade<\/strong> Es de acero, por lo que hay que cuidarla para evitar que se da\u00f1e con el tiempo. De hecho, vas a exponer tu katana, tus amigos sentir\u00e1n curiosidad por ver la hoja y tocarla. Ah\u00ed es donde hay que tener cuidado, hay que saber que la acidez de los dedos es muy perjudicial para el acero, independientemente de su calidad.<\/p>\n<p>Sin embargo, si esto ocurre, no te asustes, todo lo que necesitas es un pa\u00f1o humedecido con un poco de aceite y limpiar las huellas dactilares. Si haces esto, tu espada durar\u00e1 mucho tiempo.<\/p>\n<p><strong>\u00a0<\/strong><\/p>","protected":false},"excerpt":{"rendered":"<p>Keyblade del Maestro Eraqus en el videojuego Kingdom Hearts: Birth by Sleep.<\/p>\n<ul>\n<li>Fabricado \u00edntegramente en acero inoxidable pintado.<\/li>\n<li>Broca en forma de E.<\/li>\n<li>Protector met\u00e1lico cuadrado.<\/li>\n<li>Asa de metal.<\/li>\n<li>Cadena de 50 cm con el s\u00edmbolo del propietario.<\/li>\n<li>Longitud total: 89 cm - Peso: 1320grs<\/li>\n<\/ul>","protected":false},"featured_media":27698,"template":"","meta":[],"product_brand":[896],"product_cat":[23,67],"product_tag":[],"class_list":{"0":"post-27697","1":"product","2":"type-product","3":"status-publish","4":"has-post-thumbnail","6":"product_brand-replique-manga-cine","7":"product_cat-repliques-manga-jeux-video","8":"product_cat-katana-et-epee-de-jeux-video-autre-jeux-video","10":"first","11":"instock","12":"sale","13":"taxable","14":"shipping-taxable","15":"purchasable","16":"product-type-simple"},"yoast_head":"<!-- This site is optimized with the Yoast SEO plugin v27.4 - https:\/\/yoast.com\/product\/yoast-seo-wordpress\/ -->\n<title>Keyblade Garde du Ma\u00eetre - Kingdom Hearts | RMC<\/title>\n<meta name=\"description\" content=\"Devenez un puissant maitre avec cette Keyblade Garde du Ma\u00eetre pas ch\u00e8re. Tout en m\u00e9tal - Chainette - Longueur totale : 89cm - Envoi 24\/48h\" \/>\n<meta name=\"robots\" content=\"index, follow, max-snippet:-1, max-image-preview:large, max-video-preview:-1\" \/>\n<link rel=\"canonical\" href=\"https:\/\/repliquemangacine.fr\/es\/katana-y-espada-videojuego-otros-videojuegos\/keyblade-garde-du-maitre-kingdom-hearts-cle-eraqus\/\" \/>\n<meta property=\"og:locale\" content=\"es_ES\" \/>\n<meta property=\"og:type\" content=\"article\" \/>\n<meta property=\"og:title\" content=\"Keyblade Garde du Ma\u00eetre - Kingdom Hearts | RMC\" \/>\n<meta property=\"og:description\" content=\"Devenez un puissant maitre avec cette Keyblade Garde du Ma\u00eetre pas ch\u00e8re. Tout en m\u00e9tal - Chainette - Longueur totale : 89cm - Envoi 24\/48h\" \/>\n<meta property=\"og:url\" content=\"https:\/\/repliquemangacine.fr\/es\/katana-y-espada-videojuego-otros-videojuegos\/keyblade-garde-du-maitre-kingdom-hearts-cle-eraqus\/\" \/>\n<meta property=\"og:site_name\" content=\"R\u00e9plique Manga Cin\u00e9\" \/>\n<meta property=\"article:publisher\" content=\"https:\/\/www.facebook.com\/RepliqueMangaCine\" \/>\n<meta property=\"article:modified_time\" content=\"2025-09-23T16:01:58+00:00\" \/>\n<meta property=\"og:image\" content=\"https:\/\/repliquemangacine.fr\/wp-content\/uploads\/2023\/10\/2465-Keyblade-Master-Keeper-Kingdom-Hearts-Cle-Eraqus-Birth-by-Sleep.jpg\" \/>\n\t<meta property=\"og:image:width\" content=\"600\" \/>\n\t<meta property=\"og:image:height\" content=\"600\" \/>\n\t<meta property=\"og:image:type\" content=\"image\/jpeg\" \/>\n<meta name=\"twitter:card\" content=\"summary_large_image\" \/>\n<meta name=\"twitter:label1\" content=\"Tiempo de lectura\" \/>\n\t<meta name=\"twitter:data1\" content=\"2 minutos\" \/>\n<script type=\"application\/ld+json\" class=\"yoast-schema-graph\">{\"@context\":\"https:\\\/\\\/schema.org\",\"@graph\":[{\"@type\":\"WebPage\",\"@id\":\"https:\\\/\\\/repliquemangacine.fr\\\/de\\\/katana-und-schwert-von-videospielen-andere-videospiele\\\/keyblade-wachter-des-meisters-kingdom-hearts-eraqus-schlussel\\\/\",\"url\":\"https:\\\/\\\/repliquemangacine.fr\\\/de\\\/katana-und-schwert-von-videospielen-andere-videospiele\\\/keyblade-wachter-des-meisters-kingdom-hearts-eraqus-schlussel\\\/\",\"name\":\"Keyblade Garde du Ma\u00eetre - Kingdom Hearts | RMC\",\"isPartOf\":{\"@id\":\"https:\\\/\\\/repliquemangacine.fr\\\/#website\"},\"primaryImageOfPage\":{\"@id\":\"https:\\\/\\\/repliquemangacine.fr\\\/de\\\/katana-und-schwert-von-videospielen-andere-videospiele\\\/keyblade-wachter-des-meisters-kingdom-hearts-eraqus-schlussel\\\/#primaryimage\"},\"image\":{\"@id\":\"https:\\\/\\\/repliquemangacine.fr\\\/de\\\/katana-und-schwert-von-videospielen-andere-videospiele\\\/keyblade-wachter-des-meisters-kingdom-hearts-eraqus-schlussel\\\/#primaryimage\"},\"thumbnailUrl\":\"https:\\\/\\\/repliquemangacine.fr\\\/wp-content\\\/uploads\\\/2023\\\/10\\\/2465-Keyblade-Master-Keeper-Kingdom-Hearts-Cle-Eraqus-Birth-by-Sleep.jpg\",\"datePublished\":\"2018-02-25T14:31:57+00:00\",\"dateModified\":\"2025-09-23T16:01:58+00:00\",\"description\":\"Devenez un puissant maitre avec cette Keyblade Garde du Ma\u00eetre pas ch\u00e8re. Tout en m\u00e9tal - Chainette - Longueur totale : 89cm - Envoi 24\\\/48h\",\"breadcrumb\":{\"@id\":\"https:\\\/\\\/repliquemangacine.fr\\\/de\\\/katana-und-schwert-von-videospielen-andere-videospiele\\\/keyblade-wachter-des-meisters-kingdom-hearts-eraqus-schlussel\\\/#breadcrumb\"},\"inLanguage\":\"es\",\"potentialAction\":[{\"@type\":\"ReadAction\",\"target\":[\"https:\\\/\\\/repliquemangacine.fr\\\/de\\\/katana-und-schwert-von-videospielen-andere-videospiele\\\/keyblade-wachter-des-meisters-kingdom-hearts-eraqus-schlussel\\\/\"]}]},{\"@type\":\"ImageObject\",\"inLanguage\":\"es\",\"@id\":\"https:\\\/\\\/repliquemangacine.fr\\\/de\\\/katana-und-schwert-von-videospielen-andere-videospiele\\\/keyblade-wachter-des-meisters-kingdom-hearts-eraqus-schlussel\\\/#primaryimage\",\"url\":\"https:\\\/\\\/repliquemangacine.fr\\\/wp-content\\\/uploads\\\/2023\\\/10\\\/2465-Keyblade-Master-Keeper-Kingdom-Hearts-Cle-Eraqus-Birth-by-Sleep.jpg\",\"contentUrl\":\"https:\\\/\\\/repliquemangacine.fr\\\/wp-content\\\/uploads\\\/2023\\\/10\\\/2465-Keyblade-Master-Keeper-Kingdom-Hearts-Cle-Eraqus-Birth-by-Sleep.jpg\",\"width\":600,\"height\":600,\"caption\":\"Keyblade Garde du Ma\u00eetre\"},{\"@type\":\"BreadcrumbList\",\"@id\":\"https:\\\/\\\/repliquemangacine.fr\\\/de\\\/katana-und-schwert-von-videospielen-andere-videospiele\\\/keyblade-wachter-des-meisters-kingdom-hearts-eraqus-schlussel\\\/#breadcrumb\",\"itemListElement\":[{\"@type\":\"ListItem\",\"position\":1,\"name\":\"Accueil\",\"item\":\"https:\\\/\\\/repliquemangacine.fr\\\/\"},{\"@type\":\"ListItem\",\"position\":2,\"name\":\"Produits\",\"item\":\"https:\\\/\\\/repliquemangacine.fr\\\/boutique\\\/\"},{\"@type\":\"ListItem\",\"position\":3,\"name\":\"Keyblade Garde du Ma\u00eetre\"}]},{\"@type\":\"WebSite\",\"@id\":\"https:\\\/\\\/repliquemangacine.fr\\\/#website\",\"url\":\"https:\\\/\\\/repliquemangacine.fr\\\/\",\"name\":\"R\u00e9plique Manga Cin\u00e9\",\"description\":\"\",\"publisher\":{\"@id\":\"https:\\\/\\\/repliquemangacine.fr\\\/#organization\"},\"potentialAction\":[{\"@type\":\"SearchAction\",\"target\":{\"@type\":\"EntryPoint\",\"urlTemplate\":\"https:\\\/\\\/repliquemangacine.fr\\\/?s={search_term_string}\"},\"query-input\":{\"@type\":\"PropertyValueSpecification\",\"valueRequired\":true,\"valueName\":\"search_term_string\"}}],\"inLanguage\":\"es\"},{\"@type\":\"Organization\",\"@id\":\"https:\\\/\\\/repliquemangacine.fr\\\/#organization\",\"name\":\"R\u00e9plique Manga Cin\u00e9\",\"url\":\"https:\\\/\\\/repliquemangacine.fr\\\/\",\"logo\":{\"@type\":\"ImageObject\",\"inLanguage\":\"es\",\"@id\":\"https:\\\/\\\/repliquemangacine.fr\\\/#\\\/schema\\\/logo\\\/image\\\/\",\"url\":\"https:\\\/\\\/repliquemangacine.fr\\\/wp-content\\\/uploads\\\/2023\\\/10\\\/RMC-500250.png\",\"contentUrl\":\"https:\\\/\\\/repliquemangacine.fr\\\/wp-content\\\/uploads\\\/2023\\\/10\\\/RMC-500250.png\",\"width\":500,\"height\":250,\"caption\":\"R\u00e9plique Manga Cin\u00e9\"},\"image\":{\"@id\":\"https:\\\/\\\/repliquemangacine.fr\\\/#\\\/schema\\\/logo\\\/image\\\/\"},\"sameAs\":[\"https:\\\/\\\/www.facebook.com\\\/RepliqueMangaCine\",\"https:\\\/\\\/www.instagram.com\\\/repliquemangacine.fr\\\/\"]}]}<\/script>\n<!-- \/ Yoast SEO plugin. -->","yoast_head_json":{"title":"Master Guard Keyblade - Kingdom Hearts | RMC","description":"Convi\u00e9rtete en un poderoso maestro con esta econ\u00f3mica Master Guard Keyblade. Todo metal - Cadenita - Longitud total: 89cm - Env\u00edo 24\/48h","robots":{"index":"index","follow":"follow","max-snippet":"max-snippet:-1","max-image-preview":"max-image-preview:large","max-video-preview":"max-video-preview:-1"},"canonical":"https:\/\/repliquemangacine.fr\/es\/katana-y-espada-videojuego-otros-videojuegos\/keyblade-garde-du-maitre-kingdom-hearts-cle-eraqus\/","og_locale":"es_ES","og_type":"article","og_title":"Keyblade Garde du Ma\u00eetre - Kingdom Hearts | RMC","og_description":"Devenez un puissant maitre avec cette Keyblade Garde du Ma\u00eetre pas ch\u00e8re. Tout en m\u00e9tal - Chainette - Longueur totale : 89cm - Envoi 24\/48h","og_url":"https:\/\/repliquemangacine.fr\/es\/katana-y-espada-videojuego-otros-videojuegos\/keyblade-garde-du-maitre-kingdom-hearts-cle-eraqus\/","og_site_name":"R\u00e9plique Manga Cin\u00e9","article_publisher":"https:\/\/www.facebook.com\/RepliqueMangaCine","article_modified_time":"2025-09-23T16:01:58+00:00","og_image":[{"width":600,"height":600,"url":"https:\/\/repliquemangacine.fr\/wp-content\/uploads\/2023\/10\/2465-Keyblade-Master-Keeper-Kingdom-Hearts-Cle-Eraqus-Birth-by-Sleep.jpg","type":"image\/jpeg"}],"twitter_card":"summary_large_image","twitter_misc":{"Tiempo de lectura":"2 minutos"},"schema":{"@context":"https:\/\/schema.org","@graph":[{"@type":"WebPage","@id":"https:\/\/repliquemangacine.fr\/de\/katana-und-schwert-von-videospielen-andere-videospiele\/keyblade-wachter-des-meisters-kingdom-hearts-eraqus-schlussel\/","url":"https:\/\/repliquemangacine.fr\/de\/katana-und-schwert-von-videospielen-andere-videospiele\/keyblade-wachter-des-meisters-kingdom-hearts-eraqus-schlussel\/","name":"Master Guard Keyblade - Kingdom Hearts | RMC","isPartOf":{"@id":"https:\/\/repliquemangacine.fr\/#website"},"primaryImageOfPage":{"@id":"https:\/\/repliquemangacine.fr\/de\/katana-und-schwert-von-videospielen-andere-videospiele\/keyblade-wachter-des-meisters-kingdom-hearts-eraqus-schlussel\/#primaryimage"},"image":{"@id":"https:\/\/repliquemangacine.fr\/de\/katana-und-schwert-von-videospielen-andere-videospiele\/keyblade-wachter-des-meisters-kingdom-hearts-eraqus-schlussel\/#primaryimage"},"thumbnailUrl":"https:\/\/repliquemangacine.fr\/wp-content\/uploads\/2023\/10\/2465-Keyblade-Master-Keeper-Kingdom-Hearts-Cle-Eraqus-Birth-by-Sleep.jpg","datePublished":"2018-02-25T14:31:57+00:00","dateModified":"2025-09-23T16:01:58+00:00","description":"Convi\u00e9rtete en un poderoso maestro con esta econ\u00f3mica Master Guard Keyblade. Todo metal - Cadenita - Longitud total: 89cm - Env\u00edo 24\/48h","breadcrumb":{"@id":"https:\/\/repliquemangacine.fr\/de\/katana-und-schwert-von-videospielen-andere-videospiele\/keyblade-wachter-des-meisters-kingdom-hearts-eraqus-schlussel\/#breadcrumb"},"inLanguage":"es","potentialAction":[{"@type":"ReadAction","target":["https:\/\/repliquemangacine.fr\/de\/katana-und-schwert-von-videospielen-andere-videospiele\/keyblade-wachter-des-meisters-kingdom-hearts-eraqus-schlussel\/"]}]},{"@type":"ImageObject","inLanguage":"es","@id":"https:\/\/repliquemangacine.fr\/de\/katana-und-schwert-von-videospielen-andere-videospiele\/keyblade-wachter-des-meisters-kingdom-hearts-eraqus-schlussel\/#primaryimage","url":"https:\/\/repliquemangacine.fr\/wp-content\/uploads\/2023\/10\/2465-Keyblade-Master-Keeper-Kingdom-Hearts-Cle-Eraqus-Birth-by-Sleep.jpg","contentUrl":"https:\/\/repliquemangacine.fr\/wp-content\/uploads\/2023\/10\/2465-Keyblade-Master-Keeper-Kingdom-Hearts-Cle-Eraqus-Birth-by-Sleep.jpg","width":600,"height":600,"caption":"Keyblade Garde du Ma\u00eetre"},{"@type":"BreadcrumbList","@id":"https:\/\/repliquemangacine.fr\/de\/katana-und-schwert-von-videospielen-andere-videospiele\/keyblade-wachter-des-meisters-kingdom-hearts-eraqus-schlussel\/#breadcrumb","itemListElement":[{"@type":"ListItem","position":1,"name":"Accueil","item":"https:\/\/repliquemangacine.fr\/"},{"@type":"ListItem","position":2,"name":"Produits","item":"https:\/\/repliquemangacine.fr\/boutique\/"},{"@type":"ListItem","position":3,"name":"Keyblade Garde du Ma\u00eetre"}]},{"@type":"WebSite","@id":"https:\/\/repliquemangacine.fr\/#website","url":"https:\/\/repliquemangacine.fr\/","name":"R\u00e9plique Manga Cin\u00e9","description":"","publisher":{"@id":"https:\/\/repliquemangacine.fr\/#organization"},"potentialAction":[{"@type":"SearchAction","target":{"@type":"EntryPoint","urlTemplate":"https:\/\/repliquemangacine.fr\/?s={search_term_string}"},"query-input":{"@type":"PropertyValueSpecification","valueRequired":true,"valueName":"search_term_string"}}],"inLanguage":"es"},{"@type":"Organization","@id":"https:\/\/repliquemangacine.fr\/#organization","name":"R\u00e9plique Manga Cin\u00e9","url":"https:\/\/repliquemangacine.fr\/","logo":{"@type":"ImageObject","inLanguage":"es","@id":"https:\/\/repliquemangacine.fr\/#\/schema\/logo\/image\/","url":"https:\/\/repliquemangacine.fr\/wp-content\/uploads\/2023\/10\/RMC-500250.png","contentUrl":"https:\/\/repliquemangacine.fr\/wp-content\/uploads\/2023\/10\/RMC-500250.png","width":500,"height":250,"caption":"R\u00e9plique Manga Cin\u00e9"},"image":{"@id":"https:\/\/repliquemangacine.fr\/#\/schema\/logo\/image\/"},"sameAs":["https:\/\/www.facebook.com\/RepliqueMangaCine","https:\/\/www.instagram.com\/repliquemangacine.fr\/"]}]}},"_links":{"self":[{"href":"https:\/\/repliquemangacine.fr\/es\/wp-json\/wp\/v2\/product\/27697","targetHints":{"allow":["GET"]}}],"collection":[{"href":"https:\/\/repliquemangacine.fr\/es\/wp-json\/wp\/v2\/product"}],"about":[{"href":"https:\/\/repliquemangacine.fr\/es\/wp-json\/wp\/v2\/types\/product"}],"wp:featuredmedia":[{"embeddable":true,"href":"https:\/\/repliquemangacine.fr\/es\/wp-json\/wp\/v2\/media\/27698"}],"wp:attachment":[{"href":"https:\/\/repliquemangacine.fr\/es\/wp-json\/wp\/v2\/media?parent=27697"}],"wp:term":[{"taxonomy":"product_brand","embeddable":true,"href":"https:\/\/repliquemangacine.fr\/es\/wp-json\/wp\/v2\/product_brand?post=27697"},{"taxonomy":"product_cat","embeddable":true,"href":"https:\/\/repliquemangacine.fr\/es\/wp-json\/wp\/v2\/product_cat?post=27697"},{"taxonomy":"product_tag","embeddable":true,"href":"https:\/\/repliquemangacine.fr\/es\/wp-json\/wp\/v2\/product_tag?post=27697"}],"curies":[{"name":"wp","href":"https:\/\/api.w.org\/{rel}","templated":true}]}}