





{"id":27680,"date":"2018-02-09T19:18:48","date_gmt":"2018-02-09T18:18:48","guid":{"rendered":"https:\/\/repliquemangacine.fr\/?post_type=product&#038;p=27680"},"modified":"2026-01-30T15:19:36","modified_gmt":"2026-01-30T14:19:36","slug":"espada-aguilar-assassins-creed-the-movie","status":"publish","type":"product","link":"https:\/\/repliquemangacine.fr\/es\/armes-assassins-creed\/epee-aguilar-assassins-creed-le-film\/","title":{"rendered":"Espada Aguilar Assassin's Creed la pel\u00edcula"},"content":{"rendered":"<h2>Espada de Aguilar Assassin's Creed la pel\u00edcula.<\/h2>\n<p>Para empezar, el<strong>La espada de Aguilar en Assassin's Creed<\/strong> es id\u00e9ntica a la que se ve en la pel\u00edcula<\/p>\n<p><a href=\"https:\/\/assassinscreed.fandom.com\/fr\/wiki\/Aguilar_de_Nerha\" target=\"_blank\" rel=\"noopener noreferrer\">Aguilar de Nerha<\/a> Era un maestro asesino de la Hermandad Espa\u00f1ola de Asesinos, de la que m\u00e1s tarde se convirti\u00f3 en mentor. Es antepasado de Callum Lynch, quien revivi\u00f3 sus recuerdos gen\u00e9ticos en 2016 en el Animus, as\u00ed como de su madre.<\/p>\n<p>Como consumado guerrero, Aguilar pod\u00eda enfrentarse a varios enemigos a la vez, tanto armado como desarmado, manejando espadas o lanzas con gran destreza. Adem\u00e1s, tambi\u00e9n demostr\u00f3 un gran talento para el tiro con arco, utilizando con eficacia el arco y las flechas, tanto a corta como a larga distancia.<\/p>\n<p>Aguilar y su descendiente, Callum Lynch, ser\u00e1n interpretados por Michael Fassbender en la pel\u00edcula Assassin's Creed.<\/p>\n<h2>Tu Espada de Aguilar Assassin's Creed al mejor precio.<\/h2>\n<p>Te traemos todas las frases de tus personajes favoritos en la pel\u00edcula de Assassin's Creed.<\/p>\n<p>Lo primero y m\u00e1s importante,<\/p>\n<ul>\n<li>La <a href=\"https:\/\/repliquemangacine.fr\/es\/assassins-creed\/assassin-s-creed-aguilar-daga\/\">Pu\u00f1al Aguilar<\/a> que puede utilizarse como un gran abrecartas.<\/li>\n<li>As\u00ed como el <a href=\"https:\/\/repliquemangacine.fr\/es\/assassins-creed\/daga-ojeda-assassin-s-creed\/\">Pu\u00f1al de Ojeda<\/a>que tambi\u00e9n es una reproducci\u00f3n de la versi\u00f3n en forma de daga del accesorio original utilizado en la pel\u00edcula Assassin's Creed.<\/li>\n<li>\u00a1Y muchos m\u00e1s videojuegos por descubrir en nuestra tienda online!<\/li>\n<\/ul>\n<p>Si eres fan de Assassin's Creed, esta espada es una excelente incorporaci\u00f3n a tu arsenal. Por eso, es una idea estupenda para regalar a los fans.<\/p>\n<p>En conclusi\u00f3n, tambi\u00e9n puedes utilizar esta espada para tus desfiles de cosplay o tus fiestas tem\u00e1ticas. Pero, ante todo, la\u2019<strong>Espada de Aguilar Assassin's Creed<\/strong> El Film es un objeto de colecci\u00f3n y una pieza decorativa.<\/p>\n<h2>\u00bfC\u00f3mo mantengo la hoja de mi espada?<\/h2>\n<p>Las katanas de colecci\u00f3n y decorativas se fabrican y ensamblan de forma simplificada. Como su uso es decorativo, no cuentan con los elementos de seguridad exigidos a una espada japonesa destinada al entrenamiento.<\/p>\n<p>Sin embargo, su <strong>Assassin's Creed Espada Aguilar<\/strong> a una hoja de acero que hay que cuidar para evitar que se estropee con el tiempo. Cuando exponga su katana, sus amigos sentir\u00e1n curiosidad por ver la hoja y tocarla. Aqu\u00ed es donde hay que tener cuidado, ya que la acidez de los dedos es muy perjudicial para el acero, sea cual sea su calidad.<\/p>\n<p>Si esto ocurre, no te asustes, simplemente utiliza un pa\u00f1o humedecido con un poco de aceite y limpia las huellas dactilares. Si haces esto, tu espada durar\u00e1 mucho tiempo.<\/p>\n<p><strong>\u00a0<\/strong><\/p>","protected":false},"excerpt":{"rendered":"<p>R\u00e9plica de la espada de Aguilar de Assassin's Creed.<\/p>\n<ul>\n<li>Hoja de acero inoxidable de doble filo.<\/li>\n<li>Guarda de acero macizo.<\/li>\n<li>Mango de Abs moldeado.<\/li>\n<li>Pomo de acero macizo con cruz roja.<\/li>\n<li>Funda de imitaci\u00f3n de cuero negro.<\/li>\n<li>Longitud de la hoja: 77 cm - Longitud total: 105 cm - Peso: 1320 gramos<\/li>\n<\/ul>\n<p><strong>\u00a0<\/strong><\/p>","protected":false},"featured_media":27681,"template":"","meta":[],"product_brand":[896],"product_cat":[836,25,48,84,43],"product_tag":[],"class_list":{"0":"post-27680","1":"product","2":"type-product","3":"status-publish","4":"has-post-thumbnail","6":"product_brand-replique-manga-cine","7":"product_cat-armes-assassins-creed","8":"product_cat-armes-historiques","9":"product_cat-epees-assassins-creed-armes-assassins-creed","10":"product_cat-epee-templier-medievale","11":"product_cat-reproductions-d-armes-et-accessoires-medievales","13":"first","14":"instock","15":"sale","16":"taxable","17":"shipping-taxable","18":"purchasable","19":"product-type-simple"},"yoast_head":"<!-- This site is optimized with the Yoast SEO plugin v27.4 - https:\/\/yoast.com\/product\/yoast-seo-wordpress\/ -->\n<title>Ep\u00e9e Aguilar - Assassin&#039;s Creed Le Film - Boutique en ligne | RMC<\/title>\n<meta name=\"description\" content=\"Commandez vite ! Votre Ep\u00e9e Aguilar dans le film Assassin&#039;s Creed. Lame en acier inoxydable. Longueur totale : 105cm - Envoi 24\/48h\" \/>\n<meta name=\"robots\" content=\"index, follow, max-snippet:-1, max-image-preview:large, max-video-preview:-1\" \/>\n<link rel=\"canonical\" href=\"https:\/\/repliquemangacine.fr\/es\/armas-de-assassins-creed\/espada-aguilar-assassins-creed-the-movie\/\" \/>\n<meta property=\"og:locale\" content=\"es_ES\" \/>\n<meta property=\"og:type\" content=\"article\" \/>\n<meta property=\"og:title\" content=\"Ep\u00e9e Aguilar - Assassin&#039;s Creed Le Film - Boutique en ligne | RMC\" \/>\n<meta property=\"og:description\" content=\"Commandez vite ! Votre Ep\u00e9e Aguilar dans le film Assassin&#039;s Creed. Lame en acier inoxydable. Longueur totale : 105cm - Envoi 24\/48h\" \/>\n<meta property=\"og:url\" content=\"https:\/\/repliquemangacine.fr\/es\/armas-de-assassins-creed\/espada-aguilar-assassins-creed-the-movie\/\" \/>\n<meta property=\"og:site_name\" content=\"R\u00e9plique Manga Cin\u00e9\" \/>\n<meta property=\"article:publisher\" content=\"https:\/\/www.facebook.com\/RepliqueMangaCine\" \/>\n<meta property=\"article:modified_time\" content=\"2026-01-30T14:19:36+00:00\" \/>\n<meta property=\"og:image\" content=\"https:\/\/repliquemangacine.fr\/wp-content\/uploads\/2023\/10\/2451-Replique-epee-dAguilar-Assassins-Creed-le-Film.jpg\" \/>\n\t<meta property=\"og:image:width\" content=\"600\" \/>\n\t<meta property=\"og:image:height\" content=\"600\" \/>\n\t<meta property=\"og:image:type\" content=\"image\/jpeg\" \/>\n<meta name=\"twitter:card\" content=\"summary_large_image\" \/>\n<meta name=\"twitter:label1\" content=\"Tiempo de lectura\" \/>\n\t<meta name=\"twitter:data1\" content=\"3 minutos\" \/>\n<script type=\"application\/ld+json\" class=\"yoast-schema-graph\">{\"@context\":\"https:\\\/\\\/schema.org\",\"@graph\":[{\"@type\":\"WebPage\",\"@id\":\"https:\\\/\\\/repliquemangacine.fr\\\/armes-assassins-creed\\\/epee-aguilar-assassins-creed-le-film\\\/\",\"url\":\"https:\\\/\\\/repliquemangacine.fr\\\/armes-assassins-creed\\\/epee-aguilar-assassins-creed-le-film\\\/\",\"name\":\"Ep\u00e9e Aguilar - Assassin's Creed Le Film - Boutique en ligne | RMC\",\"isPartOf\":{\"@id\":\"https:\\\/\\\/repliquemangacine.fr\\\/#website\"},\"primaryImageOfPage\":{\"@id\":\"https:\\\/\\\/repliquemangacine.fr\\\/armes-assassins-creed\\\/epee-aguilar-assassins-creed-le-film\\\/#primaryimage\"},\"image\":{\"@id\":\"https:\\\/\\\/repliquemangacine.fr\\\/armes-assassins-creed\\\/epee-aguilar-assassins-creed-le-film\\\/#primaryimage\"},\"thumbnailUrl\":\"https:\\\/\\\/repliquemangacine.fr\\\/wp-content\\\/uploads\\\/2023\\\/10\\\/2451-Replique-epee-dAguilar-Assassins-Creed-le-Film.jpg\",\"datePublished\":\"2018-02-09T18:18:48+00:00\",\"dateModified\":\"2026-01-30T14:19:36+00:00\",\"description\":\"Commandez vite ! Votre Ep\u00e9e Aguilar dans le film Assassin's Creed. Lame en acier inoxydable. Longueur totale : 105cm - Envoi 24\\\/48h\",\"breadcrumb\":{\"@id\":\"https:\\\/\\\/repliquemangacine.fr\\\/armes-assassins-creed\\\/epee-aguilar-assassins-creed-le-film\\\/#breadcrumb\"},\"inLanguage\":\"es\",\"potentialAction\":[{\"@type\":\"ReadAction\",\"target\":[\"https:\\\/\\\/repliquemangacine.fr\\\/armes-assassins-creed\\\/epee-aguilar-assassins-creed-le-film\\\/\"]}]},{\"@type\":\"ImageObject\",\"inLanguage\":\"es\",\"@id\":\"https:\\\/\\\/repliquemangacine.fr\\\/armes-assassins-creed\\\/epee-aguilar-assassins-creed-le-film\\\/#primaryimage\",\"url\":\"https:\\\/\\\/repliquemangacine.fr\\\/wp-content\\\/uploads\\\/2023\\\/10\\\/2451-Replique-epee-dAguilar-Assassins-Creed-le-Film.jpg\",\"contentUrl\":\"https:\\\/\\\/repliquemangacine.fr\\\/wp-content\\\/uploads\\\/2023\\\/10\\\/2451-Replique-epee-dAguilar-Assassins-Creed-le-Film.jpg\",\"width\":600,\"height\":600,\"caption\":\"Ep\u00e9e Aguilar Assassin's Creed le Film\"},{\"@type\":\"BreadcrumbList\",\"@id\":\"https:\\\/\\\/repliquemangacine.fr\\\/armes-assassins-creed\\\/epee-aguilar-assassins-creed-le-film\\\/#breadcrumb\",\"itemListElement\":[{\"@type\":\"ListItem\",\"position\":1,\"name\":\"Accueil\",\"item\":\"https:\\\/\\\/repliquemangacine.fr\\\/\"},{\"@type\":\"ListItem\",\"position\":2,\"name\":\"Produits\",\"item\":\"https:\\\/\\\/repliquemangacine.fr\\\/boutique\\\/\"},{\"@type\":\"ListItem\",\"position\":3,\"name\":\"Ep\u00e9e Aguilar Assassin&#8217;s Creed le Film\"}]},{\"@type\":\"WebSite\",\"@id\":\"https:\\\/\\\/repliquemangacine.fr\\\/#website\",\"url\":\"https:\\\/\\\/repliquemangacine.fr\\\/\",\"name\":\"R\u00e9plique Manga Cin\u00e9\",\"description\":\"\",\"publisher\":{\"@id\":\"https:\\\/\\\/repliquemangacine.fr\\\/#organization\"},\"potentialAction\":[{\"@type\":\"SearchAction\",\"target\":{\"@type\":\"EntryPoint\",\"urlTemplate\":\"https:\\\/\\\/repliquemangacine.fr\\\/?s={search_term_string}\"},\"query-input\":{\"@type\":\"PropertyValueSpecification\",\"valueRequired\":true,\"valueName\":\"search_term_string\"}}],\"inLanguage\":\"es\"},{\"@type\":\"Organization\",\"@id\":\"https:\\\/\\\/repliquemangacine.fr\\\/#organization\",\"name\":\"R\u00e9plique Manga Cin\u00e9\",\"url\":\"https:\\\/\\\/repliquemangacine.fr\\\/\",\"logo\":{\"@type\":\"ImageObject\",\"inLanguage\":\"es\",\"@id\":\"https:\\\/\\\/repliquemangacine.fr\\\/#\\\/schema\\\/logo\\\/image\\\/\",\"url\":\"https:\\\/\\\/repliquemangacine.fr\\\/wp-content\\\/uploads\\\/2023\\\/10\\\/RMC-500250.png\",\"contentUrl\":\"https:\\\/\\\/repliquemangacine.fr\\\/wp-content\\\/uploads\\\/2023\\\/10\\\/RMC-500250.png\",\"width\":500,\"height\":250,\"caption\":\"R\u00e9plique Manga Cin\u00e9\"},\"image\":{\"@id\":\"https:\\\/\\\/repliquemangacine.fr\\\/#\\\/schema\\\/logo\\\/image\\\/\"},\"sameAs\":[\"https:\\\/\\\/www.facebook.com\\\/RepliqueMangaCine\",\"https:\\\/\\\/www.instagram.com\\\/repliquemangacine.fr\\\/\"]}]}<\/script>\n<!-- \/ Yoast SEO plugin. -->","yoast_head_json":{"title":"Espada Aguilar - Assassin's Creed La Pel\u00edcula - Boutique en ligne | RMC","description":"\u00a1P\u00eddela ya! Tu espada Aguilar de Assassin's Creed. Hoja de acero inoxidable. Longitud total: 105cm - Env\u00edo 24\/48h","robots":{"index":"index","follow":"follow","max-snippet":"max-snippet:-1","max-image-preview":"max-image-preview:large","max-video-preview":"max-video-preview:-1"},"canonical":"https:\/\/repliquemangacine.fr\/es\/armas-de-assassins-creed\/espada-aguilar-assassins-creed-the-movie\/","og_locale":"es_ES","og_type":"article","og_title":"Ep\u00e9e Aguilar - Assassin's Creed Le Film - Boutique en ligne | RMC","og_description":"Commandez vite ! Votre Ep\u00e9e Aguilar dans le film Assassin's Creed. Lame en acier inoxydable. Longueur totale : 105cm - Envoi 24\/48h","og_url":"https:\/\/repliquemangacine.fr\/es\/armas-de-assassins-creed\/espada-aguilar-assassins-creed-the-movie\/","og_site_name":"R\u00e9plique Manga Cin\u00e9","article_publisher":"https:\/\/www.facebook.com\/RepliqueMangaCine","article_modified_time":"2026-01-30T14:19:36+00:00","og_image":[{"width":600,"height":600,"url":"https:\/\/repliquemangacine.fr\/wp-content\/uploads\/2023\/10\/2451-Replique-epee-dAguilar-Assassins-Creed-le-Film.jpg","type":"image\/jpeg"}],"twitter_card":"summary_large_image","twitter_misc":{"Tiempo de lectura":"3 minutos"},"schema":{"@context":"https:\/\/schema.org","@graph":[{"@type":"WebPage","@id":"https:\/\/repliquemangacine.fr\/armes-assassins-creed\/epee-aguilar-assassins-creed-le-film\/","url":"https:\/\/repliquemangacine.fr\/armes-assassins-creed\/epee-aguilar-assassins-creed-le-film\/","name":"Espada Aguilar - Assassin's Creed La Pel\u00edcula - Boutique en ligne | RMC","isPartOf":{"@id":"https:\/\/repliquemangacine.fr\/#website"},"primaryImageOfPage":{"@id":"https:\/\/repliquemangacine.fr\/armes-assassins-creed\/epee-aguilar-assassins-creed-le-film\/#primaryimage"},"image":{"@id":"https:\/\/repliquemangacine.fr\/armes-assassins-creed\/epee-aguilar-assassins-creed-le-film\/#primaryimage"},"thumbnailUrl":"https:\/\/repliquemangacine.fr\/wp-content\/uploads\/2023\/10\/2451-Replique-epee-dAguilar-Assassins-Creed-le-Film.jpg","datePublished":"2018-02-09T18:18:48+00:00","dateModified":"2026-01-30T14:19:36+00:00","description":"\u00a1P\u00eddela ya! Tu espada Aguilar de Assassin's Creed. Hoja de acero inoxidable. Longitud total: 105cm - Env\u00edo 24\/48h","breadcrumb":{"@id":"https:\/\/repliquemangacine.fr\/armes-assassins-creed\/epee-aguilar-assassins-creed-le-film\/#breadcrumb"},"inLanguage":"es","potentialAction":[{"@type":"ReadAction","target":["https:\/\/repliquemangacine.fr\/armes-assassins-creed\/epee-aguilar-assassins-creed-le-film\/"]}]},{"@type":"ImageObject","inLanguage":"es","@id":"https:\/\/repliquemangacine.fr\/armes-assassins-creed\/epee-aguilar-assassins-creed-le-film\/#primaryimage","url":"https:\/\/repliquemangacine.fr\/wp-content\/uploads\/2023\/10\/2451-Replique-epee-dAguilar-Assassins-Creed-le-Film.jpg","contentUrl":"https:\/\/repliquemangacine.fr\/wp-content\/uploads\/2023\/10\/2451-Replique-epee-dAguilar-Assassins-Creed-le-Film.jpg","width":600,"height":600,"caption":"Ep\u00e9e Aguilar Assassin's Creed le Film"},{"@type":"BreadcrumbList","@id":"https:\/\/repliquemangacine.fr\/armes-assassins-creed\/epee-aguilar-assassins-creed-le-film\/#breadcrumb","itemListElement":[{"@type":"ListItem","position":1,"name":"Accueil","item":"https:\/\/repliquemangacine.fr\/"},{"@type":"ListItem","position":2,"name":"Produits","item":"https:\/\/repliquemangacine.fr\/boutique\/"},{"@type":"ListItem","position":3,"name":"Ep\u00e9e Aguilar Assassin&#8217;s Creed le Film"}]},{"@type":"WebSite","@id":"https:\/\/repliquemangacine.fr\/#website","url":"https:\/\/repliquemangacine.fr\/","name":"R\u00e9plique Manga Cin\u00e9","description":"","publisher":{"@id":"https:\/\/repliquemangacine.fr\/#organization"},"potentialAction":[{"@type":"SearchAction","target":{"@type":"EntryPoint","urlTemplate":"https:\/\/repliquemangacine.fr\/?s={search_term_string}"},"query-input":{"@type":"PropertyValueSpecification","valueRequired":true,"valueName":"search_term_string"}}],"inLanguage":"es"},{"@type":"Organization","@id":"https:\/\/repliquemangacine.fr\/#organization","name":"R\u00e9plique Manga Cin\u00e9","url":"https:\/\/repliquemangacine.fr\/","logo":{"@type":"ImageObject","inLanguage":"es","@id":"https:\/\/repliquemangacine.fr\/#\/schema\/logo\/image\/","url":"https:\/\/repliquemangacine.fr\/wp-content\/uploads\/2023\/10\/RMC-500250.png","contentUrl":"https:\/\/repliquemangacine.fr\/wp-content\/uploads\/2023\/10\/RMC-500250.png","width":500,"height":250,"caption":"R\u00e9plique Manga Cin\u00e9"},"image":{"@id":"https:\/\/repliquemangacine.fr\/#\/schema\/logo\/image\/"},"sameAs":["https:\/\/www.facebook.com\/RepliqueMangaCine","https:\/\/www.instagram.com\/repliquemangacine.fr\/"]}]}},"_links":{"self":[{"href":"https:\/\/repliquemangacine.fr\/es\/wp-json\/wp\/v2\/product\/27680","targetHints":{"allow":["GET"]}}],"collection":[{"href":"https:\/\/repliquemangacine.fr\/es\/wp-json\/wp\/v2\/product"}],"about":[{"href":"https:\/\/repliquemangacine.fr\/es\/wp-json\/wp\/v2\/types\/product"}],"wp:featuredmedia":[{"embeddable":true,"href":"https:\/\/repliquemangacine.fr\/es\/wp-json\/wp\/v2\/media\/27681"}],"wp:attachment":[{"href":"https:\/\/repliquemangacine.fr\/es\/wp-json\/wp\/v2\/media?parent=27680"}],"wp:term":[{"taxonomy":"product_brand","embeddable":true,"href":"https:\/\/repliquemangacine.fr\/es\/wp-json\/wp\/v2\/product_brand?post=27680"},{"taxonomy":"product_cat","embeddable":true,"href":"https:\/\/repliquemangacine.fr\/es\/wp-json\/wp\/v2\/product_cat?post=27680"},{"taxonomy":"product_tag","embeddable":true,"href":"https:\/\/repliquemangacine.fr\/es\/wp-json\/wp\/v2\/product_tag?post=27680"}],"curies":[{"name":"wp","href":"https:\/\/api.w.org\/{rel}","templated":true}]}}