





{"id":27647,"date":"2018-01-14T20:22:55","date_gmt":"2018-01-14T19:22:55","guid":{"rendered":"https:\/\/repliquemangacine.fr\/?post_type=product&#038;p=27647"},"modified":"2026-04-13T17:09:50","modified_gmt":"2026-04-13T15:09:50","slug":"espada-maestra-daga-de-zelda","status":"publish","type":"product","link":"https:\/\/repliquemangacine.fr\/es\/epee-zelda\/dague-master-sword-zelda\/","title":{"rendered":"Espada maestra Zelda"},"content":{"rendered":"<h2>La Espada Maestra en Zelda.<\/h2>\n<p>Para empezar, el <strong>Espada maestra<\/strong> o Espada de Leyenda est\u00e1 inspirada en la espada m\u00e1s emblem\u00e1tica de la serie. Denominada Master Sword en las traducciones al ingl\u00e9s, esta espada sagrada sirve para repeler el mal, o m\u00e1s generalmente para repeler a Ganon, pero tambi\u00e9n sirve para adquirir nuevos poderes.<\/p>\n<p>Su origen se revela en Skyward Sword: antiguamente era la Espada Divina, perfeccionada y transformada en esta Espada de la Leyenda despu\u00e9s de que Link la sumergiera en las tres llamas de las diosas.<\/p>\n<p><a href=\"https:\/\/zelda.fandom.com\/fr\/wiki\/Link#\u00c9p\u00e9e_&amp;_\u00c9p\u00e9e_de_L\u00e9gende\" target=\"_blank\" rel=\"noopener noreferrer\">Enlace<\/a>abandona su hogar para luchar contra las fuerzas del mal. Aunque al principio de los juegos no parece saber manejar muy bien las armas, pronto domina nuevas t\u00e9cnicas y se hace con un variado arsenal, en el que la espada sigue siendo su arma favorita. Link pertenece al pueblo hyliano.<\/p>\n<h2>Su Espada Maestra al mejor precio.<\/h2>\n<p>Te ofrecemos una amplia selecci\u00f3n de r\u00e9plicas de los videojuegos Zelda.<\/p>\n<p>Lo primero y m\u00e1s importante,<\/p>\n<ul>\n<li>L'<a href=\"https:\/\/repliquemangacine.fr\/es\/zelda\/link-espada-maestra-espada-de-espuma-en-zelda\/\">Espada maestra<\/a> en una versi\u00f3n de espuma con un acabado absolutamente extraordinario.<\/li>\n<li>A continuaci\u00f3n, Le <a href=\"https:\/\/repliquemangacine.fr\/es\/zelda\/mug-bouclier-zelda\/\">Taza con escudo hyliano<\/a> en cer\u00e1mica con su Trifuerza.<\/li>\n<li>As\u00ed como el <a href=\"https:\/\/repliquemangacine.fr\/es\/zelda\/coffret-bois-de-10-bijoux-porte-cles-zelda\/\">llavero<\/a> 10 piezas.<\/li>\n<li>Y muchos m\u00e1s por descubrir en nuestra tienda en l\u00ednea.<\/li>\n<\/ul>\n<p>Por eso, esta es una idea estupenda para regalar a los fans de Zelda.<\/p>\n<p>En conclusi\u00f3n, puede utilizar el <strong>Espada maestra<\/strong> de Zelda para tus desfiles de Cosplay en convenciones. Pero sobre todo, es un objeto de coleccionista y una pieza decorativa.<\/p>\n<h2>\u00bfC\u00f3mo mantengo la hoja de mi daga Zelda?<\/h2>\n<p>Las espadas de colecci\u00f3n y decorativas se fabrican y ensamblan de forma simplificada. Como su uso es decorativo, no cuentan con los elementos de seguridad necesarios para una espada japonesa destinada al entrenamiento.<\/p>\n<p>Sin embargo, su <strong>Espada maestra<\/strong> a una hoja de acero que hay que cuidar para evitar que se estropee con el tiempo. Cuando exponga su katana, sus amigos sentir\u00e1n curiosidad por ver la hoja y tocarla. Aqu\u00ed es donde hay que tener cuidado, ya que la acidez de los dedos es muy perjudicial para el acero, sea cual sea su calidad.<\/p>\n<p>Sin embargo, si esto ocurre, no te asustes, todo lo que necesitas es un pa\u00f1o humedecido con un poco de aceite y limpiar las huellas dactilares. Si haces esto, tu espada durar\u00e1 mucho tiempo.<\/p>","protected":false},"excerpt":{"rendered":"<p>La versi\u00f3n con daga de la espada de Link en Zelda.<\/p>\n<ul>\n<li>Hoja de acero 440.<\/li>\n<li>Mango, empu\u00f1adura y pomo de metal fundido.<\/li>\n<li>Funda de ABS moldeado.<\/li>\n<li>Longitud de la hoja: 18 cm - Longitud total: 29 cm<\/li>\n<\/ul>","protected":false},"featured_media":27648,"template":"","meta":[],"product_brand":[896],"product_cat":[23,56],"product_tag":[],"class_list":{"0":"post-27647","1":"product","2":"type-product","3":"status-publish","4":"has-post-thumbnail","6":"product_brand-replique-manga-cine","7":"product_cat-repliques-manga-jeux-video","8":"product_cat-epee-zelda","10":"first","11":"instock","12":"taxable","13":"shipping-taxable","14":"purchasable","15":"product-type-simple"},"yoast_head":"<!-- This site is optimized with the Yoast SEO plugin v27.4 - https:\/\/yoast.com\/product\/yoast-seo-wordpress\/ -->\n<title>Dague Master Sword - Zelda - Boutique en ligne | RMC<\/title>\n<meta name=\"description\" content=\"En exclusivit\u00e9 ! Retrouvez la Dague Master Sword au meilleur prix. Lame en acier avec Triforce - Fourreau - Longueur totale : 29cm - Envoi 24\/48h\" \/>\n<meta name=\"robots\" content=\"index, follow, max-snippet:-1, max-image-preview:large, max-video-preview:-1\" \/>\n<link rel=\"canonical\" href=\"https:\/\/repliquemangacine.fr\/es\/espada-de-zelda\/espada-maestra-daga-de-zelda\/\" \/>\n<meta property=\"og:locale\" content=\"es_ES\" \/>\n<meta property=\"og:type\" content=\"article\" \/>\n<meta property=\"og:title\" content=\"Dague Master Sword - Zelda - Boutique en ligne | RMC\" \/>\n<meta property=\"og:description\" content=\"En exclusivit\u00e9 ! Retrouvez la Dague Master Sword au meilleur prix. Lame en acier avec Triforce - Fourreau - Longueur totale : 29cm - Envoi 24\/48h\" \/>\n<meta property=\"og:url\" content=\"https:\/\/repliquemangacine.fr\/es\/espada-de-zelda\/espada-maestra-daga-de-zelda\/\" \/>\n<meta property=\"og:site_name\" content=\"R\u00e9plique Manga Cin\u00e9\" \/>\n<meta property=\"article:publisher\" content=\"https:\/\/www.facebook.com\/RepliqueMangaCine\" \/>\n<meta property=\"article:modified_time\" content=\"2026-04-13T15:09:50+00:00\" \/>\n<meta property=\"og:image\" content=\"https:\/\/repliquemangacine.fr\/wp-content\/uploads\/2023\/10\/2418-Dague-The-Legende-of-Zelda-epee-de-Link-version-dague.jpg\" \/>\n\t<meta property=\"og:image:width\" content=\"600\" \/>\n\t<meta property=\"og:image:height\" content=\"600\" \/>\n\t<meta property=\"og:image:type\" content=\"image\/jpeg\" \/>\n<meta name=\"twitter:card\" content=\"summary_large_image\" \/>\n<meta name=\"twitter:label1\" content=\"Tiempo de lectura\" \/>\n\t<meta name=\"twitter:data1\" content=\"1 minuto\" \/>\n<script type=\"application\/ld+json\" class=\"yoast-schema-graph\">{\"@context\":\"https:\\\/\\\/schema.org\",\"@graph\":[{\"@type\":\"WebPage\",\"@id\":\"https:\\\/\\\/repliquemangacine.fr\\\/epee-zelda\\\/dague-master-sword-zelda\\\/\",\"url\":\"https:\\\/\\\/repliquemangacine.fr\\\/epee-zelda\\\/dague-master-sword-zelda\\\/\",\"name\":\"Dague Master Sword - Zelda - Boutique en ligne | RMC\",\"isPartOf\":{\"@id\":\"https:\\\/\\\/repliquemangacine.fr\\\/#website\"},\"primaryImageOfPage\":{\"@id\":\"https:\\\/\\\/repliquemangacine.fr\\\/epee-zelda\\\/dague-master-sword-zelda\\\/#primaryimage\"},\"image\":{\"@id\":\"https:\\\/\\\/repliquemangacine.fr\\\/epee-zelda\\\/dague-master-sword-zelda\\\/#primaryimage\"},\"thumbnailUrl\":\"https:\\\/\\\/repliquemangacine.fr\\\/wp-content\\\/uploads\\\/2023\\\/10\\\/2418-Dague-The-Legende-of-Zelda-epee-de-Link-version-dague.jpg\",\"datePublished\":\"2018-01-14T19:22:55+00:00\",\"dateModified\":\"2026-04-13T15:09:50+00:00\",\"description\":\"En exclusivit\u00e9 ! Retrouvez la Dague Master Sword au meilleur prix. Lame en acier avec Triforce - Fourreau - Longueur totale : 29cm - Envoi 24\\\/48h\",\"breadcrumb\":{\"@id\":\"https:\\\/\\\/repliquemangacine.fr\\\/epee-zelda\\\/dague-master-sword-zelda\\\/#breadcrumb\"},\"inLanguage\":\"es\",\"potentialAction\":[{\"@type\":\"ReadAction\",\"target\":[\"https:\\\/\\\/repliquemangacine.fr\\\/epee-zelda\\\/dague-master-sword-zelda\\\/\"]}]},{\"@type\":\"ImageObject\",\"inLanguage\":\"es\",\"@id\":\"https:\\\/\\\/repliquemangacine.fr\\\/epee-zelda\\\/dague-master-sword-zelda\\\/#primaryimage\",\"url\":\"https:\\\/\\\/repliquemangacine.fr\\\/wp-content\\\/uploads\\\/2023\\\/10\\\/2418-Dague-The-Legende-of-Zelda-epee-de-Link-version-dague.jpg\",\"contentUrl\":\"https:\\\/\\\/repliquemangacine.fr\\\/wp-content\\\/uploads\\\/2023\\\/10\\\/2418-Dague-The-Legende-of-Zelda-epee-de-Link-version-dague.jpg\",\"width\":600,\"height\":600,\"caption\":\"Dague Master Sword zelda\"},{\"@type\":\"BreadcrumbList\",\"@id\":\"https:\\\/\\\/repliquemangacine.fr\\\/epee-zelda\\\/dague-master-sword-zelda\\\/#breadcrumb\",\"itemListElement\":[{\"@type\":\"ListItem\",\"position\":1,\"name\":\"Accueil\",\"item\":\"https:\\\/\\\/repliquemangacine.fr\\\/\"},{\"@type\":\"ListItem\",\"position\":2,\"name\":\"Produits\",\"item\":\"https:\\\/\\\/repliquemangacine.fr\\\/boutique\\\/\"},{\"@type\":\"ListItem\",\"position\":3,\"name\":\"Dague Master Sword Zelda\"}]},{\"@type\":\"WebSite\",\"@id\":\"https:\\\/\\\/repliquemangacine.fr\\\/#website\",\"url\":\"https:\\\/\\\/repliquemangacine.fr\\\/\",\"name\":\"R\u00e9plique Manga Cin\u00e9\",\"description\":\"\",\"publisher\":{\"@id\":\"https:\\\/\\\/repliquemangacine.fr\\\/#organization\"},\"potentialAction\":[{\"@type\":\"SearchAction\",\"target\":{\"@type\":\"EntryPoint\",\"urlTemplate\":\"https:\\\/\\\/repliquemangacine.fr\\\/?s={search_term_string}\"},\"query-input\":{\"@type\":\"PropertyValueSpecification\",\"valueRequired\":true,\"valueName\":\"search_term_string\"}}],\"inLanguage\":\"es\"},{\"@type\":\"Organization\",\"@id\":\"https:\\\/\\\/repliquemangacine.fr\\\/#organization\",\"name\":\"R\u00e9plique Manga Cin\u00e9\",\"url\":\"https:\\\/\\\/repliquemangacine.fr\\\/\",\"logo\":{\"@type\":\"ImageObject\",\"inLanguage\":\"es\",\"@id\":\"https:\\\/\\\/repliquemangacine.fr\\\/#\\\/schema\\\/logo\\\/image\\\/\",\"url\":\"https:\\\/\\\/repliquemangacine.fr\\\/wp-content\\\/uploads\\\/2023\\\/10\\\/RMC-500250.png\",\"contentUrl\":\"https:\\\/\\\/repliquemangacine.fr\\\/wp-content\\\/uploads\\\/2023\\\/10\\\/RMC-500250.png\",\"width\":500,\"height\":250,\"caption\":\"R\u00e9plique Manga Cin\u00e9\"},\"image\":{\"@id\":\"https:\\\/\\\/repliquemangacine.fr\\\/#\\\/schema\\\/logo\\\/image\\\/\"},\"sameAs\":[\"https:\\\/\\\/www.facebook.com\\\/RepliqueMangaCine\",\"https:\\\/\\\/www.instagram.com\\\/repliquemangacine.fr\\\/\"]}]}<\/script>\n<!-- \/ Yoast SEO plugin. -->","yoast_head_json":{"title":"Espada Maestra - Zelda - Boutique en ligne | RMC","description":"\u00a1Exclusivo! Encuentre la Daga Espada Maestra al mejor precio. Hoja de acero con Trifuerza - Vaina - Longitud total: 29cm - Env\u00edo 24\/48h","robots":{"index":"index","follow":"follow","max-snippet":"max-snippet:-1","max-image-preview":"max-image-preview:large","max-video-preview":"max-video-preview:-1"},"canonical":"https:\/\/repliquemangacine.fr\/es\/espada-de-zelda\/espada-maestra-daga-de-zelda\/","og_locale":"es_ES","og_type":"article","og_title":"Dague Master Sword - Zelda - Boutique en ligne | RMC","og_description":"En exclusivit\u00e9 ! Retrouvez la Dague Master Sword au meilleur prix. Lame en acier avec Triforce - Fourreau - Longueur totale : 29cm - Envoi 24\/48h","og_url":"https:\/\/repliquemangacine.fr\/es\/espada-de-zelda\/espada-maestra-daga-de-zelda\/","og_site_name":"R\u00e9plique Manga Cin\u00e9","article_publisher":"https:\/\/www.facebook.com\/RepliqueMangaCine","article_modified_time":"2026-04-13T15:09:50+00:00","og_image":[{"width":600,"height":600,"url":"https:\/\/repliquemangacine.fr\/wp-content\/uploads\/2023\/10\/2418-Dague-The-Legende-of-Zelda-epee-de-Link-version-dague.jpg","type":"image\/jpeg"}],"twitter_card":"summary_large_image","twitter_misc":{"Tiempo de lectura":"1 minuto"},"schema":{"@context":"https:\/\/schema.org","@graph":[{"@type":"WebPage","@id":"https:\/\/repliquemangacine.fr\/epee-zelda\/dague-master-sword-zelda\/","url":"https:\/\/repliquemangacine.fr\/epee-zelda\/dague-master-sword-zelda\/","name":"Espada Maestra - Zelda - Boutique en ligne | RMC","isPartOf":{"@id":"https:\/\/repliquemangacine.fr\/#website"},"primaryImageOfPage":{"@id":"https:\/\/repliquemangacine.fr\/epee-zelda\/dague-master-sword-zelda\/#primaryimage"},"image":{"@id":"https:\/\/repliquemangacine.fr\/epee-zelda\/dague-master-sword-zelda\/#primaryimage"},"thumbnailUrl":"https:\/\/repliquemangacine.fr\/wp-content\/uploads\/2023\/10\/2418-Dague-The-Legende-of-Zelda-epee-de-Link-version-dague.jpg","datePublished":"2018-01-14T19:22:55+00:00","dateModified":"2026-04-13T15:09:50+00:00","description":"\u00a1Exclusivo! Encuentre la Daga Espada Maestra al mejor precio. Hoja de acero con Trifuerza - Vaina - Longitud total: 29cm - Env\u00edo 24\/48h","breadcrumb":{"@id":"https:\/\/repliquemangacine.fr\/epee-zelda\/dague-master-sword-zelda\/#breadcrumb"},"inLanguage":"es","potentialAction":[{"@type":"ReadAction","target":["https:\/\/repliquemangacine.fr\/epee-zelda\/dague-master-sword-zelda\/"]}]},{"@type":"ImageObject","inLanguage":"es","@id":"https:\/\/repliquemangacine.fr\/epee-zelda\/dague-master-sword-zelda\/#primaryimage","url":"https:\/\/repliquemangacine.fr\/wp-content\/uploads\/2023\/10\/2418-Dague-The-Legende-of-Zelda-epee-de-Link-version-dague.jpg","contentUrl":"https:\/\/repliquemangacine.fr\/wp-content\/uploads\/2023\/10\/2418-Dague-The-Legende-of-Zelda-epee-de-Link-version-dague.jpg","width":600,"height":600,"caption":"Dague Master Sword zelda"},{"@type":"BreadcrumbList","@id":"https:\/\/repliquemangacine.fr\/epee-zelda\/dague-master-sword-zelda\/#breadcrumb","itemListElement":[{"@type":"ListItem","position":1,"name":"Accueil","item":"https:\/\/repliquemangacine.fr\/"},{"@type":"ListItem","position":2,"name":"Produits","item":"https:\/\/repliquemangacine.fr\/boutique\/"},{"@type":"ListItem","position":3,"name":"Dague Master Sword Zelda"}]},{"@type":"WebSite","@id":"https:\/\/repliquemangacine.fr\/#website","url":"https:\/\/repliquemangacine.fr\/","name":"R\u00e9plique Manga Cin\u00e9","description":"","publisher":{"@id":"https:\/\/repliquemangacine.fr\/#organization"},"potentialAction":[{"@type":"SearchAction","target":{"@type":"EntryPoint","urlTemplate":"https:\/\/repliquemangacine.fr\/?s={search_term_string}"},"query-input":{"@type":"PropertyValueSpecification","valueRequired":true,"valueName":"search_term_string"}}],"inLanguage":"es"},{"@type":"Organization","@id":"https:\/\/repliquemangacine.fr\/#organization","name":"R\u00e9plique Manga Cin\u00e9","url":"https:\/\/repliquemangacine.fr\/","logo":{"@type":"ImageObject","inLanguage":"es","@id":"https:\/\/repliquemangacine.fr\/#\/schema\/logo\/image\/","url":"https:\/\/repliquemangacine.fr\/wp-content\/uploads\/2023\/10\/RMC-500250.png","contentUrl":"https:\/\/repliquemangacine.fr\/wp-content\/uploads\/2023\/10\/RMC-500250.png","width":500,"height":250,"caption":"R\u00e9plique Manga Cin\u00e9"},"image":{"@id":"https:\/\/repliquemangacine.fr\/#\/schema\/logo\/image\/"},"sameAs":["https:\/\/www.facebook.com\/RepliqueMangaCine","https:\/\/www.instagram.com\/repliquemangacine.fr\/"]}]}},"_links":{"self":[{"href":"https:\/\/repliquemangacine.fr\/es\/wp-json\/wp\/v2\/product\/27647","targetHints":{"allow":["GET"]}}],"collection":[{"href":"https:\/\/repliquemangacine.fr\/es\/wp-json\/wp\/v2\/product"}],"about":[{"href":"https:\/\/repliquemangacine.fr\/es\/wp-json\/wp\/v2\/types\/product"}],"wp:featuredmedia":[{"embeddable":true,"href":"https:\/\/repliquemangacine.fr\/es\/wp-json\/wp\/v2\/media\/27648"}],"wp:attachment":[{"href":"https:\/\/repliquemangacine.fr\/es\/wp-json\/wp\/v2\/media?parent=27647"}],"wp:term":[{"taxonomy":"product_brand","embeddable":true,"href":"https:\/\/repliquemangacine.fr\/es\/wp-json\/wp\/v2\/product_brand?post=27647"},{"taxonomy":"product_cat","embeddable":true,"href":"https:\/\/repliquemangacine.fr\/es\/wp-json\/wp\/v2\/product_cat?post=27647"},{"taxonomy":"product_tag","embeddable":true,"href":"https:\/\/repliquemangacine.fr\/es\/wp-json\/wp\/v2\/product_tag?post=27647"}],"curies":[{"name":"wp","href":"https:\/\/api.w.org\/{rel}","templated":true}]}}