





{"id":27642,"date":"2018-01-14T19:07:48","date_gmt":"2018-01-14T18:07:48","guid":{"rendered":"https:\/\/repliquemangacine.fr\/?post_type=product&#038;p=27642"},"modified":"2026-04-20T10:56:15","modified_gmt":"2026-04-20T08:56:15","slug":"daga-aragorn-cuchillo-elfo-de-strider","status":"publish","type":"product","link":"https:\/\/repliquemangacine.fr\/es\/epees-seigneur-des-anneaux\/dague-poignard-aragorn-elven-knife-of-strider\/","title":{"rendered":"Daga de Aragorn"},"content":{"rendered":"<h2>Daga Aragorn El Se\u00f1or de los Anillos.<\/h2>\n<p>Para empezar, el <strong>Daga de Aragorn<\/strong>es ofrecida por el elfo Celeborn Se\u00f1or de la <a href=\"https:\/\/lotr.fandom.com\/fr\/wiki\/Lothl\u00f3rien\" target=\"_blank\" rel=\"noopener noreferrer\">Lothl\u00f3rien<\/a>\u00a0en la pel\u00edcula El Se\u00f1or de los Anillos.<\/p>\n<p>Miembro de la Hermandad del Anillo, Aragorn es un viejo amigo de Gandalf y de los Elfos de la Tierra Media, quienes le regalaron esta magn\u00edfica daga llamada Elven Knife.<\/p>\n<p>Convertido en Strider (en ingl\u00e9s), Aragorn se encuentra con los cuatro hobbits (Frodo, Merry, Pippin y Sam) en la posada El Poni Ligero, donde los protege de un ataque de los Nazg\u00fbl.<\/p>\n<p>Aragorn, gran guerrero, obtiene varias victorias importantes. Lucha contra cinco Nazg\u00fbl en el Monte Ventoso. Luego toma el camino de los muertos para levantar el ej\u00e9rcito de los muertos y combatir a los corsarios de Umbar. \u00a1Y mucho m\u00e1s!<\/p>\n<h2>Tu Daga de Aragorn al mejor precio<\/h2>\n<p>Le ofrecemos todas las r\u00e9plicas de El Se\u00f1or de los Anillos.<\/p>\n<p>Lo primero y m\u00e1s importante,<\/p>\n<ul>\n<li>En <a href=\"https:\/\/repliquemangacine.fr\/es\/espadas-del-senor-de-los-anillos\/el-senor-de-los-anillos-legolas-sables\/\">dos espadas \u00e9lficas de Legolas<\/a>tan \u00fatil en la b\u00fasqueda del anillo.<\/li>\n<li>Pero tambi\u00e9n la<a href=\"https:\/\/repliquemangacine.fr\/es\/espadas-del-senor-de-los-anillos\/anduril-aragorn-espada-senor-de-los-anillos\/\">Espada Anduril<\/a> en su placa, tanto en versi\u00f3n decorativa como con vaina.<\/li>\n<li>Y mucho m\u00e1s por descubrir en nuestra tienda en l\u00ednea.<\/li>\n<\/ul>\n<p>He aqu\u00ed una estupenda idea de regalo para los fans de la trilog\u00eda de El Se\u00f1or de los Anillos.<\/p>\n<p>Para concluir, tambi\u00e9n puede utilizarla la <strong>Daga de Aragorn<\/strong> en tus fiestas tem\u00e1ticas o desfiles de cosplay. Pero, ante todo, es una pieza de colecci\u00f3n y decoraci\u00f3n.<\/p>\n<p>R\u00e9plique Manga Cin\u00e9 es una empresa familiar francesa.<strong><br \/>\n<\/strong><\/p>\n<h2>\u00bfC\u00f3mo mantengo la hoja de mi daga de El Se\u00f1or de los Anillos?<\/h2>\n<p>Las dagas de colecci\u00f3n y decorativas se fabrican y ensamblan de forma simplificada. Como su uso es decorativo, no cuentan con los elementos de seguridad exigidos para un sable japon\u00e9s destinado al entrenamiento.<\/p>\n<p>Sin embargo, su <strong>Daga de Aragorn<\/strong> a una hoja de acero que hay que cuidar para evitar que se estropee con el tiempo. Cuando exponga su katana, sus amigos sentir\u00e1n curiosidad por ver la hoja y tocarla. Aqu\u00ed es donde hay que tener cuidado, ya que la acidez de los dedos es muy perjudicial para el acero, sea cual sea su calidad.<\/p>\n<p>Sin embargo, si esto ocurre, no te asustes, todo lo que necesitas es un pa\u00f1o humedecido con un poco de aceite y limpiar las huellas dactilares. Si haces esto, tu espada durar\u00e1 mucho tiempo.<\/p>","protected":false},"excerpt":{"rendered":"<p>R\u00e9plica de la daga de Aragorn de El Se\u00f1or de los Anillos.<\/p>\n<ul>\n<li>Hoja de acero inoxidable.<\/li>\n<li>Empu\u00f1adura y vaina de ABS moldeado imitaci\u00f3n cuero negro.<\/li>\n<li>Longitud de la hoja: 28 cm - Longitud total: 44,5 cm<\/li>\n<\/ul>","protected":false},"featured_media":27643,"template":"","meta":[],"product_brand":[896],"product_cat":[68,24,29],"product_tag":[],"class_list":{"0":"post-27642","1":"product","2":"type-product","3":"status-publish","4":"has-post-thumbnail","6":"product_brand-replique-manga-cine","7":"product_cat-epees-seigneur-des-anneaux","8":"product_cat-films-series-tv-vente-de-katana-epee-et-produits-derives","9":"product_cat-le-seigneur-des-anneaux","11":"first","12":"instock","13":"taxable","14":"shipping-taxable","15":"purchasable","16":"product-type-simple"},"yoast_head":"<!-- This site is optimized with the Yoast SEO plugin v27.4 - https:\/\/yoast.com\/product\/yoast-seo-wordpress\/ -->\n<title>Dague Poignard Aragorn - Le Seigneur des Anneaux | RMC<\/title>\n<meta name=\"description\" content=\"R\u00e9plique de la Dague Poignard Aragorn dans le Seigneur des Anneaux pas ch\u00e8re. Lame en acier - Fourreau similicuir - Longueur : 44.5 cm - Envoi 24\/48h\" \/>\n<meta name=\"robots\" content=\"index, follow, max-snippet:-1, max-image-preview:large, max-video-preview:-1\" \/>\n<link rel=\"canonical\" href=\"https:\/\/repliquemangacine.fr\/es\/espadas-del-senor-de-los-anillos\/daga-aragorn-cuchillo-elfo-de-strider\/\" \/>\n<meta property=\"og:locale\" content=\"es_ES\" \/>\n<meta property=\"og:type\" content=\"article\" \/>\n<meta property=\"og:title\" content=\"Dague Poignard Aragorn - Le Seigneur des Anneaux | RMC\" \/>\n<meta property=\"og:description\" content=\"R\u00e9plique de la Dague Poignard Aragorn dans le Seigneur des Anneaux pas ch\u00e8re. Lame en acier - Fourreau similicuir - Longueur : 44.5 cm - Envoi 24\/48h\" \/>\n<meta property=\"og:url\" content=\"https:\/\/repliquemangacine.fr\/es\/espadas-del-senor-de-los-anillos\/daga-aragorn-cuchillo-elfo-de-strider\/\" \/>\n<meta property=\"og:site_name\" content=\"R\u00e9plique Manga Cin\u00e9\" \/>\n<meta property=\"article:publisher\" content=\"https:\/\/www.facebook.com\/RepliqueMangaCine\" \/>\n<meta property=\"article:modified_time\" content=\"2026-04-20T08:56:15+00:00\" \/>\n<meta property=\"og:image\" content=\"https:\/\/repliquemangacine.fr\/wp-content\/uploads\/2023\/10\/2413-Replique-Poignard-Aragorn-Elven-knife-of-Strider.jpg\" \/>\n\t<meta property=\"og:image:width\" content=\"600\" \/>\n\t<meta property=\"og:image:height\" content=\"600\" \/>\n\t<meta property=\"og:image:type\" content=\"image\/jpeg\" \/>\n<meta name=\"twitter:card\" content=\"summary_large_image\" \/>\n<meta name=\"twitter:label1\" content=\"Tiempo de lectura\" \/>\n\t<meta name=\"twitter:data1\" content=\"2 minutos\" \/>\n<script type=\"application\/ld+json\" class=\"yoast-schema-graph\">{\"@context\":\"https:\\\/\\\/schema.org\",\"@graph\":[{\"@type\":\"WebPage\",\"@id\":\"https:\\\/\\\/repliquemangacine.fr\\\/epees-seigneur-des-anneaux\\\/dague-poignard-aragorn-elven-knife-of-strider\\\/\",\"url\":\"https:\\\/\\\/repliquemangacine.fr\\\/epees-seigneur-des-anneaux\\\/dague-poignard-aragorn-elven-knife-of-strider\\\/\",\"name\":\"Dague Poignard Aragorn - Le Seigneur des Anneaux | RMC\",\"isPartOf\":{\"@id\":\"https:\\\/\\\/repliquemangacine.fr\\\/#website\"},\"primaryImageOfPage\":{\"@id\":\"https:\\\/\\\/repliquemangacine.fr\\\/epees-seigneur-des-anneaux\\\/dague-poignard-aragorn-elven-knife-of-strider\\\/#primaryimage\"},\"image\":{\"@id\":\"https:\\\/\\\/repliquemangacine.fr\\\/epees-seigneur-des-anneaux\\\/dague-poignard-aragorn-elven-knife-of-strider\\\/#primaryimage\"},\"thumbnailUrl\":\"https:\\\/\\\/repliquemangacine.fr\\\/wp-content\\\/uploads\\\/2023\\\/10\\\/2413-Replique-Poignard-Aragorn-Elven-knife-of-Strider.jpg\",\"datePublished\":\"2018-01-14T18:07:48+00:00\",\"dateModified\":\"2026-04-20T08:56:15+00:00\",\"description\":\"R\u00e9plique de la Dague Poignard Aragorn dans le Seigneur des Anneaux pas ch\u00e8re. Lame en acier - Fourreau similicuir - Longueur : 44.5 cm - Envoi 24\\\/48h\",\"breadcrumb\":{\"@id\":\"https:\\\/\\\/repliquemangacine.fr\\\/epees-seigneur-des-anneaux\\\/dague-poignard-aragorn-elven-knife-of-strider\\\/#breadcrumb\"},\"inLanguage\":\"es\",\"potentialAction\":[{\"@type\":\"ReadAction\",\"target\":[\"https:\\\/\\\/repliquemangacine.fr\\\/epees-seigneur-des-anneaux\\\/dague-poignard-aragorn-elven-knife-of-strider\\\/\"]}]},{\"@type\":\"ImageObject\",\"inLanguage\":\"es\",\"@id\":\"https:\\\/\\\/repliquemangacine.fr\\\/epees-seigneur-des-anneaux\\\/dague-poignard-aragorn-elven-knife-of-strider\\\/#primaryimage\",\"url\":\"https:\\\/\\\/repliquemangacine.fr\\\/wp-content\\\/uploads\\\/2023\\\/10\\\/2413-Replique-Poignard-Aragorn-Elven-knife-of-Strider.jpg\",\"contentUrl\":\"https:\\\/\\\/repliquemangacine.fr\\\/wp-content\\\/uploads\\\/2023\\\/10\\\/2413-Replique-Poignard-Aragorn-Elven-knife-of-Strider.jpg\",\"width\":600,\"height\":600,\"caption\":\"R\u00e9plique dague Aragorn Elven knife of Strider\"},{\"@type\":\"BreadcrumbList\",\"@id\":\"https:\\\/\\\/repliquemangacine.fr\\\/epees-seigneur-des-anneaux\\\/dague-poignard-aragorn-elven-knife-of-strider\\\/#breadcrumb\",\"itemListElement\":[{\"@type\":\"ListItem\",\"position\":1,\"name\":\"Accueil\",\"item\":\"https:\\\/\\\/repliquemangacine.fr\\\/\"},{\"@type\":\"ListItem\",\"position\":2,\"name\":\"Produits\",\"item\":\"https:\\\/\\\/repliquemangacine.fr\\\/boutique\\\/\"},{\"@type\":\"ListItem\",\"position\":3,\"name\":\"Dague Poignard Aragorn\"}]},{\"@type\":\"WebSite\",\"@id\":\"https:\\\/\\\/repliquemangacine.fr\\\/#website\",\"url\":\"https:\\\/\\\/repliquemangacine.fr\\\/\",\"name\":\"R\u00e9plique Manga Cin\u00e9\",\"description\":\"\",\"publisher\":{\"@id\":\"https:\\\/\\\/repliquemangacine.fr\\\/#organization\"},\"potentialAction\":[{\"@type\":\"SearchAction\",\"target\":{\"@type\":\"EntryPoint\",\"urlTemplate\":\"https:\\\/\\\/repliquemangacine.fr\\\/?s={search_term_string}\"},\"query-input\":{\"@type\":\"PropertyValueSpecification\",\"valueRequired\":true,\"valueName\":\"search_term_string\"}}],\"inLanguage\":\"es\"},{\"@type\":\"Organization\",\"@id\":\"https:\\\/\\\/repliquemangacine.fr\\\/#organization\",\"name\":\"R\u00e9plique Manga Cin\u00e9\",\"url\":\"https:\\\/\\\/repliquemangacine.fr\\\/\",\"logo\":{\"@type\":\"ImageObject\",\"inLanguage\":\"es\",\"@id\":\"https:\\\/\\\/repliquemangacine.fr\\\/#\\\/schema\\\/logo\\\/image\\\/\",\"url\":\"https:\\\/\\\/repliquemangacine.fr\\\/wp-content\\\/uploads\\\/2023\\\/10\\\/RMC-500250.png\",\"contentUrl\":\"https:\\\/\\\/repliquemangacine.fr\\\/wp-content\\\/uploads\\\/2023\\\/10\\\/RMC-500250.png\",\"width\":500,\"height\":250,\"caption\":\"R\u00e9plique Manga Cin\u00e9\"},\"image\":{\"@id\":\"https:\\\/\\\/repliquemangacine.fr\\\/#\\\/schema\\\/logo\\\/image\\\/\"},\"sameAs\":[\"https:\\\/\\\/www.facebook.com\\\/RepliqueMangaCine\",\"https:\\\/\\\/www.instagram.com\\\/repliquemangacine.fr\\\/\"]}]}<\/script>\n<!-- \/ Yoast SEO plugin. -->","yoast_head_json":{"title":"Daga de Aragorn - El Se\u00f1or de los Anillos | RMC","description":"R\u00e9plica barata de la Daga de Aragorn de El Se\u00f1or de los Anillos. Hoja de acero - Vaina de imitaci\u00f3n de cuero - Longitud: 44,5 cm - Env\u00edo 24\/48h","robots":{"index":"index","follow":"follow","max-snippet":"max-snippet:-1","max-image-preview":"max-image-preview:large","max-video-preview":"max-video-preview:-1"},"canonical":"https:\/\/repliquemangacine.fr\/es\/espadas-del-senor-de-los-anillos\/daga-aragorn-cuchillo-elfo-de-strider\/","og_locale":"es_ES","og_type":"article","og_title":"Dague Poignard Aragorn - Le Seigneur des Anneaux | RMC","og_description":"R\u00e9plique de la Dague Poignard Aragorn dans le Seigneur des Anneaux pas ch\u00e8re. Lame en acier - Fourreau similicuir - Longueur : 44.5 cm - Envoi 24\/48h","og_url":"https:\/\/repliquemangacine.fr\/es\/espadas-del-senor-de-los-anillos\/daga-aragorn-cuchillo-elfo-de-strider\/","og_site_name":"R\u00e9plique Manga Cin\u00e9","article_publisher":"https:\/\/www.facebook.com\/RepliqueMangaCine","article_modified_time":"2026-04-20T08:56:15+00:00","og_image":[{"width":600,"height":600,"url":"https:\/\/repliquemangacine.fr\/wp-content\/uploads\/2023\/10\/2413-Replique-Poignard-Aragorn-Elven-knife-of-Strider.jpg","type":"image\/jpeg"}],"twitter_card":"summary_large_image","twitter_misc":{"Tiempo de lectura":"2 minutos"},"schema":{"@context":"https:\/\/schema.org","@graph":[{"@type":"WebPage","@id":"https:\/\/repliquemangacine.fr\/epees-seigneur-des-anneaux\/dague-poignard-aragorn-elven-knife-of-strider\/","url":"https:\/\/repliquemangacine.fr\/epees-seigneur-des-anneaux\/dague-poignard-aragorn-elven-knife-of-strider\/","name":"Daga de Aragorn - El Se\u00f1or de los Anillos | RMC","isPartOf":{"@id":"https:\/\/repliquemangacine.fr\/#website"},"primaryImageOfPage":{"@id":"https:\/\/repliquemangacine.fr\/epees-seigneur-des-anneaux\/dague-poignard-aragorn-elven-knife-of-strider\/#primaryimage"},"image":{"@id":"https:\/\/repliquemangacine.fr\/epees-seigneur-des-anneaux\/dague-poignard-aragorn-elven-knife-of-strider\/#primaryimage"},"thumbnailUrl":"https:\/\/repliquemangacine.fr\/wp-content\/uploads\/2023\/10\/2413-Replique-Poignard-Aragorn-Elven-knife-of-Strider.jpg","datePublished":"2018-01-14T18:07:48+00:00","dateModified":"2026-04-20T08:56:15+00:00","description":"R\u00e9plica barata de la Daga de Aragorn de El Se\u00f1or de los Anillos. Hoja de acero - Vaina de imitaci\u00f3n de cuero - Longitud: 44,5 cm - Env\u00edo 24\/48h","breadcrumb":{"@id":"https:\/\/repliquemangacine.fr\/epees-seigneur-des-anneaux\/dague-poignard-aragorn-elven-knife-of-strider\/#breadcrumb"},"inLanguage":"es","potentialAction":[{"@type":"ReadAction","target":["https:\/\/repliquemangacine.fr\/epees-seigneur-des-anneaux\/dague-poignard-aragorn-elven-knife-of-strider\/"]}]},{"@type":"ImageObject","inLanguage":"es","@id":"https:\/\/repliquemangacine.fr\/epees-seigneur-des-anneaux\/dague-poignard-aragorn-elven-knife-of-strider\/#primaryimage","url":"https:\/\/repliquemangacine.fr\/wp-content\/uploads\/2023\/10\/2413-Replique-Poignard-Aragorn-Elven-knife-of-Strider.jpg","contentUrl":"https:\/\/repliquemangacine.fr\/wp-content\/uploads\/2023\/10\/2413-Replique-Poignard-Aragorn-Elven-knife-of-Strider.jpg","width":600,"height":600,"caption":"R\u00e9plique dague Aragorn Elven knife of Strider"},{"@type":"BreadcrumbList","@id":"https:\/\/repliquemangacine.fr\/epees-seigneur-des-anneaux\/dague-poignard-aragorn-elven-knife-of-strider\/#breadcrumb","itemListElement":[{"@type":"ListItem","position":1,"name":"Accueil","item":"https:\/\/repliquemangacine.fr\/"},{"@type":"ListItem","position":2,"name":"Produits","item":"https:\/\/repliquemangacine.fr\/boutique\/"},{"@type":"ListItem","position":3,"name":"Dague Poignard Aragorn"}]},{"@type":"WebSite","@id":"https:\/\/repliquemangacine.fr\/#website","url":"https:\/\/repliquemangacine.fr\/","name":"R\u00e9plique Manga Cin\u00e9","description":"","publisher":{"@id":"https:\/\/repliquemangacine.fr\/#organization"},"potentialAction":[{"@type":"SearchAction","target":{"@type":"EntryPoint","urlTemplate":"https:\/\/repliquemangacine.fr\/?s={search_term_string}"},"query-input":{"@type":"PropertyValueSpecification","valueRequired":true,"valueName":"search_term_string"}}],"inLanguage":"es"},{"@type":"Organization","@id":"https:\/\/repliquemangacine.fr\/#organization","name":"R\u00e9plique Manga Cin\u00e9","url":"https:\/\/repliquemangacine.fr\/","logo":{"@type":"ImageObject","inLanguage":"es","@id":"https:\/\/repliquemangacine.fr\/#\/schema\/logo\/image\/","url":"https:\/\/repliquemangacine.fr\/wp-content\/uploads\/2023\/10\/RMC-500250.png","contentUrl":"https:\/\/repliquemangacine.fr\/wp-content\/uploads\/2023\/10\/RMC-500250.png","width":500,"height":250,"caption":"R\u00e9plique Manga Cin\u00e9"},"image":{"@id":"https:\/\/repliquemangacine.fr\/#\/schema\/logo\/image\/"},"sameAs":["https:\/\/www.facebook.com\/RepliqueMangaCine","https:\/\/www.instagram.com\/repliquemangacine.fr\/"]}]}},"_links":{"self":[{"href":"https:\/\/repliquemangacine.fr\/es\/wp-json\/wp\/v2\/product\/27642","targetHints":{"allow":["GET"]}}],"collection":[{"href":"https:\/\/repliquemangacine.fr\/es\/wp-json\/wp\/v2\/product"}],"about":[{"href":"https:\/\/repliquemangacine.fr\/es\/wp-json\/wp\/v2\/types\/product"}],"wp:featuredmedia":[{"embeddable":true,"href":"https:\/\/repliquemangacine.fr\/es\/wp-json\/wp\/v2\/media\/27643"}],"wp:attachment":[{"href":"https:\/\/repliquemangacine.fr\/es\/wp-json\/wp\/v2\/media?parent=27642"}],"wp:term":[{"taxonomy":"product_brand","embeddable":true,"href":"https:\/\/repliquemangacine.fr\/es\/wp-json\/wp\/v2\/product_brand?post=27642"},{"taxonomy":"product_cat","embeddable":true,"href":"https:\/\/repliquemangacine.fr\/es\/wp-json\/wp\/v2\/product_cat?post=27642"},{"taxonomy":"product_tag","embeddable":true,"href":"https:\/\/repliquemangacine.fr\/es\/wp-json\/wp\/v2\/product_tag?post=27642"}],"curies":[{"name":"wp","href":"https:\/\/api.w.org\/{rel}","templated":true}]}}