





{"id":27635,"date":"2018-01-14T15:44:32","date_gmt":"2018-01-14T14:44:32","guid":{"rendered":"https:\/\/repliquemangacine.fr\/?post_type=product&#038;p=27635"},"modified":"2026-04-18T17:23:07","modified_gmt":"2026-04-18T15:23:07","slug":"jon-snow-espada-grande-juego-de-tronos-etiqueta","status":"publish","type":"product","link":"https:\/\/repliquemangacine.fr\/es\/epees-game-of-thrones\/epee-de-jon-snow-grand-griffe-game-of-thrones\/","title":{"rendered":"Gran Espada Garra de Jon Nieve"},"content":{"rendered":"<h2>Espada Grand-Griffe de Jon Nieve en Juego de Tronos.<\/h2>\n<p>Para empezar, el<strong>Gran Espada Garra de Jon Nieve<\/strong> (Longclaw) est\u00e1 en <a href=\"https:\/\/gameofthrones.fandom.com\/fr\/wiki\/Acier_valyrien\" target=\"_blank\" rel=\"noopener noreferrer\">Acero valyrio<\/a> que perteneci\u00f3 a la Casa Mormont.<\/p>\n<p>Jeor Mormont se la regal\u00f3 a Jon en la primera temporada de la serie, despu\u00e9s de que Jon le salvara la vida de un espectro. Longclaw aparece a lo largo de todas las temporadas de la serie. Jon la lleva consigo a todas partes cuando sale m\u00e1s all\u00e1 del Muro, en las diferentes batallas (\u201cCastillo Negro\u201d, \u00abBatalla de los Bastardos\u00bb, etc.), entre otras.<\/p>\n<p>Le salva la vida durante su duelo contra un caminante, ya que no explota al entrar en contacto con la Espada de Hielo del Caminante Blanco. Sorprendido, Jon lo mata, lo que provoca la explosi\u00f3n del caminante. Gran Garra se convierte en la espada oficial de la Casa Stark.<\/p>\n<h2>Tu espada barata Jon Snow Grand-Griffe.<\/h2>\n<p>Te traemos todas las r\u00e9plicas de las espadas de tus h\u00e9roes favoritos de Juego de Tronos.<\/p>\n<p>Lo primero y m\u00e1s importante,<\/p>\n<ul>\n<li>L'<a href=\"https:\/\/repliquemangacine.fr\/es\/espadas-de-juego-de-tronos\/epee-needle-arya-stark-game-of-thrones-2\/\">espada aguja arya<\/a> Stark, que le dio Jon Nieve.<\/li>\n<li>Pero tambi\u00e9n la<a href=\"https:\/\/repliquemangacine.fr\/es\/juego-de-tronos\/jon-snow-espada-gran-garra-espada-el-trono-de-hierro\/\">Espada Longclaw<\/a> versi\u00f3n novelada.<\/li>\n<li>Y muchos m\u00e1s por descubrir en nuestra tienda en l\u00ednea.<\/li>\n<\/ul>\n<p>Por eso, aqu\u00ed tienes una idea estupenda para regalar a los fans de la serie Juego de Tronos.<\/p>\n<p>En conclusi\u00f3n, puede utilizar el\u2019<strong>Espada Gran Garra de Jon Nieve<\/strong> para tus desfiles de cosplay o veladas tem\u00e1ticas. Pero, sobre todo, es una pieza de coleccionista y decoraci\u00f3n.<\/p>\n<h2>\u00bfC\u00f3mo mantengo la hoja de mi espada de Juego de Tronos?<\/h2>\n<p>Las espadas de colecci\u00f3n y decorativas se fabrican y ensamblan de forma simplificada. Como su uso es decorativo, no cuentan con los elementos de seguridad necesarios para una espada japonesa destinada al entrenamiento.<\/p>\n<p>Sin embargo, su <strong>Espada Gran Garra de Jon Nieve<\/strong> a una hoja de acero que hay que cuidar para evitar que se estropee con el tiempo. Cuando exponga su katana, sus amigos sentir\u00e1n curiosidad por ver la hoja y tocarla. Aqu\u00ed es donde hay que tener cuidado, ya que la acidez de los dedos es muy perjudicial para el acero, sea cual sea su calidad.<\/p>\n<p>Sin embargo, si esto ocurre, no te asustes, todo lo que necesitas es un pa\u00f1o humedecido con un poco de aceite y limpiar las huellas dactilares. Si haces esto, tu espada durar\u00e1 mucho tiempo.<\/p>\n<p><strong>\u00a0<\/strong><\/p>","protected":false},"excerpt":{"rendered":"<p>R\u00e9plica de la espada Longclaw que lleva Jon Nieve en Juego de Tronos.<\/p>\n<ul>\n<li>Hoja de acero 440 con ranura.<\/li>\n<li>Protector met\u00e1lico.<\/li>\n<li>Mango de ABS moldeado.<\/li>\n<li>Pomo de resina con cabeza de lobo.<\/li>\n<li>Reverso serigrafiado.<\/li>\n<li>Longitud de la hoja: 82 cm - Longitud total: 108 cm<\/li>\n<\/ul>","protected":false},"featured_media":27636,"template":"","meta":[],"product_brand":[896],"product_cat":[72,24,47],"product_tag":[],"class_list":{"0":"post-27635","1":"product","2":"type-product","3":"status-publish","4":"has-post-thumbnail","6":"product_brand-replique-manga-cine","7":"product_cat-epees-game-of-thrones","8":"product_cat-films-series-tv-vente-de-katana-epee-et-produits-derives","9":"product_cat-game-of-thrones","11":"first","12":"instock","13":"taxable","14":"shipping-taxable","15":"purchasable","16":"product-type-simple"},"yoast_head":"<!-- This site is optimized with the Yoast SEO plugin v27.4 - https:\/\/yoast.com\/product\/yoast-seo-wordpress\/ -->\n<title>Ep\u00e9e Jon Snow Grand-Griffe - Ep\u00e9e Game of Thrones | RMC<\/title>\n<meta name=\"description\" content=\"Offrez-lui\u202f! L&#039;Ep\u00e9e Jon Snow Grand-Griffe dans la s\u00e9rie Game of Thrones au meilleur prix. Lame en acier 440 - Pommeau r\u00e9sine - Longueur : 108 cm - Support\" \/>\n<meta name=\"robots\" content=\"index, follow, max-snippet:-1, max-image-preview:large, max-video-preview:-1\" \/>\n<link rel=\"canonical\" href=\"https:\/\/repliquemangacine.fr\/es\/espadas-de-juego-de-tronos\/jon-snow-espada-grande-juego-de-tronos-etiqueta\/\" \/>\n<meta property=\"og:locale\" content=\"es_ES\" \/>\n<meta property=\"og:type\" content=\"article\" \/>\n<meta property=\"og:title\" content=\"Ep\u00e9e Jon Snow Grand-Griffe - Ep\u00e9e Game of Thrones | RMC\" \/>\n<meta property=\"og:description\" content=\"Offrez-lui\u202f! L&#039;Ep\u00e9e Jon Snow Grand-Griffe dans la s\u00e9rie Game of Thrones au meilleur prix. Lame en acier 440 - Pommeau r\u00e9sine - Longueur : 108 cm - Support\" \/>\n<meta property=\"og:url\" content=\"https:\/\/repliquemangacine.fr\/es\/espadas-de-juego-de-tronos\/jon-snow-espada-grande-juego-de-tronos-etiqueta\/\" \/>\n<meta property=\"og:site_name\" content=\"R\u00e9plique Manga Cin\u00e9\" \/>\n<meta property=\"article:publisher\" content=\"https:\/\/www.facebook.com\/RepliqueMangaCine\" \/>\n<meta property=\"article:modified_time\" content=\"2026-04-18T15:23:07+00:00\" \/>\n<meta property=\"og:image\" content=\"https:\/\/repliquemangacine.fr\/wp-content\/uploads\/2023\/10\/2403-Epee-de-Jon-Snow-Grand-Griffe-Game-of-Thrones.jpg\" \/>\n\t<meta property=\"og:image:width\" content=\"600\" \/>\n\t<meta property=\"og:image:height\" content=\"600\" \/>\n\t<meta property=\"og:image:type\" content=\"image\/jpeg\" \/>\n<meta name=\"twitter:card\" content=\"summary_large_image\" \/>\n<meta name=\"twitter:label1\" content=\"Tiempo de lectura\" \/>\n\t<meta name=\"twitter:data1\" content=\"3 minutos\" \/>\n<script type=\"application\/ld+json\" class=\"yoast-schema-graph\">{\"@context\":\"https:\\\/\\\/schema.org\",\"@graph\":[{\"@type\":\"WebPage\",\"@id\":\"https:\\\/\\\/repliquemangacine.fr\\\/epees-game-of-thrones\\\/epee-de-jon-snow-grand-griffe-game-of-thrones\\\/\",\"url\":\"https:\\\/\\\/repliquemangacine.fr\\\/epees-game-of-thrones\\\/epee-de-jon-snow-grand-griffe-game-of-thrones\\\/\",\"name\":\"Ep\u00e9e Jon Snow Grand-Griffe - Ep\u00e9e Game of Thrones | RMC\",\"isPartOf\":{\"@id\":\"https:\\\/\\\/repliquemangacine.fr\\\/#website\"},\"primaryImageOfPage\":{\"@id\":\"https:\\\/\\\/repliquemangacine.fr\\\/epees-game-of-thrones\\\/epee-de-jon-snow-grand-griffe-game-of-thrones\\\/#primaryimage\"},\"image\":{\"@id\":\"https:\\\/\\\/repliquemangacine.fr\\\/epees-game-of-thrones\\\/epee-de-jon-snow-grand-griffe-game-of-thrones\\\/#primaryimage\"},\"thumbnailUrl\":\"https:\\\/\\\/repliquemangacine.fr\\\/wp-content\\\/uploads\\\/2023\\\/10\\\/2403-Epee-de-Jon-Snow-Grand-Griffe-Game-of-Thrones.jpg\",\"datePublished\":\"2018-01-14T14:44:32+00:00\",\"dateModified\":\"2026-04-18T15:23:07+00:00\",\"description\":\"Offrez-lui\u202f! L'Ep\u00e9e Jon Snow Grand-Griffe dans la s\u00e9rie Game of Thrones au meilleur prix. Lame en acier 440 - Pommeau r\u00e9sine - Longueur : 108 cm - Support\",\"breadcrumb\":{\"@id\":\"https:\\\/\\\/repliquemangacine.fr\\\/epees-game-of-thrones\\\/epee-de-jon-snow-grand-griffe-game-of-thrones\\\/#breadcrumb\"},\"inLanguage\":\"es\",\"potentialAction\":[{\"@type\":\"ReadAction\",\"target\":[\"https:\\\/\\\/repliquemangacine.fr\\\/epees-game-of-thrones\\\/epee-de-jon-snow-grand-griffe-game-of-thrones\\\/\"]}]},{\"@type\":\"ImageObject\",\"inLanguage\":\"es\",\"@id\":\"https:\\\/\\\/repliquemangacine.fr\\\/epees-game-of-thrones\\\/epee-de-jon-snow-grand-griffe-game-of-thrones\\\/#primaryimage\",\"url\":\"https:\\\/\\\/repliquemangacine.fr\\\/wp-content\\\/uploads\\\/2023\\\/10\\\/2403-Epee-de-Jon-Snow-Grand-Griffe-Game-of-Thrones.jpg\",\"contentUrl\":\"https:\\\/\\\/repliquemangacine.fr\\\/wp-content\\\/uploads\\\/2023\\\/10\\\/2403-Epee-de-Jon-Snow-Grand-Griffe-Game-of-Thrones.jpg\",\"width\":600,\"height\":600,\"caption\":\"Ep\u00e9e de Jon Snow - Grand Griffe Game of Thrones\"},{\"@type\":\"BreadcrumbList\",\"@id\":\"https:\\\/\\\/repliquemangacine.fr\\\/epees-game-of-thrones\\\/epee-de-jon-snow-grand-griffe-game-of-thrones\\\/#breadcrumb\",\"itemListElement\":[{\"@type\":\"ListItem\",\"position\":1,\"name\":\"Accueil\",\"item\":\"https:\\\/\\\/repliquemangacine.fr\\\/\"},{\"@type\":\"ListItem\",\"position\":2,\"name\":\"Produits\",\"item\":\"https:\\\/\\\/repliquemangacine.fr\\\/boutique\\\/\"},{\"@type\":\"ListItem\",\"position\":3,\"name\":\"Ep\u00e9e Jon Snow Grand Griffe\"}]},{\"@type\":\"WebSite\",\"@id\":\"https:\\\/\\\/repliquemangacine.fr\\\/#website\",\"url\":\"https:\\\/\\\/repliquemangacine.fr\\\/\",\"name\":\"R\u00e9plique Manga Cin\u00e9\",\"description\":\"\",\"publisher\":{\"@id\":\"https:\\\/\\\/repliquemangacine.fr\\\/#organization\"},\"potentialAction\":[{\"@type\":\"SearchAction\",\"target\":{\"@type\":\"EntryPoint\",\"urlTemplate\":\"https:\\\/\\\/repliquemangacine.fr\\\/?s={search_term_string}\"},\"query-input\":{\"@type\":\"PropertyValueSpecification\",\"valueRequired\":true,\"valueName\":\"search_term_string\"}}],\"inLanguage\":\"es\"},{\"@type\":\"Organization\",\"@id\":\"https:\\\/\\\/repliquemangacine.fr\\\/#organization\",\"name\":\"R\u00e9plique Manga Cin\u00e9\",\"url\":\"https:\\\/\\\/repliquemangacine.fr\\\/\",\"logo\":{\"@type\":\"ImageObject\",\"inLanguage\":\"es\",\"@id\":\"https:\\\/\\\/repliquemangacine.fr\\\/#\\\/schema\\\/logo\\\/image\\\/\",\"url\":\"https:\\\/\\\/repliquemangacine.fr\\\/wp-content\\\/uploads\\\/2023\\\/10\\\/RMC-500250.png\",\"contentUrl\":\"https:\\\/\\\/repliquemangacine.fr\\\/wp-content\\\/uploads\\\/2023\\\/10\\\/RMC-500250.png\",\"width\":500,\"height\":250,\"caption\":\"R\u00e9plique Manga Cin\u00e9\"},\"image\":{\"@id\":\"https:\\\/\\\/repliquemangacine.fr\\\/#\\\/schema\\\/logo\\\/image\\\/\"},\"sameAs\":[\"https:\\\/\\\/www.facebook.com\\\/RepliqueMangaCine\",\"https:\\\/\\\/www.instagram.com\\\/repliquemangacine.fr\\\/\"]}]}<\/script>\n<!-- \/ Yoast SEO plugin. -->","yoast_head_json":{"title":"Espada Gran Garra de Jon Nieve - Juego de Tronos Espada | RMC","description":"\u00a1Reg\u00e1lasela! La Gran Espada Garra de Jon Nieve de la serie Juego de Tronos al mejor precio. Hoja de acero 440 - Pomo de resina - Longitud: 108 cm - Soporte","robots":{"index":"index","follow":"follow","max-snippet":"max-snippet:-1","max-image-preview":"max-image-preview:large","max-video-preview":"max-video-preview:-1"},"canonical":"https:\/\/repliquemangacine.fr\/es\/espadas-de-juego-de-tronos\/jon-snow-espada-grande-juego-de-tronos-etiqueta\/","og_locale":"es_ES","og_type":"article","og_title":"Ep\u00e9e Jon Snow Grand-Griffe - Ep\u00e9e Game of Thrones | RMC","og_description":"Offrez-lui\u202f! L'Ep\u00e9e Jon Snow Grand-Griffe dans la s\u00e9rie Game of Thrones au meilleur prix. Lame en acier 440 - Pommeau r\u00e9sine - Longueur : 108 cm - Support","og_url":"https:\/\/repliquemangacine.fr\/es\/espadas-de-juego-de-tronos\/jon-snow-espada-grande-juego-de-tronos-etiqueta\/","og_site_name":"R\u00e9plique Manga Cin\u00e9","article_publisher":"https:\/\/www.facebook.com\/RepliqueMangaCine","article_modified_time":"2026-04-18T15:23:07+00:00","og_image":[{"width":600,"height":600,"url":"https:\/\/repliquemangacine.fr\/wp-content\/uploads\/2023\/10\/2403-Epee-de-Jon-Snow-Grand-Griffe-Game-of-Thrones.jpg","type":"image\/jpeg"}],"twitter_card":"summary_large_image","twitter_misc":{"Tiempo de lectura":"3 minutos"},"schema":{"@context":"https:\/\/schema.org","@graph":[{"@type":"WebPage","@id":"https:\/\/repliquemangacine.fr\/epees-game-of-thrones\/epee-de-jon-snow-grand-griffe-game-of-thrones\/","url":"https:\/\/repliquemangacine.fr\/epees-game-of-thrones\/epee-de-jon-snow-grand-griffe-game-of-thrones\/","name":"Espada Gran Garra de Jon Nieve - Juego de Tronos Espada | RMC","isPartOf":{"@id":"https:\/\/repliquemangacine.fr\/#website"},"primaryImageOfPage":{"@id":"https:\/\/repliquemangacine.fr\/epees-game-of-thrones\/epee-de-jon-snow-grand-griffe-game-of-thrones\/#primaryimage"},"image":{"@id":"https:\/\/repliquemangacine.fr\/epees-game-of-thrones\/epee-de-jon-snow-grand-griffe-game-of-thrones\/#primaryimage"},"thumbnailUrl":"https:\/\/repliquemangacine.fr\/wp-content\/uploads\/2023\/10\/2403-Epee-de-Jon-Snow-Grand-Griffe-Game-of-Thrones.jpg","datePublished":"2018-01-14T14:44:32+00:00","dateModified":"2026-04-18T15:23:07+00:00","description":"\u00a1Reg\u00e1lasela! La Gran Espada Garra de Jon Nieve de la serie Juego de Tronos al mejor precio. Hoja de acero 440 - Pomo de resina - Longitud: 108 cm - Soporte","breadcrumb":{"@id":"https:\/\/repliquemangacine.fr\/epees-game-of-thrones\/epee-de-jon-snow-grand-griffe-game-of-thrones\/#breadcrumb"},"inLanguage":"es","potentialAction":[{"@type":"ReadAction","target":["https:\/\/repliquemangacine.fr\/epees-game-of-thrones\/epee-de-jon-snow-grand-griffe-game-of-thrones\/"]}]},{"@type":"ImageObject","inLanguage":"es","@id":"https:\/\/repliquemangacine.fr\/epees-game-of-thrones\/epee-de-jon-snow-grand-griffe-game-of-thrones\/#primaryimage","url":"https:\/\/repliquemangacine.fr\/wp-content\/uploads\/2023\/10\/2403-Epee-de-Jon-Snow-Grand-Griffe-Game-of-Thrones.jpg","contentUrl":"https:\/\/repliquemangacine.fr\/wp-content\/uploads\/2023\/10\/2403-Epee-de-Jon-Snow-Grand-Griffe-Game-of-Thrones.jpg","width":600,"height":600,"caption":"Ep\u00e9e de Jon Snow - Grand Griffe Game of Thrones"},{"@type":"BreadcrumbList","@id":"https:\/\/repliquemangacine.fr\/epees-game-of-thrones\/epee-de-jon-snow-grand-griffe-game-of-thrones\/#breadcrumb","itemListElement":[{"@type":"ListItem","position":1,"name":"Accueil","item":"https:\/\/repliquemangacine.fr\/"},{"@type":"ListItem","position":2,"name":"Produits","item":"https:\/\/repliquemangacine.fr\/boutique\/"},{"@type":"ListItem","position":3,"name":"Ep\u00e9e Jon Snow Grand Griffe"}]},{"@type":"WebSite","@id":"https:\/\/repliquemangacine.fr\/#website","url":"https:\/\/repliquemangacine.fr\/","name":"R\u00e9plique Manga Cin\u00e9","description":"","publisher":{"@id":"https:\/\/repliquemangacine.fr\/#organization"},"potentialAction":[{"@type":"SearchAction","target":{"@type":"EntryPoint","urlTemplate":"https:\/\/repliquemangacine.fr\/?s={search_term_string}"},"query-input":{"@type":"PropertyValueSpecification","valueRequired":true,"valueName":"search_term_string"}}],"inLanguage":"es"},{"@type":"Organization","@id":"https:\/\/repliquemangacine.fr\/#organization","name":"R\u00e9plique Manga Cin\u00e9","url":"https:\/\/repliquemangacine.fr\/","logo":{"@type":"ImageObject","inLanguage":"es","@id":"https:\/\/repliquemangacine.fr\/#\/schema\/logo\/image\/","url":"https:\/\/repliquemangacine.fr\/wp-content\/uploads\/2023\/10\/RMC-500250.png","contentUrl":"https:\/\/repliquemangacine.fr\/wp-content\/uploads\/2023\/10\/RMC-500250.png","width":500,"height":250,"caption":"R\u00e9plique Manga Cin\u00e9"},"image":{"@id":"https:\/\/repliquemangacine.fr\/#\/schema\/logo\/image\/"},"sameAs":["https:\/\/www.facebook.com\/RepliqueMangaCine","https:\/\/www.instagram.com\/repliquemangacine.fr\/"]}]}},"_links":{"self":[{"href":"https:\/\/repliquemangacine.fr\/es\/wp-json\/wp\/v2\/product\/27635","targetHints":{"allow":["GET"]}}],"collection":[{"href":"https:\/\/repliquemangacine.fr\/es\/wp-json\/wp\/v2\/product"}],"about":[{"href":"https:\/\/repliquemangacine.fr\/es\/wp-json\/wp\/v2\/types\/product"}],"wp:featuredmedia":[{"embeddable":true,"href":"https:\/\/repliquemangacine.fr\/es\/wp-json\/wp\/v2\/media\/27636"}],"wp:attachment":[{"href":"https:\/\/repliquemangacine.fr\/es\/wp-json\/wp\/v2\/media?parent=27635"}],"wp:term":[{"taxonomy":"product_brand","embeddable":true,"href":"https:\/\/repliquemangacine.fr\/es\/wp-json\/wp\/v2\/product_brand?post=27635"},{"taxonomy":"product_cat","embeddable":true,"href":"https:\/\/repliquemangacine.fr\/es\/wp-json\/wp\/v2\/product_cat?post=27635"},{"taxonomy":"product_tag","embeddable":true,"href":"https:\/\/repliquemangacine.fr\/es\/wp-json\/wp\/v2\/product_tag?post=27635"}],"curies":[{"name":"wp","href":"https:\/\/api.w.org\/{rel}","templated":true}]}}