





{"id":27628,"date":"2017-12-17T23:04:57","date_gmt":"2017-12-17T22:04:57","guid":{"rendered":"https:\/\/repliquemangacine.fr\/?post_type=product&#038;p=27628"},"modified":"2025-09-23T18:01:57","modified_gmt":"2025-09-23T16:01:57","slug":"overwatch-genji-oni-dragon-blade-katana","status":"publish","type":"product","link":"https:\/\/repliquemangacine.fr\/es\/katana-et-epee-de-jeux-video-autre-jeux-video\/overwatch-katana-de-genji-oni-lame-de-dragon\/","title":{"rendered":"Katana Genji Oni Overwatch"},"content":{"rendered":"<div class=\"rte\">\n<h2>Katana Genji Oni Overwatch<\/h2>\n<p>Empecemos por <strong>Katana Genji Oni Overwatch<\/strong>, \u00a1Esta espada drag\u00f3n que utiliza el ninja cyborg Genji skin Oni tiene una habilidad definitiva! Su espada inflige un da\u00f1o enorme. Genji finalmente desenvaina su katana gracias a su habilidad definitiva durante 6 segundos. Al mando de esta nueva arma, tu da\u00f1o se vuelve extremadamente importante y tus enemigos solo tienen dos opciones: morir o huir.<\/p>\n<p>Genji Shimada es uno de los principales protagonistas y personajes jugables del videojuego Overwatch. Es un ciberninja japon\u00e9s, hermano de Hanzo y disc\u00edpulo de Zenyatta .<\/p>\n<p>H\u00e9roe de da\u00f1o, Genji tiene una katana llamada Ry\u016b ichimonji, que \u00e9l mismo mantiene y nunca ha permitido que nadie m\u00e1s examine o repare.<\/p>\n<p><a href=\"https:\/\/www.overwatch-world.com\/heros\/genji\" target=\"_blank\" rel=\"noopener noreferrer\">Overwatch<\/a> videojuego, desarrollado y publicado por Blizzard Entertainment.<\/p>\n<h2>Tu Katana Genji Oni Overwatch barata.<\/h2>\n<p>Te ofrecemos una amplia selecci\u00f3n de r\u00e9plicas de tu videojuego favorito, Overwatch.<\/p>\n<p>Lo primero y m\u00e1s importante,<\/p>\n<ul>\n<li>Le<a href=\"https:\/\/repliquemangacine.fr\/es\/otros-videojuegos\/blackwatch-espada-genji-overwatch-espada-dragon-blade\/\"> Katana Genji Blackwatch<\/a> en el videojuego Overwatch.<\/li>\n<li>Tambi\u00e9n est\u00e1 la Espada<a href=\"https:\/\/repliquemangacine.fr\/es\/otros-videojuegos\/epee-genji-baihu-nouvel-an-lunaire-overwatch\/\"> Genji Baihu<\/a> Overwatch, disponible en A\u00f1o Nuevo.<\/li>\n<li>Adem\u00e1s del arma principal de Genji, el <a href=\"https:\/\/repliquemangacine.fr\/es\/otros-videojuegos\/ensemble-de-3-shurikens-de-genji-d-overwatch\/\">Shuriken<\/a> que hace un da\u00f1o poderoso.<\/li>\n<li>Y muchos m\u00e1s por descubrir en nuestra tienda en l\u00ednea.<\/li>\n<\/ul>\n<p>Por eso, esta es una idea estupenda para regalar a todos los fans de Overwatch.<\/p>\n<p>Para concluir, puede utilizar el <strong>Katana Genji Oni Overwatch<\/strong> para tus desfiles de cosplay o veladas tem\u00e1ticas. Pero sobre todo, esta espada es una pieza de coleccionista y una pieza decorativa.<\/p>\n<p>R\u00e9plique Manga Cin\u00e9 es una empresa familiar francesa<\/p>\n<h2>\u00bfC\u00f3mo mantener la hoja de su katana Ryu Ichimonji?<\/h2>\n<p>Las katanas de colecci\u00f3n y decorativas se fabrican y ensamblan de forma simplificada. Como su uso es decorativo, no cuentan con los elementos de seguridad exigidos a una espada japonesa destinada al entrenamiento.<\/p>\n<p>Sin embargo, su <strong>katana Genji Oni Overwatch<\/strong> a una hoja de acero que hay que cuidar para evitar que se estropee con el tiempo. Cuando exponga su katana, sus amigos sentir\u00e1n curiosidad por ver la hoja y tocarla. Aqu\u00ed es donde hay que tener cuidado, ya que la acidez de los dedos es muy perjudicial para el acero, sea cual sea su calidad.<\/p>\n<p>Sin embargo, si esto ocurre, no te asustes, todo lo que necesitas es un pa\u00f1o humedecido con un poco de aceite y limpiar las huellas dactilares. Si haces esto, tu espada durar\u00e1 mucho tiempo.<\/p>\n<p><strong>\u00a0<\/strong><\/p>\n<\/div>","protected":false},"excerpt":{"rendered":"<p>Katana de Genji Oni, el h\u00e9roe cyborg de Overwatch.<\/p>\n<ul>\n<li>Hoja de acero inoxidable.<\/li>\n<li>Mango de ABS moldeado.<\/li>\n<li>Protector de acero con forma especial.<\/li>\n<li>Vaina de madera negra.<\/li>\n<li>Soporte de madera.<\/li>\n<li>Longitud de la hoja: 71cm - Longitud total: 106cm - Peso total: 1650grs<\/li>\n<\/ul>","protected":false},"featured_media":27629,"template":"","meta":[],"product_brand":[896],"product_cat":[23,67],"product_tag":[],"class_list":{"0":"post-27628","1":"product","2":"type-product","3":"status-publish","4":"has-post-thumbnail","6":"product_brand-replique-manga-cine","7":"product_cat-repliques-manga-jeux-video","8":"product_cat-katana-et-epee-de-jeux-video-autre-jeux-video","10":"first","11":"instock","12":"sale","13":"taxable","14":"shipping-taxable","15":"purchasable","16":"product-type-simple"},"yoast_head":"<!-- This site is optimized with the Yoast SEO plugin v27.4 - https:\/\/yoast.com\/product\/yoast-seo-wordpress\/ -->\n<title>Katana Genji Oni Overwatch - Ep\u00e9e Sabre Lame du dragon - RMC<\/title>\n<meta name=\"description\" content=\"Commandez vite ! Le Katana Genji Oni Overwatch au meilleur prix - Lame acier - Fourreau - Echelle 1\/1 - Longueur : 106 cm - Envoi 24\/48h\" \/>\n<meta name=\"robots\" content=\"index, follow, max-snippet:-1, max-image-preview:large, max-video-preview:-1\" \/>\n<link rel=\"canonical\" href=\"https:\/\/repliquemangacine.fr\/es\/katana-y-espada-videojuego-otros-videojuegos\/overwatch-genji-oni-dragon-blade-katana\/\" \/>\n<meta property=\"og:locale\" content=\"es_ES\" \/>\n<meta property=\"og:type\" content=\"article\" \/>\n<meta property=\"og:title\" content=\"Katana Genji Oni Overwatch - Ep\u00e9e Sabre Lame du dragon - RMC\" \/>\n<meta property=\"og:description\" content=\"Commandez vite ! Le Katana Genji Oni Overwatch au meilleur prix - Lame acier - Fourreau - Echelle 1\/1 - Longueur : 106 cm - Envoi 24\/48h\" \/>\n<meta property=\"og:url\" content=\"https:\/\/repliquemangacine.fr\/es\/katana-y-espada-videojuego-otros-videojuegos\/overwatch-genji-oni-dragon-blade-katana\/\" \/>\n<meta property=\"og:site_name\" content=\"R\u00e9plique Manga Cin\u00e9\" \/>\n<meta property=\"article:publisher\" content=\"https:\/\/www.facebook.com\/RepliqueMangaCine\" \/>\n<meta property=\"article:modified_time\" content=\"2025-09-23T16:01:57+00:00\" \/>\n<meta property=\"og:image\" content=\"https:\/\/repliquemangacine.fr\/wp-content\/uploads\/2023\/10\/2397-Overwatch-Katana-de-Genji-Oni-Lame-de-dragon.jpg\" \/>\n\t<meta property=\"og:image:width\" content=\"600\" \/>\n\t<meta property=\"og:image:height\" content=\"600\" \/>\n\t<meta property=\"og:image:type\" content=\"image\/jpeg\" \/>\n<meta name=\"twitter:card\" content=\"summary_large_image\" \/>\n<meta name=\"twitter:label1\" content=\"Tiempo de lectura\" \/>\n\t<meta name=\"twitter:data1\" content=\"1 minuto\" \/>\n<script type=\"application\/ld+json\" class=\"yoast-schema-graph\">{\"@context\":\"https:\\\/\\\/schema.org\",\"@graph\":[{\"@type\":\"WebPage\",\"@id\":\"https:\\\/\\\/repliquemangacine.fr\\\/katana-et-epee-de-jeux-video-autre-jeux-video\\\/overwatch-katana-de-genji-oni-lame-de-dragon\\\/\",\"url\":\"https:\\\/\\\/repliquemangacine.fr\\\/katana-et-epee-de-jeux-video-autre-jeux-video\\\/overwatch-katana-de-genji-oni-lame-de-dragon\\\/\",\"name\":\"Katana Genji Oni Overwatch - Ep\u00e9e Sabre Lame du dragon - RMC\",\"isPartOf\":{\"@id\":\"https:\\\/\\\/repliquemangacine.fr\\\/#website\"},\"primaryImageOfPage\":{\"@id\":\"https:\\\/\\\/repliquemangacine.fr\\\/katana-et-epee-de-jeux-video-autre-jeux-video\\\/overwatch-katana-de-genji-oni-lame-de-dragon\\\/#primaryimage\"},\"image\":{\"@id\":\"https:\\\/\\\/repliquemangacine.fr\\\/katana-et-epee-de-jeux-video-autre-jeux-video\\\/overwatch-katana-de-genji-oni-lame-de-dragon\\\/#primaryimage\"},\"thumbnailUrl\":\"https:\\\/\\\/repliquemangacine.fr\\\/wp-content\\\/uploads\\\/2023\\\/10\\\/2397-Overwatch-Katana-de-Genji-Oni-Lame-de-dragon.jpg\",\"datePublished\":\"2017-12-17T22:04:57+00:00\",\"dateModified\":\"2025-09-23T16:01:57+00:00\",\"description\":\"Commandez vite ! Le Katana Genji Oni Overwatch au meilleur prix - Lame acier - Fourreau - Echelle 1\\\/1 - Longueur : 106 cm - Envoi 24\\\/48h\",\"breadcrumb\":{\"@id\":\"https:\\\/\\\/repliquemangacine.fr\\\/katana-et-epee-de-jeux-video-autre-jeux-video\\\/overwatch-katana-de-genji-oni-lame-de-dragon\\\/#breadcrumb\"},\"inLanguage\":\"es\",\"potentialAction\":[{\"@type\":\"ReadAction\",\"target\":[\"https:\\\/\\\/repliquemangacine.fr\\\/katana-et-epee-de-jeux-video-autre-jeux-video\\\/overwatch-katana-de-genji-oni-lame-de-dragon\\\/\"]}]},{\"@type\":\"ImageObject\",\"inLanguage\":\"es\",\"@id\":\"https:\\\/\\\/repliquemangacine.fr\\\/katana-et-epee-de-jeux-video-autre-jeux-video\\\/overwatch-katana-de-genji-oni-lame-de-dragon\\\/#primaryimage\",\"url\":\"https:\\\/\\\/repliquemangacine.fr\\\/wp-content\\\/uploads\\\/2023\\\/10\\\/2397-Overwatch-Katana-de-Genji-Oni-Lame-de-dragon.jpg\",\"contentUrl\":\"https:\\\/\\\/repliquemangacine.fr\\\/wp-content\\\/uploads\\\/2023\\\/10\\\/2397-Overwatch-Katana-de-Genji-Oni-Lame-de-dragon.jpg\",\"width\":600,\"height\":600,\"caption\":\"Overwatch - Katana de Genji Oni- Lame de dragon\"},{\"@type\":\"BreadcrumbList\",\"@id\":\"https:\\\/\\\/repliquemangacine.fr\\\/katana-et-epee-de-jeux-video-autre-jeux-video\\\/overwatch-katana-de-genji-oni-lame-de-dragon\\\/#breadcrumb\",\"itemListElement\":[{\"@type\":\"ListItem\",\"position\":1,\"name\":\"Accueil\",\"item\":\"https:\\\/\\\/repliquemangacine.fr\\\/\"},{\"@type\":\"ListItem\",\"position\":2,\"name\":\"Produits\",\"item\":\"https:\\\/\\\/repliquemangacine.fr\\\/boutique\\\/\"},{\"@type\":\"ListItem\",\"position\":3,\"name\":\"Katana Genji Oni Overwatch\"}]},{\"@type\":\"WebSite\",\"@id\":\"https:\\\/\\\/repliquemangacine.fr\\\/#website\",\"url\":\"https:\\\/\\\/repliquemangacine.fr\\\/\",\"name\":\"R\u00e9plique Manga Cin\u00e9\",\"description\":\"\",\"publisher\":{\"@id\":\"https:\\\/\\\/repliquemangacine.fr\\\/#organization\"},\"potentialAction\":[{\"@type\":\"SearchAction\",\"target\":{\"@type\":\"EntryPoint\",\"urlTemplate\":\"https:\\\/\\\/repliquemangacine.fr\\\/?s={search_term_string}\"},\"query-input\":{\"@type\":\"PropertyValueSpecification\",\"valueRequired\":true,\"valueName\":\"search_term_string\"}}],\"inLanguage\":\"es\"},{\"@type\":\"Organization\",\"@id\":\"https:\\\/\\\/repliquemangacine.fr\\\/#organization\",\"name\":\"R\u00e9plique Manga Cin\u00e9\",\"url\":\"https:\\\/\\\/repliquemangacine.fr\\\/\",\"logo\":{\"@type\":\"ImageObject\",\"inLanguage\":\"es\",\"@id\":\"https:\\\/\\\/repliquemangacine.fr\\\/#\\\/schema\\\/logo\\\/image\\\/\",\"url\":\"https:\\\/\\\/repliquemangacine.fr\\\/wp-content\\\/uploads\\\/2023\\\/10\\\/RMC-500250.png\",\"contentUrl\":\"https:\\\/\\\/repliquemangacine.fr\\\/wp-content\\\/uploads\\\/2023\\\/10\\\/RMC-500250.png\",\"width\":500,\"height\":250,\"caption\":\"R\u00e9plique Manga Cin\u00e9\"},\"image\":{\"@id\":\"https:\\\/\\\/repliquemangacine.fr\\\/#\\\/schema\\\/logo\\\/image\\\/\"},\"sameAs\":[\"https:\\\/\\\/www.facebook.com\\\/RepliqueMangaCine\",\"https:\\\/\\\/www.instagram.com\\\/repliquemangacine.fr\\\/\"]}]}<\/script>\n<!-- \/ Yoast SEO plugin. -->","yoast_head_json":{"title":"Katana Genji Oni Overwatch - Espada Sable Dragon Blade - RMC","description":"Haz tu pedido Le Katana Genji Oni Overwatch au meilleur prix - Hoja de acero - Vaina - Escala 1\/1 - Longitud : 106 cm - Entrega 24\/48h","robots":{"index":"index","follow":"follow","max-snippet":"max-snippet:-1","max-image-preview":"max-image-preview:large","max-video-preview":"max-video-preview:-1"},"canonical":"https:\/\/repliquemangacine.fr\/es\/katana-y-espada-videojuego-otros-videojuegos\/overwatch-genji-oni-dragon-blade-katana\/","og_locale":"es_ES","og_type":"article","og_title":"Katana Genji Oni Overwatch - Ep\u00e9e Sabre Lame du dragon - RMC","og_description":"Commandez vite ! Le Katana Genji Oni Overwatch au meilleur prix - Lame acier - Fourreau - Echelle 1\/1 - Longueur : 106 cm - Envoi 24\/48h","og_url":"https:\/\/repliquemangacine.fr\/es\/katana-y-espada-videojuego-otros-videojuegos\/overwatch-genji-oni-dragon-blade-katana\/","og_site_name":"R\u00e9plique Manga Cin\u00e9","article_publisher":"https:\/\/www.facebook.com\/RepliqueMangaCine","article_modified_time":"2025-09-23T16:01:57+00:00","og_image":[{"width":600,"height":600,"url":"https:\/\/repliquemangacine.fr\/wp-content\/uploads\/2023\/10\/2397-Overwatch-Katana-de-Genji-Oni-Lame-de-dragon.jpg","type":"image\/jpeg"}],"twitter_card":"summary_large_image","twitter_misc":{"Tiempo de lectura":"1 minuto"},"schema":{"@context":"https:\/\/schema.org","@graph":[{"@type":"WebPage","@id":"https:\/\/repliquemangacine.fr\/katana-et-epee-de-jeux-video-autre-jeux-video\/overwatch-katana-de-genji-oni-lame-de-dragon\/","url":"https:\/\/repliquemangacine.fr\/katana-et-epee-de-jeux-video-autre-jeux-video\/overwatch-katana-de-genji-oni-lame-de-dragon\/","name":"Katana Genji Oni Overwatch - Espada Sable Dragon Blade - RMC","isPartOf":{"@id":"https:\/\/repliquemangacine.fr\/#website"},"primaryImageOfPage":{"@id":"https:\/\/repliquemangacine.fr\/katana-et-epee-de-jeux-video-autre-jeux-video\/overwatch-katana-de-genji-oni-lame-de-dragon\/#primaryimage"},"image":{"@id":"https:\/\/repliquemangacine.fr\/katana-et-epee-de-jeux-video-autre-jeux-video\/overwatch-katana-de-genji-oni-lame-de-dragon\/#primaryimage"},"thumbnailUrl":"https:\/\/repliquemangacine.fr\/wp-content\/uploads\/2023\/10\/2397-Overwatch-Katana-de-Genji-Oni-Lame-de-dragon.jpg","datePublished":"2017-12-17T22:04:57+00:00","dateModified":"2025-09-23T16:01:57+00:00","description":"Haz tu pedido Le Katana Genji Oni Overwatch au meilleur prix - Hoja de acero - Vaina - Escala 1\/1 - Longitud : 106 cm - Entrega 24\/48h","breadcrumb":{"@id":"https:\/\/repliquemangacine.fr\/katana-et-epee-de-jeux-video-autre-jeux-video\/overwatch-katana-de-genji-oni-lame-de-dragon\/#breadcrumb"},"inLanguage":"es","potentialAction":[{"@type":"ReadAction","target":["https:\/\/repliquemangacine.fr\/katana-et-epee-de-jeux-video-autre-jeux-video\/overwatch-katana-de-genji-oni-lame-de-dragon\/"]}]},{"@type":"ImageObject","inLanguage":"es","@id":"https:\/\/repliquemangacine.fr\/katana-et-epee-de-jeux-video-autre-jeux-video\/overwatch-katana-de-genji-oni-lame-de-dragon\/#primaryimage","url":"https:\/\/repliquemangacine.fr\/wp-content\/uploads\/2023\/10\/2397-Overwatch-Katana-de-Genji-Oni-Lame-de-dragon.jpg","contentUrl":"https:\/\/repliquemangacine.fr\/wp-content\/uploads\/2023\/10\/2397-Overwatch-Katana-de-Genji-Oni-Lame-de-dragon.jpg","width":600,"height":600,"caption":"Overwatch - Katana de Genji Oni- Lame de dragon"},{"@type":"BreadcrumbList","@id":"https:\/\/repliquemangacine.fr\/katana-et-epee-de-jeux-video-autre-jeux-video\/overwatch-katana-de-genji-oni-lame-de-dragon\/#breadcrumb","itemListElement":[{"@type":"ListItem","position":1,"name":"Accueil","item":"https:\/\/repliquemangacine.fr\/"},{"@type":"ListItem","position":2,"name":"Produits","item":"https:\/\/repliquemangacine.fr\/boutique\/"},{"@type":"ListItem","position":3,"name":"Katana Genji Oni Overwatch"}]},{"@type":"WebSite","@id":"https:\/\/repliquemangacine.fr\/#website","url":"https:\/\/repliquemangacine.fr\/","name":"R\u00e9plique Manga Cin\u00e9","description":"","publisher":{"@id":"https:\/\/repliquemangacine.fr\/#organization"},"potentialAction":[{"@type":"SearchAction","target":{"@type":"EntryPoint","urlTemplate":"https:\/\/repliquemangacine.fr\/?s={search_term_string}"},"query-input":{"@type":"PropertyValueSpecification","valueRequired":true,"valueName":"search_term_string"}}],"inLanguage":"es"},{"@type":"Organization","@id":"https:\/\/repliquemangacine.fr\/#organization","name":"R\u00e9plique Manga Cin\u00e9","url":"https:\/\/repliquemangacine.fr\/","logo":{"@type":"ImageObject","inLanguage":"es","@id":"https:\/\/repliquemangacine.fr\/#\/schema\/logo\/image\/","url":"https:\/\/repliquemangacine.fr\/wp-content\/uploads\/2023\/10\/RMC-500250.png","contentUrl":"https:\/\/repliquemangacine.fr\/wp-content\/uploads\/2023\/10\/RMC-500250.png","width":500,"height":250,"caption":"R\u00e9plique Manga Cin\u00e9"},"image":{"@id":"https:\/\/repliquemangacine.fr\/#\/schema\/logo\/image\/"},"sameAs":["https:\/\/www.facebook.com\/RepliqueMangaCine","https:\/\/www.instagram.com\/repliquemangacine.fr\/"]}]}},"_links":{"self":[{"href":"https:\/\/repliquemangacine.fr\/es\/wp-json\/wp\/v2\/product\/27628","targetHints":{"allow":["GET"]}}],"collection":[{"href":"https:\/\/repliquemangacine.fr\/es\/wp-json\/wp\/v2\/product"}],"about":[{"href":"https:\/\/repliquemangacine.fr\/es\/wp-json\/wp\/v2\/types\/product"}],"wp:featuredmedia":[{"embeddable":true,"href":"https:\/\/repliquemangacine.fr\/es\/wp-json\/wp\/v2\/media\/27629"}],"wp:attachment":[{"href":"https:\/\/repliquemangacine.fr\/es\/wp-json\/wp\/v2\/media?parent=27628"}],"wp:term":[{"taxonomy":"product_brand","embeddable":true,"href":"https:\/\/repliquemangacine.fr\/es\/wp-json\/wp\/v2\/product_brand?post=27628"},{"taxonomy":"product_cat","embeddable":true,"href":"https:\/\/repliquemangacine.fr\/es\/wp-json\/wp\/v2\/product_cat?post=27628"},{"taxonomy":"product_tag","embeddable":true,"href":"https:\/\/repliquemangacine.fr\/es\/wp-json\/wp\/v2\/product_tag?post=27628"}],"curies":[{"name":"wp","href":"https:\/\/api.w.org\/{rel}","templated":true}]}}