





{"id":27602,"date":"2017-10-29T16:39:25","date_gmt":"2017-10-29T15:39:25","guid":{"rendered":"https:\/\/repliquemangacine.fr\/?post_type=product&#038;p=27602"},"modified":"2026-02-19T20:47:29","modified_gmt":"2026-02-19T19:47:29","slug":"llavero-targaryen-juego-de-tronos","status":"publish","type":"product","link":"https:\/\/repliquemangacine.fr\/es\/collectors-et-goodies-game-of-thrones\/porte-cles-targaryen-game-of-thrones\/","title":{"rendered":"Llavero Juego de Tronos Targaryen"},"content":{"rendered":"<h2>Llavero Targaryen GOT (Juego de Tronos).<\/h2>\n<p>Para empezar, el <strong>Llavero Targaryen GOT<\/strong>, inspirado en la serie Juego de Tronos. Inscripci\u00f3n del lema de la casa Targaryen \u201cFuego y sangre\u201d en la parte posterior. Magn\u00edficos grabados alrededor de la placa. En la parte posterior se puede ver la inscripci\u00f3n \u201dJuego de Tronos - Fuego y sangre - Tagaryen - TM\u00a9 2012 Home Box Office Inc.\u201d.\u201d<\/p>\n<p>La Casa Targaryen es una antigua gran casa de Poniente. La familia es originaria de la antigua Valyria, que escap\u00f3 de la Plaga que arras\u00f3 toda la ciudad. Vivieron durante siglos en la isla de Rocadrag\u00f3n hasta que Aegon el Conquistador y sus hermanas, montados en sus dragones, lograron conquistar los Siete Reinos.<\/p>\n<p>El lema de los Targaryen es \u00abFuego y Sangre\u00bb y su emblema representa un drag\u00f3n de tres cabezas.<\/p>\n<h2>Tu Llavero GOT Targaryen al mejor precio.<\/h2>\n<p>Te ofrecemos una amplia selecci\u00f3n de espadas y objetos de colecci\u00f3n de la serie Juego de Tronos.<\/p>\n<p>Lo primero y m\u00e1s importante,<\/p>\n<ul>\n<li>La <a href=\"https:\/\/repliquemangacine.fr\/es\/espadas-de-juego-de-tronos\/serpe-drogo-juego-de-tronos-el-arma-de-los-dothraki\/\">El gancho de Drogo<\/a>El Arakh es el arma tradicional de los guerreros Dothraki.<\/li>\n<li>As\u00ed como el <a href=\"https:\/\/repliquemangacine.fr\/es\/espadas-de-juego-de-tronos\/espada-de-hielo-rey-de-la-noche\/\">cuchilla de hielo<\/a> del rey de la noche.<\/li>\n<li>Tambi\u00e9n hay huevos de drag\u00f3n de Daenerys, con licencia de HBO y distribuidos por <a href=\"https:\/\/noblecollection.fr\/\" target=\"_blank\" rel=\"noopener noreferrer\">Colecci\u00f3n Noble<\/a><\/li>\n<li>Y mucho m\u00e1s por descubrir en nuestra tienda en l\u00ednea.<\/li>\n<\/ul>\n<p>Por eso, aqu\u00ed tienes una idea estupenda para regalar a los fans de la serie Juego de Tronos.<\/p>\n<p>En conclusi\u00f3n, puede utilizar el <strong>Llavero Targaryen GOT<\/strong> en la vida cotidiana. Pero, sobre todo, es un objeto de coleccionista y una pieza decorativa.<\/p>\n<h2>\u00bfC\u00f3mo se fabrican sus objetos de colecci\u00f3n?<\/h2>\n<p>Para empezar, todos nuestros productos derivados son de la m\u00e1xima calidad, fabricados con meticulosa atenci\u00f3n al detalle. Una parte se hace a mano, para reproducir hasta el m\u00e1s m\u00ednimo detalle. Las partes m\u00e1s importantes se mecanizan con m\u00e1quinas muy precisas. Los grabados se hacen generalmente con punta de diamante o l\u00e1ser.<\/p>\n<p>Su <strong>Llavero Targaryen GOT<\/strong> fabricados para reproducir cada detalle con exactitud. Para igualar el legado de las obras maestras originales. Se hace hincapi\u00e9 en crear r\u00e9plicas de alta calidad que sean lo m\u00e1s hist\u00f3ricamente exactas posible.<\/p>\n<p>En conclusi\u00f3n, importadas de China, Espa\u00f1a o la India, \u00a1nuestras r\u00e9plicas le sorprender\u00e1n!<\/p>\n<p>R\u00e9plique Manga Cin\u00e9 es una empresa familiar francesa.<\/p>","protected":false},"excerpt":{"rendered":"<p>Llavero de la Casa Targaryen inspirado en la serie Juego de Tronos.<\/p>\n<ul>\n<li>En acero color bronce con relieve.<\/li>\n<li>Entrada de moneda.<\/li>\n<li>Anillo y cadena de metal plateado.<\/li>\n<li>Caja expositora de la serie.<\/li>\n<li>Di\u00e1metro: 5,5 cm - Peso: 45 g<\/li>\n<\/ul>","protected":false},"featured_media":27603,"template":"","meta":[],"product_brand":[896],"product_cat":[81,24,47],"product_tag":[],"class_list":{"0":"post-27602","1":"product","2":"type-product","3":"status-publish","4":"has-post-thumbnail","6":"product_brand-replique-manga-cine","7":"product_cat-collectors-et-goodies-game-of-thrones","8":"product_cat-films-series-tv-vente-de-katana-epee-et-produits-derives","9":"product_cat-game-of-thrones","11":"first","12":"instock","13":"taxable","14":"shipping-taxable","15":"purchasable","16":"product-type-simple"},"yoast_head":"<!-- This site is optimized with the Yoast SEO plugin v27.4 - https:\/\/yoast.com\/product\/yoast-seo-wordpress\/ -->\n<title>Porte-cl\u00e9s Targaryen GOT - Objet collector Game of Thrones| RMC<\/title>\n<meta name=\"description\" content=\"D\u00e9couvrez ce Porte-cl\u00e9s Targaryen GOT au meilleur prix - Tout en m\u00e9tal imitation bronze - Embl\u00e8me en relief - Boite vitrine - Diam\u00e8tre : 5.5 cm\" \/>\n<meta name=\"robots\" content=\"index, follow, max-snippet:-1, max-image-preview:large, max-video-preview:-1\" \/>\n<link rel=\"canonical\" href=\"https:\/\/repliquemangacine.fr\/es\/juego-de-tronos-coleccionistas-y-golosinas\/llavero-targaryen-juego-de-tronos\/\" \/>\n<meta property=\"og:locale\" content=\"es_ES\" \/>\n<meta property=\"og:type\" content=\"article\" \/>\n<meta property=\"og:title\" content=\"Porte-cl\u00e9s Targaryen GOT - Objet collector Game of Thrones| RMC\" \/>\n<meta property=\"og:description\" content=\"D\u00e9couvrez ce Porte-cl\u00e9s Targaryen GOT au meilleur prix - Tout en m\u00e9tal imitation bronze - Embl\u00e8me en relief - Boite vitrine - Diam\u00e8tre : 5.5 cm\" \/>\n<meta property=\"og:url\" content=\"https:\/\/repliquemangacine.fr\/es\/juego-de-tronos-coleccionistas-y-golosinas\/llavero-targaryen-juego-de-tronos\/\" \/>\n<meta property=\"og:site_name\" content=\"R\u00e9plique Manga Cin\u00e9\" \/>\n<meta property=\"article:publisher\" content=\"https:\/\/www.facebook.com\/RepliqueMangaCine\" \/>\n<meta property=\"article:modified_time\" content=\"2026-02-19T19:47:29+00:00\" \/>\n<meta property=\"og:image\" content=\"https:\/\/repliquemangacine.fr\/wp-content\/uploads\/2023\/10\/2374-Porte-cles-Targaryen-Game-of-Thrones.jpg\" \/>\n\t<meta property=\"og:image:width\" content=\"600\" \/>\n\t<meta property=\"og:image:height\" content=\"600\" \/>\n\t<meta property=\"og:image:type\" content=\"image\/jpeg\" \/>\n<meta name=\"twitter:card\" content=\"summary_large_image\" \/>\n<meta name=\"twitter:label1\" content=\"Tiempo de lectura\" \/>\n\t<meta name=\"twitter:data1\" content=\"1 minuto\" \/>\n<script type=\"application\/ld+json\" class=\"yoast-schema-graph\">{\"@context\":\"https:\\\/\\\/schema.org\",\"@graph\":[{\"@type\":\"WebPage\",\"@id\":\"https:\\\/\\\/repliquemangacine.fr\\\/collectors-et-goodies-game-of-thrones\\\/porte-cles-targaryen-game-of-thrones\\\/\",\"url\":\"https:\\\/\\\/repliquemangacine.fr\\\/collectors-et-goodies-game-of-thrones\\\/porte-cles-targaryen-game-of-thrones\\\/\",\"name\":\"Porte-cl\u00e9s Targaryen GOT - Objet collector Game of Thrones| RMC\",\"isPartOf\":{\"@id\":\"https:\\\/\\\/repliquemangacine.fr\\\/#website\"},\"primaryImageOfPage\":{\"@id\":\"https:\\\/\\\/repliquemangacine.fr\\\/collectors-et-goodies-game-of-thrones\\\/porte-cles-targaryen-game-of-thrones\\\/#primaryimage\"},\"image\":{\"@id\":\"https:\\\/\\\/repliquemangacine.fr\\\/collectors-et-goodies-game-of-thrones\\\/porte-cles-targaryen-game-of-thrones\\\/#primaryimage\"},\"thumbnailUrl\":\"https:\\\/\\\/repliquemangacine.fr\\\/wp-content\\\/uploads\\\/2023\\\/10\\\/2374-Porte-cles-Targaryen-Game-of-Thrones.jpg\",\"datePublished\":\"2017-10-29T15:39:25+00:00\",\"dateModified\":\"2026-02-19T19:47:29+00:00\",\"description\":\"D\u00e9couvrez ce Porte-cl\u00e9s Targaryen GOT au meilleur prix - Tout en m\u00e9tal imitation bronze - Embl\u00e8me en relief - Boite vitrine - Diam\u00e8tre : 5.5 cm\",\"breadcrumb\":{\"@id\":\"https:\\\/\\\/repliquemangacine.fr\\\/collectors-et-goodies-game-of-thrones\\\/porte-cles-targaryen-game-of-thrones\\\/#breadcrumb\"},\"inLanguage\":\"es\",\"potentialAction\":[{\"@type\":\"ReadAction\",\"target\":[\"https:\\\/\\\/repliquemangacine.fr\\\/collectors-et-goodies-game-of-thrones\\\/porte-cles-targaryen-game-of-thrones\\\/\"]}]},{\"@type\":\"ImageObject\",\"inLanguage\":\"es\",\"@id\":\"https:\\\/\\\/repliquemangacine.fr\\\/collectors-et-goodies-game-of-thrones\\\/porte-cles-targaryen-game-of-thrones\\\/#primaryimage\",\"url\":\"https:\\\/\\\/repliquemangacine.fr\\\/wp-content\\\/uploads\\\/2023\\\/10\\\/2374-Porte-cles-Targaryen-Game-of-Thrones.jpg\",\"contentUrl\":\"https:\\\/\\\/repliquemangacine.fr\\\/wp-content\\\/uploads\\\/2023\\\/10\\\/2374-Porte-cles-Targaryen-Game-of-Thrones.jpg\",\"width\":600,\"height\":600,\"caption\":\"Porte-cl\u00e9s Targaryen Game of Thrones\"},{\"@type\":\"BreadcrumbList\",\"@id\":\"https:\\\/\\\/repliquemangacine.fr\\\/collectors-et-goodies-game-of-thrones\\\/porte-cles-targaryen-game-of-thrones\\\/#breadcrumb\",\"itemListElement\":[{\"@type\":\"ListItem\",\"position\":1,\"name\":\"Accueil\",\"item\":\"https:\\\/\\\/repliquemangacine.fr\\\/\"},{\"@type\":\"ListItem\",\"position\":2,\"name\":\"Produits\",\"item\":\"https:\\\/\\\/repliquemangacine.fr\\\/boutique\\\/\"},{\"@type\":\"ListItem\",\"position\":3,\"name\":\"Porte cl\u00e9s Targaryen Game of Thrones\"}]},{\"@type\":\"WebSite\",\"@id\":\"https:\\\/\\\/repliquemangacine.fr\\\/#website\",\"url\":\"https:\\\/\\\/repliquemangacine.fr\\\/\",\"name\":\"R\u00e9plique Manga Cin\u00e9\",\"description\":\"\",\"publisher\":{\"@id\":\"https:\\\/\\\/repliquemangacine.fr\\\/#organization\"},\"potentialAction\":[{\"@type\":\"SearchAction\",\"target\":{\"@type\":\"EntryPoint\",\"urlTemplate\":\"https:\\\/\\\/repliquemangacine.fr\\\/?s={search_term_string}\"},\"query-input\":{\"@type\":\"PropertyValueSpecification\",\"valueRequired\":true,\"valueName\":\"search_term_string\"}}],\"inLanguage\":\"es\"},{\"@type\":\"Organization\",\"@id\":\"https:\\\/\\\/repliquemangacine.fr\\\/#organization\",\"name\":\"R\u00e9plique Manga Cin\u00e9\",\"url\":\"https:\\\/\\\/repliquemangacine.fr\\\/\",\"logo\":{\"@type\":\"ImageObject\",\"inLanguage\":\"es\",\"@id\":\"https:\\\/\\\/repliquemangacine.fr\\\/#\\\/schema\\\/logo\\\/image\\\/\",\"url\":\"https:\\\/\\\/repliquemangacine.fr\\\/wp-content\\\/uploads\\\/2023\\\/10\\\/RMC-500250.png\",\"contentUrl\":\"https:\\\/\\\/repliquemangacine.fr\\\/wp-content\\\/uploads\\\/2023\\\/10\\\/RMC-500250.png\",\"width\":500,\"height\":250,\"caption\":\"R\u00e9plique Manga Cin\u00e9\"},\"image\":{\"@id\":\"https:\\\/\\\/repliquemangacine.fr\\\/#\\\/schema\\\/logo\\\/image\\\/\"},\"sameAs\":[\"https:\\\/\\\/www.facebook.com\\\/RepliqueMangaCine\",\"https:\\\/\\\/www.instagram.com\\\/repliquemangacine.fr\\\/\"]}]}<\/script>\n<!-- \/ Yoast SEO plugin. -->","yoast_head_json":{"title":"Llavero Targaryen GOT - Collector's item Game of Thrones| RMC","description":"Descubra este llavero Targaryen GOT al mejor precio - Todo metal imitaci\u00f3n bronce - Emblema en relieve - Caja expositora - Di\u00e1metro: 5,5 cm","robots":{"index":"index","follow":"follow","max-snippet":"max-snippet:-1","max-image-preview":"max-image-preview:large","max-video-preview":"max-video-preview:-1"},"canonical":"https:\/\/repliquemangacine.fr\/es\/juego-de-tronos-coleccionistas-y-golosinas\/llavero-targaryen-juego-de-tronos\/","og_locale":"es_ES","og_type":"article","og_title":"Porte-cl\u00e9s Targaryen GOT - Objet collector Game of Thrones| RMC","og_description":"D\u00e9couvrez ce Porte-cl\u00e9s Targaryen GOT au meilleur prix - Tout en m\u00e9tal imitation bronze - Embl\u00e8me en relief - Boite vitrine - Diam\u00e8tre : 5.5 cm","og_url":"https:\/\/repliquemangacine.fr\/es\/juego-de-tronos-coleccionistas-y-golosinas\/llavero-targaryen-juego-de-tronos\/","og_site_name":"R\u00e9plique Manga Cin\u00e9","article_publisher":"https:\/\/www.facebook.com\/RepliqueMangaCine","article_modified_time":"2026-02-19T19:47:29+00:00","og_image":[{"width":600,"height":600,"url":"https:\/\/repliquemangacine.fr\/wp-content\/uploads\/2023\/10\/2374-Porte-cles-Targaryen-Game-of-Thrones.jpg","type":"image\/jpeg"}],"twitter_card":"summary_large_image","twitter_misc":{"Tiempo de lectura":"1 minuto"},"schema":{"@context":"https:\/\/schema.org","@graph":[{"@type":"WebPage","@id":"https:\/\/repliquemangacine.fr\/collectors-et-goodies-game-of-thrones\/porte-cles-targaryen-game-of-thrones\/","url":"https:\/\/repliquemangacine.fr\/collectors-et-goodies-game-of-thrones\/porte-cles-targaryen-game-of-thrones\/","name":"Llavero Targaryen GOT - Collector's item Game of Thrones| RMC","isPartOf":{"@id":"https:\/\/repliquemangacine.fr\/#website"},"primaryImageOfPage":{"@id":"https:\/\/repliquemangacine.fr\/collectors-et-goodies-game-of-thrones\/porte-cles-targaryen-game-of-thrones\/#primaryimage"},"image":{"@id":"https:\/\/repliquemangacine.fr\/collectors-et-goodies-game-of-thrones\/porte-cles-targaryen-game-of-thrones\/#primaryimage"},"thumbnailUrl":"https:\/\/repliquemangacine.fr\/wp-content\/uploads\/2023\/10\/2374-Porte-cles-Targaryen-Game-of-Thrones.jpg","datePublished":"2017-10-29T15:39:25+00:00","dateModified":"2026-02-19T19:47:29+00:00","description":"Descubra este llavero Targaryen GOT al mejor precio - Todo metal imitaci\u00f3n bronce - Emblema en relieve - Caja expositora - Di\u00e1metro: 5,5 cm","breadcrumb":{"@id":"https:\/\/repliquemangacine.fr\/collectors-et-goodies-game-of-thrones\/porte-cles-targaryen-game-of-thrones\/#breadcrumb"},"inLanguage":"es","potentialAction":[{"@type":"ReadAction","target":["https:\/\/repliquemangacine.fr\/collectors-et-goodies-game-of-thrones\/porte-cles-targaryen-game-of-thrones\/"]}]},{"@type":"ImageObject","inLanguage":"es","@id":"https:\/\/repliquemangacine.fr\/collectors-et-goodies-game-of-thrones\/porte-cles-targaryen-game-of-thrones\/#primaryimage","url":"https:\/\/repliquemangacine.fr\/wp-content\/uploads\/2023\/10\/2374-Porte-cles-Targaryen-Game-of-Thrones.jpg","contentUrl":"https:\/\/repliquemangacine.fr\/wp-content\/uploads\/2023\/10\/2374-Porte-cles-Targaryen-Game-of-Thrones.jpg","width":600,"height":600,"caption":"Porte-cl\u00e9s Targaryen Game of Thrones"},{"@type":"BreadcrumbList","@id":"https:\/\/repliquemangacine.fr\/collectors-et-goodies-game-of-thrones\/porte-cles-targaryen-game-of-thrones\/#breadcrumb","itemListElement":[{"@type":"ListItem","position":1,"name":"Accueil","item":"https:\/\/repliquemangacine.fr\/"},{"@type":"ListItem","position":2,"name":"Produits","item":"https:\/\/repliquemangacine.fr\/boutique\/"},{"@type":"ListItem","position":3,"name":"Porte cl\u00e9s Targaryen Game of Thrones"}]},{"@type":"WebSite","@id":"https:\/\/repliquemangacine.fr\/#website","url":"https:\/\/repliquemangacine.fr\/","name":"R\u00e9plique Manga Cin\u00e9","description":"","publisher":{"@id":"https:\/\/repliquemangacine.fr\/#organization"},"potentialAction":[{"@type":"SearchAction","target":{"@type":"EntryPoint","urlTemplate":"https:\/\/repliquemangacine.fr\/?s={search_term_string}"},"query-input":{"@type":"PropertyValueSpecification","valueRequired":true,"valueName":"search_term_string"}}],"inLanguage":"es"},{"@type":"Organization","@id":"https:\/\/repliquemangacine.fr\/#organization","name":"R\u00e9plique Manga Cin\u00e9","url":"https:\/\/repliquemangacine.fr\/","logo":{"@type":"ImageObject","inLanguage":"es","@id":"https:\/\/repliquemangacine.fr\/#\/schema\/logo\/image\/","url":"https:\/\/repliquemangacine.fr\/wp-content\/uploads\/2023\/10\/RMC-500250.png","contentUrl":"https:\/\/repliquemangacine.fr\/wp-content\/uploads\/2023\/10\/RMC-500250.png","width":500,"height":250,"caption":"R\u00e9plique Manga Cin\u00e9"},"image":{"@id":"https:\/\/repliquemangacine.fr\/#\/schema\/logo\/image\/"},"sameAs":["https:\/\/www.facebook.com\/RepliqueMangaCine","https:\/\/www.instagram.com\/repliquemangacine.fr\/"]}]}},"_links":{"self":[{"href":"https:\/\/repliquemangacine.fr\/es\/wp-json\/wp\/v2\/product\/27602","targetHints":{"allow":["GET"]}}],"collection":[{"href":"https:\/\/repliquemangacine.fr\/es\/wp-json\/wp\/v2\/product"}],"about":[{"href":"https:\/\/repliquemangacine.fr\/es\/wp-json\/wp\/v2\/types\/product"}],"wp:featuredmedia":[{"embeddable":true,"href":"https:\/\/repliquemangacine.fr\/es\/wp-json\/wp\/v2\/media\/27603"}],"wp:attachment":[{"href":"https:\/\/repliquemangacine.fr\/es\/wp-json\/wp\/v2\/media?parent=27602"}],"wp:term":[{"taxonomy":"product_brand","embeddable":true,"href":"https:\/\/repliquemangacine.fr\/es\/wp-json\/wp\/v2\/product_brand?post=27602"},{"taxonomy":"product_cat","embeddable":true,"href":"https:\/\/repliquemangacine.fr\/es\/wp-json\/wp\/v2\/product_cat?post=27602"},{"taxonomy":"product_tag","embeddable":true,"href":"https:\/\/repliquemangacine.fr\/es\/wp-json\/wp\/v2\/product_tag?post=27602"}],"curies":[{"name":"wp","href":"https:\/\/api.w.org\/{rel}","templated":true}]}}