





{"id":27594,"date":"2017-10-29T15:19:17","date_gmt":"2017-10-29T14:19:17","guid":{"rendered":"https:\/\/repliquemangacine.fr\/?post_type=product&#038;p=27594"},"modified":"2026-02-09T22:14:12","modified_gmt":"2026-02-09T21:14:12","slug":"llavero-espada-orcrist-el-hobbit","status":"publish","type":"product","link":"https:\/\/repliquemangacine.fr\/es\/porte-cles-goodies\/porte-cles-epee-orcrist-the-hobbit\/","title":{"rendered":"Llavero Orcrist El Hobbit"},"content":{"rendered":"<p>Longitud de la hoja: 9 cm -Longitud total de la espada: 13 cm<\/p>\n<p>Peso: 36 gramos - Longitud total del llavero: 18 cm<\/p>","protected":false},"excerpt":{"rendered":"<p>Magn\u00edfica reproducci\u00f3n en forma de llavero de la espada Orcrist utilizada por Thorin en el Hobbit. Realizada \u00edntegramente en metal, con todo el minucioso detalle propio de la espada vista en la pel\u00edcula. La hoja y la empu\u00f1adura est\u00e1n grabadas con decoraciones \u00e9lficas. La empu\u00f1adura, de forma especial, tambi\u00e9n es de acero imitaci\u00f3n bronce. Cierre de langosta giratorio. Se entrega en un estuche con el logotipo de la pel\u00edcula.<\/p>","protected":false},"featured_media":27595,"template":"","meta":[],"product_brand":[896],"product_cat":[69,24,96,35],"product_tag":[],"class_list":{"0":"post-27594","1":"product","2":"type-product","3":"status-publish","4":"has-post-thumbnail","6":"product_brand-replique-manga-cine","7":"product_cat-epees-the-hobbit","8":"product_cat-films-series-tv-vente-de-katana-epee-et-produits-derives","9":"product_cat-porte-cles-goodies","10":"product_cat-epee-et-bijoux-the-hobbit","12":"first","13":"instock","14":"taxable","15":"shipping-taxable","16":"purchasable","17":"product-type-simple"},"yoast_head":"<!-- This site is optimized with the Yoast SEO plugin v27.4 - https:\/\/yoast.com\/product\/yoast-seo-wordpress\/ -->\n<title>The Hobbit - Porte-cl\u00e9s \u00e9p\u00e9e Orcrist, porte-cl\u00e9s Collector The hobbit<\/title>\n<meta name=\"description\" content=\"Superbe porte-cl\u00e9s en forme de l&#039;\u00e9p\u00e9e de Thorin l&#039;Orcrist dans la trilogie The Hobbit. Une pi\u00e8ce collector pour les amoureux du film, A voir.... Envoi gratuit\" \/>\n<meta name=\"robots\" content=\"index, follow, max-snippet:-1, max-image-preview:large, max-video-preview:-1\" \/>\n<link rel=\"canonical\" href=\"https:\/\/repliquemangacine.fr\/es\/llaveros\/llavero-espada-orcrist-el-hobbit\/\" \/>\n<meta property=\"og:locale\" content=\"es_ES\" \/>\n<meta property=\"og:type\" content=\"article\" \/>\n<meta property=\"og:title\" content=\"The Hobbit - Porte-cl\u00e9s \u00e9p\u00e9e Orcrist, porte-cl\u00e9s Collector The hobbit\" \/>\n<meta property=\"og:description\" content=\"Superbe porte-cl\u00e9s en forme de l&#039;\u00e9p\u00e9e de Thorin l&#039;Orcrist dans la trilogie The Hobbit. Une pi\u00e8ce collector pour les amoureux du film, A voir.... Envoi gratuit\" \/>\n<meta property=\"og:url\" content=\"https:\/\/repliquemangacine.fr\/es\/llaveros\/llavero-espada-orcrist-el-hobbit\/\" \/>\n<meta property=\"og:site_name\" content=\"R\u00e9plique Manga Cin\u00e9\" \/>\n<meta property=\"article:publisher\" content=\"https:\/\/www.facebook.com\/RepliqueMangaCine\" \/>\n<meta property=\"article:modified_time\" content=\"2026-02-09T21:14:12+00:00\" \/>\n<meta property=\"og:image\" content=\"https:\/\/repliquemangacine.fr\/wp-content\/uploads\/2023\/10\/2368-Porte-Cles-epee-Orcrist-The-Hobbit.jpg\" \/>\n\t<meta property=\"og:image:width\" content=\"600\" \/>\n\t<meta property=\"og:image:height\" content=\"600\" \/>\n\t<meta property=\"og:image:type\" content=\"image\/jpeg\" \/>\n<meta name=\"twitter:card\" content=\"summary_large_image\" \/>\n<meta name=\"twitter:label1\" content=\"Tiempo de lectura\" \/>\n\t<meta name=\"twitter:data1\" content=\"1 minuto\" \/>\n<script type=\"application\/ld+json\" class=\"yoast-schema-graph\">{\"@context\":\"https:\\\/\\\/schema.org\",\"@graph\":[{\"@type\":\"WebPage\",\"@id\":\"https:\\\/\\\/repliquemangacine.fr\\\/porte-cles-goodies\\\/porte-cles-epee-orcrist-the-hobbit\\\/\",\"url\":\"https:\\\/\\\/repliquemangacine.fr\\\/porte-cles-goodies\\\/porte-cles-epee-orcrist-the-hobbit\\\/\",\"name\":\"The Hobbit - Porte-cl\u00e9s \u00e9p\u00e9e Orcrist, porte-cl\u00e9s Collector The hobbit\",\"isPartOf\":{\"@id\":\"https:\\\/\\\/repliquemangacine.fr\\\/#website\"},\"primaryImageOfPage\":{\"@id\":\"https:\\\/\\\/repliquemangacine.fr\\\/porte-cles-goodies\\\/porte-cles-epee-orcrist-the-hobbit\\\/#primaryimage\"},\"image\":{\"@id\":\"https:\\\/\\\/repliquemangacine.fr\\\/porte-cles-goodies\\\/porte-cles-epee-orcrist-the-hobbit\\\/#primaryimage\"},\"thumbnailUrl\":\"https:\\\/\\\/repliquemangacine.fr\\\/wp-content\\\/uploads\\\/2023\\\/10\\\/2368-Porte-Cles-epee-Orcrist-The-Hobbit.jpg\",\"datePublished\":\"2017-10-29T14:19:17+00:00\",\"dateModified\":\"2026-02-09T21:14:12+00:00\",\"description\":\"Superbe porte-cl\u00e9s en forme de l'\u00e9p\u00e9e de Thorin l'Orcrist dans la trilogie The Hobbit. Une pi\u00e8ce collector pour les amoureux du film, A voir.... Envoi gratuit\",\"breadcrumb\":{\"@id\":\"https:\\\/\\\/repliquemangacine.fr\\\/porte-cles-goodies\\\/porte-cles-epee-orcrist-the-hobbit\\\/#breadcrumb\"},\"inLanguage\":\"es\",\"potentialAction\":[{\"@type\":\"ReadAction\",\"target\":[\"https:\\\/\\\/repliquemangacine.fr\\\/porte-cles-goodies\\\/porte-cles-epee-orcrist-the-hobbit\\\/\"]}]},{\"@type\":\"ImageObject\",\"inLanguage\":\"es\",\"@id\":\"https:\\\/\\\/repliquemangacine.fr\\\/porte-cles-goodies\\\/porte-cles-epee-orcrist-the-hobbit\\\/#primaryimage\",\"url\":\"https:\\\/\\\/repliquemangacine.fr\\\/wp-content\\\/uploads\\\/2023\\\/10\\\/2368-Porte-Cles-epee-Orcrist-The-Hobbit.jpg\",\"contentUrl\":\"https:\\\/\\\/repliquemangacine.fr\\\/wp-content\\\/uploads\\\/2023\\\/10\\\/2368-Porte-Cles-epee-Orcrist-The-Hobbit.jpg\",\"width\":600,\"height\":600,\"caption\":\"Porte-Cl\u00e9s \u00e9p\u00e9e Orcrist The Hobbit\"},{\"@type\":\"BreadcrumbList\",\"@id\":\"https:\\\/\\\/repliquemangacine.fr\\\/porte-cles-goodies\\\/porte-cles-epee-orcrist-the-hobbit\\\/#breadcrumb\",\"itemListElement\":[{\"@type\":\"ListItem\",\"position\":1,\"name\":\"Accueil\",\"item\":\"https:\\\/\\\/repliquemangacine.fr\\\/\"},{\"@type\":\"ListItem\",\"position\":2,\"name\":\"Produits\",\"item\":\"https:\\\/\\\/repliquemangacine.fr\\\/boutique\\\/\"},{\"@type\":\"ListItem\",\"position\":3,\"name\":\"Porte Cl\u00e9s Orcrist The Hobbit\"}]},{\"@type\":\"WebSite\",\"@id\":\"https:\\\/\\\/repliquemangacine.fr\\\/#website\",\"url\":\"https:\\\/\\\/repliquemangacine.fr\\\/\",\"name\":\"R\u00e9plique Manga Cin\u00e9\",\"description\":\"\",\"publisher\":{\"@id\":\"https:\\\/\\\/repliquemangacine.fr\\\/#organization\"},\"potentialAction\":[{\"@type\":\"SearchAction\",\"target\":{\"@type\":\"EntryPoint\",\"urlTemplate\":\"https:\\\/\\\/repliquemangacine.fr\\\/?s={search_term_string}\"},\"query-input\":{\"@type\":\"PropertyValueSpecification\",\"valueRequired\":true,\"valueName\":\"search_term_string\"}}],\"inLanguage\":\"es\"},{\"@type\":\"Organization\",\"@id\":\"https:\\\/\\\/repliquemangacine.fr\\\/#organization\",\"name\":\"R\u00e9plique Manga Cin\u00e9\",\"url\":\"https:\\\/\\\/repliquemangacine.fr\\\/\",\"logo\":{\"@type\":\"ImageObject\",\"inLanguage\":\"es\",\"@id\":\"https:\\\/\\\/repliquemangacine.fr\\\/#\\\/schema\\\/logo\\\/image\\\/\",\"url\":\"https:\\\/\\\/repliquemangacine.fr\\\/wp-content\\\/uploads\\\/2023\\\/10\\\/RMC-500250.png\",\"contentUrl\":\"https:\\\/\\\/repliquemangacine.fr\\\/wp-content\\\/uploads\\\/2023\\\/10\\\/RMC-500250.png\",\"width\":500,\"height\":250,\"caption\":\"R\u00e9plique Manga Cin\u00e9\"},\"image\":{\"@id\":\"https:\\\/\\\/repliquemangacine.fr\\\/#\\\/schema\\\/logo\\\/image\\\/\"},\"sameAs\":[\"https:\\\/\\\/www.facebook.com\\\/RepliqueMangaCine\",\"https:\\\/\\\/www.instagram.com\\\/repliquemangacine.fr\\\/\"]}]}<\/script>\n<!-- \/ Yoast SEO plugin. -->","yoast_head_json":{"title":"El Hobbit - Llavero espada Orcrist, Llavero Coleccionista El Hobbit","description":"Magn\u00edfico llavero con la forma de la espada de Thorin el Orcrist de la trilog\u00eda de El Hobbit. Una pieza de coleccionista para los fans de la pel\u00edcula. Hay que verlo.... Env\u00edo gratuito","robots":{"index":"index","follow":"follow","max-snippet":"max-snippet:-1","max-image-preview":"max-image-preview:large","max-video-preview":"max-video-preview:-1"},"canonical":"https:\/\/repliquemangacine.fr\/es\/llaveros\/llavero-espada-orcrist-el-hobbit\/","og_locale":"es_ES","og_type":"article","og_title":"The Hobbit - Porte-cl\u00e9s \u00e9p\u00e9e Orcrist, porte-cl\u00e9s Collector The hobbit","og_description":"Superbe porte-cl\u00e9s en forme de l'\u00e9p\u00e9e de Thorin l'Orcrist dans la trilogie The Hobbit. Une pi\u00e8ce collector pour les amoureux du film, A voir.... Envoi gratuit","og_url":"https:\/\/repliquemangacine.fr\/es\/llaveros\/llavero-espada-orcrist-el-hobbit\/","og_site_name":"R\u00e9plique Manga Cin\u00e9","article_publisher":"https:\/\/www.facebook.com\/RepliqueMangaCine","article_modified_time":"2026-02-09T21:14:12+00:00","og_image":[{"width":600,"height":600,"url":"https:\/\/repliquemangacine.fr\/wp-content\/uploads\/2023\/10\/2368-Porte-Cles-epee-Orcrist-The-Hobbit.jpg","type":"image\/jpeg"}],"twitter_card":"summary_large_image","twitter_misc":{"Tiempo de lectura":"1 minuto"},"schema":{"@context":"https:\/\/schema.org","@graph":[{"@type":"WebPage","@id":"https:\/\/repliquemangacine.fr\/porte-cles-goodies\/porte-cles-epee-orcrist-the-hobbit\/","url":"https:\/\/repliquemangacine.fr\/porte-cles-goodies\/porte-cles-epee-orcrist-the-hobbit\/","name":"El Hobbit - Llavero espada Orcrist, Llavero Coleccionista El Hobbit","isPartOf":{"@id":"https:\/\/repliquemangacine.fr\/#website"},"primaryImageOfPage":{"@id":"https:\/\/repliquemangacine.fr\/porte-cles-goodies\/porte-cles-epee-orcrist-the-hobbit\/#primaryimage"},"image":{"@id":"https:\/\/repliquemangacine.fr\/porte-cles-goodies\/porte-cles-epee-orcrist-the-hobbit\/#primaryimage"},"thumbnailUrl":"https:\/\/repliquemangacine.fr\/wp-content\/uploads\/2023\/10\/2368-Porte-Cles-epee-Orcrist-The-Hobbit.jpg","datePublished":"2017-10-29T14:19:17+00:00","dateModified":"2026-02-09T21:14:12+00:00","description":"Magn\u00edfico llavero con la forma de la espada de Thorin el Orcrist de la trilog\u00eda de El Hobbit. Una pieza de coleccionista para los fans de la pel\u00edcula. Hay que verlo.... Env\u00edo gratuito","breadcrumb":{"@id":"https:\/\/repliquemangacine.fr\/porte-cles-goodies\/porte-cles-epee-orcrist-the-hobbit\/#breadcrumb"},"inLanguage":"es","potentialAction":[{"@type":"ReadAction","target":["https:\/\/repliquemangacine.fr\/porte-cles-goodies\/porte-cles-epee-orcrist-the-hobbit\/"]}]},{"@type":"ImageObject","inLanguage":"es","@id":"https:\/\/repliquemangacine.fr\/porte-cles-goodies\/porte-cles-epee-orcrist-the-hobbit\/#primaryimage","url":"https:\/\/repliquemangacine.fr\/wp-content\/uploads\/2023\/10\/2368-Porte-Cles-epee-Orcrist-The-Hobbit.jpg","contentUrl":"https:\/\/repliquemangacine.fr\/wp-content\/uploads\/2023\/10\/2368-Porte-Cles-epee-Orcrist-The-Hobbit.jpg","width":600,"height":600,"caption":"Porte-Cl\u00e9s \u00e9p\u00e9e Orcrist The Hobbit"},{"@type":"BreadcrumbList","@id":"https:\/\/repliquemangacine.fr\/porte-cles-goodies\/porte-cles-epee-orcrist-the-hobbit\/#breadcrumb","itemListElement":[{"@type":"ListItem","position":1,"name":"Accueil","item":"https:\/\/repliquemangacine.fr\/"},{"@type":"ListItem","position":2,"name":"Produits","item":"https:\/\/repliquemangacine.fr\/boutique\/"},{"@type":"ListItem","position":3,"name":"Porte Cl\u00e9s Orcrist The Hobbit"}]},{"@type":"WebSite","@id":"https:\/\/repliquemangacine.fr\/#website","url":"https:\/\/repliquemangacine.fr\/","name":"R\u00e9plique Manga Cin\u00e9","description":"","publisher":{"@id":"https:\/\/repliquemangacine.fr\/#organization"},"potentialAction":[{"@type":"SearchAction","target":{"@type":"EntryPoint","urlTemplate":"https:\/\/repliquemangacine.fr\/?s={search_term_string}"},"query-input":{"@type":"PropertyValueSpecification","valueRequired":true,"valueName":"search_term_string"}}],"inLanguage":"es"},{"@type":"Organization","@id":"https:\/\/repliquemangacine.fr\/#organization","name":"R\u00e9plique Manga Cin\u00e9","url":"https:\/\/repliquemangacine.fr\/","logo":{"@type":"ImageObject","inLanguage":"es","@id":"https:\/\/repliquemangacine.fr\/#\/schema\/logo\/image\/","url":"https:\/\/repliquemangacine.fr\/wp-content\/uploads\/2023\/10\/RMC-500250.png","contentUrl":"https:\/\/repliquemangacine.fr\/wp-content\/uploads\/2023\/10\/RMC-500250.png","width":500,"height":250,"caption":"R\u00e9plique Manga Cin\u00e9"},"image":{"@id":"https:\/\/repliquemangacine.fr\/#\/schema\/logo\/image\/"},"sameAs":["https:\/\/www.facebook.com\/RepliqueMangaCine","https:\/\/www.instagram.com\/repliquemangacine.fr\/"]}]}},"_links":{"self":[{"href":"https:\/\/repliquemangacine.fr\/es\/wp-json\/wp\/v2\/product\/27594","targetHints":{"allow":["GET"]}}],"collection":[{"href":"https:\/\/repliquemangacine.fr\/es\/wp-json\/wp\/v2\/product"}],"about":[{"href":"https:\/\/repliquemangacine.fr\/es\/wp-json\/wp\/v2\/types\/product"}],"wp:featuredmedia":[{"embeddable":true,"href":"https:\/\/repliquemangacine.fr\/es\/wp-json\/wp\/v2\/media\/27595"}],"wp:attachment":[{"href":"https:\/\/repliquemangacine.fr\/es\/wp-json\/wp\/v2\/media?parent=27594"}],"wp:term":[{"taxonomy":"product_brand","embeddable":true,"href":"https:\/\/repliquemangacine.fr\/es\/wp-json\/wp\/v2\/product_brand?post=27594"},{"taxonomy":"product_cat","embeddable":true,"href":"https:\/\/repliquemangacine.fr\/es\/wp-json\/wp\/v2\/product_cat?post=27594"},{"taxonomy":"product_tag","embeddable":true,"href":"https:\/\/repliquemangacine.fr\/es\/wp-json\/wp\/v2\/product_tag?post=27594"}],"curies":[{"name":"wp","href":"https:\/\/api.w.org\/{rel}","templated":true}]}}