





{"id":27575,"date":"2017-10-24T21:37:46","date_gmt":"2017-10-24T19:37:46","guid":{"rendered":"https:\/\/repliquemangacine.fr\/?post_type=product&#038;p=27575"},"modified":"2026-04-09T19:20:26","modified_gmt":"2026-04-09T17:20:26","slug":"juego-de-tronos-5-abrecartas-juego-de-espadas","status":"publish","type":"product","link":"https:\/\/repliquemangacine.fr\/es\/epees-game-of-thrones\/coffret-5-epees-ouvre-lettres-game-of-thrones\/","title":{"rendered":"Caja de coleccionista con 5 recortes de papel de Juego de Tronos"},"content":{"rendered":"<h2>Juego de espadas abrecartas de Juego de Tronos.<\/h2>\n<p>Para empezar, el <strong>Abrecartas de Juego de Tronos<\/strong> Se entrega con 5 espadas de la casa Stark en una caja coleccionable con la imagen de la serie.<\/p>\n<p>La Casa Stark es una de las grandes casas de Poniente. Gobiernan la vasta regi\u00f3n del Norte desde su sede, Invernalia, un castillo situado en el centro de la regi\u00f3n. Su lema es \u00abSe acerca el invierno\u00bb, lo que en definitiva suena como una advertencia. El emblema de la Casa Stark representa un lobo gigante.<\/p>\n<p>Esta caja contiene las espadas de:<\/p>\n<ul>\n<li>Jon Nieve abuelo versi\u00f3n novela<\/li>\n<li>Arya versi\u00f3n novela<\/li>\n<li>Eddard Stark novela<\/li>\n<li>Robb Stark Serie de televisi\u00f3n<\/li>\n<li>Eddard Stark versi\u00f3n serie de TV<\/li>\n<\/ul>\n<h2>Tu juego de abrecartas de Juego de Tronos al mejor precio.<\/h2>\n<p>Te ofrecemos todas las r\u00e9plicas de espadas y otros objetos de colecci\u00f3n de la serie Juego de Tronos.<\/p>\n<p>Lo primero y m\u00e1s importante,<\/p>\n<ul>\n<li>L'<a href=\"https:\/\/repliquemangacine.fr\/es\/juego-de-tronos\/jon-snow-espada-grande-juego-de-tronos-etiqueta\/\">La espada de Jon Nieve<\/a> Grand-Griffe como novela o serie.<\/li>\n<li>Pero tambi\u00e9n los huevos de drag\u00f3n con licencia oficial de Daenerys <a href=\"https:\/\/www.noblecollection.fr\/\" target=\"_blank\" rel=\"noopener noreferrer\">Colecci\u00f3n Noble<\/a>.<\/li>\n<li>As\u00ed como el <a href=\"https:\/\/repliquemangacine.fr\/es\/espadas-de-juego-de-tronos\/replica-de-la-daga-catspaw-juego-de-tronos\/\">Daga Catspaw<\/a> que Arya utiliza para matar al Rey de la Noche. En conclusi\u00f3n, esta daga se vio en el episodio 4 de House of Dragon.<\/li>\n<\/ul>\n<p>Por eso, aqu\u00ed tienes una idea estupenda para regalar a los fans de la serie Juego de Tronos.<\/p>\n<p>En conclusi\u00f3n, puedes utilizar este estuche de 5 espadas. <strong>Abrecartas de Juego de Tronos<\/strong> para su correo. Pero, sobre todo, es una pieza de coleccionista.<\/p>\n<h2>\u00bfC\u00f3mo mantengo la hoja de mi espada Maison Stark?<\/h2>\n<p>Las espadas de colecci\u00f3n y decorativas se fabrican y ensamblan de forma simplificada. Como su uso es decorativo, no cuentan con los elementos de seguridad necesarios para una espada japonesa destinada al entrenamiento.<\/p>\n<p>Sin embargo, su <strong>Abrecartas de Juego de Tronos<\/strong> tienen una hoja de acero que hay que mantener para evitar que se da\u00f1e con el tiempo. Cuando exponga su katana, sus amigos sentir\u00e1n curiosidad por ver la hoja y tocarla. Aqu\u00ed es donde hay que tener cuidado, ya que la acidez de los dedos es muy perjudicial para el acero, sea cual sea su calidad.<\/p>\n<p>Sin embargo, si esto ocurre, no te asustes, todo lo que necesitas es un pa\u00f1o humedecido con un poco de aceite y limpiar las huellas dactilares. Si haces esto, tu espada durar\u00e1 mucho tiempo.<\/p>\n<p>&nbsp;<\/p>","protected":false},"excerpt":{"rendered":"<p>Caja de coleccionista de 5 abrecartas de Juego de Tronos.<\/p>\n<ul>\n<li>Completamente de acero inoxidable, representa las espadas de los Stark.<\/li>\n<li>Una edici\u00f3n novelada de la espada de Jon Nieve, Eddard y Arya Stark.<\/li>\n<li>En la versi\u00f3n de la serie, la espada de Robb y Eddard Stark.<\/li>\n<li>Caja con la serie.<\/li>\n<li>Cada abrecartas mide entre 20 y 22 cm.<\/li>\n<\/ul>","protected":false},"featured_media":27576,"template":"","meta":[],"product_brand":[896],"product_cat":[81,72,24,47],"product_tag":[],"class_list":{"0":"post-27575","1":"product","2":"type-product","3":"status-publish","4":"has-post-thumbnail","6":"product_brand-replique-manga-cine","7":"product_cat-collectors-et-goodies-game-of-thrones","8":"product_cat-epees-game-of-thrones","9":"product_cat-films-series-tv-vente-de-katana-epee-et-produits-derives","10":"product_cat-game-of-thrones","12":"first","13":"instock","14":"taxable","15":"shipping-taxable","16":"purchasable","17":"product-type-simple"},"yoast_head":"<!-- This site is optimized with the Yoast SEO plugin v27.4 - https:\/\/yoast.com\/product\/yoast-seo-wordpress\/ -->\n<title>Ouvre-lettres Game of Thrones - Boutique en ligne | RMC<\/title>\n<meta name=\"description\" content=\"Offrez-lui ! Ce coffret 5 \u00e9p\u00e9es Ouvre-lettres Game of Thrones au meilleur prix - Tout en acier inox - Coffret collector - Longueur de chaque \u00e9p\u00e9e : 22 cm\" \/>\n<meta name=\"robots\" content=\"index, follow, max-snippet:-1, max-image-preview:large, max-video-preview:-1\" \/>\n<link rel=\"canonical\" href=\"https:\/\/repliquemangacine.fr\/es\/espadas-de-juego-de-tronos\/juego-de-tronos-5-abrecartas-juego-de-espadas\/\" \/>\n<meta property=\"og:locale\" content=\"es_ES\" \/>\n<meta property=\"og:type\" content=\"article\" \/>\n<meta property=\"og:title\" content=\"Ouvre-lettres Game of Thrones - Boutique en ligne | RMC\" \/>\n<meta property=\"og:description\" content=\"Offrez-lui ! Ce coffret 5 \u00e9p\u00e9es Ouvre-lettres Game of Thrones au meilleur prix - Tout en acier inox - Coffret collector - Longueur de chaque \u00e9p\u00e9e : 22 cm\" \/>\n<meta property=\"og:url\" content=\"https:\/\/repliquemangacine.fr\/es\/espadas-de-juego-de-tronos\/juego-de-tronos-5-abrecartas-juego-de-espadas\/\" \/>\n<meta property=\"og:site_name\" content=\"R\u00e9plique Manga Cin\u00e9\" \/>\n<meta property=\"article:publisher\" content=\"https:\/\/www.facebook.com\/RepliqueMangaCine\" \/>\n<meta property=\"article:modified_time\" content=\"2026-04-09T17:20:26+00:00\" \/>\n<meta property=\"og:image\" content=\"https:\/\/repliquemangacine.fr\/wp-content\/uploads\/2023\/10\/2352-Coffret-collector-de-5-coupe-papiers-Game-of-Thrones.jpg\" \/>\n\t<meta property=\"og:image:width\" content=\"600\" \/>\n\t<meta property=\"og:image:height\" content=\"600\" \/>\n\t<meta property=\"og:image:type\" content=\"image\/jpeg\" \/>\n<meta name=\"twitter:card\" content=\"summary_large_image\" \/>\n<meta name=\"twitter:label1\" content=\"Tiempo de lectura\" \/>\n\t<meta name=\"twitter:data1\" content=\"1 minuto\" \/>\n<script type=\"application\/ld+json\" class=\"yoast-schema-graph\">{\"@context\":\"https:\\\/\\\/schema.org\",\"@graph\":[{\"@type\":\"WebPage\",\"@id\":\"https:\\\/\\\/repliquemangacine.fr\\\/epees-game-of-thrones\\\/coffret-5-epees-ouvre-lettres-game-of-thrones\\\/\",\"url\":\"https:\\\/\\\/repliquemangacine.fr\\\/epees-game-of-thrones\\\/coffret-5-epees-ouvre-lettres-game-of-thrones\\\/\",\"name\":\"Ouvre-lettres Game of Thrones - Boutique en ligne | RMC\",\"isPartOf\":{\"@id\":\"https:\\\/\\\/repliquemangacine.fr\\\/#website\"},\"primaryImageOfPage\":{\"@id\":\"https:\\\/\\\/repliquemangacine.fr\\\/epees-game-of-thrones\\\/coffret-5-epees-ouvre-lettres-game-of-thrones\\\/#primaryimage\"},\"image\":{\"@id\":\"https:\\\/\\\/repliquemangacine.fr\\\/epees-game-of-thrones\\\/coffret-5-epees-ouvre-lettres-game-of-thrones\\\/#primaryimage\"},\"thumbnailUrl\":\"https:\\\/\\\/repliquemangacine.fr\\\/wp-content\\\/uploads\\\/2023\\\/10\\\/2352-Coffret-collector-de-5-coupe-papiers-Game-of-Thrones.jpg\",\"datePublished\":\"2017-10-24T19:37:46+00:00\",\"dateModified\":\"2026-04-09T17:20:26+00:00\",\"description\":\"Offrez-lui ! Ce coffret 5 \u00e9p\u00e9es Ouvre-lettres Game of Thrones au meilleur prix - Tout en acier inox - Coffret collector - Longueur de chaque \u00e9p\u00e9e : 22 cm\",\"breadcrumb\":{\"@id\":\"https:\\\/\\\/repliquemangacine.fr\\\/epees-game-of-thrones\\\/coffret-5-epees-ouvre-lettres-game-of-thrones\\\/#breadcrumb\"},\"inLanguage\":\"es\",\"potentialAction\":[{\"@type\":\"ReadAction\",\"target\":[\"https:\\\/\\\/repliquemangacine.fr\\\/epees-game-of-thrones\\\/coffret-5-epees-ouvre-lettres-game-of-thrones\\\/\"]}]},{\"@type\":\"ImageObject\",\"inLanguage\":\"es\",\"@id\":\"https:\\\/\\\/repliquemangacine.fr\\\/epees-game-of-thrones\\\/coffret-5-epees-ouvre-lettres-game-of-thrones\\\/#primaryimage\",\"url\":\"https:\\\/\\\/repliquemangacine.fr\\\/wp-content\\\/uploads\\\/2023\\\/10\\\/2352-Coffret-collector-de-5-coupe-papiers-Game-of-Thrones.jpg\",\"contentUrl\":\"https:\\\/\\\/repliquemangacine.fr\\\/wp-content\\\/uploads\\\/2023\\\/10\\\/2352-Coffret-collector-de-5-coupe-papiers-Game-of-Thrones.jpg\",\"width\":600,\"height\":600,\"caption\":\"Coffret collector de 5 coupe papiers Game of Thrones\"},{\"@type\":\"BreadcrumbList\",\"@id\":\"https:\\\/\\\/repliquemangacine.fr\\\/epees-game-of-thrones\\\/coffret-5-epees-ouvre-lettres-game-of-thrones\\\/#breadcrumb\",\"itemListElement\":[{\"@type\":\"ListItem\",\"position\":1,\"name\":\"Accueil\",\"item\":\"https:\\\/\\\/repliquemangacine.fr\\\/\"},{\"@type\":\"ListItem\",\"position\":2,\"name\":\"Produits\",\"item\":\"https:\\\/\\\/repliquemangacine.fr\\\/boutique\\\/\"},{\"@type\":\"ListItem\",\"position\":3,\"name\":\"Coffret collector de 5 coupe papiers Game of Thrones\"}]},{\"@type\":\"WebSite\",\"@id\":\"https:\\\/\\\/repliquemangacine.fr\\\/#website\",\"url\":\"https:\\\/\\\/repliquemangacine.fr\\\/\",\"name\":\"R\u00e9plique Manga Cin\u00e9\",\"description\":\"\",\"publisher\":{\"@id\":\"https:\\\/\\\/repliquemangacine.fr\\\/#organization\"},\"potentialAction\":[{\"@type\":\"SearchAction\",\"target\":{\"@type\":\"EntryPoint\",\"urlTemplate\":\"https:\\\/\\\/repliquemangacine.fr\\\/?s={search_term_string}\"},\"query-input\":{\"@type\":\"PropertyValueSpecification\",\"valueRequired\":true,\"valueName\":\"search_term_string\"}}],\"inLanguage\":\"es\"},{\"@type\":\"Organization\",\"@id\":\"https:\\\/\\\/repliquemangacine.fr\\\/#organization\",\"name\":\"R\u00e9plique Manga Cin\u00e9\",\"url\":\"https:\\\/\\\/repliquemangacine.fr\\\/\",\"logo\":{\"@type\":\"ImageObject\",\"inLanguage\":\"es\",\"@id\":\"https:\\\/\\\/repliquemangacine.fr\\\/#\\\/schema\\\/logo\\\/image\\\/\",\"url\":\"https:\\\/\\\/repliquemangacine.fr\\\/wp-content\\\/uploads\\\/2023\\\/10\\\/RMC-500250.png\",\"contentUrl\":\"https:\\\/\\\/repliquemangacine.fr\\\/wp-content\\\/uploads\\\/2023\\\/10\\\/RMC-500250.png\",\"width\":500,\"height\":250,\"caption\":\"R\u00e9plique Manga Cin\u00e9\"},\"image\":{\"@id\":\"https:\\\/\\\/repliquemangacine.fr\\\/#\\\/schema\\\/logo\\\/image\\\/\"},\"sameAs\":[\"https:\\\/\\\/www.facebook.com\\\/RepliqueMangaCine\",\"https:\\\/\\\/www.instagram.com\\\/repliquemangacine.fr\\\/\"]}]}<\/script>\n<!-- \/ Yoast SEO plugin. -->","yoast_head_json":{"title":"Abrecartas Juego de Tronos - Boutique en ligne | RMC","description":"\u00a1Reg\u00e1lasela! Este set de 5 espadas abrecartas de Juego de Tronos al mejor precio - Todas de acero inoxidable - Caja de coleccionista - Longitud de cada espada: 22 cm.","robots":{"index":"index","follow":"follow","max-snippet":"max-snippet:-1","max-image-preview":"max-image-preview:large","max-video-preview":"max-video-preview:-1"},"canonical":"https:\/\/repliquemangacine.fr\/es\/espadas-de-juego-de-tronos\/juego-de-tronos-5-abrecartas-juego-de-espadas\/","og_locale":"es_ES","og_type":"article","og_title":"Ouvre-lettres Game of Thrones - Boutique en ligne | RMC","og_description":"Offrez-lui ! Ce coffret 5 \u00e9p\u00e9es Ouvre-lettres Game of Thrones au meilleur prix - Tout en acier inox - Coffret collector - Longueur de chaque \u00e9p\u00e9e : 22 cm","og_url":"https:\/\/repliquemangacine.fr\/es\/espadas-de-juego-de-tronos\/juego-de-tronos-5-abrecartas-juego-de-espadas\/","og_site_name":"R\u00e9plique Manga Cin\u00e9","article_publisher":"https:\/\/www.facebook.com\/RepliqueMangaCine","article_modified_time":"2026-04-09T17:20:26+00:00","og_image":[{"width":600,"height":600,"url":"https:\/\/repliquemangacine.fr\/wp-content\/uploads\/2023\/10\/2352-Coffret-collector-de-5-coupe-papiers-Game-of-Thrones.jpg","type":"image\/jpeg"}],"twitter_card":"summary_large_image","twitter_misc":{"Tiempo de lectura":"1 minuto"},"schema":{"@context":"https:\/\/schema.org","@graph":[{"@type":"WebPage","@id":"https:\/\/repliquemangacine.fr\/epees-game-of-thrones\/coffret-5-epees-ouvre-lettres-game-of-thrones\/","url":"https:\/\/repliquemangacine.fr\/epees-game-of-thrones\/coffret-5-epees-ouvre-lettres-game-of-thrones\/","name":"Abrecartas Juego de Tronos - Boutique en ligne | RMC","isPartOf":{"@id":"https:\/\/repliquemangacine.fr\/#website"},"primaryImageOfPage":{"@id":"https:\/\/repliquemangacine.fr\/epees-game-of-thrones\/coffret-5-epees-ouvre-lettres-game-of-thrones\/#primaryimage"},"image":{"@id":"https:\/\/repliquemangacine.fr\/epees-game-of-thrones\/coffret-5-epees-ouvre-lettres-game-of-thrones\/#primaryimage"},"thumbnailUrl":"https:\/\/repliquemangacine.fr\/wp-content\/uploads\/2023\/10\/2352-Coffret-collector-de-5-coupe-papiers-Game-of-Thrones.jpg","datePublished":"2017-10-24T19:37:46+00:00","dateModified":"2026-04-09T17:20:26+00:00","description":"\u00a1Reg\u00e1lasela! Este set de 5 espadas abrecartas de Juego de Tronos al mejor precio - Todas de acero inoxidable - Caja de coleccionista - Longitud de cada espada: 22 cm.","breadcrumb":{"@id":"https:\/\/repliquemangacine.fr\/epees-game-of-thrones\/coffret-5-epees-ouvre-lettres-game-of-thrones\/#breadcrumb"},"inLanguage":"es","potentialAction":[{"@type":"ReadAction","target":["https:\/\/repliquemangacine.fr\/epees-game-of-thrones\/coffret-5-epees-ouvre-lettres-game-of-thrones\/"]}]},{"@type":"ImageObject","inLanguage":"es","@id":"https:\/\/repliquemangacine.fr\/epees-game-of-thrones\/coffret-5-epees-ouvre-lettres-game-of-thrones\/#primaryimage","url":"https:\/\/repliquemangacine.fr\/wp-content\/uploads\/2023\/10\/2352-Coffret-collector-de-5-coupe-papiers-Game-of-Thrones.jpg","contentUrl":"https:\/\/repliquemangacine.fr\/wp-content\/uploads\/2023\/10\/2352-Coffret-collector-de-5-coupe-papiers-Game-of-Thrones.jpg","width":600,"height":600,"caption":"Coffret collector de 5 coupe papiers Game of Thrones"},{"@type":"BreadcrumbList","@id":"https:\/\/repliquemangacine.fr\/epees-game-of-thrones\/coffret-5-epees-ouvre-lettres-game-of-thrones\/#breadcrumb","itemListElement":[{"@type":"ListItem","position":1,"name":"Accueil","item":"https:\/\/repliquemangacine.fr\/"},{"@type":"ListItem","position":2,"name":"Produits","item":"https:\/\/repliquemangacine.fr\/boutique\/"},{"@type":"ListItem","position":3,"name":"Coffret collector de 5 coupe papiers Game of Thrones"}]},{"@type":"WebSite","@id":"https:\/\/repliquemangacine.fr\/#website","url":"https:\/\/repliquemangacine.fr\/","name":"R\u00e9plique Manga Cin\u00e9","description":"","publisher":{"@id":"https:\/\/repliquemangacine.fr\/#organization"},"potentialAction":[{"@type":"SearchAction","target":{"@type":"EntryPoint","urlTemplate":"https:\/\/repliquemangacine.fr\/?s={search_term_string}"},"query-input":{"@type":"PropertyValueSpecification","valueRequired":true,"valueName":"search_term_string"}}],"inLanguage":"es"},{"@type":"Organization","@id":"https:\/\/repliquemangacine.fr\/#organization","name":"R\u00e9plique Manga Cin\u00e9","url":"https:\/\/repliquemangacine.fr\/","logo":{"@type":"ImageObject","inLanguage":"es","@id":"https:\/\/repliquemangacine.fr\/#\/schema\/logo\/image\/","url":"https:\/\/repliquemangacine.fr\/wp-content\/uploads\/2023\/10\/RMC-500250.png","contentUrl":"https:\/\/repliquemangacine.fr\/wp-content\/uploads\/2023\/10\/RMC-500250.png","width":500,"height":250,"caption":"R\u00e9plique Manga Cin\u00e9"},"image":{"@id":"https:\/\/repliquemangacine.fr\/#\/schema\/logo\/image\/"},"sameAs":["https:\/\/www.facebook.com\/RepliqueMangaCine","https:\/\/www.instagram.com\/repliquemangacine.fr\/"]}]}},"_links":{"self":[{"href":"https:\/\/repliquemangacine.fr\/es\/wp-json\/wp\/v2\/product\/27575","targetHints":{"allow":["GET"]}}],"collection":[{"href":"https:\/\/repliquemangacine.fr\/es\/wp-json\/wp\/v2\/product"}],"about":[{"href":"https:\/\/repliquemangacine.fr\/es\/wp-json\/wp\/v2\/types\/product"}],"wp:featuredmedia":[{"embeddable":true,"href":"https:\/\/repliquemangacine.fr\/es\/wp-json\/wp\/v2\/media\/27576"}],"wp:attachment":[{"href":"https:\/\/repliquemangacine.fr\/es\/wp-json\/wp\/v2\/media?parent=27575"}],"wp:term":[{"taxonomy":"product_brand","embeddable":true,"href":"https:\/\/repliquemangacine.fr\/es\/wp-json\/wp\/v2\/product_brand?post=27575"},{"taxonomy":"product_cat","embeddable":true,"href":"https:\/\/repliquemangacine.fr\/es\/wp-json\/wp\/v2\/product_cat?post=27575"},{"taxonomy":"product_tag","embeddable":true,"href":"https:\/\/repliquemangacine.fr\/es\/wp-json\/wp\/v2\/product_tag?post=27575"}],"curies":[{"name":"wp","href":"https:\/\/api.w.org\/{rel}","templated":true}]}}