





{"id":27549,"date":"2017-10-21T19:44:59","date_gmt":"2017-10-21T17:44:59","guid":{"rendered":"https:\/\/repliquemangacine.fr\/?post_type=product&#038;p=27549"},"modified":"2026-04-17T16:12:02","modified_gmt":"2026-04-17T14:12:02","slug":"juego-de-dos-espadas-romanas","status":"publish","type":"product","link":"https:\/\/repliquemangacine.fr\/es\/epees-glaives-antique\/ensemble-deux-glaive-romain\/","title":{"rendered":"Juego de dos espadas romanas"},"content":{"rendered":"<h2>Juego de dos espadas romanas<\/h2>\n<p>Para empezar, el<strong>Juego de dos espadas romanas<\/strong>, est\u00e1 inspirada en la pel\u00edcula Espartaco. El t\u00e9rmino gladius en lat\u00edn designa una espada corta, arma de los legionarios romanos. Espada conocida como \u00abde Tiberio\u00bb.\u00bb<\/p>\n<p>Por desgracia, se sabe poco o nada sobre la evoluci\u00f3n del gladius durante los cuatro siglos anteriores a la era cristiana. Las espadas romanas halladas en yacimientos arqueol\u00f3gicos solo datan del siglo I a. C.<\/p>\n<p>La \u00fanica caracter\u00edstica que confirma su parentesco con el gladius romano es el hecho de que tienen exactamente el mismo tipo de vaina. Los romanos conservaron los cuatro anillos de sujeci\u00f3n.<\/p>\n<p>Este conjunto de dos espadas romanas es \u00fanicamente decorativo, no est\u00e1 destinado en ning\u00fan caso a la recreaci\u00f3n de combates de la \u00e9poca.<\/p>\n<h2>Tu Set de dos espadas romanas al mejor precio.<\/h2>\n<p>Le ofrecemos una amplia selecci\u00f3n de espadas y cascos de la \u00e9poca antigua.<\/p>\n<p>Lo primero y m\u00e1s importante,<\/p>\n<ul>\n<li>Le <a href=\"https:\/\/repliquemangacine.fr\/es\/armas-antiguas\/espada-romana-jules-cesar-espada-roja\/\">La espada de Julio C\u00e9sar<\/a> en su versi\u00f3n con funda negra o burdeos.<\/li>\n<li>Tambi\u00e9n est\u00e1 la espada estilo Pompeya de <a href=\"https:\/\/deepeeka.in\" target=\"_blank\" rel=\"noopener noreferrer\">Deepeeka<\/a>.<\/li>\n<li>As\u00ed como el <a href=\"https:\/\/repliquemangacine.fr\/es\/armas-antiguas\/casco-corintio-con-creta\/\">Casco griego corintio<\/a> con su cresta.<\/li>\n<li>Y muchos m\u00e1s por descubrir en nuestra tienda en l\u00ednea.<\/li>\n<\/ul>\n<p>Por eso, aqu\u00ed tienes unas ideas fant\u00e1sticas para regalar a todos los apasionados de la Antig\u00fcedad.<\/p>\n<p>En conclusi\u00f3n, puede utilizar este <strong>Juego de dos espadas romanas<\/strong> para sus recreaciones hist\u00f3ricas o veladas tem\u00e1ticas. Pero, sobre todo, es una pieza de coleccionista y decoraci\u00f3n.<\/p>\n<h2>\u00bfC\u00f3mo mantengo la hoja de mi espada antigua?<\/h2>\n<p>Las espadas de colecci\u00f3n y decorativas se fabrican y ensamblan de forma simplificada. Como su uso es decorativo, no cuentan con los elementos de seguridad necesarios para una espada japonesa destinada al entrenamiento.<\/p>\n<p>Sin embargo, su <strong>Juego de dos espadas romanas<\/strong> a una hoja de acero que hay que cuidar para evitar que se estropee con el tiempo. Cuando exponga su katana, sus amigos sentir\u00e1n curiosidad por ver la hoja y tocarla. Aqu\u00ed es donde hay que tener cuidado, ya que la acidez de los dedos es muy perjudicial para el acero, sea cual sea su calidad.<\/p>\n<p>Sin embargo, si esto ocurre, no te asustes, todo lo que necesitas es un pa\u00f1o humedecido con un poco de aceite y limpiar las huellas dactilares. Si haces esto, tu espada durar\u00e1 mucho tiempo.<\/p>","protected":false},"excerpt":{"rendered":"<p>Juego de dos espadas romanas inspiradas en la pel\u00edcula Espartaco.<\/p>\n<ul>\n<li>Hojas de acero 440 no afiladas y preafiladas.<\/li>\n<li>Mango ABS marr\u00f3n.<\/li>\n<li>Empu\u00f1adura y pomo de ABS con decoraci\u00f3n met\u00e1lica.<\/li>\n<li>Funda de cordura con cord\u00f3n.<\/li>\n<li>Longitud de la hoja: 46,5 cm - Longitud total: 66 cm<\/li>\n<li>Peso de cada espada: 600 grs<\/li>\n<\/ul>","protected":false},"featured_media":27550,"template":"","meta":[],"product_brand":[896],"product_cat":[31,25,73,44,26],"product_tag":[],"class_list":{"0":"post-27549","1":"product","2":"type-product","3":"status-publish","4":"has-post-thumbnail","6":"product_brand-replique-manga-cine","7":"product_cat-armes-antiques","8":"product_cat-armes-historiques","9":"product_cat-epees-glaives-antique","10":"product_cat-epees-et-dagues-fantasy","11":"product_cat-katana-epee","13":"first","14":"instock","15":"taxable","16":"shipping-taxable","17":"purchasable","18":"product-type-simple"},"yoast_head":"<!-- This site is optimized with the Yoast SEO plugin v27.4 - https:\/\/yoast.com\/product\/yoast-seo-wordpress\/ -->\n<title>Ensemble deux glaives Romain - Vente \u00e9p\u00e9e Antique | RMC<\/title>\n<meta name=\"description\" content=\"Offrez-lui cet Ensemble de deux glaives Romain au meilleur prix - Lames acier pr\u00e9-aff\u00fbt\u00e9es - Fourreau noir - Longueur total de chaque \u00e9p\u00e9e : 66 cm\" \/>\n<meta name=\"robots\" content=\"index, follow, max-snippet:-1, max-image-preview:large, max-video-preview:-1\" \/>\n<link rel=\"canonical\" href=\"https:\/\/repliquemangacine.fr\/es\/espadas-espada-antigua\/juego-de-dos-espadas-romanas\/\" \/>\n<meta property=\"og:locale\" content=\"es_ES\" \/>\n<meta property=\"og:type\" content=\"article\" \/>\n<meta property=\"og:title\" content=\"Ensemble deux glaives Romain - Vente \u00e9p\u00e9e Antique | RMC\" \/>\n<meta property=\"og:description\" content=\"Offrez-lui cet Ensemble de deux glaives Romain au meilleur prix - Lames acier pr\u00e9-aff\u00fbt\u00e9es - Fourreau noir - Longueur total de chaque \u00e9p\u00e9e : 66 cm\" \/>\n<meta property=\"og:url\" content=\"https:\/\/repliquemangacine.fr\/es\/espadas-espada-antigua\/juego-de-dos-espadas-romanas\/\" \/>\n<meta property=\"og:site_name\" content=\"R\u00e9plique Manga Cin\u00e9\" \/>\n<meta property=\"article:publisher\" content=\"https:\/\/www.facebook.com\/RepliqueMangaCine\" \/>\n<meta property=\"article:modified_time\" content=\"2026-04-17T14:12:02+00:00\" \/>\n<meta property=\"og:image\" content=\"https:\/\/repliquemangacine.fr\/wp-content\/uploads\/2023\/10\/2333-Ensemble-deux-glaive-Romain.jpg\" \/>\n\t<meta property=\"og:image:width\" content=\"600\" \/>\n\t<meta property=\"og:image:height\" content=\"600\" \/>\n\t<meta property=\"og:image:type\" content=\"image\/jpeg\" \/>\n<meta name=\"twitter:card\" content=\"summary_large_image\" \/>\n<meta name=\"twitter:label1\" content=\"Tiempo de lectura\" \/>\n\t<meta name=\"twitter:data1\" content=\"2 minutos\" \/>\n<script type=\"application\/ld+json\" class=\"yoast-schema-graph\">{\"@context\":\"https:\\\/\\\/schema.org\",\"@graph\":[{\"@type\":\"WebPage\",\"@id\":\"https:\\\/\\\/repliquemangacine.fr\\\/epees-glaives-antique\\\/ensemble-deux-glaive-romain\\\/\",\"url\":\"https:\\\/\\\/repliquemangacine.fr\\\/epees-glaives-antique\\\/ensemble-deux-glaive-romain\\\/\",\"name\":\"Ensemble deux glaives Romain - Vente \u00e9p\u00e9e Antique | RMC\",\"isPartOf\":{\"@id\":\"https:\\\/\\\/repliquemangacine.fr\\\/#website\"},\"primaryImageOfPage\":{\"@id\":\"https:\\\/\\\/repliquemangacine.fr\\\/epees-glaives-antique\\\/ensemble-deux-glaive-romain\\\/#primaryimage\"},\"image\":{\"@id\":\"https:\\\/\\\/repliquemangacine.fr\\\/epees-glaives-antique\\\/ensemble-deux-glaive-romain\\\/#primaryimage\"},\"thumbnailUrl\":\"https:\\\/\\\/repliquemangacine.fr\\\/wp-content\\\/uploads\\\/2023\\\/10\\\/2333-Ensemble-deux-glaive-Romain.jpg\",\"datePublished\":\"2017-10-21T17:44:59+00:00\",\"dateModified\":\"2026-04-17T14:12:02+00:00\",\"description\":\"Offrez-lui cet Ensemble de deux glaives Romain au meilleur prix - Lames acier pr\u00e9-aff\u00fbt\u00e9es - Fourreau noir - Longueur total de chaque \u00e9p\u00e9e : 66 cm\",\"breadcrumb\":{\"@id\":\"https:\\\/\\\/repliquemangacine.fr\\\/epees-glaives-antique\\\/ensemble-deux-glaive-romain\\\/#breadcrumb\"},\"inLanguage\":\"es\",\"potentialAction\":[{\"@type\":\"ReadAction\",\"target\":[\"https:\\\/\\\/repliquemangacine.fr\\\/epees-glaives-antique\\\/ensemble-deux-glaive-romain\\\/\"]}]},{\"@type\":\"ImageObject\",\"inLanguage\":\"es\",\"@id\":\"https:\\\/\\\/repliquemangacine.fr\\\/epees-glaives-antique\\\/ensemble-deux-glaive-romain\\\/#primaryimage\",\"url\":\"https:\\\/\\\/repliquemangacine.fr\\\/wp-content\\\/uploads\\\/2023\\\/10\\\/2333-Ensemble-deux-glaive-Romain.jpg\",\"contentUrl\":\"https:\\\/\\\/repliquemangacine.fr\\\/wp-content\\\/uploads\\\/2023\\\/10\\\/2333-Ensemble-deux-glaive-Romain.jpg\",\"width\":600,\"height\":600,\"caption\":\"Ensemble deux glaives Romain\"},{\"@type\":\"BreadcrumbList\",\"@id\":\"https:\\\/\\\/repliquemangacine.fr\\\/epees-glaives-antique\\\/ensemble-deux-glaive-romain\\\/#breadcrumb\",\"itemListElement\":[{\"@type\":\"ListItem\",\"position\":1,\"name\":\"Accueil\",\"item\":\"https:\\\/\\\/repliquemangacine.fr\\\/\"},{\"@type\":\"ListItem\",\"position\":2,\"name\":\"Produits\",\"item\":\"https:\\\/\\\/repliquemangacine.fr\\\/boutique\\\/\"},{\"@type\":\"ListItem\",\"position\":3,\"name\":\"Ensemble deux glaives Romain\"}]},{\"@type\":\"WebSite\",\"@id\":\"https:\\\/\\\/repliquemangacine.fr\\\/#website\",\"url\":\"https:\\\/\\\/repliquemangacine.fr\\\/\",\"name\":\"R\u00e9plique Manga Cin\u00e9\",\"description\":\"\",\"publisher\":{\"@id\":\"https:\\\/\\\/repliquemangacine.fr\\\/#organization\"},\"potentialAction\":[{\"@type\":\"SearchAction\",\"target\":{\"@type\":\"EntryPoint\",\"urlTemplate\":\"https:\\\/\\\/repliquemangacine.fr\\\/?s={search_term_string}\"},\"query-input\":{\"@type\":\"PropertyValueSpecification\",\"valueRequired\":true,\"valueName\":\"search_term_string\"}}],\"inLanguage\":\"es\"},{\"@type\":\"Organization\",\"@id\":\"https:\\\/\\\/repliquemangacine.fr\\\/#organization\",\"name\":\"R\u00e9plique Manga Cin\u00e9\",\"url\":\"https:\\\/\\\/repliquemangacine.fr\\\/\",\"logo\":{\"@type\":\"ImageObject\",\"inLanguage\":\"es\",\"@id\":\"https:\\\/\\\/repliquemangacine.fr\\\/#\\\/schema\\\/logo\\\/image\\\/\",\"url\":\"https:\\\/\\\/repliquemangacine.fr\\\/wp-content\\\/uploads\\\/2023\\\/10\\\/RMC-500250.png\",\"contentUrl\":\"https:\\\/\\\/repliquemangacine.fr\\\/wp-content\\\/uploads\\\/2023\\\/10\\\/RMC-500250.png\",\"width\":500,\"height\":250,\"caption\":\"R\u00e9plique Manga Cin\u00e9\"},\"image\":{\"@id\":\"https:\\\/\\\/repliquemangacine.fr\\\/#\\\/schema\\\/logo\\\/image\\\/\"},\"sameAs\":[\"https:\\\/\\\/www.facebook.com\\\/RepliqueMangaCine\",\"https:\\\/\\\/www.instagram.com\\\/repliquemangacine.fr\\\/\"]}]}<\/script>\n<!-- \/ Yoast SEO plugin. -->","yoast_head_json":{"title":"Juego de dos espadas romanas - Espadas antiguas en venta | RMC","description":"Ofr\u00e9zcale este Set de dos espadas romanas al mejor precio - Hojas de acero preafiladas - Funda negra - Longitud total de cada espada: 66 cm","robots":{"index":"index","follow":"follow","max-snippet":"max-snippet:-1","max-image-preview":"max-image-preview:large","max-video-preview":"max-video-preview:-1"},"canonical":"https:\/\/repliquemangacine.fr\/es\/espadas-espada-antigua\/juego-de-dos-espadas-romanas\/","og_locale":"es_ES","og_type":"article","og_title":"Ensemble deux glaives Romain - Vente \u00e9p\u00e9e Antique | RMC","og_description":"Offrez-lui cet Ensemble de deux glaives Romain au meilleur prix - Lames acier pr\u00e9-aff\u00fbt\u00e9es - Fourreau noir - Longueur total de chaque \u00e9p\u00e9e : 66 cm","og_url":"https:\/\/repliquemangacine.fr\/es\/espadas-espada-antigua\/juego-de-dos-espadas-romanas\/","og_site_name":"R\u00e9plique Manga Cin\u00e9","article_publisher":"https:\/\/www.facebook.com\/RepliqueMangaCine","article_modified_time":"2026-04-17T14:12:02+00:00","og_image":[{"width":600,"height":600,"url":"https:\/\/repliquemangacine.fr\/wp-content\/uploads\/2023\/10\/2333-Ensemble-deux-glaive-Romain.jpg","type":"image\/jpeg"}],"twitter_card":"summary_large_image","twitter_misc":{"Tiempo de lectura":"2 minutos"},"schema":{"@context":"https:\/\/schema.org","@graph":[{"@type":"WebPage","@id":"https:\/\/repliquemangacine.fr\/epees-glaives-antique\/ensemble-deux-glaive-romain\/","url":"https:\/\/repliquemangacine.fr\/epees-glaives-antique\/ensemble-deux-glaive-romain\/","name":"Juego de dos espadas romanas - Espadas antiguas en venta | RMC","isPartOf":{"@id":"https:\/\/repliquemangacine.fr\/#website"},"primaryImageOfPage":{"@id":"https:\/\/repliquemangacine.fr\/epees-glaives-antique\/ensemble-deux-glaive-romain\/#primaryimage"},"image":{"@id":"https:\/\/repliquemangacine.fr\/epees-glaives-antique\/ensemble-deux-glaive-romain\/#primaryimage"},"thumbnailUrl":"https:\/\/repliquemangacine.fr\/wp-content\/uploads\/2023\/10\/2333-Ensemble-deux-glaive-Romain.jpg","datePublished":"2017-10-21T17:44:59+00:00","dateModified":"2026-04-17T14:12:02+00:00","description":"Ofr\u00e9zcale este Set de dos espadas romanas al mejor precio - Hojas de acero preafiladas - Funda negra - Longitud total de cada espada: 66 cm","breadcrumb":{"@id":"https:\/\/repliquemangacine.fr\/epees-glaives-antique\/ensemble-deux-glaive-romain\/#breadcrumb"},"inLanguage":"es","potentialAction":[{"@type":"ReadAction","target":["https:\/\/repliquemangacine.fr\/epees-glaives-antique\/ensemble-deux-glaive-romain\/"]}]},{"@type":"ImageObject","inLanguage":"es","@id":"https:\/\/repliquemangacine.fr\/epees-glaives-antique\/ensemble-deux-glaive-romain\/#primaryimage","url":"https:\/\/repliquemangacine.fr\/wp-content\/uploads\/2023\/10\/2333-Ensemble-deux-glaive-Romain.jpg","contentUrl":"https:\/\/repliquemangacine.fr\/wp-content\/uploads\/2023\/10\/2333-Ensemble-deux-glaive-Romain.jpg","width":600,"height":600,"caption":"Ensemble deux glaives Romain"},{"@type":"BreadcrumbList","@id":"https:\/\/repliquemangacine.fr\/epees-glaives-antique\/ensemble-deux-glaive-romain\/#breadcrumb","itemListElement":[{"@type":"ListItem","position":1,"name":"Accueil","item":"https:\/\/repliquemangacine.fr\/"},{"@type":"ListItem","position":2,"name":"Produits","item":"https:\/\/repliquemangacine.fr\/boutique\/"},{"@type":"ListItem","position":3,"name":"Ensemble deux glaives Romain"}]},{"@type":"WebSite","@id":"https:\/\/repliquemangacine.fr\/#website","url":"https:\/\/repliquemangacine.fr\/","name":"R\u00e9plique Manga Cin\u00e9","description":"","publisher":{"@id":"https:\/\/repliquemangacine.fr\/#organization"},"potentialAction":[{"@type":"SearchAction","target":{"@type":"EntryPoint","urlTemplate":"https:\/\/repliquemangacine.fr\/?s={search_term_string}"},"query-input":{"@type":"PropertyValueSpecification","valueRequired":true,"valueName":"search_term_string"}}],"inLanguage":"es"},{"@type":"Organization","@id":"https:\/\/repliquemangacine.fr\/#organization","name":"R\u00e9plique Manga Cin\u00e9","url":"https:\/\/repliquemangacine.fr\/","logo":{"@type":"ImageObject","inLanguage":"es","@id":"https:\/\/repliquemangacine.fr\/#\/schema\/logo\/image\/","url":"https:\/\/repliquemangacine.fr\/wp-content\/uploads\/2023\/10\/RMC-500250.png","contentUrl":"https:\/\/repliquemangacine.fr\/wp-content\/uploads\/2023\/10\/RMC-500250.png","width":500,"height":250,"caption":"R\u00e9plique Manga Cin\u00e9"},"image":{"@id":"https:\/\/repliquemangacine.fr\/#\/schema\/logo\/image\/"},"sameAs":["https:\/\/www.facebook.com\/RepliqueMangaCine","https:\/\/www.instagram.com\/repliquemangacine.fr\/"]}]}},"_links":{"self":[{"href":"https:\/\/repliquemangacine.fr\/es\/wp-json\/wp\/v2\/product\/27549","targetHints":{"allow":["GET"]}}],"collection":[{"href":"https:\/\/repliquemangacine.fr\/es\/wp-json\/wp\/v2\/product"}],"about":[{"href":"https:\/\/repliquemangacine.fr\/es\/wp-json\/wp\/v2\/types\/product"}],"wp:featuredmedia":[{"embeddable":true,"href":"https:\/\/repliquemangacine.fr\/es\/wp-json\/wp\/v2\/media\/27550"}],"wp:attachment":[{"href":"https:\/\/repliquemangacine.fr\/es\/wp-json\/wp\/v2\/media?parent=27549"}],"wp:term":[{"taxonomy":"product_brand","embeddable":true,"href":"https:\/\/repliquemangacine.fr\/es\/wp-json\/wp\/v2\/product_brand?post=27549"},{"taxonomy":"product_cat","embeddable":true,"href":"https:\/\/repliquemangacine.fr\/es\/wp-json\/wp\/v2\/product_cat?post=27549"},{"taxonomy":"product_tag","embeddable":true,"href":"https:\/\/repliquemangacine.fr\/es\/wp-json\/wp\/v2\/product_tag?post=27549"}],"curies":[{"name":"wp","href":"https:\/\/api.w.org\/{rel}","templated":true}]}}