





{"id":27518,"date":"2017-09-09T18:41:10","date_gmt":"2017-09-09T16:41:10","guid":{"rendered":"https:\/\/repliquemangacine.fr\/?post_type=product&#038;p=27518"},"modified":"2025-09-23T18:01:57","modified_gmt":"2025-09-23T16:01:57","slug":"espada-de-conan-el-barbaro-espada-atlante","status":"publish","type":"product","link":"https:\/\/repliquemangacine.fr\/es\/katana-les-epees-de-films-et-series\/epee-conan-le-barbare-epee-atlantean\/","title":{"rendered":"Espada Atlante de Conan el B\u00e1rbaro"},"content":{"rendered":"<h2>Espada Atlantean Conan el B\u00e1rbaro con licencia oficial.<\/h2>\n<p>Para empezar, el<strong>Espada Atlante Conan<\/strong> el B\u00e1rbaro, tiene licencia oficial <a href=\"https:\/\/www.windlass.com\/\" target=\"_blank\" rel=\"noopener noreferrer\">Estudios Windlass<\/a>.<\/p>\n<p>Conan el B\u00e1rbaro, personaje de ficci\u00f3n, cuya primera novela fue escrita por Robert E. Howard en 1932. Adem\u00e1s, con estas historias, Howard contribuy\u00f3 a la forma moderna del g\u00e9nero literario de la fantas\u00eda, siendo uno de los fundadores de la fantas\u00eda heroica.<\/p>\n<p>Las aventuras de Conan tienen lugar en un pasado m\u00edtico, creado por Howard, llamado \u2019la era hiboria\u00ab. Es un b\u00e1rbaro originario de Cimmeria.<\/p>\n<p>En 1982 se estrena la pel\u00edcula Conan el B\u00e1rbaro, de John Milius, protagonizada por Arnold Schwarzenegger. Cabe destacar que esta pel\u00edcula no es una adaptaci\u00f3n de ning\u00fan relato de Howard, sino que solo algunas escenas est\u00e1n inspiradas en los textos originales e integradas en el guion.<\/p>\n<h2>Tu Espada Atlante Conan al mejor precio.<\/h2>\n<p>Le ofrecemos una amplia selecci\u00f3n de r\u00e9plicas de espadas y objetos de colecci\u00f3n de sus h\u00e9roes cinematogr\u00e1ficos favoritos.<\/p>\n<p>Ante todo<\/p>\n<ul>\n<li>L'<a href=\"https:\/\/repliquemangacine.fr\/es\/otras-peliculas-y-series\/espada-katana-daywalker-blade\/\">Espada Blade, Katana Daywalker<\/a> con su hoja recta y su vaina de plato para llevarla a la espalda.<\/li>\n<li>Entonces la espada<a href=\"https:\/\/repliquemangacine.fr\/es\/otras-peliculas\/le-roi-arthur-excalibur-epee-de-legende\/\"> Excalibur<\/a> en la pel\u00edcula \"La leyenda de Excalibur\".<\/li>\n<li>Tambi\u00e9n existe la<a href=\"https:\/\/repliquemangacine.fr\/es\/peliculas-series-tv-venta-de-espadas-katana-y-productos-relacionados\/epee-du-pere-de-conan-le-barbare-conan-father-sword-epee-de-conan\/\">La espada del padre de Conan<\/a> bajo licencia oficial distribuida por Marto.<\/li>\n<li>Y muchos m\u00e1s por descubrir en nuestra tienda en l\u00ednea.<\/li>\n<\/ul>\n<p>Por eso, aqu\u00ed tienes unas ideas fant\u00e1sticas para regalar a todos los amantes del mundo del cine.<\/p>\n<p>En conclusi\u00f3n, puede utilizar el\u2019<strong>Espada Atlante Conan<\/strong> para tus desfiles de cosplay. Por encima de todo, esta espada es una pieza de coleccionista con licencia oficial de Windlass Studios.<\/p>\n<h2>\u00bfC\u00f3mo mantengo la hoja de mi espada?<\/h2>\n<p>Las espadas de colecci\u00f3n y decorativas se fabrican y ensamblan de forma simplificada. Como su uso es decorativo, no cuentan con los elementos de seguridad necesarios para una espada japonesa destinada al entrenamiento.<\/p>\n<p>Sin embargo, su <strong>Espada Atlante Conan<\/strong> a una hoja de acero que hay que cuidar para evitar que se estropee con el tiempo. Cuando exponga su katana, sus amigos sentir\u00e1n curiosidad por ver la hoja y tocarla. Aqu\u00ed es donde hay que tener cuidado, ya que la acidez de los dedos es muy perjudicial para el acero, sea cual sea su calidad.<\/p>\n<p>Sin embargo, si esto ocurre, no te asustes, todo lo que necesitas es un pa\u00f1o humedecido con un poco de aceite y limpiar las huellas dactilares. Si haces esto, tu espada durar\u00e1 mucho tiempo.<\/p>","protected":false},"excerpt":{"rendered":"<p><strong>R\u00e9plica id\u00e9ntica de la espada atlante de Conan el B\u00e1rbaro.<\/strong><\/p>\n<ul>\n<li>Espada de acero con alto contenido en carbono, 1085, templado a 52 HRC.<\/li>\n<li>Empu\u00f1adura y pomo de acero antiguo en la moldura del modelo original.<\/li>\n<li>Asa de metal rodeada de hilo de algod\u00f3n.<\/li>\n<li>Hoja preafilada con grabado r\u00fanico profundo.<\/li>\n<li>Licencia oficial con certificado de autenticidad - Windlass Studios<\/li>\n<li>Longitud de la hoja: 73 cm - Longitud total: 103 cm<\/li>\n<\/ul>","protected":false},"featured_media":27519,"template":"","meta":[],"product_brand":[896],"product_cat":[91,66,24],"product_tag":[],"class_list":{"0":"post-27518","1":"product","2":"type-product","3":"status-publish","4":"has-post-thumbnail","6":"product_brand-replique-manga-cine","7":"product_cat-katana-les-epees-de-films-et-series","8":"product_cat-repliques-d-armes-films-et-series","9":"product_cat-films-series-tv-vente-de-katana-epee-et-produits-derives","11":"first","12":"outofstock","13":"taxable","14":"shipping-taxable","15":"purchasable","16":"product-type-simple"},"yoast_head":"<!-- This site is optimized with the Yoast SEO plugin v27.4 - https:\/\/yoast.com\/product\/yoast-seo-wordpress\/ -->\n<title>Ep\u00e9e Atlantean Conan le Barbare - R\u00e9plique Manga Cin\u00e9<\/title>\n<meta name=\"description\" content=\"R\u00e9plique exacte de l&#039;Ep\u00e9e Atlantean Conan utilis\u00e9e \u00e0 l&#039;\u00e9cran par Schwarzenegger. Licence officielle - Windlass et Museum replicas Limited - Envoi Gratuit\" \/>\n<meta name=\"robots\" content=\"index, follow, max-snippet:-1, max-image-preview:large, max-video-preview:-1\" \/>\n<link rel=\"canonical\" href=\"https:\/\/repliquemangacine.fr\/es\/espadas-katana-de-peliculas-y-series\/espada-de-conan-el-barbaro-espada-atlante\/\" \/>\n<meta property=\"og:locale\" content=\"es_ES\" \/>\n<meta property=\"og:type\" content=\"article\" \/>\n<meta property=\"og:title\" content=\"Ep\u00e9e Atlantean Conan le Barbare - R\u00e9plique Manga Cin\u00e9\" \/>\n<meta property=\"og:description\" content=\"R\u00e9plique exacte de l&#039;Ep\u00e9e Atlantean Conan utilis\u00e9e \u00e0 l&#039;\u00e9cran par Schwarzenegger. Licence officielle - Windlass et Museum replicas Limited - Envoi Gratuit\" \/>\n<meta property=\"og:url\" content=\"https:\/\/repliquemangacine.fr\/es\/espadas-katana-de-peliculas-y-series\/espada-de-conan-el-barbaro-espada-atlante\/\" \/>\n<meta property=\"og:site_name\" content=\"R\u00e9plique Manga Cin\u00e9\" \/>\n<meta property=\"article:publisher\" content=\"https:\/\/www.facebook.com\/RepliqueMangaCine\" \/>\n<meta property=\"article:modified_time\" content=\"2025-09-23T16:01:57+00:00\" \/>\n<meta property=\"og:image\" content=\"https:\/\/repliquemangacine.fr\/wp-content\/uploads\/2023\/10\/2302-Epee-Conan-le-Barbare-Epee-Atlantean.jpg\" \/>\n\t<meta property=\"og:image:width\" content=\"600\" \/>\n\t<meta property=\"og:image:height\" content=\"600\" \/>\n\t<meta property=\"og:image:type\" content=\"image\/jpeg\" \/>\n<meta name=\"twitter:card\" content=\"summary_large_image\" \/>\n<meta name=\"twitter:label1\" content=\"Tiempo de lectura\" \/>\n\t<meta name=\"twitter:data1\" content=\"2 minutos\" \/>\n<script type=\"application\/ld+json\" class=\"yoast-schema-graph\">{\"@context\":\"https:\\\/\\\/schema.org\",\"@graph\":[{\"@type\":\"WebPage\",\"@id\":\"https:\\\/\\\/repliquemangacine.fr\\\/katana-les-epees-de-films-et-series\\\/epee-conan-le-barbare-epee-atlantean\\\/\",\"url\":\"https:\\\/\\\/repliquemangacine.fr\\\/katana-les-epees-de-films-et-series\\\/epee-conan-le-barbare-epee-atlantean\\\/\",\"name\":\"Ep\u00e9e Atlantean Conan le Barbare - R\u00e9plique Manga Cin\u00e9\",\"isPartOf\":{\"@id\":\"https:\\\/\\\/repliquemangacine.fr\\\/#website\"},\"primaryImageOfPage\":{\"@id\":\"https:\\\/\\\/repliquemangacine.fr\\\/katana-les-epees-de-films-et-series\\\/epee-conan-le-barbare-epee-atlantean\\\/#primaryimage\"},\"image\":{\"@id\":\"https:\\\/\\\/repliquemangacine.fr\\\/katana-les-epees-de-films-et-series\\\/epee-conan-le-barbare-epee-atlantean\\\/#primaryimage\"},\"thumbnailUrl\":\"https:\\\/\\\/repliquemangacine.fr\\\/wp-content\\\/uploads\\\/2023\\\/10\\\/2302-Epee-Conan-le-Barbare-Epee-Atlantean.jpg\",\"datePublished\":\"2017-09-09T16:41:10+00:00\",\"dateModified\":\"2025-09-23T16:01:57+00:00\",\"description\":\"R\u00e9plique exacte de l'Ep\u00e9e Atlantean Conan utilis\u00e9e \u00e0 l'\u00e9cran par Schwarzenegger. Licence officielle - Windlass et Museum replicas Limited - Envoi Gratuit\",\"breadcrumb\":{\"@id\":\"https:\\\/\\\/repliquemangacine.fr\\\/katana-les-epees-de-films-et-series\\\/epee-conan-le-barbare-epee-atlantean\\\/#breadcrumb\"},\"inLanguage\":\"es\",\"potentialAction\":[{\"@type\":\"ReadAction\",\"target\":[\"https:\\\/\\\/repliquemangacine.fr\\\/katana-les-epees-de-films-et-series\\\/epee-conan-le-barbare-epee-atlantean\\\/\"]}]},{\"@type\":\"ImageObject\",\"inLanguage\":\"es\",\"@id\":\"https:\\\/\\\/repliquemangacine.fr\\\/katana-les-epees-de-films-et-series\\\/epee-conan-le-barbare-epee-atlantean\\\/#primaryimage\",\"url\":\"https:\\\/\\\/repliquemangacine.fr\\\/wp-content\\\/uploads\\\/2023\\\/10\\\/2302-Epee-Conan-le-Barbare-Epee-Atlantean.jpg\",\"contentUrl\":\"https:\\\/\\\/repliquemangacine.fr\\\/wp-content\\\/uploads\\\/2023\\\/10\\\/2302-Epee-Conan-le-Barbare-Epee-Atlantean.jpg\",\"width\":600,\"height\":600,\"caption\":\"Ep\u00e9e Conan le Barbare - Ep\u00e9e Atlantean\"},{\"@type\":\"BreadcrumbList\",\"@id\":\"https:\\\/\\\/repliquemangacine.fr\\\/katana-les-epees-de-films-et-series\\\/epee-conan-le-barbare-epee-atlantean\\\/#breadcrumb\",\"itemListElement\":[{\"@type\":\"ListItem\",\"position\":1,\"name\":\"Accueil\",\"item\":\"https:\\\/\\\/repliquemangacine.fr\\\/\"},{\"@type\":\"ListItem\",\"position\":2,\"name\":\"Produits\",\"item\":\"https:\\\/\\\/repliquemangacine.fr\\\/boutique\\\/\"},{\"@type\":\"ListItem\",\"position\":3,\"name\":\"Ep\u00e9e Atlantean Conan le Barbare\"}]},{\"@type\":\"WebSite\",\"@id\":\"https:\\\/\\\/repliquemangacine.fr\\\/#website\",\"url\":\"https:\\\/\\\/repliquemangacine.fr\\\/\",\"name\":\"R\u00e9plique Manga Cin\u00e9\",\"description\":\"\",\"publisher\":{\"@id\":\"https:\\\/\\\/repliquemangacine.fr\\\/#organization\"},\"potentialAction\":[{\"@type\":\"SearchAction\",\"target\":{\"@type\":\"EntryPoint\",\"urlTemplate\":\"https:\\\/\\\/repliquemangacine.fr\\\/?s={search_term_string}\"},\"query-input\":{\"@type\":\"PropertyValueSpecification\",\"valueRequired\":true,\"valueName\":\"search_term_string\"}}],\"inLanguage\":\"es\"},{\"@type\":\"Organization\",\"@id\":\"https:\\\/\\\/repliquemangacine.fr\\\/#organization\",\"name\":\"R\u00e9plique Manga Cin\u00e9\",\"url\":\"https:\\\/\\\/repliquemangacine.fr\\\/\",\"logo\":{\"@type\":\"ImageObject\",\"inLanguage\":\"es\",\"@id\":\"https:\\\/\\\/repliquemangacine.fr\\\/#\\\/schema\\\/logo\\\/image\\\/\",\"url\":\"https:\\\/\\\/repliquemangacine.fr\\\/wp-content\\\/uploads\\\/2023\\\/10\\\/RMC-500250.png\",\"contentUrl\":\"https:\\\/\\\/repliquemangacine.fr\\\/wp-content\\\/uploads\\\/2023\\\/10\\\/RMC-500250.png\",\"width\":500,\"height\":250,\"caption\":\"R\u00e9plique Manga Cin\u00e9\"},\"image\":{\"@id\":\"https:\\\/\\\/repliquemangacine.fr\\\/#\\\/schema\\\/logo\\\/image\\\/\"},\"sameAs\":[\"https:\\\/\\\/www.facebook.com\\\/RepliqueMangaCine\",\"https:\\\/\\\/www.instagram.com\\\/repliquemangacine.fr\\\/\"]}]}<\/script>\n<!-- \/ Yoast SEO plugin. -->","yoast_head_json":{"title":"Espada Atlante Conan el B\u00e1rbaro - R\u00e9plique Manga Cin\u00e9","description":"R\u00e9plica exacta de la Espada Atlante de Conan utilizada en pantalla por Schwarzenegger. Con licencia oficial - R\u00e9plicas de molinete y museo limitadas - Env\u00edo gratuito","robots":{"index":"index","follow":"follow","max-snippet":"max-snippet:-1","max-image-preview":"max-image-preview:large","max-video-preview":"max-video-preview:-1"},"canonical":"https:\/\/repliquemangacine.fr\/es\/espadas-katana-de-peliculas-y-series\/espada-de-conan-el-barbaro-espada-atlante\/","og_locale":"es_ES","og_type":"article","og_title":"Ep\u00e9e Atlantean Conan le Barbare - R\u00e9plique Manga Cin\u00e9","og_description":"R\u00e9plique exacte de l'Ep\u00e9e Atlantean Conan utilis\u00e9e \u00e0 l'\u00e9cran par Schwarzenegger. Licence officielle - Windlass et Museum replicas Limited - Envoi Gratuit","og_url":"https:\/\/repliquemangacine.fr\/es\/espadas-katana-de-peliculas-y-series\/espada-de-conan-el-barbaro-espada-atlante\/","og_site_name":"R\u00e9plique Manga Cin\u00e9","article_publisher":"https:\/\/www.facebook.com\/RepliqueMangaCine","article_modified_time":"2025-09-23T16:01:57+00:00","og_image":[{"width":600,"height":600,"url":"https:\/\/repliquemangacine.fr\/wp-content\/uploads\/2023\/10\/2302-Epee-Conan-le-Barbare-Epee-Atlantean.jpg","type":"image\/jpeg"}],"twitter_card":"summary_large_image","twitter_misc":{"Tiempo de lectura":"2 minutos"},"schema":{"@context":"https:\/\/schema.org","@graph":[{"@type":"WebPage","@id":"https:\/\/repliquemangacine.fr\/katana-les-epees-de-films-et-series\/epee-conan-le-barbare-epee-atlantean\/","url":"https:\/\/repliquemangacine.fr\/katana-les-epees-de-films-et-series\/epee-conan-le-barbare-epee-atlantean\/","name":"Espada Atlante Conan el B\u00e1rbaro - R\u00e9plique Manga Cin\u00e9","isPartOf":{"@id":"https:\/\/repliquemangacine.fr\/#website"},"primaryImageOfPage":{"@id":"https:\/\/repliquemangacine.fr\/katana-les-epees-de-films-et-series\/epee-conan-le-barbare-epee-atlantean\/#primaryimage"},"image":{"@id":"https:\/\/repliquemangacine.fr\/katana-les-epees-de-films-et-series\/epee-conan-le-barbare-epee-atlantean\/#primaryimage"},"thumbnailUrl":"https:\/\/repliquemangacine.fr\/wp-content\/uploads\/2023\/10\/2302-Epee-Conan-le-Barbare-Epee-Atlantean.jpg","datePublished":"2017-09-09T16:41:10+00:00","dateModified":"2025-09-23T16:01:57+00:00","description":"R\u00e9plica exacta de la Espada Atlante de Conan utilizada en pantalla por Schwarzenegger. Con licencia oficial - R\u00e9plicas de molinete y museo limitadas - Env\u00edo gratuito","breadcrumb":{"@id":"https:\/\/repliquemangacine.fr\/katana-les-epees-de-films-et-series\/epee-conan-le-barbare-epee-atlantean\/#breadcrumb"},"inLanguage":"es","potentialAction":[{"@type":"ReadAction","target":["https:\/\/repliquemangacine.fr\/katana-les-epees-de-films-et-series\/epee-conan-le-barbare-epee-atlantean\/"]}]},{"@type":"ImageObject","inLanguage":"es","@id":"https:\/\/repliquemangacine.fr\/katana-les-epees-de-films-et-series\/epee-conan-le-barbare-epee-atlantean\/#primaryimage","url":"https:\/\/repliquemangacine.fr\/wp-content\/uploads\/2023\/10\/2302-Epee-Conan-le-Barbare-Epee-Atlantean.jpg","contentUrl":"https:\/\/repliquemangacine.fr\/wp-content\/uploads\/2023\/10\/2302-Epee-Conan-le-Barbare-Epee-Atlantean.jpg","width":600,"height":600,"caption":"Ep\u00e9e Conan le Barbare - Ep\u00e9e Atlantean"},{"@type":"BreadcrumbList","@id":"https:\/\/repliquemangacine.fr\/katana-les-epees-de-films-et-series\/epee-conan-le-barbare-epee-atlantean\/#breadcrumb","itemListElement":[{"@type":"ListItem","position":1,"name":"Accueil","item":"https:\/\/repliquemangacine.fr\/"},{"@type":"ListItem","position":2,"name":"Produits","item":"https:\/\/repliquemangacine.fr\/boutique\/"},{"@type":"ListItem","position":3,"name":"Ep\u00e9e Atlantean Conan le Barbare"}]},{"@type":"WebSite","@id":"https:\/\/repliquemangacine.fr\/#website","url":"https:\/\/repliquemangacine.fr\/","name":"R\u00e9plique Manga Cin\u00e9","description":"","publisher":{"@id":"https:\/\/repliquemangacine.fr\/#organization"},"potentialAction":[{"@type":"SearchAction","target":{"@type":"EntryPoint","urlTemplate":"https:\/\/repliquemangacine.fr\/?s={search_term_string}"},"query-input":{"@type":"PropertyValueSpecification","valueRequired":true,"valueName":"search_term_string"}}],"inLanguage":"es"},{"@type":"Organization","@id":"https:\/\/repliquemangacine.fr\/#organization","name":"R\u00e9plique Manga Cin\u00e9","url":"https:\/\/repliquemangacine.fr\/","logo":{"@type":"ImageObject","inLanguage":"es","@id":"https:\/\/repliquemangacine.fr\/#\/schema\/logo\/image\/","url":"https:\/\/repliquemangacine.fr\/wp-content\/uploads\/2023\/10\/RMC-500250.png","contentUrl":"https:\/\/repliquemangacine.fr\/wp-content\/uploads\/2023\/10\/RMC-500250.png","width":500,"height":250,"caption":"R\u00e9plique Manga Cin\u00e9"},"image":{"@id":"https:\/\/repliquemangacine.fr\/#\/schema\/logo\/image\/"},"sameAs":["https:\/\/www.facebook.com\/RepliqueMangaCine","https:\/\/www.instagram.com\/repliquemangacine.fr\/"]}]}},"_links":{"self":[{"href":"https:\/\/repliquemangacine.fr\/es\/wp-json\/wp\/v2\/product\/27518","targetHints":{"allow":["GET"]}}],"collection":[{"href":"https:\/\/repliquemangacine.fr\/es\/wp-json\/wp\/v2\/product"}],"about":[{"href":"https:\/\/repliquemangacine.fr\/es\/wp-json\/wp\/v2\/types\/product"}],"wp:featuredmedia":[{"embeddable":true,"href":"https:\/\/repliquemangacine.fr\/es\/wp-json\/wp\/v2\/media\/27519"}],"wp:attachment":[{"href":"https:\/\/repliquemangacine.fr\/es\/wp-json\/wp\/v2\/media?parent=27518"}],"wp:term":[{"taxonomy":"product_brand","embeddable":true,"href":"https:\/\/repliquemangacine.fr\/es\/wp-json\/wp\/v2\/product_brand?post=27518"},{"taxonomy":"product_cat","embeddable":true,"href":"https:\/\/repliquemangacine.fr\/es\/wp-json\/wp\/v2\/product_cat?post=27518"},{"taxonomy":"product_tag","embeddable":true,"href":"https:\/\/repliquemangacine.fr\/es\/wp-json\/wp\/v2\/product_tag?post=27518"}],"curies":[{"name":"wp","href":"https:\/\/api.w.org\/{rel}","templated":true}]}}