





{"id":27508,"date":"2017-09-09T17:20:32","date_gmt":"2017-09-09T15:20:32","guid":{"rendered":"https:\/\/repliquemangacine.fr\/?post_type=product&#038;p=27508"},"modified":"2025-09-23T18:01:56","modified_gmt":"2025-09-23T16:01:56","slug":"conan-padre-espada-espada-conan-el-barbaro-molinete","status":"publish","type":"product","link":"https:\/\/repliquemangacine.fr\/es\/katana-les-epees-de-films-et-series\/conan-father-sword-epee-conan-le-barbare-windlass\/","title":{"rendered":"Conan Padre Espada Molinete"},"content":{"rendered":"<h2>La espada del padre de Conan Molinete<\/h2>\n<p>Para empezar, el<strong>La espada del padre de Conan Molinete<\/strong>Tiene licencia oficial, con el n\u00famero de serie en la hoja. Fabricado por <a href=\"https:\/\/www.windlass.com\/\" target=\"_blank\" rel=\"noopener noreferrer\">Molinete de acero<\/a>\u00ae India.<\/p>\n<p>Conan el B\u00e1rbaro, personaje de ficci\u00f3n, cuya primera novela fue escrita por Robert E. Howard en 1932. De hecho, con estas historias, Howard contribuy\u00f3 a la forma moderna del g\u00e9nero literario de la fantas\u00eda, convirti\u00e9ndose en uno de los fundadores de la fantas\u00eda heroica.<\/p>\n<p>Las aventuras de Conan tienen lugar en un pasado m\u00edtico, creado por Howard, llamado la \u2019era hiboria\u00ab.  Corin es el padre de Conan.<\/p>\n<p>Descubrimos la pel\u00edcula Conan el B\u00e1rbaro, de John Milius, con Arnold Schwarzenegger. Cabe destacar que esta pel\u00edcula no adapta ninguna novela de Howard, solo algunas escenas est\u00e1n extra\u00eddas de los textos originales e integradas en el guion.<\/p>\n<h2>Tu Espada del Padre de Conan Molinete al mejor precio.<\/h2>\n<p>Le ofrecemos una amplia selecci\u00f3n de r\u00e9plicas de espadas y objetos de colecci\u00f3n de sus h\u00e9roes cinematogr\u00e1ficos favoritos.<\/p>\n<p>Ante todo<\/p>\n<ul>\n<li>L'<a href=\"https:\/\/repliquemangacine.fr\/es\/otras-peliculas\/narnia-espada-valiente\/\">espada valiente<\/a> en la pel\u00edcula \"El mundo de Narnia\".<\/li>\n<li>As\u00ed como la espada<a href=\"https:\/\/repliquemangacine.fr\/es\/otras-peliculas\/connor-macleod-espada-highlander\/\"> oficial de connor Macleod<\/a> firmado Marto.<\/li>\n<li>Tambi\u00e9n existe la<a href=\"https:\/\/repliquemangacine.fr\/es\/otras-peliculas\/espada-de-conan-el-barbaro-espada-atlante\/\">Espada Atlante Conan<\/a> bajo licencia oficial distribuida por Windlass.<\/li>\n<li>Y muchos m\u00e1s por descubrir en nuestra tienda en l\u00ednea.<\/li>\n<\/ul>\n<p>Por eso, aqu\u00ed tienes unas ideas fant\u00e1sticas para regalar a todos los amantes del mundo del cine.<\/p>\n<p>En conclusi\u00f3n, puede utilizar esta <strong>La espada del padre de Conan Molinete<\/strong> para tus desfiles de cosplay. Por encima de todo, esta espada es un art\u00edculo de coleccionista con licencia oficial y Certificado de Autenticidad.<\/p>\n<h2>\u00bfC\u00f3mo mantengo la hoja de mi espada?<\/h2>\n<p>Las espadas de colecci\u00f3n y decorativas se fabrican y ensamblan de forma simplificada. Adem\u00e1s, dado que su uso es decorativo, no cuentan con los elementos de seguridad necesarios para una espada japonesa destinada al entrenamiento.<\/p>\n<p>Sin embargo, su <strong>La espada del padre de Conan Molinete<\/strong> a una hoja de acero que hay que cuidar para evitar que se estropee con el tiempo. Cuando exponga su katana, sus amigos sentir\u00e1n curiosidad por ver la hoja y tocarla. Aqu\u00ed es donde hay que tener cuidado, ya que la acidez de los dedos es muy perjudicial para el acero, sea cual sea su calidad.<\/p>\n<p>Sin embargo, si esto ocurre, no te asustes, todo lo que necesitas es un pa\u00f1o humedecido con un poco de aceite y limpiar las huellas dactilares. Si haces esto, tu espada durar\u00e1 mucho tiempo.<\/p>","protected":false},"excerpt":{"rendered":"<p>Espada del padre de Conan en la pel\u00edcula Conan El B\u00e1rbaro. Fabricada por Windlass Steelcrafts\u00ae India.<\/p>\n<ul>\n<li>Espada de acero con alto contenido en carbono, 1085, templado a 52 HRC.<\/li>\n<li>Reproducida por los maestros artesanos de Windlass Steelcrafts como r\u00e9plica exacta de la espada utilizada en la pantalla.<\/li>\n<li>Empu\u00f1adura y pomo de acero antiguo fabricados a partir de la fundici\u00f3n original.<\/li>\n<li>Asa de metal con tejido de cuero aut\u00e9ntico.<\/li>\n<li>Hoja preafilada con grabado de runas.<\/li>\n<li>Caja de coleccionista<\/li>\n<li>Bajo licencia oficial.<\/li>\n<li>Certificado de autenticidad de Windlass Studios.<\/li>\n<li>Longitud total: 96 cm<\/li>\n<\/ul>","protected":false},"featured_media":27509,"template":"","meta":[],"product_brand":[896],"product_cat":[91,66,24],"product_tag":[],"class_list":{"0":"post-27508","1":"product","2":"type-product","3":"status-publish","4":"has-post-thumbnail","6":"product_brand-replique-manga-cine","7":"product_cat-katana-les-epees-de-films-et-series","8":"product_cat-repliques-d-armes-films-et-series","9":"product_cat-films-series-tv-vente-de-katana-epee-et-produits-derives","11":"first","12":"outofstock","13":"taxable","14":"shipping-taxable","15":"purchasable","16":"product-type-simple"},"yoast_head":"<!-- This site is optimized with the Yoast SEO plugin v27.5 - https:\/\/yoast.com\/product\/yoast-seo-wordpress\/ -->\n<title>Ep\u00e9e du p\u00e8re de Conan Windlass | R\u00e9plique Manga Cin\u00e9<\/title>\n<meta name=\"description\" content=\"Offrez-vous l&#039;Ep\u00e9e du p\u00e8re de Conan Windlass au meilleur prix - Lame en acier carbone - Garde et pommeau acier vieilli - Licence Officielle - 96 cm\" \/>\n<meta name=\"robots\" content=\"index, follow, max-snippet:-1, max-image-preview:large, max-video-preview:-1\" \/>\n<link rel=\"canonical\" href=\"https:\/\/repliquemangacine.fr\/es\/espadas-katana-de-peliculas-y-series\/conan-padre-espada-espada-conan-el-barbaro-molinete\/\" \/>\n<meta property=\"og:locale\" content=\"es_ES\" \/>\n<meta property=\"og:type\" content=\"article\" \/>\n<meta property=\"og:title\" content=\"Ep\u00e9e du p\u00e8re de Conan Windlass | R\u00e9plique Manga Cin\u00e9\" \/>\n<meta property=\"og:description\" content=\"Offrez-vous l&#039;Ep\u00e9e du p\u00e8re de Conan Windlass au meilleur prix - Lame en acier carbone - Garde et pommeau acier vieilli - Licence Officielle - 96 cm\" \/>\n<meta property=\"og:url\" content=\"https:\/\/repliquemangacine.fr\/es\/espadas-katana-de-peliculas-y-series\/conan-padre-espada-espada-conan-el-barbaro-molinete\/\" \/>\n<meta property=\"og:site_name\" content=\"R\u00e9plique Manga Cin\u00e9\" \/>\n<meta property=\"article:publisher\" content=\"https:\/\/www.facebook.com\/RepliqueMangaCine\" \/>\n<meta property=\"article:modified_time\" content=\"2025-09-23T16:01:56+00:00\" \/>\n<meta property=\"og:image\" content=\"https:\/\/repliquemangacine.fr\/wp-content\/uploads\/2023\/10\/2294-Conan-Father-Sword-Epee-Conan-le-Barbare.jpg\" \/>\n\t<meta property=\"og:image:width\" content=\"600\" \/>\n\t<meta property=\"og:image:height\" content=\"600\" \/>\n\t<meta property=\"og:image:type\" content=\"image\/jpeg\" \/>\n<meta name=\"twitter:card\" content=\"summary_large_image\" \/>\n<meta name=\"twitter:label1\" content=\"Tiempo de lectura\" \/>\n\t<meta name=\"twitter:data1\" content=\"2 minutos\" \/>\n<script type=\"application\/ld+json\" class=\"yoast-schema-graph\">{\"@context\":\"https:\\\/\\\/schema.org\",\"@graph\":[{\"@type\":\"WebPage\",\"@id\":\"https:\\\/\\\/repliquemangacine.fr\\\/katana-les-epees-de-films-et-series\\\/conan-father-sword-epee-conan-le-barbare-windlass\\\/\",\"url\":\"https:\\\/\\\/repliquemangacine.fr\\\/katana-les-epees-de-films-et-series\\\/conan-father-sword-epee-conan-le-barbare-windlass\\\/\",\"name\":\"Ep\u00e9e du p\u00e8re de Conan Windlass | R\u00e9plique Manga Cin\u00e9\",\"isPartOf\":{\"@id\":\"https:\\\/\\\/repliquemangacine.fr\\\/#website\"},\"primaryImageOfPage\":{\"@id\":\"https:\\\/\\\/repliquemangacine.fr\\\/katana-les-epees-de-films-et-series\\\/conan-father-sword-epee-conan-le-barbare-windlass\\\/#primaryimage\"},\"image\":{\"@id\":\"https:\\\/\\\/repliquemangacine.fr\\\/katana-les-epees-de-films-et-series\\\/conan-father-sword-epee-conan-le-barbare-windlass\\\/#primaryimage\"},\"thumbnailUrl\":\"https:\\\/\\\/repliquemangacine.fr\\\/wp-content\\\/uploads\\\/2023\\\/10\\\/2294-Conan-Father-Sword-Epee-Conan-le-Barbare.jpg\",\"datePublished\":\"2017-09-09T15:20:32+00:00\",\"dateModified\":\"2025-09-23T16:01:56+00:00\",\"description\":\"Offrez-vous l'Ep\u00e9e du p\u00e8re de Conan Windlass au meilleur prix - Lame en acier carbone - Garde et pommeau acier vieilli - Licence Officielle - 96 cm\",\"breadcrumb\":{\"@id\":\"https:\\\/\\\/repliquemangacine.fr\\\/katana-les-epees-de-films-et-series\\\/conan-father-sword-epee-conan-le-barbare-windlass\\\/#breadcrumb\"},\"inLanguage\":\"es\",\"potentialAction\":[{\"@type\":\"ReadAction\",\"target\":[\"https:\\\/\\\/repliquemangacine.fr\\\/katana-les-epees-de-films-et-series\\\/conan-father-sword-epee-conan-le-barbare-windlass\\\/\"]}]},{\"@type\":\"ImageObject\",\"inLanguage\":\"es\",\"@id\":\"https:\\\/\\\/repliquemangacine.fr\\\/katana-les-epees-de-films-et-series\\\/conan-father-sword-epee-conan-le-barbare-windlass\\\/#primaryimage\",\"url\":\"https:\\\/\\\/repliquemangacine.fr\\\/wp-content\\\/uploads\\\/2023\\\/10\\\/2294-Conan-Father-Sword-Epee-Conan-le-Barbare.jpg\",\"contentUrl\":\"https:\\\/\\\/repliquemangacine.fr\\\/wp-content\\\/uploads\\\/2023\\\/10\\\/2294-Conan-Father-Sword-Epee-Conan-le-Barbare.jpg\",\"width\":600,\"height\":600,\"caption\":\"Conan Father Sword- Ep\u00e9e Conan le Barbare\"},{\"@type\":\"BreadcrumbList\",\"@id\":\"https:\\\/\\\/repliquemangacine.fr\\\/katana-les-epees-de-films-et-series\\\/conan-father-sword-epee-conan-le-barbare-windlass\\\/#breadcrumb\",\"itemListElement\":[{\"@type\":\"ListItem\",\"position\":1,\"name\":\"Accueil\",\"item\":\"https:\\\/\\\/repliquemangacine.fr\\\/\"},{\"@type\":\"ListItem\",\"position\":2,\"name\":\"Produits\",\"item\":\"https:\\\/\\\/repliquemangacine.fr\\\/boutique\\\/\"},{\"@type\":\"ListItem\",\"position\":3,\"name\":\"Conan Father Sword Windlass\"}]},{\"@type\":\"WebSite\",\"@id\":\"https:\\\/\\\/repliquemangacine.fr\\\/#website\",\"url\":\"https:\\\/\\\/repliquemangacine.fr\\\/\",\"name\":\"R\u00e9plique Manga Cin\u00e9\",\"description\":\"\",\"publisher\":{\"@id\":\"https:\\\/\\\/repliquemangacine.fr\\\/#organization\"},\"potentialAction\":[{\"@type\":\"SearchAction\",\"target\":{\"@type\":\"EntryPoint\",\"urlTemplate\":\"https:\\\/\\\/repliquemangacine.fr\\\/?s={search_term_string}\"},\"query-input\":{\"@type\":\"PropertyValueSpecification\",\"valueRequired\":true,\"valueName\":\"search_term_string\"}}],\"inLanguage\":\"es\"},{\"@type\":\"Organization\",\"@id\":\"https:\\\/\\\/repliquemangacine.fr\\\/#organization\",\"name\":\"R\u00e9plique Manga Cin\u00e9\",\"url\":\"https:\\\/\\\/repliquemangacine.fr\\\/\",\"logo\":{\"@type\":\"ImageObject\",\"inLanguage\":\"es\",\"@id\":\"https:\\\/\\\/repliquemangacine.fr\\\/#\\\/schema\\\/logo\\\/image\\\/\",\"url\":\"https:\\\/\\\/repliquemangacine.fr\\\/wp-content\\\/uploads\\\/2023\\\/10\\\/RMC-500250.png\",\"contentUrl\":\"https:\\\/\\\/repliquemangacine.fr\\\/wp-content\\\/uploads\\\/2023\\\/10\\\/RMC-500250.png\",\"width\":500,\"height\":250,\"caption\":\"R\u00e9plique Manga Cin\u00e9\"},\"image\":{\"@id\":\"https:\\\/\\\/repliquemangacine.fr\\\/#\\\/schema\\\/logo\\\/image\\\/\"},\"sameAs\":[\"https:\\\/\\\/www.facebook.com\\\/RepliqueMangaCine\",\"https:\\\/\\\/www.instagram.com\\\/repliquemangacine.fr\\\/\"]}]}<\/script>\n<!-- \/ Yoast SEO plugin. -->","yoast_head_json":{"title":"Espada del padre de Conan Molinete | R\u00e9plique Manga Cin\u00e9","description":"Reg\u00e1late la Espada del padre de Conan Molinete al mejor precio - Hoja de acero al carbono - Empu\u00f1adura y pomo de acero envejecido - Licencia oficial - 96 cm","robots":{"index":"index","follow":"follow","max-snippet":"max-snippet:-1","max-image-preview":"max-image-preview:large","max-video-preview":"max-video-preview:-1"},"canonical":"https:\/\/repliquemangacine.fr\/es\/espadas-katana-de-peliculas-y-series\/conan-padre-espada-espada-conan-el-barbaro-molinete\/","og_locale":"es_ES","og_type":"article","og_title":"Ep\u00e9e du p\u00e8re de Conan Windlass | R\u00e9plique Manga Cin\u00e9","og_description":"Offrez-vous l'Ep\u00e9e du p\u00e8re de Conan Windlass au meilleur prix - Lame en acier carbone - Garde et pommeau acier vieilli - Licence Officielle - 96 cm","og_url":"https:\/\/repliquemangacine.fr\/es\/espadas-katana-de-peliculas-y-series\/conan-padre-espada-espada-conan-el-barbaro-molinete\/","og_site_name":"R\u00e9plique Manga Cin\u00e9","article_publisher":"https:\/\/www.facebook.com\/RepliqueMangaCine","article_modified_time":"2025-09-23T16:01:56+00:00","og_image":[{"width":600,"height":600,"url":"https:\/\/repliquemangacine.fr\/wp-content\/uploads\/2023\/10\/2294-Conan-Father-Sword-Epee-Conan-le-Barbare.jpg","type":"image\/jpeg"}],"twitter_card":"summary_large_image","twitter_misc":{"Tiempo de lectura":"2 minutos"},"schema":{"@context":"https:\/\/schema.org","@graph":[{"@type":"WebPage","@id":"https:\/\/repliquemangacine.fr\/katana-les-epees-de-films-et-series\/conan-father-sword-epee-conan-le-barbare-windlass\/","url":"https:\/\/repliquemangacine.fr\/katana-les-epees-de-films-et-series\/conan-father-sword-epee-conan-le-barbare-windlass\/","name":"Espada del padre de Conan Molinete | R\u00e9plique Manga Cin\u00e9","isPartOf":{"@id":"https:\/\/repliquemangacine.fr\/#website"},"primaryImageOfPage":{"@id":"https:\/\/repliquemangacine.fr\/katana-les-epees-de-films-et-series\/conan-father-sword-epee-conan-le-barbare-windlass\/#primaryimage"},"image":{"@id":"https:\/\/repliquemangacine.fr\/katana-les-epees-de-films-et-series\/conan-father-sword-epee-conan-le-barbare-windlass\/#primaryimage"},"thumbnailUrl":"https:\/\/repliquemangacine.fr\/wp-content\/uploads\/2023\/10\/2294-Conan-Father-Sword-Epee-Conan-le-Barbare.jpg","datePublished":"2017-09-09T15:20:32+00:00","dateModified":"2025-09-23T16:01:56+00:00","description":"Reg\u00e1late la Espada del padre de Conan Molinete al mejor precio - Hoja de acero al carbono - Empu\u00f1adura y pomo de acero envejecido - Licencia oficial - 96 cm","breadcrumb":{"@id":"https:\/\/repliquemangacine.fr\/katana-les-epees-de-films-et-series\/conan-father-sword-epee-conan-le-barbare-windlass\/#breadcrumb"},"inLanguage":"es","potentialAction":[{"@type":"ReadAction","target":["https:\/\/repliquemangacine.fr\/katana-les-epees-de-films-et-series\/conan-father-sword-epee-conan-le-barbare-windlass\/"]}]},{"@type":"ImageObject","inLanguage":"es","@id":"https:\/\/repliquemangacine.fr\/katana-les-epees-de-films-et-series\/conan-father-sword-epee-conan-le-barbare-windlass\/#primaryimage","url":"https:\/\/repliquemangacine.fr\/wp-content\/uploads\/2023\/10\/2294-Conan-Father-Sword-Epee-Conan-le-Barbare.jpg","contentUrl":"https:\/\/repliquemangacine.fr\/wp-content\/uploads\/2023\/10\/2294-Conan-Father-Sword-Epee-Conan-le-Barbare.jpg","width":600,"height":600,"caption":"Conan Father Sword- Ep\u00e9e Conan le Barbare"},{"@type":"BreadcrumbList","@id":"https:\/\/repliquemangacine.fr\/katana-les-epees-de-films-et-series\/conan-father-sword-epee-conan-le-barbare-windlass\/#breadcrumb","itemListElement":[{"@type":"ListItem","position":1,"name":"Accueil","item":"https:\/\/repliquemangacine.fr\/"},{"@type":"ListItem","position":2,"name":"Produits","item":"https:\/\/repliquemangacine.fr\/boutique\/"},{"@type":"ListItem","position":3,"name":"Conan Father Sword Windlass"}]},{"@type":"WebSite","@id":"https:\/\/repliquemangacine.fr\/#website","url":"https:\/\/repliquemangacine.fr\/","name":"R\u00e9plique Manga Cin\u00e9","description":"","publisher":{"@id":"https:\/\/repliquemangacine.fr\/#organization"},"potentialAction":[{"@type":"SearchAction","target":{"@type":"EntryPoint","urlTemplate":"https:\/\/repliquemangacine.fr\/?s={search_term_string}"},"query-input":{"@type":"PropertyValueSpecification","valueRequired":true,"valueName":"search_term_string"}}],"inLanguage":"es"},{"@type":"Organization","@id":"https:\/\/repliquemangacine.fr\/#organization","name":"R\u00e9plique Manga Cin\u00e9","url":"https:\/\/repliquemangacine.fr\/","logo":{"@type":"ImageObject","inLanguage":"es","@id":"https:\/\/repliquemangacine.fr\/#\/schema\/logo\/image\/","url":"https:\/\/repliquemangacine.fr\/wp-content\/uploads\/2023\/10\/RMC-500250.png","contentUrl":"https:\/\/repliquemangacine.fr\/wp-content\/uploads\/2023\/10\/RMC-500250.png","width":500,"height":250,"caption":"R\u00e9plique Manga Cin\u00e9"},"image":{"@id":"https:\/\/repliquemangacine.fr\/#\/schema\/logo\/image\/"},"sameAs":["https:\/\/www.facebook.com\/RepliqueMangaCine","https:\/\/www.instagram.com\/repliquemangacine.fr\/"]}]}},"_links":{"self":[{"href":"https:\/\/repliquemangacine.fr\/es\/wp-json\/wp\/v2\/product\/27508","targetHints":{"allow":["GET"]}}],"collection":[{"href":"https:\/\/repliquemangacine.fr\/es\/wp-json\/wp\/v2\/product"}],"about":[{"href":"https:\/\/repliquemangacine.fr\/es\/wp-json\/wp\/v2\/types\/product"}],"wp:featuredmedia":[{"embeddable":true,"href":"https:\/\/repliquemangacine.fr\/es\/wp-json\/wp\/v2\/media\/27509"}],"wp:attachment":[{"href":"https:\/\/repliquemangacine.fr\/es\/wp-json\/wp\/v2\/media?parent=27508"}],"wp:term":[{"taxonomy":"product_brand","embeddable":true,"href":"https:\/\/repliquemangacine.fr\/es\/wp-json\/wp\/v2\/product_brand?post=27508"},{"taxonomy":"product_cat","embeddable":true,"href":"https:\/\/repliquemangacine.fr\/es\/wp-json\/wp\/v2\/product_cat?post=27508"},{"taxonomy":"product_tag","embeddable":true,"href":"https:\/\/repliquemangacine.fr\/es\/wp-json\/wp\/v2\/product_tag?post=27508"}],"curies":[{"name":"wp","href":"https:\/\/api.w.org\/{rel}","templated":true}]}}