





{"id":27499,"date":"2017-08-21T18:50:23","date_gmt":"2017-08-21T16:50:23","guid":{"rendered":"https:\/\/repliquemangacine.fr\/?post_type=product&#038;p=27499"},"modified":"2026-02-24T10:26:40","modified_gmt":"2026-02-24T09:26:40","slug":"arma-hacha-pirata-siglo-xviii","status":"publish","type":"product","link":"https:\/\/repliquemangacine.fr\/es\/armes-de-pirates\/pistolet-hache-pirates-18eme-siecle\/","title":{"rendered":"Pistola Hacha Piratas"},"content":{"rendered":"<h2>Pistola Hacha Pirata en Assassin's Creed Unity<\/h2>\n<p>Para empezar, el <strong>Pistola Hacha Piratas<\/strong>El hacha pistola de Assassin's Creed Unity: Dead Kings est\u00e1 fabricada por <a href=\"https:\/\/www.denix.fr\/fr\/catalogue\/armes-historiques-s-xvi-xix\/pistolets\/1010\/\" target=\"_blank\" rel=\"noopener noreferrer\">Denix<\/a>.<\/p>\n<p>Assassin\u2019s Creed: Unity, videojuego de acci\u00f3n y aventura de mundo abierto lanzado el 13 de noviembre de 2014, exclusivamente para consolas de nueva generaci\u00f3n. Es la octava entrega principal de la serie y es la continuaci\u00f3n de Assassin\u2019s Creed: Rogue.<\/p>\n<p>El juego se desarrolla en plena Revoluci\u00f3n Francesa y narra la historia de Arno Dorian, un joven noble que se une a la Hermandad de los Asesinos con la esperanza de descubrir la identidad del asesino de su tutor y protector, \u00c9lise de la Serre, la hija de este \u00faltimo y miembro de la Orden de los Templarios.<\/p>\n<h2>Tu Pistola Hacha Piratas al mejor precio.<\/h2>\n<p>Te traemos todas las r\u00e9plicas de tu videojuego favorito Assassin's Creed.<\/p>\n<p>Lo primero y m\u00e1s importante,<\/p>\n<ul>\n<li>El Tomahawk del Asesino, usado por el Asesino Mohawk Connor Kenway.<\/li>\n<li>Pero tambi\u00e9n <a href=\"https:\/\/repliquemangacine.fr\/es\/assassins-creed\/assassin-s-creed-altair-daga\/\">Daga de la espada<\/a> de Altair.<\/li>\n<li>Y muchos m\u00e1s por descubrir en nuestra tienda en l\u00ednea.<\/li>\n<\/ul>\n<p>Si eres fan de Assassin's Creed, esta pistola es un gran complemento para tu arsenal. Por eso es una gran idea de regalo para los fans.<\/p>\n<p>En conclusi\u00f3n, tambi\u00e9n puede utilizar este <strong>Pistola Hacha Piratas<\/strong> para tus desfiles de cosplay o fiestas tem\u00e1ticas. Pero, sobre todo, esta r\u00e9plica de Assassin's Creed Unity es una pieza de coleccionista, adem\u00e1s de decorativa.<\/p>\n<h2>\u00bfC\u00f3mo debo mantener la hoja de mi hacha?<\/h2>\n<p>Las armas de colecci\u00f3n y decorativas se fabrican y ensamblan de forma simplificada. Como su uso es decorativo, no cuentan con los elementos de seguridad exigidos a un sable japon\u00e9s destinado al entrenamiento.<\/p>\n<p>Sin embargo, su <strong>Pistola Hacha Piratas<\/strong> a una hoja de acero que hay que cuidar para evitar que se estropee con el tiempo. Cuando exponga su katana, sus amigos sentir\u00e1n curiosidad por ver la hoja y tocarla. Aqu\u00ed es donde hay que tener cuidado, ya que la acidez de los dedos es muy perjudicial para el acero, sea cual sea su calidad.<\/p>\n<p>Sin embargo, si esto ocurre, no te asustes, todo lo que necesitas es un pa\u00f1o humedecido con un poco de aceite y limpiar las huellas dactilares. Si haces esto, tu espada durar\u00e1 mucho tiempo.<\/p>","protected":false},"excerpt":{"rendered":"<p>\u00a1Vive las aventuras de los mares del Caribe con esta pistola hacha DENIX!<\/p>\n<ul>\n<li>Asta de madera maciza con adornos met\u00e1licos grabados.<\/li>\n<li>Mecanismo, ca\u00f1\u00f3n y hacha de acero envejecido.<\/li>\n<li>El mecanismo funciona, pero no dispara.<\/li>\n<li>Puedes utilizar petardos ref.48 para mayor realismo.<\/li>\n<li>Dimensiones: 54,5 cm - Peso: 1290 gramos<\/li>\n<\/ul>\n<p><iframe src=\"https:\/\/www.youtube.com\/embed\/uy6SwJrLs5E\" width=\"340\" height=\"191\" frameborder=\"0\"><\/iframe><\/p>","protected":false},"featured_media":27500,"template":"","meta":[],"product_brand":[896],"product_cat":[836,49,25,48,102,23,52,114,28],"product_tag":[],"class_list":{"0":"post-27499","1":"product","2":"type-product","3":"status-publish","4":"has-post-thumbnail","6":"product_brand-replique-manga-cine","7":"product_cat-armes-assassins-creed","8":"product_cat-armes-de-pirates","9":"product_cat-armes-historiques","10":"product_cat-epees-assassins-creed-armes-assassins-creed","11":"product_cat-denix","12":"product_cat-repliques-manga-jeux-video","13":"product_cat-pistolet-ancien","14":"product_cat-pistolet-pirate","15":"product_cat-repliques-darmes","17":"first","18":"instock","19":"sale","20":"taxable","21":"shipping-taxable","22":"purchasable","23":"product-type-simple"},"yoast_head":"<!-- This site is optimized with the Yoast SEO plugin v27.4 - https:\/\/yoast.com\/product\/yoast-seo-wordpress\/ -->\n<title>Pistolet Hache Pirates - Gun axe - Boutique en ligne | RMC<\/title>\n<meta name=\"description\" content=\"Vivez les aventures des mers des Cara\u00efbes avec ce Pistolet Hache Pirates au meilleur prix - Lame acier - Longueur totale : 54.5 cm - Envoi 24\/48h\" \/>\n<meta name=\"robots\" content=\"index, follow, max-snippet:-1, max-image-preview:large, max-video-preview:-1\" \/>\n<link rel=\"canonical\" href=\"https:\/\/repliquemangacine.fr\/es\/armas-piratas\/arma-hacha-pirata-siglo-xviii\/\" \/>\n<meta property=\"og:locale\" content=\"es_ES\" \/>\n<meta property=\"og:type\" content=\"article\" \/>\n<meta property=\"og:title\" content=\"Pistolet Hache Pirates - Gun axe - Boutique en ligne | RMC\" \/>\n<meta property=\"og:description\" content=\"Vivez les aventures des mers des Cara\u00efbes avec ce Pistolet Hache Pirates au meilleur prix - Lame acier - Longueur totale : 54.5 cm - Envoi 24\/48h\" \/>\n<meta property=\"og:url\" content=\"https:\/\/repliquemangacine.fr\/es\/armas-piratas\/arma-hacha-pirata-siglo-xviii\/\" \/>\n<meta property=\"og:site_name\" content=\"R\u00e9plique Manga Cin\u00e9\" \/>\n<meta property=\"article:publisher\" content=\"https:\/\/www.facebook.com\/RepliqueMangaCine\" \/>\n<meta property=\"article:modified_time\" content=\"2026-02-24T09:26:40+00:00\" \/>\n<meta property=\"og:image\" content=\"https:\/\/repliquemangacine.fr\/wp-content\/uploads\/2023\/10\/2288-Pistolet-hache-pirates-18eme-siecle.jpg\" \/>\n\t<meta property=\"og:image:width\" content=\"600\" \/>\n\t<meta property=\"og:image:height\" content=\"600\" \/>\n\t<meta property=\"og:image:type\" content=\"image\/jpeg\" \/>\n<meta name=\"twitter:card\" content=\"summary_large_image\" \/>\n<meta name=\"twitter:label1\" content=\"Tiempo de lectura\" \/>\n\t<meta name=\"twitter:data1\" content=\"2 minutos\" \/>\n<script type=\"application\/ld+json\" class=\"yoast-schema-graph\">{\"@context\":\"https:\\\/\\\/schema.org\",\"@graph\":[{\"@type\":\"WebPage\",\"@id\":\"https:\\\/\\\/repliquemangacine.fr\\\/armes-de-pirates\\\/pistolet-hache-pirates-18eme-siecle\\\/\",\"url\":\"https:\\\/\\\/repliquemangacine.fr\\\/armes-de-pirates\\\/pistolet-hache-pirates-18eme-siecle\\\/\",\"name\":\"Pistolet Hache Pirates - Gun axe - Boutique en ligne | RMC\",\"isPartOf\":{\"@id\":\"https:\\\/\\\/repliquemangacine.fr\\\/#website\"},\"primaryImageOfPage\":{\"@id\":\"https:\\\/\\\/repliquemangacine.fr\\\/armes-de-pirates\\\/pistolet-hache-pirates-18eme-siecle\\\/#primaryimage\"},\"image\":{\"@id\":\"https:\\\/\\\/repliquemangacine.fr\\\/armes-de-pirates\\\/pistolet-hache-pirates-18eme-siecle\\\/#primaryimage\"},\"thumbnailUrl\":\"https:\\\/\\\/repliquemangacine.fr\\\/wp-content\\\/uploads\\\/2023\\\/10\\\/2288-Pistolet-hache-pirates-18eme-siecle.jpg\",\"datePublished\":\"2017-08-21T16:50:23+00:00\",\"dateModified\":\"2026-02-24T09:26:40+00:00\",\"description\":\"Vivez les aventures des mers des Cara\u00efbes avec ce Pistolet Hache Pirates au meilleur prix - Lame acier - Longueur totale : 54.5 cm - Envoi 24\\\/48h\",\"breadcrumb\":{\"@id\":\"https:\\\/\\\/repliquemangacine.fr\\\/armes-de-pirates\\\/pistolet-hache-pirates-18eme-siecle\\\/#breadcrumb\"},\"inLanguage\":\"es\",\"potentialAction\":[{\"@type\":\"ReadAction\",\"target\":[\"https:\\\/\\\/repliquemangacine.fr\\\/armes-de-pirates\\\/pistolet-hache-pirates-18eme-siecle\\\/\"]}]},{\"@type\":\"ImageObject\",\"inLanguage\":\"es\",\"@id\":\"https:\\\/\\\/repliquemangacine.fr\\\/armes-de-pirates\\\/pistolet-hache-pirates-18eme-siecle\\\/#primaryimage\",\"url\":\"https:\\\/\\\/repliquemangacine.fr\\\/wp-content\\\/uploads\\\/2023\\\/10\\\/2288-Pistolet-hache-pirates-18eme-siecle.jpg\",\"contentUrl\":\"https:\\\/\\\/repliquemangacine.fr\\\/wp-content\\\/uploads\\\/2023\\\/10\\\/2288-Pistolet-hache-pirates-18eme-siecle.jpg\",\"width\":600,\"height\":600,\"caption\":\"Pistolet hache pirates 18\u00e8me si\u00e8cle\"},{\"@type\":\"BreadcrumbList\",\"@id\":\"https:\\\/\\\/repliquemangacine.fr\\\/armes-de-pirates\\\/pistolet-hache-pirates-18eme-siecle\\\/#breadcrumb\",\"itemListElement\":[{\"@type\":\"ListItem\",\"position\":1,\"name\":\"Accueil\",\"item\":\"https:\\\/\\\/repliquemangacine.fr\\\/\"},{\"@type\":\"ListItem\",\"position\":2,\"name\":\"Produits\",\"item\":\"https:\\\/\\\/repliquemangacine.fr\\\/boutique\\\/\"},{\"@type\":\"ListItem\",\"position\":3,\"name\":\"Pistolet Hache Pirates\"}]},{\"@type\":\"WebSite\",\"@id\":\"https:\\\/\\\/repliquemangacine.fr\\\/#website\",\"url\":\"https:\\\/\\\/repliquemangacine.fr\\\/\",\"name\":\"R\u00e9plique Manga Cin\u00e9\",\"description\":\"\",\"publisher\":{\"@id\":\"https:\\\/\\\/repliquemangacine.fr\\\/#organization\"},\"potentialAction\":[{\"@type\":\"SearchAction\",\"target\":{\"@type\":\"EntryPoint\",\"urlTemplate\":\"https:\\\/\\\/repliquemangacine.fr\\\/?s={search_term_string}\"},\"query-input\":{\"@type\":\"PropertyValueSpecification\",\"valueRequired\":true,\"valueName\":\"search_term_string\"}}],\"inLanguage\":\"es\"},{\"@type\":\"Organization\",\"@id\":\"https:\\\/\\\/repliquemangacine.fr\\\/#organization\",\"name\":\"R\u00e9plique Manga Cin\u00e9\",\"url\":\"https:\\\/\\\/repliquemangacine.fr\\\/\",\"logo\":{\"@type\":\"ImageObject\",\"inLanguage\":\"es\",\"@id\":\"https:\\\/\\\/repliquemangacine.fr\\\/#\\\/schema\\\/logo\\\/image\\\/\",\"url\":\"https:\\\/\\\/repliquemangacine.fr\\\/wp-content\\\/uploads\\\/2023\\\/10\\\/RMC-500250.png\",\"contentUrl\":\"https:\\\/\\\/repliquemangacine.fr\\\/wp-content\\\/uploads\\\/2023\\\/10\\\/RMC-500250.png\",\"width\":500,\"height\":250,\"caption\":\"R\u00e9plique Manga Cin\u00e9\"},\"image\":{\"@id\":\"https:\\\/\\\/repliquemangacine.fr\\\/#\\\/schema\\\/logo\\\/image\\\/\"},\"sameAs\":[\"https:\\\/\\\/www.facebook.com\\\/RepliqueMangaCine\",\"https:\\\/\\\/www.instagram.com\\\/repliquemangacine.fr\\\/\"]}]}<\/script>\n<!-- \/ Yoast SEO plugin. -->","yoast_head_json":{"title":"Pistola Hacha Piratas - Pistola hacha - Boutique en ligne | RMC","description":"Vive las aventuras de los mares del Caribe con esta Pistola Hacha de Piratas al mejor precio - Hoja de acero - Longitud total: 54,5 cm - Env\u00edo 24\/48h","robots":{"index":"index","follow":"follow","max-snippet":"max-snippet:-1","max-image-preview":"max-image-preview:large","max-video-preview":"max-video-preview:-1"},"canonical":"https:\/\/repliquemangacine.fr\/es\/armas-piratas\/arma-hacha-pirata-siglo-xviii\/","og_locale":"es_ES","og_type":"article","og_title":"Pistolet Hache Pirates - Gun axe - Boutique en ligne | RMC","og_description":"Vivez les aventures des mers des Cara\u00efbes avec ce Pistolet Hache Pirates au meilleur prix - Lame acier - Longueur totale : 54.5 cm - Envoi 24\/48h","og_url":"https:\/\/repliquemangacine.fr\/es\/armas-piratas\/arma-hacha-pirata-siglo-xviii\/","og_site_name":"R\u00e9plique Manga Cin\u00e9","article_publisher":"https:\/\/www.facebook.com\/RepliqueMangaCine","article_modified_time":"2026-02-24T09:26:40+00:00","og_image":[{"width":600,"height":600,"url":"https:\/\/repliquemangacine.fr\/wp-content\/uploads\/2023\/10\/2288-Pistolet-hache-pirates-18eme-siecle.jpg","type":"image\/jpeg"}],"twitter_card":"summary_large_image","twitter_misc":{"Tiempo de lectura":"2 minutos"},"schema":{"@context":"https:\/\/schema.org","@graph":[{"@type":"WebPage","@id":"https:\/\/repliquemangacine.fr\/armes-de-pirates\/pistolet-hache-pirates-18eme-siecle\/","url":"https:\/\/repliquemangacine.fr\/armes-de-pirates\/pistolet-hache-pirates-18eme-siecle\/","name":"Pistola Hacha Piratas - Pistola hacha - Boutique en ligne | RMC","isPartOf":{"@id":"https:\/\/repliquemangacine.fr\/#website"},"primaryImageOfPage":{"@id":"https:\/\/repliquemangacine.fr\/armes-de-pirates\/pistolet-hache-pirates-18eme-siecle\/#primaryimage"},"image":{"@id":"https:\/\/repliquemangacine.fr\/armes-de-pirates\/pistolet-hache-pirates-18eme-siecle\/#primaryimage"},"thumbnailUrl":"https:\/\/repliquemangacine.fr\/wp-content\/uploads\/2023\/10\/2288-Pistolet-hache-pirates-18eme-siecle.jpg","datePublished":"2017-08-21T16:50:23+00:00","dateModified":"2026-02-24T09:26:40+00:00","description":"Vive las aventuras de los mares del Caribe con esta Pistola Hacha de Piratas al mejor precio - Hoja de acero - Longitud total: 54,5 cm - Env\u00edo 24\/48h","breadcrumb":{"@id":"https:\/\/repliquemangacine.fr\/armes-de-pirates\/pistolet-hache-pirates-18eme-siecle\/#breadcrumb"},"inLanguage":"es","potentialAction":[{"@type":"ReadAction","target":["https:\/\/repliquemangacine.fr\/armes-de-pirates\/pistolet-hache-pirates-18eme-siecle\/"]}]},{"@type":"ImageObject","inLanguage":"es","@id":"https:\/\/repliquemangacine.fr\/armes-de-pirates\/pistolet-hache-pirates-18eme-siecle\/#primaryimage","url":"https:\/\/repliquemangacine.fr\/wp-content\/uploads\/2023\/10\/2288-Pistolet-hache-pirates-18eme-siecle.jpg","contentUrl":"https:\/\/repliquemangacine.fr\/wp-content\/uploads\/2023\/10\/2288-Pistolet-hache-pirates-18eme-siecle.jpg","width":600,"height":600,"caption":"Pistolet hache pirates 18\u00e8me si\u00e8cle"},{"@type":"BreadcrumbList","@id":"https:\/\/repliquemangacine.fr\/armes-de-pirates\/pistolet-hache-pirates-18eme-siecle\/#breadcrumb","itemListElement":[{"@type":"ListItem","position":1,"name":"Accueil","item":"https:\/\/repliquemangacine.fr\/"},{"@type":"ListItem","position":2,"name":"Produits","item":"https:\/\/repliquemangacine.fr\/boutique\/"},{"@type":"ListItem","position":3,"name":"Pistolet Hache Pirates"}]},{"@type":"WebSite","@id":"https:\/\/repliquemangacine.fr\/#website","url":"https:\/\/repliquemangacine.fr\/","name":"R\u00e9plique Manga Cin\u00e9","description":"","publisher":{"@id":"https:\/\/repliquemangacine.fr\/#organization"},"potentialAction":[{"@type":"SearchAction","target":{"@type":"EntryPoint","urlTemplate":"https:\/\/repliquemangacine.fr\/?s={search_term_string}"},"query-input":{"@type":"PropertyValueSpecification","valueRequired":true,"valueName":"search_term_string"}}],"inLanguage":"es"},{"@type":"Organization","@id":"https:\/\/repliquemangacine.fr\/#organization","name":"R\u00e9plique Manga Cin\u00e9","url":"https:\/\/repliquemangacine.fr\/","logo":{"@type":"ImageObject","inLanguage":"es","@id":"https:\/\/repliquemangacine.fr\/#\/schema\/logo\/image\/","url":"https:\/\/repliquemangacine.fr\/wp-content\/uploads\/2023\/10\/RMC-500250.png","contentUrl":"https:\/\/repliquemangacine.fr\/wp-content\/uploads\/2023\/10\/RMC-500250.png","width":500,"height":250,"caption":"R\u00e9plique Manga Cin\u00e9"},"image":{"@id":"https:\/\/repliquemangacine.fr\/#\/schema\/logo\/image\/"},"sameAs":["https:\/\/www.facebook.com\/RepliqueMangaCine","https:\/\/www.instagram.com\/repliquemangacine.fr\/"]}]}},"_links":{"self":[{"href":"https:\/\/repliquemangacine.fr\/es\/wp-json\/wp\/v2\/product\/27499","targetHints":{"allow":["GET"]}}],"collection":[{"href":"https:\/\/repliquemangacine.fr\/es\/wp-json\/wp\/v2\/product"}],"about":[{"href":"https:\/\/repliquemangacine.fr\/es\/wp-json\/wp\/v2\/types\/product"}],"wp:featuredmedia":[{"embeddable":true,"href":"https:\/\/repliquemangacine.fr\/es\/wp-json\/wp\/v2\/media\/27500"}],"wp:attachment":[{"href":"https:\/\/repliquemangacine.fr\/es\/wp-json\/wp\/v2\/media?parent=27499"}],"wp:term":[{"taxonomy":"product_brand","embeddable":true,"href":"https:\/\/repliquemangacine.fr\/es\/wp-json\/wp\/v2\/product_brand?post=27499"},{"taxonomy":"product_cat","embeddable":true,"href":"https:\/\/repliquemangacine.fr\/es\/wp-json\/wp\/v2\/product_cat?post=27499"},{"taxonomy":"product_tag","embeddable":true,"href":"https:\/\/repliquemangacine.fr\/es\/wp-json\/wp\/v2\/product_tag?post=27499"}],"curies":[{"name":"wp","href":"https:\/\/api.w.org\/{rel}","templated":true}]}}