





{"id":27488,"date":"2017-08-13T20:52:09","date_gmt":"2017-08-13T18:52:09","guid":{"rendered":"https:\/\/repliquemangacine.fr\/?post_type=product&#038;p=27488"},"modified":"2025-12-04T12:05:30","modified_gmt":"2025-12-04T11:05:30","slug":"trabuco-pirata-del-siglo-xviii","status":"publish","type":"product","link":"https:\/\/repliquemangacine.fr\/es\/pistolet-pirate\/tromblon-pirates-18eme-siecle\/","title":{"rendered":"Piratas tromblones siglo XVIII"},"content":{"rendered":"<h2>Piratas Tromblon 18\u1d49 Denix.<\/h2>\n<p>Para empezar, el trombl\u00f3n de los piratas del siglo XVIII era muy impreciso. Por lo tanto, resultaba m\u00e1s \u00fatil en los acercamientos, durante las batallas navales, donde el combate se libraba a corta distancia.<\/p>\n<p>Los trompolones de chispa sol\u00edan ser muy cortos, con ca\u00f1ones de menos de 60 cm de longitud, en una \u00e9poca en la que el ca\u00f1\u00f3n de un mosquete med\u00eda m\u00e1s de 90 cm. Basado en un pedernal o una piedra de s\u00edlex, el mecanismo de disparo acciona el martillo que produce la chispa que enciende la p\u00f3lvora.<\/p>\n<p>El ca\u00f1\u00f3n en forma de embudo limita la precisi\u00f3n y el alcance del arma. Sin embargo, permite disparar m\u00faltiples proyectiles a corta distancia. Esta forma tambi\u00e9n facilita la carga de munici\u00f3n en el ca\u00f1\u00f3n.<\/p>\n<h2>Tu Tromblon Piratas al mejor precio.<\/h2>\n<p>Ofrecemos una amplia gama de r\u00e9plicas de armas Denix.<\/p>\n<p>Lo primero y m\u00e1s importante,<\/p>\n<ul>\n<li>Le <a href=\"https:\/\/repliquemangacine.fr\/es\/otras-peliculas-y-series\/pistola-pirata-del-siglo-xviii-2\/\">Pistola de chispa pirata<\/a> el arma m\u00e1s utilizada por los piratas.<\/li>\n<li>Tambi\u00e9n existe la <a href=\"https:\/\/repliquemangacine.fr\/es\/pistola-antigua\/trabuco-austriaco-de-pedernal-del-siglo-xviii\/\">Trombl\u00f3n austriaco<\/a> basada en una obra del siglo XVIII.<\/li>\n<li>Y muchos m\u00e1s por descubrir en nuestra tienda en l\u00ednea.<\/li>\n<\/ul>\n<p>Por eso hemos ideado algunas magn\u00edficas ideas de regalo para todos los entusiastas de las armas de \u00e9poca.<\/p>\n<p>En conclusi\u00f3n, puede utilizar el <strong>Trombl\u00f3n de los Piratas<\/strong> 18\u1d49 para sus recreaciones hist\u00f3ricas. Pero, ante todo, es una pieza de colecci\u00f3n y decoraci\u00f3n.<\/p>\n<p>R\u00e9plique Manga Cin\u00e9 es una empresa familiar francesa y distribuidor oficial de <a href=\"https:\/\/www.denix.fr\/fr\/catalogue\/colonial-et-pirate-1492-s-xviii\/tromblons\/1094-g\/\" target=\"_blank\" rel=\"noopener noreferrer\">Denix<\/a>.<\/p>\n<h2>\u00bfC\u00f3mo se fabrican las r\u00e9plicas de armas Denix?<\/h2>\n<p>Utilizadas en recreaciones hist\u00f3ricas, pel\u00edculas, series y por coleccionistas. Las reproducciones Denix est\u00e1n fabricadas con materiales de alta calidad. Cuidadosamente elaboradas y ensambladas para crear armas de colecci\u00f3n realistas.<\/p>\n<ul>\n<li>Los metales se encuentran en una aleaci\u00f3n met\u00e1lica conocida como Zamac, cuya composici\u00f3n b\u00e1sica es zinc en 95%.<\/li>\n<li>Las piezas de pl\u00e1stico de las r\u00e9plicas son de ABS moldeado, que ofrece una gran resistencia.<\/li>\n<li>Las maderas elegidas por su belleza y durabilidad, como la caoba, el olivo o el nogal, dar\u00e1n a sus culatas y barricas un aspecto elegante y aut\u00e9ntico.<\/li>\n<\/ul>\n<p>Cabe se\u00f1alar que todas las reproducciones Denix son id\u00e9nticas a los originales, como su <strong>Trombl\u00f3n de los Piratas.<\/strong><\/p>","protected":false},"excerpt":{"rendered":"<p>R\u00e9plica de trabuco pirata del siglo XVIII.<\/p>\n<ul>\n<li>La culata y el ca\u00f1\u00f3n son de madera maciza.<\/li>\n<li>Mecanismo funcional y ca\u00f1\u00f3n de zamac.<\/li>\n<li>No apto para disparar.<\/li>\n<li>No se requiere autorizaci\u00f3n. Venta y posesi\u00f3n libres<\/li>\n<li>Dimensiones: 74 cm - Peso: 2000 gramos<\/li>\n<\/ul>","protected":false},"featured_media":27489,"template":"","meta":[],"product_brand":[896],"product_cat":[49,25,102,52,114,37,83,28],"product_tag":[],"class_list":{"0":"post-27488","1":"product","2":"type-product","3":"status-publish","4":"has-post-thumbnail","6":"product_brand-replique-manga-cine","7":"product_cat-armes-de-pirates","8":"product_cat-armes-historiques","9":"product_cat-denix","10":"product_cat-pistolet-ancien","11":"product_cat-pistolet-pirate","12":"product_cat-premier-empire","13":"product_cat-replique-d-armes-1er-empire","14":"product_cat-repliques-darmes","16":"first","17":"instock","18":"sale","19":"taxable","20":"shipping-taxable","21":"purchasable","22":"product-type-simple"},"yoast_head":"<!-- This site is optimized with the Yoast SEO plugin v27.4 - https:\/\/yoast.com\/product\/yoast-seo-wordpress\/ -->\n<title>Tromblon de Pirates 18\u00e8me si\u00e8cle - Denix - R\u00e9plique Manga Cin\u00e9<\/title>\n<meta name=\"description\" content=\"Offrez-lui cette r\u00e9plique du Tromblon de Pirates 18\u1d49 au meilleur prix - Crosse et f\u00fbt en bois massif - M\u00e9canisme et canon en zamac - Longueur totale : 74 cm\" \/>\n<meta name=\"robots\" content=\"index, follow, max-snippet:-1, max-image-preview:large, max-video-preview:-1\" \/>\n<link rel=\"canonical\" href=\"https:\/\/repliquemangacine.fr\/es\/pistola-pirata\/trabuco-pirata-del-siglo-xviii\/\" \/>\n<meta property=\"og:locale\" content=\"es_ES\" \/>\n<meta property=\"og:type\" content=\"article\" \/>\n<meta property=\"og:title\" content=\"Tromblon de Pirates 18\u00e8me si\u00e8cle - Denix - R\u00e9plique Manga Cin\u00e9\" \/>\n<meta property=\"og:description\" content=\"Offrez-lui cette r\u00e9plique du Tromblon de Pirates 18\u1d49 au meilleur prix - Crosse et f\u00fbt en bois massif - M\u00e9canisme et canon en zamac - Longueur totale : 74 cm\" \/>\n<meta property=\"og:url\" content=\"https:\/\/repliquemangacine.fr\/es\/pistola-pirata\/trabuco-pirata-del-siglo-xviii\/\" \/>\n<meta property=\"og:site_name\" content=\"R\u00e9plique Manga Cin\u00e9\" \/>\n<meta property=\"article:publisher\" content=\"https:\/\/www.facebook.com\/RepliqueMangaCine\" \/>\n<meta property=\"article:modified_time\" content=\"2025-12-04T11:05:30+00:00\" \/>\n<meta property=\"og:image\" content=\"https:\/\/repliquemangacine.fr\/wp-content\/uploads\/2023\/10\/2277-Tromblon-pirates-18eme-siecle.jpg\" \/>\n\t<meta property=\"og:image:width\" content=\"600\" \/>\n\t<meta property=\"og:image:height\" content=\"600\" \/>\n\t<meta property=\"og:image:type\" content=\"image\/jpeg\" \/>\n<meta name=\"twitter:card\" content=\"summary_large_image\" \/>\n<meta name=\"twitter:label1\" content=\"Tiempo de lectura\" \/>\n\t<meta name=\"twitter:data1\" content=\"2 minutos\" \/>\n<script type=\"application\/ld+json\" class=\"yoast-schema-graph\">{\"@context\":\"https:\\\/\\\/schema.org\",\"@graph\":[{\"@type\":\"WebPage\",\"@id\":\"https:\\\/\\\/repliquemangacine.fr\\\/pistolet-pirate\\\/tromblon-pirates-18eme-siecle\\\/\",\"url\":\"https:\\\/\\\/repliquemangacine.fr\\\/pistolet-pirate\\\/tromblon-pirates-18eme-siecle\\\/\",\"name\":\"Tromblon de Pirates 18\u00e8me si\u00e8cle - Denix - R\u00e9plique Manga Cin\u00e9\",\"isPartOf\":{\"@id\":\"https:\\\/\\\/repliquemangacine.fr\\\/#website\"},\"primaryImageOfPage\":{\"@id\":\"https:\\\/\\\/repliquemangacine.fr\\\/pistolet-pirate\\\/tromblon-pirates-18eme-siecle\\\/#primaryimage\"},\"image\":{\"@id\":\"https:\\\/\\\/repliquemangacine.fr\\\/pistolet-pirate\\\/tromblon-pirates-18eme-siecle\\\/#primaryimage\"},\"thumbnailUrl\":\"https:\\\/\\\/repliquemangacine.fr\\\/wp-content\\\/uploads\\\/2023\\\/10\\\/2277-Tromblon-pirates-18eme-siecle.jpg\",\"datePublished\":\"2017-08-13T18:52:09+00:00\",\"dateModified\":\"2025-12-04T11:05:30+00:00\",\"description\":\"Offrez-lui cette r\u00e9plique du Tromblon de Pirates 18\u1d49 au meilleur prix - Crosse et f\u00fbt en bois massif - M\u00e9canisme et canon en zamac - Longueur totale : 74 cm\",\"breadcrumb\":{\"@id\":\"https:\\\/\\\/repliquemangacine.fr\\\/pistolet-pirate\\\/tromblon-pirates-18eme-siecle\\\/#breadcrumb\"},\"inLanguage\":\"es\",\"potentialAction\":[{\"@type\":\"ReadAction\",\"target\":[\"https:\\\/\\\/repliquemangacine.fr\\\/pistolet-pirate\\\/tromblon-pirates-18eme-siecle\\\/\"]}]},{\"@type\":\"ImageObject\",\"inLanguage\":\"es\",\"@id\":\"https:\\\/\\\/repliquemangacine.fr\\\/pistolet-pirate\\\/tromblon-pirates-18eme-siecle\\\/#primaryimage\",\"url\":\"https:\\\/\\\/repliquemangacine.fr\\\/wp-content\\\/uploads\\\/2023\\\/10\\\/2277-Tromblon-pirates-18eme-siecle.jpg\",\"contentUrl\":\"https:\\\/\\\/repliquemangacine.fr\\\/wp-content\\\/uploads\\\/2023\\\/10\\\/2277-Tromblon-pirates-18eme-siecle.jpg\",\"width\":600,\"height\":600,\"caption\":\"Tromblon pirates 18\u00e8me si\u00e8cle\"},{\"@type\":\"BreadcrumbList\",\"@id\":\"https:\\\/\\\/repliquemangacine.fr\\\/pistolet-pirate\\\/tromblon-pirates-18eme-siecle\\\/#breadcrumb\",\"itemListElement\":[{\"@type\":\"ListItem\",\"position\":1,\"name\":\"Accueil\",\"item\":\"https:\\\/\\\/repliquemangacine.fr\\\/\"},{\"@type\":\"ListItem\",\"position\":2,\"name\":\"Produits\",\"item\":\"https:\\\/\\\/repliquemangacine.fr\\\/boutique\\\/\"},{\"@type\":\"ListItem\",\"position\":3,\"name\":\"Tromblon pirates 18\u1d49 si\u00e8cle\"}]},{\"@type\":\"WebSite\",\"@id\":\"https:\\\/\\\/repliquemangacine.fr\\\/#website\",\"url\":\"https:\\\/\\\/repliquemangacine.fr\\\/\",\"name\":\"R\u00e9plique Manga Cin\u00e9\",\"description\":\"\",\"publisher\":{\"@id\":\"https:\\\/\\\/repliquemangacine.fr\\\/#organization\"},\"potentialAction\":[{\"@type\":\"SearchAction\",\"target\":{\"@type\":\"EntryPoint\",\"urlTemplate\":\"https:\\\/\\\/repliquemangacine.fr\\\/?s={search_term_string}\"},\"query-input\":{\"@type\":\"PropertyValueSpecification\",\"valueRequired\":true,\"valueName\":\"search_term_string\"}}],\"inLanguage\":\"es\"},{\"@type\":\"Organization\",\"@id\":\"https:\\\/\\\/repliquemangacine.fr\\\/#organization\",\"name\":\"R\u00e9plique Manga Cin\u00e9\",\"url\":\"https:\\\/\\\/repliquemangacine.fr\\\/\",\"logo\":{\"@type\":\"ImageObject\",\"inLanguage\":\"es\",\"@id\":\"https:\\\/\\\/repliquemangacine.fr\\\/#\\\/schema\\\/logo\\\/image\\\/\",\"url\":\"https:\\\/\\\/repliquemangacine.fr\\\/wp-content\\\/uploads\\\/2023\\\/10\\\/RMC-500250.png\",\"contentUrl\":\"https:\\\/\\\/repliquemangacine.fr\\\/wp-content\\\/uploads\\\/2023\\\/10\\\/RMC-500250.png\",\"width\":500,\"height\":250,\"caption\":\"R\u00e9plique Manga Cin\u00e9\"},\"image\":{\"@id\":\"https:\\\/\\\/repliquemangacine.fr\\\/#\\\/schema\\\/logo\\\/image\\\/\"},\"sameAs\":[\"https:\\\/\\\/www.facebook.com\\\/RepliqueMangaCine\",\"https:\\\/\\\/www.instagram.com\\\/repliquemangacine.fr\\\/\"]}]}<\/script>\n<!-- \/ Yoast SEO plugin. -->","yoast_head_json":{"title":"Trombl\u00f3n pirata del siglo XVIII - Denix - R\u00e9plique Manga Cin\u00e9","description":"Reg\u00e1lale esta r\u00e9plica de la Pirates 18\u1d49 Tromblon al mejor precio - Culata y ca\u00f1\u00f3n de madera maciza - Mecanismo y ca\u00f1\u00f3n de Zamac - Longitud total: 74 cm.","robots":{"index":"index","follow":"follow","max-snippet":"max-snippet:-1","max-image-preview":"max-image-preview:large","max-video-preview":"max-video-preview:-1"},"canonical":"https:\/\/repliquemangacine.fr\/es\/pistola-pirata\/trabuco-pirata-del-siglo-xviii\/","og_locale":"es_ES","og_type":"article","og_title":"Tromblon de Pirates 18\u00e8me si\u00e8cle - Denix - R\u00e9plique Manga Cin\u00e9","og_description":"Offrez-lui cette r\u00e9plique du Tromblon de Pirates 18\u1d49 au meilleur prix - Crosse et f\u00fbt en bois massif - M\u00e9canisme et canon en zamac - Longueur totale : 74 cm","og_url":"https:\/\/repliquemangacine.fr\/es\/pistola-pirata\/trabuco-pirata-del-siglo-xviii\/","og_site_name":"R\u00e9plique Manga Cin\u00e9","article_publisher":"https:\/\/www.facebook.com\/RepliqueMangaCine","article_modified_time":"2025-12-04T11:05:30+00:00","og_image":[{"width":600,"height":600,"url":"https:\/\/repliquemangacine.fr\/wp-content\/uploads\/2023\/10\/2277-Tromblon-pirates-18eme-siecle.jpg","type":"image\/jpeg"}],"twitter_card":"summary_large_image","twitter_misc":{"Tiempo de lectura":"2 minutos"},"schema":{"@context":"https:\/\/schema.org","@graph":[{"@type":"WebPage","@id":"https:\/\/repliquemangacine.fr\/pistolet-pirate\/tromblon-pirates-18eme-siecle\/","url":"https:\/\/repliquemangacine.fr\/pistolet-pirate\/tromblon-pirates-18eme-siecle\/","name":"Trombl\u00f3n pirata del siglo XVIII - Denix - R\u00e9plique Manga Cin\u00e9","isPartOf":{"@id":"https:\/\/repliquemangacine.fr\/#website"},"primaryImageOfPage":{"@id":"https:\/\/repliquemangacine.fr\/pistolet-pirate\/tromblon-pirates-18eme-siecle\/#primaryimage"},"image":{"@id":"https:\/\/repliquemangacine.fr\/pistolet-pirate\/tromblon-pirates-18eme-siecle\/#primaryimage"},"thumbnailUrl":"https:\/\/repliquemangacine.fr\/wp-content\/uploads\/2023\/10\/2277-Tromblon-pirates-18eme-siecle.jpg","datePublished":"2017-08-13T18:52:09+00:00","dateModified":"2025-12-04T11:05:30+00:00","description":"Reg\u00e1lale esta r\u00e9plica de la Pirates 18\u1d49 Tromblon al mejor precio - Culata y ca\u00f1\u00f3n de madera maciza - Mecanismo y ca\u00f1\u00f3n de Zamac - Longitud total: 74 cm.","breadcrumb":{"@id":"https:\/\/repliquemangacine.fr\/pistolet-pirate\/tromblon-pirates-18eme-siecle\/#breadcrumb"},"inLanguage":"es","potentialAction":[{"@type":"ReadAction","target":["https:\/\/repliquemangacine.fr\/pistolet-pirate\/tromblon-pirates-18eme-siecle\/"]}]},{"@type":"ImageObject","inLanguage":"es","@id":"https:\/\/repliquemangacine.fr\/pistolet-pirate\/tromblon-pirates-18eme-siecle\/#primaryimage","url":"https:\/\/repliquemangacine.fr\/wp-content\/uploads\/2023\/10\/2277-Tromblon-pirates-18eme-siecle.jpg","contentUrl":"https:\/\/repliquemangacine.fr\/wp-content\/uploads\/2023\/10\/2277-Tromblon-pirates-18eme-siecle.jpg","width":600,"height":600,"caption":"Tromblon pirates 18\u00e8me si\u00e8cle"},{"@type":"BreadcrumbList","@id":"https:\/\/repliquemangacine.fr\/pistolet-pirate\/tromblon-pirates-18eme-siecle\/#breadcrumb","itemListElement":[{"@type":"ListItem","position":1,"name":"Accueil","item":"https:\/\/repliquemangacine.fr\/"},{"@type":"ListItem","position":2,"name":"Produits","item":"https:\/\/repliquemangacine.fr\/boutique\/"},{"@type":"ListItem","position":3,"name":"Tromblon pirates 18\u1d49 si\u00e8cle"}]},{"@type":"WebSite","@id":"https:\/\/repliquemangacine.fr\/#website","url":"https:\/\/repliquemangacine.fr\/","name":"R\u00e9plique Manga Cin\u00e9","description":"","publisher":{"@id":"https:\/\/repliquemangacine.fr\/#organization"},"potentialAction":[{"@type":"SearchAction","target":{"@type":"EntryPoint","urlTemplate":"https:\/\/repliquemangacine.fr\/?s={search_term_string}"},"query-input":{"@type":"PropertyValueSpecification","valueRequired":true,"valueName":"search_term_string"}}],"inLanguage":"es"},{"@type":"Organization","@id":"https:\/\/repliquemangacine.fr\/#organization","name":"R\u00e9plique Manga Cin\u00e9","url":"https:\/\/repliquemangacine.fr\/","logo":{"@type":"ImageObject","inLanguage":"es","@id":"https:\/\/repliquemangacine.fr\/#\/schema\/logo\/image\/","url":"https:\/\/repliquemangacine.fr\/wp-content\/uploads\/2023\/10\/RMC-500250.png","contentUrl":"https:\/\/repliquemangacine.fr\/wp-content\/uploads\/2023\/10\/RMC-500250.png","width":500,"height":250,"caption":"R\u00e9plique Manga Cin\u00e9"},"image":{"@id":"https:\/\/repliquemangacine.fr\/#\/schema\/logo\/image\/"},"sameAs":["https:\/\/www.facebook.com\/RepliqueMangaCine","https:\/\/www.instagram.com\/repliquemangacine.fr\/"]}]}},"_links":{"self":[{"href":"https:\/\/repliquemangacine.fr\/es\/wp-json\/wp\/v2\/product\/27488","targetHints":{"allow":["GET"]}}],"collection":[{"href":"https:\/\/repliquemangacine.fr\/es\/wp-json\/wp\/v2\/product"}],"about":[{"href":"https:\/\/repliquemangacine.fr\/es\/wp-json\/wp\/v2\/types\/product"}],"wp:featuredmedia":[{"embeddable":true,"href":"https:\/\/repliquemangacine.fr\/es\/wp-json\/wp\/v2\/media\/27489"}],"wp:attachment":[{"href":"https:\/\/repliquemangacine.fr\/es\/wp-json\/wp\/v2\/media?parent=27488"}],"wp:term":[{"taxonomy":"product_brand","embeddable":true,"href":"https:\/\/repliquemangacine.fr\/es\/wp-json\/wp\/v2\/product_brand?post=27488"},{"taxonomy":"product_cat","embeddable":true,"href":"https:\/\/repliquemangacine.fr\/es\/wp-json\/wp\/v2\/product_cat?post=27488"},{"taxonomy":"product_tag","embeddable":true,"href":"https:\/\/repliquemangacine.fr\/es\/wp-json\/wp\/v2\/product_tag?post=27488"}],"curies":[{"name":"wp","href":"https:\/\/api.w.org\/{rel}","templated":true}]}}