





{"id":27454,"date":"2017-08-02T15:50:34","date_gmt":"2017-08-02T13:50:34","guid":{"rendered":"https:\/\/repliquemangacine.fr\/?post_type=product&#038;p=27454"},"modified":"2025-09-23T18:01:56","modified_gmt":"2025-09-23T16:01:56","slug":"espada-romana-jules-cesar-espada-roja","status":"publish","type":"product","link":"https:\/\/repliquemangacine.fr\/es\/epees-glaives-antique\/glaive-romain-epee-jules-cesar-rouge\/","title":{"rendered":"Espada roja Julio C\u00e9sar"},"content":{"rendered":"<h2>Espada roja Julio C\u00e9sar<\/h2>\n<p>Para empezar, el <strong>Espada roja Julio C\u00e9sar<\/strong>, llamado \u201cgladius\u201d, dio nombre a los \u201cgladiatores\u201d, que literalmente significa \u201carmados con una espada\u201d.<\/p>\n<p>Cuando se habla del mundo romano, inevitablemente viene a la mente una palabra: Julio C\u00e9sar. Es evidente que esta palabra no significa poco, sino todo lo contrario. Julio C\u00e9sar fue un gran conquistador romano y es principalmente por eso por lo que todo el mundo lo conoce.<\/p>\n<p><a href=\"https:\/\/www.histoire-pour-tous.fr\/biographies\/2969-la-biographie-de-jules-cesar-101-44-av-jc.html\" target=\"_blank\" rel=\"noopener noreferrer\">Julio C\u00e9sar<\/a>, emperador romano, derrot\u00f3 a Vercing\u00e9torix y conquist\u00f3 la Galia. Conocido por sus numerosas citas, la m\u00e1s famosa es: \u00abVine, vi y venc\u00ed\u00bb (Vini vidi vici).<\/p>\n<p>En la conquista de la Galia o Italia, el emperador lideraba a sus ej\u00e9rcitos con la espada en la mano.<\/p>\n<h2>Tu Glaive Julio Cesar rojo al mejor precio.<\/h2>\n<p>Le ofrecemos una amplia selecci\u00f3n de espadas y cascos de la \u00e9poca antigua.<\/p>\n<p>Lo primero y m\u00e1s importante,<\/p>\n<ul>\n<li>Le <a href=\"https:\/\/repliquemangacine.fr\/es\/armas-antiguas\/casco-corintio-con-creta\/\">Casco corintio<\/a> con su escudo Deepeeka.<\/li>\n<li>Tambi\u00e9n existe la <a href=\"https:\/\/repliquemangacine.fr\/es\/espadas-espada-antigua\/juego-de-dos-espadas-romanas\/\">dos espadas<\/a> de la pel\u00edcula Espartaco.<\/li>\n<li>As\u00ed como el <a href=\"https:\/\/repliquemangacine.fr\/es\/espadas-espada-antigua\/fulham-espada-romana\/\">Espada Fulham<\/a> y su vaina.<\/li>\n<li>Y muchos m\u00e1s por descubrir en nuestra tienda en l\u00ednea.<\/li>\n<\/ul>\n<p>Por eso, aqu\u00ed tienes unas ideas fant\u00e1sticas para regalar a todos los apasionados de la Antig\u00fcedad.<\/p>\n<p>En conclusi\u00f3n, puede utilizar este <strong>Espada roja Julio C\u00e9sar<\/strong> para sus recreaciones hist\u00f3ricas o veladas tem\u00e1ticas. Pero, sobre todo, es una pieza de coleccionista y decoraci\u00f3n.<\/p>\n<h2>\u00bfC\u00f3mo mantengo la hoja de mi espada antigua?<\/h2>\n<p>Las espadas de colecci\u00f3n y decorativas se fabrican y ensamblan de forma simplificada. Como su uso es decorativo, no cuentan con los elementos de seguridad necesarios para una espada japonesa destinada al entrenamiento.<\/p>\n<p>Sin embargo, su <strong>Espada roja Julio C\u00e9sar<\/strong> a una hoja de acero que hay que cuidar para evitar que se estropee con el tiempo. Cuando exponga su katana, sus amigos sentir\u00e1n curiosidad por ver la hoja y tocarla. Aqu\u00ed es donde hay que tener cuidado, ya que la acidez de los dedos es muy perjudicial para el acero, sea cual sea su calidad.<\/p>\n<p>Sin embargo, si esto ocurre, no te asustes, todo lo que necesitas es un pa\u00f1o humedecido con un poco de aceite y limpiar las huellas dactilares. Si haces esto, tu espada durar\u00e1 mucho tiempo.<\/p>","protected":false},"excerpt":{"rendered":"<p>Inspirada en la original, una r\u00e9plica de la espada romana de Julio C\u00e9sar.<\/p>\n<ul>\n<li>Hoja de acero envejecido con estr\u00edas.<\/li>\n<li>Empu\u00f1adura, empu\u00f1adura y pomo de metal grabado.<\/li>\n<li>Funda roja de imitaci\u00f3n de cuero.<\/li>\n<li>Placas decorativas de metal con escena romana y Julio C\u00e9sar.<\/li>\n<li>Longitud total: 74 cm - Peso: 2545 gramos<\/li>\n<\/ul>","protected":false},"featured_media":27455,"template":"","meta":[],"product_brand":[896],"product_cat":[31,25,73],"product_tag":[],"class_list":{"0":"post-27454","1":"product","2":"type-product","3":"status-publish","4":"has-post-thumbnail","6":"product_brand-replique-manga-cine","7":"product_cat-armes-antiques","8":"product_cat-armes-historiques","9":"product_cat-epees-glaives-antique","11":"first","12":"outofstock","13":"taxable","14":"shipping-taxable","15":"purchasable","16":"product-type-simple"},"yoast_head":"<!-- This site is optimized with the Yoast SEO plugin v27.4 - https:\/\/yoast.com\/product\/yoast-seo-wordpress\/ -->\n<title>Glaive Jules C\u00e9sar rouge - Boutique en ligne d&#039;\u00e9p\u00e9e Antique | RMC<\/title>\n<meta name=\"description\" content=\"D\u00e9couvrez le Glaive Jules C\u00e9sar rouge au meilleur prix - Lame en acier - Fourreau simili cuir - Longueur totale : 74 cm - Fabriqu\u00e9 par Denix\" \/>\n<meta name=\"robots\" content=\"index, follow, max-snippet:-1, max-image-preview:large, max-video-preview:-1\" \/>\n<link rel=\"canonical\" href=\"https:\/\/repliquemangacine.fr\/es\/espadas-espada-antigua\/espada-romana-jules-cesar-espada-roja\/\" \/>\n<meta property=\"og:locale\" content=\"es_ES\" \/>\n<meta property=\"og:type\" content=\"article\" \/>\n<meta property=\"og:title\" content=\"Glaive Jules C\u00e9sar rouge - Boutique en ligne d&#039;\u00e9p\u00e9e Antique | RMC\" \/>\n<meta property=\"og:description\" content=\"D\u00e9couvrez le Glaive Jules C\u00e9sar rouge au meilleur prix - Lame en acier - Fourreau simili cuir - Longueur totale : 74 cm - Fabriqu\u00e9 par Denix\" \/>\n<meta property=\"og:url\" content=\"https:\/\/repliquemangacine.fr\/es\/espadas-espada-antigua\/espada-romana-jules-cesar-espada-roja\/\" \/>\n<meta property=\"og:site_name\" content=\"R\u00e9plique Manga Cin\u00e9\" \/>\n<meta property=\"article:publisher\" content=\"https:\/\/www.facebook.com\/RepliqueMangaCine\" \/>\n<meta property=\"article:modified_time\" content=\"2025-09-23T16:01:56+00:00\" \/>\n<meta property=\"og:image\" content=\"https:\/\/repliquemangacine.fr\/wp-content\/uploads\/2023\/10\/2247-Glaive-Romain-Epee-Jules-Cesar-rouge.jpg\" \/>\n\t<meta property=\"og:image:width\" content=\"600\" \/>\n\t<meta property=\"og:image:height\" content=\"600\" \/>\n\t<meta property=\"og:image:type\" content=\"image\/jpeg\" \/>\n<meta name=\"twitter:card\" content=\"summary_large_image\" \/>\n<meta name=\"twitter:label1\" content=\"Tiempo de lectura\" \/>\n\t<meta name=\"twitter:data1\" content=\"2 minutos\" \/>\n<script type=\"application\/ld+json\" class=\"yoast-schema-graph\">{\"@context\":\"https:\\\/\\\/schema.org\",\"@graph\":[{\"@type\":\"WebPage\",\"@id\":\"https:\\\/\\\/repliquemangacine.fr\\\/de\\\/antike-schwerter\\\/romisches-gladius-schwert-julius-cesar-rot\\\/\",\"url\":\"https:\\\/\\\/repliquemangacine.fr\\\/de\\\/antike-schwerter\\\/romisches-gladius-schwert-julius-cesar-rot\\\/\",\"name\":\"Glaive Jules C\u00e9sar rouge - Boutique en ligne d'\u00e9p\u00e9e Antique | RMC\",\"isPartOf\":{\"@id\":\"https:\\\/\\\/repliquemangacine.fr\\\/#website\"},\"primaryImageOfPage\":{\"@id\":\"https:\\\/\\\/repliquemangacine.fr\\\/de\\\/antike-schwerter\\\/romisches-gladius-schwert-julius-cesar-rot\\\/#primaryimage\"},\"image\":{\"@id\":\"https:\\\/\\\/repliquemangacine.fr\\\/de\\\/antike-schwerter\\\/romisches-gladius-schwert-julius-cesar-rot\\\/#primaryimage\"},\"thumbnailUrl\":\"https:\\\/\\\/repliquemangacine.fr\\\/wp-content\\\/uploads\\\/2023\\\/10\\\/2247-Glaive-Romain-Epee-Jules-Cesar-rouge.jpg\",\"datePublished\":\"2017-08-02T13:50:34+00:00\",\"dateModified\":\"2025-09-23T16:01:56+00:00\",\"description\":\"D\u00e9couvrez le Glaive Jules C\u00e9sar rouge au meilleur prix - Lame en acier - Fourreau simili cuir - Longueur totale : 74 cm - Fabriqu\u00e9 par Denix\",\"breadcrumb\":{\"@id\":\"https:\\\/\\\/repliquemangacine.fr\\\/de\\\/antike-schwerter\\\/romisches-gladius-schwert-julius-cesar-rot\\\/#breadcrumb\"},\"inLanguage\":\"es\",\"potentialAction\":[{\"@type\":\"ReadAction\",\"target\":[\"https:\\\/\\\/repliquemangacine.fr\\\/de\\\/antike-schwerter\\\/romisches-gladius-schwert-julius-cesar-rot\\\/\"]}]},{\"@type\":\"ImageObject\",\"inLanguage\":\"es\",\"@id\":\"https:\\\/\\\/repliquemangacine.fr\\\/de\\\/antike-schwerter\\\/romisches-gladius-schwert-julius-cesar-rot\\\/#primaryimage\",\"url\":\"https:\\\/\\\/repliquemangacine.fr\\\/wp-content\\\/uploads\\\/2023\\\/10\\\/2247-Glaive-Romain-Epee-Jules-Cesar-rouge.jpg\",\"contentUrl\":\"https:\\\/\\\/repliquemangacine.fr\\\/wp-content\\\/uploads\\\/2023\\\/10\\\/2247-Glaive-Romain-Epee-Jules-Cesar-rouge.jpg\",\"width\":600,\"height\":600,\"caption\":\"Glaive Romain- Ep\u00e9e Jules Cesar rouge\"},{\"@type\":\"BreadcrumbList\",\"@id\":\"https:\\\/\\\/repliquemangacine.fr\\\/de\\\/antike-schwerter\\\/romisches-gladius-schwert-julius-cesar-rot\\\/#breadcrumb\",\"itemListElement\":[{\"@type\":\"ListItem\",\"position\":1,\"name\":\"Accueil\",\"item\":\"https:\\\/\\\/repliquemangacine.fr\\\/\"},{\"@type\":\"ListItem\",\"position\":2,\"name\":\"Produits\",\"item\":\"https:\\\/\\\/repliquemangacine.fr\\\/boutique\\\/\"},{\"@type\":\"ListItem\",\"position\":3,\"name\":\"Glaive Jules C\u00e9sar rouge\"}]},{\"@type\":\"WebSite\",\"@id\":\"https:\\\/\\\/repliquemangacine.fr\\\/#website\",\"url\":\"https:\\\/\\\/repliquemangacine.fr\\\/\",\"name\":\"R\u00e9plique Manga Cin\u00e9\",\"description\":\"\",\"publisher\":{\"@id\":\"https:\\\/\\\/repliquemangacine.fr\\\/#organization\"},\"potentialAction\":[{\"@type\":\"SearchAction\",\"target\":{\"@type\":\"EntryPoint\",\"urlTemplate\":\"https:\\\/\\\/repliquemangacine.fr\\\/?s={search_term_string}\"},\"query-input\":{\"@type\":\"PropertyValueSpecification\",\"valueRequired\":true,\"valueName\":\"search_term_string\"}}],\"inLanguage\":\"es\"},{\"@type\":\"Organization\",\"@id\":\"https:\\\/\\\/repliquemangacine.fr\\\/#organization\",\"name\":\"R\u00e9plique Manga Cin\u00e9\",\"url\":\"https:\\\/\\\/repliquemangacine.fr\\\/\",\"logo\":{\"@type\":\"ImageObject\",\"inLanguage\":\"es\",\"@id\":\"https:\\\/\\\/repliquemangacine.fr\\\/#\\\/schema\\\/logo\\\/image\\\/\",\"url\":\"https:\\\/\\\/repliquemangacine.fr\\\/wp-content\\\/uploads\\\/2023\\\/10\\\/RMC-500250.png\",\"contentUrl\":\"https:\\\/\\\/repliquemangacine.fr\\\/wp-content\\\/uploads\\\/2023\\\/10\\\/RMC-500250.png\",\"width\":500,\"height\":250,\"caption\":\"R\u00e9plique Manga Cin\u00e9\"},\"image\":{\"@id\":\"https:\\\/\\\/repliquemangacine.fr\\\/#\\\/schema\\\/logo\\\/image\\\/\"},\"sameAs\":[\"https:\\\/\\\/www.facebook.com\\\/RepliqueMangaCine\",\"https:\\\/\\\/www.instagram.com\\\/repliquemangacine.fr\\\/\"]}]}<\/script>\n<!-- \/ Yoast SEO plugin. -->","yoast_head_json":{"title":"Glaive Julio C\u00e9sar rojo - Espadas antiguas tienda online | RMC","description":"Descubra el Glaive Jules C\u00e9sar rouge al mejor precio - Hoja de acero - Funda de imitaci\u00f3n de cuero - Longitud total: 74 cm - Fabricado por Denix","robots":{"index":"index","follow":"follow","max-snippet":"max-snippet:-1","max-image-preview":"max-image-preview:large","max-video-preview":"max-video-preview:-1"},"canonical":"https:\/\/repliquemangacine.fr\/es\/espadas-espada-antigua\/espada-romana-jules-cesar-espada-roja\/","og_locale":"es_ES","og_type":"article","og_title":"Glaive Jules C\u00e9sar rouge - Boutique en ligne d'\u00e9p\u00e9e Antique | RMC","og_description":"D\u00e9couvrez le Glaive Jules C\u00e9sar rouge au meilleur prix - Lame en acier - Fourreau simili cuir - Longueur totale : 74 cm - Fabriqu\u00e9 par Denix","og_url":"https:\/\/repliquemangacine.fr\/es\/espadas-espada-antigua\/espada-romana-jules-cesar-espada-roja\/","og_site_name":"R\u00e9plique Manga Cin\u00e9","article_publisher":"https:\/\/www.facebook.com\/RepliqueMangaCine","article_modified_time":"2025-09-23T16:01:56+00:00","og_image":[{"width":600,"height":600,"url":"https:\/\/repliquemangacine.fr\/wp-content\/uploads\/2023\/10\/2247-Glaive-Romain-Epee-Jules-Cesar-rouge.jpg","type":"image\/jpeg"}],"twitter_card":"summary_large_image","twitter_misc":{"Tiempo de lectura":"2 minutos"},"schema":{"@context":"https:\/\/schema.org","@graph":[{"@type":"WebPage","@id":"https:\/\/repliquemangacine.fr\/de\/antike-schwerter\/romisches-gladius-schwert-julius-cesar-rot\/","url":"https:\/\/repliquemangacine.fr\/de\/antike-schwerter\/romisches-gladius-schwert-julius-cesar-rot\/","name":"Glaive Julio C\u00e9sar rojo - Espadas antiguas tienda online | RMC","isPartOf":{"@id":"https:\/\/repliquemangacine.fr\/#website"},"primaryImageOfPage":{"@id":"https:\/\/repliquemangacine.fr\/de\/antike-schwerter\/romisches-gladius-schwert-julius-cesar-rot\/#primaryimage"},"image":{"@id":"https:\/\/repliquemangacine.fr\/de\/antike-schwerter\/romisches-gladius-schwert-julius-cesar-rot\/#primaryimage"},"thumbnailUrl":"https:\/\/repliquemangacine.fr\/wp-content\/uploads\/2023\/10\/2247-Glaive-Romain-Epee-Jules-Cesar-rouge.jpg","datePublished":"2017-08-02T13:50:34+00:00","dateModified":"2025-09-23T16:01:56+00:00","description":"Descubra el Glaive Jules C\u00e9sar rouge al mejor precio - Hoja de acero - Funda de imitaci\u00f3n de cuero - Longitud total: 74 cm - Fabricado por Denix","breadcrumb":{"@id":"https:\/\/repliquemangacine.fr\/de\/antike-schwerter\/romisches-gladius-schwert-julius-cesar-rot\/#breadcrumb"},"inLanguage":"es","potentialAction":[{"@type":"ReadAction","target":["https:\/\/repliquemangacine.fr\/de\/antike-schwerter\/romisches-gladius-schwert-julius-cesar-rot\/"]}]},{"@type":"ImageObject","inLanguage":"es","@id":"https:\/\/repliquemangacine.fr\/de\/antike-schwerter\/romisches-gladius-schwert-julius-cesar-rot\/#primaryimage","url":"https:\/\/repliquemangacine.fr\/wp-content\/uploads\/2023\/10\/2247-Glaive-Romain-Epee-Jules-Cesar-rouge.jpg","contentUrl":"https:\/\/repliquemangacine.fr\/wp-content\/uploads\/2023\/10\/2247-Glaive-Romain-Epee-Jules-Cesar-rouge.jpg","width":600,"height":600,"caption":"Glaive Romain- Ep\u00e9e Jules Cesar rouge"},{"@type":"BreadcrumbList","@id":"https:\/\/repliquemangacine.fr\/de\/antike-schwerter\/romisches-gladius-schwert-julius-cesar-rot\/#breadcrumb","itemListElement":[{"@type":"ListItem","position":1,"name":"Accueil","item":"https:\/\/repliquemangacine.fr\/"},{"@type":"ListItem","position":2,"name":"Produits","item":"https:\/\/repliquemangacine.fr\/boutique\/"},{"@type":"ListItem","position":3,"name":"Glaive Jules C\u00e9sar rouge"}]},{"@type":"WebSite","@id":"https:\/\/repliquemangacine.fr\/#website","url":"https:\/\/repliquemangacine.fr\/","name":"R\u00e9plique Manga Cin\u00e9","description":"","publisher":{"@id":"https:\/\/repliquemangacine.fr\/#organization"},"potentialAction":[{"@type":"SearchAction","target":{"@type":"EntryPoint","urlTemplate":"https:\/\/repliquemangacine.fr\/?s={search_term_string}"},"query-input":{"@type":"PropertyValueSpecification","valueRequired":true,"valueName":"search_term_string"}}],"inLanguage":"es"},{"@type":"Organization","@id":"https:\/\/repliquemangacine.fr\/#organization","name":"R\u00e9plique Manga Cin\u00e9","url":"https:\/\/repliquemangacine.fr\/","logo":{"@type":"ImageObject","inLanguage":"es","@id":"https:\/\/repliquemangacine.fr\/#\/schema\/logo\/image\/","url":"https:\/\/repliquemangacine.fr\/wp-content\/uploads\/2023\/10\/RMC-500250.png","contentUrl":"https:\/\/repliquemangacine.fr\/wp-content\/uploads\/2023\/10\/RMC-500250.png","width":500,"height":250,"caption":"R\u00e9plique Manga Cin\u00e9"},"image":{"@id":"https:\/\/repliquemangacine.fr\/#\/schema\/logo\/image\/"},"sameAs":["https:\/\/www.facebook.com\/RepliqueMangaCine","https:\/\/www.instagram.com\/repliquemangacine.fr\/"]}]}},"_links":{"self":[{"href":"https:\/\/repliquemangacine.fr\/es\/wp-json\/wp\/v2\/product\/27454","targetHints":{"allow":["GET"]}}],"collection":[{"href":"https:\/\/repliquemangacine.fr\/es\/wp-json\/wp\/v2\/product"}],"about":[{"href":"https:\/\/repliquemangacine.fr\/es\/wp-json\/wp\/v2\/types\/product"}],"wp:featuredmedia":[{"embeddable":true,"href":"https:\/\/repliquemangacine.fr\/es\/wp-json\/wp\/v2\/media\/27455"}],"wp:attachment":[{"href":"https:\/\/repliquemangacine.fr\/es\/wp-json\/wp\/v2\/media?parent=27454"}],"wp:term":[{"taxonomy":"product_brand","embeddable":true,"href":"https:\/\/repliquemangacine.fr\/es\/wp-json\/wp\/v2\/product_brand?post=27454"},{"taxonomy":"product_cat","embeddable":true,"href":"https:\/\/repliquemangacine.fr\/es\/wp-json\/wp\/v2\/product_cat?post=27454"},{"taxonomy":"product_tag","embeddable":true,"href":"https:\/\/repliquemangacine.fr\/es\/wp-json\/wp\/v2\/product_tag?post=27454"}],"curies":[{"name":"wp","href":"https:\/\/api.w.org\/{rel}","templated":true}]}}