





{"id":27436,"date":"2017-07-22T18:20:47","date_gmt":"2017-07-22T16:20:47","guid":{"rendered":"https:\/\/repliquemangacine.fr\/?post_type=product&#038;p=27436"},"modified":"2025-11-14T20:00:02","modified_gmt":"2025-11-14T19:00:02","slug":"ss-schutzstaffel-daga-de-honor-historica-daga-alemana","status":"publish","type":"product","link":"https:\/\/repliquemangacine.fr\/es\/dagues-et-accessoires-seconde-guerre-mondiale-materiels-militaria\/dague-dhonneur-ss-schutzstaffel-dague-historique-allemande\/","title":{"rendered":"Daga de honor de la SS Schutzstaffel"},"content":{"rendered":"<h2>Daga de honor de la SS Schutzstaffel<\/h2>\n<p>Para empezar, el <strong>Daga de honor de la SS Schutzstaffel<\/strong>, que sol\u00edan llevarse con el uniforme negro de las SS. En noviembre de 1935, Himmler public\u00f3 un decreto en el que estipulaba que \u00abtodo hombre de las SS tiene el derecho y el deber de defender su honor con las armas\u00bb.<\/p>\n<p>Con la llegada de los nazis al poder en 1933, los industriales de Solingen pensaron que si lograban convencer al partido de que llevar espadas y dagas realzar\u00eda el estatus de sus miembros, crear\u00edan un nuevo e inmenso mercado.<\/p>\n<p>En conclusi\u00f3n, recibi\u00f3 de ellos un cortapapeles como regalo, que acept\u00f3, y dio su aprobaci\u00f3n al proyecto.<\/p>\n<h2>Tu Daga de Honor SS Schutzstaffel al mejor precio.<\/h2>\n<p>Ofrecemos una amplia gama de reproducciones de armas hist\u00f3ricas.<\/p>\n<p>Lo primero y m\u00e1s importante,<\/p>\n<ul>\n<li>La reproducci\u00f3n del impresionante <a href=\"https:\/\/repliquemangacine.fr\/es\/guerra-mundial\/replica-de-ametralladora-mg34-con-tripodes-denix\/\">Ametralladora MG 34<\/a>.<\/li>\n<li>As\u00ed como la pistola <a href=\"https:\/\/repliquemangacine.fr\/es\/reproducciones-darmes\/culata-de-madera-parabellum-luger-p08\/\">Luger Parrabellum<\/a> fabricado por <a href=\"https:\/\/www.denix.fr\/fr\/accueil-fr\/\" target=\"_blank\" rel=\"noopener noreferrer\">Denix<\/a>.<\/li>\n<li>Y hay mucho m\u00e1s por descubrir.<\/li>\n<\/ul>\n<p>Por eso hemos pensado en algunas ideas para regalar a los amantes de la historia.<\/p>\n<p>En conclusi\u00f3n, tambi\u00e9n puede utilizar este <strong>Daga de honor de la SS Schutzstaffel<\/strong> para sus recreaciones hist\u00f3ricas. Sobre todo, es una pieza de coleccionista y una pieza decorativa.<\/p>\n<p><strong>Hay que subrayar que estos productos no deben glorificar ninguna ideolog\u00eda, partido o tendencia. Condenamos en\u00e9rgica y profundamente cualquier apolog\u00eda del 3\u1d49 Reich y su ideolog\u00eda racial y de odio.<\/strong><\/p>\n<h2>\u00bfC\u00f3mo mantengo la hoja de mi daga?<\/h2>\n<p>Las dagas de colecci\u00f3n y decorativas se fabrican y ensamblan de forma simplificada. Como su uso es decorativo, no cuentan con los elementos de seguridad exigidos para un sable japon\u00e9s destinado al entrenamiento.<\/p>\n<p>Sin embargo, su <strong>Daga de honor de la SS Schutzstaffel<\/strong> a una hoja de acero que hay que mantener para evitar que se da\u00f1e con el tiempo. Cuando muestres tu daga, tus amigos sentir\u00e1n curiosidad por ver la hoja y tocarla. Aqu\u00ed es donde hay que tener cuidado, porque la acidez de los dedos es muy perjudicial para el acero, sea cual sea su calidad.<\/p>\n<p>Sin embargo, si esto ocurre, no te asustes, simplemente utiliza un pa\u00f1o humedecido con un poco de aceite y limpia las huellas dactilares. Si haces esto, tu daga durar\u00e1 mucho tiempo.<\/p>","protected":false},"excerpt":{"rendered":"<p>Daga de las SS Schutzstaffel, concedida \u00fanicamente a oficiales y suboficiales de las SS.<\/p>\n<ul>\n<li>Hoja de acero serigrafiada.<\/li>\n<li>Empu\u00f1adura y pomo de metal.<\/li>\n<li>Mango ABS negro con \u00e1guila NSDAP plateada.<\/li>\n<li>Funda de ABS negro con adornos plateados, provista de cadena.<\/li>\n<li>Longitud de la hoja: 22 cm - Longitud total: 39,5 cm<\/li>\n<\/ul>","protected":false},"featured_media":27437,"template":"","meta":[],"product_brand":[896],"product_cat":[25,54,85],"product_tag":[],"class_list":{"0":"post-27436","1":"product","2":"type-product","3":"status-publish","4":"has-post-thumbnail","6":"product_brand-replique-manga-cine","7":"product_cat-armes-historiques","8":"product_cat-armes-accessoires-guerre-mondiale","9":"product_cat-dagues-et-accessoires-seconde-guerre-mondiale-materiels-militaria","11":"first","12":"outofstock","13":"taxable","14":"shipping-taxable","15":"purchasable","16":"product-type-simple"},"yoast_head":"<!-- This site is optimized with the Yoast SEO plugin v27.4 - https:\/\/yoast.com\/product\/yoast-seo-wordpress\/ -->\n<title>Dague d&#039;honneur SS Schutzstaffel - Vente Dague historique - RMC<\/title>\n<meta name=\"description\" content=\"Offrez-vous la Dague d&#039;honneur SS Schutzstaffel de 1933 au meilleur prix - Lame acier avec inscription - Fourreau avec chainette - Longueur totale : 39.5 cm\" \/>\n<meta name=\"robots\" content=\"index, follow, max-snippet:-1, max-image-preview:large, max-video-preview:-1\" \/>\n<link rel=\"canonical\" href=\"https:\/\/repliquemangacine.fr\/es\/dagas-y-accesorios-material-militar-segunda-guerra-mundial\/ss-schutzstaffel-daga-de-honor-historica-daga-alemana\/\" \/>\n<meta property=\"og:locale\" content=\"es_ES\" \/>\n<meta property=\"og:type\" content=\"article\" \/>\n<meta property=\"og:title\" content=\"Dague d&#039;honneur SS Schutzstaffel - Vente Dague historique - RMC\" \/>\n<meta property=\"og:description\" content=\"Offrez-vous la Dague d&#039;honneur SS Schutzstaffel de 1933 au meilleur prix - Lame acier avec inscription - Fourreau avec chainette - Longueur totale : 39.5 cm\" \/>\n<meta property=\"og:url\" content=\"https:\/\/repliquemangacine.fr\/es\/dagas-y-accesorios-material-militar-segunda-guerra-mundial\/ss-schutzstaffel-daga-de-honor-historica-daga-alemana\/\" \/>\n<meta property=\"og:site_name\" content=\"R\u00e9plique Manga Cin\u00e9\" \/>\n<meta property=\"article:publisher\" content=\"https:\/\/www.facebook.com\/RepliqueMangaCine\" \/>\n<meta property=\"article:modified_time\" content=\"2025-11-14T19:00:02+00:00\" \/>\n<meta property=\"og:image\" content=\"https:\/\/repliquemangacine.fr\/wp-content\/uploads\/2023\/10\/2229-Dague-de-ceremonie-Allemande-Dague-dhonneur-SS.jpg\" \/>\n\t<meta property=\"og:image:width\" content=\"600\" \/>\n\t<meta property=\"og:image:height\" content=\"600\" \/>\n\t<meta property=\"og:image:type\" content=\"image\/jpeg\" \/>\n<meta name=\"twitter:card\" content=\"summary_large_image\" \/>\n<meta name=\"twitter:label1\" content=\"Tiempo de lectura\" \/>\n\t<meta name=\"twitter:data1\" content=\"2 minutos\" \/>\n<script type=\"application\/ld+json\" class=\"yoast-schema-graph\">{\"@context\":\"https:\\\/\\\/schema.org\",\"@graph\":[{\"@type\":\"WebPage\",\"@id\":\"https:\\\/\\\/repliquemangacine.fr\\\/dagues-et-accessoires-seconde-guerre-mondiale-materiels-militaria\\\/dague-dhonneur-ss-schutzstaffel-dague-historique-allemande\\\/\",\"url\":\"https:\\\/\\\/repliquemangacine.fr\\\/dagues-et-accessoires-seconde-guerre-mondiale-materiels-militaria\\\/dague-dhonneur-ss-schutzstaffel-dague-historique-allemande\\\/\",\"name\":\"Dague d'honneur SS Schutzstaffel - Vente Dague historique - RMC\",\"isPartOf\":{\"@id\":\"https:\\\/\\\/repliquemangacine.fr\\\/#website\"},\"primaryImageOfPage\":{\"@id\":\"https:\\\/\\\/repliquemangacine.fr\\\/dagues-et-accessoires-seconde-guerre-mondiale-materiels-militaria\\\/dague-dhonneur-ss-schutzstaffel-dague-historique-allemande\\\/#primaryimage\"},\"image\":{\"@id\":\"https:\\\/\\\/repliquemangacine.fr\\\/dagues-et-accessoires-seconde-guerre-mondiale-materiels-militaria\\\/dague-dhonneur-ss-schutzstaffel-dague-historique-allemande\\\/#primaryimage\"},\"thumbnailUrl\":\"https:\\\/\\\/repliquemangacine.fr\\\/wp-content\\\/uploads\\\/2023\\\/10\\\/2229-Dague-de-ceremonie-Allemande-Dague-dhonneur-SS.jpg\",\"datePublished\":\"2017-07-22T16:20:47+00:00\",\"dateModified\":\"2025-11-14T19:00:02+00:00\",\"description\":\"Offrez-vous la Dague d'honneur SS Schutzstaffel de 1933 au meilleur prix - Lame acier avec inscription - Fourreau avec chainette - Longueur totale : 39.5 cm\",\"breadcrumb\":{\"@id\":\"https:\\\/\\\/repliquemangacine.fr\\\/dagues-et-accessoires-seconde-guerre-mondiale-materiels-militaria\\\/dague-dhonneur-ss-schutzstaffel-dague-historique-allemande\\\/#breadcrumb\"},\"inLanguage\":\"es\",\"potentialAction\":[{\"@type\":\"ReadAction\",\"target\":[\"https:\\\/\\\/repliquemangacine.fr\\\/dagues-et-accessoires-seconde-guerre-mondiale-materiels-militaria\\\/dague-dhonneur-ss-schutzstaffel-dague-historique-allemande\\\/\"]}]},{\"@type\":\"ImageObject\",\"inLanguage\":\"es\",\"@id\":\"https:\\\/\\\/repliquemangacine.fr\\\/dagues-et-accessoires-seconde-guerre-mondiale-materiels-militaria\\\/dague-dhonneur-ss-schutzstaffel-dague-historique-allemande\\\/#primaryimage\",\"url\":\"https:\\\/\\\/repliquemangacine.fr\\\/wp-content\\\/uploads\\\/2023\\\/10\\\/2229-Dague-de-ceremonie-Allemande-Dague-dhonneur-SS.jpg\",\"contentUrl\":\"https:\\\/\\\/repliquemangacine.fr\\\/wp-content\\\/uploads\\\/2023\\\/10\\\/2229-Dague-de-ceremonie-Allemande-Dague-dhonneur-SS.jpg\",\"width\":600,\"height\":600,\"caption\":\"Dague d'honneur SS Schutzstaffel\"},{\"@type\":\"BreadcrumbList\",\"@id\":\"https:\\\/\\\/repliquemangacine.fr\\\/dagues-et-accessoires-seconde-guerre-mondiale-materiels-militaria\\\/dague-dhonneur-ss-schutzstaffel-dague-historique-allemande\\\/#breadcrumb\",\"itemListElement\":[{\"@type\":\"ListItem\",\"position\":1,\"name\":\"Accueil\",\"item\":\"https:\\\/\\\/repliquemangacine.fr\\\/\"},{\"@type\":\"ListItem\",\"position\":2,\"name\":\"Produits\",\"item\":\"https:\\\/\\\/repliquemangacine.fr\\\/boutique\\\/\"},{\"@type\":\"ListItem\",\"position\":3,\"name\":\"Dague d&#8217;honneur SS Schutzstaffel\"}]},{\"@type\":\"WebSite\",\"@id\":\"https:\\\/\\\/repliquemangacine.fr\\\/#website\",\"url\":\"https:\\\/\\\/repliquemangacine.fr\\\/\",\"name\":\"R\u00e9plique Manga Cin\u00e9\",\"description\":\"\",\"publisher\":{\"@id\":\"https:\\\/\\\/repliquemangacine.fr\\\/#organization\"},\"potentialAction\":[{\"@type\":\"SearchAction\",\"target\":{\"@type\":\"EntryPoint\",\"urlTemplate\":\"https:\\\/\\\/repliquemangacine.fr\\\/?s={search_term_string}\"},\"query-input\":{\"@type\":\"PropertyValueSpecification\",\"valueRequired\":true,\"valueName\":\"search_term_string\"}}],\"inLanguage\":\"es\"},{\"@type\":\"Organization\",\"@id\":\"https:\\\/\\\/repliquemangacine.fr\\\/#organization\",\"name\":\"R\u00e9plique Manga Cin\u00e9\",\"url\":\"https:\\\/\\\/repliquemangacine.fr\\\/\",\"logo\":{\"@type\":\"ImageObject\",\"inLanguage\":\"es\",\"@id\":\"https:\\\/\\\/repliquemangacine.fr\\\/#\\\/schema\\\/logo\\\/image\\\/\",\"url\":\"https:\\\/\\\/repliquemangacine.fr\\\/wp-content\\\/uploads\\\/2023\\\/10\\\/RMC-500250.png\",\"contentUrl\":\"https:\\\/\\\/repliquemangacine.fr\\\/wp-content\\\/uploads\\\/2023\\\/10\\\/RMC-500250.png\",\"width\":500,\"height\":250,\"caption\":\"R\u00e9plique Manga Cin\u00e9\"},\"image\":{\"@id\":\"https:\\\/\\\/repliquemangacine.fr\\\/#\\\/schema\\\/logo\\\/image\\\/\"},\"sameAs\":[\"https:\\\/\\\/www.facebook.com\\\/RepliqueMangaCine\",\"https:\\\/\\\/www.instagram.com\\\/repliquemangacine.fr\\\/\"]}]}<\/script>\n<!-- \/ Yoast SEO plugin. -->","yoast_head_json":{"title":"Daga de honor de la SS Schutzstaffel - Venta de dagas hist\u00f3ricas - RMC","description":"Reg\u00e1lese la Daga de Honor de la SS Schutzstaffel de 1933 al mejor precio - Hoja de acero con inscripci\u00f3n - Vaina con cadena - Longitud total: 39,5 cm","robots":{"index":"index","follow":"follow","max-snippet":"max-snippet:-1","max-image-preview":"max-image-preview:large","max-video-preview":"max-video-preview:-1"},"canonical":"https:\/\/repliquemangacine.fr\/es\/dagas-y-accesorios-material-militar-segunda-guerra-mundial\/ss-schutzstaffel-daga-de-honor-historica-daga-alemana\/","og_locale":"es_ES","og_type":"article","og_title":"Dague d'honneur SS Schutzstaffel - Vente Dague historique - RMC","og_description":"Offrez-vous la Dague d'honneur SS Schutzstaffel de 1933 au meilleur prix - Lame acier avec inscription - Fourreau avec chainette - Longueur totale : 39.5 cm","og_url":"https:\/\/repliquemangacine.fr\/es\/dagas-y-accesorios-material-militar-segunda-guerra-mundial\/ss-schutzstaffel-daga-de-honor-historica-daga-alemana\/","og_site_name":"R\u00e9plique Manga Cin\u00e9","article_publisher":"https:\/\/www.facebook.com\/RepliqueMangaCine","article_modified_time":"2025-11-14T19:00:02+00:00","og_image":[{"width":600,"height":600,"url":"https:\/\/repliquemangacine.fr\/wp-content\/uploads\/2023\/10\/2229-Dague-de-ceremonie-Allemande-Dague-dhonneur-SS.jpg","type":"image\/jpeg"}],"twitter_card":"summary_large_image","twitter_misc":{"Tiempo de lectura":"2 minutos"},"schema":{"@context":"https:\/\/schema.org","@graph":[{"@type":"WebPage","@id":"https:\/\/repliquemangacine.fr\/dagues-et-accessoires-seconde-guerre-mondiale-materiels-militaria\/dague-dhonneur-ss-schutzstaffel-dague-historique-allemande\/","url":"https:\/\/repliquemangacine.fr\/dagues-et-accessoires-seconde-guerre-mondiale-materiels-militaria\/dague-dhonneur-ss-schutzstaffel-dague-historique-allemande\/","name":"Daga de honor de la SS Schutzstaffel - Venta de dagas hist\u00f3ricas - RMC","isPartOf":{"@id":"https:\/\/repliquemangacine.fr\/#website"},"primaryImageOfPage":{"@id":"https:\/\/repliquemangacine.fr\/dagues-et-accessoires-seconde-guerre-mondiale-materiels-militaria\/dague-dhonneur-ss-schutzstaffel-dague-historique-allemande\/#primaryimage"},"image":{"@id":"https:\/\/repliquemangacine.fr\/dagues-et-accessoires-seconde-guerre-mondiale-materiels-militaria\/dague-dhonneur-ss-schutzstaffel-dague-historique-allemande\/#primaryimage"},"thumbnailUrl":"https:\/\/repliquemangacine.fr\/wp-content\/uploads\/2023\/10\/2229-Dague-de-ceremonie-Allemande-Dague-dhonneur-SS.jpg","datePublished":"2017-07-22T16:20:47+00:00","dateModified":"2025-11-14T19:00:02+00:00","description":"Reg\u00e1lese la Daga de Honor de la SS Schutzstaffel de 1933 al mejor precio - Hoja de acero con inscripci\u00f3n - Vaina con cadena - Longitud total: 39,5 cm","breadcrumb":{"@id":"https:\/\/repliquemangacine.fr\/dagues-et-accessoires-seconde-guerre-mondiale-materiels-militaria\/dague-dhonneur-ss-schutzstaffel-dague-historique-allemande\/#breadcrumb"},"inLanguage":"es","potentialAction":[{"@type":"ReadAction","target":["https:\/\/repliquemangacine.fr\/dagues-et-accessoires-seconde-guerre-mondiale-materiels-militaria\/dague-dhonneur-ss-schutzstaffel-dague-historique-allemande\/"]}]},{"@type":"ImageObject","inLanguage":"es","@id":"https:\/\/repliquemangacine.fr\/dagues-et-accessoires-seconde-guerre-mondiale-materiels-militaria\/dague-dhonneur-ss-schutzstaffel-dague-historique-allemande\/#primaryimage","url":"https:\/\/repliquemangacine.fr\/wp-content\/uploads\/2023\/10\/2229-Dague-de-ceremonie-Allemande-Dague-dhonneur-SS.jpg","contentUrl":"https:\/\/repliquemangacine.fr\/wp-content\/uploads\/2023\/10\/2229-Dague-de-ceremonie-Allemande-Dague-dhonneur-SS.jpg","width":600,"height":600,"caption":"Dague d'honneur SS Schutzstaffel"},{"@type":"BreadcrumbList","@id":"https:\/\/repliquemangacine.fr\/dagues-et-accessoires-seconde-guerre-mondiale-materiels-militaria\/dague-dhonneur-ss-schutzstaffel-dague-historique-allemande\/#breadcrumb","itemListElement":[{"@type":"ListItem","position":1,"name":"Accueil","item":"https:\/\/repliquemangacine.fr\/"},{"@type":"ListItem","position":2,"name":"Produits","item":"https:\/\/repliquemangacine.fr\/boutique\/"},{"@type":"ListItem","position":3,"name":"Dague d&#8217;honneur SS Schutzstaffel"}]},{"@type":"WebSite","@id":"https:\/\/repliquemangacine.fr\/#website","url":"https:\/\/repliquemangacine.fr\/","name":"R\u00e9plique Manga Cin\u00e9","description":"","publisher":{"@id":"https:\/\/repliquemangacine.fr\/#organization"},"potentialAction":[{"@type":"SearchAction","target":{"@type":"EntryPoint","urlTemplate":"https:\/\/repliquemangacine.fr\/?s={search_term_string}"},"query-input":{"@type":"PropertyValueSpecification","valueRequired":true,"valueName":"search_term_string"}}],"inLanguage":"es"},{"@type":"Organization","@id":"https:\/\/repliquemangacine.fr\/#organization","name":"R\u00e9plique Manga Cin\u00e9","url":"https:\/\/repliquemangacine.fr\/","logo":{"@type":"ImageObject","inLanguage":"es","@id":"https:\/\/repliquemangacine.fr\/#\/schema\/logo\/image\/","url":"https:\/\/repliquemangacine.fr\/wp-content\/uploads\/2023\/10\/RMC-500250.png","contentUrl":"https:\/\/repliquemangacine.fr\/wp-content\/uploads\/2023\/10\/RMC-500250.png","width":500,"height":250,"caption":"R\u00e9plique Manga Cin\u00e9"},"image":{"@id":"https:\/\/repliquemangacine.fr\/#\/schema\/logo\/image\/"},"sameAs":["https:\/\/www.facebook.com\/RepliqueMangaCine","https:\/\/www.instagram.com\/repliquemangacine.fr\/"]}]}},"_links":{"self":[{"href":"https:\/\/repliquemangacine.fr\/es\/wp-json\/wp\/v2\/product\/27436","targetHints":{"allow":["GET"]}}],"collection":[{"href":"https:\/\/repliquemangacine.fr\/es\/wp-json\/wp\/v2\/product"}],"about":[{"href":"https:\/\/repliquemangacine.fr\/es\/wp-json\/wp\/v2\/types\/product"}],"wp:featuredmedia":[{"embeddable":true,"href":"https:\/\/repliquemangacine.fr\/es\/wp-json\/wp\/v2\/media\/27437"}],"wp:attachment":[{"href":"https:\/\/repliquemangacine.fr\/es\/wp-json\/wp\/v2\/media?parent=27436"}],"wp:term":[{"taxonomy":"product_brand","embeddable":true,"href":"https:\/\/repliquemangacine.fr\/es\/wp-json\/wp\/v2\/product_brand?post=27436"},{"taxonomy":"product_cat","embeddable":true,"href":"https:\/\/repliquemangacine.fr\/es\/wp-json\/wp\/v2\/product_cat?post=27436"},{"taxonomy":"product_tag","embeddable":true,"href":"https:\/\/repliquemangacine.fr\/es\/wp-json\/wp\/v2\/product_tag?post=27436"}],"curies":[{"name":"wp","href":"https:\/\/api.w.org\/{rel}","templated":true}]}}