





{"id":27430,"date":"2017-07-22T15:05:20","date_gmt":"2017-07-22T13:05:20","guid":{"rendered":"https:\/\/repliquemangacine.fr\/?post_type=product&#038;p=27430"},"modified":"2026-03-20T17:56:21","modified_gmt":"2026-03-20T16:56:21","slug":"monedero-pirata-con-monedas","status":"publish","type":"product","link":"https:\/\/repliquemangacine.fr\/es\/sabre-dabordage-de-pirate\/bourse-de-pirate-avec-monnaie\/","title":{"rendered":"Monedero pirata con cambio"},"content":{"rendered":"<h2>R\u00e9plica del bolso del pirata.<\/h2>\n<p>La bolsa pirata es un accesorio esencial para tu disfraz.<\/p>\n<p>Los piratas que causaban estragos en el mar Caribe a veces eran llamados err\u00f3neamente bucaneros. Los piratas se distinguen de los corsarios, que son civiles que hacen la guerra en el mar con la autorizaci\u00f3n de su gobierno, seg\u00fan las leyes de la guerra, con un estatus equivalente al de los militares.<\/p>\n<p>Contrariamente a la imagen difundida por las pel\u00edculas de ficci\u00f3n, debido a su propio modo de vida, pocos piratas com\u00edan hasta saciarse o se hac\u00edan ricos, la mayor\u00eda mor\u00eda joven en combate.<\/p>\n<p>La pirater\u00eda ha sido una actividad esencialmente masculina, pero tambi\u00e9n ha habido mujeres piratas. Nombres famosos como Mary Read y Anne Bonny son conocidos por haber navegado con el pirata Jack Rackham.<\/p>\n<h3>Ofrecemos una amplia gama de r\u00e9plicas de la \u00e9poca de la pirater\u00eda<\/h3>\n<p>Lo primero y m\u00e1s importante,<\/p>\n<ul>\n<li>La reproducci\u00f3n de <a href=\"https:\/\/repliquemangacine.fr\/es\/assassins-creed\/arma-hacha-pirata-siglo-xviii\/\">Pistola Hacha Piratas<\/a>. El Gun Axe se puede encontrar en Assassin's Creed Unity: Dead Kings.<\/li>\n<li>Tambi\u00e9n existe la<a href=\"https:\/\/repliquemangacine.fr\/es\/armas-piratas\/pirata-abordaje-espada-sable-olla-cuchara\/\"> cuchara de sable<\/a> del siglo XVI. Esta espada de abordaje fue utilizada por la marina francesa.<\/li>\n<li>As\u00ed como el <a href=\"https:\/\/repliquemangacine.fr\/es\/armas-piratas\/sable-pirata-sable-bucanero\/\">Espada de abordaje Flibustier<\/a> es un arma blanca utilizada en la marina.<\/li>\n<li>Y muchos m\u00e1s.<\/li>\n<\/ul>\n<p>Por eso es una gran idea de regalo para todos los fans de los piratas.<\/p>\n<h3>Puedes utilizar el Monedero Pirata para tus desfiles de Cosplay o veladas tem\u00e1ticas.<\/h3>\n<p>Ante todo, esta espada es una pieza de colecci\u00f3n y decoraci\u00f3n.<\/p>\n<p>R\u00e9plique Manga Cin\u00e9 es una empresa familiar francesa, distribuidora oficial de la marca. <a href=\"https:\/\/www.denix.fr\/fr\/catalogue\/colonial-et-pirate-1492-s-xviii\/maroquinerie\/715\/\">Denix<\/a>.<\/p>\n<p>Tenga en cuenta que todas nuestras r\u00e9plicas son objetos de colecci\u00f3n y decoraci\u00f3n. Puede utilizarlas para recreaciones hist\u00f3ricas, desfiles de cosplay o decoraci\u00f3n de interiores. En consecuencia, no es posible acudir a lugares p\u00fablicos con estas r\u00e9plicas.<\/p>","protected":false},"excerpt":{"rendered":"<p>\u00a1Deber\u00edas haberlo pensado! Denix vuelve a sorprendernos con este peque\u00f1o bolso pirata<\/p>\n<ul>\n<li>Todo en piel con logotipo pirata.<\/li>\n<li>Lo encontrar\u00e1s dentro:<\/li>\n<li>- 2 monedas de escudo (duplicado) - 2 monedas de escudo acu\u00f1adas en Sevilla - 2 monedas de plata de 8 - 2 monedas de escudo de 100<\/li>\n<li>Este mercado ser\u00e1 esencial para sus disfraces y cosplays.<\/li>\n<\/ul>","protected":false},"featured_media":27431,"template":"","meta":[],"product_brand":[896],"product_cat":[49,25,115],"product_tag":[],"class_list":{"0":"post-27430","1":"product","2":"type-product","3":"status-publish","4":"has-post-thumbnail","6":"product_brand-replique-manga-cine","7":"product_cat-armes-de-pirates","8":"product_cat-armes-historiques","9":"product_cat-sabre-dabordage-de-pirate","11":"first","12":"instock","13":"taxable","14":"shipping-taxable","15":"purchasable","16":"product-type-simple"},"yoast_head":"<!-- This site is optimized with the Yoast SEO plugin v27.4 - https:\/\/yoast.com\/product\/yoast-seo-wordpress\/ -->\n<title>Bourse de pirate avec pi\u00e8ce - Accessoire d\u00e9guisement pirate -RMC<\/title>\n<meta name=\"description\" content=\"Denix nous propose cette Bourse de pirate en cuir avec 8 pi\u00e8ces escudos \u00e0 l&#039;int\u00e9rieur. C&#039;est l&#039;accessoire indispensable pour votre d\u00e9guisements.\" \/>\n<meta name=\"robots\" content=\"index, follow, max-snippet:-1, max-image-preview:large, max-video-preview:-1\" \/>\n<link rel=\"canonical\" href=\"https:\/\/repliquemangacine.fr\/es\/espada-pirata\/monedero-pirata-con-monedas\/\" \/>\n<meta property=\"og:locale\" content=\"es_ES\" \/>\n<meta property=\"og:type\" content=\"article\" \/>\n<meta property=\"og:title\" content=\"Bourse de pirate avec pi\u00e8ce - Accessoire d\u00e9guisement pirate -RMC\" \/>\n<meta property=\"og:description\" content=\"Denix nous propose cette Bourse de pirate en cuir avec 8 pi\u00e8ces escudos \u00e0 l&#039;int\u00e9rieur. C&#039;est l&#039;accessoire indispensable pour votre d\u00e9guisements.\" \/>\n<meta property=\"og:url\" content=\"https:\/\/repliquemangacine.fr\/es\/espada-pirata\/monedero-pirata-con-monedas\/\" \/>\n<meta property=\"og:site_name\" content=\"R\u00e9plique Manga Cin\u00e9\" \/>\n<meta property=\"article:publisher\" content=\"https:\/\/www.facebook.com\/RepliqueMangaCine\" \/>\n<meta property=\"article:modified_time\" content=\"2026-03-20T16:56:21+00:00\" \/>\n<meta property=\"og:image\" content=\"https:\/\/repliquemangacine.fr\/wp-content\/uploads\/2023\/10\/2225-Bourse-de-pirates-avec-monnaie.jpg\" \/>\n\t<meta property=\"og:image:width\" content=\"600\" \/>\n\t<meta property=\"og:image:height\" content=\"600\" \/>\n\t<meta property=\"og:image:type\" content=\"image\/jpeg\" \/>\n<meta name=\"twitter:card\" content=\"summary_large_image\" \/>\n<meta name=\"twitter:label1\" content=\"Tiempo de lectura\" \/>\n\t<meta name=\"twitter:data1\" content=\"2 minutos\" \/>\n<script type=\"application\/ld+json\" class=\"yoast-schema-graph\">{\"@context\":\"https:\\\/\\\/schema.org\",\"@graph\":[{\"@type\":\"WebPage\",\"@id\":\"https:\\\/\\\/repliquemangacine.fr\\\/sabre-dabordage-de-pirate\\\/bourse-de-pirate-avec-monnaie\\\/\",\"url\":\"https:\\\/\\\/repliquemangacine.fr\\\/sabre-dabordage-de-pirate\\\/bourse-de-pirate-avec-monnaie\\\/\",\"name\":\"Bourse de pirate avec pi\u00e8ce - Accessoire d\u00e9guisement pirate -RMC\",\"isPartOf\":{\"@id\":\"https:\\\/\\\/repliquemangacine.fr\\\/#website\"},\"primaryImageOfPage\":{\"@id\":\"https:\\\/\\\/repliquemangacine.fr\\\/sabre-dabordage-de-pirate\\\/bourse-de-pirate-avec-monnaie\\\/#primaryimage\"},\"image\":{\"@id\":\"https:\\\/\\\/repliquemangacine.fr\\\/sabre-dabordage-de-pirate\\\/bourse-de-pirate-avec-monnaie\\\/#primaryimage\"},\"thumbnailUrl\":\"https:\\\/\\\/repliquemangacine.fr\\\/wp-content\\\/uploads\\\/2023\\\/10\\\/2225-Bourse-de-pirates-avec-monnaie.jpg\",\"datePublished\":\"2017-07-22T13:05:20+00:00\",\"dateModified\":\"2026-03-20T16:56:21+00:00\",\"description\":\"Denix nous propose cette Bourse de pirate en cuir avec 8 pi\u00e8ces escudos \u00e0 l'int\u00e9rieur. C'est l'accessoire indispensable pour votre d\u00e9guisements.\",\"breadcrumb\":{\"@id\":\"https:\\\/\\\/repliquemangacine.fr\\\/sabre-dabordage-de-pirate\\\/bourse-de-pirate-avec-monnaie\\\/#breadcrumb\"},\"inLanguage\":\"es\",\"potentialAction\":[{\"@type\":\"ReadAction\",\"target\":[\"https:\\\/\\\/repliquemangacine.fr\\\/sabre-dabordage-de-pirate\\\/bourse-de-pirate-avec-monnaie\\\/\"]}]},{\"@type\":\"ImageObject\",\"inLanguage\":\"es\",\"@id\":\"https:\\\/\\\/repliquemangacine.fr\\\/sabre-dabordage-de-pirate\\\/bourse-de-pirate-avec-monnaie\\\/#primaryimage\",\"url\":\"https:\\\/\\\/repliquemangacine.fr\\\/wp-content\\\/uploads\\\/2023\\\/10\\\/2225-Bourse-de-pirates-avec-monnaie.jpg\",\"contentUrl\":\"https:\\\/\\\/repliquemangacine.fr\\\/wp-content\\\/uploads\\\/2023\\\/10\\\/2225-Bourse-de-pirates-avec-monnaie.jpg\",\"width\":600,\"height\":600,\"caption\":\"Bourse de pirates avec monnaie\"},{\"@type\":\"BreadcrumbList\",\"@id\":\"https:\\\/\\\/repliquemangacine.fr\\\/sabre-dabordage-de-pirate\\\/bourse-de-pirate-avec-monnaie\\\/#breadcrumb\",\"itemListElement\":[{\"@type\":\"ListItem\",\"position\":1,\"name\":\"Accueil\",\"item\":\"https:\\\/\\\/repliquemangacine.fr\\\/\"},{\"@type\":\"ListItem\",\"position\":2,\"name\":\"Produits\",\"item\":\"https:\\\/\\\/repliquemangacine.fr\\\/boutique\\\/\"},{\"@type\":\"ListItem\",\"position\":3,\"name\":\"Bourse de pirates avec monnaie\"}]},{\"@type\":\"WebSite\",\"@id\":\"https:\\\/\\\/repliquemangacine.fr\\\/#website\",\"url\":\"https:\\\/\\\/repliquemangacine.fr\\\/\",\"name\":\"R\u00e9plique Manga Cin\u00e9\",\"description\":\"\",\"publisher\":{\"@id\":\"https:\\\/\\\/repliquemangacine.fr\\\/#organization\"},\"potentialAction\":[{\"@type\":\"SearchAction\",\"target\":{\"@type\":\"EntryPoint\",\"urlTemplate\":\"https:\\\/\\\/repliquemangacine.fr\\\/?s={search_term_string}\"},\"query-input\":{\"@type\":\"PropertyValueSpecification\",\"valueRequired\":true,\"valueName\":\"search_term_string\"}}],\"inLanguage\":\"es\"},{\"@type\":\"Organization\",\"@id\":\"https:\\\/\\\/repliquemangacine.fr\\\/#organization\",\"name\":\"R\u00e9plique Manga Cin\u00e9\",\"url\":\"https:\\\/\\\/repliquemangacine.fr\\\/\",\"logo\":{\"@type\":\"ImageObject\",\"inLanguage\":\"es\",\"@id\":\"https:\\\/\\\/repliquemangacine.fr\\\/#\\\/schema\\\/logo\\\/image\\\/\",\"url\":\"https:\\\/\\\/repliquemangacine.fr\\\/wp-content\\\/uploads\\\/2023\\\/10\\\/RMC-500250.png\",\"contentUrl\":\"https:\\\/\\\/repliquemangacine.fr\\\/wp-content\\\/uploads\\\/2023\\\/10\\\/RMC-500250.png\",\"width\":500,\"height\":250,\"caption\":\"R\u00e9plique Manga Cin\u00e9\"},\"image\":{\"@id\":\"https:\\\/\\\/repliquemangacine.fr\\\/#\\\/schema\\\/logo\\\/image\\\/\"},\"sameAs\":[\"https:\\\/\\\/www.facebook.com\\\/RepliqueMangaCine\",\"https:\\\/\\\/www.instagram.com\\\/repliquemangacine.fr\\\/\"]}]}<\/script>\n<!-- \/ Yoast SEO plugin. -->","yoast_head_json":{"title":"Monedero pirata con moneda - Accesorio disfraz pirata -RMC","description":"Denix ofrece este monedero pirata de cuero con 8 monedas de escudo en su interior. Un accesorio imprescindible para tu disfraz.","robots":{"index":"index","follow":"follow","max-snippet":"max-snippet:-1","max-image-preview":"max-image-preview:large","max-video-preview":"max-video-preview:-1"},"canonical":"https:\/\/repliquemangacine.fr\/es\/espada-pirata\/monedero-pirata-con-monedas\/","og_locale":"es_ES","og_type":"article","og_title":"Bourse de pirate avec pi\u00e8ce - Accessoire d\u00e9guisement pirate -RMC","og_description":"Denix nous propose cette Bourse de pirate en cuir avec 8 pi\u00e8ces escudos \u00e0 l'int\u00e9rieur. C'est l'accessoire indispensable pour votre d\u00e9guisements.","og_url":"https:\/\/repliquemangacine.fr\/es\/espada-pirata\/monedero-pirata-con-monedas\/","og_site_name":"R\u00e9plique Manga Cin\u00e9","article_publisher":"https:\/\/www.facebook.com\/RepliqueMangaCine","article_modified_time":"2026-03-20T16:56:21+00:00","og_image":[{"width":600,"height":600,"url":"https:\/\/repliquemangacine.fr\/wp-content\/uploads\/2023\/10\/2225-Bourse-de-pirates-avec-monnaie.jpg","type":"image\/jpeg"}],"twitter_card":"summary_large_image","twitter_misc":{"Tiempo de lectura":"2 minutos"},"schema":{"@context":"https:\/\/schema.org","@graph":[{"@type":"WebPage","@id":"https:\/\/repliquemangacine.fr\/sabre-dabordage-de-pirate\/bourse-de-pirate-avec-monnaie\/","url":"https:\/\/repliquemangacine.fr\/sabre-dabordage-de-pirate\/bourse-de-pirate-avec-monnaie\/","name":"Monedero pirata con moneda - Accesorio disfraz pirata -RMC","isPartOf":{"@id":"https:\/\/repliquemangacine.fr\/#website"},"primaryImageOfPage":{"@id":"https:\/\/repliquemangacine.fr\/sabre-dabordage-de-pirate\/bourse-de-pirate-avec-monnaie\/#primaryimage"},"image":{"@id":"https:\/\/repliquemangacine.fr\/sabre-dabordage-de-pirate\/bourse-de-pirate-avec-monnaie\/#primaryimage"},"thumbnailUrl":"https:\/\/repliquemangacine.fr\/wp-content\/uploads\/2023\/10\/2225-Bourse-de-pirates-avec-monnaie.jpg","datePublished":"2017-07-22T13:05:20+00:00","dateModified":"2026-03-20T16:56:21+00:00","description":"Denix ofrece este monedero pirata de cuero con 8 monedas de escudo en su interior. Un accesorio imprescindible para tu disfraz.","breadcrumb":{"@id":"https:\/\/repliquemangacine.fr\/sabre-dabordage-de-pirate\/bourse-de-pirate-avec-monnaie\/#breadcrumb"},"inLanguage":"es","potentialAction":[{"@type":"ReadAction","target":["https:\/\/repliquemangacine.fr\/sabre-dabordage-de-pirate\/bourse-de-pirate-avec-monnaie\/"]}]},{"@type":"ImageObject","inLanguage":"es","@id":"https:\/\/repliquemangacine.fr\/sabre-dabordage-de-pirate\/bourse-de-pirate-avec-monnaie\/#primaryimage","url":"https:\/\/repliquemangacine.fr\/wp-content\/uploads\/2023\/10\/2225-Bourse-de-pirates-avec-monnaie.jpg","contentUrl":"https:\/\/repliquemangacine.fr\/wp-content\/uploads\/2023\/10\/2225-Bourse-de-pirates-avec-monnaie.jpg","width":600,"height":600,"caption":"Bourse de pirates avec monnaie"},{"@type":"BreadcrumbList","@id":"https:\/\/repliquemangacine.fr\/sabre-dabordage-de-pirate\/bourse-de-pirate-avec-monnaie\/#breadcrumb","itemListElement":[{"@type":"ListItem","position":1,"name":"Accueil","item":"https:\/\/repliquemangacine.fr\/"},{"@type":"ListItem","position":2,"name":"Produits","item":"https:\/\/repliquemangacine.fr\/boutique\/"},{"@type":"ListItem","position":3,"name":"Bourse de pirates avec monnaie"}]},{"@type":"WebSite","@id":"https:\/\/repliquemangacine.fr\/#website","url":"https:\/\/repliquemangacine.fr\/","name":"R\u00e9plique Manga Cin\u00e9","description":"","publisher":{"@id":"https:\/\/repliquemangacine.fr\/#organization"},"potentialAction":[{"@type":"SearchAction","target":{"@type":"EntryPoint","urlTemplate":"https:\/\/repliquemangacine.fr\/?s={search_term_string}"},"query-input":{"@type":"PropertyValueSpecification","valueRequired":true,"valueName":"search_term_string"}}],"inLanguage":"es"},{"@type":"Organization","@id":"https:\/\/repliquemangacine.fr\/#organization","name":"R\u00e9plique Manga Cin\u00e9","url":"https:\/\/repliquemangacine.fr\/","logo":{"@type":"ImageObject","inLanguage":"es","@id":"https:\/\/repliquemangacine.fr\/#\/schema\/logo\/image\/","url":"https:\/\/repliquemangacine.fr\/wp-content\/uploads\/2023\/10\/RMC-500250.png","contentUrl":"https:\/\/repliquemangacine.fr\/wp-content\/uploads\/2023\/10\/RMC-500250.png","width":500,"height":250,"caption":"R\u00e9plique Manga Cin\u00e9"},"image":{"@id":"https:\/\/repliquemangacine.fr\/#\/schema\/logo\/image\/"},"sameAs":["https:\/\/www.facebook.com\/RepliqueMangaCine","https:\/\/www.instagram.com\/repliquemangacine.fr\/"]}]}},"_links":{"self":[{"href":"https:\/\/repliquemangacine.fr\/es\/wp-json\/wp\/v2\/product\/27430","targetHints":{"allow":["GET"]}}],"collection":[{"href":"https:\/\/repliquemangacine.fr\/es\/wp-json\/wp\/v2\/product"}],"about":[{"href":"https:\/\/repliquemangacine.fr\/es\/wp-json\/wp\/v2\/types\/product"}],"wp:featuredmedia":[{"embeddable":true,"href":"https:\/\/repliquemangacine.fr\/es\/wp-json\/wp\/v2\/media\/27431"}],"wp:attachment":[{"href":"https:\/\/repliquemangacine.fr\/es\/wp-json\/wp\/v2\/media?parent=27430"}],"wp:term":[{"taxonomy":"product_brand","embeddable":true,"href":"https:\/\/repliquemangacine.fr\/es\/wp-json\/wp\/v2\/product_brand?post=27430"},{"taxonomy":"product_cat","embeddable":true,"href":"https:\/\/repliquemangacine.fr\/es\/wp-json\/wp\/v2\/product_cat?post=27430"},{"taxonomy":"product_tag","embeddable":true,"href":"https:\/\/repliquemangacine.fr\/es\/wp-json\/wp\/v2\/product_tag?post=27430"}],"curies":[{"name":"wp","href":"https:\/\/api.w.org\/{rel}","templated":true}]}}