





{"id":27425,"date":"2017-07-22T14:50:24","date_gmt":"2017-07-22T12:50:24","guid":{"rendered":"https:\/\/repliquemangacine.fr\/?post_type=product&#038;p=27425"},"modified":"2026-03-20T17:56:21","modified_gmt":"2026-03-20T16:56:21","slug":"moneda-espanola-de-100-escudos-felipe-iv-1637","status":"publish","type":"product","link":"https:\/\/repliquemangacine.fr\/es\/sabre-dabordage-de-pirate\/piece-de-100-escudos-espagnol-felipe-iv-1637\/","title":{"rendered":"Moneda de 100 escudos"},"content":{"rendered":"<h2>R\u00e9plica de la moneda de 100 escudos de Denix<\/h2>\n<p>La moneda de 100 escudos es un accesorio esencial para tu disfraz. Inventada durante el reinado de Felipe IV en 1637.<\/p>\n<p>Esta moneda espa\u00f1ola de 100 escudos de oro acu\u00f1ada en 1609 durante el reinado de Felipe III, tambi\u00e9n se acu\u00f1\u00f3 durante los reinados de Felipe IV y Carlos II, y tiene un peso de 359 gramos de oro. Durante el reinado de Isabel II se denomin\u00f3 \u00abcien\u00bb en la moneda de 100 reales.<\/p>\n<p>Los piratas intentaban (y a menudo lograban) robar valiosos cargamentos de oro, plata y otros productos del Nuevo Mundo, lo que resultaba ideal debido a la abundancia de islas donde los piratas pod\u00edan refugiarse. Esta moneda de oro era la preferida de los filibusteros.<\/p>\n<p>Los piratas que causaban estragos en el mar Caribe a veces eran llamados err\u00f3neamente bucaneros. Los piratas se distinguen de los corsarios, que son civiles que hacen la guerra en el mar con la autorizaci\u00f3n de su gobierno, seg\u00fan las leyes de la guerra, con un estatus equivalente al de los militares.<\/p>\n<p>Contrariamente a la imagen difundida por las pel\u00edculas de ficci\u00f3n, debido a su propio modo de vida, pocos piratas com\u00edan hasta saciarse o se hac\u00edan ricos, la mayor\u00eda mor\u00eda joven en combate.<\/p>\n<p>La pirater\u00eda ha sido una actividad esencialmente masculina, pero tambi\u00e9n ha habido mujeres piratas. Nombres famosos como Mary Read y Anne Bonny son conocidos por haber navegado con el pirata Jack Rackham.<\/p>\n<h3>Ofrecemos una amplia gama de r\u00e9plicas de la \u00e9poca de la pirater\u00eda<\/h3>\n<p>Lo primero y m\u00e1s importante,<\/p>\n<ul>\n<li>Le <a href=\"https:\/\/repliquemangacine.fr\/es\/armas-piratas\/sable-pirata-sable-bucanero\/\">Espada de abordaje Flibustier<\/a> es un arma blanca utilizada en la marina.<\/li>\n<li>Tambi\u00e9n existe la <a href=\"https:\/\/repliquemangacine.fr\/es\/assassins-creed\/arma-hacha-pirata-siglo-xviii\/\">Pistola Hacha Piratas<\/a>. El Gun Axe se puede encontrar en Assassin's Creed Unity: Dead Kings.<\/li>\n<li>As\u00ed como el <a href=\"https:\/\/repliquemangacine.fr\/es\/armas-piratas\/trabuco-pirata-del-siglo-xviii\/\">trabuco de pirata<\/a> del siglo XVIII, tambi\u00e9n conocido como espingole o mosquete.<\/li>\n<li>Y muchos m\u00e1s.<\/li>\n<\/ul>\n<p>Por eso es una gran idea de regalo para todos los fans de los piratas.<\/p>\n<h3>Puedes utilizar la moneda de 100 escudos para decorar tus veladas tem\u00e1ticas.<\/h3>\n<p>Ante todo, se trata de una pieza de colecci\u00f3n y decoraci\u00f3n.<\/p>\n<p>R\u00e9plique Manga Cin\u00e9 es una empresa familiar francesa, distribuidora oficial. <a href=\"https:\/\/www.denix.fr\/fr\/catalogue\/colonial-et-pirate-1492-s-xviii\/pieces-de-monnaie\/73\/\">Denix<\/a><\/p>","protected":false},"excerpt":{"rendered":"<p>Lote de 5 piezas de 100 escudos<\/p>\n<p>He aqu\u00ed una idea original de Denix para ofrecernos r\u00e9plicas de monedas espa\u00f1olas.<\/p>\n<ul>\n<li>Esta moneda de 100 Escudos de 1637 est\u00e1 fabricada \u00edntegramente en metal con un impresionante acabado de detalle.<\/li>\n<li>Grabado por ambas caras.<\/li>\n<li>En el reverso figura la cruz de cuatro l\u00f3bulos y la inscripci\u00f3n Rex Hispaniarum 1637.<\/li>\n<li>En el anverso, el escudo con la inscripci\u00f3n Felipe IV.<\/li>\n<li>Di\u00e1metro: 4 cm<\/li>\n<\/ul>","protected":false},"featured_media":27426,"template":"","meta":[],"product_brand":[896],"product_cat":[49,25,115],"product_tag":[],"class_list":{"0":"post-27425","1":"product","2":"type-product","3":"status-publish","4":"has-post-thumbnail","6":"product_brand-replique-manga-cine","7":"product_cat-armes-de-pirates","8":"product_cat-armes-historiques","9":"product_cat-sabre-dabordage-de-pirate","11":"first","12":"instock","13":"taxable","14":"shipping-taxable","15":"purchasable","16":"product-type-simple"},"yoast_head":"<!-- This site is optimized with the Yoast SEO plugin v27.4 - https:\/\/yoast.com\/product\/yoast-seo-wordpress\/ -->\n<title>Pi\u00e8ce de 100 Escudos 1637 - Pi\u00e8ce pirate - R\u00e9plique Manga Cin\u00e9<\/title>\n<meta name=\"description\" content=\"Agrandissez votre collection avec cette superbe r\u00e9plique de Pi\u00e8ce de 100 Escudos sign\u00e9 Denix. Tout en m\u00e9tal grav\u00e9e. Livraison 24\/48h - Paiement S\u00e9curis\u00e9\" \/>\n<meta name=\"robots\" content=\"index, follow, max-snippet:-1, max-image-preview:large, max-video-preview:-1\" \/>\n<link rel=\"canonical\" href=\"https:\/\/repliquemangacine.fr\/es\/espada-pirata\/moneda-espanola-de-100-escudos-felipe-iv-1637\/\" \/>\n<meta property=\"og:locale\" content=\"es_ES\" \/>\n<meta property=\"og:type\" content=\"article\" \/>\n<meta property=\"og:title\" content=\"Pi\u00e8ce de 100 Escudos 1637 - Pi\u00e8ce pirate - R\u00e9plique Manga Cin\u00e9\" \/>\n<meta property=\"og:description\" content=\"Agrandissez votre collection avec cette superbe r\u00e9plique de Pi\u00e8ce de 100 Escudos sign\u00e9 Denix. Tout en m\u00e9tal grav\u00e9e. Livraison 24\/48h - Paiement S\u00e9curis\u00e9\" \/>\n<meta property=\"og:url\" content=\"https:\/\/repliquemangacine.fr\/es\/espada-pirata\/moneda-espanola-de-100-escudos-felipe-iv-1637\/\" \/>\n<meta property=\"og:site_name\" content=\"R\u00e9plique Manga Cin\u00e9\" \/>\n<meta property=\"article:publisher\" content=\"https:\/\/www.facebook.com\/RepliqueMangaCine\" \/>\n<meta property=\"article:modified_time\" content=\"2026-03-20T16:56:21+00:00\" \/>\n<meta property=\"og:image\" content=\"https:\/\/repliquemangacine.fr\/wp-content\/uploads\/2023\/10\/2222-Replique-piece-100-escudos-Espagnol-Felipe-IV-1637.jpg\" \/>\n\t<meta property=\"og:image:width\" content=\"600\" \/>\n\t<meta property=\"og:image:height\" content=\"600\" \/>\n\t<meta property=\"og:image:type\" content=\"image\/jpeg\" \/>\n<meta name=\"twitter:card\" content=\"summary_large_image\" \/>\n<meta name=\"twitter:label1\" content=\"Tiempo de lectura\" \/>\n\t<meta name=\"twitter:data1\" content=\"3 minutos\" \/>\n<script type=\"application\/ld+json\" class=\"yoast-schema-graph\">{\"@context\":\"https:\\\/\\\/schema.org\",\"@graph\":[{\"@type\":\"WebPage\",\"@id\":\"https:\\\/\\\/repliquemangacine.fr\\\/sabre-dabordage-de-pirate\\\/piece-de-100-escudos-espagnol-felipe-iv-1637\\\/\",\"url\":\"https:\\\/\\\/repliquemangacine.fr\\\/sabre-dabordage-de-pirate\\\/piece-de-100-escudos-espagnol-felipe-iv-1637\\\/\",\"name\":\"Pi\u00e8ce de 100 Escudos 1637 - Pi\u00e8ce pirate - R\u00e9plique Manga Cin\u00e9\",\"isPartOf\":{\"@id\":\"https:\\\/\\\/repliquemangacine.fr\\\/#website\"},\"primaryImageOfPage\":{\"@id\":\"https:\\\/\\\/repliquemangacine.fr\\\/sabre-dabordage-de-pirate\\\/piece-de-100-escudos-espagnol-felipe-iv-1637\\\/#primaryimage\"},\"image\":{\"@id\":\"https:\\\/\\\/repliquemangacine.fr\\\/sabre-dabordage-de-pirate\\\/piece-de-100-escudos-espagnol-felipe-iv-1637\\\/#primaryimage\"},\"thumbnailUrl\":\"https:\\\/\\\/repliquemangacine.fr\\\/wp-content\\\/uploads\\\/2023\\\/10\\\/2222-Replique-piece-100-escudos-Espagnol-Felipe-IV-1637.jpg\",\"datePublished\":\"2017-07-22T12:50:24+00:00\",\"dateModified\":\"2026-03-20T16:56:21+00:00\",\"description\":\"Agrandissez votre collection avec cette superbe r\u00e9plique de Pi\u00e8ce de 100 Escudos sign\u00e9 Denix. Tout en m\u00e9tal grav\u00e9e. Livraison 24\\\/48h - Paiement S\u00e9curis\u00e9\",\"breadcrumb\":{\"@id\":\"https:\\\/\\\/repliquemangacine.fr\\\/sabre-dabordage-de-pirate\\\/piece-de-100-escudos-espagnol-felipe-iv-1637\\\/#breadcrumb\"},\"inLanguage\":\"es\",\"potentialAction\":[{\"@type\":\"ReadAction\",\"target\":[\"https:\\\/\\\/repliquemangacine.fr\\\/sabre-dabordage-de-pirate\\\/piece-de-100-escudos-espagnol-felipe-iv-1637\\\/\"]}]},{\"@type\":\"ImageObject\",\"inLanguage\":\"es\",\"@id\":\"https:\\\/\\\/repliquemangacine.fr\\\/sabre-dabordage-de-pirate\\\/piece-de-100-escudos-espagnol-felipe-iv-1637\\\/#primaryimage\",\"url\":\"https:\\\/\\\/repliquemangacine.fr\\\/wp-content\\\/uploads\\\/2023\\\/10\\\/2222-Replique-piece-100-escudos-Espagnol-Felipe-IV-1637.jpg\",\"contentUrl\":\"https:\\\/\\\/repliquemangacine.fr\\\/wp-content\\\/uploads\\\/2023\\\/10\\\/2222-Replique-piece-100-escudos-Espagnol-Felipe-IV-1637.jpg\",\"width\":600,\"height\":600,\"caption\":\"Pi\u00e8ce de 100 Escudos Espagnol Felipe IV, 1637\"},{\"@type\":\"BreadcrumbList\",\"@id\":\"https:\\\/\\\/repliquemangacine.fr\\\/sabre-dabordage-de-pirate\\\/piece-de-100-escudos-espagnol-felipe-iv-1637\\\/#breadcrumb\",\"itemListElement\":[{\"@type\":\"ListItem\",\"position\":1,\"name\":\"Accueil\",\"item\":\"https:\\\/\\\/repliquemangacine.fr\\\/\"},{\"@type\":\"ListItem\",\"position\":2,\"name\":\"Produits\",\"item\":\"https:\\\/\\\/repliquemangacine.fr\\\/boutique\\\/\"},{\"@type\":\"ListItem\",\"position\":3,\"name\":\"Pi\u00e8ce de 100 Escudos\"}]},{\"@type\":\"WebSite\",\"@id\":\"https:\\\/\\\/repliquemangacine.fr\\\/#website\",\"url\":\"https:\\\/\\\/repliquemangacine.fr\\\/\",\"name\":\"R\u00e9plique Manga Cin\u00e9\",\"description\":\"\",\"publisher\":{\"@id\":\"https:\\\/\\\/repliquemangacine.fr\\\/#organization\"},\"potentialAction\":[{\"@type\":\"SearchAction\",\"target\":{\"@type\":\"EntryPoint\",\"urlTemplate\":\"https:\\\/\\\/repliquemangacine.fr\\\/?s={search_term_string}\"},\"query-input\":{\"@type\":\"PropertyValueSpecification\",\"valueRequired\":true,\"valueName\":\"search_term_string\"}}],\"inLanguage\":\"es\"},{\"@type\":\"Organization\",\"@id\":\"https:\\\/\\\/repliquemangacine.fr\\\/#organization\",\"name\":\"R\u00e9plique Manga Cin\u00e9\",\"url\":\"https:\\\/\\\/repliquemangacine.fr\\\/\",\"logo\":{\"@type\":\"ImageObject\",\"inLanguage\":\"es\",\"@id\":\"https:\\\/\\\/repliquemangacine.fr\\\/#\\\/schema\\\/logo\\\/image\\\/\",\"url\":\"https:\\\/\\\/repliquemangacine.fr\\\/wp-content\\\/uploads\\\/2023\\\/10\\\/RMC-500250.png\",\"contentUrl\":\"https:\\\/\\\/repliquemangacine.fr\\\/wp-content\\\/uploads\\\/2023\\\/10\\\/RMC-500250.png\",\"width\":500,\"height\":250,\"caption\":\"R\u00e9plique Manga Cin\u00e9\"},\"image\":{\"@id\":\"https:\\\/\\\/repliquemangacine.fr\\\/#\\\/schema\\\/logo\\\/image\\\/\"},\"sameAs\":[\"https:\\\/\\\/www.facebook.com\\\/RepliqueMangaCine\",\"https:\\\/\\\/www.instagram.com\\\/repliquemangacine.fr\\\/\"]}]}<\/script>\n<!-- \/ Yoast SEO plugin. -->","yoast_head_json":{"title":"Moneda de 100 Escudos 1637 - Moneda pirata - R\u00e9plique Manga Cin\u00e9","description":"Ampl\u00ede su colecci\u00f3n con esta magn\u00edfica r\u00e9plica de moneda de 100 escudos de Denix. Todo metal grabado. Entrega en 24\/48h - Pago seguro","robots":{"index":"index","follow":"follow","max-snippet":"max-snippet:-1","max-image-preview":"max-image-preview:large","max-video-preview":"max-video-preview:-1"},"canonical":"https:\/\/repliquemangacine.fr\/es\/espada-pirata\/moneda-espanola-de-100-escudos-felipe-iv-1637\/","og_locale":"es_ES","og_type":"article","og_title":"Pi\u00e8ce de 100 Escudos 1637 - Pi\u00e8ce pirate - R\u00e9plique Manga Cin\u00e9","og_description":"Agrandissez votre collection avec cette superbe r\u00e9plique de Pi\u00e8ce de 100 Escudos sign\u00e9 Denix. Tout en m\u00e9tal grav\u00e9e. Livraison 24\/48h - Paiement S\u00e9curis\u00e9","og_url":"https:\/\/repliquemangacine.fr\/es\/espada-pirata\/moneda-espanola-de-100-escudos-felipe-iv-1637\/","og_site_name":"R\u00e9plique Manga Cin\u00e9","article_publisher":"https:\/\/www.facebook.com\/RepliqueMangaCine","article_modified_time":"2026-03-20T16:56:21+00:00","og_image":[{"width":600,"height":600,"url":"https:\/\/repliquemangacine.fr\/wp-content\/uploads\/2023\/10\/2222-Replique-piece-100-escudos-Espagnol-Felipe-IV-1637.jpg","type":"image\/jpeg"}],"twitter_card":"summary_large_image","twitter_misc":{"Tiempo de lectura":"3 minutos"},"schema":{"@context":"https:\/\/schema.org","@graph":[{"@type":"WebPage","@id":"https:\/\/repliquemangacine.fr\/sabre-dabordage-de-pirate\/piece-de-100-escudos-espagnol-felipe-iv-1637\/","url":"https:\/\/repliquemangacine.fr\/sabre-dabordage-de-pirate\/piece-de-100-escudos-espagnol-felipe-iv-1637\/","name":"Moneda de 100 Escudos 1637 - Moneda pirata - R\u00e9plique Manga Cin\u00e9","isPartOf":{"@id":"https:\/\/repliquemangacine.fr\/#website"},"primaryImageOfPage":{"@id":"https:\/\/repliquemangacine.fr\/sabre-dabordage-de-pirate\/piece-de-100-escudos-espagnol-felipe-iv-1637\/#primaryimage"},"image":{"@id":"https:\/\/repliquemangacine.fr\/sabre-dabordage-de-pirate\/piece-de-100-escudos-espagnol-felipe-iv-1637\/#primaryimage"},"thumbnailUrl":"https:\/\/repliquemangacine.fr\/wp-content\/uploads\/2023\/10\/2222-Replique-piece-100-escudos-Espagnol-Felipe-IV-1637.jpg","datePublished":"2017-07-22T12:50:24+00:00","dateModified":"2026-03-20T16:56:21+00:00","description":"Ampl\u00ede su colecci\u00f3n con esta magn\u00edfica r\u00e9plica de moneda de 100 escudos de Denix. Todo metal grabado. Entrega en 24\/48h - Pago seguro","breadcrumb":{"@id":"https:\/\/repliquemangacine.fr\/sabre-dabordage-de-pirate\/piece-de-100-escudos-espagnol-felipe-iv-1637\/#breadcrumb"},"inLanguage":"es","potentialAction":[{"@type":"ReadAction","target":["https:\/\/repliquemangacine.fr\/sabre-dabordage-de-pirate\/piece-de-100-escudos-espagnol-felipe-iv-1637\/"]}]},{"@type":"ImageObject","inLanguage":"es","@id":"https:\/\/repliquemangacine.fr\/sabre-dabordage-de-pirate\/piece-de-100-escudos-espagnol-felipe-iv-1637\/#primaryimage","url":"https:\/\/repliquemangacine.fr\/wp-content\/uploads\/2023\/10\/2222-Replique-piece-100-escudos-Espagnol-Felipe-IV-1637.jpg","contentUrl":"https:\/\/repliquemangacine.fr\/wp-content\/uploads\/2023\/10\/2222-Replique-piece-100-escudos-Espagnol-Felipe-IV-1637.jpg","width":600,"height":600,"caption":"Pi\u00e8ce de 100 Escudos Espagnol Felipe IV, 1637"},{"@type":"BreadcrumbList","@id":"https:\/\/repliquemangacine.fr\/sabre-dabordage-de-pirate\/piece-de-100-escudos-espagnol-felipe-iv-1637\/#breadcrumb","itemListElement":[{"@type":"ListItem","position":1,"name":"Accueil","item":"https:\/\/repliquemangacine.fr\/"},{"@type":"ListItem","position":2,"name":"Produits","item":"https:\/\/repliquemangacine.fr\/boutique\/"},{"@type":"ListItem","position":3,"name":"Pi\u00e8ce de 100 Escudos"}]},{"@type":"WebSite","@id":"https:\/\/repliquemangacine.fr\/#website","url":"https:\/\/repliquemangacine.fr\/","name":"R\u00e9plique Manga Cin\u00e9","description":"","publisher":{"@id":"https:\/\/repliquemangacine.fr\/#organization"},"potentialAction":[{"@type":"SearchAction","target":{"@type":"EntryPoint","urlTemplate":"https:\/\/repliquemangacine.fr\/?s={search_term_string}"},"query-input":{"@type":"PropertyValueSpecification","valueRequired":true,"valueName":"search_term_string"}}],"inLanguage":"es"},{"@type":"Organization","@id":"https:\/\/repliquemangacine.fr\/#organization","name":"R\u00e9plique Manga Cin\u00e9","url":"https:\/\/repliquemangacine.fr\/","logo":{"@type":"ImageObject","inLanguage":"es","@id":"https:\/\/repliquemangacine.fr\/#\/schema\/logo\/image\/","url":"https:\/\/repliquemangacine.fr\/wp-content\/uploads\/2023\/10\/RMC-500250.png","contentUrl":"https:\/\/repliquemangacine.fr\/wp-content\/uploads\/2023\/10\/RMC-500250.png","width":500,"height":250,"caption":"R\u00e9plique Manga Cin\u00e9"},"image":{"@id":"https:\/\/repliquemangacine.fr\/#\/schema\/logo\/image\/"},"sameAs":["https:\/\/www.facebook.com\/RepliqueMangaCine","https:\/\/www.instagram.com\/repliquemangacine.fr\/"]}]}},"_links":{"self":[{"href":"https:\/\/repliquemangacine.fr\/es\/wp-json\/wp\/v2\/product\/27425","targetHints":{"allow":["GET"]}}],"collection":[{"href":"https:\/\/repliquemangacine.fr\/es\/wp-json\/wp\/v2\/product"}],"about":[{"href":"https:\/\/repliquemangacine.fr\/es\/wp-json\/wp\/v2\/types\/product"}],"wp:featuredmedia":[{"embeddable":true,"href":"https:\/\/repliquemangacine.fr\/es\/wp-json\/wp\/v2\/media\/27426"}],"wp:attachment":[{"href":"https:\/\/repliquemangacine.fr\/es\/wp-json\/wp\/v2\/media?parent=27425"}],"wp:term":[{"taxonomy":"product_brand","embeddable":true,"href":"https:\/\/repliquemangacine.fr\/es\/wp-json\/wp\/v2\/product_brand?post=27425"},{"taxonomy":"product_cat","embeddable":true,"href":"https:\/\/repliquemangacine.fr\/es\/wp-json\/wp\/v2\/product_cat?post=27425"},{"taxonomy":"product_tag","embeddable":true,"href":"https:\/\/repliquemangacine.fr\/es\/wp-json\/wp\/v2\/product_tag?post=27425"}],"curies":[{"name":"wp","href":"https:\/\/api.w.org\/{rel}","templated":true}]}}