





{"id":27422,"date":"2017-07-22T13:51:12","date_gmt":"2017-07-22T11:51:12","guid":{"rendered":"https:\/\/repliquemangacine.fr\/?post_type=product&#038;p=27422"},"modified":"2026-04-15T13:05:42","modified_gmt":"2026-04-15T11:05:42","slug":"forro-de-oro-2-5cm-felipe-ii-1556-1598","status":"publish","type":"product","link":"https:\/\/repliquemangacine.fr\/es\/sabre-dabordage-de-pirate\/piece-doublon-dor-2-5cm-felipe-ii-1556-1598\/","title":{"rendered":"Moneda de oro doble 2,5 cm"},"content":{"rendered":"<h2>R\u00e9plica de moneda doble de oro de 2,5 cm<\/h2>\n<p>La moneda de oro de 2,5 cm es un accesorio esencial para tu disfraz. Inventadas en Sevilla durante el reinado de Felipe II entre 1556 y 1598, las monedas de oro fueron moneda de curso legal en Espa\u00f1a hasta mediados del siglo XIX.<\/p>\n<p>El dobl\u00f3n (tambi\u00e9n llamado excelente) era una moneda de oro espa\u00f1ola que equival\u00eda a dos escudos o 32 reales, y pesaba 6,77 gramos. El t\u00e9rmino \u201cdobl\u00f3n\u201d se utiliz\u00f3 inicialmente para describir el oro excelente, tal vez porque val\u00eda dos ducados o el doble retrato de los Reyes Cat\u00f3licos Fernando e Isabel.<\/p>\n<p>Los piratas intentaban (y a menudo lograban) robar valiosos cargamentos de oro, plata y otros productos del Nuevo Mundo, lo que resultaba ideal debido a la abundancia de islas donde los piratas pod\u00edan refugiarse. Esta moneda de oro era la preferida de los filibusteros.<\/p>\n<p>Los piratas que causaban estragos en el mar Caribe a veces eran llamados err\u00f3neamente bucaneros. Los piratas se distinguen de los corsarios, que son civiles que hacen la guerra en el mar con la autorizaci\u00f3n de su gobierno, seg\u00fan las leyes de la guerra, con un estatus equivalente al de los militares.<\/p>\n<p>Contrariamente a la imagen difundida por las pel\u00edculas de ficci\u00f3n, debido a su propio modo de vida, pocos piratas com\u00edan hasta saciarse o se hac\u00edan ricos, la mayor\u00eda mor\u00eda joven en combate.<\/p>\n<p>La pirater\u00eda ha sido una actividad esencialmente masculina, pero tambi\u00e9n ha habido mujeres piratas. Nombres famosos como Mary Read y Anne Bonny son conocidos por haber navegado con el pirata Jack Rackham.<\/p>\n<h3>Ofrecemos una amplia gama de r\u00e9plicas de la \u00e9poca de la pirater\u00eda<\/h3>\n<p>Lo primero y m\u00e1s importante,<\/p>\n<ul>\n<li>Le <a href=\"https:\/\/repliquemangacine.fr\/es\/armas-piratas\/pirata-abordaje-espada-sable-olla-cuchara\/\">Espada de abordaje<\/a> dite cuill\u00e8re \u00e0 pot es un arma blanca utilizada en la marina.<\/li>\n<li>Tambi\u00e9n existe la <a href=\"https:\/\/repliquemangacine.fr\/es\/assassins-creed\/edward-kenway-pistola-italiana-de-chispa-assassin-s-creed-iv\/\">Arma pirata<\/a> de Edward Kenway en Assassin's Creed Black flag<\/li>\n<li>As\u00ed como el <a href=\"https:\/\/repliquemangacine.fr\/es\/armas-piratas\/monedero-pirata-con-monedas\/\">bolso pirata<\/a> cuero, para llenarlo con sus forros<\/li>\n<li>Y muchos m\u00e1s.<\/li>\n<\/ul>\n<p>Por eso es una gran idea de regalo para todos los fans de los piratas.<\/p>\n<h3>Puede utilizar la moneda de oro doble de 2,5 cm para sus veladas tem\u00e1ticas.<\/h3>\n<p>Ante todo, se trata de una pieza de colecci\u00f3n y decoraci\u00f3n.<\/p>\n<p>R\u00e9plique Manga Cin\u00e9 es una empresa familiar francesa, distribuidora oficial. <a href=\"https:\/\/www.denix.fr\/fr\/catalogue\/colonial-et-pirate-1492-s-xviii\/pieces-de-monnaie\/70\/\">Denix<\/a><\/p>","protected":false},"excerpt":{"rendered":"<p>Juego de 5 monedas de oro.<\/p>\n<p>He aqu\u00ed una idea original de Denix para ofrecernos r\u00e9plicas de monedas espa\u00f1olas.<\/p>\n<ul>\n<li>Esta moneda de 2 Escudos (Doublon) est\u00e1 fabricada \u00edntegramente en metal chapado en oro con un impresionante acabado de detalle.<\/li>\n<li>Grabado por ambas caras.<\/li>\n<li>El reverso presenta una cruz de cuatro l\u00f3bulos y leones.<\/li>\n<li>Di\u00e1metro: 2,5cm - Peso: 6grs<\/li>\n<\/ul>","protected":false},"featured_media":27423,"template":"","meta":[],"product_brand":[896],"product_cat":[49,25,115],"product_tag":[],"class_list":{"0":"post-27422","1":"product","2":"type-product","3":"status-publish","4":"has-post-thumbnail","6":"product_brand-replique-manga-cine","7":"product_cat-armes-de-pirates","8":"product_cat-armes-historiques","9":"product_cat-sabre-dabordage-de-pirate","11":"first","12":"instock","13":"taxable","14":"shipping-taxable","15":"purchasable","16":"product-type-simple"},"yoast_head":"<!-- This site is optimized with the Yoast SEO plugin v27.4 - https:\/\/yoast.com\/product\/yoast-seo-wordpress\/ -->\n<title>Pi\u00e8ce Doublon d&#039;Or 2.5cm<\/title>\n<meta name=\"description\" content=\"Partez \u00e0 la d\u00e9couverte du tr\u00e9sor avec cette superbe r\u00e9plique de Pi\u00e8ce Doublon d&#039;Or 2.5cm sign\u00e9 Denix. Tout en m\u00e9tal dor\u00e9 avec gravures. Envoi en 24\/48h\" \/>\n<meta name=\"robots\" content=\"index, follow, max-snippet:-1, max-image-preview:large, max-video-preview:-1\" \/>\n<link rel=\"canonical\" href=\"https:\/\/repliquemangacine.fr\/es\/espada-pirata\/forro-de-oro-2-5cm-felipe-ii-1556-1598\/\" \/>\n<meta property=\"og:locale\" content=\"es_ES\" \/>\n<meta property=\"og:type\" content=\"article\" \/>\n<meta property=\"og:title\" content=\"Pi\u00e8ce Doublon d&#039;Or 2.5cm\" \/>\n<meta property=\"og:description\" content=\"Partez \u00e0 la d\u00e9couverte du tr\u00e9sor avec cette superbe r\u00e9plique de Pi\u00e8ce Doublon d&#039;Or 2.5cm sign\u00e9 Denix. Tout en m\u00e9tal dor\u00e9 avec gravures. Envoi en 24\/48h\" \/>\n<meta property=\"og:url\" content=\"https:\/\/repliquemangacine.fr\/es\/espada-pirata\/forro-de-oro-2-5cm-felipe-ii-1556-1598\/\" \/>\n<meta property=\"og:site_name\" content=\"R\u00e9plique Manga Cin\u00e9\" \/>\n<meta property=\"article:publisher\" content=\"https:\/\/www.facebook.com\/RepliqueMangaCine\" \/>\n<meta property=\"article:modified_time\" content=\"2026-04-15T11:05:42+00:00\" \/>\n<meta property=\"og:image\" content=\"https:\/\/repliquemangacine.fr\/wp-content\/uploads\/2023\/10\/2219-Piece-de-2-escudos-Doublon-dor-Felipe-II-1556-1598.jpg\" \/>\n\t<meta property=\"og:image:width\" content=\"600\" \/>\n\t<meta property=\"og:image:height\" content=\"600\" \/>\n\t<meta property=\"og:image:type\" content=\"image\/jpeg\" \/>\n<meta name=\"twitter:card\" content=\"summary_large_image\" \/>\n<meta name=\"twitter:label1\" content=\"Tiempo de lectura\" \/>\n\t<meta name=\"twitter:data1\" content=\"2 minutos\" \/>\n<script type=\"application\/ld+json\" class=\"yoast-schema-graph\">{\"@context\":\"https:\\\/\\\/schema.org\",\"@graph\":[{\"@type\":\"WebPage\",\"@id\":\"https:\\\/\\\/repliquemangacine.fr\\\/sabre-dabordage-de-pirate\\\/piece-doublon-dor-2-5cm-felipe-ii-1556-1598\\\/\",\"url\":\"https:\\\/\\\/repliquemangacine.fr\\\/sabre-dabordage-de-pirate\\\/piece-doublon-dor-2-5cm-felipe-ii-1556-1598\\\/\",\"name\":\"Pi\u00e8ce Doublon d'Or 2.5cm\",\"isPartOf\":{\"@id\":\"https:\\\/\\\/repliquemangacine.fr\\\/#website\"},\"primaryImageOfPage\":{\"@id\":\"https:\\\/\\\/repliquemangacine.fr\\\/sabre-dabordage-de-pirate\\\/piece-doublon-dor-2-5cm-felipe-ii-1556-1598\\\/#primaryimage\"},\"image\":{\"@id\":\"https:\\\/\\\/repliquemangacine.fr\\\/sabre-dabordage-de-pirate\\\/piece-doublon-dor-2-5cm-felipe-ii-1556-1598\\\/#primaryimage\"},\"thumbnailUrl\":\"https:\\\/\\\/repliquemangacine.fr\\\/wp-content\\\/uploads\\\/2023\\\/10\\\/2219-Piece-de-2-escudos-Doublon-dor-Felipe-II-1556-1598.jpg\",\"datePublished\":\"2017-07-22T11:51:12+00:00\",\"dateModified\":\"2026-04-15T11:05:42+00:00\",\"description\":\"Partez \u00e0 la d\u00e9couverte du tr\u00e9sor avec cette superbe r\u00e9plique de Pi\u00e8ce Doublon d'Or 2.5cm sign\u00e9 Denix. Tout en m\u00e9tal dor\u00e9 avec gravures. Envoi en 24\\\/48h\",\"breadcrumb\":{\"@id\":\"https:\\\/\\\/repliquemangacine.fr\\\/sabre-dabordage-de-pirate\\\/piece-doublon-dor-2-5cm-felipe-ii-1556-1598\\\/#breadcrumb\"},\"inLanguage\":\"es\",\"potentialAction\":[{\"@type\":\"ReadAction\",\"target\":[\"https:\\\/\\\/repliquemangacine.fr\\\/sabre-dabordage-de-pirate\\\/piece-doublon-dor-2-5cm-felipe-ii-1556-1598\\\/\"]}]},{\"@type\":\"ImageObject\",\"inLanguage\":\"es\",\"@id\":\"https:\\\/\\\/repliquemangacine.fr\\\/sabre-dabordage-de-pirate\\\/piece-doublon-dor-2-5cm-felipe-ii-1556-1598\\\/#primaryimage\",\"url\":\"https:\\\/\\\/repliquemangacine.fr\\\/wp-content\\\/uploads\\\/2023\\\/10\\\/2219-Piece-de-2-escudos-Doublon-dor-Felipe-II-1556-1598.jpg\",\"contentUrl\":\"https:\\\/\\\/repliquemangacine.fr\\\/wp-content\\\/uploads\\\/2023\\\/10\\\/2219-Piece-de-2-escudos-Doublon-dor-Felipe-II-1556-1598.jpg\",\"width\":600,\"height\":600,\"caption\":\"Pi\u00e8ce Doublon d'Or 2.5cm espagnole\"},{\"@type\":\"BreadcrumbList\",\"@id\":\"https:\\\/\\\/repliquemangacine.fr\\\/sabre-dabordage-de-pirate\\\/piece-doublon-dor-2-5cm-felipe-ii-1556-1598\\\/#breadcrumb\",\"itemListElement\":[{\"@type\":\"ListItem\",\"position\":1,\"name\":\"Accueil\",\"item\":\"https:\\\/\\\/repliquemangacine.fr\\\/\"},{\"@type\":\"ListItem\",\"position\":2,\"name\":\"Produits\",\"item\":\"https:\\\/\\\/repliquemangacine.fr\\\/boutique\\\/\"},{\"@type\":\"ListItem\",\"position\":3,\"name\":\"Pi\u00e8ce Doublon d&#8217;Or 2.5cm\"}]},{\"@type\":\"WebSite\",\"@id\":\"https:\\\/\\\/repliquemangacine.fr\\\/#website\",\"url\":\"https:\\\/\\\/repliquemangacine.fr\\\/\",\"name\":\"R\u00e9plique Manga Cin\u00e9\",\"description\":\"\",\"publisher\":{\"@id\":\"https:\\\/\\\/repliquemangacine.fr\\\/#organization\"},\"potentialAction\":[{\"@type\":\"SearchAction\",\"target\":{\"@type\":\"EntryPoint\",\"urlTemplate\":\"https:\\\/\\\/repliquemangacine.fr\\\/?s={search_term_string}\"},\"query-input\":{\"@type\":\"PropertyValueSpecification\",\"valueRequired\":true,\"valueName\":\"search_term_string\"}}],\"inLanguage\":\"es\"},{\"@type\":\"Organization\",\"@id\":\"https:\\\/\\\/repliquemangacine.fr\\\/#organization\",\"name\":\"R\u00e9plique Manga Cin\u00e9\",\"url\":\"https:\\\/\\\/repliquemangacine.fr\\\/\",\"logo\":{\"@type\":\"ImageObject\",\"inLanguage\":\"es\",\"@id\":\"https:\\\/\\\/repliquemangacine.fr\\\/#\\\/schema\\\/logo\\\/image\\\/\",\"url\":\"https:\\\/\\\/repliquemangacine.fr\\\/wp-content\\\/uploads\\\/2023\\\/10\\\/RMC-500250.png\",\"contentUrl\":\"https:\\\/\\\/repliquemangacine.fr\\\/wp-content\\\/uploads\\\/2023\\\/10\\\/RMC-500250.png\",\"width\":500,\"height\":250,\"caption\":\"R\u00e9plique Manga Cin\u00e9\"},\"image\":{\"@id\":\"https:\\\/\\\/repliquemangacine.fr\\\/#\\\/schema\\\/logo\\\/image\\\/\"},\"sameAs\":[\"https:\\\/\\\/www.facebook.com\\\/RepliqueMangaCine\",\"https:\\\/\\\/www.instagram.com\\\/repliquemangacine.fr\\\/\"]}]}<\/script>\n<!-- \/ Yoast SEO plugin. -->","yoast_head_json":{"title":"Moneda de oro doble 2,5 cm","description":"L\u00e1nzate a la caza del tesoro con esta magn\u00edfica r\u00e9plica de 2,5 cm de la moneda doble de oro de Denix. Todo en metal dorado con grabados. Entrega en 24\/48 horas.","robots":{"index":"index","follow":"follow","max-snippet":"max-snippet:-1","max-image-preview":"max-image-preview:large","max-video-preview":"max-video-preview:-1"},"canonical":"https:\/\/repliquemangacine.fr\/es\/espada-pirata\/forro-de-oro-2-5cm-felipe-ii-1556-1598\/","og_locale":"es_ES","og_type":"article","og_title":"Pi\u00e8ce Doublon d'Or 2.5cm","og_description":"Partez \u00e0 la d\u00e9couverte du tr\u00e9sor avec cette superbe r\u00e9plique de Pi\u00e8ce Doublon d'Or 2.5cm sign\u00e9 Denix. Tout en m\u00e9tal dor\u00e9 avec gravures. Envoi en 24\/48h","og_url":"https:\/\/repliquemangacine.fr\/es\/espada-pirata\/forro-de-oro-2-5cm-felipe-ii-1556-1598\/","og_site_name":"R\u00e9plique Manga Cin\u00e9","article_publisher":"https:\/\/www.facebook.com\/RepliqueMangaCine","article_modified_time":"2026-04-15T11:05:42+00:00","og_image":[{"width":600,"height":600,"url":"https:\/\/repliquemangacine.fr\/wp-content\/uploads\/2023\/10\/2219-Piece-de-2-escudos-Doublon-dor-Felipe-II-1556-1598.jpg","type":"image\/jpeg"}],"twitter_card":"summary_large_image","twitter_misc":{"Tiempo de lectura":"2 minutos"},"schema":{"@context":"https:\/\/schema.org","@graph":[{"@type":"WebPage","@id":"https:\/\/repliquemangacine.fr\/sabre-dabordage-de-pirate\/piece-doublon-dor-2-5cm-felipe-ii-1556-1598\/","url":"https:\/\/repliquemangacine.fr\/sabre-dabordage-de-pirate\/piece-doublon-dor-2-5cm-felipe-ii-1556-1598\/","name":"Moneda de oro doble 2,5 cm","isPartOf":{"@id":"https:\/\/repliquemangacine.fr\/#website"},"primaryImageOfPage":{"@id":"https:\/\/repliquemangacine.fr\/sabre-dabordage-de-pirate\/piece-doublon-dor-2-5cm-felipe-ii-1556-1598\/#primaryimage"},"image":{"@id":"https:\/\/repliquemangacine.fr\/sabre-dabordage-de-pirate\/piece-doublon-dor-2-5cm-felipe-ii-1556-1598\/#primaryimage"},"thumbnailUrl":"https:\/\/repliquemangacine.fr\/wp-content\/uploads\/2023\/10\/2219-Piece-de-2-escudos-Doublon-dor-Felipe-II-1556-1598.jpg","datePublished":"2017-07-22T11:51:12+00:00","dateModified":"2026-04-15T11:05:42+00:00","description":"L\u00e1nzate a la caza del tesoro con esta magn\u00edfica r\u00e9plica de 2,5 cm de la moneda doble de oro de Denix. Todo en metal dorado con grabados. Entrega en 24\/48 horas.","breadcrumb":{"@id":"https:\/\/repliquemangacine.fr\/sabre-dabordage-de-pirate\/piece-doublon-dor-2-5cm-felipe-ii-1556-1598\/#breadcrumb"},"inLanguage":"es","potentialAction":[{"@type":"ReadAction","target":["https:\/\/repliquemangacine.fr\/sabre-dabordage-de-pirate\/piece-doublon-dor-2-5cm-felipe-ii-1556-1598\/"]}]},{"@type":"ImageObject","inLanguage":"es","@id":"https:\/\/repliquemangacine.fr\/sabre-dabordage-de-pirate\/piece-doublon-dor-2-5cm-felipe-ii-1556-1598\/#primaryimage","url":"https:\/\/repliquemangacine.fr\/wp-content\/uploads\/2023\/10\/2219-Piece-de-2-escudos-Doublon-dor-Felipe-II-1556-1598.jpg","contentUrl":"https:\/\/repliquemangacine.fr\/wp-content\/uploads\/2023\/10\/2219-Piece-de-2-escudos-Doublon-dor-Felipe-II-1556-1598.jpg","width":600,"height":600,"caption":"Pi\u00e8ce Doublon d'Or 2.5cm espagnole"},{"@type":"BreadcrumbList","@id":"https:\/\/repliquemangacine.fr\/sabre-dabordage-de-pirate\/piece-doublon-dor-2-5cm-felipe-ii-1556-1598\/#breadcrumb","itemListElement":[{"@type":"ListItem","position":1,"name":"Accueil","item":"https:\/\/repliquemangacine.fr\/"},{"@type":"ListItem","position":2,"name":"Produits","item":"https:\/\/repliquemangacine.fr\/boutique\/"},{"@type":"ListItem","position":3,"name":"Pi\u00e8ce Doublon d&#8217;Or 2.5cm"}]},{"@type":"WebSite","@id":"https:\/\/repliquemangacine.fr\/#website","url":"https:\/\/repliquemangacine.fr\/","name":"R\u00e9plique Manga Cin\u00e9","description":"","publisher":{"@id":"https:\/\/repliquemangacine.fr\/#organization"},"potentialAction":[{"@type":"SearchAction","target":{"@type":"EntryPoint","urlTemplate":"https:\/\/repliquemangacine.fr\/?s={search_term_string}"},"query-input":{"@type":"PropertyValueSpecification","valueRequired":true,"valueName":"search_term_string"}}],"inLanguage":"es"},{"@type":"Organization","@id":"https:\/\/repliquemangacine.fr\/#organization","name":"R\u00e9plique Manga Cin\u00e9","url":"https:\/\/repliquemangacine.fr\/","logo":{"@type":"ImageObject","inLanguage":"es","@id":"https:\/\/repliquemangacine.fr\/#\/schema\/logo\/image\/","url":"https:\/\/repliquemangacine.fr\/wp-content\/uploads\/2023\/10\/RMC-500250.png","contentUrl":"https:\/\/repliquemangacine.fr\/wp-content\/uploads\/2023\/10\/RMC-500250.png","width":500,"height":250,"caption":"R\u00e9plique Manga Cin\u00e9"},"image":{"@id":"https:\/\/repliquemangacine.fr\/#\/schema\/logo\/image\/"},"sameAs":["https:\/\/www.facebook.com\/RepliqueMangaCine","https:\/\/www.instagram.com\/repliquemangacine.fr\/"]}]}},"_links":{"self":[{"href":"https:\/\/repliquemangacine.fr\/es\/wp-json\/wp\/v2\/product\/27422","targetHints":{"allow":["GET"]}}],"collection":[{"href":"https:\/\/repliquemangacine.fr\/es\/wp-json\/wp\/v2\/product"}],"about":[{"href":"https:\/\/repliquemangacine.fr\/es\/wp-json\/wp\/v2\/types\/product"}],"wp:featuredmedia":[{"embeddable":true,"href":"https:\/\/repliquemangacine.fr\/es\/wp-json\/wp\/v2\/media\/27423"}],"wp:attachment":[{"href":"https:\/\/repliquemangacine.fr\/es\/wp-json\/wp\/v2\/media?parent=27422"}],"wp:term":[{"taxonomy":"product_brand","embeddable":true,"href":"https:\/\/repliquemangacine.fr\/es\/wp-json\/wp\/v2\/product_brand?post=27422"},{"taxonomy":"product_cat","embeddable":true,"href":"https:\/\/repliquemangacine.fr\/es\/wp-json\/wp\/v2\/product_cat?post=27422"},{"taxonomy":"product_tag","embeddable":true,"href":"https:\/\/repliquemangacine.fr\/es\/wp-json\/wp\/v2\/product_tag?post=27422"}],"curies":[{"name":"wp","href":"https:\/\/api.w.org\/{rel}","templated":true}]}}