





{"id":27418,"date":"2017-07-22T12:58:53","date_gmt":"2017-07-22T10:58:53","guid":{"rendered":"https:\/\/repliquemangacine.fr\/?post_type=product&#038;p=27418"},"modified":"2026-03-20T12:05:22","modified_gmt":"2026-03-20T11:05:22","slug":"forro-dorado-pieza-3cm","status":"publish","type":"product","link":"https:\/\/repliquemangacine.fr\/es\/sabre-dabordage-de-pirate\/piece-doublon-dor-3cm\/","title":{"rendered":"Moneda de oro doble 3cm"},"content":{"rendered":"<h2>R\u00e9plica de la moneda de oro doble de 3 cm.<\/h2>\n<p>La moneda de oro de 3 cm es un accesorio esencial para tu disfraz. Inventadas en Sevilla durante el reinado de Felipe II entre 1556 y 1598, las monedas de oro fueron moneda de curso legal en Espa\u00f1a hasta mediados del siglo XIX.<\/p>\n<p>El dobl\u00f3n (tambi\u00e9n llamado excelente) era una moneda de oro espa\u00f1ola que equival\u00eda a dos escudos o 32 reales, y pesaba 6,77 gramos. El t\u00e9rmino \u201cdobl\u00f3n\u201d se utiliz\u00f3 inicialmente para describir el oro excelente, tal vez porque val\u00eda dos ducados o el doble retrato de los Reyes Cat\u00f3licos Fernando e Isabel.<\/p>\n<p>Los piratas intentaban (y a menudo lograban) robar valiosos cargamentos de oro, plata y otros productos del Nuevo Mundo, lo que resultaba ideal debido a la abundancia de islas donde los piratas pod\u00edan refugiarse. Esta moneda de oro era la preferida de los filibusteros.<\/p>\n<p>Los piratas que causaban estragos en el mar Caribe a veces eran llamados err\u00f3neamente bucaneros. Los piratas se distinguen de los corsarios, que son civiles que hacen la guerra en el mar con la autorizaci\u00f3n de su gobierno, seg\u00fan las leyes de la guerra, con un estatus equivalente al de los militares.<\/p>\n<p>Contrariamente a la imagen difundida por las pel\u00edculas de ficci\u00f3n, debido a su propio modo de vida, pocos piratas com\u00edan hasta saciarse o se hac\u00edan ricos, la mayor\u00eda mor\u00eda joven en combate.<\/p>\n<p>La pirater\u00eda ha sido una actividad esencialmente masculina, pero tambi\u00e9n ha habido mujeres piratas. Nombres famosos como Mary Read y Anne Bonny son conocidos por haber navegado con el pirata Jack Rackham.<\/p>\n<h3>Ofrecemos una amplia gama de r\u00e9plicas de la \u00e9poca de la pirater\u00eda<\/h3>\n<p>Lo primero y m\u00e1s importante,<\/p>\n<ul>\n<li>Le <a href=\"https:\/\/repliquemangacine.fr\/es\/armas-piratas\/sable-pirata-sable-bucanero\/\">Espada de abordaje Flibustier<\/a> es un arma blanca utilizada en la marina.<\/li>\n<li>Tambi\u00e9n existe la <a href=\"https:\/\/repliquemangacine.fr\/es\/assassins-creed\/arma-hacha-pirata-siglo-xviii\/\">Pistola Hacha Piratas<\/a>. El Gun Axe se puede encontrar en Assassin's Creed Unity: Dead Kings.<\/li>\n<li>As\u00ed como el <a href=\"https:\/\/repliquemangacine.fr\/es\/armas-piratas\/monedero-pirata-con-monedas\/\">bolso pirata<\/a> cuero, para llenarlo con sus forros<\/li>\n<li>Y muchos m\u00e1s.<\/li>\n<\/ul>\n<p>Por eso es una gran idea de regalo para todos los fans de los piratas.<\/p>\n<h3>Puede utilizar la moneda de oro doble de 3 cm para sus veladas tem\u00e1ticas.<\/h3>\n<p>Ante todo, se trata de una pieza de colecci\u00f3n y decoraci\u00f3n.<\/p>\n<p>R\u00e9plique Manga Cin\u00e9 es una empresa familiar francesa, distribuidora oficial. <a href=\"https:\/\/www.denix.fr\/fr\/catalogue\/colonial-et-pirate-1492-s-xviii\/pieces-de-monnaie\/71\/\">Denix<\/a><\/p>","protected":false},"excerpt":{"rendered":"<p>Lote de 5 escudos<\/p>\n<p>He aqu\u00ed una idea original del fabricante Denix para ofrecernos r\u00e9plicas de monedas espa\u00f1olas. Esta moneda de 2 Escudos (Dobl\u00f3n) acu\u00f1ada en Sevilla durante el reinado del rey Felipe II de Espa\u00f1a entre 1556-1598 est\u00e1 realizada \u00edntegramente en metal dorado con un impresionante acabado en los detalles. Grabado en ambas caras: en el anverso se aprecia el escudo y el nombre Felipe, en el reverso la cruz con flor de cuatro l\u00f3bulos e inscripci\u00f3n.<\/p>","protected":false},"featured_media":27419,"template":"","meta":[],"product_brand":[896],"product_cat":[49,25,115],"product_tag":[],"class_list":{"0":"post-27418","1":"product","2":"type-product","3":"status-publish","4":"has-post-thumbnail","6":"product_brand-replique-manga-cine","7":"product_cat-armes-de-pirates","8":"product_cat-armes-historiques","9":"product_cat-sabre-dabordage-de-pirate","11":"first","12":"outofstock","13":"taxable","14":"shipping-taxable","15":"purchasable","16":"product-type-simple"},"yoast_head":"<!-- This site is optimized with the Yoast SEO plugin v27.4 - https:\/\/yoast.com\/product\/yoast-seo-wordpress\/ -->\n<title>Pi\u00e8ce Doublon d&#039;Or 3cm - Pi\u00e8ce Espagnole de pirate - RMC<\/title>\n<meta name=\"description\" content=\"R\u00e9plique de la Pi\u00e8ce Doublon d&#039;Or 3cm de chez Denix. Tout en acier vieilli et richement d\u00e9cor\u00e9. Cette monnaie d&#039;or \u00e9tait la pr\u00e9f\u00e9r\u00e9e des Flibustiers.\" \/>\n<meta name=\"robots\" content=\"index, follow, max-snippet:-1, max-image-preview:large, max-video-preview:-1\" \/>\n<link rel=\"canonical\" href=\"https:\/\/repliquemangacine.fr\/es\/espada-pirata\/forro-dorado-pieza-3cm\/\" \/>\n<meta property=\"og:locale\" content=\"es_ES\" \/>\n<meta property=\"og:type\" content=\"article\" \/>\n<meta property=\"og:title\" content=\"Pi\u00e8ce Doublon d&#039;Or 3cm - Pi\u00e8ce Espagnole de pirate - RMC\" \/>\n<meta property=\"og:description\" content=\"R\u00e9plique de la Pi\u00e8ce Doublon d&#039;Or 3cm de chez Denix. Tout en acier vieilli et richement d\u00e9cor\u00e9. Cette monnaie d&#039;or \u00e9tait la pr\u00e9f\u00e9r\u00e9e des Flibustiers.\" \/>\n<meta property=\"og:url\" content=\"https:\/\/repliquemangacine.fr\/es\/espada-pirata\/forro-dorado-pieza-3cm\/\" \/>\n<meta property=\"og:site_name\" content=\"R\u00e9plique Manga Cin\u00e9\" \/>\n<meta property=\"article:publisher\" content=\"https:\/\/www.facebook.com\/RepliqueMangaCine\" \/>\n<meta property=\"article:modified_time\" content=\"2026-03-20T11:05:22+00:00\" \/>\n<meta property=\"og:image\" content=\"https:\/\/repliquemangacine.fr\/wp-content\/uploads\/2023\/10\/2215-Piece-de-2-escudos-Doublon-dor-Seville-Felipe-II-1556-1598.jpg\" \/>\n\t<meta property=\"og:image:width\" content=\"600\" \/>\n\t<meta property=\"og:image:height\" content=\"600\" \/>\n\t<meta property=\"og:image:type\" content=\"image\/jpeg\" \/>\n<meta name=\"twitter:card\" content=\"summary_large_image\" \/>\n<meta name=\"twitter:label1\" content=\"Tiempo de lectura\" \/>\n\t<meta name=\"twitter:data1\" content=\"2 minutos\" \/>\n<script type=\"application\/ld+json\" class=\"yoast-schema-graph\">{\"@context\":\"https:\\\/\\\/schema.org\",\"@graph\":[{\"@type\":\"WebPage\",\"@id\":\"https:\\\/\\\/repliquemangacine.fr\\\/sabre-dabordage-de-pirate\\\/piece-doublon-dor-3cm\\\/\",\"url\":\"https:\\\/\\\/repliquemangacine.fr\\\/sabre-dabordage-de-pirate\\\/piece-doublon-dor-3cm\\\/\",\"name\":\"Pi\u00e8ce Doublon d'Or 3cm - Pi\u00e8ce Espagnole de pirate - RMC\",\"isPartOf\":{\"@id\":\"https:\\\/\\\/repliquemangacine.fr\\\/#website\"},\"primaryImageOfPage\":{\"@id\":\"https:\\\/\\\/repliquemangacine.fr\\\/sabre-dabordage-de-pirate\\\/piece-doublon-dor-3cm\\\/#primaryimage\"},\"image\":{\"@id\":\"https:\\\/\\\/repliquemangacine.fr\\\/sabre-dabordage-de-pirate\\\/piece-doublon-dor-3cm\\\/#primaryimage\"},\"thumbnailUrl\":\"https:\\\/\\\/repliquemangacine.fr\\\/wp-content\\\/uploads\\\/2023\\\/10\\\/2215-Piece-de-2-escudos-Doublon-dor-Seville-Felipe-II-1556-1598.jpg\",\"datePublished\":\"2017-07-22T10:58:53+00:00\",\"dateModified\":\"2026-03-20T11:05:22+00:00\",\"description\":\"R\u00e9plique de la Pi\u00e8ce Doublon d'Or 3cm de chez Denix. Tout en acier vieilli et richement d\u00e9cor\u00e9. Cette monnaie d'or \u00e9tait la pr\u00e9f\u00e9r\u00e9e des Flibustiers.\",\"breadcrumb\":{\"@id\":\"https:\\\/\\\/repliquemangacine.fr\\\/sabre-dabordage-de-pirate\\\/piece-doublon-dor-3cm\\\/#breadcrumb\"},\"inLanguage\":\"es\",\"potentialAction\":[{\"@type\":\"ReadAction\",\"target\":[\"https:\\\/\\\/repliquemangacine.fr\\\/sabre-dabordage-de-pirate\\\/piece-doublon-dor-3cm\\\/\"]}]},{\"@type\":\"ImageObject\",\"inLanguage\":\"es\",\"@id\":\"https:\\\/\\\/repliquemangacine.fr\\\/sabre-dabordage-de-pirate\\\/piece-doublon-dor-3cm\\\/#primaryimage\",\"url\":\"https:\\\/\\\/repliquemangacine.fr\\\/wp-content\\\/uploads\\\/2023\\\/10\\\/2215-Piece-de-2-escudos-Doublon-dor-Seville-Felipe-II-1556-1598.jpg\",\"contentUrl\":\"https:\\\/\\\/repliquemangacine.fr\\\/wp-content\\\/uploads\\\/2023\\\/10\\\/2215-Piece-de-2-escudos-Doublon-dor-Seville-Felipe-II-1556-1598.jpg\",\"width\":600,\"height\":600,\"caption\":\"Pi\u00e8ce Doublon d'Or 3cm\"},{\"@type\":\"BreadcrumbList\",\"@id\":\"https:\\\/\\\/repliquemangacine.fr\\\/sabre-dabordage-de-pirate\\\/piece-doublon-dor-3cm\\\/#breadcrumb\",\"itemListElement\":[{\"@type\":\"ListItem\",\"position\":1,\"name\":\"Accueil\",\"item\":\"https:\\\/\\\/repliquemangacine.fr\\\/\"},{\"@type\":\"ListItem\",\"position\":2,\"name\":\"Produits\",\"item\":\"https:\\\/\\\/repliquemangacine.fr\\\/boutique\\\/\"},{\"@type\":\"ListItem\",\"position\":3,\"name\":\"Pi\u00e8ce Doublon d&#8217;Or 3cm\"}]},{\"@type\":\"WebSite\",\"@id\":\"https:\\\/\\\/repliquemangacine.fr\\\/#website\",\"url\":\"https:\\\/\\\/repliquemangacine.fr\\\/\",\"name\":\"R\u00e9plique Manga Cin\u00e9\",\"description\":\"\",\"publisher\":{\"@id\":\"https:\\\/\\\/repliquemangacine.fr\\\/#organization\"},\"potentialAction\":[{\"@type\":\"SearchAction\",\"target\":{\"@type\":\"EntryPoint\",\"urlTemplate\":\"https:\\\/\\\/repliquemangacine.fr\\\/?s={search_term_string}\"},\"query-input\":{\"@type\":\"PropertyValueSpecification\",\"valueRequired\":true,\"valueName\":\"search_term_string\"}}],\"inLanguage\":\"es\"},{\"@type\":\"Organization\",\"@id\":\"https:\\\/\\\/repliquemangacine.fr\\\/#organization\",\"name\":\"R\u00e9plique Manga Cin\u00e9\",\"url\":\"https:\\\/\\\/repliquemangacine.fr\\\/\",\"logo\":{\"@type\":\"ImageObject\",\"inLanguage\":\"es\",\"@id\":\"https:\\\/\\\/repliquemangacine.fr\\\/#\\\/schema\\\/logo\\\/image\\\/\",\"url\":\"https:\\\/\\\/repliquemangacine.fr\\\/wp-content\\\/uploads\\\/2023\\\/10\\\/RMC-500250.png\",\"contentUrl\":\"https:\\\/\\\/repliquemangacine.fr\\\/wp-content\\\/uploads\\\/2023\\\/10\\\/RMC-500250.png\",\"width\":500,\"height\":250,\"caption\":\"R\u00e9plique Manga Cin\u00e9\"},\"image\":{\"@id\":\"https:\\\/\\\/repliquemangacine.fr\\\/#\\\/schema\\\/logo\\\/image\\\/\"},\"sameAs\":[\"https:\\\/\\\/www.facebook.com\\\/RepliqueMangaCine\",\"https:\\\/\\\/www.instagram.com\\\/repliquemangacine.fr\\\/\"]}]}<\/script>\n<!-- \/ Yoast SEO plugin. -->","yoast_head_json":{"title":"Moneda de Oro Doble 3cm - Moneda Pirata Espa\u00f1ola - RMC","description":"R\u00e9plica de la moneda Denix Doublon d'Or de 3 cm. Todo en acero envejecido y ricamente decorado. Esta moneda de oro era la favorita de los bandidos.","robots":{"index":"index","follow":"follow","max-snippet":"max-snippet:-1","max-image-preview":"max-image-preview:large","max-video-preview":"max-video-preview:-1"},"canonical":"https:\/\/repliquemangacine.fr\/es\/espada-pirata\/forro-dorado-pieza-3cm\/","og_locale":"es_ES","og_type":"article","og_title":"Pi\u00e8ce Doublon d'Or 3cm - Pi\u00e8ce Espagnole de pirate - RMC","og_description":"R\u00e9plique de la Pi\u00e8ce Doublon d'Or 3cm de chez Denix. Tout en acier vieilli et richement d\u00e9cor\u00e9. Cette monnaie d'or \u00e9tait la pr\u00e9f\u00e9r\u00e9e des Flibustiers.","og_url":"https:\/\/repliquemangacine.fr\/es\/espada-pirata\/forro-dorado-pieza-3cm\/","og_site_name":"R\u00e9plique Manga Cin\u00e9","article_publisher":"https:\/\/www.facebook.com\/RepliqueMangaCine","article_modified_time":"2026-03-20T11:05:22+00:00","og_image":[{"width":600,"height":600,"url":"https:\/\/repliquemangacine.fr\/wp-content\/uploads\/2023\/10\/2215-Piece-de-2-escudos-Doublon-dor-Seville-Felipe-II-1556-1598.jpg","type":"image\/jpeg"}],"twitter_card":"summary_large_image","twitter_misc":{"Tiempo de lectura":"2 minutos"},"schema":{"@context":"https:\/\/schema.org","@graph":[{"@type":"WebPage","@id":"https:\/\/repliquemangacine.fr\/sabre-dabordage-de-pirate\/piece-doublon-dor-3cm\/","url":"https:\/\/repliquemangacine.fr\/sabre-dabordage-de-pirate\/piece-doublon-dor-3cm\/","name":"Moneda de Oro Doble 3cm - Moneda Pirata Espa\u00f1ola - RMC","isPartOf":{"@id":"https:\/\/repliquemangacine.fr\/#website"},"primaryImageOfPage":{"@id":"https:\/\/repliquemangacine.fr\/sabre-dabordage-de-pirate\/piece-doublon-dor-3cm\/#primaryimage"},"image":{"@id":"https:\/\/repliquemangacine.fr\/sabre-dabordage-de-pirate\/piece-doublon-dor-3cm\/#primaryimage"},"thumbnailUrl":"https:\/\/repliquemangacine.fr\/wp-content\/uploads\/2023\/10\/2215-Piece-de-2-escudos-Doublon-dor-Seville-Felipe-II-1556-1598.jpg","datePublished":"2017-07-22T10:58:53+00:00","dateModified":"2026-03-20T11:05:22+00:00","description":"R\u00e9plica de la moneda Denix Doublon d'Or de 3 cm. Todo en acero envejecido y ricamente decorado. Esta moneda de oro era la favorita de los bandidos.","breadcrumb":{"@id":"https:\/\/repliquemangacine.fr\/sabre-dabordage-de-pirate\/piece-doublon-dor-3cm\/#breadcrumb"},"inLanguage":"es","potentialAction":[{"@type":"ReadAction","target":["https:\/\/repliquemangacine.fr\/sabre-dabordage-de-pirate\/piece-doublon-dor-3cm\/"]}]},{"@type":"ImageObject","inLanguage":"es","@id":"https:\/\/repliquemangacine.fr\/sabre-dabordage-de-pirate\/piece-doublon-dor-3cm\/#primaryimage","url":"https:\/\/repliquemangacine.fr\/wp-content\/uploads\/2023\/10\/2215-Piece-de-2-escudos-Doublon-dor-Seville-Felipe-II-1556-1598.jpg","contentUrl":"https:\/\/repliquemangacine.fr\/wp-content\/uploads\/2023\/10\/2215-Piece-de-2-escudos-Doublon-dor-Seville-Felipe-II-1556-1598.jpg","width":600,"height":600,"caption":"Pi\u00e8ce Doublon d'Or 3cm"},{"@type":"BreadcrumbList","@id":"https:\/\/repliquemangacine.fr\/sabre-dabordage-de-pirate\/piece-doublon-dor-3cm\/#breadcrumb","itemListElement":[{"@type":"ListItem","position":1,"name":"Accueil","item":"https:\/\/repliquemangacine.fr\/"},{"@type":"ListItem","position":2,"name":"Produits","item":"https:\/\/repliquemangacine.fr\/boutique\/"},{"@type":"ListItem","position":3,"name":"Pi\u00e8ce Doublon d&#8217;Or 3cm"}]},{"@type":"WebSite","@id":"https:\/\/repliquemangacine.fr\/#website","url":"https:\/\/repliquemangacine.fr\/","name":"R\u00e9plique Manga Cin\u00e9","description":"","publisher":{"@id":"https:\/\/repliquemangacine.fr\/#organization"},"potentialAction":[{"@type":"SearchAction","target":{"@type":"EntryPoint","urlTemplate":"https:\/\/repliquemangacine.fr\/?s={search_term_string}"},"query-input":{"@type":"PropertyValueSpecification","valueRequired":true,"valueName":"search_term_string"}}],"inLanguage":"es"},{"@type":"Organization","@id":"https:\/\/repliquemangacine.fr\/#organization","name":"R\u00e9plique Manga Cin\u00e9","url":"https:\/\/repliquemangacine.fr\/","logo":{"@type":"ImageObject","inLanguage":"es","@id":"https:\/\/repliquemangacine.fr\/#\/schema\/logo\/image\/","url":"https:\/\/repliquemangacine.fr\/wp-content\/uploads\/2023\/10\/RMC-500250.png","contentUrl":"https:\/\/repliquemangacine.fr\/wp-content\/uploads\/2023\/10\/RMC-500250.png","width":500,"height":250,"caption":"R\u00e9plique Manga Cin\u00e9"},"image":{"@id":"https:\/\/repliquemangacine.fr\/#\/schema\/logo\/image\/"},"sameAs":["https:\/\/www.facebook.com\/RepliqueMangaCine","https:\/\/www.instagram.com\/repliquemangacine.fr\/"]}]}},"_links":{"self":[{"href":"https:\/\/repliquemangacine.fr\/es\/wp-json\/wp\/v2\/product\/27418","targetHints":{"allow":["GET"]}}],"collection":[{"href":"https:\/\/repliquemangacine.fr\/es\/wp-json\/wp\/v2\/product"}],"about":[{"href":"https:\/\/repliquemangacine.fr\/es\/wp-json\/wp\/v2\/types\/product"}],"wp:featuredmedia":[{"embeddable":true,"href":"https:\/\/repliquemangacine.fr\/es\/wp-json\/wp\/v2\/media\/27419"}],"wp:attachment":[{"href":"https:\/\/repliquemangacine.fr\/es\/wp-json\/wp\/v2\/media?parent=27418"}],"wp:term":[{"taxonomy":"product_brand","embeddable":true,"href":"https:\/\/repliquemangacine.fr\/es\/wp-json\/wp\/v2\/product_brand?post=27418"},{"taxonomy":"product_cat","embeddable":true,"href":"https:\/\/repliquemangacine.fr\/es\/wp-json\/wp\/v2\/product_cat?post=27418"},{"taxonomy":"product_tag","embeddable":true,"href":"https:\/\/repliquemangacine.fr\/es\/wp-json\/wp\/v2\/product_tag?post=27418"}],"curies":[{"name":"wp","href":"https:\/\/api.w.org\/{rel}","templated":true}]}}