





{"id":27412,"date":"2017-07-22T10:52:33","date_gmt":"2017-07-22T08:52:33","guid":{"rendered":"https:\/\/repliquemangacine.fr\/?post_type=product&#038;p=27412"},"modified":"2026-03-20T17:56:21","modified_gmt":"2026-03-20T16:56:21","slug":"pieza-de-8-reales-felipe-iv-1635-2","status":"publish","type":"product","link":"https:\/\/repliquemangacine.fr\/es\/sabre-dabordage-de-pirate\/piece-de-8-reales-felipe-iv-1635-2\/","title":{"rendered":"Moneda de 8 Reales"},"content":{"rendered":"<h2>R\u00e9plica de la moneda de Denix 8 Reales<\/h2>\n<p>La moneda de 8 reales, un accesorio esencial para tu disfraz. Inventada durante el reinado de Felipe IV en 1635.<\/p>\n<p>Los Reales de 8 ten\u00edan un valor nominal de 8 reales en Espa\u00f1a. Las monedas sol\u00edan cortarse f\u00edsicamente en ocho trozos, o a veces en cuatro cuartos, para dar cambio m\u00e1s peque\u00f1o.<\/p>\n<p>El valor se calcula en funci\u00f3n del peso del metal precioso. La moneda de ocho viaj\u00f3 mucho en los cofres de los barcos espa\u00f1oles durante varios siglos y se convirti\u00f3 en el bot\u00edn habitual de los piratas. Una moneda de ocho val\u00eda 8 reales de plata (8 veces 1 real).<\/p>\n<p>Los piratas intentaban (y a menudo lograban) robar valiosos cargamentos de oro, plata y otros productos del Nuevo Mundo, lo que resultaba ideal debido a la abundancia de islas donde los piratas pod\u00edan refugiarse. Esta moneda de oro era la preferida de los filibusteros.<\/p>\n<p>Los piratas que causaban estragos en el mar Caribe a veces eran llamados err\u00f3neamente bucaneros. Los piratas se distinguen de los corsarios, que son civiles que hacen la guerra en el mar con la autorizaci\u00f3n de su gobierno, seg\u00fan las leyes de la guerra, con un estatus equivalente al de los militares.<\/p>\n<p>Contrariamente a la imagen difundida por las pel\u00edculas de ficci\u00f3n, debido a su propio modo de vida, pocos piratas com\u00edan hasta saciarse o se hac\u00edan ricos, la mayor\u00eda mor\u00eda joven en combate.<\/p>\n<p>La pirater\u00eda ha sido una actividad esencialmente masculina, pero tambi\u00e9n ha habido mujeres piratas. Nombres famosos como Mary Read y Anne Bonny son conocidos por haber navegado con el pirata Jack Rackham.<\/p>\n<h3>Ofrecemos una amplia gama de r\u00e9plicas de la \u00e9poca de la pirater\u00eda<\/h3>\n<p>Lo primero y m\u00e1s importante,<\/p>\n<ul>\n<li>Le <a href=\"https:\/\/repliquemangacine.fr\/es\/armas-piratas\/coutelas-des-pirates-poignard-ou-petit-sabre-pirate\/\">Alfanje pirata<\/a> tambi\u00e9n conocido como petit sabre.<\/li>\n<li>Tambi\u00e9n est\u00e1 la Pistola Hacha de los Piratas. Tambi\u00e9n est\u00e1 la <a href=\"https:\/\/repliquemangacine.fr\/es\/assassins-creed\/arma-hacha-pirata-siglo-xviii\/\">Hacha<\/a> en Assassin's Creed Unity: Reyes Muertos<\/li>\n<li>As\u00ed como el <a href=\"https:\/\/repliquemangacine.fr\/es\/assassins-creed\/edward-keway-pistola-de-chispa-replica-manga-cine\/\">Pistola pirata de Edward Kenway<\/a> en Assassin's Creed Black flag<\/li>\n<li>Y muchos m\u00e1s.<\/li>\n<\/ul>\n<p>Por eso es una gran idea de regalo para todos los fans de los piratas.<\/p>\n<h3>Puede utilizar la Moneda de 8 Reales para sus veladas tem\u00e1ticas.<\/h3>\n<p>Ante todo, se trata de una pieza de colecci\u00f3n y decoraci\u00f3n.<\/p>\n<p>R\u00e9plique Manga Cin\u00e9 es una empresa familiar francesa, distribuidora oficial. <a href=\"https:\/\/www.denix.fr\/fr\/catalogue\/colonial-et-pirate-1492-s-xviii\/pieces-de-monnaie\/72\/\">Denix<\/a><\/p>","protected":false},"excerpt":{"rendered":"<p>Juego de 5 piezas de 8<\/p>\n<p>He aqu\u00ed una idea original del fabricante Denix para ofrecernos r\u00e9plicas de monedas espa\u00f1olas. Esta moneda data de la \u00e9poca del rey Felipe IV de Espa\u00f1a en 1635.<\/p>\n<ul>\n<li>Fabricado \u00edntegramente en metal plateado, con una impresionante atenci\u00f3n al detalle.<\/li>\n<li>Grabado por ambas caras.<\/li>\n<li>En la fachada figuran dos leones, dos torres y el a\u00f1o.<\/li>\n<li>En el reverso, una corona con el nombre del rey, el n\u00famero 8 y escudos.<\/li>\n<li>Esta pieza es una maravilla para los coleccionistas.<\/li>\n<li>Di\u00e1metro: 3,5 cm<\/li>\n<\/ul>","protected":false},"featured_media":27413,"template":"","meta":[],"product_brand":[896],"product_cat":[49,25,115],"product_tag":[],"class_list":{"0":"post-27412","1":"product","2":"type-product","3":"status-publish","4":"has-post-thumbnail","6":"product_brand-replique-manga-cine","7":"product_cat-armes-de-pirates","8":"product_cat-armes-historiques","9":"product_cat-sabre-dabordage-de-pirate","11":"first","12":"instock","13":"taxable","14":"shipping-taxable","15":"purchasable","16":"product-type-simple"},"yoast_head":"<!-- This site is optimized with the Yoast SEO plugin v27.4 - https:\/\/yoast.com\/product\/yoast-seo-wordpress\/ -->\n<title>Pi\u00e8ce de 8 Reales Felipe IV 1635 - R\u00e9plique manga cin\u00e9<\/title>\n<meta name=\"description\" content=\"Denix propose cette r\u00e9plique de Pi\u00e8ce de 8 Reales, monnaie pr\u00e9f\u00e9r\u00e9e des pirates, tout en m\u00e9tal argent\u00e9 avec de sublime gravures. Envoi 24\/48H\" \/>\n<meta name=\"robots\" content=\"index, follow, max-snippet:-1, max-image-preview:large, max-video-preview:-1\" \/>\n<link rel=\"canonical\" href=\"https:\/\/repliquemangacine.fr\/es\/espada-pirata\/pieza-de-8-reales-felipe-iv-1635-2\/\" \/>\n<meta property=\"og:locale\" content=\"es_ES\" \/>\n<meta property=\"og:type\" content=\"article\" \/>\n<meta property=\"og:title\" content=\"Pi\u00e8ce de 8 Reales Felipe IV 1635 - R\u00e9plique manga cin\u00e9\" \/>\n<meta property=\"og:description\" content=\"Denix propose cette r\u00e9plique de Pi\u00e8ce de 8 Reales, monnaie pr\u00e9f\u00e9r\u00e9e des pirates, tout en m\u00e9tal argent\u00e9 avec de sublime gravures. Envoi 24\/48H\" \/>\n<meta property=\"og:url\" content=\"https:\/\/repliquemangacine.fr\/es\/espada-pirata\/pieza-de-8-reales-felipe-iv-1635-2\/\" \/>\n<meta property=\"og:site_name\" content=\"R\u00e9plique Manga Cin\u00e9\" \/>\n<meta property=\"article:publisher\" content=\"https:\/\/www.facebook.com\/RepliqueMangaCine\" \/>\n<meta property=\"article:modified_time\" content=\"2026-03-20T16:56:21+00:00\" \/>\n<meta property=\"og:image\" content=\"https:\/\/repliquemangacine.fr\/wp-content\/uploads\/2023\/10\/piece-espagnole-denix-.jpg\" \/>\n\t<meta property=\"og:image:width\" content=\"800\" \/>\n\t<meta property=\"og:image:height\" content=\"800\" \/>\n\t<meta property=\"og:image:type\" content=\"image\/jpeg\" \/>\n<meta name=\"twitter:card\" content=\"summary_large_image\" \/>\n<meta name=\"twitter:label1\" content=\"Tiempo de lectura\" \/>\n\t<meta name=\"twitter:data1\" content=\"3 minutos\" \/>\n<script type=\"application\/ld+json\" class=\"yoast-schema-graph\">{\"@context\":\"https:\\\/\\\/schema.org\",\"@graph\":[{\"@type\":\"WebPage\",\"@id\":\"https:\\\/\\\/repliquemangacine.fr\\\/sabre-dabordage-de-pirate\\\/piece-de-8-reales-felipe-iv-1635-2\\\/\",\"url\":\"https:\\\/\\\/repliquemangacine.fr\\\/sabre-dabordage-de-pirate\\\/piece-de-8-reales-felipe-iv-1635-2\\\/\",\"name\":\"Pi\u00e8ce de 8 Reales Felipe IV 1635 - R\u00e9plique manga cin\u00e9\",\"isPartOf\":{\"@id\":\"https:\\\/\\\/repliquemangacine.fr\\\/#website\"},\"primaryImageOfPage\":{\"@id\":\"https:\\\/\\\/repliquemangacine.fr\\\/sabre-dabordage-de-pirate\\\/piece-de-8-reales-felipe-iv-1635-2\\\/#primaryimage\"},\"image\":{\"@id\":\"https:\\\/\\\/repliquemangacine.fr\\\/sabre-dabordage-de-pirate\\\/piece-de-8-reales-felipe-iv-1635-2\\\/#primaryimage\"},\"thumbnailUrl\":\"https:\\\/\\\/repliquemangacine.fr\\\/wp-content\\\/uploads\\\/2023\\\/10\\\/piece-espagnole-denix-.jpg\",\"datePublished\":\"2017-07-22T08:52:33+00:00\",\"dateModified\":\"2026-03-20T16:56:21+00:00\",\"description\":\"Denix propose cette r\u00e9plique de Pi\u00e8ce de 8 Reales, monnaie pr\u00e9f\u00e9r\u00e9e des pirates, tout en m\u00e9tal argent\u00e9 avec de sublime gravures. Envoi 24\\\/48H\",\"breadcrumb\":{\"@id\":\"https:\\\/\\\/repliquemangacine.fr\\\/sabre-dabordage-de-pirate\\\/piece-de-8-reales-felipe-iv-1635-2\\\/#breadcrumb\"},\"inLanguage\":\"es\",\"potentialAction\":[{\"@type\":\"ReadAction\",\"target\":[\"https:\\\/\\\/repliquemangacine.fr\\\/sabre-dabordage-de-pirate\\\/piece-de-8-reales-felipe-iv-1635-2\\\/\"]}]},{\"@type\":\"ImageObject\",\"inLanguage\":\"es\",\"@id\":\"https:\\\/\\\/repliquemangacine.fr\\\/sabre-dabordage-de-pirate\\\/piece-de-8-reales-felipe-iv-1635-2\\\/#primaryimage\",\"url\":\"https:\\\/\\\/repliquemangacine.fr\\\/wp-content\\\/uploads\\\/2023\\\/10\\\/piece-espagnole-denix-.jpg\",\"contentUrl\":\"https:\\\/\\\/repliquemangacine.fr\\\/wp-content\\\/uploads\\\/2023\\\/10\\\/piece-espagnole-denix-.jpg\",\"width\":800,\"height\":800,\"caption\":\"Pi\u00e8ce Espagnole de 8 Felipe IV 1635\"},{\"@type\":\"BreadcrumbList\",\"@id\":\"https:\\\/\\\/repliquemangacine.fr\\\/sabre-dabordage-de-pirate\\\/piece-de-8-reales-felipe-iv-1635-2\\\/#breadcrumb\",\"itemListElement\":[{\"@type\":\"ListItem\",\"position\":1,\"name\":\"Accueil\",\"item\":\"https:\\\/\\\/repliquemangacine.fr\\\/\"},{\"@type\":\"ListItem\",\"position\":2,\"name\":\"Produits\",\"item\":\"https:\\\/\\\/repliquemangacine.fr\\\/boutique\\\/\"},{\"@type\":\"ListItem\",\"position\":3,\"name\":\"Pi\u00e8ce de 8 Reales\"}]},{\"@type\":\"WebSite\",\"@id\":\"https:\\\/\\\/repliquemangacine.fr\\\/#website\",\"url\":\"https:\\\/\\\/repliquemangacine.fr\\\/\",\"name\":\"R\u00e9plique Manga Cin\u00e9\",\"description\":\"\",\"publisher\":{\"@id\":\"https:\\\/\\\/repliquemangacine.fr\\\/#organization\"},\"potentialAction\":[{\"@type\":\"SearchAction\",\"target\":{\"@type\":\"EntryPoint\",\"urlTemplate\":\"https:\\\/\\\/repliquemangacine.fr\\\/?s={search_term_string}\"},\"query-input\":{\"@type\":\"PropertyValueSpecification\",\"valueRequired\":true,\"valueName\":\"search_term_string\"}}],\"inLanguage\":\"es\"},{\"@type\":\"Organization\",\"@id\":\"https:\\\/\\\/repliquemangacine.fr\\\/#organization\",\"name\":\"R\u00e9plique Manga Cin\u00e9\",\"url\":\"https:\\\/\\\/repliquemangacine.fr\\\/\",\"logo\":{\"@type\":\"ImageObject\",\"inLanguage\":\"es\",\"@id\":\"https:\\\/\\\/repliquemangacine.fr\\\/#\\\/schema\\\/logo\\\/image\\\/\",\"url\":\"https:\\\/\\\/repliquemangacine.fr\\\/wp-content\\\/uploads\\\/2023\\\/10\\\/RMC-500250.png\",\"contentUrl\":\"https:\\\/\\\/repliquemangacine.fr\\\/wp-content\\\/uploads\\\/2023\\\/10\\\/RMC-500250.png\",\"width\":500,\"height\":250,\"caption\":\"R\u00e9plique Manga Cin\u00e9\"},\"image\":{\"@id\":\"https:\\\/\\\/repliquemangacine.fr\\\/#\\\/schema\\\/logo\\\/image\\\/\"},\"sameAs\":[\"https:\\\/\\\/www.facebook.com\\\/RepliqueMangaCine\",\"https:\\\/\\\/www.instagram.com\\\/repliquemangacine.fr\\\/\"]}]}<\/script>\n<!-- \/ Yoast SEO plugin. -->","yoast_head_json":{"title":"Moneda de 8 Reales Felipe IV 1635 - R\u00e9plica de la pel\u00edcula Manga","description":"Denix ofrece esta r\u00e9plica de la moneda de 8 Reales, la favorita de los piratas, en metal plateado con sublimes grabados. Entrega 24\/48H","robots":{"index":"index","follow":"follow","max-snippet":"max-snippet:-1","max-image-preview":"max-image-preview:large","max-video-preview":"max-video-preview:-1"},"canonical":"https:\/\/repliquemangacine.fr\/es\/espada-pirata\/pieza-de-8-reales-felipe-iv-1635-2\/","og_locale":"es_ES","og_type":"article","og_title":"Pi\u00e8ce de 8 Reales Felipe IV 1635 - R\u00e9plique manga cin\u00e9","og_description":"Denix propose cette r\u00e9plique de Pi\u00e8ce de 8 Reales, monnaie pr\u00e9f\u00e9r\u00e9e des pirates, tout en m\u00e9tal argent\u00e9 avec de sublime gravures. Envoi 24\/48H","og_url":"https:\/\/repliquemangacine.fr\/es\/espada-pirata\/pieza-de-8-reales-felipe-iv-1635-2\/","og_site_name":"R\u00e9plique Manga Cin\u00e9","article_publisher":"https:\/\/www.facebook.com\/RepliqueMangaCine","article_modified_time":"2026-03-20T16:56:21+00:00","og_image":[{"width":800,"height":800,"url":"https:\/\/repliquemangacine.fr\/wp-content\/uploads\/2023\/10\/piece-espagnole-denix-.jpg","type":"image\/jpeg"}],"twitter_card":"summary_large_image","twitter_misc":{"Tiempo de lectura":"3 minutos"},"schema":{"@context":"https:\/\/schema.org","@graph":[{"@type":"WebPage","@id":"https:\/\/repliquemangacine.fr\/sabre-dabordage-de-pirate\/piece-de-8-reales-felipe-iv-1635-2\/","url":"https:\/\/repliquemangacine.fr\/sabre-dabordage-de-pirate\/piece-de-8-reales-felipe-iv-1635-2\/","name":"Moneda de 8 Reales Felipe IV 1635 - R\u00e9plica de la pel\u00edcula Manga","isPartOf":{"@id":"https:\/\/repliquemangacine.fr\/#website"},"primaryImageOfPage":{"@id":"https:\/\/repliquemangacine.fr\/sabre-dabordage-de-pirate\/piece-de-8-reales-felipe-iv-1635-2\/#primaryimage"},"image":{"@id":"https:\/\/repliquemangacine.fr\/sabre-dabordage-de-pirate\/piece-de-8-reales-felipe-iv-1635-2\/#primaryimage"},"thumbnailUrl":"https:\/\/repliquemangacine.fr\/wp-content\/uploads\/2023\/10\/piece-espagnole-denix-.jpg","datePublished":"2017-07-22T08:52:33+00:00","dateModified":"2026-03-20T16:56:21+00:00","description":"Denix ofrece esta r\u00e9plica de la moneda de 8 Reales, la favorita de los piratas, en metal plateado con sublimes grabados. Entrega 24\/48H","breadcrumb":{"@id":"https:\/\/repliquemangacine.fr\/sabre-dabordage-de-pirate\/piece-de-8-reales-felipe-iv-1635-2\/#breadcrumb"},"inLanguage":"es","potentialAction":[{"@type":"ReadAction","target":["https:\/\/repliquemangacine.fr\/sabre-dabordage-de-pirate\/piece-de-8-reales-felipe-iv-1635-2\/"]}]},{"@type":"ImageObject","inLanguage":"es","@id":"https:\/\/repliquemangacine.fr\/sabre-dabordage-de-pirate\/piece-de-8-reales-felipe-iv-1635-2\/#primaryimage","url":"https:\/\/repliquemangacine.fr\/wp-content\/uploads\/2023\/10\/piece-espagnole-denix-.jpg","contentUrl":"https:\/\/repliquemangacine.fr\/wp-content\/uploads\/2023\/10\/piece-espagnole-denix-.jpg","width":800,"height":800,"caption":"Pi\u00e8ce Espagnole de 8 Felipe IV 1635"},{"@type":"BreadcrumbList","@id":"https:\/\/repliquemangacine.fr\/sabre-dabordage-de-pirate\/piece-de-8-reales-felipe-iv-1635-2\/#breadcrumb","itemListElement":[{"@type":"ListItem","position":1,"name":"Accueil","item":"https:\/\/repliquemangacine.fr\/"},{"@type":"ListItem","position":2,"name":"Produits","item":"https:\/\/repliquemangacine.fr\/boutique\/"},{"@type":"ListItem","position":3,"name":"Pi\u00e8ce de 8 Reales"}]},{"@type":"WebSite","@id":"https:\/\/repliquemangacine.fr\/#website","url":"https:\/\/repliquemangacine.fr\/","name":"R\u00e9plique Manga Cin\u00e9","description":"","publisher":{"@id":"https:\/\/repliquemangacine.fr\/#organization"},"potentialAction":[{"@type":"SearchAction","target":{"@type":"EntryPoint","urlTemplate":"https:\/\/repliquemangacine.fr\/?s={search_term_string}"},"query-input":{"@type":"PropertyValueSpecification","valueRequired":true,"valueName":"search_term_string"}}],"inLanguage":"es"},{"@type":"Organization","@id":"https:\/\/repliquemangacine.fr\/#organization","name":"R\u00e9plique Manga Cin\u00e9","url":"https:\/\/repliquemangacine.fr\/","logo":{"@type":"ImageObject","inLanguage":"es","@id":"https:\/\/repliquemangacine.fr\/#\/schema\/logo\/image\/","url":"https:\/\/repliquemangacine.fr\/wp-content\/uploads\/2023\/10\/RMC-500250.png","contentUrl":"https:\/\/repliquemangacine.fr\/wp-content\/uploads\/2023\/10\/RMC-500250.png","width":500,"height":250,"caption":"R\u00e9plique Manga Cin\u00e9"},"image":{"@id":"https:\/\/repliquemangacine.fr\/#\/schema\/logo\/image\/"},"sameAs":["https:\/\/www.facebook.com\/RepliqueMangaCine","https:\/\/www.instagram.com\/repliquemangacine.fr\/"]}]}},"_links":{"self":[{"href":"https:\/\/repliquemangacine.fr\/es\/wp-json\/wp\/v2\/product\/27412","targetHints":{"allow":["GET"]}}],"collection":[{"href":"https:\/\/repliquemangacine.fr\/es\/wp-json\/wp\/v2\/product"}],"about":[{"href":"https:\/\/repliquemangacine.fr\/es\/wp-json\/wp\/v2\/types\/product"}],"wp:featuredmedia":[{"embeddable":true,"href":"https:\/\/repliquemangacine.fr\/es\/wp-json\/wp\/v2\/media\/27413"}],"wp:attachment":[{"href":"https:\/\/repliquemangacine.fr\/es\/wp-json\/wp\/v2\/media?parent=27412"}],"wp:term":[{"taxonomy":"product_brand","embeddable":true,"href":"https:\/\/repliquemangacine.fr\/es\/wp-json\/wp\/v2\/product_brand?post=27412"},{"taxonomy":"product_cat","embeddable":true,"href":"https:\/\/repliquemangacine.fr\/es\/wp-json\/wp\/v2\/product_cat?post=27412"},{"taxonomy":"product_tag","embeddable":true,"href":"https:\/\/repliquemangacine.fr\/es\/wp-json\/wp\/v2\/product_tag?post=27412"}],"curies":[{"name":"wp","href":"https:\/\/api.w.org\/{rel}","templated":true}]}}