





{"id":27399,"date":"2017-07-19T22:47:12","date_gmt":"2017-07-19T20:47:12","guid":{"rendered":"https:\/\/repliquemangacine.fr\/?post_type=product&#038;p=27399"},"modified":"2025-09-23T18:01:55","modified_gmt":"2025-09-23T16:01:55","slug":"insignia-de-combate-de-infanteria-del-ejercito-americano","status":"publish","type":"product","link":"https:\/\/repliquemangacine.fr\/es\/dagues-et-accessoires-seconde-guerre-mondiale-materiels-militaria\/insigne-d-infanterie-de-combat-de-l-armee-americaine\/","title":{"rendered":"Insignia de infanter\u00eda de combate"},"content":{"rendered":"<h2>Insignia de infanter\u00eda de combate - Denix<\/h2>\n<p>Para empezar, esta insignia de infanter\u00eda de combate es el accesorio indispensable para tus recreaciones hist\u00f3ricas o tu colecci\u00f3n sobre la Segunda Guerra Mundial.<\/p>\n<p>First Award es una distinci\u00f3n otorgada a los soldados de infanter\u00eda que han combatido en el frente.<\/p>\n<p>Sin duda, es una de las insignias m\u00e1s prestigiosas a los ojos de los soldados que han combatido. Poco despu\u00e9s, durante la Segunda Guerra Mundial, se cre\u00f3 una insignia met\u00e1lica completamente negra para llevarla sobre el terreno.<\/p>\n<p>Desde su creaci\u00f3n el 27 de octubre de 1943, la CIB (Combat Infantryman Badge) puede concederse por las guerras y conflictos de los Estados Unidos, la Segunda Guerra Mundial, la Guerra de Corea, la Guerra de Vietnam y, m\u00e1s recientemente, la guerra mundial contra el terrorismo. Actualmente sigue concedi\u00e9ndose.<\/p>\n<p>En la actualidad, se asigna al personal del ej\u00e9rcito estadounidense que posee especialidades profesionales militares de infanter\u00eda o fuerzas especiales.<\/p>\n<h2>Tu placa militar al mejor precio.<\/h2>\n<p>Le ofrecemos una amplia selecci\u00f3n de r\u00e9plicas de armas y accesorios militares.<\/p>\n<p>Lo primero y m\u00e1s importante,<\/p>\n<ul>\n<li>La <a href=\"https:\/\/repliquemangacine.fr\/es\/dagas-y-accesorios-segunda-guerra-mundial\/rad-1937-daga-de-oficial-aleman\/\">Daga Rad alemana<\/a> con su pomo de cabeza de \u00e1guila.<\/li>\n<li>As\u00ed como el <a href=\"https:\/\/repliquemangacine.fr\/es\/dagas-y-accesorios-segunda-guerra-mundial\/bayoneta-mauser-k98\/\">Bayoneta<\/a> para el fusil Mauser K98 con su vaina.<\/li>\n<li>Tambi\u00e9n existe la <a href=\"https:\/\/repliquemangacine.fr\/es\/dagas-y-accesorios-segunda-guerra-mundial\/cuchillo-de-combate-usmc-ka-bar\/\">Cuchillo de combate USMC<\/a>llamado Camillus por el ej\u00e9rcito estadounidense<\/li>\n<li>Y mucho m\u00e1s por descubrir en nuestra tienda en l\u00ednea.<\/li>\n<\/ul>\n<p>Por eso, aqu\u00ed tienes unas ideas fant\u00e1sticas para regalar a todos los amantes de las historias.<\/p>\n<p>En conclusi\u00f3n, puede utilizar esta insignia de infanter\u00eda de combate estadounidense para sus recreaciones hist\u00f3ricas. Pero, ante todo, se trata de una pieza de colecci\u00f3n y decoraci\u00f3n.<\/p>\n<p>R\u00e9plique Manga cin\u00e9 es una empresa familiar francesa, distribuidora oficial de la marca. <a href=\"https:\/\/www.denix.fr\/\" target=\"_blank\" rel=\"noopener noreferrer\">Denix<\/a>.<\/p>","protected":false},"excerpt":{"rendered":"<p>Espl\u00e9ndida reproducci\u00f3n de la insignia de la infanter\u00eda de combate de los Estados Unidos de 1943 durante la Segunda Guerra Mundial.<\/p>\n<ul>\n<li>Todo en metal plateado.<\/li>\n<li>Decoraciones de fusiles mosquete Springfield.<\/li>\n<li>Una corona de hojas de roble, s\u00edmbolo de \"fuerza y lealtad inquebrantables\".<\/li>\n<li>Tiene un alfiler en la parte trasera para colgarlo.<\/li>\n<\/ul>","protected":false},"featured_media":27400,"template":"","meta":[],"product_brand":[896],"product_cat":[25,54,85],"product_tag":[],"class_list":{"0":"post-27399","1":"product","2":"type-product","3":"status-publish","4":"has-post-thumbnail","6":"product_brand-replique-manga-cine","7":"product_cat-armes-historiques","8":"product_cat-armes-accessoires-guerre-mondiale","9":"product_cat-dagues-et-accessoires-seconde-guerre-mondiale-materiels-militaria","11":"first","12":"instock","13":"taxable","14":"shipping-taxable","15":"purchasable","16":"product-type-simple"},"yoast_head":"<!-- This site is optimized with the Yoast SEO plugin v27.4 - https:\/\/yoast.com\/product\/yoast-seo-wordpress\/ -->\n<title>Insigne d&#039;infanterie de combat 1943 - Denix - R\u00e9plique Manga Cin\u00e9<\/title>\n<meta name=\"description\" content=\"Offrez-vous cet Insigne d&#039;infanterie de combat au meilleur prix - Tout en acier - Epingle au dos pour l&#039;accrocher - D\u00e9cor Fusil - Envoi 24\/48h\" \/>\n<meta name=\"robots\" content=\"index, follow, max-snippet:-1, max-image-preview:large, max-video-preview:-1\" \/>\n<link rel=\"canonical\" href=\"https:\/\/repliquemangacine.fr\/es\/dagas-y-accesorios-material-militar-segunda-guerra-mundial\/insignia-de-combate-de-infanteria-del-ejercito-americano\/\" \/>\n<meta property=\"og:locale\" content=\"es_ES\" \/>\n<meta property=\"og:type\" content=\"article\" \/>\n<meta property=\"og:title\" content=\"Insigne d&#039;infanterie de combat 1943 - Denix - R\u00e9plique Manga Cin\u00e9\" \/>\n<meta property=\"og:description\" content=\"Offrez-vous cet Insigne d&#039;infanterie de combat au meilleur prix - Tout en acier - Epingle au dos pour l&#039;accrocher - D\u00e9cor Fusil - Envoi 24\/48h\" \/>\n<meta property=\"og:url\" content=\"https:\/\/repliquemangacine.fr\/es\/dagas-y-accesorios-material-militar-segunda-guerra-mundial\/insignia-de-combate-de-infanteria-del-ejercito-americano\/\" \/>\n<meta property=\"og:site_name\" content=\"R\u00e9plique Manga Cin\u00e9\" \/>\n<meta property=\"article:publisher\" content=\"https:\/\/www.facebook.com\/RepliqueMangaCine\" \/>\n<meta property=\"article:modified_time\" content=\"2025-09-23T16:01:55+00:00\" \/>\n<meta property=\"og:image\" content=\"https:\/\/repliquemangacine.fr\/wp-content\/uploads\/2023\/10\/2200-Insigne-dinfanterie-de-combat-de-larmee-americaine.jpg\" \/>\n\t<meta property=\"og:image:width\" content=\"600\" \/>\n\t<meta property=\"og:image:height\" content=\"600\" \/>\n\t<meta property=\"og:image:type\" content=\"image\/jpeg\" \/>\n<meta name=\"twitter:card\" content=\"summary_large_image\" \/>\n<meta name=\"twitter:label1\" content=\"Tiempo de lectura\" \/>\n\t<meta name=\"twitter:data1\" content=\"1 minuto\" \/>\n<script type=\"application\/ld+json\" class=\"yoast-schema-graph\">{\"@context\":\"https:\\\/\\\/schema.org\",\"@graph\":[{\"@type\":\"WebPage\",\"@id\":\"https:\\\/\\\/repliquemangacine.fr\\\/dagues-et-accessoires-seconde-guerre-mondiale-materiels-militaria\\\/insigne-d-infanterie-de-combat-de-l-armee-americaine\\\/\",\"url\":\"https:\\\/\\\/repliquemangacine.fr\\\/dagues-et-accessoires-seconde-guerre-mondiale-materiels-militaria\\\/insigne-d-infanterie-de-combat-de-l-armee-americaine\\\/\",\"name\":\"Insigne d'infanterie de combat 1943 - Denix - R\u00e9plique Manga Cin\u00e9\",\"isPartOf\":{\"@id\":\"https:\\\/\\\/repliquemangacine.fr\\\/#website\"},\"primaryImageOfPage\":{\"@id\":\"https:\\\/\\\/repliquemangacine.fr\\\/dagues-et-accessoires-seconde-guerre-mondiale-materiels-militaria\\\/insigne-d-infanterie-de-combat-de-l-armee-americaine\\\/#primaryimage\"},\"image\":{\"@id\":\"https:\\\/\\\/repliquemangacine.fr\\\/dagues-et-accessoires-seconde-guerre-mondiale-materiels-militaria\\\/insigne-d-infanterie-de-combat-de-l-armee-americaine\\\/#primaryimage\"},\"thumbnailUrl\":\"https:\\\/\\\/repliquemangacine.fr\\\/wp-content\\\/uploads\\\/2023\\\/10\\\/2200-Insigne-dinfanterie-de-combat-de-larmee-americaine.jpg\",\"datePublished\":\"2017-07-19T20:47:12+00:00\",\"dateModified\":\"2025-09-23T16:01:55+00:00\",\"description\":\"Offrez-vous cet Insigne d'infanterie de combat au meilleur prix - Tout en acier - Epingle au dos pour l'accrocher - D\u00e9cor Fusil - Envoi 24\\\/48h\",\"breadcrumb\":{\"@id\":\"https:\\\/\\\/repliquemangacine.fr\\\/dagues-et-accessoires-seconde-guerre-mondiale-materiels-militaria\\\/insigne-d-infanterie-de-combat-de-l-armee-americaine\\\/#breadcrumb\"},\"inLanguage\":\"es\",\"potentialAction\":[{\"@type\":\"ReadAction\",\"target\":[\"https:\\\/\\\/repliquemangacine.fr\\\/dagues-et-accessoires-seconde-guerre-mondiale-materiels-militaria\\\/insigne-d-infanterie-de-combat-de-l-armee-americaine\\\/\"]}]},{\"@type\":\"ImageObject\",\"inLanguage\":\"es\",\"@id\":\"https:\\\/\\\/repliquemangacine.fr\\\/dagues-et-accessoires-seconde-guerre-mondiale-materiels-militaria\\\/insigne-d-infanterie-de-combat-de-l-armee-americaine\\\/#primaryimage\",\"url\":\"https:\\\/\\\/repliquemangacine.fr\\\/wp-content\\\/uploads\\\/2023\\\/10\\\/2200-Insigne-dinfanterie-de-combat-de-larmee-americaine.jpg\",\"contentUrl\":\"https:\\\/\\\/repliquemangacine.fr\\\/wp-content\\\/uploads\\\/2023\\\/10\\\/2200-Insigne-dinfanterie-de-combat-de-larmee-americaine.jpg\",\"width\":600,\"height\":600,\"caption\":\"Insigne d'infanterie de combat\"},{\"@type\":\"BreadcrumbList\",\"@id\":\"https:\\\/\\\/repliquemangacine.fr\\\/dagues-et-accessoires-seconde-guerre-mondiale-materiels-militaria\\\/insigne-d-infanterie-de-combat-de-l-armee-americaine\\\/#breadcrumb\",\"itemListElement\":[{\"@type\":\"ListItem\",\"position\":1,\"name\":\"Accueil\",\"item\":\"https:\\\/\\\/repliquemangacine.fr\\\/\"},{\"@type\":\"ListItem\",\"position\":2,\"name\":\"Produits\",\"item\":\"https:\\\/\\\/repliquemangacine.fr\\\/boutique\\\/\"},{\"@type\":\"ListItem\",\"position\":3,\"name\":\"Insigne d&#8217;infanterie de combat\"}]},{\"@type\":\"WebSite\",\"@id\":\"https:\\\/\\\/repliquemangacine.fr\\\/#website\",\"url\":\"https:\\\/\\\/repliquemangacine.fr\\\/\",\"name\":\"R\u00e9plique Manga Cin\u00e9\",\"description\":\"\",\"publisher\":{\"@id\":\"https:\\\/\\\/repliquemangacine.fr\\\/#organization\"},\"potentialAction\":[{\"@type\":\"SearchAction\",\"target\":{\"@type\":\"EntryPoint\",\"urlTemplate\":\"https:\\\/\\\/repliquemangacine.fr\\\/?s={search_term_string}\"},\"query-input\":{\"@type\":\"PropertyValueSpecification\",\"valueRequired\":true,\"valueName\":\"search_term_string\"}}],\"inLanguage\":\"es\"},{\"@type\":\"Organization\",\"@id\":\"https:\\\/\\\/repliquemangacine.fr\\\/#organization\",\"name\":\"R\u00e9plique Manga Cin\u00e9\",\"url\":\"https:\\\/\\\/repliquemangacine.fr\\\/\",\"logo\":{\"@type\":\"ImageObject\",\"inLanguage\":\"es\",\"@id\":\"https:\\\/\\\/repliquemangacine.fr\\\/#\\\/schema\\\/logo\\\/image\\\/\",\"url\":\"https:\\\/\\\/repliquemangacine.fr\\\/wp-content\\\/uploads\\\/2023\\\/10\\\/RMC-500250.png\",\"contentUrl\":\"https:\\\/\\\/repliquemangacine.fr\\\/wp-content\\\/uploads\\\/2023\\\/10\\\/RMC-500250.png\",\"width\":500,\"height\":250,\"caption\":\"R\u00e9plique Manga Cin\u00e9\"},\"image\":{\"@id\":\"https:\\\/\\\/repliquemangacine.fr\\\/#\\\/schema\\\/logo\\\/image\\\/\"},\"sameAs\":[\"https:\\\/\\\/www.facebook.com\\\/RepliqueMangaCine\",\"https:\\\/\\\/www.instagram.com\\\/repliquemangacine.fr\\\/\"]}]}<\/script>\n<!-- \/ Yoast SEO plugin. -->","yoast_head_json":{"title":"Insignia de infanter\u00eda de combate 1943 - Denix - R\u00e9plique Manga Cin\u00e9","description":"Reg\u00e1late esta Insignia de Infanter\u00eda de Combate al mejor precio - Toda de acero - Pasador en la parte trasera para colgar - Decoraci\u00f3n de fusil - Env\u00edo 24\/48h","robots":{"index":"index","follow":"follow","max-snippet":"max-snippet:-1","max-image-preview":"max-image-preview:large","max-video-preview":"max-video-preview:-1"},"canonical":"https:\/\/repliquemangacine.fr\/es\/dagas-y-accesorios-material-militar-segunda-guerra-mundial\/insignia-de-combate-de-infanteria-del-ejercito-americano\/","og_locale":"es_ES","og_type":"article","og_title":"Insigne d'infanterie de combat 1943 - Denix - R\u00e9plique Manga Cin\u00e9","og_description":"Offrez-vous cet Insigne d'infanterie de combat au meilleur prix - Tout en acier - Epingle au dos pour l'accrocher - D\u00e9cor Fusil - Envoi 24\/48h","og_url":"https:\/\/repliquemangacine.fr\/es\/dagas-y-accesorios-material-militar-segunda-guerra-mundial\/insignia-de-combate-de-infanteria-del-ejercito-americano\/","og_site_name":"R\u00e9plique Manga Cin\u00e9","article_publisher":"https:\/\/www.facebook.com\/RepliqueMangaCine","article_modified_time":"2025-09-23T16:01:55+00:00","og_image":[{"width":600,"height":600,"url":"https:\/\/repliquemangacine.fr\/wp-content\/uploads\/2023\/10\/2200-Insigne-dinfanterie-de-combat-de-larmee-americaine.jpg","type":"image\/jpeg"}],"twitter_card":"summary_large_image","twitter_misc":{"Tiempo de lectura":"1 minuto"},"schema":{"@context":"https:\/\/schema.org","@graph":[{"@type":"WebPage","@id":"https:\/\/repliquemangacine.fr\/dagues-et-accessoires-seconde-guerre-mondiale-materiels-militaria\/insigne-d-infanterie-de-combat-de-l-armee-americaine\/","url":"https:\/\/repliquemangacine.fr\/dagues-et-accessoires-seconde-guerre-mondiale-materiels-militaria\/insigne-d-infanterie-de-combat-de-l-armee-americaine\/","name":"Insignia de infanter\u00eda de combate 1943 - Denix - R\u00e9plique Manga Cin\u00e9","isPartOf":{"@id":"https:\/\/repliquemangacine.fr\/#website"},"primaryImageOfPage":{"@id":"https:\/\/repliquemangacine.fr\/dagues-et-accessoires-seconde-guerre-mondiale-materiels-militaria\/insigne-d-infanterie-de-combat-de-l-armee-americaine\/#primaryimage"},"image":{"@id":"https:\/\/repliquemangacine.fr\/dagues-et-accessoires-seconde-guerre-mondiale-materiels-militaria\/insigne-d-infanterie-de-combat-de-l-armee-americaine\/#primaryimage"},"thumbnailUrl":"https:\/\/repliquemangacine.fr\/wp-content\/uploads\/2023\/10\/2200-Insigne-dinfanterie-de-combat-de-larmee-americaine.jpg","datePublished":"2017-07-19T20:47:12+00:00","dateModified":"2025-09-23T16:01:55+00:00","description":"Reg\u00e1late esta Insignia de Infanter\u00eda de Combate al mejor precio - Toda de acero - Pasador en la parte trasera para colgar - Decoraci\u00f3n de fusil - Env\u00edo 24\/48h","breadcrumb":{"@id":"https:\/\/repliquemangacine.fr\/dagues-et-accessoires-seconde-guerre-mondiale-materiels-militaria\/insigne-d-infanterie-de-combat-de-l-armee-americaine\/#breadcrumb"},"inLanguage":"es","potentialAction":[{"@type":"ReadAction","target":["https:\/\/repliquemangacine.fr\/dagues-et-accessoires-seconde-guerre-mondiale-materiels-militaria\/insigne-d-infanterie-de-combat-de-l-armee-americaine\/"]}]},{"@type":"ImageObject","inLanguage":"es","@id":"https:\/\/repliquemangacine.fr\/dagues-et-accessoires-seconde-guerre-mondiale-materiels-militaria\/insigne-d-infanterie-de-combat-de-l-armee-americaine\/#primaryimage","url":"https:\/\/repliquemangacine.fr\/wp-content\/uploads\/2023\/10\/2200-Insigne-dinfanterie-de-combat-de-larmee-americaine.jpg","contentUrl":"https:\/\/repliquemangacine.fr\/wp-content\/uploads\/2023\/10\/2200-Insigne-dinfanterie-de-combat-de-larmee-americaine.jpg","width":600,"height":600,"caption":"Insigne d'infanterie de combat"},{"@type":"BreadcrumbList","@id":"https:\/\/repliquemangacine.fr\/dagues-et-accessoires-seconde-guerre-mondiale-materiels-militaria\/insigne-d-infanterie-de-combat-de-l-armee-americaine\/#breadcrumb","itemListElement":[{"@type":"ListItem","position":1,"name":"Accueil","item":"https:\/\/repliquemangacine.fr\/"},{"@type":"ListItem","position":2,"name":"Produits","item":"https:\/\/repliquemangacine.fr\/boutique\/"},{"@type":"ListItem","position":3,"name":"Insigne d&#8217;infanterie de combat"}]},{"@type":"WebSite","@id":"https:\/\/repliquemangacine.fr\/#website","url":"https:\/\/repliquemangacine.fr\/","name":"R\u00e9plique Manga Cin\u00e9","description":"","publisher":{"@id":"https:\/\/repliquemangacine.fr\/#organization"},"potentialAction":[{"@type":"SearchAction","target":{"@type":"EntryPoint","urlTemplate":"https:\/\/repliquemangacine.fr\/?s={search_term_string}"},"query-input":{"@type":"PropertyValueSpecification","valueRequired":true,"valueName":"search_term_string"}}],"inLanguage":"es"},{"@type":"Organization","@id":"https:\/\/repliquemangacine.fr\/#organization","name":"R\u00e9plique Manga Cin\u00e9","url":"https:\/\/repliquemangacine.fr\/","logo":{"@type":"ImageObject","inLanguage":"es","@id":"https:\/\/repliquemangacine.fr\/#\/schema\/logo\/image\/","url":"https:\/\/repliquemangacine.fr\/wp-content\/uploads\/2023\/10\/RMC-500250.png","contentUrl":"https:\/\/repliquemangacine.fr\/wp-content\/uploads\/2023\/10\/RMC-500250.png","width":500,"height":250,"caption":"R\u00e9plique Manga Cin\u00e9"},"image":{"@id":"https:\/\/repliquemangacine.fr\/#\/schema\/logo\/image\/"},"sameAs":["https:\/\/www.facebook.com\/RepliqueMangaCine","https:\/\/www.instagram.com\/repliquemangacine.fr\/"]}]}},"_links":{"self":[{"href":"https:\/\/repliquemangacine.fr\/es\/wp-json\/wp\/v2\/product\/27399","targetHints":{"allow":["GET"]}}],"collection":[{"href":"https:\/\/repliquemangacine.fr\/es\/wp-json\/wp\/v2\/product"}],"about":[{"href":"https:\/\/repliquemangacine.fr\/es\/wp-json\/wp\/v2\/types\/product"}],"wp:featuredmedia":[{"embeddable":true,"href":"https:\/\/repliquemangacine.fr\/es\/wp-json\/wp\/v2\/media\/27400"}],"wp:attachment":[{"href":"https:\/\/repliquemangacine.fr\/es\/wp-json\/wp\/v2\/media?parent=27399"}],"wp:term":[{"taxonomy":"product_brand","embeddable":true,"href":"https:\/\/repliquemangacine.fr\/es\/wp-json\/wp\/v2\/product_brand?post=27399"},{"taxonomy":"product_cat","embeddable":true,"href":"https:\/\/repliquemangacine.fr\/es\/wp-json\/wp\/v2\/product_cat?post=27399"},{"taxonomy":"product_tag","embeddable":true,"href":"https:\/\/repliquemangacine.fr\/es\/wp-json\/wp\/v2\/product_tag?post=27399"}],"curies":[{"name":"wp","href":"https:\/\/api.w.org\/{rel}","templated":true}]}}