





{"id":27381,"date":"2017-07-16T17:18:49","date_gmt":"2017-07-16T15:18:49","guid":{"rendered":"https:\/\/repliquemangacine.fr\/?post_type=product&#038;p=27381"},"modified":"2026-01-23T22:42:47","modified_gmt":"2026-01-23T21:42:47","slug":"soporte-de-madera-para-pistola-y-colt-2","status":"publish","type":"product","link":"https:\/\/repliquemangacine.fr\/es\/holster-accessoires-western\/support-en-bois-pour-pistolet-et-colt\/","title":{"rendered":"Soporte para armas"},"content":{"rendered":"<h2>Portapistolas de madera - Denix<\/h2>\n<p>Para empezar, el reposapistolas de madera es esencial para una buena presentaci\u00f3n de sus armas.<\/p>\n<p><a href=\"https:\/\/www.denix.fr\/\" target=\"_blank\" rel=\"noopener noreferrer\">Denix<\/a> nos propone una idea original de soporte mediante un sencillo encaje, sin clavos ni tornillos. Con este peque\u00f1o objeto, podr\u00e1 exponer a bajo coste todas sus pistolas y rev\u00f3lveres.<\/p>\n<p>Denix, empresa espa\u00f1ola de renombre mundial en la venta de reproducciones de armas hist\u00f3ricas. L\u00edder en su sector desde hace m\u00e1s de 50 a\u00f1os, exporta a m\u00e1s de 40 pa\u00edses y cuenta con una amplia red de distribuidores, de la que formamos parte para satisfacci\u00f3n de todos.<\/p>\n<p>Todas las \u00e9pocas hist\u00f3ricas est\u00e1n presentes en su cat\u00e1logo:<\/p>\n<ul>\n<li>La Antig\u00fcedad y sus espadas<\/li>\n<li>La Edad Media y las espadas<\/li>\n<li>1er Imperio con sus fusiles, pistolas y sables<\/li>\n<li>El mundo occidental y sus potros y cabestros<\/li>\n<li>La 2\u1d49 Guerra Mundial y sus armas del D\u00eda D<\/li>\n<\/ul>\n<h2>Tu r\u00e9plica de armas Denix al mejor precio.<\/h2>\n<p>Le ofrecemos una amplia selecci\u00f3n de reproducciones de armas de la marca Denix.<\/p>\n<p>Lo primero y m\u00e1s importante,<\/p>\n<ul>\n<li>R\u00e9plicas antiguas como el <a href=\"https:\/\/repliquemangacine.fr\/es\/armas-historicas\/espada-negra-julio-cesar\/\">La espada de Julio C\u00e9sar<\/a> con un final extraordinario.<\/li>\n<li>Tambi\u00e9n est\u00e1 el per\u00edodo occidental con el <a href=\"https:\/\/repliquemangacine.fr\/es\/rifle-winchester\/\">Winchesters<\/a> y potros vaqueros<\/li>\n<li>Adem\u00e1s de los periodos antiguo y medieval, como el<a href=\"https:\/\/repliquemangacine.fr\/es\/reproducciones-de-armas-y-accesorios-medievales\/excalibur-rey-arturo-espada-legendaria\/\">Excalibur, la espada del Rey Arturo<\/a><\/li>\n<li>Para concluir <a href=\"https:\/\/repliquemangacine.fr\/es\/armas-segunda-guerra-mundial\/\">Segunda Guerra Mundial<\/a> con todas las armas utilizadas en el D\u00eda D<\/li>\n<li>Y mucho m\u00e1s por descubrir en nuestra tienda en l\u00ednea.<\/li>\n<\/ul>\n<p>Por eso, aqu\u00ed tienes unas ideas fant\u00e1sticas para regalar a todos los apasionados de la historia.<\/p>\n<p>En conclusi\u00f3n, puede utilizar este soporte para pistolas de madera como elemento decorativo y para exhibir sus armas de colecci\u00f3n.<\/p>\n<p>R\u00e9plique Manga Cin\u00e9 es una empresa familiar francesa, distribuidora oficial de la marca Denix.<\/p>","protected":false},"excerpt":{"rendered":"<p>Por fin podr\u00e1 exponer sus potros y pistolas donde quiera con toda tranquilidad.<\/p>\n<ul>\n<li>Soporte de madera que se puede colocar en cualquier lugar.<\/li>\n<li>Muy f\u00e1cil de montar encajando unos con otros.<\/li>\n<li>Altura: 11 cm - Peso: 30 gramos<\/li>\n<\/ul>","protected":false},"featured_media":27382,"template":"","meta":[],"product_brand":[896],"product_cat":[51,25,102,54,90,85,28,27],"product_tag":[],"class_list":{"0":"post-27381","1":"product","2":"type-product","3":"status-publish","4":"has-post-thumbnail","6":"product_brand-replique-manga-cine","7":"product_cat-accessoires-western","8":"product_cat-armes-historiques","9":"product_cat-denix","10":"product_cat-armes-accessoires-guerre-mondiale","11":"product_cat-holster-accessoires-western","12":"product_cat-dagues-et-accessoires-seconde-guerre-mondiale-materiels-militaria","13":"product_cat-repliques-darmes","14":"product_cat-armes-et-accessoires-western","16":"first","17":"instock","18":"taxable","19":"shipping-taxable","20":"purchasable","21":"product-type-simple"},"yoast_head":"<!-- This site is optimized with the Yoast SEO plugin v27.4 - https:\/\/yoast.com\/product\/yoast-seo-wordpress\/ -->\n<title>Support pistolet bois -Vente en ligne - Denix | R\u00e9plique Manga Cin\u00e9<\/title>\n<meta name=\"description\" content=\"Vous allez pouvoir exposer vos pistolets, colts, revolver partout ou vous voulez, gr\u00e2ce \u00e0 ce support pistolet bois au meilleur prix (petit, mais costaud).\" \/>\n<meta name=\"robots\" content=\"index, follow, max-snippet:-1, max-image-preview:large, max-video-preview:-1\" \/>\n<link rel=\"canonical\" href=\"https:\/\/repliquemangacine.fr\/es\/denix\/soporte-de-madera-para-pistola-y-colt-2\/\" \/>\n<meta property=\"og:locale\" content=\"es_ES\" \/>\n<meta property=\"og:type\" content=\"article\" \/>\n<meta property=\"og:title\" content=\"Support pistolet bois -Vente en ligne - Denix | R\u00e9plique Manga Cin\u00e9\" \/>\n<meta property=\"og:description\" content=\"Vous allez pouvoir exposer vos pistolets, colts, revolver partout ou vous voulez, gr\u00e2ce \u00e0 ce support pistolet bois au meilleur prix (petit, mais costaud).\" \/>\n<meta property=\"og:url\" content=\"https:\/\/repliquemangacine.fr\/es\/denix\/soporte-de-madera-para-pistola-y-colt-2\/\" \/>\n<meta property=\"og:site_name\" content=\"R\u00e9plique Manga Cin\u00e9\" \/>\n<meta property=\"article:publisher\" content=\"https:\/\/www.facebook.com\/RepliqueMangaCine\" \/>\n<meta property=\"article:modified_time\" content=\"2026-01-23T21:42:47+00:00\" \/>\n<meta property=\"og:image\" content=\"https:\/\/repliquemangacine.fr\/wp-content\/uploads\/2023\/10\/2175-Support-en-bois-pour-pistolet-et-colt.jpg\" \/>\n\t<meta property=\"og:image:width\" content=\"600\" \/>\n\t<meta property=\"og:image:height\" content=\"600\" \/>\n\t<meta property=\"og:image:type\" content=\"image\/jpeg\" \/>\n<meta name=\"twitter:card\" content=\"summary_large_image\" \/>\n<meta name=\"twitter:label1\" content=\"Tiempo de lectura\" \/>\n\t<meta name=\"twitter:data1\" content=\"1 minuto\" \/>\n<script type=\"application\/ld+json\" class=\"yoast-schema-graph\">{\"@context\":\"https:\\\/\\\/schema.org\",\"@graph\":[{\"@type\":\"WebPage\",\"@id\":\"https:\\\/\\\/repliquemangacine.fr\\\/denix\\\/support-en-bois-pour-pistolet-et-colt\\\/\",\"url\":\"https:\\\/\\\/repliquemangacine.fr\\\/denix\\\/support-en-bois-pour-pistolet-et-colt\\\/\",\"name\":\"Support pistolet bois -Vente en ligne - Denix | R\u00e9plique Manga Cin\u00e9\",\"isPartOf\":{\"@id\":\"https:\\\/\\\/repliquemangacine.fr\\\/#website\"},\"primaryImageOfPage\":{\"@id\":\"https:\\\/\\\/repliquemangacine.fr\\\/denix\\\/support-en-bois-pour-pistolet-et-colt\\\/#primaryimage\"},\"image\":{\"@id\":\"https:\\\/\\\/repliquemangacine.fr\\\/denix\\\/support-en-bois-pour-pistolet-et-colt\\\/#primaryimage\"},\"thumbnailUrl\":\"https:\\\/\\\/repliquemangacine.fr\\\/wp-content\\\/uploads\\\/2023\\\/10\\\/2175-Support-en-bois-pour-pistolet-et-colt.jpg\",\"datePublished\":\"2017-07-16T15:18:49+00:00\",\"dateModified\":\"2026-01-23T21:42:47+00:00\",\"description\":\"Vous allez pouvoir exposer vos pistolets, colts, revolver partout ou vous voulez, gr\u00e2ce \u00e0 ce support pistolet bois au meilleur prix (petit, mais costaud).\",\"breadcrumb\":{\"@id\":\"https:\\\/\\\/repliquemangacine.fr\\\/denix\\\/support-en-bois-pour-pistolet-et-colt\\\/#breadcrumb\"},\"inLanguage\":\"es\",\"potentialAction\":[{\"@type\":\"ReadAction\",\"target\":[\"https:\\\/\\\/repliquemangacine.fr\\\/denix\\\/support-en-bois-pour-pistolet-et-colt\\\/\"]}]},{\"@type\":\"ImageObject\",\"inLanguage\":\"es\",\"@id\":\"https:\\\/\\\/repliquemangacine.fr\\\/denix\\\/support-en-bois-pour-pistolet-et-colt\\\/#primaryimage\",\"url\":\"https:\\\/\\\/repliquemangacine.fr\\\/wp-content\\\/uploads\\\/2023\\\/10\\\/2175-Support-en-bois-pour-pistolet-et-colt.jpg\",\"contentUrl\":\"https:\\\/\\\/repliquemangacine.fr\\\/wp-content\\\/uploads\\\/2023\\\/10\\\/2175-Support-en-bois-pour-pistolet-et-colt.jpg\",\"width\":600,\"height\":600,\"caption\":\"Support pistolet bois\"},{\"@type\":\"BreadcrumbList\",\"@id\":\"https:\\\/\\\/repliquemangacine.fr\\\/denix\\\/support-en-bois-pour-pistolet-et-colt\\\/#breadcrumb\",\"itemListElement\":[{\"@type\":\"ListItem\",\"position\":1,\"name\":\"Accueil\",\"item\":\"https:\\\/\\\/repliquemangacine.fr\\\/\"},{\"@type\":\"ListItem\",\"position\":2,\"name\":\"Produits\",\"item\":\"https:\\\/\\\/repliquemangacine.fr\\\/boutique\\\/\"},{\"@type\":\"ListItem\",\"position\":3,\"name\":\"Support pistolet\"}]},{\"@type\":\"WebSite\",\"@id\":\"https:\\\/\\\/repliquemangacine.fr\\\/#website\",\"url\":\"https:\\\/\\\/repliquemangacine.fr\\\/\",\"name\":\"R\u00e9plique Manga Cin\u00e9\",\"description\":\"\",\"publisher\":{\"@id\":\"https:\\\/\\\/repliquemangacine.fr\\\/#organization\"},\"potentialAction\":[{\"@type\":\"SearchAction\",\"target\":{\"@type\":\"EntryPoint\",\"urlTemplate\":\"https:\\\/\\\/repliquemangacine.fr\\\/?s={search_term_string}\"},\"query-input\":{\"@type\":\"PropertyValueSpecification\",\"valueRequired\":true,\"valueName\":\"search_term_string\"}}],\"inLanguage\":\"es\"},{\"@type\":\"Organization\",\"@id\":\"https:\\\/\\\/repliquemangacine.fr\\\/#organization\",\"name\":\"R\u00e9plique Manga Cin\u00e9\",\"url\":\"https:\\\/\\\/repliquemangacine.fr\\\/\",\"logo\":{\"@type\":\"ImageObject\",\"inLanguage\":\"es\",\"@id\":\"https:\\\/\\\/repliquemangacine.fr\\\/#\\\/schema\\\/logo\\\/image\\\/\",\"url\":\"https:\\\/\\\/repliquemangacine.fr\\\/wp-content\\\/uploads\\\/2023\\\/10\\\/RMC-500250.png\",\"contentUrl\":\"https:\\\/\\\/repliquemangacine.fr\\\/wp-content\\\/uploads\\\/2023\\\/10\\\/RMC-500250.png\",\"width\":500,\"height\":250,\"caption\":\"R\u00e9plique Manga Cin\u00e9\"},\"image\":{\"@id\":\"https:\\\/\\\/repliquemangacine.fr\\\/#\\\/schema\\\/logo\\\/image\\\/\"},\"sameAs\":[\"https:\\\/\\\/www.facebook.com\\\/RepliqueMangaCine\",\"https:\\\/\\\/www.instagram.com\\\/repliquemangacine.fr\\\/\"]}]}<\/script>\n<!-- \/ Yoast SEO plugin. -->","yoast_head_json":{"title":"Portapistolas de madera -Venta on line - Denix | R\u00e9plique Manga Cin\u00e9","description":"Podr\u00e1s exponer tus pistolas, colts y rev\u00f3lveres donde quieras gracias a este soporte de madera para pistolas al mejor precio (peque\u00f1o pero robusto).","robots":{"index":"index","follow":"follow","max-snippet":"max-snippet:-1","max-image-preview":"max-image-preview:large","max-video-preview":"max-video-preview:-1"},"canonical":"https:\/\/repliquemangacine.fr\/es\/denix\/soporte-de-madera-para-pistola-y-colt-2\/","og_locale":"es_ES","og_type":"article","og_title":"Support pistolet bois -Vente en ligne - Denix | R\u00e9plique Manga Cin\u00e9","og_description":"Vous allez pouvoir exposer vos pistolets, colts, revolver partout ou vous voulez, gr\u00e2ce \u00e0 ce support pistolet bois au meilleur prix (petit, mais costaud).","og_url":"https:\/\/repliquemangacine.fr\/es\/denix\/soporte-de-madera-para-pistola-y-colt-2\/","og_site_name":"R\u00e9plique Manga Cin\u00e9","article_publisher":"https:\/\/www.facebook.com\/RepliqueMangaCine","article_modified_time":"2026-01-23T21:42:47+00:00","og_image":[{"width":600,"height":600,"url":"https:\/\/repliquemangacine.fr\/wp-content\/uploads\/2023\/10\/2175-Support-en-bois-pour-pistolet-et-colt.jpg","type":"image\/jpeg"}],"twitter_card":"summary_large_image","twitter_misc":{"Tiempo de lectura":"1 minuto"},"schema":{"@context":"https:\/\/schema.org","@graph":[{"@type":"WebPage","@id":"https:\/\/repliquemangacine.fr\/denix\/support-en-bois-pour-pistolet-et-colt\/","url":"https:\/\/repliquemangacine.fr\/denix\/support-en-bois-pour-pistolet-et-colt\/","name":"Portapistolas de madera -Venta on line - Denix | R\u00e9plique Manga Cin\u00e9","isPartOf":{"@id":"https:\/\/repliquemangacine.fr\/#website"},"primaryImageOfPage":{"@id":"https:\/\/repliquemangacine.fr\/denix\/support-en-bois-pour-pistolet-et-colt\/#primaryimage"},"image":{"@id":"https:\/\/repliquemangacine.fr\/denix\/support-en-bois-pour-pistolet-et-colt\/#primaryimage"},"thumbnailUrl":"https:\/\/repliquemangacine.fr\/wp-content\/uploads\/2023\/10\/2175-Support-en-bois-pour-pistolet-et-colt.jpg","datePublished":"2017-07-16T15:18:49+00:00","dateModified":"2026-01-23T21:42:47+00:00","description":"Podr\u00e1s exponer tus pistolas, colts y rev\u00f3lveres donde quieras gracias a este soporte de madera para pistolas al mejor precio (peque\u00f1o pero robusto).","breadcrumb":{"@id":"https:\/\/repliquemangacine.fr\/denix\/support-en-bois-pour-pistolet-et-colt\/#breadcrumb"},"inLanguage":"es","potentialAction":[{"@type":"ReadAction","target":["https:\/\/repliquemangacine.fr\/denix\/support-en-bois-pour-pistolet-et-colt\/"]}]},{"@type":"ImageObject","inLanguage":"es","@id":"https:\/\/repliquemangacine.fr\/denix\/support-en-bois-pour-pistolet-et-colt\/#primaryimage","url":"https:\/\/repliquemangacine.fr\/wp-content\/uploads\/2023\/10\/2175-Support-en-bois-pour-pistolet-et-colt.jpg","contentUrl":"https:\/\/repliquemangacine.fr\/wp-content\/uploads\/2023\/10\/2175-Support-en-bois-pour-pistolet-et-colt.jpg","width":600,"height":600,"caption":"Support pistolet bois"},{"@type":"BreadcrumbList","@id":"https:\/\/repliquemangacine.fr\/denix\/support-en-bois-pour-pistolet-et-colt\/#breadcrumb","itemListElement":[{"@type":"ListItem","position":1,"name":"Accueil","item":"https:\/\/repliquemangacine.fr\/"},{"@type":"ListItem","position":2,"name":"Produits","item":"https:\/\/repliquemangacine.fr\/boutique\/"},{"@type":"ListItem","position":3,"name":"Support pistolet"}]},{"@type":"WebSite","@id":"https:\/\/repliquemangacine.fr\/#website","url":"https:\/\/repliquemangacine.fr\/","name":"R\u00e9plique Manga Cin\u00e9","description":"","publisher":{"@id":"https:\/\/repliquemangacine.fr\/#organization"},"potentialAction":[{"@type":"SearchAction","target":{"@type":"EntryPoint","urlTemplate":"https:\/\/repliquemangacine.fr\/?s={search_term_string}"},"query-input":{"@type":"PropertyValueSpecification","valueRequired":true,"valueName":"search_term_string"}}],"inLanguage":"es"},{"@type":"Organization","@id":"https:\/\/repliquemangacine.fr\/#organization","name":"R\u00e9plique Manga Cin\u00e9","url":"https:\/\/repliquemangacine.fr\/","logo":{"@type":"ImageObject","inLanguage":"es","@id":"https:\/\/repliquemangacine.fr\/#\/schema\/logo\/image\/","url":"https:\/\/repliquemangacine.fr\/wp-content\/uploads\/2023\/10\/RMC-500250.png","contentUrl":"https:\/\/repliquemangacine.fr\/wp-content\/uploads\/2023\/10\/RMC-500250.png","width":500,"height":250,"caption":"R\u00e9plique Manga Cin\u00e9"},"image":{"@id":"https:\/\/repliquemangacine.fr\/#\/schema\/logo\/image\/"},"sameAs":["https:\/\/www.facebook.com\/RepliqueMangaCine","https:\/\/www.instagram.com\/repliquemangacine.fr\/"]}]}},"_links":{"self":[{"href":"https:\/\/repliquemangacine.fr\/es\/wp-json\/wp\/v2\/product\/27381","targetHints":{"allow":["GET"]}}],"collection":[{"href":"https:\/\/repliquemangacine.fr\/es\/wp-json\/wp\/v2\/product"}],"about":[{"href":"https:\/\/repliquemangacine.fr\/es\/wp-json\/wp\/v2\/types\/product"}],"wp:featuredmedia":[{"embeddable":true,"href":"https:\/\/repliquemangacine.fr\/es\/wp-json\/wp\/v2\/media\/27382"}],"wp:attachment":[{"href":"https:\/\/repliquemangacine.fr\/es\/wp-json\/wp\/v2\/media?parent=27381"}],"wp:term":[{"taxonomy":"product_brand","embeddable":true,"href":"https:\/\/repliquemangacine.fr\/es\/wp-json\/wp\/v2\/product_brand?post=27381"},{"taxonomy":"product_cat","embeddable":true,"href":"https:\/\/repliquemangacine.fr\/es\/wp-json\/wp\/v2\/product_cat?post=27381"},{"taxonomy":"product_tag","embeddable":true,"href":"https:\/\/repliquemangacine.fr\/es\/wp-json\/wp\/v2\/product_tag?post=27381"}],"curies":[{"name":"wp","href":"https:\/\/api.w.org\/{rel}","templated":true}]}}