





{"id":27323,"date":"2017-06-14T18:58:43","date_gmt":"2017-06-14T16:58:43","guid":{"rendered":"https:\/\/repliquemangacine.fr\/?post_type=product&#038;p=27323"},"modified":"2026-04-15T12:58:33","modified_gmt":"2026-04-15T10:58:33","slug":"pistola-ametralladora-fusil-thompson-m1928a1-tommy-gun","status":"publish","type":"product","link":"https:\/\/repliquemangacine.fr\/es\/reproductions-armes-seconde-guerre-mondiale-denix\/pistolet-mitrailleur-fusil-thompson-m1928a1-tommy-gun\/","title":{"rendered":"Pistola Tommy Thompson M1928"},"content":{"rendered":"<h2>Thompson M1928 Tommy Gun.<\/h2>\n<p>Para empezar, la ametralladora <strong>Pistola Tommy Thompson M1928<\/strong>, que entr\u00f3 en servicio en 1921. A lo largo de los a\u00f1os aparecieron varias versiones y mejoras con las denominaciones M1927 y M1928. Debido a la demanda del ej\u00e9rcito estadounidense en 1941, en 1942 se inici\u00f3 la producci\u00f3n del M1 para responder a las necesidades de la Segunda Guerra Mundial.<\/p>\n<p>La metralleta Thompson, utilizada masivamente, en versiones modificadas y simplificadas, durante la Segunda Guerra Mundial y posteriormente durante la Guerra de Corea.<\/p>\n<p>El arma preferida de g\u00e1nsteres como Al Capone, muy popular durante la Ley Seca. El cine le ha dado un gran protagonismo, como se puede ver en Borsalino, Salvar al soldado Ryan, Pearl Harbor, entre otras. Desde entonces, ha ganado popularidad entre los coleccionistas debido a su importancia hist\u00f3rica.<\/p>\n<h2>Tu Thompson M1928 Tommy Gun al mejor precio.<\/h2>\n<p>Ofrecemos una amplia gama de reproducciones de armas hist\u00f3ricas.<\/p>\n<p>Lo primero y m\u00e1s importante,<\/p>\n<ul>\n<li>El famoso <a href=\"https:\/\/repliquemangacine.fr\/es\/fusil-moderno\/fusil-ak47-kalachnicov-dassaut-denix\/\">AK47 Kalachnicov<\/a>. Disponible en versiones dorada y para.<\/li>\n<li>As\u00ed como la ametralladora <a href=\"https:\/\/repliquemangacine.fr\/es\/guerra-mundial\/subametralladora-mp41\/\">MP41<\/a> Subametralladora.<\/li>\n<li>Tambi\u00e9n hay una reproducci\u00f3n de la pistola ametralladora rusa la <a href=\"https:\/\/repliquemangacine.fr\/es\/reproducciones-darmes\/pistola-ametralladora-ppsh-41-urss\/\">PPSH 41<\/a><\/li>\n<li>Y muchos m\u00e1s por descubrir en nuestra tienda en l\u00ednea.<\/li>\n<\/ul>\n<p>Por eso es una magn\u00edfica idea de regalo para todos los amantes de las armas hist\u00f3ricas.<\/p>\n<p>En conclusi\u00f3n, puedes usar este rifle <strong>Pistola Tommy Thompson M1928<\/strong> para sus recreaciones hist\u00f3ricas. Pero, sobre todo, esta arma es una pieza de coleccionista y una pieza decorativa.<\/p>\n<p>R\u00e9plique Manga Cin\u00e9 es una empresa francesa y distribuidor oficial de la marca <a href=\"https:\/\/www.denix.fr\/fr\/catalogue\/guerres-mondiales-1914-1945\/mitraillettes-et-mitrailleuses\/1092\/\" target=\"_blank\" rel=\"noopener noreferrer\">Denix<\/a>.<\/p>\n<h2>\u00bfC\u00f3mo se fabrican las r\u00e9plicas de armas Denix?<\/h2>\n<p>Utilizadas en recreaciones hist\u00f3ricas, pel\u00edculas, series y por coleccionistas. Las reproducciones Denix est\u00e1n fabricadas con materiales de alta calidad. Cuidadosamente elaboradas y ensambladas para crear armas de colecci\u00f3n realistas.<\/p>\n<ul>\n<li>Los metales se encuentran en una aleaci\u00f3n met\u00e1lica conocida como Zamac, cuya composici\u00f3n b\u00e1sica es zinc en 95%.<\/li>\n<li>Las piezas de pl\u00e1stico de las r\u00e9plicas son de ABS moldeado, que ofrece una gran resistencia.<\/li>\n<li>Las maderas elegidas por su belleza y durabilidad, como la caoba, el olivo o el nogal, dar\u00e1n a sus culatas y barricas un aspecto elegante y aut\u00e9ntico.<\/li>\n<\/ul>\n<p>Cabe se\u00f1alar que todas las reproducciones Denix son id\u00e9nticas a los originales, como su <strong>Pistola Tommy Thompson M1928<\/strong>.<\/p>","protected":false},"excerpt":{"rendered":"<p>R\u00e9plica id\u00e9ntica de la pistola ametralladora Thompson M1928 apodada \"Tommy Gun\".<\/p>\n<ul>\n<li>Mangos y culata de madera maciza.<\/li>\n<li>Mecanismo met\u00e1lico (Zamac).<\/li>\n<li>Armas y golpes, pero totalmente incapaces de disparar.<\/li>\n<li>Cargador de camembert extra\u00edble.<\/li>\n<li>No se requiere autorizaci\u00f3n. Venta y posesi\u00f3n libres.<\/li>\n<li>Dimensiones: 86,5 -Peso: 4470 gramos<\/li>\n<\/ul>\n<p><iframe src=\"https:\/\/www.youtube.com\/embed\/tT_UlPyqsl8\" width=\"350\" height=\"197\" frameborder=\"0\"><\/iframe><\/p>","protected":false},"featured_media":27324,"template":"","meta":[],"product_brand":[896],"product_cat":[25,102,46,54,28,76],"product_tag":[],"class_list":{"0":"post-27323","1":"product","2":"type-product","3":"status-publish","4":"has-post-thumbnail","6":"product_brand-replique-manga-cine","7":"product_cat-armes-historiques","8":"product_cat-denix","9":"product_cat-fusil-d-assaut-fusil-moderne","10":"product_cat-armes-accessoires-guerre-mondiale","11":"product_cat-repliques-darmes","12":"product_cat-reproductions-armes-seconde-guerre-mondiale-denix","14":"first","15":"instock","16":"sale","17":"taxable","18":"shipping-taxable","19":"purchasable","20":"product-type-simple"},"yoast_head":"<!-- This site is optimized with the Yoast SEO plugin v27.4 - https:\/\/yoast.com\/product\/yoast-seo-wordpress\/ -->\n<title>Thompson M1928 Tommy Gun - Denix | R\u00e9plique Manga Cin\u00e9<\/title>\n<meta name=\"description\" content=\"Offrez-vous ! Le Fusil Thompson M1928 Tommy Gun au meilleur prix - En zamac et bois massif - Chargeur camenbert amovible - M\u00e9canisme fonctionnel - 87 cm\" \/>\n<meta name=\"robots\" content=\"index, follow, max-snippet:-1, max-image-preview:large, max-video-preview:-1\" \/>\n<link rel=\"canonical\" href=\"https:\/\/repliquemangacine.fr\/es\/reproduccion-armas-segunda-guerra-mundial-denix\/pistola-ametralladora-fusil-thompson-m1928a1-tommy-gun\/\" \/>\n<meta property=\"og:locale\" content=\"es_ES\" \/>\n<meta property=\"og:type\" content=\"article\" \/>\n<meta property=\"og:title\" content=\"Thompson M1928 Tommy Gun - Denix | R\u00e9plique Manga Cin\u00e9\" \/>\n<meta property=\"og:description\" content=\"Offrez-vous ! Le Fusil Thompson M1928 Tommy Gun au meilleur prix - En zamac et bois massif - Chargeur camenbert amovible - M\u00e9canisme fonctionnel - 87 cm\" \/>\n<meta property=\"og:url\" content=\"https:\/\/repliquemangacine.fr\/es\/reproduccion-armas-segunda-guerra-mundial-denix\/pistola-ametralladora-fusil-thompson-m1928a1-tommy-gun\/\" \/>\n<meta property=\"og:site_name\" content=\"R\u00e9plique Manga Cin\u00e9\" \/>\n<meta property=\"article:publisher\" content=\"https:\/\/www.facebook.com\/RepliqueMangaCine\" \/>\n<meta property=\"article:modified_time\" content=\"2026-04-15T10:58:33+00:00\" \/>\n<meta property=\"og:image\" content=\"https:\/\/repliquemangacine.fr\/wp-content\/uploads\/2023\/10\/2099-Pistolet-mitrailleur-Thompson-M1928A1.jpg\" \/>\n\t<meta property=\"og:image:width\" content=\"600\" \/>\n\t<meta property=\"og:image:height\" content=\"600\" \/>\n\t<meta property=\"og:image:type\" content=\"image\/jpeg\" \/>\n<meta name=\"twitter:card\" content=\"summary_large_image\" \/>\n<meta name=\"twitter:label1\" content=\"Tiempo de lectura\" \/>\n\t<meta name=\"twitter:data1\" content=\"2 minutos\" \/>\n<script type=\"application\/ld+json\" class=\"yoast-schema-graph\">{\"@context\":\"https:\\\/\\\/schema.org\",\"@graph\":[{\"@type\":\"WebPage\",\"@id\":\"https:\\\/\\\/repliquemangacine.fr\\\/reproductions-armes-seconde-guerre-mondiale-denix\\\/pistolet-mitrailleur-fusil-thompson-m1928a1-tommy-gun\\\/\",\"url\":\"https:\\\/\\\/repliquemangacine.fr\\\/reproductions-armes-seconde-guerre-mondiale-denix\\\/pistolet-mitrailleur-fusil-thompson-m1928a1-tommy-gun\\\/\",\"name\":\"Thompson M1928 Tommy Gun - Denix | R\u00e9plique Manga Cin\u00e9\",\"isPartOf\":{\"@id\":\"https:\\\/\\\/repliquemangacine.fr\\\/#website\"},\"primaryImageOfPage\":{\"@id\":\"https:\\\/\\\/repliquemangacine.fr\\\/reproductions-armes-seconde-guerre-mondiale-denix\\\/pistolet-mitrailleur-fusil-thompson-m1928a1-tommy-gun\\\/#primaryimage\"},\"image\":{\"@id\":\"https:\\\/\\\/repliquemangacine.fr\\\/reproductions-armes-seconde-guerre-mondiale-denix\\\/pistolet-mitrailleur-fusil-thompson-m1928a1-tommy-gun\\\/#primaryimage\"},\"thumbnailUrl\":\"https:\\\/\\\/repliquemangacine.fr\\\/wp-content\\\/uploads\\\/2023\\\/10\\\/2099-Pistolet-mitrailleur-Thompson-M1928A1.jpg\",\"datePublished\":\"2017-06-14T16:58:43+00:00\",\"dateModified\":\"2026-04-15T10:58:33+00:00\",\"description\":\"Offrez-vous ! Le Fusil Thompson M1928 Tommy Gun au meilleur prix - En zamac et bois massif - Chargeur camenbert amovible - M\u00e9canisme fonctionnel - 87 cm\",\"breadcrumb\":{\"@id\":\"https:\\\/\\\/repliquemangacine.fr\\\/reproductions-armes-seconde-guerre-mondiale-denix\\\/pistolet-mitrailleur-fusil-thompson-m1928a1-tommy-gun\\\/#breadcrumb\"},\"inLanguage\":\"es\",\"potentialAction\":[{\"@type\":\"ReadAction\",\"target\":[\"https:\\\/\\\/repliquemangacine.fr\\\/reproductions-armes-seconde-guerre-mondiale-denix\\\/pistolet-mitrailleur-fusil-thompson-m1928a1-tommy-gun\\\/\"]}]},{\"@type\":\"ImageObject\",\"inLanguage\":\"es\",\"@id\":\"https:\\\/\\\/repliquemangacine.fr\\\/reproductions-armes-seconde-guerre-mondiale-denix\\\/pistolet-mitrailleur-fusil-thompson-m1928a1-tommy-gun\\\/#primaryimage\",\"url\":\"https:\\\/\\\/repliquemangacine.fr\\\/wp-content\\\/uploads\\\/2023\\\/10\\\/2099-Pistolet-mitrailleur-Thompson-M1928A1.jpg\",\"contentUrl\":\"https:\\\/\\\/repliquemangacine.fr\\\/wp-content\\\/uploads\\\/2023\\\/10\\\/2099-Pistolet-mitrailleur-Thompson-M1928A1.jpg\",\"width\":600,\"height\":600,\"caption\":\"Pistolet mitrailleur Thompson M1928 Tommy Gun\"},{\"@type\":\"BreadcrumbList\",\"@id\":\"https:\\\/\\\/repliquemangacine.fr\\\/reproductions-armes-seconde-guerre-mondiale-denix\\\/pistolet-mitrailleur-fusil-thompson-m1928a1-tommy-gun\\\/#breadcrumb\",\"itemListElement\":[{\"@type\":\"ListItem\",\"position\":1,\"name\":\"Accueil\",\"item\":\"https:\\\/\\\/repliquemangacine.fr\\\/\"},{\"@type\":\"ListItem\",\"position\":2,\"name\":\"Produits\",\"item\":\"https:\\\/\\\/repliquemangacine.fr\\\/boutique\\\/\"},{\"@type\":\"ListItem\",\"position\":3,\"name\":\"Thompson M1928 Tommy Gun\"}]},{\"@type\":\"WebSite\",\"@id\":\"https:\\\/\\\/repliquemangacine.fr\\\/#website\",\"url\":\"https:\\\/\\\/repliquemangacine.fr\\\/\",\"name\":\"R\u00e9plique Manga Cin\u00e9\",\"description\":\"\",\"publisher\":{\"@id\":\"https:\\\/\\\/repliquemangacine.fr\\\/#organization\"},\"potentialAction\":[{\"@type\":\"SearchAction\",\"target\":{\"@type\":\"EntryPoint\",\"urlTemplate\":\"https:\\\/\\\/repliquemangacine.fr\\\/?s={search_term_string}\"},\"query-input\":{\"@type\":\"PropertyValueSpecification\",\"valueRequired\":true,\"valueName\":\"search_term_string\"}}],\"inLanguage\":\"es\"},{\"@type\":\"Organization\",\"@id\":\"https:\\\/\\\/repliquemangacine.fr\\\/#organization\",\"name\":\"R\u00e9plique Manga Cin\u00e9\",\"url\":\"https:\\\/\\\/repliquemangacine.fr\\\/\",\"logo\":{\"@type\":\"ImageObject\",\"inLanguage\":\"es\",\"@id\":\"https:\\\/\\\/repliquemangacine.fr\\\/#\\\/schema\\\/logo\\\/image\\\/\",\"url\":\"https:\\\/\\\/repliquemangacine.fr\\\/wp-content\\\/uploads\\\/2023\\\/10\\\/RMC-500250.png\",\"contentUrl\":\"https:\\\/\\\/repliquemangacine.fr\\\/wp-content\\\/uploads\\\/2023\\\/10\\\/RMC-500250.png\",\"width\":500,\"height\":250,\"caption\":\"R\u00e9plique Manga Cin\u00e9\"},\"image\":{\"@id\":\"https:\\\/\\\/repliquemangacine.fr\\\/#\\\/schema\\\/logo\\\/image\\\/\"},\"sameAs\":[\"https:\\\/\\\/www.facebook.com\\\/RepliqueMangaCine\",\"https:\\\/\\\/www.instagram.com\\\/repliquemangacine.fr\\\/\"]}]}<\/script>\n<!-- \/ Yoast SEO plugin. -->","yoast_head_json":{"title":"Pistola Tommy Thompson M1928 - Denix | R\u00e9plique Manga Cin\u00e9","description":"\u00a1Date un capricho! La Tommy Gun Thompson M1928 al mejor precio - En zamac y madera maciza - Cargador camenbert extra\u00edble - Mecanismo funcional - 87 cm","robots":{"index":"index","follow":"follow","max-snippet":"max-snippet:-1","max-image-preview":"max-image-preview:large","max-video-preview":"max-video-preview:-1"},"canonical":"https:\/\/repliquemangacine.fr\/es\/reproduccion-armas-segunda-guerra-mundial-denix\/pistola-ametralladora-fusil-thompson-m1928a1-tommy-gun\/","og_locale":"es_ES","og_type":"article","og_title":"Thompson M1928 Tommy Gun - Denix | R\u00e9plique Manga Cin\u00e9","og_description":"Offrez-vous ! Le Fusil Thompson M1928 Tommy Gun au meilleur prix - En zamac et bois massif - Chargeur camenbert amovible - M\u00e9canisme fonctionnel - 87 cm","og_url":"https:\/\/repliquemangacine.fr\/es\/reproduccion-armas-segunda-guerra-mundial-denix\/pistola-ametralladora-fusil-thompson-m1928a1-tommy-gun\/","og_site_name":"R\u00e9plique Manga Cin\u00e9","article_publisher":"https:\/\/www.facebook.com\/RepliqueMangaCine","article_modified_time":"2026-04-15T10:58:33+00:00","og_image":[{"width":600,"height":600,"url":"https:\/\/repliquemangacine.fr\/wp-content\/uploads\/2023\/10\/2099-Pistolet-mitrailleur-Thompson-M1928A1.jpg","type":"image\/jpeg"}],"twitter_card":"summary_large_image","twitter_misc":{"Tiempo de lectura":"2 minutos"},"schema":{"@context":"https:\/\/schema.org","@graph":[{"@type":"WebPage","@id":"https:\/\/repliquemangacine.fr\/reproductions-armes-seconde-guerre-mondiale-denix\/pistolet-mitrailleur-fusil-thompson-m1928a1-tommy-gun\/","url":"https:\/\/repliquemangacine.fr\/reproductions-armes-seconde-guerre-mondiale-denix\/pistolet-mitrailleur-fusil-thompson-m1928a1-tommy-gun\/","name":"Pistola Tommy Thompson M1928 - Denix | R\u00e9plique Manga Cin\u00e9","isPartOf":{"@id":"https:\/\/repliquemangacine.fr\/#website"},"primaryImageOfPage":{"@id":"https:\/\/repliquemangacine.fr\/reproductions-armes-seconde-guerre-mondiale-denix\/pistolet-mitrailleur-fusil-thompson-m1928a1-tommy-gun\/#primaryimage"},"image":{"@id":"https:\/\/repliquemangacine.fr\/reproductions-armes-seconde-guerre-mondiale-denix\/pistolet-mitrailleur-fusil-thompson-m1928a1-tommy-gun\/#primaryimage"},"thumbnailUrl":"https:\/\/repliquemangacine.fr\/wp-content\/uploads\/2023\/10\/2099-Pistolet-mitrailleur-Thompson-M1928A1.jpg","datePublished":"2017-06-14T16:58:43+00:00","dateModified":"2026-04-15T10:58:33+00:00","description":"\u00a1Date un capricho! La Tommy Gun Thompson M1928 al mejor precio - En zamac y madera maciza - Cargador camenbert extra\u00edble - Mecanismo funcional - 87 cm","breadcrumb":{"@id":"https:\/\/repliquemangacine.fr\/reproductions-armes-seconde-guerre-mondiale-denix\/pistolet-mitrailleur-fusil-thompson-m1928a1-tommy-gun\/#breadcrumb"},"inLanguage":"es","potentialAction":[{"@type":"ReadAction","target":["https:\/\/repliquemangacine.fr\/reproductions-armes-seconde-guerre-mondiale-denix\/pistolet-mitrailleur-fusil-thompson-m1928a1-tommy-gun\/"]}]},{"@type":"ImageObject","inLanguage":"es","@id":"https:\/\/repliquemangacine.fr\/reproductions-armes-seconde-guerre-mondiale-denix\/pistolet-mitrailleur-fusil-thompson-m1928a1-tommy-gun\/#primaryimage","url":"https:\/\/repliquemangacine.fr\/wp-content\/uploads\/2023\/10\/2099-Pistolet-mitrailleur-Thompson-M1928A1.jpg","contentUrl":"https:\/\/repliquemangacine.fr\/wp-content\/uploads\/2023\/10\/2099-Pistolet-mitrailleur-Thompson-M1928A1.jpg","width":600,"height":600,"caption":"Pistolet mitrailleur Thompson M1928 Tommy Gun"},{"@type":"BreadcrumbList","@id":"https:\/\/repliquemangacine.fr\/reproductions-armes-seconde-guerre-mondiale-denix\/pistolet-mitrailleur-fusil-thompson-m1928a1-tommy-gun\/#breadcrumb","itemListElement":[{"@type":"ListItem","position":1,"name":"Accueil","item":"https:\/\/repliquemangacine.fr\/"},{"@type":"ListItem","position":2,"name":"Produits","item":"https:\/\/repliquemangacine.fr\/boutique\/"},{"@type":"ListItem","position":3,"name":"Thompson M1928 Tommy Gun"}]},{"@type":"WebSite","@id":"https:\/\/repliquemangacine.fr\/#website","url":"https:\/\/repliquemangacine.fr\/","name":"R\u00e9plique Manga Cin\u00e9","description":"","publisher":{"@id":"https:\/\/repliquemangacine.fr\/#organization"},"potentialAction":[{"@type":"SearchAction","target":{"@type":"EntryPoint","urlTemplate":"https:\/\/repliquemangacine.fr\/?s={search_term_string}"},"query-input":{"@type":"PropertyValueSpecification","valueRequired":true,"valueName":"search_term_string"}}],"inLanguage":"es"},{"@type":"Organization","@id":"https:\/\/repliquemangacine.fr\/#organization","name":"R\u00e9plique Manga Cin\u00e9","url":"https:\/\/repliquemangacine.fr\/","logo":{"@type":"ImageObject","inLanguage":"es","@id":"https:\/\/repliquemangacine.fr\/#\/schema\/logo\/image\/","url":"https:\/\/repliquemangacine.fr\/wp-content\/uploads\/2023\/10\/RMC-500250.png","contentUrl":"https:\/\/repliquemangacine.fr\/wp-content\/uploads\/2023\/10\/RMC-500250.png","width":500,"height":250,"caption":"R\u00e9plique Manga Cin\u00e9"},"image":{"@id":"https:\/\/repliquemangacine.fr\/#\/schema\/logo\/image\/"},"sameAs":["https:\/\/www.facebook.com\/RepliqueMangaCine","https:\/\/www.instagram.com\/repliquemangacine.fr\/"]}]}},"_links":{"self":[{"href":"https:\/\/repliquemangacine.fr\/es\/wp-json\/wp\/v2\/product\/27323","targetHints":{"allow":["GET"]}}],"collection":[{"href":"https:\/\/repliquemangacine.fr\/es\/wp-json\/wp\/v2\/product"}],"about":[{"href":"https:\/\/repliquemangacine.fr\/es\/wp-json\/wp\/v2\/types\/product"}],"wp:featuredmedia":[{"embeddable":true,"href":"https:\/\/repliquemangacine.fr\/es\/wp-json\/wp\/v2\/media\/27324"}],"wp:attachment":[{"href":"https:\/\/repliquemangacine.fr\/es\/wp-json\/wp\/v2\/media?parent=27323"}],"wp:term":[{"taxonomy":"product_brand","embeddable":true,"href":"https:\/\/repliquemangacine.fr\/es\/wp-json\/wp\/v2\/product_brand?post=27323"},{"taxonomy":"product_cat","embeddable":true,"href":"https:\/\/repliquemangacine.fr\/es\/wp-json\/wp\/v2\/product_cat?post=27323"},{"taxonomy":"product_tag","embeddable":true,"href":"https:\/\/repliquemangacine.fr\/es\/wp-json\/wp\/v2\/product_tag?post=27323"}],"curies":[{"name":"wp","href":"https:\/\/api.w.org\/{rel}","templated":true}]}}