





{"id":27289,"date":"2017-06-10T18:41:52","date_gmt":"2017-06-10T16:41:52","guid":{"rendered":"https:\/\/repliquemangacine.fr\/?post_type=product&#038;p=27289"},"modified":"2025-12-09T18:58:56","modified_gmt":"2025-12-09T17:58:56","slug":"par-de-riddick-serp-ulaks","status":"publish","type":"product","link":"https:\/\/repliquemangacine.fr\/es\/katana-les-epees-de-films-et-series\/paire-d-ulaks-serpes-de-riddick\/","title":{"rendered":"Riddick Ulaks"},"content":{"rendered":"<h2>Los serapes de Riddick Ulaks en Las cr\u00f3nicas de Riddick.<\/h2>\n<p>Para empezar, los Riddick's Serps son cuchillos curvos de un solo filo con bordes dentados, que generalmente se usan en t\u00e1ndem y se denominan Par de Riddick's Serps.<a href=\"https:\/\/thechroniclesofriddick-fandom-com.translate.goog\/wiki\/Ulaks?_x_tr_sl=en&amp;_x_tr_tl=fr&amp;_x_tr_hl=fr&amp;_x_tr_pto=sc\" target=\"_blank\" rel=\"noopener noreferrer\">Ulaks<\/a>. En manos de Riddick, estas garras eran armas devastadoras, capaces de cortar, trocear y decapitar con facilidad, lo que les vali\u00f3 una temible reputaci\u00f3n.<\/p>\n<p>The Chronicles of Riddick es una franquicia de ciencia ficci\u00f3n que abarca pel\u00edculas, videojuegos, animaciones y c\u00f3mics animados. Es un personaje rebelde, que rechaza cualquier forma de autoridad, un guerrero nato, al l\u00edmite del instinto animal. De hecho, Riddick no es un asesino psic\u00f3pata, sino un depredador que utiliza todos los medios necesarios para sobrevivir.<\/p>\n<p>Por el contrario, en Riddick, buscar\u00e1 deshacerse de su humanidad para recuperar sus instintos primarios.<\/p>\n<h2>Tu Serpes de Riddick al mejor precio.<\/h2>\n<p>Le ofrecemos una amplia selecci\u00f3n de r\u00e9plicas de espadas y objetos de colecci\u00f3n de sus h\u00e9roes cinematogr\u00e1ficos favoritos.<\/p>\n<p>Ante todo<\/p>\n<ul>\n<li>L'<a href=\"https:\/\/repliquemangacine.fr\/es\/espada-medieval-2\/epee-excalibur-epee-roi-arthur\/\">La espada del Rey Arturo<\/a> la Excalibur con su hoja grabada.<\/li>\n<li>Entonces el<a href=\"https:\/\/repliquemangacine.fr\/es\/otras-peliculas\/narnia-espada-valiente\/\">Espada valiente<\/a>usado por Peter en el Mundo de Narnia con su pomo en forma de cabeza de le\u00f3n.<\/li>\n<li>Tambi\u00e9n existe la<a href=\"https:\/\/repliquemangacine.fr\/es\/peliculas-series-tv-venta-de-espadas-katana-y-productos-relacionados\/epee-du-pere-de-conan-le-barbare-conan-father-sword-epee-de-conan\/\">La espada del padre de Conan<\/a> bajo licencia oficial distribuida por Marto.<\/li>\n<li>Y muchos m\u00e1s por descubrir en nuestra tienda en l\u00ednea.<\/li>\n<\/ul>\n<p>Por eso, aqu\u00ed tienes unas ideas fant\u00e1sticas para regalar a todos los amantes del universo Marvel.<\/p>\n<p>En conclusi\u00f3n, puede utilizar los <strong>Los serapes de Riddick<\/strong> para sus desfiles de cosplay. Pero, sobre todo, los cuchillos Ulaks son piezas de coleccionista y objetos decorativos.<\/p>\n<h2>\u00bfC\u00f3mo se mantiene la hoja del cuchillo?<\/h2>\n<p>Los cuchillos de colecci\u00f3n y decorativos se fabrican y ensamblan de forma simplificada. Como su uso es decorativo, no cuentan con los elementos de seguridad exigidos para una espada japonesa destinada al entrenamiento.<\/p>\n<p>Sin embargo, su <strong>Los serapes de Riddick<\/strong> tienen una hoja de acero que hay que mantener para evitar que se da\u00f1e con el tiempo. Cuando exponga su katana, sus amigos sentir\u00e1n curiosidad por ver la hoja y tocarla. Aqu\u00ed es donde hay que tener cuidado, ya que la acidez de los dedos es muy perjudicial para el acero, sea cual sea su calidad.<\/p>\n<p>Sin embargo, si esto ocurre, no se preocupe, solo tiene que humedecer un pa\u00f1o con un poco de aceite y limpiar las huellas dactilares. De esta forma, conservar\u00e1 su cuchillo durante mucho tiempo.<\/p>","protected":false},"excerpt":{"rendered":"<p>\u00a1Impresionantes cuchillas Ulak! R\u00e9plica de dos serpientes utilizadas por Riddick aka Vin Diesel.<\/p>\n<ul>\n<li>Fabricado en una sola pieza.<\/li>\n<li>Fabricado en acero inoxidable 440.<\/li>\n<li>Mango con trenzado de algod\u00f3n negro.<\/li>\n<li>Borde serrado.<\/li>\n<li>Apoyo.<\/li>\n<li>Longitud total: 27 cm<\/li>\n<\/ul>","protected":false},"featured_media":27290,"template":"","meta":[],"product_brand":[896],"product_cat":[91,66,44,24,26],"product_tag":[],"class_list":{"0":"post-27289","1":"product","2":"type-product","3":"status-publish","4":"has-post-thumbnail","6":"product_brand-replique-manga-cine","7":"product_cat-katana-les-epees-de-films-et-series","8":"product_cat-repliques-d-armes-films-et-series","9":"product_cat-epees-et-dagues-fantasy","10":"product_cat-films-series-tv-vente-de-katana-epee-et-produits-derives","11":"product_cat-katana-epee","13":"first","14":"instock","15":"taxable","16":"shipping-taxable","17":"purchasable","18":"product-type-simple"},"yoast_head":"<!-- This site is optimized with the Yoast SEO plugin v27.4 - https:\/\/yoast.com\/product\/yoast-seo-wordpress\/ -->\n<title>Serpes de Riddick - Paire couteaux d&#039;ulaks | R\u00e9plique Manga Cin\u00e9<\/title>\n<meta name=\"description\" content=\"D\u00e9couvrez les Serpes de Riddick, paire couteaux d&#039;Ulaks au meilleur prix - Lame acier 440 - Full tang construction - Support - Longueur : 27 cm\" \/>\n<meta name=\"robots\" content=\"index, follow, max-snippet:-1, max-image-preview:large, max-video-preview:-1\" \/>\n<link rel=\"canonical\" href=\"https:\/\/repliquemangacine.fr\/es\/espadas-katana-de-peliculas-y-series\/par-de-riddick-serp-ulaks\/\" \/>\n<meta property=\"og:locale\" content=\"es_ES\" \/>\n<meta property=\"og:type\" content=\"article\" \/>\n<meta property=\"og:title\" content=\"Serpes de Riddick - Paire couteaux d&#039;ulaks | R\u00e9plique Manga Cin\u00e9\" \/>\n<meta property=\"og:description\" content=\"D\u00e9couvrez les Serpes de Riddick, paire couteaux d&#039;Ulaks au meilleur prix - Lame acier 440 - Full tang construction - Support - Longueur : 27 cm\" \/>\n<meta property=\"og:url\" content=\"https:\/\/repliquemangacine.fr\/es\/espadas-katana-de-peliculas-y-series\/par-de-riddick-serp-ulaks\/\" \/>\n<meta property=\"og:site_name\" content=\"R\u00e9plique Manga Cin\u00e9\" \/>\n<meta property=\"article:publisher\" content=\"https:\/\/www.facebook.com\/RepliqueMangaCine\" \/>\n<meta property=\"article:modified_time\" content=\"2025-12-09T17:58:56+00:00\" \/>\n<meta property=\"og:image\" content=\"https:\/\/repliquemangacine.fr\/wp-content\/uploads\/2023\/10\/2065-Paire-dulaks-les-chroniques-de-riddick.jpg\" \/>\n\t<meta property=\"og:image:width\" content=\"600\" \/>\n\t<meta property=\"og:image:height\" content=\"600\" \/>\n\t<meta property=\"og:image:type\" content=\"image\/jpeg\" \/>\n<meta name=\"twitter:card\" content=\"summary_large_image\" \/>\n<meta name=\"twitter:label1\" content=\"Tiempo de lectura\" \/>\n\t<meta name=\"twitter:data1\" content=\"2 minutos\" \/>\n<script type=\"application\/ld+json\" class=\"yoast-schema-graph\">{\"@context\":\"https:\\\/\\\/schema.org\",\"@graph\":[{\"@type\":\"WebPage\",\"@id\":\"https:\\\/\\\/repliquemangacine.fr\\\/katana-les-epees-de-films-et-series\\\/paire-d-ulaks-serpes-de-riddick\\\/\",\"url\":\"https:\\\/\\\/repliquemangacine.fr\\\/katana-les-epees-de-films-et-series\\\/paire-d-ulaks-serpes-de-riddick\\\/\",\"name\":\"Serpes de Riddick - Paire couteaux d'ulaks | R\u00e9plique Manga Cin\u00e9\",\"isPartOf\":{\"@id\":\"https:\\\/\\\/repliquemangacine.fr\\\/#website\"},\"primaryImageOfPage\":{\"@id\":\"https:\\\/\\\/repliquemangacine.fr\\\/katana-les-epees-de-films-et-series\\\/paire-d-ulaks-serpes-de-riddick\\\/#primaryimage\"},\"image\":{\"@id\":\"https:\\\/\\\/repliquemangacine.fr\\\/katana-les-epees-de-films-et-series\\\/paire-d-ulaks-serpes-de-riddick\\\/#primaryimage\"},\"thumbnailUrl\":\"https:\\\/\\\/repliquemangacine.fr\\\/wp-content\\\/uploads\\\/2023\\\/10\\\/2065-Paire-dulaks-les-chroniques-de-riddick.jpg\",\"datePublished\":\"2017-06-10T16:41:52+00:00\",\"dateModified\":\"2025-12-09T17:58:56+00:00\",\"description\":\"D\u00e9couvrez les Serpes de Riddick, paire couteaux d'Ulaks au meilleur prix - Lame acier 440 - Full tang construction - Support - Longueur : 27 cm\",\"breadcrumb\":{\"@id\":\"https:\\\/\\\/repliquemangacine.fr\\\/katana-les-epees-de-films-et-series\\\/paire-d-ulaks-serpes-de-riddick\\\/#breadcrumb\"},\"inLanguage\":\"es\",\"potentialAction\":[{\"@type\":\"ReadAction\",\"target\":[\"https:\\\/\\\/repliquemangacine.fr\\\/katana-les-epees-de-films-et-series\\\/paire-d-ulaks-serpes-de-riddick\\\/\"]}]},{\"@type\":\"ImageObject\",\"inLanguage\":\"es\",\"@id\":\"https:\\\/\\\/repliquemangacine.fr\\\/katana-les-epees-de-films-et-series\\\/paire-d-ulaks-serpes-de-riddick\\\/#primaryimage\",\"url\":\"https:\\\/\\\/repliquemangacine.fr\\\/wp-content\\\/uploads\\\/2023\\\/10\\\/2065-Paire-dulaks-les-chroniques-de-riddick.jpg\",\"contentUrl\":\"https:\\\/\\\/repliquemangacine.fr\\\/wp-content\\\/uploads\\\/2023\\\/10\\\/2065-Paire-dulaks-les-chroniques-de-riddick.jpg\",\"width\":600,\"height\":600,\"caption\":\"Serpes Ulaks de Riddick les chroniques de riddick\"},{\"@type\":\"BreadcrumbList\",\"@id\":\"https:\\\/\\\/repliquemangacine.fr\\\/katana-les-epees-de-films-et-series\\\/paire-d-ulaks-serpes-de-riddick\\\/#breadcrumb\",\"itemListElement\":[{\"@type\":\"ListItem\",\"position\":1,\"name\":\"Accueil\",\"item\":\"https:\\\/\\\/repliquemangacine.fr\\\/\"},{\"@type\":\"ListItem\",\"position\":2,\"name\":\"Produits\",\"item\":\"https:\\\/\\\/repliquemangacine.fr\\\/boutique\\\/\"},{\"@type\":\"ListItem\",\"position\":3,\"name\":\"Serpes de Riddick Ulaks\"}]},{\"@type\":\"WebSite\",\"@id\":\"https:\\\/\\\/repliquemangacine.fr\\\/#website\",\"url\":\"https:\\\/\\\/repliquemangacine.fr\\\/\",\"name\":\"R\u00e9plique Manga Cin\u00e9\",\"description\":\"\",\"publisher\":{\"@id\":\"https:\\\/\\\/repliquemangacine.fr\\\/#organization\"},\"potentialAction\":[{\"@type\":\"SearchAction\",\"target\":{\"@type\":\"EntryPoint\",\"urlTemplate\":\"https:\\\/\\\/repliquemangacine.fr\\\/?s={search_term_string}\"},\"query-input\":{\"@type\":\"PropertyValueSpecification\",\"valueRequired\":true,\"valueName\":\"search_term_string\"}}],\"inLanguage\":\"es\"},{\"@type\":\"Organization\",\"@id\":\"https:\\\/\\\/repliquemangacine.fr\\\/#organization\",\"name\":\"R\u00e9plique Manga Cin\u00e9\",\"url\":\"https:\\\/\\\/repliquemangacine.fr\\\/\",\"logo\":{\"@type\":\"ImageObject\",\"inLanguage\":\"es\",\"@id\":\"https:\\\/\\\/repliquemangacine.fr\\\/#\\\/schema\\\/logo\\\/image\\\/\",\"url\":\"https:\\\/\\\/repliquemangacine.fr\\\/wp-content\\\/uploads\\\/2023\\\/10\\\/RMC-500250.png\",\"contentUrl\":\"https:\\\/\\\/repliquemangacine.fr\\\/wp-content\\\/uploads\\\/2023\\\/10\\\/RMC-500250.png\",\"width\":500,\"height\":250,\"caption\":\"R\u00e9plique Manga Cin\u00e9\"},\"image\":{\"@id\":\"https:\\\/\\\/repliquemangacine.fr\\\/#\\\/schema\\\/logo\\\/image\\\/\"},\"sameAs\":[\"https:\\\/\\\/www.facebook.com\\\/RepliqueMangaCine\",\"https:\\\/\\\/www.instagram.com\\\/repliquemangacine.fr\\\/\"]}]}<\/script>\n<!-- \/ Yoast SEO plugin. -->","yoast_head_json":{"title":"Serpes de Riddick - Par de cuchillos ulak | R\u00e9plique Manga Cin\u00e9","description":"Descubra Riddick's Serps, par de cuchillos Ulaks al mejor precio - Hoja de acero 440 - Construcci\u00f3n de espiga completa - Soporte - Longitud: 27 cm","robots":{"index":"index","follow":"follow","max-snippet":"max-snippet:-1","max-image-preview":"max-image-preview:large","max-video-preview":"max-video-preview:-1"},"canonical":"https:\/\/repliquemangacine.fr\/es\/espadas-katana-de-peliculas-y-series\/par-de-riddick-serp-ulaks\/","og_locale":"es_ES","og_type":"article","og_title":"Serpes de Riddick - Paire couteaux d'ulaks | R\u00e9plique Manga Cin\u00e9","og_description":"D\u00e9couvrez les Serpes de Riddick, paire couteaux d'Ulaks au meilleur prix - Lame acier 440 - Full tang construction - Support - Longueur : 27 cm","og_url":"https:\/\/repliquemangacine.fr\/es\/espadas-katana-de-peliculas-y-series\/par-de-riddick-serp-ulaks\/","og_site_name":"R\u00e9plique Manga Cin\u00e9","article_publisher":"https:\/\/www.facebook.com\/RepliqueMangaCine","article_modified_time":"2025-12-09T17:58:56+00:00","og_image":[{"width":600,"height":600,"url":"https:\/\/repliquemangacine.fr\/wp-content\/uploads\/2023\/10\/2065-Paire-dulaks-les-chroniques-de-riddick.jpg","type":"image\/jpeg"}],"twitter_card":"summary_large_image","twitter_misc":{"Tiempo de lectura":"2 minutos"},"schema":{"@context":"https:\/\/schema.org","@graph":[{"@type":"WebPage","@id":"https:\/\/repliquemangacine.fr\/katana-les-epees-de-films-et-series\/paire-d-ulaks-serpes-de-riddick\/","url":"https:\/\/repliquemangacine.fr\/katana-les-epees-de-films-et-series\/paire-d-ulaks-serpes-de-riddick\/","name":"Serpes de Riddick - Par de cuchillos ulak | R\u00e9plique Manga Cin\u00e9","isPartOf":{"@id":"https:\/\/repliquemangacine.fr\/#website"},"primaryImageOfPage":{"@id":"https:\/\/repliquemangacine.fr\/katana-les-epees-de-films-et-series\/paire-d-ulaks-serpes-de-riddick\/#primaryimage"},"image":{"@id":"https:\/\/repliquemangacine.fr\/katana-les-epees-de-films-et-series\/paire-d-ulaks-serpes-de-riddick\/#primaryimage"},"thumbnailUrl":"https:\/\/repliquemangacine.fr\/wp-content\/uploads\/2023\/10\/2065-Paire-dulaks-les-chroniques-de-riddick.jpg","datePublished":"2017-06-10T16:41:52+00:00","dateModified":"2025-12-09T17:58:56+00:00","description":"Descubra Riddick's Serps, par de cuchillos Ulaks al mejor precio - Hoja de acero 440 - Construcci\u00f3n de espiga completa - Soporte - Longitud: 27 cm","breadcrumb":{"@id":"https:\/\/repliquemangacine.fr\/katana-les-epees-de-films-et-series\/paire-d-ulaks-serpes-de-riddick\/#breadcrumb"},"inLanguage":"es","potentialAction":[{"@type":"ReadAction","target":["https:\/\/repliquemangacine.fr\/katana-les-epees-de-films-et-series\/paire-d-ulaks-serpes-de-riddick\/"]}]},{"@type":"ImageObject","inLanguage":"es","@id":"https:\/\/repliquemangacine.fr\/katana-les-epees-de-films-et-series\/paire-d-ulaks-serpes-de-riddick\/#primaryimage","url":"https:\/\/repliquemangacine.fr\/wp-content\/uploads\/2023\/10\/2065-Paire-dulaks-les-chroniques-de-riddick.jpg","contentUrl":"https:\/\/repliquemangacine.fr\/wp-content\/uploads\/2023\/10\/2065-Paire-dulaks-les-chroniques-de-riddick.jpg","width":600,"height":600,"caption":"Serpes Ulaks de Riddick les chroniques de riddick"},{"@type":"BreadcrumbList","@id":"https:\/\/repliquemangacine.fr\/katana-les-epees-de-films-et-series\/paire-d-ulaks-serpes-de-riddick\/#breadcrumb","itemListElement":[{"@type":"ListItem","position":1,"name":"Accueil","item":"https:\/\/repliquemangacine.fr\/"},{"@type":"ListItem","position":2,"name":"Produits","item":"https:\/\/repliquemangacine.fr\/boutique\/"},{"@type":"ListItem","position":3,"name":"Serpes de Riddick Ulaks"}]},{"@type":"WebSite","@id":"https:\/\/repliquemangacine.fr\/#website","url":"https:\/\/repliquemangacine.fr\/","name":"R\u00e9plique Manga Cin\u00e9","description":"","publisher":{"@id":"https:\/\/repliquemangacine.fr\/#organization"},"potentialAction":[{"@type":"SearchAction","target":{"@type":"EntryPoint","urlTemplate":"https:\/\/repliquemangacine.fr\/?s={search_term_string}"},"query-input":{"@type":"PropertyValueSpecification","valueRequired":true,"valueName":"search_term_string"}}],"inLanguage":"es"},{"@type":"Organization","@id":"https:\/\/repliquemangacine.fr\/#organization","name":"R\u00e9plique Manga Cin\u00e9","url":"https:\/\/repliquemangacine.fr\/","logo":{"@type":"ImageObject","inLanguage":"es","@id":"https:\/\/repliquemangacine.fr\/#\/schema\/logo\/image\/","url":"https:\/\/repliquemangacine.fr\/wp-content\/uploads\/2023\/10\/RMC-500250.png","contentUrl":"https:\/\/repliquemangacine.fr\/wp-content\/uploads\/2023\/10\/RMC-500250.png","width":500,"height":250,"caption":"R\u00e9plique Manga Cin\u00e9"},"image":{"@id":"https:\/\/repliquemangacine.fr\/#\/schema\/logo\/image\/"},"sameAs":["https:\/\/www.facebook.com\/RepliqueMangaCine","https:\/\/www.instagram.com\/repliquemangacine.fr\/"]}]}},"_links":{"self":[{"href":"https:\/\/repliquemangacine.fr\/es\/wp-json\/wp\/v2\/product\/27289","targetHints":{"allow":["GET"]}}],"collection":[{"href":"https:\/\/repliquemangacine.fr\/es\/wp-json\/wp\/v2\/product"}],"about":[{"href":"https:\/\/repliquemangacine.fr\/es\/wp-json\/wp\/v2\/types\/product"}],"wp:featuredmedia":[{"embeddable":true,"href":"https:\/\/repliquemangacine.fr\/es\/wp-json\/wp\/v2\/media\/27290"}],"wp:attachment":[{"href":"https:\/\/repliquemangacine.fr\/es\/wp-json\/wp\/v2\/media?parent=27289"}],"wp:term":[{"taxonomy":"product_brand","embeddable":true,"href":"https:\/\/repliquemangacine.fr\/es\/wp-json\/wp\/v2\/product_brand?post=27289"},{"taxonomy":"product_cat","embeddable":true,"href":"https:\/\/repliquemangacine.fr\/es\/wp-json\/wp\/v2\/product_cat?post=27289"},{"taxonomy":"product_tag","embeddable":true,"href":"https:\/\/repliquemangacine.fr\/es\/wp-json\/wp\/v2\/product_tag?post=27289"}],"curies":[{"name":"wp","href":"https:\/\/api.w.org\/{rel}","templated":true}]}}