





{"id":27263,"date":"2017-05-22T19:46:13","date_gmt":"2017-05-22T17:46:13","guid":{"rendered":"https:\/\/repliquemangacine.fr\/?post_type=product&#038;p=27263"},"modified":"2025-09-23T18:01:54","modified_gmt":"2025-09-23T16:01:54","slug":"replica-anduin-lothar-warcraft-espada","status":"publish","type":"product","link":"https:\/\/repliquemangacine.fr\/es\/epees-world-of-warcraft\/replique-epee-anduin-lothar-warcraft\/","title":{"rendered":"Anduin Lothar Espada de Warcraft"},"content":{"rendered":"<h2>Anduin Lothar Wow espada<\/h2>\n<p>Para empezar, el<strong>Anduin Lothar Wow espada<\/strong>, apodado El Le\u00f3n de Azeroth, es el \u00faltimo descendiente de la antigua estirpe Arathi. Como arma principal, Lothar empu\u00f1aba la gran espada Quel'Zaram. Por ello, fue nombrado caballero campe\u00f3n de Ventormenta. Amigo de la infancia de Medivh y Llane Wrynn.<\/p>\n<p>Puedes encontrar la espada Anduin Lothar en la pel\u00edcula World of Warcraft, as\u00ed como en el MMORPG.<\/p>\n<p>Anduin Lothar ser\u00e1 muy eficaz con su espada. Durante la batalla en el Portal Negro, derrot\u00f3 a Main Negro en un duelo. Encontr\u00f3 la daga de Garona sobre el cad\u00e1ver del rey y decidi\u00f3 expulsar a la horda creando la Alianza de Azeroth.<\/p>\n<p><a href=\"https:\/\/wowwiki.fandom.com\/fr\/wiki\/Anduin_Lothar\" target=\"_blank\" rel=\"noopener noreferrer\">Anduin Lothar<\/a> y Garona disfrutaron de una relaci\u00f3n amorosa sincera tras un comienzo complicado.<\/p>\n<h2>Tu Anduin Lothar Wow espada al mejor precio.<\/h2>\n<p>Te ofrecemos una amplia selecci\u00f3n de r\u00e9plicas del juego World of Warcraft.<\/p>\n<p>Lo primero y m\u00e1s importante,<\/p>\n<ul>\n<li>La impresionante espada de Arthas le <a href=\"https:\/\/repliquemangacine.fr\/es\/espadas-de-world-of-warcraft\/frostmourne-deuillegivre-espada-espada-del-rey-lich\/\">Frostmourne<\/a> Espada del Rey Ex\u00e1nime.<\/li>\n<li>Y el hacha de dos manos <a href=\"https:\/\/repliquemangacine.fr\/es\/espadas-de-world-of-warcraft\/hacha-deuillelombre-shadowmourne-world-of-warcraft\/\">Shadowmourne<\/a><\/li>\n<li>Tambi\u00e9n est\u00e1 el martillo del destino, el <a href=\"https:\/\/repliquemangacine.fr\/es\/espadas-de-world-of-warcraft\/martillo-del-destino-world-of-warcraft-replica-thrall-hammer-doomhammer\/\">Thrall Doomhammer<\/a><\/li>\n<li>Y muchos m\u00e1s por descubrir en nuestra tienda en l\u00ednea.<\/li>\n<\/ul>\n<p>Por eso, esta es una idea estupenda para regalar a los fans de Wow.<\/p>\n<p>En conclusi\u00f3n, puede utilizar el\u2019<strong>Anduin Lothar Wow espada<\/strong> para tus desfiles de cosplay. Pero, ante todo, es una pieza de colecci\u00f3n y decoraci\u00f3n.<\/p>\n<p>R\u00e9plique Manga Cin\u00e9 es una empresa familiar francesa.<\/p>\n<h2>\u00bfC\u00f3mo mantengo la hoja de mi espada de World of Warcraft?<\/h2>\n<p>Las espadas de colecci\u00f3n y decorativas se fabrican y ensamblan de forma simplificada. Como su uso es decorativo, no cuentan con los elementos de seguridad necesarios para una espada japonesa destinada al entrenamiento.<\/p>\n<p>Sin embargo, su <strong>Anduin Lothar Wow espada<\/strong> a una hoja de acero que hay que cuidar para evitar que se estropee con el tiempo. Cuando exponga su katana, sus amigos sentir\u00e1n curiosidad por ver la hoja y tocarla. Aqu\u00ed es donde hay que tener cuidado, ya que la acidez de los dedos es muy perjudicial para el acero, sea cual sea su calidad.<\/p>\n<p>Sin embargo, si esto ocurre, no te asustes, todo lo que necesitas es un pa\u00f1o humedecido con un poco de aceite y limpiar las huellas dactilares. Si haces esto, tu espada durar\u00e1 mucho tiempo.<\/p>","protected":false},"excerpt":{"rendered":"<p>Espada Quel'Zaram de Anduin Lothar de World of Warcraft.<\/p>\n<ul>\n<li>Hoja de acero al carbono con serigraf\u00eda.<\/li>\n<li>Empu\u00f1adura de acero en forma de cabeza de drag\u00f3n.<\/li>\n<li>Mango de acero en forma de escamas.<\/li>\n<li>Soporte mural de madera.<\/li>\n<li>Longitud de la hoja: 69 cm - Longitud total: 106 cm<\/li>\n<\/ul>","protected":false},"featured_media":27264,"template":"","meta":[],"product_brand":[896],"product_cat":[23,60],"product_tag":[],"class_list":{"0":"post-27263","1":"product","2":"type-product","3":"status-publish","4":"has-post-thumbnail","6":"product_brand-replique-manga-cine","7":"product_cat-repliques-manga-jeux-video","8":"product_cat-epees-world-of-warcraft","10":"first","11":"outofstock","12":"sale","13":"taxable","14":"shipping-taxable","15":"purchasable","16":"product-type-simple"},"yoast_head":"<!-- This site is optimized with the Yoast SEO plugin v27.4 - https:\/\/yoast.com\/product\/yoast-seo-wordpress\/ -->\n<title>Ep\u00e9e Anduin Lothar Wow - Quel&#039;Zaram - Boutique en ligne | RMC<\/title>\n<meta name=\"description\" content=\"Offrez-vous cette Ep\u00e9e Anduin Lothar Wow au meilleur prix. Lame en acier carbone - Echelle 1\/1 - Support - Longueur : 106 cm - Envoi 24\/48H.\" \/>\n<meta name=\"robots\" content=\"index, follow, max-snippet:-1, max-image-preview:large, max-video-preview:-1\" \/>\n<link rel=\"canonical\" href=\"https:\/\/repliquemangacine.fr\/es\/espadas-de-world-of-warcraft\/replica-anduin-lothar-warcraft-espada\/\" \/>\n<meta property=\"og:locale\" content=\"es_ES\" \/>\n<meta property=\"og:type\" content=\"article\" \/>\n<meta property=\"og:title\" content=\"Ep\u00e9e Anduin Lothar Wow - Quel&#039;Zaram - Boutique en ligne | RMC\" \/>\n<meta property=\"og:description\" content=\"Offrez-vous cette Ep\u00e9e Anduin Lothar Wow au meilleur prix. Lame en acier carbone - Echelle 1\/1 - Support - Longueur : 106 cm - Envoi 24\/48H.\" \/>\n<meta property=\"og:url\" content=\"https:\/\/repliquemangacine.fr\/es\/espadas-de-world-of-warcraft\/replica-anduin-lothar-warcraft-espada\/\" \/>\n<meta property=\"og:site_name\" content=\"R\u00e9plique Manga Cin\u00e9\" \/>\n<meta property=\"article:publisher\" content=\"https:\/\/www.facebook.com\/RepliqueMangaCine\" \/>\n<meta property=\"article:modified_time\" content=\"2025-09-23T16:01:54+00:00\" \/>\n<meta property=\"og:image\" content=\"https:\/\/repliquemangacine.fr\/wp-content\/uploads\/2023\/10\/2041-Replique-epee-Anduin-Lothar-Warcraft.jpg\" \/>\n\t<meta property=\"og:image:width\" content=\"600\" \/>\n\t<meta property=\"og:image:height\" content=\"600\" \/>\n\t<meta property=\"og:image:type\" content=\"image\/jpeg\" \/>\n<meta name=\"twitter:card\" content=\"summary_large_image\" \/>\n<meta name=\"twitter:label1\" content=\"Tiempo de lectura\" \/>\n\t<meta name=\"twitter:data1\" content=\"2 minutos\" \/>\n<script type=\"application\/ld+json\" class=\"yoast-schema-graph\">{\"@context\":\"https:\\\/\\\/schema.org\",\"@graph\":[{\"@type\":\"WebPage\",\"@id\":\"https:\\\/\\\/repliquemangacine.fr\\\/epees-world-of-warcraft\\\/replique-epee-anduin-lothar-warcraft\\\/\",\"url\":\"https:\\\/\\\/repliquemangacine.fr\\\/epees-world-of-warcraft\\\/replique-epee-anduin-lothar-warcraft\\\/\",\"name\":\"Ep\u00e9e Anduin Lothar Wow - Quel'Zaram - Boutique en ligne | RMC\",\"isPartOf\":{\"@id\":\"https:\\\/\\\/repliquemangacine.fr\\\/#website\"},\"primaryImageOfPage\":{\"@id\":\"https:\\\/\\\/repliquemangacine.fr\\\/epees-world-of-warcraft\\\/replique-epee-anduin-lothar-warcraft\\\/#primaryimage\"},\"image\":{\"@id\":\"https:\\\/\\\/repliquemangacine.fr\\\/epees-world-of-warcraft\\\/replique-epee-anduin-lothar-warcraft\\\/#primaryimage\"},\"thumbnailUrl\":\"https:\\\/\\\/repliquemangacine.fr\\\/wp-content\\\/uploads\\\/2023\\\/10\\\/2041-Replique-epee-Anduin-Lothar-Warcraft.jpg\",\"datePublished\":\"2017-05-22T17:46:13+00:00\",\"dateModified\":\"2025-09-23T16:01:54+00:00\",\"description\":\"Offrez-vous cette Ep\u00e9e Anduin Lothar Wow au meilleur prix. Lame en acier carbone - Echelle 1\\\/1 - Support - Longueur : 106 cm - Envoi 24\\\/48H.\",\"breadcrumb\":{\"@id\":\"https:\\\/\\\/repliquemangacine.fr\\\/epees-world-of-warcraft\\\/replique-epee-anduin-lothar-warcraft\\\/#breadcrumb\"},\"inLanguage\":\"es\",\"potentialAction\":[{\"@type\":\"ReadAction\",\"target\":[\"https:\\\/\\\/repliquemangacine.fr\\\/epees-world-of-warcraft\\\/replique-epee-anduin-lothar-warcraft\\\/\"]}]},{\"@type\":\"ImageObject\",\"inLanguage\":\"es\",\"@id\":\"https:\\\/\\\/repliquemangacine.fr\\\/epees-world-of-warcraft\\\/replique-epee-anduin-lothar-warcraft\\\/#primaryimage\",\"url\":\"https:\\\/\\\/repliquemangacine.fr\\\/wp-content\\\/uploads\\\/2023\\\/10\\\/2041-Replique-epee-Anduin-Lothar-Warcraft.jpg\",\"contentUrl\":\"https:\\\/\\\/repliquemangacine.fr\\\/wp-content\\\/uploads\\\/2023\\\/10\\\/2041-Replique-epee-Anduin-Lothar-Warcraft.jpg\",\"width\":600,\"height\":600,\"caption\":\"R\u00e9plique \u00e9p\u00e9e Anduin Lothar- Warcraft\"},{\"@type\":\"BreadcrumbList\",\"@id\":\"https:\\\/\\\/repliquemangacine.fr\\\/epees-world-of-warcraft\\\/replique-epee-anduin-lothar-warcraft\\\/#breadcrumb\",\"itemListElement\":[{\"@type\":\"ListItem\",\"position\":1,\"name\":\"Accueil\",\"item\":\"https:\\\/\\\/repliquemangacine.fr\\\/\"},{\"@type\":\"ListItem\",\"position\":2,\"name\":\"Produits\",\"item\":\"https:\\\/\\\/repliquemangacine.fr\\\/boutique\\\/\"},{\"@type\":\"ListItem\",\"position\":3,\"name\":\"Ep\u00e9e Anduin Lothar Warcraft\"}]},{\"@type\":\"WebSite\",\"@id\":\"https:\\\/\\\/repliquemangacine.fr\\\/#website\",\"url\":\"https:\\\/\\\/repliquemangacine.fr\\\/\",\"name\":\"R\u00e9plique Manga Cin\u00e9\",\"description\":\"\",\"publisher\":{\"@id\":\"https:\\\/\\\/repliquemangacine.fr\\\/#organization\"},\"potentialAction\":[{\"@type\":\"SearchAction\",\"target\":{\"@type\":\"EntryPoint\",\"urlTemplate\":\"https:\\\/\\\/repliquemangacine.fr\\\/?s={search_term_string}\"},\"query-input\":{\"@type\":\"PropertyValueSpecification\",\"valueRequired\":true,\"valueName\":\"search_term_string\"}}],\"inLanguage\":\"es\"},{\"@type\":\"Organization\",\"@id\":\"https:\\\/\\\/repliquemangacine.fr\\\/#organization\",\"name\":\"R\u00e9plique Manga Cin\u00e9\",\"url\":\"https:\\\/\\\/repliquemangacine.fr\\\/\",\"logo\":{\"@type\":\"ImageObject\",\"inLanguage\":\"es\",\"@id\":\"https:\\\/\\\/repliquemangacine.fr\\\/#\\\/schema\\\/logo\\\/image\\\/\",\"url\":\"https:\\\/\\\/repliquemangacine.fr\\\/wp-content\\\/uploads\\\/2023\\\/10\\\/RMC-500250.png\",\"contentUrl\":\"https:\\\/\\\/repliquemangacine.fr\\\/wp-content\\\/uploads\\\/2023\\\/10\\\/RMC-500250.png\",\"width\":500,\"height\":250,\"caption\":\"R\u00e9plique Manga Cin\u00e9\"},\"image\":{\"@id\":\"https:\\\/\\\/repliquemangacine.fr\\\/#\\\/schema\\\/logo\\\/image\\\/\"},\"sameAs\":[\"https:\\\/\\\/www.facebook.com\\\/RepliqueMangaCine\",\"https:\\\/\\\/www.instagram.com\\\/repliquemangacine.fr\\\/\"]}]}<\/script>\n<!-- \/ Yoast SEO plugin. -->","yoast_head_json":{"title":"Espada Anduin Lothar Wow - Quel'Zaram - Boutique en ligne | RMC","description":"Reg\u00e1late esta espada Anduin Lothar Wow al mejor precio. Hoja de acero al carbono - Escala 1\/1 - Soporte - Longitud : 106 cm - Env\u00edo 24\/48H.","robots":{"index":"index","follow":"follow","max-snippet":"max-snippet:-1","max-image-preview":"max-image-preview:large","max-video-preview":"max-video-preview:-1"},"canonical":"https:\/\/repliquemangacine.fr\/es\/espadas-de-world-of-warcraft\/replica-anduin-lothar-warcraft-espada\/","og_locale":"es_ES","og_type":"article","og_title":"Ep\u00e9e Anduin Lothar Wow - Quel'Zaram - Boutique en ligne | RMC","og_description":"Offrez-vous cette Ep\u00e9e Anduin Lothar Wow au meilleur prix. Lame en acier carbone - Echelle 1\/1 - Support - Longueur : 106 cm - Envoi 24\/48H.","og_url":"https:\/\/repliquemangacine.fr\/es\/espadas-de-world-of-warcraft\/replica-anduin-lothar-warcraft-espada\/","og_site_name":"R\u00e9plique Manga Cin\u00e9","article_publisher":"https:\/\/www.facebook.com\/RepliqueMangaCine","article_modified_time":"2025-09-23T16:01:54+00:00","og_image":[{"width":600,"height":600,"url":"https:\/\/repliquemangacine.fr\/wp-content\/uploads\/2023\/10\/2041-Replique-epee-Anduin-Lothar-Warcraft.jpg","type":"image\/jpeg"}],"twitter_card":"summary_large_image","twitter_misc":{"Tiempo de lectura":"2 minutos"},"schema":{"@context":"https:\/\/schema.org","@graph":[{"@type":"WebPage","@id":"https:\/\/repliquemangacine.fr\/epees-world-of-warcraft\/replique-epee-anduin-lothar-warcraft\/","url":"https:\/\/repliquemangacine.fr\/epees-world-of-warcraft\/replique-epee-anduin-lothar-warcraft\/","name":"Espada Anduin Lothar Wow - Quel'Zaram - Boutique en ligne | RMC","isPartOf":{"@id":"https:\/\/repliquemangacine.fr\/#website"},"primaryImageOfPage":{"@id":"https:\/\/repliquemangacine.fr\/epees-world-of-warcraft\/replique-epee-anduin-lothar-warcraft\/#primaryimage"},"image":{"@id":"https:\/\/repliquemangacine.fr\/epees-world-of-warcraft\/replique-epee-anduin-lothar-warcraft\/#primaryimage"},"thumbnailUrl":"https:\/\/repliquemangacine.fr\/wp-content\/uploads\/2023\/10\/2041-Replique-epee-Anduin-Lothar-Warcraft.jpg","datePublished":"2017-05-22T17:46:13+00:00","dateModified":"2025-09-23T16:01:54+00:00","description":"Reg\u00e1late esta espada Anduin Lothar Wow al mejor precio. Hoja de acero al carbono - Escala 1\/1 - Soporte - Longitud : 106 cm - Env\u00edo 24\/48H.","breadcrumb":{"@id":"https:\/\/repliquemangacine.fr\/epees-world-of-warcraft\/replique-epee-anduin-lothar-warcraft\/#breadcrumb"},"inLanguage":"es","potentialAction":[{"@type":"ReadAction","target":["https:\/\/repliquemangacine.fr\/epees-world-of-warcraft\/replique-epee-anduin-lothar-warcraft\/"]}]},{"@type":"ImageObject","inLanguage":"es","@id":"https:\/\/repliquemangacine.fr\/epees-world-of-warcraft\/replique-epee-anduin-lothar-warcraft\/#primaryimage","url":"https:\/\/repliquemangacine.fr\/wp-content\/uploads\/2023\/10\/2041-Replique-epee-Anduin-Lothar-Warcraft.jpg","contentUrl":"https:\/\/repliquemangacine.fr\/wp-content\/uploads\/2023\/10\/2041-Replique-epee-Anduin-Lothar-Warcraft.jpg","width":600,"height":600,"caption":"R\u00e9plique \u00e9p\u00e9e Anduin Lothar- Warcraft"},{"@type":"BreadcrumbList","@id":"https:\/\/repliquemangacine.fr\/epees-world-of-warcraft\/replique-epee-anduin-lothar-warcraft\/#breadcrumb","itemListElement":[{"@type":"ListItem","position":1,"name":"Accueil","item":"https:\/\/repliquemangacine.fr\/"},{"@type":"ListItem","position":2,"name":"Produits","item":"https:\/\/repliquemangacine.fr\/boutique\/"},{"@type":"ListItem","position":3,"name":"Ep\u00e9e Anduin Lothar Warcraft"}]},{"@type":"WebSite","@id":"https:\/\/repliquemangacine.fr\/#website","url":"https:\/\/repliquemangacine.fr\/","name":"R\u00e9plique Manga Cin\u00e9","description":"","publisher":{"@id":"https:\/\/repliquemangacine.fr\/#organization"},"potentialAction":[{"@type":"SearchAction","target":{"@type":"EntryPoint","urlTemplate":"https:\/\/repliquemangacine.fr\/?s={search_term_string}"},"query-input":{"@type":"PropertyValueSpecification","valueRequired":true,"valueName":"search_term_string"}}],"inLanguage":"es"},{"@type":"Organization","@id":"https:\/\/repliquemangacine.fr\/#organization","name":"R\u00e9plique Manga Cin\u00e9","url":"https:\/\/repliquemangacine.fr\/","logo":{"@type":"ImageObject","inLanguage":"es","@id":"https:\/\/repliquemangacine.fr\/#\/schema\/logo\/image\/","url":"https:\/\/repliquemangacine.fr\/wp-content\/uploads\/2023\/10\/RMC-500250.png","contentUrl":"https:\/\/repliquemangacine.fr\/wp-content\/uploads\/2023\/10\/RMC-500250.png","width":500,"height":250,"caption":"R\u00e9plique Manga Cin\u00e9"},"image":{"@id":"https:\/\/repliquemangacine.fr\/#\/schema\/logo\/image\/"},"sameAs":["https:\/\/www.facebook.com\/RepliqueMangaCine","https:\/\/www.instagram.com\/repliquemangacine.fr\/"]}]}},"_links":{"self":[{"href":"https:\/\/repliquemangacine.fr\/es\/wp-json\/wp\/v2\/product\/27263","targetHints":{"allow":["GET"]}}],"collection":[{"href":"https:\/\/repliquemangacine.fr\/es\/wp-json\/wp\/v2\/product"}],"about":[{"href":"https:\/\/repliquemangacine.fr\/es\/wp-json\/wp\/v2\/types\/product"}],"wp:featuredmedia":[{"embeddable":true,"href":"https:\/\/repliquemangacine.fr\/es\/wp-json\/wp\/v2\/media\/27264"}],"wp:attachment":[{"href":"https:\/\/repliquemangacine.fr\/es\/wp-json\/wp\/v2\/media?parent=27263"}],"wp:term":[{"taxonomy":"product_brand","embeddable":true,"href":"https:\/\/repliquemangacine.fr\/es\/wp-json\/wp\/v2\/product_brand?post=27263"},{"taxonomy":"product_cat","embeddable":true,"href":"https:\/\/repliquemangacine.fr\/es\/wp-json\/wp\/v2\/product_cat?post=27263"},{"taxonomy":"product_tag","embeddable":true,"href":"https:\/\/repliquemangacine.fr\/es\/wp-json\/wp\/v2\/product_tag?post=27263"}],"curies":[{"name":"wp","href":"https:\/\/api.w.org\/{rel}","templated":true}]}}