





{"id":27255,"date":"2017-05-22T18:21:33","date_gmt":"2017-05-22T16:21:33","guid":{"rendered":"https:\/\/repliquemangacine.fr\/?post_type=product&#038;p=27255"},"modified":"2026-01-08T17:23:17","modified_gmt":"2026-01-08T16:23:17","slug":"daga-espada-leones-colmillo-du-roi-llane-wrynn-warcraft","status":"publish","type":"product","link":"https:\/\/repliquemangacine.fr\/es\/repliques-d-armes-films-et-series\/dague-epee-lions-fang-du-roi-llane-wrynn-warcraft\/","title":{"rendered":"Daga espada Warcraft Colmillo de Le\u00f3n"},"content":{"rendered":"<h2>Daga espada Colmillo de Le\u00f3n en la pel\u00edcula Warcraft<\/h2>\n<p>Para empezar, el <strong>Daga espada Colmillo de Le\u00f3n<\/strong> es la hermana peque\u00f1a de la espada del Rey <a href=\"https:\/\/wowwiki.fandom.com\/fr\/wiki\/Llane_Wrynn_I\" target=\"_blank\" rel=\"noopener noreferrer\">Llane Wrynn<\/a>, adornada con oro del mismo color que la alianza.<\/p>\n<p>Tras luchar contra los trolls en su juventud, el reinado de Wrynn fue en gran parte pac\u00edfico, hasta la llegada de la Horda. Wrynn intent\u00f3 reunir a las dem\u00e1s naciones de los Siete Reinos para impedir que los orcos volvieran a abrir la Gran Puerta.<\/p>\n<p>Da su vida para defender Azeroth y liberar a los prisioneros de los orcos. Cuando el portal se cerr\u00f3 por segunda vez y qued\u00f3 claro que su muerte era inevitable, le pidi\u00f3 a Garona que lo matara ante la Horda para concederle el honor, en lugar de permitir que Blackhand lo reclamara, con la esperanza de que ella pudiera, alg\u00fan d\u00eda, traer la paz entre sus pueblos.<\/p>\n<h2>Tu Daga Espada Colmillo de Le\u00f3n al mejor precio.<\/h2>\n<p>Te ofrecemos una amplia selecci\u00f3n de objetos coleccionables del mundo de World of Warcraft.<\/p>\n<p>Lo primero y m\u00e1s importante,<\/p>\n<ul>\n<li>La magn\u00edfica espada legendaria de Arthas la <a href=\"https:\/\/repliquemangacine.fr\/es\/world-of-warcraft-espada\/frostmourne-deuillegivre-espada-espada-del-rey-lich\/\">Frostmourne<\/a> con un final extraordinario.<\/li>\n<li>Tambi\u00e9n est\u00e1 el arma de Illidan <a href=\"https:\/\/repliquemangacine.fr\/es\/world-of-warcraft-espada\/epee-warglaive-d-illidan-glaive-de-guerre-d-azzinoth\/\">Warglaive<\/a>la espada de guerra de Azzinoth.<\/li>\n<li>As\u00ed como el <a href=\"https:\/\/repliquemangacine.fr\/es\/world-of-warcraft-espada\/martillo-del-destino-world-of-warcraft-replica-thrall-hammer-doomhammer\/\">Doomhammer<\/a> utilizado por el ic\u00f3nico Thrall<\/li>\n<li>Y mucho m\u00e1s por descubrir en nuestra tienda en l\u00ednea.<\/li>\n<\/ul>\n<p>Por eso, aqu\u00ed tienes unas ideas fant\u00e1sticas para regalar a todos los fans de World of Warcraft.<\/p>\n<p>En conclusi\u00f3n, puede solicitar la <strong>Daga espada Colmillo de Le\u00f3n<\/strong> para tus fiestas tem\u00e1ticas o desfiles de cosplay. Pero, ante todo, esta daga es una pieza de colecci\u00f3n y decoraci\u00f3n.<\/p>\n<p>R\u00e9plique manga cin\u00e9 es una empresa francesa.<\/p>\n<h2>\u00bfC\u00f3mo mantengo la hoja de mi espada Warcraft?<\/h2>\n<p>Las espadas de colecci\u00f3n y decorativas se fabrican y ensamblan de forma simplificada. Como su uso es decorativo, no cuentan con los elementos de seguridad necesarios para una espada japonesa destinada al entrenamiento.<\/p>\n<p>Sin embargo, su <strong>Daga espada Colmillo de Le\u00f3n<\/strong> a una hoja de acero que hay que cuidar para evitar que se estropee con el tiempo. Cuando exponga su katana, sus amigos sentir\u00e1n curiosidad por ver la hoja y tocarla. Aqu\u00ed es donde hay que tener cuidado, ya que la acidez de los dedos es muy perjudicial para el acero, sea cual sea su calidad.<\/p>\n<p>Sin embargo, si esto ocurre, no te asustes, todo lo que necesitas es un pa\u00f1o humedecido con un poco de aceite y limpiar las huellas dactilares. Si haces esto, tu espada durar\u00e1 mucho tiempo.<\/p>\n<p><strong>\u00a0<\/strong><\/p>","protected":false},"excerpt":{"rendered":"<p>Daga espada Colmillo de Le\u00f3n del rey Llane Wrynn en la pel\u00edcula Warcraft.<\/p>\n<ul>\n<li>Hoja ancha de acero inoxidable con grabado.<\/li>\n<li>Mango de acero.<\/li>\n<li>Pomo de acero.<\/li>\n<li>Empu\u00f1adura de acero dorado antiguo en forma de cabeza de le\u00f3n.<\/li>\n<li>Soporte de madera.<\/li>\n<li>Longitud de la hoja: 51 cm - Longitud total: 71 cm<\/li>\n<\/ul>","protected":false},"featured_media":27256,"template":"","meta":[],"product_brand":[896],"product_cat":[66,24,23,60],"product_tag":[],"class_list":{"0":"post-27255","1":"product","2":"type-product","3":"status-publish","4":"has-post-thumbnail","6":"product_brand-replique-manga-cine","7":"product_cat-repliques-d-armes-films-et-series","8":"product_cat-films-series-tv-vente-de-katana-epee-et-produits-derives","9":"product_cat-repliques-manga-jeux-video","10":"product_cat-epees-world-of-warcraft","12":"first","13":"instock","14":"sale","15":"taxable","16":"shipping-taxable","17":"purchasable","18":"product-type-simple"},"yoast_head":"<!-- This site is optimized with the Yoast SEO plugin v27.4 - https:\/\/yoast.com\/product\/yoast-seo-wordpress\/ -->\n<title>Dague \u00e9p\u00e9e Lion&#039;s Fang - Warcraft - Boutique en ligne | RMC<\/title>\n<meta name=\"description\" content=\"Offrez-vous la Dague \u00e9p\u00e9e Lion&#039;s Fang du roi Llane Wrynn dans le film Warcraft au meilleur prix - Lame acier - Support - Longueur 71cm - Envoi 24\/48h\" \/>\n<meta name=\"robots\" content=\"index, follow, max-snippet:-1, max-image-preview:large, max-video-preview:-1\" \/>\n<link rel=\"canonical\" href=\"https:\/\/repliquemangacine.fr\/es\/replicas-de-armas-peliculas-y-series\/daga-espada-leones-colmillo-du-roi-llane-wrynn-warcraft\/\" \/>\n<meta property=\"og:locale\" content=\"es_ES\" \/>\n<meta property=\"og:type\" content=\"article\" \/>\n<meta property=\"og:title\" content=\"Dague \u00e9p\u00e9e Lion&#039;s Fang - Warcraft - Boutique en ligne | RMC\" \/>\n<meta property=\"og:description\" content=\"Offrez-vous la Dague \u00e9p\u00e9e Lion&#039;s Fang du roi Llane Wrynn dans le film Warcraft au meilleur prix - Lame acier - Support - Longueur 71cm - Envoi 24\/48h\" \/>\n<meta property=\"og:url\" content=\"https:\/\/repliquemangacine.fr\/es\/replicas-de-armas-peliculas-y-series\/daga-espada-leones-colmillo-du-roi-llane-wrynn-warcraft\/\" \/>\n<meta property=\"og:site_name\" content=\"R\u00e9plique Manga Cin\u00e9\" \/>\n<meta property=\"article:publisher\" content=\"https:\/\/www.facebook.com\/RepliqueMangaCine\" \/>\n<meta property=\"article:modified_time\" content=\"2026-01-08T16:23:17+00:00\" \/>\n<meta property=\"og:image\" content=\"https:\/\/repliquemangacine.fr\/wp-content\/uploads\/2023\/10\/2034-Dague-epee-du-roi-Llane-Wrynn-Warcraft.jpg\" \/>\n\t<meta property=\"og:image:width\" content=\"600\" \/>\n\t<meta property=\"og:image:height\" content=\"600\" \/>\n\t<meta property=\"og:image:type\" content=\"image\/jpeg\" \/>\n<meta name=\"twitter:card\" content=\"summary_large_image\" \/>\n<meta name=\"twitter:label1\" content=\"Tiempo de lectura\" \/>\n\t<meta name=\"twitter:data1\" content=\"1 minuto\" \/>\n<script type=\"application\/ld+json\" class=\"yoast-schema-graph\">{\"@context\":\"https:\\\/\\\/schema.org\",\"@graph\":[{\"@type\":\"WebPage\",\"@id\":\"https:\\\/\\\/repliquemangacine.fr\\\/repliques-d-armes-films-et-series\\\/dague-epee-lions-fang-du-roi-llane-wrynn-warcraft\\\/\",\"url\":\"https:\\\/\\\/repliquemangacine.fr\\\/repliques-d-armes-films-et-series\\\/dague-epee-lions-fang-du-roi-llane-wrynn-warcraft\\\/\",\"name\":\"Dague \u00e9p\u00e9e Lion's Fang - Warcraft - Boutique en ligne | RMC\",\"isPartOf\":{\"@id\":\"https:\\\/\\\/repliquemangacine.fr\\\/#website\"},\"primaryImageOfPage\":{\"@id\":\"https:\\\/\\\/repliquemangacine.fr\\\/repliques-d-armes-films-et-series\\\/dague-epee-lions-fang-du-roi-llane-wrynn-warcraft\\\/#primaryimage\"},\"image\":{\"@id\":\"https:\\\/\\\/repliquemangacine.fr\\\/repliques-d-armes-films-et-series\\\/dague-epee-lions-fang-du-roi-llane-wrynn-warcraft\\\/#primaryimage\"},\"thumbnailUrl\":\"https:\\\/\\\/repliquemangacine.fr\\\/wp-content\\\/uploads\\\/2023\\\/10\\\/2034-Dague-epee-du-roi-Llane-Wrynn-Warcraft.jpg\",\"datePublished\":\"2017-05-22T16:21:33+00:00\",\"dateModified\":\"2026-01-08T16:23:17+00:00\",\"description\":\"Offrez-vous la Dague \u00e9p\u00e9e Lion's Fang du roi Llane Wrynn dans le film Warcraft au meilleur prix - Lame acier - Support - Longueur 71cm - Envoi 24\\\/48h\",\"breadcrumb\":{\"@id\":\"https:\\\/\\\/repliquemangacine.fr\\\/repliques-d-armes-films-et-series\\\/dague-epee-lions-fang-du-roi-llane-wrynn-warcraft\\\/#breadcrumb\"},\"inLanguage\":\"es\",\"potentialAction\":[{\"@type\":\"ReadAction\",\"target\":[\"https:\\\/\\\/repliquemangacine.fr\\\/repliques-d-armes-films-et-series\\\/dague-epee-lions-fang-du-roi-llane-wrynn-warcraft\\\/\"]}]},{\"@type\":\"ImageObject\",\"inLanguage\":\"es\",\"@id\":\"https:\\\/\\\/repliquemangacine.fr\\\/repliques-d-armes-films-et-series\\\/dague-epee-lions-fang-du-roi-llane-wrynn-warcraft\\\/#primaryimage\",\"url\":\"https:\\\/\\\/repliquemangacine.fr\\\/wp-content\\\/uploads\\\/2023\\\/10\\\/2034-Dague-epee-du-roi-Llane-Wrynn-Warcraft.jpg\",\"contentUrl\":\"https:\\\/\\\/repliquemangacine.fr\\\/wp-content\\\/uploads\\\/2023\\\/10\\\/2034-Dague-epee-du-roi-Llane-Wrynn-Warcraft.jpg\",\"width\":600,\"height\":600,\"caption\":\"Dague \u00e9p\u00e9e du roi Llane Wrynn - Warcraft\"},{\"@type\":\"BreadcrumbList\",\"@id\":\"https:\\\/\\\/repliquemangacine.fr\\\/repliques-d-armes-films-et-series\\\/dague-epee-lions-fang-du-roi-llane-wrynn-warcraft\\\/#breadcrumb\",\"itemListElement\":[{\"@type\":\"ListItem\",\"position\":1,\"name\":\"Accueil\",\"item\":\"https:\\\/\\\/repliquemangacine.fr\\\/\"},{\"@type\":\"ListItem\",\"position\":2,\"name\":\"Produits\",\"item\":\"https:\\\/\\\/repliquemangacine.fr\\\/boutique\\\/\"},{\"@type\":\"ListItem\",\"position\":3,\"name\":\"Dague \u00e9p\u00e9e Lion&#8217;s Fang Warcraft\"}]},{\"@type\":\"WebSite\",\"@id\":\"https:\\\/\\\/repliquemangacine.fr\\\/#website\",\"url\":\"https:\\\/\\\/repliquemangacine.fr\\\/\",\"name\":\"R\u00e9plique Manga Cin\u00e9\",\"description\":\"\",\"publisher\":{\"@id\":\"https:\\\/\\\/repliquemangacine.fr\\\/#organization\"},\"potentialAction\":[{\"@type\":\"SearchAction\",\"target\":{\"@type\":\"EntryPoint\",\"urlTemplate\":\"https:\\\/\\\/repliquemangacine.fr\\\/?s={search_term_string}\"},\"query-input\":{\"@type\":\"PropertyValueSpecification\",\"valueRequired\":true,\"valueName\":\"search_term_string\"}}],\"inLanguage\":\"es\"},{\"@type\":\"Organization\",\"@id\":\"https:\\\/\\\/repliquemangacine.fr\\\/#organization\",\"name\":\"R\u00e9plique Manga Cin\u00e9\",\"url\":\"https:\\\/\\\/repliquemangacine.fr\\\/\",\"logo\":{\"@type\":\"ImageObject\",\"inLanguage\":\"es\",\"@id\":\"https:\\\/\\\/repliquemangacine.fr\\\/#\\\/schema\\\/logo\\\/image\\\/\",\"url\":\"https:\\\/\\\/repliquemangacine.fr\\\/wp-content\\\/uploads\\\/2023\\\/10\\\/RMC-500250.png\",\"contentUrl\":\"https:\\\/\\\/repliquemangacine.fr\\\/wp-content\\\/uploads\\\/2023\\\/10\\\/RMC-500250.png\",\"width\":500,\"height\":250,\"caption\":\"R\u00e9plique Manga Cin\u00e9\"},\"image\":{\"@id\":\"https:\\\/\\\/repliquemangacine.fr\\\/#\\\/schema\\\/logo\\\/image\\\/\"},\"sameAs\":[\"https:\\\/\\\/www.facebook.com\\\/RepliqueMangaCine\",\"https:\\\/\\\/www.instagram.com\\\/repliquemangacine.fr\\\/\"]}]}<\/script>\n<!-- \/ Yoast SEO plugin. -->","yoast_head_json":{"title":"Daga Espada Colmillo de Le\u00f3n - Warcraft - Boutique en ligne | RMC","description":"Consigue la daga espada Colmillo de Le\u00f3n del Rey Llane Wrynn en la pel\u00edcula Warcraft al mejor precio - Hoja de acero - Soporte - Longitud 71cm - Env\u00edo 24\/48h","robots":{"index":"index","follow":"follow","max-snippet":"max-snippet:-1","max-image-preview":"max-image-preview:large","max-video-preview":"max-video-preview:-1"},"canonical":"https:\/\/repliquemangacine.fr\/es\/replicas-de-armas-peliculas-y-series\/daga-espada-leones-colmillo-du-roi-llane-wrynn-warcraft\/","og_locale":"es_ES","og_type":"article","og_title":"Dague \u00e9p\u00e9e Lion's Fang - Warcraft - Boutique en ligne | RMC","og_description":"Offrez-vous la Dague \u00e9p\u00e9e Lion's Fang du roi Llane Wrynn dans le film Warcraft au meilleur prix - Lame acier - Support - Longueur 71cm - Envoi 24\/48h","og_url":"https:\/\/repliquemangacine.fr\/es\/replicas-de-armas-peliculas-y-series\/daga-espada-leones-colmillo-du-roi-llane-wrynn-warcraft\/","og_site_name":"R\u00e9plique Manga Cin\u00e9","article_publisher":"https:\/\/www.facebook.com\/RepliqueMangaCine","article_modified_time":"2026-01-08T16:23:17+00:00","og_image":[{"width":600,"height":600,"url":"https:\/\/repliquemangacine.fr\/wp-content\/uploads\/2023\/10\/2034-Dague-epee-du-roi-Llane-Wrynn-Warcraft.jpg","type":"image\/jpeg"}],"twitter_card":"summary_large_image","twitter_misc":{"Tiempo de lectura":"1 minuto"},"schema":{"@context":"https:\/\/schema.org","@graph":[{"@type":"WebPage","@id":"https:\/\/repliquemangacine.fr\/repliques-d-armes-films-et-series\/dague-epee-lions-fang-du-roi-llane-wrynn-warcraft\/","url":"https:\/\/repliquemangacine.fr\/repliques-d-armes-films-et-series\/dague-epee-lions-fang-du-roi-llane-wrynn-warcraft\/","name":"Daga Espada Colmillo de Le\u00f3n - Warcraft - Boutique en ligne | RMC","isPartOf":{"@id":"https:\/\/repliquemangacine.fr\/#website"},"primaryImageOfPage":{"@id":"https:\/\/repliquemangacine.fr\/repliques-d-armes-films-et-series\/dague-epee-lions-fang-du-roi-llane-wrynn-warcraft\/#primaryimage"},"image":{"@id":"https:\/\/repliquemangacine.fr\/repliques-d-armes-films-et-series\/dague-epee-lions-fang-du-roi-llane-wrynn-warcraft\/#primaryimage"},"thumbnailUrl":"https:\/\/repliquemangacine.fr\/wp-content\/uploads\/2023\/10\/2034-Dague-epee-du-roi-Llane-Wrynn-Warcraft.jpg","datePublished":"2017-05-22T16:21:33+00:00","dateModified":"2026-01-08T16:23:17+00:00","description":"Consigue la daga espada Colmillo de Le\u00f3n del Rey Llane Wrynn en la pel\u00edcula Warcraft al mejor precio - Hoja de acero - Soporte - Longitud 71cm - Env\u00edo 24\/48h","breadcrumb":{"@id":"https:\/\/repliquemangacine.fr\/repliques-d-armes-films-et-series\/dague-epee-lions-fang-du-roi-llane-wrynn-warcraft\/#breadcrumb"},"inLanguage":"es","potentialAction":[{"@type":"ReadAction","target":["https:\/\/repliquemangacine.fr\/repliques-d-armes-films-et-series\/dague-epee-lions-fang-du-roi-llane-wrynn-warcraft\/"]}]},{"@type":"ImageObject","inLanguage":"es","@id":"https:\/\/repliquemangacine.fr\/repliques-d-armes-films-et-series\/dague-epee-lions-fang-du-roi-llane-wrynn-warcraft\/#primaryimage","url":"https:\/\/repliquemangacine.fr\/wp-content\/uploads\/2023\/10\/2034-Dague-epee-du-roi-Llane-Wrynn-Warcraft.jpg","contentUrl":"https:\/\/repliquemangacine.fr\/wp-content\/uploads\/2023\/10\/2034-Dague-epee-du-roi-Llane-Wrynn-Warcraft.jpg","width":600,"height":600,"caption":"Dague \u00e9p\u00e9e du roi Llane Wrynn - Warcraft"},{"@type":"BreadcrumbList","@id":"https:\/\/repliquemangacine.fr\/repliques-d-armes-films-et-series\/dague-epee-lions-fang-du-roi-llane-wrynn-warcraft\/#breadcrumb","itemListElement":[{"@type":"ListItem","position":1,"name":"Accueil","item":"https:\/\/repliquemangacine.fr\/"},{"@type":"ListItem","position":2,"name":"Produits","item":"https:\/\/repliquemangacine.fr\/boutique\/"},{"@type":"ListItem","position":3,"name":"Dague \u00e9p\u00e9e Lion&#8217;s Fang Warcraft"}]},{"@type":"WebSite","@id":"https:\/\/repliquemangacine.fr\/#website","url":"https:\/\/repliquemangacine.fr\/","name":"R\u00e9plique Manga Cin\u00e9","description":"","publisher":{"@id":"https:\/\/repliquemangacine.fr\/#organization"},"potentialAction":[{"@type":"SearchAction","target":{"@type":"EntryPoint","urlTemplate":"https:\/\/repliquemangacine.fr\/?s={search_term_string}"},"query-input":{"@type":"PropertyValueSpecification","valueRequired":true,"valueName":"search_term_string"}}],"inLanguage":"es"},{"@type":"Organization","@id":"https:\/\/repliquemangacine.fr\/#organization","name":"R\u00e9plique Manga Cin\u00e9","url":"https:\/\/repliquemangacine.fr\/","logo":{"@type":"ImageObject","inLanguage":"es","@id":"https:\/\/repliquemangacine.fr\/#\/schema\/logo\/image\/","url":"https:\/\/repliquemangacine.fr\/wp-content\/uploads\/2023\/10\/RMC-500250.png","contentUrl":"https:\/\/repliquemangacine.fr\/wp-content\/uploads\/2023\/10\/RMC-500250.png","width":500,"height":250,"caption":"R\u00e9plique Manga Cin\u00e9"},"image":{"@id":"https:\/\/repliquemangacine.fr\/#\/schema\/logo\/image\/"},"sameAs":["https:\/\/www.facebook.com\/RepliqueMangaCine","https:\/\/www.instagram.com\/repliquemangacine.fr\/"]}]}},"_links":{"self":[{"href":"https:\/\/repliquemangacine.fr\/es\/wp-json\/wp\/v2\/product\/27255","targetHints":{"allow":["GET"]}}],"collection":[{"href":"https:\/\/repliquemangacine.fr\/es\/wp-json\/wp\/v2\/product"}],"about":[{"href":"https:\/\/repliquemangacine.fr\/es\/wp-json\/wp\/v2\/types\/product"}],"wp:featuredmedia":[{"embeddable":true,"href":"https:\/\/repliquemangacine.fr\/es\/wp-json\/wp\/v2\/media\/27256"}],"wp:attachment":[{"href":"https:\/\/repliquemangacine.fr\/es\/wp-json\/wp\/v2\/media?parent=27255"}],"wp:term":[{"taxonomy":"product_brand","embeddable":true,"href":"https:\/\/repliquemangacine.fr\/es\/wp-json\/wp\/v2\/product_brand?post=27255"},{"taxonomy":"product_cat","embeddable":true,"href":"https:\/\/repliquemangacine.fr\/es\/wp-json\/wp\/v2\/product_cat?post=27255"},{"taxonomy":"product_tag","embeddable":true,"href":"https:\/\/repliquemangacine.fr\/es\/wp-json\/wp\/v2\/product_tag?post=27255"}],"curies":[{"name":"wp","href":"https:\/\/api.w.org\/{rel}","templated":true}]}}