





{"id":27246,"date":"2017-05-20T21:56:22","date_gmt":"2017-05-20T19:56:22","guid":{"rendered":"https:\/\/repliquemangacine.fr\/?post_type=product&#038;p=27246"},"modified":"2026-04-09T13:23:23","modified_gmt":"2026-04-09T11:23:23","slug":"daga-rambo-signature-2","status":"publish","type":"product","link":"https:\/\/repliquemangacine.fr\/es\/couteaux-de-chasse\/poignard-signature-rambo-2\/","title":{"rendered":"Pu\u00f1al con la firma de Rambo First Blood Part II"},"content":{"rendered":"<h2>R\u00e9plica de la daga de Rambo 2<\/h2>\n<p>Para empezar, el <strong>Daga de Rambo 2<\/strong> Es exactamente el mismo que el de la pel\u00edcula, pero adem\u00e1s lleva la firma del propio Stallone.<\/p>\n<p>En primer lugar, Rambo es una saga cinematogr\u00e1fica estadounidense compuesta por cinco pel\u00edculas. <a href=\"https:\/\/heros.fandom.com\/fr\/wiki\/John_Rambo\" target=\"_blank\" rel=\"noopener noreferrer\">John James Rambo<\/a> es el personaje principal de la novela y de las adaptaciones cinematogr\u00e1ficas. Interpretado en la gran pantalla por el actor Sylvester Stallone.<\/p>\n<p>Adem\u00e1s, tiene afinidad con los cuchillos, tanto como arma para matar a muchos enemigos como herramienta de supervivencia. Rambo es incre\u00edblemente h\u00e1bil con varios tipos de armas de fuego, pero tambi\u00e9n con el arco, que es su arma preferida cuando necesita actuar con sigilo. Tambi\u00e9n es muy inteligente, habla varios idiomas, es un piloto experto y un cazador talentoso.<\/p>\n<h2>Tu Daga Rambo 2 Signature al mejor precio<\/h2>\n<p>Te ofrecemos todos los cuchillos de Rambo de todas sus pel\u00edculas.<\/p>\n<p>Lo primero y m\u00e1s importante,<\/p>\n<ul>\n<li>El impresionante <a href=\"https:\/\/repliquemangacine.fr\/es\/cuchillos-rambo-daga-john-rambo\/couteau-poignard-rambo-iii\/\">Rambo 3 daga<\/a> que utiliza en esta obra.<\/li>\n<li>Tambi\u00e9n existe la <a href=\"https:\/\/repliquemangacine.fr\/es\/cuchillos-rambo-daga-john-rambo\/machette-rambo-iv\/\">Rambo machete<\/a> visto en las pel\u00edculas 4 y 5<\/li>\n<li>As\u00ed como los m\u00e1s recientes <a href=\"https:\/\/repliquemangacine.fr\/es\/cuchillos-rambo-daga-john-rambo\/couteau-rambo-v-last-blood-couteau-rambo-heartstopper\/\">Cuchillo Last Blood<\/a> en el \u00faltimo opus.<\/li>\n<\/ul>\n<p>Por eso, aqu\u00ed tienes una idea genial para regalar a todos los fans de Rambo.<\/p>\n<p>En conclusi\u00f3n, puede utilizar el <strong>Daga de Rambo 2<\/strong> para tus fiestas tem\u00e1ticas o Cosplays. Pero sobre todo, este cuchillo es una pieza de coleccionista.<\/p>\n<p>R\u00e9plique Manga Cin\u00e9 es una empresa familiar francesa<\/p>\n<h2>\u00bfC\u00f3mo se mantiene la hoja del cuchillo?<\/h2>\n<p>Los cuchillos de colecci\u00f3n y decorativos se fabrican y ensamblan de forma simplificada. Como su uso es decorativo, no cuentan con los elementos de seguridad exigidos para una espada japonesa destinada al entrenamiento.<\/p>\n<p>Sin embargo, su <strong>Daga de Rambo 2<\/strong> a una hoja de acero que hay que cuidar para evitar que se estropee con el tiempo. Cuando exponga su katana, sus amigos sentir\u00e1n curiosidad por ver la hoja y tocarla. Aqu\u00ed es donde hay que tener cuidado, ya que la acidez de los dedos es muy perjudicial para el acero, sea cual sea su calidad.<\/p>\n<p>Sin embargo, si esto ocurre, no se preocupe, solo tiene que humedecer un pa\u00f1o con un poco de aceite y limpiar las huellas dactilares. De esta forma, conservar\u00e1 su cuchillo durante mucho tiempo.<\/p>","protected":false},"excerpt":{"rendered":"<p>R\u00e9plica del cuchillo caracter\u00edstico de Rambo 2.<\/p>\n<ul>\n<li>Hoja de acero inoxidable serrada y preafilada.<\/li>\n<li>Firma \"John Rambo\" en la mano de Stallone.<\/li>\n<li>Protector de acero con dos puntas de destornillador.<\/li>\n<li>Asa de metal con cord\u00f3n de algod\u00f3n negro.<\/li>\n<li>Br\u00fajula y kit de supervivencia.<\/li>\n<li>Funda de imitaci\u00f3n de cuero negro.<\/li>\n<li>Longitud de la hoja: 25 cm - Longitud total: 41 cm<\/li>\n<\/ul>","protected":false},"featured_media":27247,"template":"","meta":[],"product_brand":[896],"product_cat":[890,892,24,61],"product_tag":[],"class_list":{"0":"post-27246","1":"product","2":"type-product","3":"status-publish","4":"has-post-thumbnail","6":"product_brand-replique-manga-cine","7":"product_cat-couteaux-de-chasse","8":"product_cat-couteaux-tactical","9":"product_cat-films-series-tv-vente-de-katana-epee-et-produits-derives","10":"product_cat-couteaux-rambo-poignard-john-rambo","12":"first","13":"instock","14":"taxable","15":"shipping-taxable","16":"purchasable","17":"product-type-simple"},"yoast_head":"<!-- This site is optimized with the Yoast SEO plugin v27.4 - https:\/\/yoast.com\/product\/yoast-seo-wordpress\/ -->\n<title>Poignard signature Rambo 2 | R\u00e9plique Manga Cin\u00e9<\/title>\n<meta name=\"description\" content=\"Offrez-vous ce Poignard signature Rambo 2 First Blood Part 2 au meilleur prix, Lame acier pr\u00e9-aff\u00fbt\u00e9e - Signature John Rambo - Fourreau - Longueur : 41 cm\" \/>\n<meta name=\"robots\" content=\"index, follow, max-snippet:-1, max-image-preview:large, max-video-preview:-1\" \/>\n<link rel=\"canonical\" href=\"https:\/\/repliquemangacine.fr\/es\/cuchillos-de-caza\/daga-rambo-signature-2\/\" \/>\n<meta property=\"og:locale\" content=\"es_ES\" \/>\n<meta property=\"og:type\" content=\"article\" \/>\n<meta property=\"og:title\" content=\"Poignard signature Rambo 2 | R\u00e9plique Manga Cin\u00e9\" \/>\n<meta property=\"og:description\" content=\"Offrez-vous ce Poignard signature Rambo 2 First Blood Part 2 au meilleur prix, Lame acier pr\u00e9-aff\u00fbt\u00e9e - Signature John Rambo - Fourreau - Longueur : 41 cm\" \/>\n<meta property=\"og:url\" content=\"https:\/\/repliquemangacine.fr\/es\/cuchillos-de-caza\/daga-rambo-signature-2\/\" \/>\n<meta property=\"og:site_name\" content=\"R\u00e9plique Manga Cin\u00e9\" \/>\n<meta property=\"article:publisher\" content=\"https:\/\/www.facebook.com\/RepliqueMangaCine\" \/>\n<meta property=\"article:modified_time\" content=\"2026-04-09T11:23:23+00:00\" \/>\n<meta property=\"og:image\" content=\"https:\/\/repliquemangacine.fr\/wp-content\/uploads\/2023\/10\/2021-Replique-Poignard-signature-Rambo-First-Blood-Part-II.jpg\" \/>\n\t<meta property=\"og:image:width\" content=\"600\" \/>\n\t<meta property=\"og:image:height\" content=\"600\" \/>\n\t<meta property=\"og:image:type\" content=\"image\/jpeg\" \/>\n<meta name=\"twitter:card\" content=\"summary_large_image\" \/>\n<meta name=\"twitter:label1\" content=\"Tiempo de lectura\" \/>\n\t<meta name=\"twitter:data1\" content=\"3 minutos\" \/>\n<script type=\"application\/ld+json\" class=\"yoast-schema-graph\">{\"@context\":\"https:\\\/\\\/schema.org\",\"@graph\":[{\"@type\":\"WebPage\",\"@id\":\"https:\\\/\\\/repliquemangacine.fr\\\/couteaux-de-chasse\\\/poignard-signature-rambo-2\\\/\",\"url\":\"https:\\\/\\\/repliquemangacine.fr\\\/couteaux-de-chasse\\\/poignard-signature-rambo-2\\\/\",\"name\":\"Poignard signature Rambo 2 | R\u00e9plique Manga Cin\u00e9\",\"isPartOf\":{\"@id\":\"https:\\\/\\\/repliquemangacine.fr\\\/#website\"},\"primaryImageOfPage\":{\"@id\":\"https:\\\/\\\/repliquemangacine.fr\\\/couteaux-de-chasse\\\/poignard-signature-rambo-2\\\/#primaryimage\"},\"image\":{\"@id\":\"https:\\\/\\\/repliquemangacine.fr\\\/couteaux-de-chasse\\\/poignard-signature-rambo-2\\\/#primaryimage\"},\"thumbnailUrl\":\"https:\\\/\\\/repliquemangacine.fr\\\/wp-content\\\/uploads\\\/2023\\\/10\\\/2021-Replique-Poignard-signature-Rambo-First-Blood-Part-II.jpg\",\"datePublished\":\"2017-05-20T19:56:22+00:00\",\"dateModified\":\"2026-04-09T11:23:23+00:00\",\"description\":\"Offrez-vous ce Poignard signature Rambo 2 First Blood Part 2 au meilleur prix, Lame acier pr\u00e9-aff\u00fbt\u00e9e - Signature John Rambo - Fourreau - Longueur : 41 cm\",\"breadcrumb\":{\"@id\":\"https:\\\/\\\/repliquemangacine.fr\\\/couteaux-de-chasse\\\/poignard-signature-rambo-2\\\/#breadcrumb\"},\"inLanguage\":\"es\",\"potentialAction\":[{\"@type\":\"ReadAction\",\"target\":[\"https:\\\/\\\/repliquemangacine.fr\\\/couteaux-de-chasse\\\/poignard-signature-rambo-2\\\/\"]}]},{\"@type\":\"ImageObject\",\"inLanguage\":\"es\",\"@id\":\"https:\\\/\\\/repliquemangacine.fr\\\/couteaux-de-chasse\\\/poignard-signature-rambo-2\\\/#primaryimage\",\"url\":\"https:\\\/\\\/repliquemangacine.fr\\\/wp-content\\\/uploads\\\/2023\\\/10\\\/2021-Replique-Poignard-signature-Rambo-First-Blood-Part-II.jpg\",\"contentUrl\":\"https:\\\/\\\/repliquemangacine.fr\\\/wp-content\\\/uploads\\\/2023\\\/10\\\/2021-Replique-Poignard-signature-Rambo-First-Blood-Part-II.jpg\",\"width\":600,\"height\":600,\"caption\":\"R\u00e9plique Poignard signature Rambo First Blood Part II\"},{\"@type\":\"BreadcrumbList\",\"@id\":\"https:\\\/\\\/repliquemangacine.fr\\\/couteaux-de-chasse\\\/poignard-signature-rambo-2\\\/#breadcrumb\",\"itemListElement\":[{\"@type\":\"ListItem\",\"position\":1,\"name\":\"Accueil\",\"item\":\"https:\\\/\\\/repliquemangacine.fr\\\/\"},{\"@type\":\"ListItem\",\"position\":2,\"name\":\"Produits\",\"item\":\"https:\\\/\\\/repliquemangacine.fr\\\/boutique\\\/\"},{\"@type\":\"ListItem\",\"position\":3,\"name\":\"Poignard signature Rambo First Blood Part II\"}]},{\"@type\":\"WebSite\",\"@id\":\"https:\\\/\\\/repliquemangacine.fr\\\/#website\",\"url\":\"https:\\\/\\\/repliquemangacine.fr\\\/\",\"name\":\"R\u00e9plique Manga Cin\u00e9\",\"description\":\"\",\"publisher\":{\"@id\":\"https:\\\/\\\/repliquemangacine.fr\\\/#organization\"},\"potentialAction\":[{\"@type\":\"SearchAction\",\"target\":{\"@type\":\"EntryPoint\",\"urlTemplate\":\"https:\\\/\\\/repliquemangacine.fr\\\/?s={search_term_string}\"},\"query-input\":{\"@type\":\"PropertyValueSpecification\",\"valueRequired\":true,\"valueName\":\"search_term_string\"}}],\"inLanguage\":\"es\"},{\"@type\":\"Organization\",\"@id\":\"https:\\\/\\\/repliquemangacine.fr\\\/#organization\",\"name\":\"R\u00e9plique Manga Cin\u00e9\",\"url\":\"https:\\\/\\\/repliquemangacine.fr\\\/\",\"logo\":{\"@type\":\"ImageObject\",\"inLanguage\":\"es\",\"@id\":\"https:\\\/\\\/repliquemangacine.fr\\\/#\\\/schema\\\/logo\\\/image\\\/\",\"url\":\"https:\\\/\\\/repliquemangacine.fr\\\/wp-content\\\/uploads\\\/2023\\\/10\\\/RMC-500250.png\",\"contentUrl\":\"https:\\\/\\\/repliquemangacine.fr\\\/wp-content\\\/uploads\\\/2023\\\/10\\\/RMC-500250.png\",\"width\":500,\"height\":250,\"caption\":\"R\u00e9plique Manga Cin\u00e9\"},\"image\":{\"@id\":\"https:\\\/\\\/repliquemangacine.fr\\\/#\\\/schema\\\/logo\\\/image\\\/\"},\"sameAs\":[\"https:\\\/\\\/www.facebook.com\\\/RepliqueMangaCine\",\"https:\\\/\\\/www.instagram.com\\\/repliquemangacine.fr\\\/\"]}]}<\/script>\n<!-- \/ Yoast SEO plugin. -->","yoast_head_json":{"title":"Rambo 2 signature dagger | R\u00e9plique Manga Cin\u00e9","description":"Reg\u00e1late esta daga con la firma de Rambo 2 Primera Sangre Parte 2 al mejor precio, Hoja de acero preafilada - Firma John Rambo - Vaina - Longitud : 41 cm","robots":{"index":"index","follow":"follow","max-snippet":"max-snippet:-1","max-image-preview":"max-image-preview:large","max-video-preview":"max-video-preview:-1"},"canonical":"https:\/\/repliquemangacine.fr\/es\/cuchillos-de-caza\/daga-rambo-signature-2\/","og_locale":"es_ES","og_type":"article","og_title":"Poignard signature Rambo 2 | R\u00e9plique Manga Cin\u00e9","og_description":"Offrez-vous ce Poignard signature Rambo 2 First Blood Part 2 au meilleur prix, Lame acier pr\u00e9-aff\u00fbt\u00e9e - Signature John Rambo - Fourreau - Longueur : 41 cm","og_url":"https:\/\/repliquemangacine.fr\/es\/cuchillos-de-caza\/daga-rambo-signature-2\/","og_site_name":"R\u00e9plique Manga Cin\u00e9","article_publisher":"https:\/\/www.facebook.com\/RepliqueMangaCine","article_modified_time":"2026-04-09T11:23:23+00:00","og_image":[{"width":600,"height":600,"url":"https:\/\/repliquemangacine.fr\/wp-content\/uploads\/2023\/10\/2021-Replique-Poignard-signature-Rambo-First-Blood-Part-II.jpg","type":"image\/jpeg"}],"twitter_card":"summary_large_image","twitter_misc":{"Tiempo de lectura":"3 minutos"},"schema":{"@context":"https:\/\/schema.org","@graph":[{"@type":"WebPage","@id":"https:\/\/repliquemangacine.fr\/couteaux-de-chasse\/poignard-signature-rambo-2\/","url":"https:\/\/repliquemangacine.fr\/couteaux-de-chasse\/poignard-signature-rambo-2\/","name":"Rambo 2 signature dagger | R\u00e9plique Manga Cin\u00e9","isPartOf":{"@id":"https:\/\/repliquemangacine.fr\/#website"},"primaryImageOfPage":{"@id":"https:\/\/repliquemangacine.fr\/couteaux-de-chasse\/poignard-signature-rambo-2\/#primaryimage"},"image":{"@id":"https:\/\/repliquemangacine.fr\/couteaux-de-chasse\/poignard-signature-rambo-2\/#primaryimage"},"thumbnailUrl":"https:\/\/repliquemangacine.fr\/wp-content\/uploads\/2023\/10\/2021-Replique-Poignard-signature-Rambo-First-Blood-Part-II.jpg","datePublished":"2017-05-20T19:56:22+00:00","dateModified":"2026-04-09T11:23:23+00:00","description":"Reg\u00e1late esta daga con la firma de Rambo 2 Primera Sangre Parte 2 al mejor precio, Hoja de acero preafilada - Firma John Rambo - Vaina - Longitud : 41 cm","breadcrumb":{"@id":"https:\/\/repliquemangacine.fr\/couteaux-de-chasse\/poignard-signature-rambo-2\/#breadcrumb"},"inLanguage":"es","potentialAction":[{"@type":"ReadAction","target":["https:\/\/repliquemangacine.fr\/couteaux-de-chasse\/poignard-signature-rambo-2\/"]}]},{"@type":"ImageObject","inLanguage":"es","@id":"https:\/\/repliquemangacine.fr\/couteaux-de-chasse\/poignard-signature-rambo-2\/#primaryimage","url":"https:\/\/repliquemangacine.fr\/wp-content\/uploads\/2023\/10\/2021-Replique-Poignard-signature-Rambo-First-Blood-Part-II.jpg","contentUrl":"https:\/\/repliquemangacine.fr\/wp-content\/uploads\/2023\/10\/2021-Replique-Poignard-signature-Rambo-First-Blood-Part-II.jpg","width":600,"height":600,"caption":"R\u00e9plique Poignard signature Rambo First Blood Part II"},{"@type":"BreadcrumbList","@id":"https:\/\/repliquemangacine.fr\/couteaux-de-chasse\/poignard-signature-rambo-2\/#breadcrumb","itemListElement":[{"@type":"ListItem","position":1,"name":"Accueil","item":"https:\/\/repliquemangacine.fr\/"},{"@type":"ListItem","position":2,"name":"Produits","item":"https:\/\/repliquemangacine.fr\/boutique\/"},{"@type":"ListItem","position":3,"name":"Poignard signature Rambo First Blood Part II"}]},{"@type":"WebSite","@id":"https:\/\/repliquemangacine.fr\/#website","url":"https:\/\/repliquemangacine.fr\/","name":"R\u00e9plique Manga Cin\u00e9","description":"","publisher":{"@id":"https:\/\/repliquemangacine.fr\/#organization"},"potentialAction":[{"@type":"SearchAction","target":{"@type":"EntryPoint","urlTemplate":"https:\/\/repliquemangacine.fr\/?s={search_term_string}"},"query-input":{"@type":"PropertyValueSpecification","valueRequired":true,"valueName":"search_term_string"}}],"inLanguage":"es"},{"@type":"Organization","@id":"https:\/\/repliquemangacine.fr\/#organization","name":"R\u00e9plique Manga Cin\u00e9","url":"https:\/\/repliquemangacine.fr\/","logo":{"@type":"ImageObject","inLanguage":"es","@id":"https:\/\/repliquemangacine.fr\/#\/schema\/logo\/image\/","url":"https:\/\/repliquemangacine.fr\/wp-content\/uploads\/2023\/10\/RMC-500250.png","contentUrl":"https:\/\/repliquemangacine.fr\/wp-content\/uploads\/2023\/10\/RMC-500250.png","width":500,"height":250,"caption":"R\u00e9plique Manga Cin\u00e9"},"image":{"@id":"https:\/\/repliquemangacine.fr\/#\/schema\/logo\/image\/"},"sameAs":["https:\/\/www.facebook.com\/RepliqueMangaCine","https:\/\/www.instagram.com\/repliquemangacine.fr\/"]}]}},"_links":{"self":[{"href":"https:\/\/repliquemangacine.fr\/es\/wp-json\/wp\/v2\/product\/27246","targetHints":{"allow":["GET"]}}],"collection":[{"href":"https:\/\/repliquemangacine.fr\/es\/wp-json\/wp\/v2\/product"}],"about":[{"href":"https:\/\/repliquemangacine.fr\/es\/wp-json\/wp\/v2\/types\/product"}],"wp:featuredmedia":[{"embeddable":true,"href":"https:\/\/repliquemangacine.fr\/es\/wp-json\/wp\/v2\/media\/27247"}],"wp:attachment":[{"href":"https:\/\/repliquemangacine.fr\/es\/wp-json\/wp\/v2\/media?parent=27246"}],"wp:term":[{"taxonomy":"product_brand","embeddable":true,"href":"https:\/\/repliquemangacine.fr\/es\/wp-json\/wp\/v2\/product_brand?post=27246"},{"taxonomy":"product_cat","embeddable":true,"href":"https:\/\/repliquemangacine.fr\/es\/wp-json\/wp\/v2\/product_cat?post=27246"},{"taxonomy":"product_tag","embeddable":true,"href":"https:\/\/repliquemangacine.fr\/es\/wp-json\/wp\/v2\/product_tag?post=27246"}],"curies":[{"name":"wp","href":"https:\/\/api.w.org\/{rel}","templated":true}]}}