





{"id":27226,"date":"2017-05-20T17:25:14","date_gmt":"2017-05-20T15:25:14","guid":{"rendered":"https:\/\/repliquemangacine.fr\/?post_type=product&#038;p=27226"},"modified":"2026-03-29T03:04:51","modified_gmt":"2026-03-29T01:04:51","slug":"martillo-del-destino-world-of-warcraft-replica-thrall-hammer-doomhammer","status":"publish","type":"product","link":"https:\/\/repliquemangacine.fr\/es\/epees-world-of-warcraft\/marteau-du-destin-world-of-warcraft-replique-marteau-de-thrall-doomhammer\/","title":{"rendered":"Martillo del Destino Doomhammer World of Warcraft"},"content":{"rendered":"<h2>Doomhammer en World of Warcraft<\/h2>\n<p>Para empezar, el <strong>Doomhammer <\/strong>o Martillo de Thrall, forjado en la lava elemental de Draenor. Cuando su portador lo empu\u00f1a en combate, sella el destino de sus enemigos, Orgrim Martillo del Destino.<\/p>\n<p>Thrall, personaje emblem\u00e1tico del juego Warcraft de los estudios Blizzard. Thrall es sin duda el orco m\u00e1s famoso de la historia de Azeroth. Creci\u00f3 como esclavo gladiador en el campo de internamiento de Fort-de-Durn antes de escapar para reunirse con los suyos.<\/p>\n<p>Se convirti\u00f3 en el primer orco en dominar los elementos en muchos a\u00f1os. As\u00ed, es el jefe de guerra que lidera la nueva Horda durante la Tercera Guerra. Entre los jugadores de World of Warcraft, el Martillo de Thrall es visible en la capital de la Horda. <a href=\"https:\/\/wow.fandom.com\/fr\/wiki\/Orgrimmar\" target=\"_blank\" rel=\"noopener noreferrer\">Orgrimmar<\/a>.<\/p>\n<h2>Tu Doomhammer al mejor precio<\/h2>\n<p>Te ofrecemos una amplia selecci\u00f3n de espadas del mundo de World of Warcraft.<\/p>\n<p>Lo primero y m\u00e1s importante,<\/p>\n<ul>\n<li>El impresionante <a href=\"https:\/\/repliquemangacine.fr\/es\/world-of-warcraft-espada\/espadas-gemelas-de-azzinoth-espada-legendaria-de-illidan\/\">cuchillas gemelas<\/a> de Azzintoh, las armas legendarias de Illidan.<\/li>\n<li>Tambi\u00e9n est\u00e1 la legendaria espada del palad\u00edn Alexandros Mograine la <a href=\"https:\/\/repliquemangacine.fr\/es\/world-of-warcraft-espada\/epee-ashbringer-world-of-warcraft\/\">Ashbringer<\/a><\/li>\n<li>Adem\u00e1s del hacha a dos manos, el <a href=\"https:\/\/repliquemangacine.fr\/es\/world-of-warcraft-espada\/hacha-deuillelombre-shadowmourne-world-of-warcraft\/\">Shadowmourne<\/a> del Rey Arthas.<\/li>\n<li>Y mucho m\u00e1s por descubrir en nuestra tienda en l\u00ednea.<\/li>\n<\/ul>\n<p>Por eso, esta es una idea estupenda para regalar a los fans de WoW.<\/p>\n<p>En conclusi\u00f3n, puede utilizar el <strong>Doomhammer<\/strong> para tus desfiles de cosplay o veladas tem\u00e1ticas. Pero, sobre todo, el martillo de Thrall es un objeto de coleccionista y una pieza decorativa.<\/p>\n<h2><strong>Descubre nuestras novedades World of Warcraft baratas.<br \/>\n<\/strong><\/h2>\n<p>Siempre estamos a la b\u00fasqueda de algo nuevo, \u00a1as\u00ed que tenemos algunas peque\u00f1as pepitas para que las descubra!<\/p>\n<ul>\n<li>La <a href=\"https:\/\/repliquemangacine.fr\/es\/espadas-de-world-of-warcraft\/frostmourne-figurine-and-arthas-base-box-set\/\">Figura espada Frostmourne<\/a> en metal sobre su base de hielo de resina luminosa. Esta pieza de coleccionista se presenta en una vitrina con los colores del juego.<\/li>\n<li>Tambi\u00e9n existe la <a href=\"https:\/\/repliquemangacine.fr\/es\/espadas-de-world-of-warcraft\/replica-de-espuma-del-martillo-de-thrall-doomhammer-world-of-warcraft\/\">Martillo de Thrall<\/a> para sus hijos peque\u00f1os.<\/li>\n<li>As\u00ed como las banderas de la Horda y la Alianza, de un metro de altura.<\/li>\n<\/ul>\n<p>Pr\u00f3ximamente, tambi\u00e9n habr\u00e1 figuras de World of Warcraft y p\u00f3sters enrollables de tus personajes favoritos.<\/p>\n<p>R\u00e9plique Manga Cin\u00e9 es una empresa familiar francesa.<\/p>","protected":false},"excerpt":{"rendered":"<p>Martillo del destino usado por Thrall en World of Warcraft.<\/p>\n<ul>\n<li>El Doomhammer est\u00e1 fabricado en resina de alta calidad.<\/li>\n<li>Maza de aspecto antiguo con emblema de lobo a\u00f1adido por Thrall.<\/li>\n<li>Asa y pomo tambi\u00e9n de resina finamente decorada.<\/li>\n<li>Asa desmontable.<\/li>\n<li>Longitud: 48 cm - Anchura: 23 cm - Peso: 2 kg<\/li>\n<\/ul>","protected":false},"featured_media":27227,"template":"","meta":[],"product_brand":[896],"product_cat":[23,60],"product_tag":[],"class_list":{"0":"post-27226","1":"product","2":"type-product","3":"status-publish","4":"has-post-thumbnail","6":"product_brand-replique-manga-cine","7":"product_cat-repliques-manga-jeux-video","8":"product_cat-epees-world-of-warcraft","10":"first","11":"instock","12":"taxable","13":"shipping-taxable","14":"purchasable","15":"product-type-simple"},"yoast_head":"<!-- This site is optimized with the Yoast SEO plugin v27.4 - https:\/\/yoast.com\/product\/yoast-seo-wordpress\/ -->\n<title>Marteau du destin Doomhammer - World of Warcraft - RMC<\/title>\n<meta name=\"description\" content=\"Achetez le Marteau du destin Doomhammer de Thrall dans World of Warcraft au meilleur prix. Tout en r\u00e9sine - Haute Qualit\u00e9 - Longueur : 48 cm - Envoi 24\/48h\" \/>\n<meta name=\"robots\" content=\"index, follow, max-snippet:-1, max-image-preview:large, max-video-preview:-1\" \/>\n<link rel=\"canonical\" href=\"https:\/\/repliquemangacine.fr\/es\/espadas-de-world-of-warcraft\/martillo-del-destino-world-of-warcraft-replica-thrall-hammer-doomhammer\/\" \/>\n<meta property=\"og:locale\" content=\"es_ES\" \/>\n<meta property=\"og:type\" content=\"article\" \/>\n<meta property=\"og:title\" content=\"Marteau du destin Doomhammer - World of Warcraft - RMC\" \/>\n<meta property=\"og:description\" content=\"Achetez le Marteau du destin Doomhammer de Thrall dans World of Warcraft au meilleur prix. Tout en r\u00e9sine - Haute Qualit\u00e9 - Longueur : 48 cm - Envoi 24\/48h\" \/>\n<meta property=\"og:url\" content=\"https:\/\/repliquemangacine.fr\/es\/espadas-de-world-of-warcraft\/martillo-del-destino-world-of-warcraft-replica-thrall-hammer-doomhammer\/\" \/>\n<meta property=\"og:site_name\" content=\"R\u00e9plique Manga Cin\u00e9\" \/>\n<meta property=\"article:publisher\" content=\"https:\/\/www.facebook.com\/RepliqueMangaCine\" \/>\n<meta property=\"article:modified_time\" content=\"2026-03-29T01:04:51+00:00\" \/>\n<meta property=\"og:image\" content=\"https:\/\/repliquemangacine.fr\/wp-content\/uploads\/2023\/10\/2385-Marteau-du-destin-World-of-Warcraft-Replique-marteau-de-Thrall-Doomhammer.jpg\" \/>\n\t<meta property=\"og:image:width\" content=\"600\" \/>\n\t<meta property=\"og:image:height\" content=\"600\" \/>\n\t<meta property=\"og:image:type\" content=\"image\/jpeg\" \/>\n<meta name=\"twitter:card\" content=\"summary_large_image\" \/>\n<meta name=\"twitter:label1\" content=\"Tiempo de lectura\" \/>\n\t<meta name=\"twitter:data1\" content=\"2 minutos\" \/>\n<script type=\"application\/ld+json\" class=\"yoast-schema-graph\">{\"@context\":\"https:\\\/\\\/schema.org\",\"@graph\":[{\"@type\":\"WebPage\",\"@id\":\"https:\\\/\\\/repliquemangacine.fr\\\/epees-world-of-warcraft\\\/marteau-du-destin-world-of-warcraft-replique-marteau-de-thrall-doomhammer\\\/\",\"url\":\"https:\\\/\\\/repliquemangacine.fr\\\/epees-world-of-warcraft\\\/marteau-du-destin-world-of-warcraft-replique-marteau-de-thrall-doomhammer\\\/\",\"name\":\"Marteau du destin Doomhammer - World of Warcraft - RMC\",\"isPartOf\":{\"@id\":\"https:\\\/\\\/repliquemangacine.fr\\\/#website\"},\"primaryImageOfPage\":{\"@id\":\"https:\\\/\\\/repliquemangacine.fr\\\/epees-world-of-warcraft\\\/marteau-du-destin-world-of-warcraft-replique-marteau-de-thrall-doomhammer\\\/#primaryimage\"},\"image\":{\"@id\":\"https:\\\/\\\/repliquemangacine.fr\\\/epees-world-of-warcraft\\\/marteau-du-destin-world-of-warcraft-replique-marteau-de-thrall-doomhammer\\\/#primaryimage\"},\"thumbnailUrl\":\"https:\\\/\\\/repliquemangacine.fr\\\/wp-content\\\/uploads\\\/2023\\\/10\\\/2385-Marteau-du-destin-World-of-Warcraft-Replique-marteau-de-Thrall-Doomhammer.jpg\",\"datePublished\":\"2017-05-20T15:25:14+00:00\",\"dateModified\":\"2026-03-29T01:04:51+00:00\",\"description\":\"Achetez le Marteau du destin Doomhammer de Thrall dans World of Warcraft au meilleur prix. Tout en r\u00e9sine - Haute Qualit\u00e9 - Longueur : 48 cm - Envoi 24\\\/48h\",\"breadcrumb\":{\"@id\":\"https:\\\/\\\/repliquemangacine.fr\\\/epees-world-of-warcraft\\\/marteau-du-destin-world-of-warcraft-replique-marteau-de-thrall-doomhammer\\\/#breadcrumb\"},\"inLanguage\":\"es\",\"potentialAction\":[{\"@type\":\"ReadAction\",\"target\":[\"https:\\\/\\\/repliquemangacine.fr\\\/epees-world-of-warcraft\\\/marteau-du-destin-world-of-warcraft-replique-marteau-de-thrall-doomhammer\\\/\"]}]},{\"@type\":\"ImageObject\",\"inLanguage\":\"es\",\"@id\":\"https:\\\/\\\/repliquemangacine.fr\\\/epees-world-of-warcraft\\\/marteau-du-destin-world-of-warcraft-replique-marteau-de-thrall-doomhammer\\\/#primaryimage\",\"url\":\"https:\\\/\\\/repliquemangacine.fr\\\/wp-content\\\/uploads\\\/2023\\\/10\\\/2385-Marteau-du-destin-World-of-Warcraft-Replique-marteau-de-Thrall-Doomhammer.jpg\",\"contentUrl\":\"https:\\\/\\\/repliquemangacine.fr\\\/wp-content\\\/uploads\\\/2023\\\/10\\\/2385-Marteau-du-destin-World-of-Warcraft-Replique-marteau-de-Thrall-Doomhammer.jpg\",\"width\":600,\"height\":600,\"caption\":\"Marteau du destin - World of Warcraft- R\u00e9plique marteau de Thrall Doomhammer\"},{\"@type\":\"BreadcrumbList\",\"@id\":\"https:\\\/\\\/repliquemangacine.fr\\\/epees-world-of-warcraft\\\/marteau-du-destin-world-of-warcraft-replique-marteau-de-thrall-doomhammer\\\/#breadcrumb\",\"itemListElement\":[{\"@type\":\"ListItem\",\"position\":1,\"name\":\"Accueil\",\"item\":\"https:\\\/\\\/repliquemangacine.fr\\\/\"},{\"@type\":\"ListItem\",\"position\":2,\"name\":\"Produits\",\"item\":\"https:\\\/\\\/repliquemangacine.fr\\\/boutique\\\/\"},{\"@type\":\"ListItem\",\"position\":3,\"name\":\"Marteau du destin Doomhammer World of Warcraft\"}]},{\"@type\":\"WebSite\",\"@id\":\"https:\\\/\\\/repliquemangacine.fr\\\/#website\",\"url\":\"https:\\\/\\\/repliquemangacine.fr\\\/\",\"name\":\"R\u00e9plique Manga Cin\u00e9\",\"description\":\"\",\"publisher\":{\"@id\":\"https:\\\/\\\/repliquemangacine.fr\\\/#organization\"},\"potentialAction\":[{\"@type\":\"SearchAction\",\"target\":{\"@type\":\"EntryPoint\",\"urlTemplate\":\"https:\\\/\\\/repliquemangacine.fr\\\/?s={search_term_string}\"},\"query-input\":{\"@type\":\"PropertyValueSpecification\",\"valueRequired\":true,\"valueName\":\"search_term_string\"}}],\"inLanguage\":\"es\"},{\"@type\":\"Organization\",\"@id\":\"https:\\\/\\\/repliquemangacine.fr\\\/#organization\",\"name\":\"R\u00e9plique Manga Cin\u00e9\",\"url\":\"https:\\\/\\\/repliquemangacine.fr\\\/\",\"logo\":{\"@type\":\"ImageObject\",\"inLanguage\":\"es\",\"@id\":\"https:\\\/\\\/repliquemangacine.fr\\\/#\\\/schema\\\/logo\\\/image\\\/\",\"url\":\"https:\\\/\\\/repliquemangacine.fr\\\/wp-content\\\/uploads\\\/2023\\\/10\\\/RMC-500250.png\",\"contentUrl\":\"https:\\\/\\\/repliquemangacine.fr\\\/wp-content\\\/uploads\\\/2023\\\/10\\\/RMC-500250.png\",\"width\":500,\"height\":250,\"caption\":\"R\u00e9plique Manga Cin\u00e9\"},\"image\":{\"@id\":\"https:\\\/\\\/repliquemangacine.fr\\\/#\\\/schema\\\/logo\\\/image\\\/\"},\"sameAs\":[\"https:\\\/\\\/www.facebook.com\\\/RepliqueMangaCine\",\"https:\\\/\\\/www.instagram.com\\\/repliquemangacine.fr\\\/\"]}]}<\/script>\n<!-- \/ Yoast SEO plugin. -->","yoast_head_json":{"title":"Doomhammer - World of Warcraft - RMC","description":"Comprar Doomhammer de Thrall en World of Warcraft al mejor precio. Todo de resina - Alta calidad - Longitud: 48 cm - Env\u00edo 24\/48h","robots":{"index":"index","follow":"follow","max-snippet":"max-snippet:-1","max-image-preview":"max-image-preview:large","max-video-preview":"max-video-preview:-1"},"canonical":"https:\/\/repliquemangacine.fr\/es\/espadas-de-world-of-warcraft\/martillo-del-destino-world-of-warcraft-replica-thrall-hammer-doomhammer\/","og_locale":"es_ES","og_type":"article","og_title":"Marteau du destin Doomhammer - World of Warcraft - RMC","og_description":"Achetez le Marteau du destin Doomhammer de Thrall dans World of Warcraft au meilleur prix. Tout en r\u00e9sine - Haute Qualit\u00e9 - Longueur : 48 cm - Envoi 24\/48h","og_url":"https:\/\/repliquemangacine.fr\/es\/espadas-de-world-of-warcraft\/martillo-del-destino-world-of-warcraft-replica-thrall-hammer-doomhammer\/","og_site_name":"R\u00e9plique Manga Cin\u00e9","article_publisher":"https:\/\/www.facebook.com\/RepliqueMangaCine","article_modified_time":"2026-03-29T01:04:51+00:00","og_image":[{"width":600,"height":600,"url":"https:\/\/repliquemangacine.fr\/wp-content\/uploads\/2023\/10\/2385-Marteau-du-destin-World-of-Warcraft-Replique-marteau-de-Thrall-Doomhammer.jpg","type":"image\/jpeg"}],"twitter_card":"summary_large_image","twitter_misc":{"Tiempo de lectura":"2 minutos"},"schema":{"@context":"https:\/\/schema.org","@graph":[{"@type":"WebPage","@id":"https:\/\/repliquemangacine.fr\/epees-world-of-warcraft\/marteau-du-destin-world-of-warcraft-replique-marteau-de-thrall-doomhammer\/","url":"https:\/\/repliquemangacine.fr\/epees-world-of-warcraft\/marteau-du-destin-world-of-warcraft-replique-marteau-de-thrall-doomhammer\/","name":"Doomhammer - World of Warcraft - RMC","isPartOf":{"@id":"https:\/\/repliquemangacine.fr\/#website"},"primaryImageOfPage":{"@id":"https:\/\/repliquemangacine.fr\/epees-world-of-warcraft\/marteau-du-destin-world-of-warcraft-replique-marteau-de-thrall-doomhammer\/#primaryimage"},"image":{"@id":"https:\/\/repliquemangacine.fr\/epees-world-of-warcraft\/marteau-du-destin-world-of-warcraft-replique-marteau-de-thrall-doomhammer\/#primaryimage"},"thumbnailUrl":"https:\/\/repliquemangacine.fr\/wp-content\/uploads\/2023\/10\/2385-Marteau-du-destin-World-of-Warcraft-Replique-marteau-de-Thrall-Doomhammer.jpg","datePublished":"2017-05-20T15:25:14+00:00","dateModified":"2026-03-29T01:04:51+00:00","description":"Comprar Doomhammer de Thrall en World of Warcraft al mejor precio. Todo de resina - Alta calidad - Longitud: 48 cm - Env\u00edo 24\/48h","breadcrumb":{"@id":"https:\/\/repliquemangacine.fr\/epees-world-of-warcraft\/marteau-du-destin-world-of-warcraft-replique-marteau-de-thrall-doomhammer\/#breadcrumb"},"inLanguage":"es","potentialAction":[{"@type":"ReadAction","target":["https:\/\/repliquemangacine.fr\/epees-world-of-warcraft\/marteau-du-destin-world-of-warcraft-replique-marteau-de-thrall-doomhammer\/"]}]},{"@type":"ImageObject","inLanguage":"es","@id":"https:\/\/repliquemangacine.fr\/epees-world-of-warcraft\/marteau-du-destin-world-of-warcraft-replique-marteau-de-thrall-doomhammer\/#primaryimage","url":"https:\/\/repliquemangacine.fr\/wp-content\/uploads\/2023\/10\/2385-Marteau-du-destin-World-of-Warcraft-Replique-marteau-de-Thrall-Doomhammer.jpg","contentUrl":"https:\/\/repliquemangacine.fr\/wp-content\/uploads\/2023\/10\/2385-Marteau-du-destin-World-of-Warcraft-Replique-marteau-de-Thrall-Doomhammer.jpg","width":600,"height":600,"caption":"Marteau du destin - World of Warcraft- R\u00e9plique marteau de Thrall Doomhammer"},{"@type":"BreadcrumbList","@id":"https:\/\/repliquemangacine.fr\/epees-world-of-warcraft\/marteau-du-destin-world-of-warcraft-replique-marteau-de-thrall-doomhammer\/#breadcrumb","itemListElement":[{"@type":"ListItem","position":1,"name":"Accueil","item":"https:\/\/repliquemangacine.fr\/"},{"@type":"ListItem","position":2,"name":"Produits","item":"https:\/\/repliquemangacine.fr\/boutique\/"},{"@type":"ListItem","position":3,"name":"Marteau du destin Doomhammer World of Warcraft"}]},{"@type":"WebSite","@id":"https:\/\/repliquemangacine.fr\/#website","url":"https:\/\/repliquemangacine.fr\/","name":"R\u00e9plique Manga Cin\u00e9","description":"","publisher":{"@id":"https:\/\/repliquemangacine.fr\/#organization"},"potentialAction":[{"@type":"SearchAction","target":{"@type":"EntryPoint","urlTemplate":"https:\/\/repliquemangacine.fr\/?s={search_term_string}"},"query-input":{"@type":"PropertyValueSpecification","valueRequired":true,"valueName":"search_term_string"}}],"inLanguage":"es"},{"@type":"Organization","@id":"https:\/\/repliquemangacine.fr\/#organization","name":"R\u00e9plique Manga Cin\u00e9","url":"https:\/\/repliquemangacine.fr\/","logo":{"@type":"ImageObject","inLanguage":"es","@id":"https:\/\/repliquemangacine.fr\/#\/schema\/logo\/image\/","url":"https:\/\/repliquemangacine.fr\/wp-content\/uploads\/2023\/10\/RMC-500250.png","contentUrl":"https:\/\/repliquemangacine.fr\/wp-content\/uploads\/2023\/10\/RMC-500250.png","width":500,"height":250,"caption":"R\u00e9plique Manga Cin\u00e9"},"image":{"@id":"https:\/\/repliquemangacine.fr\/#\/schema\/logo\/image\/"},"sameAs":["https:\/\/www.facebook.com\/RepliqueMangaCine","https:\/\/www.instagram.com\/repliquemangacine.fr\/"]}]}},"_links":{"self":[{"href":"https:\/\/repliquemangacine.fr\/es\/wp-json\/wp\/v2\/product\/27226","targetHints":{"allow":["GET"]}}],"collection":[{"href":"https:\/\/repliquemangacine.fr\/es\/wp-json\/wp\/v2\/product"}],"about":[{"href":"https:\/\/repliquemangacine.fr\/es\/wp-json\/wp\/v2\/types\/product"}],"wp:featuredmedia":[{"embeddable":true,"href":"https:\/\/repliquemangacine.fr\/es\/wp-json\/wp\/v2\/media\/27227"}],"wp:attachment":[{"href":"https:\/\/repliquemangacine.fr\/es\/wp-json\/wp\/v2\/media?parent=27226"}],"wp:term":[{"taxonomy":"product_brand","embeddable":true,"href":"https:\/\/repliquemangacine.fr\/es\/wp-json\/wp\/v2\/product_brand?post=27226"},{"taxonomy":"product_cat","embeddable":true,"href":"https:\/\/repliquemangacine.fr\/es\/wp-json\/wp\/v2\/product_cat?post=27226"},{"taxonomy":"product_tag","embeddable":true,"href":"https:\/\/repliquemangacine.fr\/es\/wp-json\/wp\/v2\/product_tag?post=27226"}],"curies":[{"name":"wp","href":"https:\/\/api.w.org\/{rel}","templated":true}]}}