





{"id":27214,"date":"2017-05-20T14:41:31","date_gmt":"2017-05-20T12:41:31","guid":{"rendered":"https:\/\/repliquemangacine.fr\/?post_type=product&#038;p=27214"},"modified":"2026-01-13T16:34:23","modified_gmt":"2026-01-13T15:34:23","slug":"daga-de-ibelin-reino-de-los-cielos","status":"publish","type":"product","link":"https:\/\/repliquemangacine.fr\/es\/dagues-medievales\/dague-d-ibelin-kingdom-of-heaven\/","title":{"rendered":"Daga Ibelin Reino de los Cielos"},"content":{"rendered":"<h2>Daga Ibelin Reino de los Cielos<\/h2>\n<p>Para empezar, el <strong>Daga Ibelin Reino de los Cielos<\/strong> es una pieza de colecci\u00f3n y decoraci\u00f3n. Inspirada en la pel\u00edcula de Ridley Scott El reino de los cielos.<\/p>\n<p><a href=\"https:\/\/fr.wikipedia.org\/wiki\/Balian_d'Ibelin_(mort_en_1193)\" target=\"_blank\" rel=\"noopener noreferrer\">Balian d'Ibelin<\/a>, es un influyente cruzado del Reino de Jerusal\u00e9n, miembro de la casa de Ibelin. Es conocido por haber defendido Jerusal\u00e9n en 1187 y por haber participado en la tercera cruzada.<\/p>\n<p>La cruz patada indicaba la pertenencia de los templarios a la cristiandad y el color rojo recordaba la sangre derramada por Cristo. Esta cruz tambi\u00e9n expresaba el voto permanente de cruzada al que los templarios se compromet\u00edan a participar en cualquier momento.<\/p>\n<p>El lema era \u201dNon Nobis, Domine, Non Nobis, Sed Tuo Nomini Da Gloriam\u201d (La gloria no es para nosotros, Se\u00f1or, no es para nosotros, sino para tu nombre).<\/p>\n<h2>Tu Daga Ibelin Kingdom Heaven al mejor precio.<\/h2>\n<p>Ofrecemos una amplia gama de r\u00e9plicas de la \u00e9poca medieval.<\/p>\n<p>Lo primero y m\u00e1s importante,<\/p>\n<ul>\n<li>L'<a href=\"https:\/\/repliquemangacine.fr\/es\/espada-medieval-2\/espada-del-templario-jacques-de-molay\/\">Espada templaria<\/a> del \u00faltimo gran Maestro Templario, Jacques de Molay.<\/li>\n<li>Pero adem\u00e1s, la r\u00e9plica del<a href=\"https:\/\/repliquemangacine.fr\/es\/armas-historicas\/espada-de-combate-medieval\/\">espada de combate<\/a> con su hoja ancha.<\/li>\n<li>Tambi\u00e9n existe la <a href=\"https:\/\/repliquemangacine.fr\/es\/escudo-y-armadura\/escudo-templario-metal\/\">Escudo templario<\/a> todo de metal.<\/li>\n<li>Y muchos m\u00e1s por descubrir en nuestra tienda en l\u00ednea.<\/li>\n<\/ul>\n<p>Por eso, aqu\u00ed tienes una magn\u00edfica idea de regalo para todos los apasionados de la \u00e9poca medieval.<\/p>\n<p>En conclusi\u00f3n, tambi\u00e9n puede utilizar este <strong>Daga Ibelin Reino de los Cielos<\/strong> para sus recreaciones hist\u00f3ricas o su decoraci\u00f3n interior. Pero, sobre todo, es una pieza de coleccionista y un objeto decorativo.<\/p>\n<h2>\u00bfC\u00f3mo se mantiene la hoja de su daga medieval?<\/h2>\n<p>Las dagas de colecci\u00f3n y decorativas se fabrican y ensamblan de forma simplificada. Como su uso es decorativo, no cuentan con los elementos de seguridad exigidos para un sable japon\u00e9s destinado al entrenamiento.<\/p>\n<p>Sin embargo, su <strong>Daga Ibelin Reino de los Cielos<\/strong> a una hoja de acero que hay que cuidar para evitar que se estropee con el tiempo. Cuando exponga su katana, sus amigos sentir\u00e1n curiosidad por ver la hoja y tocarla. Aqu\u00ed es donde hay que tener cuidado, ya que la acidez de los dedos es muy perjudicial para el acero, sea cual sea su calidad.<\/p>\n<p>Sin embargo, si esto ocurre, no te asustes, simplemente utiliza un pa\u00f1o humedecido con un poco de aceite y limpia las huellas dactilares. Si haces esto, tu daga durar\u00e1 mucho tiempo.<\/p>","protected":false},"excerpt":{"rendered":"<p>Daga de Ibelin inspirada en la pel\u00edcula El Reino de los Cielos.<\/p>\n<ul>\n<li>Hoja de acero inoxidable.<\/li>\n<li>Guarda de acero con cruz templaria.<\/li>\n<li>Pomo de acero con cruz y t\u00edtulo de la pel\u00edcula grabado.<\/li>\n<li>Mango y funda de ABS.<\/li>\n<li>Caja de regalo con forro de sat\u00e9n amarillo.<\/li>\n<li>Longitud de la hoja: 24 cm - Longitud total: 40 cm<\/li>\n<\/ul>","protected":false},"featured_media":27215,"template":"","meta":[],"product_brand":[896],"product_cat":[25,66,93,24,43],"product_tag":[],"class_list":{"0":"post-27214","1":"product","2":"type-product","3":"status-publish","4":"has-post-thumbnail","6":"product_brand-replique-manga-cine","7":"product_cat-armes-historiques","8":"product_cat-repliques-d-armes-films-et-series","9":"product_cat-dagues-medievales","10":"product_cat-films-series-tv-vente-de-katana-epee-et-produits-derives","11":"product_cat-reproductions-d-armes-et-accessoires-medievales","13":"first","14":"instock","15":"taxable","16":"shipping-taxable","17":"purchasable","18":"product-type-simple"},"yoast_head":"<!-- This site is optimized with the Yoast SEO plugin v27.4 - https:\/\/yoast.com\/product\/yoast-seo-wordpress\/ -->\n<title>Dague Ibelin Kingdom Heaven - R\u00e9plique arme M\u00e9di\u00e9vale | RMC<\/title>\n<meta name=\"description\" content=\"D\u00e9couvrez la r\u00e9plique de la Dague Ibelin Kingdom of Heaven au meilleur prix. Lame en acier 440 - Fourreau ABS - Longueur totale : 40 cm - Envoi 24\/48h\" \/>\n<meta name=\"robots\" content=\"index, follow, max-snippet:-1, max-image-preview:large, max-video-preview:-1\" \/>\n<link rel=\"canonical\" href=\"https:\/\/repliquemangacine.fr\/es\/dagas-medievales\/daga-de-ibelin-reino-de-los-cielos\/\" \/>\n<meta property=\"og:locale\" content=\"es_ES\" \/>\n<meta property=\"og:type\" content=\"article\" \/>\n<meta property=\"og:title\" content=\"Dague Ibelin Kingdom Heaven - R\u00e9plique arme M\u00e9di\u00e9vale | RMC\" \/>\n<meta property=\"og:description\" content=\"D\u00e9couvrez la r\u00e9plique de la Dague Ibelin Kingdom of Heaven au meilleur prix. Lame en acier 440 - Fourreau ABS - Longueur totale : 40 cm - Envoi 24\/48h\" \/>\n<meta property=\"og:url\" content=\"https:\/\/repliquemangacine.fr\/es\/dagas-medievales\/daga-de-ibelin-reino-de-los-cielos\/\" \/>\n<meta property=\"og:site_name\" content=\"R\u00e9plique Manga Cin\u00e9\" \/>\n<meta property=\"article:publisher\" content=\"https:\/\/www.facebook.com\/RepliqueMangaCine\" \/>\n<meta property=\"article:modified_time\" content=\"2026-01-13T15:34:23+00:00\" \/>\n<meta property=\"og:image\" content=\"https:\/\/repliquemangacine.fr\/wp-content\/uploads\/2023\/10\/1992-Dague-dIbelin-Kingdom-of-Heaven.jpg\" \/>\n\t<meta property=\"og:image:width\" content=\"600\" \/>\n\t<meta property=\"og:image:height\" content=\"600\" \/>\n\t<meta property=\"og:image:type\" content=\"image\/jpeg\" \/>\n<meta name=\"twitter:card\" content=\"summary_large_image\" \/>\n<meta name=\"twitter:label1\" content=\"Tiempo de lectura\" \/>\n\t<meta name=\"twitter:data1\" content=\"2 minutos\" \/>\n<script type=\"application\/ld+json\" class=\"yoast-schema-graph\">{\"@context\":\"https:\\\/\\\/schema.org\",\"@graph\":[{\"@type\":\"WebPage\",\"@id\":\"https:\\\/\\\/repliquemangacine.fr\\\/dagues-medievales\\\/dague-d-ibelin-kingdom-of-heaven\\\/\",\"url\":\"https:\\\/\\\/repliquemangacine.fr\\\/dagues-medievales\\\/dague-d-ibelin-kingdom-of-heaven\\\/\",\"name\":\"Dague Ibelin Kingdom Heaven - R\u00e9plique arme M\u00e9di\u00e9vale | RMC\",\"isPartOf\":{\"@id\":\"https:\\\/\\\/repliquemangacine.fr\\\/#website\"},\"primaryImageOfPage\":{\"@id\":\"https:\\\/\\\/repliquemangacine.fr\\\/dagues-medievales\\\/dague-d-ibelin-kingdom-of-heaven\\\/#primaryimage\"},\"image\":{\"@id\":\"https:\\\/\\\/repliquemangacine.fr\\\/dagues-medievales\\\/dague-d-ibelin-kingdom-of-heaven\\\/#primaryimage\"},\"thumbnailUrl\":\"https:\\\/\\\/repliquemangacine.fr\\\/wp-content\\\/uploads\\\/2023\\\/10\\\/1992-Dague-dIbelin-Kingdom-of-Heaven.jpg\",\"datePublished\":\"2017-05-20T12:41:31+00:00\",\"dateModified\":\"2026-01-13T15:34:23+00:00\",\"description\":\"D\u00e9couvrez la r\u00e9plique de la Dague Ibelin Kingdom of Heaven au meilleur prix. Lame en acier 440 - Fourreau ABS - Longueur totale : 40 cm - Envoi 24\\\/48h\",\"breadcrumb\":{\"@id\":\"https:\\\/\\\/repliquemangacine.fr\\\/dagues-medievales\\\/dague-d-ibelin-kingdom-of-heaven\\\/#breadcrumb\"},\"inLanguage\":\"es\",\"potentialAction\":[{\"@type\":\"ReadAction\",\"target\":[\"https:\\\/\\\/repliquemangacine.fr\\\/dagues-medievales\\\/dague-d-ibelin-kingdom-of-heaven\\\/\"]}]},{\"@type\":\"ImageObject\",\"inLanguage\":\"es\",\"@id\":\"https:\\\/\\\/repliquemangacine.fr\\\/dagues-medievales\\\/dague-d-ibelin-kingdom-of-heaven\\\/#primaryimage\",\"url\":\"https:\\\/\\\/repliquemangacine.fr\\\/wp-content\\\/uploads\\\/2023\\\/10\\\/1992-Dague-dIbelin-Kingdom-of-Heaven.jpg\",\"contentUrl\":\"https:\\\/\\\/repliquemangacine.fr\\\/wp-content\\\/uploads\\\/2023\\\/10\\\/1992-Dague-dIbelin-Kingdom-of-Heaven.jpg\",\"width\":600,\"height\":600,\"caption\":\"Dague Ibelin Kingdom Heaven\"},{\"@type\":\"BreadcrumbList\",\"@id\":\"https:\\\/\\\/repliquemangacine.fr\\\/dagues-medievales\\\/dague-d-ibelin-kingdom-of-heaven\\\/#breadcrumb\",\"itemListElement\":[{\"@type\":\"ListItem\",\"position\":1,\"name\":\"Accueil\",\"item\":\"https:\\\/\\\/repliquemangacine.fr\\\/\"},{\"@type\":\"ListItem\",\"position\":2,\"name\":\"Produits\",\"item\":\"https:\\\/\\\/repliquemangacine.fr\\\/boutique\\\/\"},{\"@type\":\"ListItem\",\"position\":3,\"name\":\"Dague Ibelin Kingdom Heaven\"}]},{\"@type\":\"WebSite\",\"@id\":\"https:\\\/\\\/repliquemangacine.fr\\\/#website\",\"url\":\"https:\\\/\\\/repliquemangacine.fr\\\/\",\"name\":\"R\u00e9plique Manga Cin\u00e9\",\"description\":\"\",\"publisher\":{\"@id\":\"https:\\\/\\\/repliquemangacine.fr\\\/#organization\"},\"potentialAction\":[{\"@type\":\"SearchAction\",\"target\":{\"@type\":\"EntryPoint\",\"urlTemplate\":\"https:\\\/\\\/repliquemangacine.fr\\\/?s={search_term_string}\"},\"query-input\":{\"@type\":\"PropertyValueSpecification\",\"valueRequired\":true,\"valueName\":\"search_term_string\"}}],\"inLanguage\":\"es\"},{\"@type\":\"Organization\",\"@id\":\"https:\\\/\\\/repliquemangacine.fr\\\/#organization\",\"name\":\"R\u00e9plique Manga Cin\u00e9\",\"url\":\"https:\\\/\\\/repliquemangacine.fr\\\/\",\"logo\":{\"@type\":\"ImageObject\",\"inLanguage\":\"es\",\"@id\":\"https:\\\/\\\/repliquemangacine.fr\\\/#\\\/schema\\\/logo\\\/image\\\/\",\"url\":\"https:\\\/\\\/repliquemangacine.fr\\\/wp-content\\\/uploads\\\/2023\\\/10\\\/RMC-500250.png\",\"contentUrl\":\"https:\\\/\\\/repliquemangacine.fr\\\/wp-content\\\/uploads\\\/2023\\\/10\\\/RMC-500250.png\",\"width\":500,\"height\":250,\"caption\":\"R\u00e9plique Manga Cin\u00e9\"},\"image\":{\"@id\":\"https:\\\/\\\/repliquemangacine.fr\\\/#\\\/schema\\\/logo\\\/image\\\/\"},\"sameAs\":[\"https:\\\/\\\/www.facebook.com\\\/RepliqueMangaCine\",\"https:\\\/\\\/www.instagram.com\\\/repliquemangacine.fr\\\/\"]}]}<\/script>\n<!-- \/ Yoast SEO plugin. -->","yoast_head_json":{"title":"Daga Ibelin Kingdom Heaven - R\u00e9plica de arma medieval | RMC","description":"Descubra la daga r\u00e9plica Ibelin Reino de los Cielos al mejor precio. Hoja de acero 440 - Vaina ABS - Longitud total: 40 cm - Env\u00edo 24\/48h","robots":{"index":"index","follow":"follow","max-snippet":"max-snippet:-1","max-image-preview":"max-image-preview:large","max-video-preview":"max-video-preview:-1"},"canonical":"https:\/\/repliquemangacine.fr\/es\/dagas-medievales\/daga-de-ibelin-reino-de-los-cielos\/","og_locale":"es_ES","og_type":"article","og_title":"Dague Ibelin Kingdom Heaven - R\u00e9plique arme M\u00e9di\u00e9vale | RMC","og_description":"D\u00e9couvrez la r\u00e9plique de la Dague Ibelin Kingdom of Heaven au meilleur prix. Lame en acier 440 - Fourreau ABS - Longueur totale : 40 cm - Envoi 24\/48h","og_url":"https:\/\/repliquemangacine.fr\/es\/dagas-medievales\/daga-de-ibelin-reino-de-los-cielos\/","og_site_name":"R\u00e9plique Manga Cin\u00e9","article_publisher":"https:\/\/www.facebook.com\/RepliqueMangaCine","article_modified_time":"2026-01-13T15:34:23+00:00","og_image":[{"width":600,"height":600,"url":"https:\/\/repliquemangacine.fr\/wp-content\/uploads\/2023\/10\/1992-Dague-dIbelin-Kingdom-of-Heaven.jpg","type":"image\/jpeg"}],"twitter_card":"summary_large_image","twitter_misc":{"Tiempo de lectura":"2 minutos"},"schema":{"@context":"https:\/\/schema.org","@graph":[{"@type":"WebPage","@id":"https:\/\/repliquemangacine.fr\/dagues-medievales\/dague-d-ibelin-kingdom-of-heaven\/","url":"https:\/\/repliquemangacine.fr\/dagues-medievales\/dague-d-ibelin-kingdom-of-heaven\/","name":"Daga Ibelin Kingdom Heaven - R\u00e9plica de arma medieval | RMC","isPartOf":{"@id":"https:\/\/repliquemangacine.fr\/#website"},"primaryImageOfPage":{"@id":"https:\/\/repliquemangacine.fr\/dagues-medievales\/dague-d-ibelin-kingdom-of-heaven\/#primaryimage"},"image":{"@id":"https:\/\/repliquemangacine.fr\/dagues-medievales\/dague-d-ibelin-kingdom-of-heaven\/#primaryimage"},"thumbnailUrl":"https:\/\/repliquemangacine.fr\/wp-content\/uploads\/2023\/10\/1992-Dague-dIbelin-Kingdom-of-Heaven.jpg","datePublished":"2017-05-20T12:41:31+00:00","dateModified":"2026-01-13T15:34:23+00:00","description":"Descubra la daga r\u00e9plica Ibelin Reino de los Cielos al mejor precio. Hoja de acero 440 - Vaina ABS - Longitud total: 40 cm - Env\u00edo 24\/48h","breadcrumb":{"@id":"https:\/\/repliquemangacine.fr\/dagues-medievales\/dague-d-ibelin-kingdom-of-heaven\/#breadcrumb"},"inLanguage":"es","potentialAction":[{"@type":"ReadAction","target":["https:\/\/repliquemangacine.fr\/dagues-medievales\/dague-d-ibelin-kingdom-of-heaven\/"]}]},{"@type":"ImageObject","inLanguage":"es","@id":"https:\/\/repliquemangacine.fr\/dagues-medievales\/dague-d-ibelin-kingdom-of-heaven\/#primaryimage","url":"https:\/\/repliquemangacine.fr\/wp-content\/uploads\/2023\/10\/1992-Dague-dIbelin-Kingdom-of-Heaven.jpg","contentUrl":"https:\/\/repliquemangacine.fr\/wp-content\/uploads\/2023\/10\/1992-Dague-dIbelin-Kingdom-of-Heaven.jpg","width":600,"height":600,"caption":"Dague Ibelin Kingdom Heaven"},{"@type":"BreadcrumbList","@id":"https:\/\/repliquemangacine.fr\/dagues-medievales\/dague-d-ibelin-kingdom-of-heaven\/#breadcrumb","itemListElement":[{"@type":"ListItem","position":1,"name":"Accueil","item":"https:\/\/repliquemangacine.fr\/"},{"@type":"ListItem","position":2,"name":"Produits","item":"https:\/\/repliquemangacine.fr\/boutique\/"},{"@type":"ListItem","position":3,"name":"Dague Ibelin Kingdom Heaven"}]},{"@type":"WebSite","@id":"https:\/\/repliquemangacine.fr\/#website","url":"https:\/\/repliquemangacine.fr\/","name":"R\u00e9plique Manga Cin\u00e9","description":"","publisher":{"@id":"https:\/\/repliquemangacine.fr\/#organization"},"potentialAction":[{"@type":"SearchAction","target":{"@type":"EntryPoint","urlTemplate":"https:\/\/repliquemangacine.fr\/?s={search_term_string}"},"query-input":{"@type":"PropertyValueSpecification","valueRequired":true,"valueName":"search_term_string"}}],"inLanguage":"es"},{"@type":"Organization","@id":"https:\/\/repliquemangacine.fr\/#organization","name":"R\u00e9plique Manga Cin\u00e9","url":"https:\/\/repliquemangacine.fr\/","logo":{"@type":"ImageObject","inLanguage":"es","@id":"https:\/\/repliquemangacine.fr\/#\/schema\/logo\/image\/","url":"https:\/\/repliquemangacine.fr\/wp-content\/uploads\/2023\/10\/RMC-500250.png","contentUrl":"https:\/\/repliquemangacine.fr\/wp-content\/uploads\/2023\/10\/RMC-500250.png","width":500,"height":250,"caption":"R\u00e9plique Manga Cin\u00e9"},"image":{"@id":"https:\/\/repliquemangacine.fr\/#\/schema\/logo\/image\/"},"sameAs":["https:\/\/www.facebook.com\/RepliqueMangaCine","https:\/\/www.instagram.com\/repliquemangacine.fr\/"]}]}},"_links":{"self":[{"href":"https:\/\/repliquemangacine.fr\/es\/wp-json\/wp\/v2\/product\/27214","targetHints":{"allow":["GET"]}}],"collection":[{"href":"https:\/\/repliquemangacine.fr\/es\/wp-json\/wp\/v2\/product"}],"about":[{"href":"https:\/\/repliquemangacine.fr\/es\/wp-json\/wp\/v2\/types\/product"}],"wp:featuredmedia":[{"embeddable":true,"href":"https:\/\/repliquemangacine.fr\/es\/wp-json\/wp\/v2\/media\/27215"}],"wp:attachment":[{"href":"https:\/\/repliquemangacine.fr\/es\/wp-json\/wp\/v2\/media?parent=27214"}],"wp:term":[{"taxonomy":"product_brand","embeddable":true,"href":"https:\/\/repliquemangacine.fr\/es\/wp-json\/wp\/v2\/product_brand?post=27214"},{"taxonomy":"product_cat","embeddable":true,"href":"https:\/\/repliquemangacine.fr\/es\/wp-json\/wp\/v2\/product_cat?post=27214"},{"taxonomy":"product_tag","embeddable":true,"href":"https:\/\/repliquemangacine.fr\/es\/wp-json\/wp\/v2\/product_tag?post=27214"}],"curies":[{"name":"wp","href":"https:\/\/api.w.org\/{rel}","templated":true}]}}