





{"id":27165,"date":"2017-04-27T18:26:06","date_gmt":"2017-04-27T16:26:06","guid":{"rendered":"https:\/\/repliquemangacine.fr\/?post_type=product&#038;p=27165"},"modified":"2026-04-10T18:48:55","modified_gmt":"2026-04-10T16:48:55","slug":"frostmourne-deuillegivre-espada-espada-del-rey-lich","status":"publish","type":"product","link":"https:\/\/repliquemangacine.fr\/es\/epees-world-of-warcraft\/epee-frostmourne-deuillegivre-epee-du-roi-liche\/","title":{"rendered":"Espada Frostmourne deuillegivre - Espada del Rey Ex\u00e1nime"},"content":{"rendered":"<h2>Espada Frostmourne Deuillegivre en World of Warcraft<\/h2>\n<p>Para empezar, el<strong>Espada Frostmourne Deuillegivre<\/strong> Equipa al Rey Ex\u00e1nime en la expansi\u00f3n World Of Warcraft: Wrath of the Lich King. Apareci\u00f3 anteriormente en Warcraft III: Frozen Throne.<\/p>\n<p>El Rey Lich es el jefe final de la incursi\u00f3n. <a href=\"https:\/\/fr.wowhead.com\/icecrown-citadel\" target=\"_blank\" rel=\"noopener noreferrer\">la corona de la ciudadela de hielo<\/a> Conocida por los jugadores con la abreviatura ICC. El poder de Frostmourne permite a Arthas capturar almas durante los combates para hacerse cada vez m\u00e1s poderoso y peligroso.<\/p>\n<p>Por otro lado, la espada corroe el alma de quien la empu\u00f1a, sobre todo por la conexi\u00f3n telep\u00e1tica con el Rey Ex\u00e1nime, que se caracteriza por susurros continuos que conducen a la locura. Tambi\u00e9n est\u00e1 encantada, su metal es extremadamente ligero y su poder es igual al de las armas m\u00e1s pesadas.<\/p>\n<p>Deuillegivre, arma legendaria, es la espada r\u00fanica del Caballero de la Muerte Arthas Menethil.<\/p>\n<h2>Tu Espada Frostmourne Deuillegivre al mejor precio.<\/h2>\n<p>Te ofrecemos una amplia selecci\u00f3n de productos derivados del mundo de World of Warcraft.<\/p>\n<p>Lo primero y m\u00e1s importante,<\/p>\n<ul>\n<li>El prodigioso <a href=\"https:\/\/repliquemangacine.fr\/es\/world-of-warcraft-espada\/epee-ashbringer-world-of-warcraft\/\">Espada Ashbringer<\/a> palad\u00edn Alexandros Mograine.<\/li>\n<li>Tambi\u00e9n est\u00e1 el hacha a dos manos, el <a href=\"https:\/\/repliquemangacine.fr\/es\/world-of-warcraft-espada\/hacha-deuillelombre-shadowmourne-world-of-warcraft\/\">Shadowmourne<\/a> del Rey Arthas.<\/li>\n<li>Adem\u00e1s de la Warglaive de Illidan, la <a href=\"https:\/\/repliquemangacine.fr\/es\/world-of-warcraft-espada\/espadas-gemelas-de-azzinoth-espada-legendaria-de-illidan\/\">hojas gemelas de Azzinoth<\/a>Un juego de espadas imbuidas de magia.<\/li>\n<li>Y muchos m\u00e1s por descubrir en nuestra tienda en l\u00ednea.<\/li>\n<\/ul>\n<p>Por eso, esta es una idea estupenda para regalar a los fans de Wow.<\/p>\n<p>En conclusi\u00f3n, puede solicitar r\u00e1pidamente el\u2019<strong>Espada Frostmourne Deuillegivre<\/strong> para ampliar su colecci\u00f3n. Pero, ante todo, es una pieza de colecci\u00f3n y decoraci\u00f3n.<\/p>\n<p>R\u00e9plique Manga Cin\u00e9 es una empresa familiar francesa.<\/p>\n<h2>\u00bfC\u00f3mo mantengo la hoja de mi espada de World of Warcraft?<\/h2>\n<p>Las espadas de colecci\u00f3n y decorativas se fabrican y ensamblan de forma simplificada. Como su uso es decorativo, no cuentan con los elementos de seguridad necesarios para una espada japonesa destinada al entrenamiento.<\/p>\n<p>Sin embargo, su <strong>Espada Frostmourne Deuillegivre<\/strong> a una hoja de acero que hay que cuidar para evitar que se estropee con el tiempo. Cuando exponga su katana, sus amigos sentir\u00e1n curiosidad por ver la hoja y tocarla. Aqu\u00ed es donde hay que tener cuidado, ya que la acidez de los dedos es muy perjudicial para el acero, sea cual sea su calidad.<\/p>\n<p>Sin embargo, si esto ocurre, no te asustes, todo lo que necesitas es un pa\u00f1o humedecido con un poco de aceite y limpiar las huellas dactilares. Si haces esto, tu espada durar\u00e1 mucho tiempo.<\/p>\n<p><strong>\u00a0<\/strong><\/p>","protected":false},"excerpt":{"rendered":"<p>Fant\u00e1stica r\u00e9plica de la legendaria espada de Arthas, Frostmourne.<\/p>\n<ul>\n<li>Hoja de acero inoxidable decorada.<\/li>\n<li>Guarda de acero envejecido con una incre\u00edble atenci\u00f3n al detalle.<\/li>\n<li>Asa de acero rodeada por una correa de cuero aut\u00e9ntico.<\/li>\n<li>Pomo de acero envejecido con detalles sublimes.<\/li>\n<li>Soporte de pared de madera con adornos de resina.<\/li>\n<li>Longitud de la hoja: 72 cm - Longitud total: 120 cm<\/li>\n<li>Peso: 9 kg<\/li>\n<\/ul>","protected":false},"featured_media":27166,"template":"","meta":[],"product_brand":[896],"product_cat":[23,60],"product_tag":[],"class_list":{"0":"post-27165","1":"product","2":"type-product","3":"status-publish","4":"has-post-thumbnail","6":"product_brand-replique-manga-cine","7":"product_cat-repliques-manga-jeux-video","8":"product_cat-epees-world-of-warcraft","10":"first","11":"instock","12":"sale","13":"taxable","14":"shipping-taxable","15":"purchasable","16":"product-type-simple"},"yoast_head":"<!-- This site is optimized with the Yoast SEO plugin v27.4 - https:\/\/yoast.com\/product\/yoast-seo-wordpress\/ -->\n<title>Ep\u00e9e Frostmourne Deuillegivre - Arthas World of Warcraft | RMC<\/title>\n<meta name=\"description\" content=\"Offrez-vous l&#039;Ep\u00e9e Frostmourne Deuillegivre du Roi Liche au meilleur prix. Lame acier - Echelle 1\/1 - Haute qualit\u00e9 - Longueur : 120 cm - Envoi 24\/48h\" \/>\n<meta name=\"robots\" content=\"index, follow, max-snippet:-1, max-image-preview:large, max-video-preview:-1\" \/>\n<link rel=\"canonical\" href=\"https:\/\/repliquemangacine.fr\/es\/espadas-de-world-of-warcraft\/frostmourne-deuillegivre-espada-espada-del-rey-lich\/\" \/>\n<meta property=\"og:locale\" content=\"es_ES\" \/>\n<meta property=\"og:type\" content=\"article\" \/>\n<meta property=\"og:title\" content=\"Ep\u00e9e Frostmourne Deuillegivre - Arthas World of Warcraft | RMC\" \/>\n<meta property=\"og:description\" content=\"Offrez-vous l&#039;Ep\u00e9e Frostmourne Deuillegivre du Roi Liche au meilleur prix. Lame acier - Echelle 1\/1 - Haute qualit\u00e9 - Longueur : 120 cm - Envoi 24\/48h\" \/>\n<meta property=\"og:url\" content=\"https:\/\/repliquemangacine.fr\/es\/espadas-de-world-of-warcraft\/frostmourne-deuillegivre-espada-espada-del-rey-lich\/\" \/>\n<meta property=\"og:site_name\" content=\"R\u00e9plique Manga Cin\u00e9\" \/>\n<meta property=\"article:publisher\" content=\"https:\/\/www.facebook.com\/RepliqueMangaCine\" \/>\n<meta property=\"article:modified_time\" content=\"2026-04-10T16:48:55+00:00\" \/>\n<meta property=\"og:image\" content=\"https:\/\/repliquemangacine.fr\/wp-content\/uploads\/2023\/10\/1937-Epee-Frostmourne-deuillegivre-Epee-du-roi-Liche.jpg\" \/>\n\t<meta property=\"og:image:width\" content=\"600\" \/>\n\t<meta property=\"og:image:height\" content=\"600\" \/>\n\t<meta property=\"og:image:type\" content=\"image\/jpeg\" \/>\n<meta name=\"twitter:card\" content=\"summary_large_image\" \/>\n<meta name=\"twitter:label1\" content=\"Tiempo de lectura\" \/>\n\t<meta name=\"twitter:data1\" content=\"2 minutos\" \/>\n<script type=\"application\/ld+json\" class=\"yoast-schema-graph\">{\"@context\":\"https:\\\/\\\/schema.org\",\"@graph\":[{\"@type\":\"WebPage\",\"@id\":\"https:\\\/\\\/repliquemangacine.fr\\\/epees-world-of-warcraft\\\/epee-frostmourne-deuillegivre-epee-du-roi-liche\\\/\",\"url\":\"https:\\\/\\\/repliquemangacine.fr\\\/epees-world-of-warcraft\\\/epee-frostmourne-deuillegivre-epee-du-roi-liche\\\/\",\"name\":\"Ep\u00e9e Frostmourne Deuillegivre - Arthas World of Warcraft | RMC\",\"isPartOf\":{\"@id\":\"https:\\\/\\\/repliquemangacine.fr\\\/#website\"},\"primaryImageOfPage\":{\"@id\":\"https:\\\/\\\/repliquemangacine.fr\\\/epees-world-of-warcraft\\\/epee-frostmourne-deuillegivre-epee-du-roi-liche\\\/#primaryimage\"},\"image\":{\"@id\":\"https:\\\/\\\/repliquemangacine.fr\\\/epees-world-of-warcraft\\\/epee-frostmourne-deuillegivre-epee-du-roi-liche\\\/#primaryimage\"},\"thumbnailUrl\":\"https:\\\/\\\/repliquemangacine.fr\\\/wp-content\\\/uploads\\\/2023\\\/10\\\/1937-Epee-Frostmourne-deuillegivre-Epee-du-roi-Liche.jpg\",\"datePublished\":\"2017-04-27T16:26:06+00:00\",\"dateModified\":\"2026-04-10T16:48:55+00:00\",\"description\":\"Offrez-vous l'Ep\u00e9e Frostmourne Deuillegivre du Roi Liche au meilleur prix. Lame acier - Echelle 1\\\/1 - Haute qualit\u00e9 - Longueur : 120 cm - Envoi 24\\\/48h\",\"breadcrumb\":{\"@id\":\"https:\\\/\\\/repliquemangacine.fr\\\/epees-world-of-warcraft\\\/epee-frostmourne-deuillegivre-epee-du-roi-liche\\\/#breadcrumb\"},\"inLanguage\":\"es\",\"potentialAction\":[{\"@type\":\"ReadAction\",\"target\":[\"https:\\\/\\\/repliquemangacine.fr\\\/epees-world-of-warcraft\\\/epee-frostmourne-deuillegivre-epee-du-roi-liche\\\/\"]}]},{\"@type\":\"ImageObject\",\"inLanguage\":\"es\",\"@id\":\"https:\\\/\\\/repliquemangacine.fr\\\/epees-world-of-warcraft\\\/epee-frostmourne-deuillegivre-epee-du-roi-liche\\\/#primaryimage\",\"url\":\"https:\\\/\\\/repliquemangacine.fr\\\/wp-content\\\/uploads\\\/2023\\\/10\\\/1937-Epee-Frostmourne-deuillegivre-Epee-du-roi-Liche.jpg\",\"contentUrl\":\"https:\\\/\\\/repliquemangacine.fr\\\/wp-content\\\/uploads\\\/2023\\\/10\\\/1937-Epee-Frostmourne-deuillegivre-Epee-du-roi-Liche.jpg\",\"width\":600,\"height\":600,\"caption\":\"Ep\u00e9e Frostmourne deuillegivre - Ep\u00e9e du roi Liche\"},{\"@type\":\"BreadcrumbList\",\"@id\":\"https:\\\/\\\/repliquemangacine.fr\\\/epees-world-of-warcraft\\\/epee-frostmourne-deuillegivre-epee-du-roi-liche\\\/#breadcrumb\",\"itemListElement\":[{\"@type\":\"ListItem\",\"position\":1,\"name\":\"Accueil\",\"item\":\"https:\\\/\\\/repliquemangacine.fr\\\/\"},{\"@type\":\"ListItem\",\"position\":2,\"name\":\"Produits\",\"item\":\"https:\\\/\\\/repliquemangacine.fr\\\/boutique\\\/\"},{\"@type\":\"ListItem\",\"position\":3,\"name\":\"Ep\u00e9e Frostmourne deuillegivre &#8211; Ep\u00e9e du roi Liche\"}]},{\"@type\":\"WebSite\",\"@id\":\"https:\\\/\\\/repliquemangacine.fr\\\/#website\",\"url\":\"https:\\\/\\\/repliquemangacine.fr\\\/\",\"name\":\"R\u00e9plique Manga Cin\u00e9\",\"description\":\"\",\"publisher\":{\"@id\":\"https:\\\/\\\/repliquemangacine.fr\\\/#organization\"},\"potentialAction\":[{\"@type\":\"SearchAction\",\"target\":{\"@type\":\"EntryPoint\",\"urlTemplate\":\"https:\\\/\\\/repliquemangacine.fr\\\/?s={search_term_string}\"},\"query-input\":{\"@type\":\"PropertyValueSpecification\",\"valueRequired\":true,\"valueName\":\"search_term_string\"}}],\"inLanguage\":\"es\"},{\"@type\":\"Organization\",\"@id\":\"https:\\\/\\\/repliquemangacine.fr\\\/#organization\",\"name\":\"R\u00e9plique Manga Cin\u00e9\",\"url\":\"https:\\\/\\\/repliquemangacine.fr\\\/\",\"logo\":{\"@type\":\"ImageObject\",\"inLanguage\":\"es\",\"@id\":\"https:\\\/\\\/repliquemangacine.fr\\\/#\\\/schema\\\/logo\\\/image\\\/\",\"url\":\"https:\\\/\\\/repliquemangacine.fr\\\/wp-content\\\/uploads\\\/2023\\\/10\\\/RMC-500250.png\",\"contentUrl\":\"https:\\\/\\\/repliquemangacine.fr\\\/wp-content\\\/uploads\\\/2023\\\/10\\\/RMC-500250.png\",\"width\":500,\"height\":250,\"caption\":\"R\u00e9plique Manga Cin\u00e9\"},\"image\":{\"@id\":\"https:\\\/\\\/repliquemangacine.fr\\\/#\\\/schema\\\/logo\\\/image\\\/\"},\"sameAs\":[\"https:\\\/\\\/www.facebook.com\\\/RepliqueMangaCine\",\"https:\\\/\\\/www.instagram.com\\\/repliquemangacine.fr\\\/\"]}]}<\/script>\n<!-- \/ Yoast SEO plugin. -->","yoast_head_json":{"title":"Espada Frostmourne Deuillegivre - Arthas World of Warcraft | RMC","description":"Reg\u00e1late la espada Frostmourne Deuillegivre del Rey Ex\u00e1nime al mejor precio. Hoja de acero - Escala 1\/1 - Alta calidad - Longitud : 120 cm - Env\u00edo 24\/48h","robots":{"index":"index","follow":"follow","max-snippet":"max-snippet:-1","max-image-preview":"max-image-preview:large","max-video-preview":"max-video-preview:-1"},"canonical":"https:\/\/repliquemangacine.fr\/es\/espadas-de-world-of-warcraft\/frostmourne-deuillegivre-espada-espada-del-rey-lich\/","og_locale":"es_ES","og_type":"article","og_title":"Ep\u00e9e Frostmourne Deuillegivre - Arthas World of Warcraft | RMC","og_description":"Offrez-vous l'Ep\u00e9e Frostmourne Deuillegivre du Roi Liche au meilleur prix. Lame acier - Echelle 1\/1 - Haute qualit\u00e9 - Longueur : 120 cm - Envoi 24\/48h","og_url":"https:\/\/repliquemangacine.fr\/es\/espadas-de-world-of-warcraft\/frostmourne-deuillegivre-espada-espada-del-rey-lich\/","og_site_name":"R\u00e9plique Manga Cin\u00e9","article_publisher":"https:\/\/www.facebook.com\/RepliqueMangaCine","article_modified_time":"2026-04-10T16:48:55+00:00","og_image":[{"width":600,"height":600,"url":"https:\/\/repliquemangacine.fr\/wp-content\/uploads\/2023\/10\/1937-Epee-Frostmourne-deuillegivre-Epee-du-roi-Liche.jpg","type":"image\/jpeg"}],"twitter_card":"summary_large_image","twitter_misc":{"Tiempo de lectura":"2 minutos"},"schema":{"@context":"https:\/\/schema.org","@graph":[{"@type":"WebPage","@id":"https:\/\/repliquemangacine.fr\/epees-world-of-warcraft\/epee-frostmourne-deuillegivre-epee-du-roi-liche\/","url":"https:\/\/repliquemangacine.fr\/epees-world-of-warcraft\/epee-frostmourne-deuillegivre-epee-du-roi-liche\/","name":"Espada Frostmourne Deuillegivre - Arthas World of Warcraft | RMC","isPartOf":{"@id":"https:\/\/repliquemangacine.fr\/#website"},"primaryImageOfPage":{"@id":"https:\/\/repliquemangacine.fr\/epees-world-of-warcraft\/epee-frostmourne-deuillegivre-epee-du-roi-liche\/#primaryimage"},"image":{"@id":"https:\/\/repliquemangacine.fr\/epees-world-of-warcraft\/epee-frostmourne-deuillegivre-epee-du-roi-liche\/#primaryimage"},"thumbnailUrl":"https:\/\/repliquemangacine.fr\/wp-content\/uploads\/2023\/10\/1937-Epee-Frostmourne-deuillegivre-Epee-du-roi-Liche.jpg","datePublished":"2017-04-27T16:26:06+00:00","dateModified":"2026-04-10T16:48:55+00:00","description":"Reg\u00e1late la espada Frostmourne Deuillegivre del Rey Ex\u00e1nime al mejor precio. Hoja de acero - Escala 1\/1 - Alta calidad - Longitud : 120 cm - Env\u00edo 24\/48h","breadcrumb":{"@id":"https:\/\/repliquemangacine.fr\/epees-world-of-warcraft\/epee-frostmourne-deuillegivre-epee-du-roi-liche\/#breadcrumb"},"inLanguage":"es","potentialAction":[{"@type":"ReadAction","target":["https:\/\/repliquemangacine.fr\/epees-world-of-warcraft\/epee-frostmourne-deuillegivre-epee-du-roi-liche\/"]}]},{"@type":"ImageObject","inLanguage":"es","@id":"https:\/\/repliquemangacine.fr\/epees-world-of-warcraft\/epee-frostmourne-deuillegivre-epee-du-roi-liche\/#primaryimage","url":"https:\/\/repliquemangacine.fr\/wp-content\/uploads\/2023\/10\/1937-Epee-Frostmourne-deuillegivre-Epee-du-roi-Liche.jpg","contentUrl":"https:\/\/repliquemangacine.fr\/wp-content\/uploads\/2023\/10\/1937-Epee-Frostmourne-deuillegivre-Epee-du-roi-Liche.jpg","width":600,"height":600,"caption":"Ep\u00e9e Frostmourne deuillegivre - Ep\u00e9e du roi Liche"},{"@type":"BreadcrumbList","@id":"https:\/\/repliquemangacine.fr\/epees-world-of-warcraft\/epee-frostmourne-deuillegivre-epee-du-roi-liche\/#breadcrumb","itemListElement":[{"@type":"ListItem","position":1,"name":"Accueil","item":"https:\/\/repliquemangacine.fr\/"},{"@type":"ListItem","position":2,"name":"Produits","item":"https:\/\/repliquemangacine.fr\/boutique\/"},{"@type":"ListItem","position":3,"name":"Ep\u00e9e Frostmourne deuillegivre &#8211; Ep\u00e9e du roi Liche"}]},{"@type":"WebSite","@id":"https:\/\/repliquemangacine.fr\/#website","url":"https:\/\/repliquemangacine.fr\/","name":"R\u00e9plique Manga Cin\u00e9","description":"","publisher":{"@id":"https:\/\/repliquemangacine.fr\/#organization"},"potentialAction":[{"@type":"SearchAction","target":{"@type":"EntryPoint","urlTemplate":"https:\/\/repliquemangacine.fr\/?s={search_term_string}"},"query-input":{"@type":"PropertyValueSpecification","valueRequired":true,"valueName":"search_term_string"}}],"inLanguage":"es"},{"@type":"Organization","@id":"https:\/\/repliquemangacine.fr\/#organization","name":"R\u00e9plique Manga Cin\u00e9","url":"https:\/\/repliquemangacine.fr\/","logo":{"@type":"ImageObject","inLanguage":"es","@id":"https:\/\/repliquemangacine.fr\/#\/schema\/logo\/image\/","url":"https:\/\/repliquemangacine.fr\/wp-content\/uploads\/2023\/10\/RMC-500250.png","contentUrl":"https:\/\/repliquemangacine.fr\/wp-content\/uploads\/2023\/10\/RMC-500250.png","width":500,"height":250,"caption":"R\u00e9plique Manga Cin\u00e9"},"image":{"@id":"https:\/\/repliquemangacine.fr\/#\/schema\/logo\/image\/"},"sameAs":["https:\/\/www.facebook.com\/RepliqueMangaCine","https:\/\/www.instagram.com\/repliquemangacine.fr\/"]}]}},"_links":{"self":[{"href":"https:\/\/repliquemangacine.fr\/es\/wp-json\/wp\/v2\/product\/27165","targetHints":{"allow":["GET"]}}],"collection":[{"href":"https:\/\/repliquemangacine.fr\/es\/wp-json\/wp\/v2\/product"}],"about":[{"href":"https:\/\/repliquemangacine.fr\/es\/wp-json\/wp\/v2\/types\/product"}],"wp:featuredmedia":[{"embeddable":true,"href":"https:\/\/repliquemangacine.fr\/es\/wp-json\/wp\/v2\/media\/27166"}],"wp:attachment":[{"href":"https:\/\/repliquemangacine.fr\/es\/wp-json\/wp\/v2\/media?parent=27165"}],"wp:term":[{"taxonomy":"product_brand","embeddable":true,"href":"https:\/\/repliquemangacine.fr\/es\/wp-json\/wp\/v2\/product_brand?post=27165"},{"taxonomy":"product_cat","embeddable":true,"href":"https:\/\/repliquemangacine.fr\/es\/wp-json\/wp\/v2\/product_cat?post=27165"},{"taxonomy":"product_tag","embeddable":true,"href":"https:\/\/repliquemangacine.fr\/es\/wp-json\/wp\/v2\/product_tag?post=27165"}],"curies":[{"name":"wp","href":"https:\/\/api.w.org\/{rel}","templated":true}]}}