





{"id":27077,"date":"2017-04-14T19:19:00","date_gmt":"2017-04-14T17:19:00","guid":{"rendered":"https:\/\/repliquemangacine.fr\/?post_type=product&#038;p=27077"},"modified":"2026-04-20T19:31:41","modified_gmt":"2026-04-20T17:31:41","slug":"blister-de-100-cebos-para-pistola-denix","status":"publish","type":"product","link":"https:\/\/repliquemangacine.fr\/es\/holster-accessoires-western\/blister-de-100-amorces-pour-pistolet-denix\/","title":{"rendered":"Blister de 100 cebos para pistolas Denix"},"content":{"rendered":"<h2>Blister de 100 cebos para pistolas Denix<\/h2>\n<p>Para empezar, el <strong>Bl\u00edster de 100 Primers<\/strong> Est\u00e1 reservado exclusivamente para balas y armas Denix.<\/p>\n<p>\u00bfBusca armas inofensivas que den la impresi\u00f3n de disparar de verdad para sus recreaciones, pel\u00edculas o espect\u00e1culos western? Nuestros cebos est\u00e1n hechos para darle lo que quiere.<\/p>\n<p>As\u00ed es, <a href=\"https:\/\/www.denix.fr\/fr\/accueil-fr\/\" target=\"_blank\" rel=\"noopener noreferrer\">Denix<\/a> ha desarrollado balas con un peque\u00f1o cepillo que puede alojar un cebador. Una vez colocado este en su sitio, el perro de la pistola o el rifle golpea el cebador y suena como uno de verdad.<\/p>\n<p>\u00a1La ilusi\u00f3n de un disparo real es impresionante, tus espectadores no se dar\u00e1n cuenta de nada! \u00a1Hay petardos por todas partes!<\/p>\n<h2>Tus accesorios western al mejor precio.<\/h2>\n<p>Le ofrecemos una amplia selecci\u00f3n de r\u00e9plicas de pistolas Colt y rifles Winchester de Denix.<\/p>\n<p>Lo primero y m\u00e1s importante,<\/p>\n<ul>\n<li>Le <a href=\"https:\/\/repliquemangacine.fr\/es\/pistola-kolser\/colt-peacemaker-kolser-5-5-pulido\/\">colt peacemaker 1873<\/a> Kolser de calibre 45 pulida a mano.<\/li>\n<li>Tambi\u00e9n est\u00e1 el rifle <a href=\"https:\/\/repliquemangacine.fr\/es\/replica-western-winchesters\/rifle-winchester-john-wayne-modelo-1892\/\">winchester John Wayne<\/a> con su gran palanca bajo guardia.<\/li>\n<li>As\u00ed como el <a href=\"https:\/\/repliquemangacine.fr\/es\/revolver-colts\/colt-peacemaker-kolser-5-5-snake\/\">potro 45<\/a> con empu\u00f1adura intercambiable y grabado de serpiente<\/li>\n<li>Y muchos m\u00e1s por descubrir en nuestra tienda en l\u00ednea.<\/li>\n<\/ul>\n<p>Por eso, aqu\u00ed tienes unas ideas fant\u00e1sticas para regalar a todos los fans del western.<\/p>\n<p>En conclusi\u00f3n, puede utilizar este <strong>Blister de 100 cebadores<\/strong> para sus representaciones y espect\u00e1culos del Oeste. Pero, sobre todo, sus r\u00e9plicas de armas son objetos de colecci\u00f3n y decoraci\u00f3n.<\/p>","protected":false},"excerpt":{"rendered":"<p>Blister de 100 cebos para pistolas Denix.<\/p>\n<ul>\n<li>Quieres que tu pistola de coleccionista suene como la aut\u00e9ntica.<\/li>\n<li>Estos cebos deben utilizarse con balas especiales ref: BA49<\/li>\n<\/ul>","protected":false},"featured_media":27078,"template":"","meta":[],"product_brand":[896],"product_cat":[51,34,90,28,27],"product_tag":[],"class_list":{"0":"post-27077","1":"product","2":"type-product","3":"status-publish","4":"has-post-thumbnail","6":"product_brand-replique-manga-cine","7":"product_cat-accessoires-western","8":"product_cat-armes-westerns","9":"product_cat-holster-accessoires-western","10":"product_cat-repliques-darmes","11":"product_cat-armes-et-accessoires-western","13":"first","14":"instock","15":"taxable","16":"shipping-taxable","17":"purchasable","18":"product-type-simple"},"yoast_head":"<!-- This site is optimized with the Yoast SEO plugin v27.4 - https:\/\/yoast.com\/product\/yoast-seo-wordpress\/ -->\n<title>Blister de 100 amorces pour pistolet Denix | R\u00e9plique Manga Cin\u00e9<\/title>\n<meta name=\"description\" content=\"Vous voulez que votre pistolet de collection fasse du bruit comme un vrai ! Avec ce blister de 100 amorces pour les pistolets Denix au meilleur prix.\" \/>\n<meta name=\"robots\" content=\"index, follow, max-snippet:-1, max-image-preview:large, max-video-preview:-1\" \/>\n<link rel=\"canonical\" href=\"https:\/\/repliquemangacine.fr\/es\/accesorios-western-funda\/blister-de-100-cebos-para-pistola-denix\/\" \/>\n<meta property=\"og:locale\" content=\"es_ES\" \/>\n<meta property=\"og:type\" content=\"article\" \/>\n<meta property=\"og:title\" content=\"Blister de 100 amorces pour pistolet Denix | R\u00e9plique Manga Cin\u00e9\" \/>\n<meta property=\"og:description\" content=\"Vous voulez que votre pistolet de collection fasse du bruit comme un vrai ! Avec ce blister de 100 amorces pour les pistolets Denix au meilleur prix.\" \/>\n<meta property=\"og:url\" content=\"https:\/\/repliquemangacine.fr\/es\/accesorios-western-funda\/blister-de-100-cebos-para-pistola-denix\/\" \/>\n<meta property=\"og:site_name\" content=\"R\u00e9plique Manga Cin\u00e9\" \/>\n<meta property=\"article:publisher\" content=\"https:\/\/www.facebook.com\/RepliqueMangaCine\" \/>\n<meta property=\"article:modified_time\" content=\"2026-04-20T17:31:41+00:00\" \/>\n<meta property=\"og:image\" content=\"https:\/\/repliquemangacine.fr\/wp-content\/uploads\/2023\/10\/2659-Blister-de-100-Amorces-pour-pistolet-Denix.jpg\" \/>\n\t<meta property=\"og:image:width\" content=\"1000\" \/>\n\t<meta property=\"og:image:height\" content=\"1000\" \/>\n\t<meta property=\"og:image:type\" content=\"image\/jpeg\" \/>\n<meta name=\"twitter:card\" content=\"summary_large_image\" \/>\n<meta name=\"twitter:label1\" content=\"Tiempo de lectura\" \/>\n\t<meta name=\"twitter:data1\" content=\"1 minuto\" \/>\n<script type=\"application\/ld+json\" class=\"yoast-schema-graph\">{\"@context\":\"https:\\\/\\\/schema.org\",\"@graph\":[{\"@type\":\"WebPage\",\"@id\":\"https:\\\/\\\/repliquemangacine.fr\\\/de\\\/holster-westernzubehor\\\/blister-mit-100-zundhutchen-fur-denix-pistolen\\\/\",\"url\":\"https:\\\/\\\/repliquemangacine.fr\\\/de\\\/holster-westernzubehor\\\/blister-mit-100-zundhutchen-fur-denix-pistolen\\\/\",\"name\":\"Blister de 100 amorces pour pistolet Denix | R\u00e9plique Manga Cin\u00e9\",\"isPartOf\":{\"@id\":\"https:\\\/\\\/repliquemangacine.fr\\\/#website\"},\"primaryImageOfPage\":{\"@id\":\"https:\\\/\\\/repliquemangacine.fr\\\/de\\\/holster-westernzubehor\\\/blister-mit-100-zundhutchen-fur-denix-pistolen\\\/#primaryimage\"},\"image\":{\"@id\":\"https:\\\/\\\/repliquemangacine.fr\\\/de\\\/holster-westernzubehor\\\/blister-mit-100-zundhutchen-fur-denix-pistolen\\\/#primaryimage\"},\"thumbnailUrl\":\"https:\\\/\\\/repliquemangacine.fr\\\/wp-content\\\/uploads\\\/2023\\\/10\\\/2659-Blister-de-100-Amorces-pour-pistolet-Denix.jpg\",\"datePublished\":\"2017-04-14T17:19:00+00:00\",\"dateModified\":\"2026-04-20T17:31:41+00:00\",\"description\":\"Vous voulez que votre pistolet de collection fasse du bruit comme un vrai ! Avec ce blister de 100 amorces pour les pistolets Denix au meilleur prix.\",\"breadcrumb\":{\"@id\":\"https:\\\/\\\/repliquemangacine.fr\\\/de\\\/holster-westernzubehor\\\/blister-mit-100-zundhutchen-fur-denix-pistolen\\\/#breadcrumb\"},\"inLanguage\":\"es\",\"potentialAction\":[{\"@type\":\"ReadAction\",\"target\":[\"https:\\\/\\\/repliquemangacine.fr\\\/de\\\/holster-westernzubehor\\\/blister-mit-100-zundhutchen-fur-denix-pistolen\\\/\"]}]},{\"@type\":\"ImageObject\",\"inLanguage\":\"es\",\"@id\":\"https:\\\/\\\/repliquemangacine.fr\\\/de\\\/holster-westernzubehor\\\/blister-mit-100-zundhutchen-fur-denix-pistolen\\\/#primaryimage\",\"url\":\"https:\\\/\\\/repliquemangacine.fr\\\/wp-content\\\/uploads\\\/2023\\\/10\\\/2659-Blister-de-100-Amorces-pour-pistolet-Denix.jpg\",\"contentUrl\":\"https:\\\/\\\/repliquemangacine.fr\\\/wp-content\\\/uploads\\\/2023\\\/10\\\/2659-Blister-de-100-Amorces-pour-pistolet-Denix.jpg\",\"width\":1000,\"height\":1000,\"caption\":\"Blister de 100 Amorces pour pistolet Denix\"},{\"@type\":\"BreadcrumbList\",\"@id\":\"https:\\\/\\\/repliquemangacine.fr\\\/de\\\/holster-westernzubehor\\\/blister-mit-100-zundhutchen-fur-denix-pistolen\\\/#breadcrumb\",\"itemListElement\":[{\"@type\":\"ListItem\",\"position\":1,\"name\":\"Accueil\",\"item\":\"https:\\\/\\\/repliquemangacine.fr\\\/\"},{\"@type\":\"ListItem\",\"position\":2,\"name\":\"Produits\",\"item\":\"https:\\\/\\\/repliquemangacine.fr\\\/boutique\\\/\"},{\"@type\":\"ListItem\",\"position\":3,\"name\":\"Blister de 100 Amorces pour pistolet Denix\"}]},{\"@type\":\"WebSite\",\"@id\":\"https:\\\/\\\/repliquemangacine.fr\\\/#website\",\"url\":\"https:\\\/\\\/repliquemangacine.fr\\\/\",\"name\":\"R\u00e9plique Manga Cin\u00e9\",\"description\":\"\",\"publisher\":{\"@id\":\"https:\\\/\\\/repliquemangacine.fr\\\/#organization\"},\"potentialAction\":[{\"@type\":\"SearchAction\",\"target\":{\"@type\":\"EntryPoint\",\"urlTemplate\":\"https:\\\/\\\/repliquemangacine.fr\\\/?s={search_term_string}\"},\"query-input\":{\"@type\":\"PropertyValueSpecification\",\"valueRequired\":true,\"valueName\":\"search_term_string\"}}],\"inLanguage\":\"es\"},{\"@type\":\"Organization\",\"@id\":\"https:\\\/\\\/repliquemangacine.fr\\\/#organization\",\"name\":\"R\u00e9plique Manga Cin\u00e9\",\"url\":\"https:\\\/\\\/repliquemangacine.fr\\\/\",\"logo\":{\"@type\":\"ImageObject\",\"inLanguage\":\"es\",\"@id\":\"https:\\\/\\\/repliquemangacine.fr\\\/#\\\/schema\\\/logo\\\/image\\\/\",\"url\":\"https:\\\/\\\/repliquemangacine.fr\\\/wp-content\\\/uploads\\\/2023\\\/10\\\/RMC-500250.png\",\"contentUrl\":\"https:\\\/\\\/repliquemangacine.fr\\\/wp-content\\\/uploads\\\/2023\\\/10\\\/RMC-500250.png\",\"width\":500,\"height\":250,\"caption\":\"R\u00e9plique Manga Cin\u00e9\"},\"image\":{\"@id\":\"https:\\\/\\\/repliquemangacine.fr\\\/#\\\/schema\\\/logo\\\/image\\\/\"},\"sameAs\":[\"https:\\\/\\\/www.facebook.com\\\/RepliqueMangaCine\",\"https:\\\/\\\/www.instagram.com\\\/repliquemangacine.fr\\\/\"]}]}<\/script>\n<!-- \/ Yoast SEO plugin. -->","yoast_head_json":{"title":"Blister de 100 cebadores para pistola Denix | R\u00e9plique Manga Cin\u00e9","description":"\u00a1Quieres que tu pistola de coleccionista suene como las de verdad! Con este bl\u00edster de 100 cebos para pistolas Denix al mejor precio.","robots":{"index":"index","follow":"follow","max-snippet":"max-snippet:-1","max-image-preview":"max-image-preview:large","max-video-preview":"max-video-preview:-1"},"canonical":"https:\/\/repliquemangacine.fr\/es\/accesorios-western-funda\/blister-de-100-cebos-para-pistola-denix\/","og_locale":"es_ES","og_type":"article","og_title":"Blister de 100 amorces pour pistolet Denix | R\u00e9plique Manga Cin\u00e9","og_description":"Vous voulez que votre pistolet de collection fasse du bruit comme un vrai ! Avec ce blister de 100 amorces pour les pistolets Denix au meilleur prix.","og_url":"https:\/\/repliquemangacine.fr\/es\/accesorios-western-funda\/blister-de-100-cebos-para-pistola-denix\/","og_site_name":"R\u00e9plique Manga Cin\u00e9","article_publisher":"https:\/\/www.facebook.com\/RepliqueMangaCine","article_modified_time":"2026-04-20T17:31:41+00:00","og_image":[{"width":1000,"height":1000,"url":"https:\/\/repliquemangacine.fr\/wp-content\/uploads\/2023\/10\/2659-Blister-de-100-Amorces-pour-pistolet-Denix.jpg","type":"image\/jpeg"}],"twitter_card":"summary_large_image","twitter_misc":{"Tiempo de lectura":"1 minuto"},"schema":{"@context":"https:\/\/schema.org","@graph":[{"@type":"WebPage","@id":"https:\/\/repliquemangacine.fr\/de\/holster-westernzubehor\/blister-mit-100-zundhutchen-fur-denix-pistolen\/","url":"https:\/\/repliquemangacine.fr\/de\/holster-westernzubehor\/blister-mit-100-zundhutchen-fur-denix-pistolen\/","name":"Blister de 100 cebadores para pistola Denix | R\u00e9plique Manga Cin\u00e9","isPartOf":{"@id":"https:\/\/repliquemangacine.fr\/#website"},"primaryImageOfPage":{"@id":"https:\/\/repliquemangacine.fr\/de\/holster-westernzubehor\/blister-mit-100-zundhutchen-fur-denix-pistolen\/#primaryimage"},"image":{"@id":"https:\/\/repliquemangacine.fr\/de\/holster-westernzubehor\/blister-mit-100-zundhutchen-fur-denix-pistolen\/#primaryimage"},"thumbnailUrl":"https:\/\/repliquemangacine.fr\/wp-content\/uploads\/2023\/10\/2659-Blister-de-100-Amorces-pour-pistolet-Denix.jpg","datePublished":"2017-04-14T17:19:00+00:00","dateModified":"2026-04-20T17:31:41+00:00","description":"\u00a1Quieres que tu pistola de coleccionista suene como las de verdad! Con este bl\u00edster de 100 cebos para pistolas Denix al mejor precio.","breadcrumb":{"@id":"https:\/\/repliquemangacine.fr\/de\/holster-westernzubehor\/blister-mit-100-zundhutchen-fur-denix-pistolen\/#breadcrumb"},"inLanguage":"es","potentialAction":[{"@type":"ReadAction","target":["https:\/\/repliquemangacine.fr\/de\/holster-westernzubehor\/blister-mit-100-zundhutchen-fur-denix-pistolen\/"]}]},{"@type":"ImageObject","inLanguage":"es","@id":"https:\/\/repliquemangacine.fr\/de\/holster-westernzubehor\/blister-mit-100-zundhutchen-fur-denix-pistolen\/#primaryimage","url":"https:\/\/repliquemangacine.fr\/wp-content\/uploads\/2023\/10\/2659-Blister-de-100-Amorces-pour-pistolet-Denix.jpg","contentUrl":"https:\/\/repliquemangacine.fr\/wp-content\/uploads\/2023\/10\/2659-Blister-de-100-Amorces-pour-pistolet-Denix.jpg","width":1000,"height":1000,"caption":"Blister de 100 Amorces pour pistolet Denix"},{"@type":"BreadcrumbList","@id":"https:\/\/repliquemangacine.fr\/de\/holster-westernzubehor\/blister-mit-100-zundhutchen-fur-denix-pistolen\/#breadcrumb","itemListElement":[{"@type":"ListItem","position":1,"name":"Accueil","item":"https:\/\/repliquemangacine.fr\/"},{"@type":"ListItem","position":2,"name":"Produits","item":"https:\/\/repliquemangacine.fr\/boutique\/"},{"@type":"ListItem","position":3,"name":"Blister de 100 Amorces pour pistolet Denix"}]},{"@type":"WebSite","@id":"https:\/\/repliquemangacine.fr\/#website","url":"https:\/\/repliquemangacine.fr\/","name":"R\u00e9plique Manga Cin\u00e9","description":"","publisher":{"@id":"https:\/\/repliquemangacine.fr\/#organization"},"potentialAction":[{"@type":"SearchAction","target":{"@type":"EntryPoint","urlTemplate":"https:\/\/repliquemangacine.fr\/?s={search_term_string}"},"query-input":{"@type":"PropertyValueSpecification","valueRequired":true,"valueName":"search_term_string"}}],"inLanguage":"es"},{"@type":"Organization","@id":"https:\/\/repliquemangacine.fr\/#organization","name":"R\u00e9plique Manga Cin\u00e9","url":"https:\/\/repliquemangacine.fr\/","logo":{"@type":"ImageObject","inLanguage":"es","@id":"https:\/\/repliquemangacine.fr\/#\/schema\/logo\/image\/","url":"https:\/\/repliquemangacine.fr\/wp-content\/uploads\/2023\/10\/RMC-500250.png","contentUrl":"https:\/\/repliquemangacine.fr\/wp-content\/uploads\/2023\/10\/RMC-500250.png","width":500,"height":250,"caption":"R\u00e9plique Manga Cin\u00e9"},"image":{"@id":"https:\/\/repliquemangacine.fr\/#\/schema\/logo\/image\/"},"sameAs":["https:\/\/www.facebook.com\/RepliqueMangaCine","https:\/\/www.instagram.com\/repliquemangacine.fr\/"]}]}},"_links":{"self":[{"href":"https:\/\/repliquemangacine.fr\/es\/wp-json\/wp\/v2\/product\/27077","targetHints":{"allow":["GET"]}}],"collection":[{"href":"https:\/\/repliquemangacine.fr\/es\/wp-json\/wp\/v2\/product"}],"about":[{"href":"https:\/\/repliquemangacine.fr\/es\/wp-json\/wp\/v2\/types\/product"}],"wp:featuredmedia":[{"embeddable":true,"href":"https:\/\/repliquemangacine.fr\/es\/wp-json\/wp\/v2\/media\/27078"}],"wp:attachment":[{"href":"https:\/\/repliquemangacine.fr\/es\/wp-json\/wp\/v2\/media?parent=27077"}],"wp:term":[{"taxonomy":"product_brand","embeddable":true,"href":"https:\/\/repliquemangacine.fr\/es\/wp-json\/wp\/v2\/product_brand?post=27077"},{"taxonomy":"product_cat","embeddable":true,"href":"https:\/\/repliquemangacine.fr\/es\/wp-json\/wp\/v2\/product_cat?post=27077"},{"taxonomy":"product_tag","embeddable":true,"href":"https:\/\/repliquemangacine.fr\/es\/wp-json\/wp\/v2\/product_tag?post=27077"}],"curies":[{"name":"wp","href":"https:\/\/api.w.org\/{rel}","templated":true}]}}