





{"id":27069,"date":"2017-04-08T22:18:48","date_gmt":"2017-04-08T20:18:48","guid":{"rendered":"https:\/\/repliquemangacine.fr\/?post_type=product&#038;p=27069"},"modified":"2025-09-23T18:01:53","modified_gmt":"2025-09-23T16:01:53","slug":"hacha-alemana-del-siglo-xi-denix","status":"publish","type":"product","link":"https:\/\/repliquemangacine.fr\/es\/haches-de-guerre-medievale-et-accessoire-medievaux\/hache-allemande-xi-eme-siecle-denix\/","title":{"rendered":"Hacha de guerra alemana"},"content":{"rendered":"<h2>Hacha de guerra alemana - Denix<\/h2>\n<p>Para empezar, el <strong>Hacha de guerra alemana<\/strong>, conocida como Pic du corbeau (Pico del cuervo) y utilizada por la caballer\u00eda en el sur de Alemania, era un arma de mano de entre 50 y 80 cm, que antiguamente ten\u00eda un mango de madera.<\/p>\n<p>Las hachas de combate del siglo XVI eran la versi\u00f3n militar de las hachas tradicionales de le\u00f1ador, pero m\u00e1s ligeras para manejarlas con mayor facilidad y con una hoja m\u00e1s afilada para una mayor eficacia.<\/p>\n<p>En esa \u00e9poca, la aparici\u00f3n de las armaduras de placas condujo a la especializaci\u00f3n de los ejes, que comenzaron a tener una punta en el lado opuesto a la hoja, as\u00ed como una hoja vertical en su parte superior.<\/p>\n<p>La adici\u00f3n de una punta en el extremo del mango permite realizar estocadas, \u00fatiles para perforar protecciones como las armaduras de placas.<\/p>\n<h2>Tu Hacha de Batalla Alemana al mejor precio.<\/h2>\n<p>Le ofrecemos una amplia selecci\u00f3n de reproducciones de armas hist\u00f3ricas.<\/p>\n<p>Lo primero y m\u00e1s importante,<\/p>\n<ul>\n<li>El magn\u00edfico <a href=\"https:\/\/repliquemangacine.fr\/es\/daga-medieval\/daga-decorativa-templaria\/\">daga templaria<\/a> con su pomo en forma de casco.<\/li>\n<li>La reproducci\u00f3n a tama\u00f1o reducido de <a href=\"https:\/\/repliquemangacine.fr\/es\/joyas-de-coleccion\/armadura-lannister-60cm-juego-de-tronos\/\">armadura de 60 cm de la guardia real<\/a>La familia Lannister en GOT.<\/li>\n<li>Tambi\u00e9n existe la <a href=\"https:\/\/repliquemangacine.fr\/es\/casco-casco\/armet-anglais-casque-d-armure\/\">Casco de armadura inglesa<\/a> llamado \"Armet<\/li>\n<li>Y muchos m\u00e1s por descubrir en nuestra tienda en l\u00ednea.<\/li>\n<\/ul>\n<p>Por eso es una magn\u00edfica idea de regalo para todos los amantes de las armas hist\u00f3ricas.<\/p>\n<p>En conclusi\u00f3n, puede utilizar esta <strong>Hacha de guerra alemana<\/strong> para sus recreaciones hist\u00f3ricas.<\/p>\n<p>Por encima de todo, esta arma es un objeto de colecci\u00f3n y una pieza decorativa.<\/p>\n<p>R\u00e9plique Manga Cin\u00e9 es una empresa francesa y distribuidor oficial de la marca <a href=\"https:\/\/www.denix.fr\/fr\/catalogue\/europe-medievale-s-vi-xv\/haches-et-hallebardes\/636\/\" target=\"_blank\" rel=\"noopener noreferrer\">Denix<\/a>.<\/p>\n<h2>\u00bfC\u00f3mo debo mantener la hoja de mi hacha?<\/h2>\n<p>Las hachas de colecci\u00f3n y decoraci\u00f3n se fabrican y ensamblan de forma simplificada. Dado que su uso es decorativo, no cuentan con los elementos de seguridad necesarios para una espada japonesa destinada al entrenamiento.<\/p>\n<p>Sin embargo, su <strong>Hacha de guerra alemana<\/strong> una hoja de acero que hay que cuidar para evitar que se da\u00f1e con el tiempo. De hecho, vas a exponer tu hacha, tus amigos sentir\u00e1n curiosidad por ver la hoja y tocarla. Ah\u00ed es donde hay que tener cuidado, hay que saber que la acidez de los dedos es muy perjudicial para el acero, independientemente de su calidad.<\/p>\n<p>Sin embargo, si esto ocurre, no se preocupe, solo tiene que humedecer un pa\u00f1o con un poco de aceite y limpiar las huellas dactilares. De esta forma, conservar\u00e1 su hacha durante mucho tiempo.<\/p>","protected":false},"excerpt":{"rendered":"<p>Magn\u00edfica reproducci\u00f3n del hacha del siglo XI.<\/p>\n<ul>\n<li>Hacha antigua de acero.<\/li>\n<li>Punto Estoc.<\/li>\n<li>El conjunto est\u00e1 sublimemente decorado con grabados.<\/li>\n<li>Asa de madera maciza con correas decorativas de cuero.<\/li>\n<li>Dimensiones: 80 cm - Peso: 1140 gramos<\/li>\n<\/ul>","protected":false},"featured_media":27070,"template":"","meta":[],"product_brand":[896],"product_cat":[25,92,43],"product_tag":[],"class_list":{"0":"post-27069","1":"product","2":"type-product","3":"status-publish","4":"has-post-thumbnail","6":"product_brand-replique-manga-cine","7":"product_cat-armes-historiques","8":"product_cat-haches-de-guerre-medievale-et-accessoire-medievaux","9":"product_cat-reproductions-d-armes-et-accessoires-medievales","11":"first","12":"instock","13":"taxable","14":"shipping-taxable","15":"purchasable","16":"product-type-simple"},"yoast_head":"<!-- This site is optimized with the Yoast SEO plugin v27.5 - https:\/\/yoast.com\/product\/yoast-seo-wordpress\/ -->\n<title>Hache de Guerre Allemande - Accessoire m\u00e9di\u00e9vale Denix | RMC<\/title>\n<meta name=\"description\" content=\"D\u00e9couvrez la r\u00e9plique de cette Hache de Guerre Allemande au meilleur prix - Lame en acier vieilli - Manche bois - Longueur totale : 80 cm - Envoi 24\/48h\" \/>\n<meta name=\"robots\" content=\"index, follow, max-snippet:-1, max-image-preview:large, max-video-preview:-1\" \/>\n<link rel=\"canonical\" href=\"https:\/\/repliquemangacine.fr\/es\/hachas-de-batalla-medievales-y-accesorios\/hacha-alemana-del-siglo-xi-denix\/\" \/>\n<meta property=\"og:locale\" content=\"es_ES\" \/>\n<meta property=\"og:type\" content=\"article\" \/>\n<meta property=\"og:title\" content=\"Hache de Guerre Allemande - Accessoire m\u00e9di\u00e9vale Denix | RMC\" \/>\n<meta property=\"og:description\" content=\"D\u00e9couvrez la r\u00e9plique de cette Hache de Guerre Allemande au meilleur prix - Lame en acier vieilli - Manche bois - Longueur totale : 80 cm - Envoi 24\/48h\" \/>\n<meta property=\"og:url\" content=\"https:\/\/repliquemangacine.fr\/es\/hachas-de-batalla-medievales-y-accesorios\/hacha-alemana-del-siglo-xi-denix\/\" \/>\n<meta property=\"og:site_name\" content=\"R\u00e9plique Manga Cin\u00e9\" \/>\n<meta property=\"article:publisher\" content=\"https:\/\/www.facebook.com\/RepliqueMangaCine\" \/>\n<meta property=\"article:modified_time\" content=\"2025-09-23T16:01:53+00:00\" \/>\n<meta property=\"og:image\" content=\"https:\/\/repliquemangacine.fr\/wp-content\/uploads\/2023\/10\/1853-Hache-Allemande-XI-eme-siecle-Denix.jpg\" \/>\n\t<meta property=\"og:image:width\" content=\"600\" \/>\n\t<meta property=\"og:image:height\" content=\"600\" \/>\n\t<meta property=\"og:image:type\" content=\"image\/jpeg\" \/>\n<meta name=\"twitter:card\" content=\"summary_large_image\" \/>\n<meta name=\"twitter:label1\" content=\"Tiempo de lectura\" \/>\n\t<meta name=\"twitter:data1\" content=\"2 minutos\" \/>\n<script type=\"application\/ld+json\" class=\"yoast-schema-graph\">{\"@context\":\"https:\\\/\\\/schema.org\",\"@graph\":[{\"@type\":\"WebPage\",\"@id\":\"https:\\\/\\\/repliquemangacine.fr\\\/haches-de-guerre-medievale-et-accessoire-medievaux\\\/hache-allemande-xi-eme-siecle-denix\\\/\",\"url\":\"https:\\\/\\\/repliquemangacine.fr\\\/haches-de-guerre-medievale-et-accessoire-medievaux\\\/hache-allemande-xi-eme-siecle-denix\\\/\",\"name\":\"Hache de Guerre Allemande - Accessoire m\u00e9di\u00e9vale Denix | RMC\",\"isPartOf\":{\"@id\":\"https:\\\/\\\/repliquemangacine.fr\\\/#website\"},\"primaryImageOfPage\":{\"@id\":\"https:\\\/\\\/repliquemangacine.fr\\\/haches-de-guerre-medievale-et-accessoire-medievaux\\\/hache-allemande-xi-eme-siecle-denix\\\/#primaryimage\"},\"image\":{\"@id\":\"https:\\\/\\\/repliquemangacine.fr\\\/haches-de-guerre-medievale-et-accessoire-medievaux\\\/hache-allemande-xi-eme-siecle-denix\\\/#primaryimage\"},\"thumbnailUrl\":\"https:\\\/\\\/repliquemangacine.fr\\\/wp-content\\\/uploads\\\/2023\\\/10\\\/1853-Hache-Allemande-XI-eme-siecle-Denix.jpg\",\"datePublished\":\"2017-04-08T20:18:48+00:00\",\"dateModified\":\"2025-09-23T16:01:53+00:00\",\"description\":\"D\u00e9couvrez la r\u00e9plique de cette Hache de Guerre Allemande au meilleur prix - Lame en acier vieilli - Manche bois - Longueur totale : 80 cm - Envoi 24\\\/48h\",\"breadcrumb\":{\"@id\":\"https:\\\/\\\/repliquemangacine.fr\\\/haches-de-guerre-medievale-et-accessoire-medievaux\\\/hache-allemande-xi-eme-siecle-denix\\\/#breadcrumb\"},\"inLanguage\":\"es\",\"potentialAction\":[{\"@type\":\"ReadAction\",\"target\":[\"https:\\\/\\\/repliquemangacine.fr\\\/haches-de-guerre-medievale-et-accessoire-medievaux\\\/hache-allemande-xi-eme-siecle-denix\\\/\"]}]},{\"@type\":\"ImageObject\",\"inLanguage\":\"es\",\"@id\":\"https:\\\/\\\/repliquemangacine.fr\\\/haches-de-guerre-medievale-et-accessoire-medievaux\\\/hache-allemande-xi-eme-siecle-denix\\\/#primaryimage\",\"url\":\"https:\\\/\\\/repliquemangacine.fr\\\/wp-content\\\/uploads\\\/2023\\\/10\\\/1853-Hache-Allemande-XI-eme-siecle-Denix.jpg\",\"contentUrl\":\"https:\\\/\\\/repliquemangacine.fr\\\/wp-content\\\/uploads\\\/2023\\\/10\\\/1853-Hache-Allemande-XI-eme-siecle-Denix.jpg\",\"width\":600,\"height\":600,\"caption\":\"Hache Allemande XI \u00e8me si\u00e8cle - Denix\"},{\"@type\":\"BreadcrumbList\",\"@id\":\"https:\\\/\\\/repliquemangacine.fr\\\/haches-de-guerre-medievale-et-accessoire-medievaux\\\/hache-allemande-xi-eme-siecle-denix\\\/#breadcrumb\",\"itemListElement\":[{\"@type\":\"ListItem\",\"position\":1,\"name\":\"Accueil\",\"item\":\"https:\\\/\\\/repliquemangacine.fr\\\/\"},{\"@type\":\"ListItem\",\"position\":2,\"name\":\"Produits\",\"item\":\"https:\\\/\\\/repliquemangacine.fr\\\/boutique\\\/\"},{\"@type\":\"ListItem\",\"position\":3,\"name\":\"Hache de Guerre Allemande\"}]},{\"@type\":\"WebSite\",\"@id\":\"https:\\\/\\\/repliquemangacine.fr\\\/#website\",\"url\":\"https:\\\/\\\/repliquemangacine.fr\\\/\",\"name\":\"R\u00e9plique Manga Cin\u00e9\",\"description\":\"\",\"publisher\":{\"@id\":\"https:\\\/\\\/repliquemangacine.fr\\\/#organization\"},\"potentialAction\":[{\"@type\":\"SearchAction\",\"target\":{\"@type\":\"EntryPoint\",\"urlTemplate\":\"https:\\\/\\\/repliquemangacine.fr\\\/?s={search_term_string}\"},\"query-input\":{\"@type\":\"PropertyValueSpecification\",\"valueRequired\":true,\"valueName\":\"search_term_string\"}}],\"inLanguage\":\"es\"},{\"@type\":\"Organization\",\"@id\":\"https:\\\/\\\/repliquemangacine.fr\\\/#organization\",\"name\":\"R\u00e9plique Manga Cin\u00e9\",\"url\":\"https:\\\/\\\/repliquemangacine.fr\\\/\",\"logo\":{\"@type\":\"ImageObject\",\"inLanguage\":\"es\",\"@id\":\"https:\\\/\\\/repliquemangacine.fr\\\/#\\\/schema\\\/logo\\\/image\\\/\",\"url\":\"https:\\\/\\\/repliquemangacine.fr\\\/wp-content\\\/uploads\\\/2023\\\/10\\\/RMC-500250.png\",\"contentUrl\":\"https:\\\/\\\/repliquemangacine.fr\\\/wp-content\\\/uploads\\\/2023\\\/10\\\/RMC-500250.png\",\"width\":500,\"height\":250,\"caption\":\"R\u00e9plique Manga Cin\u00e9\"},\"image\":{\"@id\":\"https:\\\/\\\/repliquemangacine.fr\\\/#\\\/schema\\\/logo\\\/image\\\/\"},\"sameAs\":[\"https:\\\/\\\/www.facebook.com\\\/RepliqueMangaCine\",\"https:\\\/\\\/www.instagram.com\\\/repliquemangacine.fr\\\/\"]}]}<\/script>\n<!-- \/ Yoast SEO plugin. -->","yoast_head_json":{"title":"Hacha de guerra alemana - Accesorio medieval Denix | RMC","description":"Descubra la r\u00e9plica de esta Hacha de Batalla Alemana al mejor precio - Hoja de acero envejecido - Mango de madera - Longitud total: 80 cm - Env\u00edo 24\/48h","robots":{"index":"index","follow":"follow","max-snippet":"max-snippet:-1","max-image-preview":"max-image-preview:large","max-video-preview":"max-video-preview:-1"},"canonical":"https:\/\/repliquemangacine.fr\/es\/hachas-de-batalla-medievales-y-accesorios\/hacha-alemana-del-siglo-xi-denix\/","og_locale":"es_ES","og_type":"article","og_title":"Hache de Guerre Allemande - Accessoire m\u00e9di\u00e9vale Denix | RMC","og_description":"D\u00e9couvrez la r\u00e9plique de cette Hache de Guerre Allemande au meilleur prix - Lame en acier vieilli - Manche bois - Longueur totale : 80 cm - Envoi 24\/48h","og_url":"https:\/\/repliquemangacine.fr\/es\/hachas-de-batalla-medievales-y-accesorios\/hacha-alemana-del-siglo-xi-denix\/","og_site_name":"R\u00e9plique Manga Cin\u00e9","article_publisher":"https:\/\/www.facebook.com\/RepliqueMangaCine","article_modified_time":"2025-09-23T16:01:53+00:00","og_image":[{"width":600,"height":600,"url":"https:\/\/repliquemangacine.fr\/wp-content\/uploads\/2023\/10\/1853-Hache-Allemande-XI-eme-siecle-Denix.jpg","type":"image\/jpeg"}],"twitter_card":"summary_large_image","twitter_misc":{"Tiempo de lectura":"2 minutos"},"schema":{"@context":"https:\/\/schema.org","@graph":[{"@type":"WebPage","@id":"https:\/\/repliquemangacine.fr\/haches-de-guerre-medievale-et-accessoire-medievaux\/hache-allemande-xi-eme-siecle-denix\/","url":"https:\/\/repliquemangacine.fr\/haches-de-guerre-medievale-et-accessoire-medievaux\/hache-allemande-xi-eme-siecle-denix\/","name":"Hacha de guerra alemana - Accesorio medieval Denix | RMC","isPartOf":{"@id":"https:\/\/repliquemangacine.fr\/#website"},"primaryImageOfPage":{"@id":"https:\/\/repliquemangacine.fr\/haches-de-guerre-medievale-et-accessoire-medievaux\/hache-allemande-xi-eme-siecle-denix\/#primaryimage"},"image":{"@id":"https:\/\/repliquemangacine.fr\/haches-de-guerre-medievale-et-accessoire-medievaux\/hache-allemande-xi-eme-siecle-denix\/#primaryimage"},"thumbnailUrl":"https:\/\/repliquemangacine.fr\/wp-content\/uploads\/2023\/10\/1853-Hache-Allemande-XI-eme-siecle-Denix.jpg","datePublished":"2017-04-08T20:18:48+00:00","dateModified":"2025-09-23T16:01:53+00:00","description":"Descubra la r\u00e9plica de esta Hacha de Batalla Alemana al mejor precio - Hoja de acero envejecido - Mango de madera - Longitud total: 80 cm - Env\u00edo 24\/48h","breadcrumb":{"@id":"https:\/\/repliquemangacine.fr\/haches-de-guerre-medievale-et-accessoire-medievaux\/hache-allemande-xi-eme-siecle-denix\/#breadcrumb"},"inLanguage":"es","potentialAction":[{"@type":"ReadAction","target":["https:\/\/repliquemangacine.fr\/haches-de-guerre-medievale-et-accessoire-medievaux\/hache-allemande-xi-eme-siecle-denix\/"]}]},{"@type":"ImageObject","inLanguage":"es","@id":"https:\/\/repliquemangacine.fr\/haches-de-guerre-medievale-et-accessoire-medievaux\/hache-allemande-xi-eme-siecle-denix\/#primaryimage","url":"https:\/\/repliquemangacine.fr\/wp-content\/uploads\/2023\/10\/1853-Hache-Allemande-XI-eme-siecle-Denix.jpg","contentUrl":"https:\/\/repliquemangacine.fr\/wp-content\/uploads\/2023\/10\/1853-Hache-Allemande-XI-eme-siecle-Denix.jpg","width":600,"height":600,"caption":"Hache Allemande XI \u00e8me si\u00e8cle - Denix"},{"@type":"BreadcrumbList","@id":"https:\/\/repliquemangacine.fr\/haches-de-guerre-medievale-et-accessoire-medievaux\/hache-allemande-xi-eme-siecle-denix\/#breadcrumb","itemListElement":[{"@type":"ListItem","position":1,"name":"Accueil","item":"https:\/\/repliquemangacine.fr\/"},{"@type":"ListItem","position":2,"name":"Produits","item":"https:\/\/repliquemangacine.fr\/boutique\/"},{"@type":"ListItem","position":3,"name":"Hache de Guerre Allemande"}]},{"@type":"WebSite","@id":"https:\/\/repliquemangacine.fr\/#website","url":"https:\/\/repliquemangacine.fr\/","name":"R\u00e9plique Manga Cin\u00e9","description":"","publisher":{"@id":"https:\/\/repliquemangacine.fr\/#organization"},"potentialAction":[{"@type":"SearchAction","target":{"@type":"EntryPoint","urlTemplate":"https:\/\/repliquemangacine.fr\/?s={search_term_string}"},"query-input":{"@type":"PropertyValueSpecification","valueRequired":true,"valueName":"search_term_string"}}],"inLanguage":"es"},{"@type":"Organization","@id":"https:\/\/repliquemangacine.fr\/#organization","name":"R\u00e9plique Manga Cin\u00e9","url":"https:\/\/repliquemangacine.fr\/","logo":{"@type":"ImageObject","inLanguage":"es","@id":"https:\/\/repliquemangacine.fr\/#\/schema\/logo\/image\/","url":"https:\/\/repliquemangacine.fr\/wp-content\/uploads\/2023\/10\/RMC-500250.png","contentUrl":"https:\/\/repliquemangacine.fr\/wp-content\/uploads\/2023\/10\/RMC-500250.png","width":500,"height":250,"caption":"R\u00e9plique Manga Cin\u00e9"},"image":{"@id":"https:\/\/repliquemangacine.fr\/#\/schema\/logo\/image\/"},"sameAs":["https:\/\/www.facebook.com\/RepliqueMangaCine","https:\/\/www.instagram.com\/repliquemangacine.fr\/"]}]}},"_links":{"self":[{"href":"https:\/\/repliquemangacine.fr\/es\/wp-json\/wp\/v2\/product\/27069","targetHints":{"allow":["GET"]}}],"collection":[{"href":"https:\/\/repliquemangacine.fr\/es\/wp-json\/wp\/v2\/product"}],"about":[{"href":"https:\/\/repliquemangacine.fr\/es\/wp-json\/wp\/v2\/types\/product"}],"wp:featuredmedia":[{"embeddable":true,"href":"https:\/\/repliquemangacine.fr\/es\/wp-json\/wp\/v2\/media\/27070"}],"wp:attachment":[{"href":"https:\/\/repliquemangacine.fr\/es\/wp-json\/wp\/v2\/media?parent=27069"}],"wp:term":[{"taxonomy":"product_brand","embeddable":true,"href":"https:\/\/repliquemangacine.fr\/es\/wp-json\/wp\/v2\/product_brand?post=27069"},{"taxonomy":"product_cat","embeddable":true,"href":"https:\/\/repliquemangacine.fr\/es\/wp-json\/wp\/v2\/product_cat?post=27069"},{"taxonomy":"product_tag","embeddable":true,"href":"https:\/\/repliquemangacine.fr\/es\/wp-json\/wp\/v2\/product_tag?post=27069"}],"curies":[{"name":"wp","href":"https:\/\/api.w.org\/{rel}","templated":true}]}}