





{"id":27046,"date":"2017-04-03T22:27:33","date_gmt":"2017-04-03T20:27:33","guid":{"rendered":"https:\/\/repliquemangacine.fr\/?post_type=product&#038;p=27046"},"modified":"2025-09-23T18:01:52","modified_gmt":"2025-09-23T16:01:52","slug":"replica-de-la-espada-del-rey-llane-wrynn-warcraft","status":"publish","type":"product","link":"https:\/\/repliquemangacine.fr\/es\/repliques-d-armes-films-et-series\/replique-epee-roi-llane-wrynn-warcraft\/","title":{"rendered":"Espada del Rey Llane Wrynn - Warcraft"},"content":{"rendered":"<h2>Espada del Colmillo de Le\u00f3n del Rey Llane Wrynn en la pel\u00edcula Warcraft.<\/h2>\n<p><span class=\"notranslate\">Para empezar, la Espada del Rey Llane Wrynn pertenece al Rey de Azeroth, que reina sobre <a href=\"https:\/\/wowwiki.fandom.com\/fr\/wiki\/Hurlevent_(ville)\" target=\"_blank\" rel=\"noopener noreferrer\">Cumbres Borrascosas<\/a> la capital de los humanos de la Alianza en World of Warcraft. Tambi\u00e9n conocida como Colmillo de Le\u00f3n, su espada est\u00e1 adornada con oro con los colores de la Alianza y es tan impresionante como hermosa.\u00a0<\/span><\/p>\n<p>La uni\u00f3n entre la reina Varia y el rey Wrynn Barathen da lugar al nacimiento de Llane, el \u00fanico heredero al trono. Por ello, su nacimiento se celebra en todo el reino.<\/p>\n<p>Por lo tanto, el rey Llane Wrynn est\u00e1 presente en la mazmorra de Ventormenta. La capital humana de la Alianza es m\u00e1s conocida por los jugadores de World of Warcraft con el nombre ingl\u00e9s de Stormwind. Finalmente, el rey de Ventormenta triunfa en varias ocasiones contra los repetidos ataques de la Horda.<\/p>\n<h2>Tu Llane Wrynn Espada del Rey al mejor precio.<\/h2>\n<p>Te ofrecemos una amplia selecci\u00f3n de productos derivados del mundo de World of Warcraft.<\/p>\n<p>Lo primero y m\u00e1s importante,<\/p>\n<ul>\n<li>La emblem\u00e1tica y legendaria <a href=\"https:\/\/repliquemangacine.fr\/es\/world-of-warcraft-espada\/frostmourne-deuillegivre-espada-espada-del-rey-lich\/\">Frostmourne<\/a> d'Arthas, espada del Rey Ex\u00e1nime de cobre.<\/li>\n<li>Tambi\u00e9n existe la <a href=\"https:\/\/repliquemangacine.fr\/es\/otras-peliculas-y-series\/dague-epee-lothar-world-of-warcraft\/\">Daga espada de Lothar<\/a> en la pel\u00edcula Warcraft<\/li>\n<li>Adem\u00e1s del impresionante <a href=\"https:\/\/repliquemangacine.fr\/es\/world-of-warcraft-espada\/epee-ashbringer-world-of-warcraft\/\">Espada Ashbringer<\/a> el palad\u00edn Alexandros Mograine<\/li>\n<li>Y muchos m\u00e1s por descubrir en nuestra tienda en l\u00ednea.<\/li>\n<\/ul>\n<p>Por eso, esta es una idea estupenda para regalar a los fans de WoW.<\/p>\n<p>En conclusi\u00f3n, puede comprar el\u2019<strong>Espada del Rey Llane Wrynn<\/strong> para tus desfiles de cosplay o veladas tem\u00e1ticas. Pero, sobre todo, es una pieza de coleccionista y decoraci\u00f3n.<\/p>\n<p><span class=\"notranslate\">R\u00e9plique Manga Cin\u00e9 es una empresa familiar francesa.<\/span><\/p>\n<h2>\u00bfC\u00f3mo mantengo la hoja de mi espada Warcraft?<\/h2>\n<p>Las espadas de colecci\u00f3n y decorativas se fabrican y ensamblan de forma simplificada. Como su uso es decorativo, no cuentan con los elementos de seguridad necesarios para una espada japonesa destinada al entrenamiento.<\/p>\n<p>Sin embargo, su <strong>Espada del Rey Llane Wrynn<\/strong> a una hoja de acero que hay que cuidar para evitar que se estropee con el tiempo. Cuando exponga su katana, sus amigos sentir\u00e1n curiosidad por ver la hoja y tocarla. Aqu\u00ed es donde hay que tener cuidado, ya que la acidez de los dedos es muy perjudicial para el acero, sea cual sea su calidad.<\/p>\n<p>Sin embargo, si esto ocurre, no te asustes, todo lo que necesitas es un pa\u00f1o humedecido con un poco de aceite y limpiar las huellas dactilares. Si haces esto, tu espada durar\u00e1 mucho tiempo.<\/p>","protected":false},"excerpt":{"rendered":"<p>Espada Colmillo de Le\u00f3n del rey Llane Wrynn en la pel\u00edcula Warcraft.<\/p>\n<ul>\n<li>Hoja ancha de acero inoxidable con grabado.<\/li>\n<li>Mango de acero, revestimiento azul.<\/li>\n<li>Pomo de acero dorado.<\/li>\n<li>Empu\u00f1adura de acero dorado antiguo en forma de cabeza de le\u00f3n.<\/li>\n<li>Soporte mural de madera.<\/li>\n<li>Longitud de la hoja: 78 cm - Longitud total: 116 cm<\/li>\n<\/ul>","protected":false},"featured_media":27047,"template":"","meta":[],"product_brand":[896],"product_cat":[66,24,23,60],"product_tag":[],"class_list":{"0":"post-27046","1":"product","2":"type-product","3":"status-publish","4":"has-post-thumbnail","6":"product_brand-replique-manga-cine","7":"product_cat-repliques-d-armes-films-et-series","8":"product_cat-films-series-tv-vente-de-katana-epee-et-produits-derives","9":"product_cat-repliques-manga-jeux-video","10":"product_cat-epees-world-of-warcraft","12":"first","13":"outofstock","14":"sale","15":"taxable","16":"shipping-taxable","17":"purchasable","18":"product-type-simple"},"yoast_head":"<!-- This site is optimized with the Yoast SEO plugin v27.4 - https:\/\/yoast.com\/product\/yoast-seo-wordpress\/ -->\n<title>Ep\u00e9e du roi Llane Wrynn - Warcraft - Boutique en ligne | RMC<\/title>\n<meta name=\"description\" content=\"Offrez-vous l&#039;Ep\u00e9e du roi Llane Wrynn dans le film Warcraft au meilleur prix. Lame acier - Garde t\u00eate de lion - Echelle 1\/1 - Longueur 116 cm - Envoi 24\/48h\" \/>\n<meta name=\"robots\" content=\"index, follow, max-snippet:-1, max-image-preview:large, max-video-preview:-1\" \/>\n<link rel=\"canonical\" href=\"https:\/\/repliquemangacine.fr\/es\/replicas-de-armas-peliculas-y-series\/replica-de-la-espada-del-rey-llane-wrynn-warcraft\/\" \/>\n<meta property=\"og:locale\" content=\"es_ES\" \/>\n<meta property=\"og:type\" content=\"article\" \/>\n<meta property=\"og:title\" content=\"Ep\u00e9e du roi Llane Wrynn - Warcraft - Boutique en ligne | RMC\" \/>\n<meta property=\"og:description\" content=\"Offrez-vous l&#039;Ep\u00e9e du roi Llane Wrynn dans le film Warcraft au meilleur prix. Lame acier - Garde t\u00eate de lion - Echelle 1\/1 - Longueur 116 cm - Envoi 24\/48h\" \/>\n<meta property=\"og:url\" content=\"https:\/\/repliquemangacine.fr\/es\/replicas-de-armas-peliculas-y-series\/replica-de-la-espada-del-rey-llane-wrynn-warcraft\/\" \/>\n<meta property=\"og:site_name\" content=\"R\u00e9plique Manga Cin\u00e9\" \/>\n<meta property=\"article:publisher\" content=\"https:\/\/www.facebook.com\/RepliqueMangaCine\" \/>\n<meta property=\"article:modified_time\" content=\"2025-09-23T16:01:52+00:00\" \/>\n<meta property=\"og:image\" content=\"https:\/\/repliquemangacine.fr\/wp-content\/uploads\/2023\/10\/2028-Replique-Epee-Roi-Llane-Wrynn-Warcraft.jpg\" \/>\n\t<meta property=\"og:image:width\" content=\"600\" \/>\n\t<meta property=\"og:image:height\" content=\"600\" \/>\n\t<meta property=\"og:image:type\" content=\"image\/jpeg\" \/>\n<meta name=\"twitter:card\" content=\"summary_large_image\" \/>\n<meta name=\"twitter:label1\" content=\"Tiempo de lectura\" \/>\n\t<meta name=\"twitter:data1\" content=\"2 minutos\" \/>\n<script type=\"application\/ld+json\" class=\"yoast-schema-graph\">{\"@context\":\"https:\\\/\\\/schema.org\",\"@graph\":[{\"@type\":\"WebPage\",\"@id\":\"https:\\\/\\\/repliquemangacine.fr\\\/repliques-d-armes-films-et-series\\\/replique-epee-roi-llane-wrynn-warcraft\\\/\",\"url\":\"https:\\\/\\\/repliquemangacine.fr\\\/repliques-d-armes-films-et-series\\\/replique-epee-roi-llane-wrynn-warcraft\\\/\",\"name\":\"Ep\u00e9e du roi Llane Wrynn - Warcraft - Boutique en ligne | RMC\",\"isPartOf\":{\"@id\":\"https:\\\/\\\/repliquemangacine.fr\\\/#website\"},\"primaryImageOfPage\":{\"@id\":\"https:\\\/\\\/repliquemangacine.fr\\\/repliques-d-armes-films-et-series\\\/replique-epee-roi-llane-wrynn-warcraft\\\/#primaryimage\"},\"image\":{\"@id\":\"https:\\\/\\\/repliquemangacine.fr\\\/repliques-d-armes-films-et-series\\\/replique-epee-roi-llane-wrynn-warcraft\\\/#primaryimage\"},\"thumbnailUrl\":\"https:\\\/\\\/repliquemangacine.fr\\\/wp-content\\\/uploads\\\/2023\\\/10\\\/2028-Replique-Epee-Roi-Llane-Wrynn-Warcraft.jpg\",\"datePublished\":\"2017-04-03T20:27:33+00:00\",\"dateModified\":\"2025-09-23T16:01:52+00:00\",\"description\":\"Offrez-vous l'Ep\u00e9e du roi Llane Wrynn dans le film Warcraft au meilleur prix. Lame acier - Garde t\u00eate de lion - Echelle 1\\\/1 - Longueur 116 cm - Envoi 24\\\/48h\",\"breadcrumb\":{\"@id\":\"https:\\\/\\\/repliquemangacine.fr\\\/repliques-d-armes-films-et-series\\\/replique-epee-roi-llane-wrynn-warcraft\\\/#breadcrumb\"},\"inLanguage\":\"es\",\"potentialAction\":[{\"@type\":\"ReadAction\",\"target\":[\"https:\\\/\\\/repliquemangacine.fr\\\/repliques-d-armes-films-et-series\\\/replique-epee-roi-llane-wrynn-warcraft\\\/\"]}]},{\"@type\":\"ImageObject\",\"inLanguage\":\"es\",\"@id\":\"https:\\\/\\\/repliquemangacine.fr\\\/repliques-d-armes-films-et-series\\\/replique-epee-roi-llane-wrynn-warcraft\\\/#primaryimage\",\"url\":\"https:\\\/\\\/repliquemangacine.fr\\\/wp-content\\\/uploads\\\/2023\\\/10\\\/2028-Replique-Epee-Roi-Llane-Wrynn-Warcraft.jpg\",\"contentUrl\":\"https:\\\/\\\/repliquemangacine.fr\\\/wp-content\\\/uploads\\\/2023\\\/10\\\/2028-Replique-Epee-Roi-Llane-Wrynn-Warcraft.jpg\",\"width\":600,\"height\":600,\"caption\":\"R\u00e9plique Ep\u00e9e Roi Llane Wrynn - Warcraft\"},{\"@type\":\"BreadcrumbList\",\"@id\":\"https:\\\/\\\/repliquemangacine.fr\\\/repliques-d-armes-films-et-series\\\/replique-epee-roi-llane-wrynn-warcraft\\\/#breadcrumb\",\"itemListElement\":[{\"@type\":\"ListItem\",\"position\":1,\"name\":\"Accueil\",\"item\":\"https:\\\/\\\/repliquemangacine.fr\\\/\"},{\"@type\":\"ListItem\",\"position\":2,\"name\":\"Produits\",\"item\":\"https:\\\/\\\/repliquemangacine.fr\\\/boutique\\\/\"},{\"@type\":\"ListItem\",\"position\":3,\"name\":\"Ep\u00e9e du Roi Llane Wrynn &#8211; Warcraft\"}]},{\"@type\":\"WebSite\",\"@id\":\"https:\\\/\\\/repliquemangacine.fr\\\/#website\",\"url\":\"https:\\\/\\\/repliquemangacine.fr\\\/\",\"name\":\"R\u00e9plique Manga Cin\u00e9\",\"description\":\"\",\"publisher\":{\"@id\":\"https:\\\/\\\/repliquemangacine.fr\\\/#organization\"},\"potentialAction\":[{\"@type\":\"SearchAction\",\"target\":{\"@type\":\"EntryPoint\",\"urlTemplate\":\"https:\\\/\\\/repliquemangacine.fr\\\/?s={search_term_string}\"},\"query-input\":{\"@type\":\"PropertyValueSpecification\",\"valueRequired\":true,\"valueName\":\"search_term_string\"}}],\"inLanguage\":\"es\"},{\"@type\":\"Organization\",\"@id\":\"https:\\\/\\\/repliquemangacine.fr\\\/#organization\",\"name\":\"R\u00e9plique Manga Cin\u00e9\",\"url\":\"https:\\\/\\\/repliquemangacine.fr\\\/\",\"logo\":{\"@type\":\"ImageObject\",\"inLanguage\":\"es\",\"@id\":\"https:\\\/\\\/repliquemangacine.fr\\\/#\\\/schema\\\/logo\\\/image\\\/\",\"url\":\"https:\\\/\\\/repliquemangacine.fr\\\/wp-content\\\/uploads\\\/2023\\\/10\\\/RMC-500250.png\",\"contentUrl\":\"https:\\\/\\\/repliquemangacine.fr\\\/wp-content\\\/uploads\\\/2023\\\/10\\\/RMC-500250.png\",\"width\":500,\"height\":250,\"caption\":\"R\u00e9plique Manga Cin\u00e9\"},\"image\":{\"@id\":\"https:\\\/\\\/repliquemangacine.fr\\\/#\\\/schema\\\/logo\\\/image\\\/\"},\"sameAs\":[\"https:\\\/\\\/www.facebook.com\\\/RepliqueMangaCine\",\"https:\\\/\\\/www.instagram.com\\\/repliquemangacine.fr\\\/\"]}]}<\/script>\n<!-- \/ Yoast SEO plugin. -->","yoast_head_json":{"title":"Espada del Rey Llane Wrynn - Warcraft - Boutique en ligne | RMC","description":"Reg\u00e1late la Espada del Rey Llane Wrynn en la pel\u00edcula Warcraft al mejor precio. Hoja de acero - Guarda cabeza de le\u00f3n - Escala 1\/1 - Longitud 116 cm - Env\u00edo 24\/48h","robots":{"index":"index","follow":"follow","max-snippet":"max-snippet:-1","max-image-preview":"max-image-preview:large","max-video-preview":"max-video-preview:-1"},"canonical":"https:\/\/repliquemangacine.fr\/es\/replicas-de-armas-peliculas-y-series\/replica-de-la-espada-del-rey-llane-wrynn-warcraft\/","og_locale":"es_ES","og_type":"article","og_title":"Ep\u00e9e du roi Llane Wrynn - Warcraft - Boutique en ligne | RMC","og_description":"Offrez-vous l'Ep\u00e9e du roi Llane Wrynn dans le film Warcraft au meilleur prix. Lame acier - Garde t\u00eate de lion - Echelle 1\/1 - Longueur 116 cm - Envoi 24\/48h","og_url":"https:\/\/repliquemangacine.fr\/es\/replicas-de-armas-peliculas-y-series\/replica-de-la-espada-del-rey-llane-wrynn-warcraft\/","og_site_name":"R\u00e9plique Manga Cin\u00e9","article_publisher":"https:\/\/www.facebook.com\/RepliqueMangaCine","article_modified_time":"2025-09-23T16:01:52+00:00","og_image":[{"width":600,"height":600,"url":"https:\/\/repliquemangacine.fr\/wp-content\/uploads\/2023\/10\/2028-Replique-Epee-Roi-Llane-Wrynn-Warcraft.jpg","type":"image\/jpeg"}],"twitter_card":"summary_large_image","twitter_misc":{"Tiempo de lectura":"2 minutos"},"schema":{"@context":"https:\/\/schema.org","@graph":[{"@type":"WebPage","@id":"https:\/\/repliquemangacine.fr\/repliques-d-armes-films-et-series\/replique-epee-roi-llane-wrynn-warcraft\/","url":"https:\/\/repliquemangacine.fr\/repliques-d-armes-films-et-series\/replique-epee-roi-llane-wrynn-warcraft\/","name":"Espada del Rey Llane Wrynn - Warcraft - Boutique en ligne | RMC","isPartOf":{"@id":"https:\/\/repliquemangacine.fr\/#website"},"primaryImageOfPage":{"@id":"https:\/\/repliquemangacine.fr\/repliques-d-armes-films-et-series\/replique-epee-roi-llane-wrynn-warcraft\/#primaryimage"},"image":{"@id":"https:\/\/repliquemangacine.fr\/repliques-d-armes-films-et-series\/replique-epee-roi-llane-wrynn-warcraft\/#primaryimage"},"thumbnailUrl":"https:\/\/repliquemangacine.fr\/wp-content\/uploads\/2023\/10\/2028-Replique-Epee-Roi-Llane-Wrynn-Warcraft.jpg","datePublished":"2017-04-03T20:27:33+00:00","dateModified":"2025-09-23T16:01:52+00:00","description":"Reg\u00e1late la Espada del Rey Llane Wrynn en la pel\u00edcula Warcraft al mejor precio. Hoja de acero - Guarda cabeza de le\u00f3n - Escala 1\/1 - Longitud 116 cm - Env\u00edo 24\/48h","breadcrumb":{"@id":"https:\/\/repliquemangacine.fr\/repliques-d-armes-films-et-series\/replique-epee-roi-llane-wrynn-warcraft\/#breadcrumb"},"inLanguage":"es","potentialAction":[{"@type":"ReadAction","target":["https:\/\/repliquemangacine.fr\/repliques-d-armes-films-et-series\/replique-epee-roi-llane-wrynn-warcraft\/"]}]},{"@type":"ImageObject","inLanguage":"es","@id":"https:\/\/repliquemangacine.fr\/repliques-d-armes-films-et-series\/replique-epee-roi-llane-wrynn-warcraft\/#primaryimage","url":"https:\/\/repliquemangacine.fr\/wp-content\/uploads\/2023\/10\/2028-Replique-Epee-Roi-Llane-Wrynn-Warcraft.jpg","contentUrl":"https:\/\/repliquemangacine.fr\/wp-content\/uploads\/2023\/10\/2028-Replique-Epee-Roi-Llane-Wrynn-Warcraft.jpg","width":600,"height":600,"caption":"R\u00e9plique Ep\u00e9e Roi Llane Wrynn - Warcraft"},{"@type":"BreadcrumbList","@id":"https:\/\/repliquemangacine.fr\/repliques-d-armes-films-et-series\/replique-epee-roi-llane-wrynn-warcraft\/#breadcrumb","itemListElement":[{"@type":"ListItem","position":1,"name":"Accueil","item":"https:\/\/repliquemangacine.fr\/"},{"@type":"ListItem","position":2,"name":"Produits","item":"https:\/\/repliquemangacine.fr\/boutique\/"},{"@type":"ListItem","position":3,"name":"Ep\u00e9e du Roi Llane Wrynn &#8211; Warcraft"}]},{"@type":"WebSite","@id":"https:\/\/repliquemangacine.fr\/#website","url":"https:\/\/repliquemangacine.fr\/","name":"R\u00e9plique Manga Cin\u00e9","description":"","publisher":{"@id":"https:\/\/repliquemangacine.fr\/#organization"},"potentialAction":[{"@type":"SearchAction","target":{"@type":"EntryPoint","urlTemplate":"https:\/\/repliquemangacine.fr\/?s={search_term_string}"},"query-input":{"@type":"PropertyValueSpecification","valueRequired":true,"valueName":"search_term_string"}}],"inLanguage":"es"},{"@type":"Organization","@id":"https:\/\/repliquemangacine.fr\/#organization","name":"R\u00e9plique Manga Cin\u00e9","url":"https:\/\/repliquemangacine.fr\/","logo":{"@type":"ImageObject","inLanguage":"es","@id":"https:\/\/repliquemangacine.fr\/#\/schema\/logo\/image\/","url":"https:\/\/repliquemangacine.fr\/wp-content\/uploads\/2023\/10\/RMC-500250.png","contentUrl":"https:\/\/repliquemangacine.fr\/wp-content\/uploads\/2023\/10\/RMC-500250.png","width":500,"height":250,"caption":"R\u00e9plique Manga Cin\u00e9"},"image":{"@id":"https:\/\/repliquemangacine.fr\/#\/schema\/logo\/image\/"},"sameAs":["https:\/\/www.facebook.com\/RepliqueMangaCine","https:\/\/www.instagram.com\/repliquemangacine.fr\/"]}]}},"_links":{"self":[{"href":"https:\/\/repliquemangacine.fr\/es\/wp-json\/wp\/v2\/product\/27046","targetHints":{"allow":["GET"]}}],"collection":[{"href":"https:\/\/repliquemangacine.fr\/es\/wp-json\/wp\/v2\/product"}],"about":[{"href":"https:\/\/repliquemangacine.fr\/es\/wp-json\/wp\/v2\/types\/product"}],"wp:featuredmedia":[{"embeddable":true,"href":"https:\/\/repliquemangacine.fr\/es\/wp-json\/wp\/v2\/media\/27047"}],"wp:attachment":[{"href":"https:\/\/repliquemangacine.fr\/es\/wp-json\/wp\/v2\/media?parent=27046"}],"wp:term":[{"taxonomy":"product_brand","embeddable":true,"href":"https:\/\/repliquemangacine.fr\/es\/wp-json\/wp\/v2\/product_brand?post=27046"},{"taxonomy":"product_cat","embeddable":true,"href":"https:\/\/repliquemangacine.fr\/es\/wp-json\/wp\/v2\/product_cat?post=27046"},{"taxonomy":"product_tag","embeddable":true,"href":"https:\/\/repliquemangacine.fr\/es\/wp-json\/wp\/v2\/product_tag?post=27046"}],"curies":[{"name":"wp","href":"https:\/\/api.w.org\/{rel}","templated":true}]}}