





{"id":27019,"date":"2017-03-19T18:40:42","date_gmt":"2017-03-19T17:40:42","guid":{"rendered":"https:\/\/repliquemangacine.fr\/?post_type=product&#038;p=27019"},"modified":"2025-10-18T06:59:09","modified_gmt":"2025-10-18T04:59:09","slug":"erza-espada-armadura-fairy-tail","status":"publish","type":"product","link":"https:\/\/repliquemangacine.fr\/es\/katana-et-epee-de-manga-anime-autre-manga\/epee-d-armure-erza-fairy-tail\/","title":{"rendered":"Espada Erza Fairy Tail"},"content":{"rendered":"<h2>Espada Erza en Fairy Tail.<\/h2>\n<p>Para empezar, el<strong>Espada Erza Fairy Tail<\/strong> es la que utiliza con la armadura de la naturaleza. La espada de la Trinidad es un hechizo de Espadas M\u00e1gicas. Al llevar la Armadura de la Naturaleza, Erza cruza sus dos espadas delante de ella y luego las levanta hacia delante para liberar una onda de energ\u00eda.<\/p>\n<p>Erza Scarlett es una maga de rango S del gremio Fairy Tail, considerada la m\u00e1s fuerte de las mujeres miembros. Apodada Titania, la Reina de las Hadas.<\/p>\n<p>L'<a href=\"https:\/\/fairy-tail.fandom.com\/fr\/wiki\/Armure_de_la_Nature\" target=\"_blank\" rel=\"noopener noreferrer\">Armadura de la Naturaleza<\/a>tambi\u00e9n conocida como Armadura de Rueda Celestial, es una de las armaduras de Erza Scarlett. Esta armadura parece otorgar a Erza la capacidad de volar distancias cortas.<\/p>\n<h2>Tu Espada Fairy Tail Erza al mejor precio.<\/h2>\n<p>En esta categor\u00eda te ofrecemos todas las r\u00e9plicas de tus personajes favoritos.<\/p>\n<p>Lo primero y m\u00e1s importante,<\/p>\n<ul>\n<li>Le <a href=\"https:\/\/repliquemangacine.fr\/es\/otros-manga\/katana-erza-scarlett-espada-magica-fairy-tail\/\">Katana de Erza<\/a> Scarlett en Fairy Tail, espada m\u00e1gica.<\/li>\n<li>As\u00ed como el<a href=\"https:\/\/repliquemangacine.fr\/es\/otros-manga\/meliodas-espada-tesoro-sagrado-lostvayne\/\">Espada Lostvayne de Meliodas<\/a> en los Siete Pecados Capitales.<\/li>\n<li>Y muchos m\u00e1s por descubrir en nuestra tienda en l\u00ednea.<\/li>\n<\/ul>\n<p>Por eso, aqu\u00ed tienes unas ideas estupendas para regalar a los fans de Fairy Tell.<\/p>\n<p>En conclusi\u00f3n, tambi\u00e9n puede utilizar esta\u2019<strong>Espada Erza Fairy Tail<\/strong> para tus desfiles de cosplay o tus fiestas tem\u00e1ticas. Pero, ante todo, la espada de Scarlett es tambi\u00e9n una pieza de colecci\u00f3n y decoraci\u00f3n.<\/p>\n<p>R\u00e9plique Manga Cin\u00e9 es una empresa francesa.<\/p>\n<h2>\u00bfC\u00f3mo se mantiene la hoja de la katana Manga?<\/h2>\n<p>Las katanas de colecci\u00f3n y decorativas se fabrican y ensamblan de forma simplificada. Como su uso es decorativo, no cuentan con los elementos de seguridad exigidos a una espada japonesa destinada al entrenamiento.<\/p>\n<p>Sin embargo, su <strong>katana<\/strong> <strong>por Erza Fairy Tail<\/strong> a una hoja de acero que hay que cuidar para evitar que se estropee con el tiempo. Cuando exponga su katana, sus amigos sentir\u00e1n curiosidad por ver la hoja y tocarla. Aqu\u00ed es donde hay que tener cuidado, ya que la acidez de los dedos es muy perjudicial para el acero, sea cual sea su calidad.<\/p>\n<p>Sin embargo, si esto ocurre, no te asustes, todo lo que necesitas es un pa\u00f1o humedecido con un poco de aceite y limpiar las huellas dactilares. Si haces esto, tu espada durar\u00e1 mucho tiempo.<\/p>","protected":false},"excerpt":{"rendered":"<p>La espada de armadura natural de Erza en Fairy Tail.<\/p>\n<ul>\n<li>Hoja de acero 440 sin afilar.<\/li>\n<li>Empu\u00f1adura de acero plateado.<\/li>\n<li>Asa de metal con correa de piel sint\u00e9tica negra.<\/li>\n<li>Funda de polipiel.<\/li>\n<li>Longitud hoja: 72cm - Longitud total: 104cm - Peso: 2030grs<\/li>\n<\/ul>","protected":false},"featured_media":27020,"template":"","meta":[],"product_brand":[896],"product_cat":[65,23],"product_tag":[],"class_list":{"0":"post-27019","1":"product","2":"type-product","3":"status-publish","4":"has-post-thumbnail","6":"product_brand-replique-manga-cine","7":"product_cat-katana-et-epee-de-manga-anime-autre-manga","8":"product_cat-repliques-manga-jeux-video","10":"first","11":"instock","12":"taxable","13":"shipping-taxable","14":"purchasable","15":"product-type-simple"},"yoast_head":"<!-- This site is optimized with the Yoast SEO plugin v27.4 - https:\/\/yoast.com\/product\/yoast-seo-wordpress\/ -->\n<title>Ep\u00e9e Erza Fairy Tail - Ep\u00e9e d&#039;armure - R\u00e9plique Manga Cine<\/title>\n<meta name=\"description\" content=\"Superbe r\u00e9plique de l&#039;Ep\u00e9e Erza Fairy Tail. Cette \u00e9p\u00e9e d&#039;armure de la nature \u00e0 une lame en acier avec s\u00e9rigraphie. Garde sp\u00e9cifique en m\u00e9tal. Fourreau.\" \/>\n<meta name=\"robots\" content=\"index, follow, max-snippet:-1, max-image-preview:large, max-video-preview:-1\" \/>\n<link rel=\"canonical\" href=\"https:\/\/repliquemangacine.fr\/es\/katana-y-manga-espada-anime-otros-manga\/erza-espada-armadura-fairy-tail\/\" \/>\n<meta property=\"og:locale\" content=\"es_ES\" \/>\n<meta property=\"og:type\" content=\"article\" \/>\n<meta property=\"og:title\" content=\"Ep\u00e9e Erza Fairy Tail - Ep\u00e9e d&#039;armure - R\u00e9plique Manga Cine\" \/>\n<meta property=\"og:description\" content=\"Superbe r\u00e9plique de l&#039;Ep\u00e9e Erza Fairy Tail. Cette \u00e9p\u00e9e d&#039;armure de la nature \u00e0 une lame en acier avec s\u00e9rigraphie. Garde sp\u00e9cifique en m\u00e9tal. Fourreau.\" \/>\n<meta property=\"og:url\" content=\"https:\/\/repliquemangacine.fr\/es\/katana-y-manga-espada-anime-otros-manga\/erza-espada-armadura-fairy-tail\/\" \/>\n<meta property=\"og:site_name\" content=\"R\u00e9plique Manga Cin\u00e9\" \/>\n<meta property=\"article:publisher\" content=\"https:\/\/www.facebook.com\/RepliqueMangaCine\" \/>\n<meta property=\"article:modified_time\" content=\"2025-10-18T04:59:09+00:00\" \/>\n<meta property=\"og:image\" content=\"https:\/\/repliquemangacine.fr\/wp-content\/uploads\/2023\/10\/1819-Epee-darmure-erza-Fairy-Tail.jpg\" \/>\n\t<meta property=\"og:image:width\" content=\"600\" \/>\n\t<meta property=\"og:image:height\" content=\"600\" \/>\n\t<meta property=\"og:image:type\" content=\"image\/jpeg\" \/>\n<meta name=\"twitter:card\" content=\"summary_large_image\" \/>\n<meta name=\"twitter:label1\" content=\"Tiempo de lectura\" \/>\n\t<meta name=\"twitter:data1\" content=\"1 minuto\" \/>\n<script type=\"application\/ld+json\" class=\"yoast-schema-graph\">{\"@context\":\"https:\\\/\\\/schema.org\",\"@graph\":[{\"@type\":\"WebPage\",\"@id\":\"https:\\\/\\\/repliquemangacine.fr\\\/katana-et-epee-de-manga-anime-autre-manga\\\/epee-d-armure-erza-fairy-tail\\\/\",\"url\":\"https:\\\/\\\/repliquemangacine.fr\\\/katana-et-epee-de-manga-anime-autre-manga\\\/epee-d-armure-erza-fairy-tail\\\/\",\"name\":\"Ep\u00e9e Erza Fairy Tail - Ep\u00e9e d'armure - R\u00e9plique Manga Cine\",\"isPartOf\":{\"@id\":\"https:\\\/\\\/repliquemangacine.fr\\\/#website\"},\"primaryImageOfPage\":{\"@id\":\"https:\\\/\\\/repliquemangacine.fr\\\/katana-et-epee-de-manga-anime-autre-manga\\\/epee-d-armure-erza-fairy-tail\\\/#primaryimage\"},\"image\":{\"@id\":\"https:\\\/\\\/repliquemangacine.fr\\\/katana-et-epee-de-manga-anime-autre-manga\\\/epee-d-armure-erza-fairy-tail\\\/#primaryimage\"},\"thumbnailUrl\":\"https:\\\/\\\/repliquemangacine.fr\\\/wp-content\\\/uploads\\\/2023\\\/10\\\/1819-Epee-darmure-erza-Fairy-Tail.jpg\",\"datePublished\":\"2017-03-19T17:40:42+00:00\",\"dateModified\":\"2025-10-18T04:59:09+00:00\",\"description\":\"Superbe r\u00e9plique de l'Ep\u00e9e Erza Fairy Tail. Cette \u00e9p\u00e9e d'armure de la nature \u00e0 une lame en acier avec s\u00e9rigraphie. Garde sp\u00e9cifique en m\u00e9tal. Fourreau.\",\"breadcrumb\":{\"@id\":\"https:\\\/\\\/repliquemangacine.fr\\\/katana-et-epee-de-manga-anime-autre-manga\\\/epee-d-armure-erza-fairy-tail\\\/#breadcrumb\"},\"inLanguage\":\"es\",\"potentialAction\":[{\"@type\":\"ReadAction\",\"target\":[\"https:\\\/\\\/repliquemangacine.fr\\\/katana-et-epee-de-manga-anime-autre-manga\\\/epee-d-armure-erza-fairy-tail\\\/\"]}]},{\"@type\":\"ImageObject\",\"inLanguage\":\"es\",\"@id\":\"https:\\\/\\\/repliquemangacine.fr\\\/katana-et-epee-de-manga-anime-autre-manga\\\/epee-d-armure-erza-fairy-tail\\\/#primaryimage\",\"url\":\"https:\\\/\\\/repliquemangacine.fr\\\/wp-content\\\/uploads\\\/2023\\\/10\\\/1819-Epee-darmure-erza-Fairy-Tail.jpg\",\"contentUrl\":\"https:\\\/\\\/repliquemangacine.fr\\\/wp-content\\\/uploads\\\/2023\\\/10\\\/1819-Epee-darmure-erza-Fairy-Tail.jpg\",\"width\":600,\"height\":600,\"caption\":\"Ep\u00e9e Erza Fairy Tail - \u00e9p\u00e9e d'armure de la nature\"},{\"@type\":\"BreadcrumbList\",\"@id\":\"https:\\\/\\\/repliquemangacine.fr\\\/katana-et-epee-de-manga-anime-autre-manga\\\/epee-d-armure-erza-fairy-tail\\\/#breadcrumb\",\"itemListElement\":[{\"@type\":\"ListItem\",\"position\":1,\"name\":\"Accueil\",\"item\":\"https:\\\/\\\/repliquemangacine.fr\\\/\"},{\"@type\":\"ListItem\",\"position\":2,\"name\":\"Produits\",\"item\":\"https:\\\/\\\/repliquemangacine.fr\\\/boutique\\\/\"},{\"@type\":\"ListItem\",\"position\":3,\"name\":\"Ep\u00e9e d&#8217;Erza Fairy Tail\"}]},{\"@type\":\"WebSite\",\"@id\":\"https:\\\/\\\/repliquemangacine.fr\\\/#website\",\"url\":\"https:\\\/\\\/repliquemangacine.fr\\\/\",\"name\":\"R\u00e9plique Manga Cin\u00e9\",\"description\":\"\",\"publisher\":{\"@id\":\"https:\\\/\\\/repliquemangacine.fr\\\/#organization\"},\"potentialAction\":[{\"@type\":\"SearchAction\",\"target\":{\"@type\":\"EntryPoint\",\"urlTemplate\":\"https:\\\/\\\/repliquemangacine.fr\\\/?s={search_term_string}\"},\"query-input\":{\"@type\":\"PropertyValueSpecification\",\"valueRequired\":true,\"valueName\":\"search_term_string\"}}],\"inLanguage\":\"es\"},{\"@type\":\"Organization\",\"@id\":\"https:\\\/\\\/repliquemangacine.fr\\\/#organization\",\"name\":\"R\u00e9plique Manga Cin\u00e9\",\"url\":\"https:\\\/\\\/repliquemangacine.fr\\\/\",\"logo\":{\"@type\":\"ImageObject\",\"inLanguage\":\"es\",\"@id\":\"https:\\\/\\\/repliquemangacine.fr\\\/#\\\/schema\\\/logo\\\/image\\\/\",\"url\":\"https:\\\/\\\/repliquemangacine.fr\\\/wp-content\\\/uploads\\\/2023\\\/10\\\/RMC-500250.png\",\"contentUrl\":\"https:\\\/\\\/repliquemangacine.fr\\\/wp-content\\\/uploads\\\/2023\\\/10\\\/RMC-500250.png\",\"width\":500,\"height\":250,\"caption\":\"R\u00e9plique Manga Cin\u00e9\"},\"image\":{\"@id\":\"https:\\\/\\\/repliquemangacine.fr\\\/#\\\/schema\\\/logo\\\/image\\\/\"},\"sameAs\":[\"https:\\\/\\\/www.facebook.com\\\/RepliqueMangaCine\",\"https:\\\/\\\/www.instagram.com\\\/repliquemangacine.fr\\\/\"]}]}<\/script>\n<!-- \/ Yoast SEO plugin. -->","yoast_head_json":{"title":"Espada Erza Fairy Tail - Espada armadura - R\u00e9plica Manga Cine","description":"Magn\u00edfica r\u00e9plica de la espada Erza de Fairy Tail. Esta espada de armadura natural tiene una hoja de acero con serigraf\u00eda. Guarda met\u00e1lica espec\u00edfica. Vaina.","robots":{"index":"index","follow":"follow","max-snippet":"max-snippet:-1","max-image-preview":"max-image-preview:large","max-video-preview":"max-video-preview:-1"},"canonical":"https:\/\/repliquemangacine.fr\/es\/katana-y-manga-espada-anime-otros-manga\/erza-espada-armadura-fairy-tail\/","og_locale":"es_ES","og_type":"article","og_title":"Ep\u00e9e Erza Fairy Tail - Ep\u00e9e d'armure - R\u00e9plique Manga Cine","og_description":"Superbe r\u00e9plique de l'Ep\u00e9e Erza Fairy Tail. Cette \u00e9p\u00e9e d'armure de la nature \u00e0 une lame en acier avec s\u00e9rigraphie. Garde sp\u00e9cifique en m\u00e9tal. Fourreau.","og_url":"https:\/\/repliquemangacine.fr\/es\/katana-y-manga-espada-anime-otros-manga\/erza-espada-armadura-fairy-tail\/","og_site_name":"R\u00e9plique Manga Cin\u00e9","article_publisher":"https:\/\/www.facebook.com\/RepliqueMangaCine","article_modified_time":"2025-10-18T04:59:09+00:00","og_image":[{"width":600,"height":600,"url":"https:\/\/repliquemangacine.fr\/wp-content\/uploads\/2023\/10\/1819-Epee-darmure-erza-Fairy-Tail.jpg","type":"image\/jpeg"}],"twitter_card":"summary_large_image","twitter_misc":{"Tiempo de lectura":"1 minuto"},"schema":{"@context":"https:\/\/schema.org","@graph":[{"@type":"WebPage","@id":"https:\/\/repliquemangacine.fr\/katana-et-epee-de-manga-anime-autre-manga\/epee-d-armure-erza-fairy-tail\/","url":"https:\/\/repliquemangacine.fr\/katana-et-epee-de-manga-anime-autre-manga\/epee-d-armure-erza-fairy-tail\/","name":"Espada Erza Fairy Tail - Espada armadura - R\u00e9plica Manga Cine","isPartOf":{"@id":"https:\/\/repliquemangacine.fr\/#website"},"primaryImageOfPage":{"@id":"https:\/\/repliquemangacine.fr\/katana-et-epee-de-manga-anime-autre-manga\/epee-d-armure-erza-fairy-tail\/#primaryimage"},"image":{"@id":"https:\/\/repliquemangacine.fr\/katana-et-epee-de-manga-anime-autre-manga\/epee-d-armure-erza-fairy-tail\/#primaryimage"},"thumbnailUrl":"https:\/\/repliquemangacine.fr\/wp-content\/uploads\/2023\/10\/1819-Epee-darmure-erza-Fairy-Tail.jpg","datePublished":"2017-03-19T17:40:42+00:00","dateModified":"2025-10-18T04:59:09+00:00","description":"Magn\u00edfica r\u00e9plica de la espada Erza de Fairy Tail. Esta espada de armadura natural tiene una hoja de acero con serigraf\u00eda. Guarda met\u00e1lica espec\u00edfica. Vaina.","breadcrumb":{"@id":"https:\/\/repliquemangacine.fr\/katana-et-epee-de-manga-anime-autre-manga\/epee-d-armure-erza-fairy-tail\/#breadcrumb"},"inLanguage":"es","potentialAction":[{"@type":"ReadAction","target":["https:\/\/repliquemangacine.fr\/katana-et-epee-de-manga-anime-autre-manga\/epee-d-armure-erza-fairy-tail\/"]}]},{"@type":"ImageObject","inLanguage":"es","@id":"https:\/\/repliquemangacine.fr\/katana-et-epee-de-manga-anime-autre-manga\/epee-d-armure-erza-fairy-tail\/#primaryimage","url":"https:\/\/repliquemangacine.fr\/wp-content\/uploads\/2023\/10\/1819-Epee-darmure-erza-Fairy-Tail.jpg","contentUrl":"https:\/\/repliquemangacine.fr\/wp-content\/uploads\/2023\/10\/1819-Epee-darmure-erza-Fairy-Tail.jpg","width":600,"height":600,"caption":"Ep\u00e9e Erza Fairy Tail - \u00e9p\u00e9e d'armure de la nature"},{"@type":"BreadcrumbList","@id":"https:\/\/repliquemangacine.fr\/katana-et-epee-de-manga-anime-autre-manga\/epee-d-armure-erza-fairy-tail\/#breadcrumb","itemListElement":[{"@type":"ListItem","position":1,"name":"Accueil","item":"https:\/\/repliquemangacine.fr\/"},{"@type":"ListItem","position":2,"name":"Produits","item":"https:\/\/repliquemangacine.fr\/boutique\/"},{"@type":"ListItem","position":3,"name":"Ep\u00e9e d&#8217;Erza Fairy Tail"}]},{"@type":"WebSite","@id":"https:\/\/repliquemangacine.fr\/#website","url":"https:\/\/repliquemangacine.fr\/","name":"R\u00e9plique Manga Cin\u00e9","description":"","publisher":{"@id":"https:\/\/repliquemangacine.fr\/#organization"},"potentialAction":[{"@type":"SearchAction","target":{"@type":"EntryPoint","urlTemplate":"https:\/\/repliquemangacine.fr\/?s={search_term_string}"},"query-input":{"@type":"PropertyValueSpecification","valueRequired":true,"valueName":"search_term_string"}}],"inLanguage":"es"},{"@type":"Organization","@id":"https:\/\/repliquemangacine.fr\/#organization","name":"R\u00e9plique Manga Cin\u00e9","url":"https:\/\/repliquemangacine.fr\/","logo":{"@type":"ImageObject","inLanguage":"es","@id":"https:\/\/repliquemangacine.fr\/#\/schema\/logo\/image\/","url":"https:\/\/repliquemangacine.fr\/wp-content\/uploads\/2023\/10\/RMC-500250.png","contentUrl":"https:\/\/repliquemangacine.fr\/wp-content\/uploads\/2023\/10\/RMC-500250.png","width":500,"height":250,"caption":"R\u00e9plique Manga Cin\u00e9"},"image":{"@id":"https:\/\/repliquemangacine.fr\/#\/schema\/logo\/image\/"},"sameAs":["https:\/\/www.facebook.com\/RepliqueMangaCine","https:\/\/www.instagram.com\/repliquemangacine.fr\/"]}]}},"_links":{"self":[{"href":"https:\/\/repliquemangacine.fr\/es\/wp-json\/wp\/v2\/product\/27019","targetHints":{"allow":["GET"]}}],"collection":[{"href":"https:\/\/repliquemangacine.fr\/es\/wp-json\/wp\/v2\/product"}],"about":[{"href":"https:\/\/repliquemangacine.fr\/es\/wp-json\/wp\/v2\/types\/product"}],"wp:featuredmedia":[{"embeddable":true,"href":"https:\/\/repliquemangacine.fr\/es\/wp-json\/wp\/v2\/media\/27020"}],"wp:attachment":[{"href":"https:\/\/repliquemangacine.fr\/es\/wp-json\/wp\/v2\/media?parent=27019"}],"wp:term":[{"taxonomy":"product_brand","embeddable":true,"href":"https:\/\/repliquemangacine.fr\/es\/wp-json\/wp\/v2\/product_brand?post=27019"},{"taxonomy":"product_cat","embeddable":true,"href":"https:\/\/repliquemangacine.fr\/es\/wp-json\/wp\/v2\/product_cat?post=27019"},{"taxonomy":"product_tag","embeddable":true,"href":"https:\/\/repliquemangacine.fr\/es\/wp-json\/wp\/v2\/product_tag?post=27019"}],"curies":[{"name":"wp","href":"https:\/\/api.w.org\/{rel}","templated":true}]}}