





{"id":26996,"date":"2017-03-02T18:48:02","date_gmt":"2017-03-02T17:48:02","guid":{"rendered":"https:\/\/repliquemangacine.fr\/?post_type=product&#038;p=26996"},"modified":"2026-03-08T13:49:17","modified_gmt":"2026-03-08T12:49:17","slug":"keyblade-oathkeeper-tierna-promesa","status":"publish","type":"product","link":"https:\/\/repliquemangacine.fr\/es\/katana-et-epee-de-jeux-video-autre-jeux-video\/keyblade-oathkeeper-tendre-promesse\/","title":{"rendered":"Llave espada Tender Promise"},"content":{"rendered":"<h2>Tender Promise Keyblade en Kingdom Hearts.<\/h2>\n<p>Empecemos por <strong>Keyblade <a href=\"https:\/\/kingdomhearts.fandom.com\/fr\/wiki\/Tendre_Promesse\" target=\"_blank\" rel=\"noopener noreferrer\">Promesa de licitaci\u00f3n<\/a><\/strong> Oathkeeper, que aparece por primera vez en Kingdom Hearts. El llavero de esta Keyblade es el amuleto de la suerte de Kairi, y la hoja se asemeja al car\u00e1cter japon\u00e9s que significa \u00abluz\u00bb, que corona un coraz\u00f3n como el del pomo. La guarda est\u00e1 formada por dos alas de paloma, en contraposici\u00f3n a Souvenir Perdu.<\/p>\n<p>Por cierto, la Keyblade es un arma misteriosa con forma de llave que aparece en toda la serie Kingdom Hearts. Dominadas por el h\u00e9roe de la serie, Sora, el Rey y algunos otros personajes, las Keyblades forman parte de la lucha entre la Luz y la Oscuridad.<\/p>\n<p>Con forma de llaves, accionan cualquier cerradura existente y est\u00e1n impregnadas de magia y otras habilidades \u00fanicas. Los portadores de Keyblade pueden \u201clegar\u201d sus poderes a la siguiente generaci\u00f3n al encontrarse con individuos dignos.<\/p>\n<h2>Tu Keyblade Tendre Promesse al mejor precio.<\/h2>\n<p>Ofrecemos una amplia gama de r\u00e9plicas de manga y videojuegos.<\/p>\n<p>Lo primero y m\u00e1s importante,<\/p>\n<ul>\n<li>La impresionante r\u00e9plica del <a href=\"https:\/\/repliquemangacine.fr\/es\/otros-videojuegos\/keyblade-tete-de-citrouille-pumpkin-head\/\">Llavero de Halloween<\/a> Cabeza de calabaza.<\/li>\n<li>As\u00ed como el <a href=\"https:\/\/repliquemangacine.fr\/es\/otros-videojuegos\/coffret-porte-cles-kingdom-hearts\/\">Juego de 15 llaveros Kingdom Hearts<\/a>.<\/li>\n<li>Tambi\u00e9n est\u00e1 La r\u00e9plique de la <a href=\"https:\/\/repliquemangacine.fr\/es\/otros-videojuegos\/keyblade-souvenir-perdu-oblivion-mousse-kingdom-hearts\/\">keyblade Oblivion<\/a> ( Memoria perdida) todo en espuma y l\u00e1tex.<\/li>\n<li>Y muchos m\u00e1s por descubrir en nuestra tienda en l\u00ednea.<\/li>\n<\/ul>\n<p>Por eso, aqu\u00ed tienes unas ideas fant\u00e1sticas para regalar a todos los fans de Kingdom Hearts.<\/p>\n<p>En conclusi\u00f3n, puede utilizar el <strong>Llave espada Tender Promise<\/strong> para tus desfiles de Cosplay. Pero sobre todo, esta espada es una pieza de coleccionista y una pieza decorativa.<\/p>\n<p>R\u00e9plique Manga Cin\u00e9 es una empresa francesa<\/p>\n<h2>\u00bfC\u00f3mo mantengo mi clave de Kingdom Hearts?<\/h2>\n<p>Las armas de colecci\u00f3n y decorativas se fabrican y ensamblan de forma simplificada. Como su uso es decorativo, no cuentan con los elementos de seguridad exigidos a un sable japon\u00e9s destinado al entrenamiento.<\/p>\n<p>Sin embargo, su <strong>Llave espada Tender Promise<\/strong> a una hoja de acero que hay que cuidar para evitar que se estropee con el tiempo. Cuando exponga su katana, sus amigos sentir\u00e1n curiosidad por ver la hoja y tocarla. Aqu\u00ed es donde hay que tener cuidado, ya que la acidez de los dedos es muy perjudicial para el acero, sea cual sea su calidad.<\/p>\n<p>Sin embargo, si esto ocurre, no te asustes, todo lo que necesitas es un pa\u00f1o humedecido con un poco de aceite y limpiar las huellas dactilares. Si haces esto, tu espada durar\u00e1 mucho tiempo.<\/p>\n<p><strong>\u00a0<\/strong><\/p>","protected":false},"excerpt":{"rendered":"<p>Keyblade Oathkeeper La tierna promesa del videojuego Kingdom Hearts.<\/p>\n<ul>\n<li>Totalmente de metal.<\/li>\n<li>Mango recubierto de espuma.<\/li>\n<li>Guardia dise\u00f1ado.<\/li>\n<li>Puntera de goma antideslizante.<\/li>\n<li>Cadena de metal con estrella.<\/li>\n<li>Longitud total: 89 cm - Peso total: 1350 grs<\/li>\n<\/ul>","protected":false},"featured_media":26997,"template":"","meta":[],"product_brand":[896],"product_cat":[23,67],"product_tag":[],"class_list":{"0":"post-26996","1":"product","2":"type-product","3":"status-publish","4":"has-post-thumbnail","6":"product_brand-replique-manga-cine","7":"product_cat-repliques-manga-jeux-video","8":"product_cat-katana-et-epee-de-jeux-video-autre-jeux-video","10":"first","11":"outofstock","12":"taxable","13":"shipping-taxable","14":"purchasable","15":"product-type-simple"},"yoast_head":"<!-- This site is optimized with the Yoast SEO plugin v27.4 - https:\/\/yoast.com\/product\/yoast-seo-wordpress\/ -->\n<title>Keyblade Tendre Promesse - Oathkeeper - R\u00e9plique Manga Cin\u00e9<\/title>\n<meta name=\"description\" content=\"Compl\u00e9tez vite votre collection en achetant cette Keyblade Tendre Promesse Oathkeeper inspir\u00e9 du jeu vid\u00e9o Kingdom Hearts. Tout en m\u00e9tal.\" \/>\n<meta name=\"robots\" content=\"index, follow, max-snippet:-1, max-image-preview:large, max-video-preview:-1\" \/>\n<link rel=\"canonical\" href=\"https:\/\/repliquemangacine.fr\/es\/katana-y-espada-videojuego-otros-videojuegos\/keyblade-oathkeeper-tierna-promesa\/\" \/>\n<meta property=\"og:locale\" content=\"es_ES\" \/>\n<meta property=\"og:type\" content=\"article\" \/>\n<meta property=\"og:title\" content=\"Keyblade Tendre Promesse - Oathkeeper - R\u00e9plique Manga Cin\u00e9\" \/>\n<meta property=\"og:description\" content=\"Compl\u00e9tez vite votre collection en achetant cette Keyblade Tendre Promesse Oathkeeper inspir\u00e9 du jeu vid\u00e9o Kingdom Hearts. Tout en m\u00e9tal.\" \/>\n<meta property=\"og:url\" content=\"https:\/\/repliquemangacine.fr\/es\/katana-y-espada-videojuego-otros-videojuegos\/keyblade-oathkeeper-tierna-promesa\/\" \/>\n<meta property=\"og:site_name\" content=\"R\u00e9plique Manga Cin\u00e9\" \/>\n<meta property=\"article:publisher\" content=\"https:\/\/www.facebook.com\/RepliqueMangaCine\" \/>\n<meta property=\"article:modified_time\" content=\"2026-03-08T12:49:17+00:00\" \/>\n<meta property=\"og:image\" content=\"https:\/\/repliquemangacine.fr\/wp-content\/uploads\/2023\/10\/1800-Keyblade-Oathkeeper-Tendre-promesse.jpg\" \/>\n\t<meta property=\"og:image:width\" content=\"600\" \/>\n\t<meta property=\"og:image:height\" content=\"600\" \/>\n\t<meta property=\"og:image:type\" content=\"image\/jpeg\" \/>\n<meta name=\"twitter:card\" content=\"summary_large_image\" \/>\n<meta name=\"twitter:label1\" content=\"Tiempo de lectura\" \/>\n\t<meta name=\"twitter:data1\" content=\"1 minuto\" \/>\n<script type=\"application\/ld+json\" class=\"yoast-schema-graph\">{\"@context\":\"https:\\\/\\\/schema.org\",\"@graph\":[{\"@type\":\"WebPage\",\"@id\":\"https:\\\/\\\/repliquemangacine.fr\\\/katana-et-epee-de-jeux-video-autre-jeux-video\\\/keyblade-oathkeeper-tendre-promesse\\\/\",\"url\":\"https:\\\/\\\/repliquemangacine.fr\\\/katana-et-epee-de-jeux-video-autre-jeux-video\\\/keyblade-oathkeeper-tendre-promesse\\\/\",\"name\":\"Keyblade Tendre Promesse - Oathkeeper - R\u00e9plique Manga Cin\u00e9\",\"isPartOf\":{\"@id\":\"https:\\\/\\\/repliquemangacine.fr\\\/#website\"},\"primaryImageOfPage\":{\"@id\":\"https:\\\/\\\/repliquemangacine.fr\\\/katana-et-epee-de-jeux-video-autre-jeux-video\\\/keyblade-oathkeeper-tendre-promesse\\\/#primaryimage\"},\"image\":{\"@id\":\"https:\\\/\\\/repliquemangacine.fr\\\/katana-et-epee-de-jeux-video-autre-jeux-video\\\/keyblade-oathkeeper-tendre-promesse\\\/#primaryimage\"},\"thumbnailUrl\":\"https:\\\/\\\/repliquemangacine.fr\\\/wp-content\\\/uploads\\\/2023\\\/10\\\/1800-Keyblade-Oathkeeper-Tendre-promesse.jpg\",\"datePublished\":\"2017-03-02T17:48:02+00:00\",\"dateModified\":\"2026-03-08T12:49:17+00:00\",\"description\":\"Compl\u00e9tez vite votre collection en achetant cette Keyblade Tendre Promesse Oathkeeper inspir\u00e9 du jeu vid\u00e9o Kingdom Hearts. Tout en m\u00e9tal.\",\"breadcrumb\":{\"@id\":\"https:\\\/\\\/repliquemangacine.fr\\\/katana-et-epee-de-jeux-video-autre-jeux-video\\\/keyblade-oathkeeper-tendre-promesse\\\/#breadcrumb\"},\"inLanguage\":\"es\",\"potentialAction\":[{\"@type\":\"ReadAction\",\"target\":[\"https:\\\/\\\/repliquemangacine.fr\\\/katana-et-epee-de-jeux-video-autre-jeux-video\\\/keyblade-oathkeeper-tendre-promesse\\\/\"]}]},{\"@type\":\"ImageObject\",\"inLanguage\":\"es\",\"@id\":\"https:\\\/\\\/repliquemangacine.fr\\\/katana-et-epee-de-jeux-video-autre-jeux-video\\\/keyblade-oathkeeper-tendre-promesse\\\/#primaryimage\",\"url\":\"https:\\\/\\\/repliquemangacine.fr\\\/wp-content\\\/uploads\\\/2023\\\/10\\\/1800-Keyblade-Oathkeeper-Tendre-promesse.jpg\",\"contentUrl\":\"https:\\\/\\\/repliquemangacine.fr\\\/wp-content\\\/uploads\\\/2023\\\/10\\\/1800-Keyblade-Oathkeeper-Tendre-promesse.jpg\",\"width\":600,\"height\":600,\"caption\":\"Keyblade Oathkeeper - Tendre promesse\"},{\"@type\":\"BreadcrumbList\",\"@id\":\"https:\\\/\\\/repliquemangacine.fr\\\/katana-et-epee-de-jeux-video-autre-jeux-video\\\/keyblade-oathkeeper-tendre-promesse\\\/#breadcrumb\",\"itemListElement\":[{\"@type\":\"ListItem\",\"position\":1,\"name\":\"Accueil\",\"item\":\"https:\\\/\\\/repliquemangacine.fr\\\/\"},{\"@type\":\"ListItem\",\"position\":2,\"name\":\"Produits\",\"item\":\"https:\\\/\\\/repliquemangacine.fr\\\/boutique\\\/\"},{\"@type\":\"ListItem\",\"position\":3,\"name\":\"Keyblade Tendre Promesse\"}]},{\"@type\":\"WebSite\",\"@id\":\"https:\\\/\\\/repliquemangacine.fr\\\/#website\",\"url\":\"https:\\\/\\\/repliquemangacine.fr\\\/\",\"name\":\"R\u00e9plique Manga Cin\u00e9\",\"description\":\"\",\"publisher\":{\"@id\":\"https:\\\/\\\/repliquemangacine.fr\\\/#organization\"},\"potentialAction\":[{\"@type\":\"SearchAction\",\"target\":{\"@type\":\"EntryPoint\",\"urlTemplate\":\"https:\\\/\\\/repliquemangacine.fr\\\/?s={search_term_string}\"},\"query-input\":{\"@type\":\"PropertyValueSpecification\",\"valueRequired\":true,\"valueName\":\"search_term_string\"}}],\"inLanguage\":\"es\"},{\"@type\":\"Organization\",\"@id\":\"https:\\\/\\\/repliquemangacine.fr\\\/#organization\",\"name\":\"R\u00e9plique Manga Cin\u00e9\",\"url\":\"https:\\\/\\\/repliquemangacine.fr\\\/\",\"logo\":{\"@type\":\"ImageObject\",\"inLanguage\":\"es\",\"@id\":\"https:\\\/\\\/repliquemangacine.fr\\\/#\\\/schema\\\/logo\\\/image\\\/\",\"url\":\"https:\\\/\\\/repliquemangacine.fr\\\/wp-content\\\/uploads\\\/2023\\\/10\\\/RMC-500250.png\",\"contentUrl\":\"https:\\\/\\\/repliquemangacine.fr\\\/wp-content\\\/uploads\\\/2023\\\/10\\\/RMC-500250.png\",\"width\":500,\"height\":250,\"caption\":\"R\u00e9plique Manga Cin\u00e9\"},\"image\":{\"@id\":\"https:\\\/\\\/repliquemangacine.fr\\\/#\\\/schema\\\/logo\\\/image\\\/\"},\"sameAs\":[\"https:\\\/\\\/www.facebook.com\\\/RepliqueMangaCine\",\"https:\\\/\\\/www.instagram.com\\\/repliquemangacine.fr\\\/\"]}]}<\/script>\n<!-- \/ Yoast SEO plugin. -->","yoast_head_json":{"title":"Tender Promise Keyblade - Guardi\u00e1n del Juramento - R\u00e9plique Manga Cin\u00e9","description":"Completa tu colecci\u00f3n comprando esta Oathkeeper Tender Promise Keyblade inspirada en el videojuego Kingdom Hearts. Todo de metal.","robots":{"index":"index","follow":"follow","max-snippet":"max-snippet:-1","max-image-preview":"max-image-preview:large","max-video-preview":"max-video-preview:-1"},"canonical":"https:\/\/repliquemangacine.fr\/es\/katana-y-espada-videojuego-otros-videojuegos\/keyblade-oathkeeper-tierna-promesa\/","og_locale":"es_ES","og_type":"article","og_title":"Keyblade Tendre Promesse - Oathkeeper - R\u00e9plique Manga Cin\u00e9","og_description":"Compl\u00e9tez vite votre collection en achetant cette Keyblade Tendre Promesse Oathkeeper inspir\u00e9 du jeu vid\u00e9o Kingdom Hearts. Tout en m\u00e9tal.","og_url":"https:\/\/repliquemangacine.fr\/es\/katana-y-espada-videojuego-otros-videojuegos\/keyblade-oathkeeper-tierna-promesa\/","og_site_name":"R\u00e9plique Manga Cin\u00e9","article_publisher":"https:\/\/www.facebook.com\/RepliqueMangaCine","article_modified_time":"2026-03-08T12:49:17+00:00","og_image":[{"width":600,"height":600,"url":"https:\/\/repliquemangacine.fr\/wp-content\/uploads\/2023\/10\/1800-Keyblade-Oathkeeper-Tendre-promesse.jpg","type":"image\/jpeg"}],"twitter_card":"summary_large_image","twitter_misc":{"Tiempo de lectura":"1 minuto"},"schema":{"@context":"https:\/\/schema.org","@graph":[{"@type":"WebPage","@id":"https:\/\/repliquemangacine.fr\/katana-et-epee-de-jeux-video-autre-jeux-video\/keyblade-oathkeeper-tendre-promesse\/","url":"https:\/\/repliquemangacine.fr\/katana-et-epee-de-jeux-video-autre-jeux-video\/keyblade-oathkeeper-tendre-promesse\/","name":"Tender Promise Keyblade - Guardi\u00e1n del Juramento - R\u00e9plique Manga Cin\u00e9","isPartOf":{"@id":"https:\/\/repliquemangacine.fr\/#website"},"primaryImageOfPage":{"@id":"https:\/\/repliquemangacine.fr\/katana-et-epee-de-jeux-video-autre-jeux-video\/keyblade-oathkeeper-tendre-promesse\/#primaryimage"},"image":{"@id":"https:\/\/repliquemangacine.fr\/katana-et-epee-de-jeux-video-autre-jeux-video\/keyblade-oathkeeper-tendre-promesse\/#primaryimage"},"thumbnailUrl":"https:\/\/repliquemangacine.fr\/wp-content\/uploads\/2023\/10\/1800-Keyblade-Oathkeeper-Tendre-promesse.jpg","datePublished":"2017-03-02T17:48:02+00:00","dateModified":"2026-03-08T12:49:17+00:00","description":"Completa tu colecci\u00f3n comprando esta Oathkeeper Tender Promise Keyblade inspirada en el videojuego Kingdom Hearts. Todo de metal.","breadcrumb":{"@id":"https:\/\/repliquemangacine.fr\/katana-et-epee-de-jeux-video-autre-jeux-video\/keyblade-oathkeeper-tendre-promesse\/#breadcrumb"},"inLanguage":"es","potentialAction":[{"@type":"ReadAction","target":["https:\/\/repliquemangacine.fr\/katana-et-epee-de-jeux-video-autre-jeux-video\/keyblade-oathkeeper-tendre-promesse\/"]}]},{"@type":"ImageObject","inLanguage":"es","@id":"https:\/\/repliquemangacine.fr\/katana-et-epee-de-jeux-video-autre-jeux-video\/keyblade-oathkeeper-tendre-promesse\/#primaryimage","url":"https:\/\/repliquemangacine.fr\/wp-content\/uploads\/2023\/10\/1800-Keyblade-Oathkeeper-Tendre-promesse.jpg","contentUrl":"https:\/\/repliquemangacine.fr\/wp-content\/uploads\/2023\/10\/1800-Keyblade-Oathkeeper-Tendre-promesse.jpg","width":600,"height":600,"caption":"Keyblade Oathkeeper - Tendre promesse"},{"@type":"BreadcrumbList","@id":"https:\/\/repliquemangacine.fr\/katana-et-epee-de-jeux-video-autre-jeux-video\/keyblade-oathkeeper-tendre-promesse\/#breadcrumb","itemListElement":[{"@type":"ListItem","position":1,"name":"Accueil","item":"https:\/\/repliquemangacine.fr\/"},{"@type":"ListItem","position":2,"name":"Produits","item":"https:\/\/repliquemangacine.fr\/boutique\/"},{"@type":"ListItem","position":3,"name":"Keyblade Tendre Promesse"}]},{"@type":"WebSite","@id":"https:\/\/repliquemangacine.fr\/#website","url":"https:\/\/repliquemangacine.fr\/","name":"R\u00e9plique Manga Cin\u00e9","description":"","publisher":{"@id":"https:\/\/repliquemangacine.fr\/#organization"},"potentialAction":[{"@type":"SearchAction","target":{"@type":"EntryPoint","urlTemplate":"https:\/\/repliquemangacine.fr\/?s={search_term_string}"},"query-input":{"@type":"PropertyValueSpecification","valueRequired":true,"valueName":"search_term_string"}}],"inLanguage":"es"},{"@type":"Organization","@id":"https:\/\/repliquemangacine.fr\/#organization","name":"R\u00e9plique Manga Cin\u00e9","url":"https:\/\/repliquemangacine.fr\/","logo":{"@type":"ImageObject","inLanguage":"es","@id":"https:\/\/repliquemangacine.fr\/#\/schema\/logo\/image\/","url":"https:\/\/repliquemangacine.fr\/wp-content\/uploads\/2023\/10\/RMC-500250.png","contentUrl":"https:\/\/repliquemangacine.fr\/wp-content\/uploads\/2023\/10\/RMC-500250.png","width":500,"height":250,"caption":"R\u00e9plique Manga Cin\u00e9"},"image":{"@id":"https:\/\/repliquemangacine.fr\/#\/schema\/logo\/image\/"},"sameAs":["https:\/\/www.facebook.com\/RepliqueMangaCine","https:\/\/www.instagram.com\/repliquemangacine.fr\/"]}]}},"_links":{"self":[{"href":"https:\/\/repliquemangacine.fr\/es\/wp-json\/wp\/v2\/product\/26996","targetHints":{"allow":["GET"]}}],"collection":[{"href":"https:\/\/repliquemangacine.fr\/es\/wp-json\/wp\/v2\/product"}],"about":[{"href":"https:\/\/repliquemangacine.fr\/es\/wp-json\/wp\/v2\/types\/product"}],"wp:featuredmedia":[{"embeddable":true,"href":"https:\/\/repliquemangacine.fr\/es\/wp-json\/wp\/v2\/media\/26997"}],"wp:attachment":[{"href":"https:\/\/repliquemangacine.fr\/es\/wp-json\/wp\/v2\/media?parent=26996"}],"wp:term":[{"taxonomy":"product_brand","embeddable":true,"href":"https:\/\/repliquemangacine.fr\/es\/wp-json\/wp\/v2\/product_brand?post=26996"},{"taxonomy":"product_cat","embeddable":true,"href":"https:\/\/repliquemangacine.fr\/es\/wp-json\/wp\/v2\/product_cat?post=26996"},{"taxonomy":"product_tag","embeddable":true,"href":"https:\/\/repliquemangacine.fr\/es\/wp-json\/wp\/v2\/product_tag?post=26996"}],"curies":[{"name":"wp","href":"https:\/\/api.w.org\/{rel}","templated":true}]}}