





{"id":26992,"date":"2017-03-02T18:14:10","date_gmt":"2017-03-02T17:14:10","guid":{"rendered":"https:\/\/repliquemangacine.fr\/?post_type=product&#038;p=26992"},"modified":"2025-09-23T18:01:51","modified_gmt":"2025-09-23T16:01:51","slug":"keyblade-fatalis-kingdom-hearts-fatal-crest-dragon","status":"publish","type":"product","link":"https:\/\/repliquemangacine.fr\/es\/katana-et-epee-de-jeux-video-autre-jeux-video\/keyblade-fatalis-kingdom-hearts-fatal-crest-dragon\/","title":{"rendered":"Keyblade Drag\u00f3n de Cresta Fatal - Kingdom Hearts"},"content":{"rendered":"<h2>R\u00e9plica de la Keyblade Doom en Kingdom Hearts II.<\/h2>\n<p>La <a href=\"https:\/\/kingdomhearts.fandom.com\/fr\/wiki\/Fatalis\">Keyblade Doom<\/a>\u00a0 Kingdom Hearts II, obtenida tras completar la Copa del Destino. El llavero de esta llave espada es la Copa Hades, y el mango y la pala se asemejan al esqueleto de un drag\u00f3n. La uni\u00f3n entre el mango y el anillo representa el reino de Hades.<\/p>\n<p>Sora es el protagonista principal y el personaje jugable principal de la mayor\u00eda de las series de Kingdom Hearts . Es un portador de la llave espada de las Islas del Destino, donde \u00e9l, junto con sus amigos de la infancia Riku y Kairi , so\u00f1aba con aventurarse para descubrir lo que hab\u00eda m\u00e1s all\u00e1 de su hogar.<\/p>\n<p>Los principales compa\u00f1eros de Sora son Donald y Goofy, con quienes emprende un viaje en busca del rey Mickey a lo largo de la franquicia de videojuegos Kingdom Hearts.<\/p>\n<p>Las Keyblades solo pueden ser manejadas por individuos elegidos que tienen un coraz\u00f3n fuerte. La Keyblade es un arma misteriosa con forma de llave que aparece en toda la serie Kingdom Hearts. Dominadas por el h\u00e9roe de la serie, Sora, el Rey y algunos otros personajes, las Keyblades forman parte de la lucha entre la Luz y la Oscuridad.<\/p>\n<p>Con forma de llaves, accionan cualquier cerradura existente y est\u00e1n impregnadas de magia y otras habilidades \u00fanicas. Los portadores de Keyblade pueden \u201clegar\u201d sus poderes a la siguiente generaci\u00f3n al encontrarse con individuos dignos.<\/p>\n<h3>Ofrecemos una amplia gama de r\u00e9plicas de manga y videojuegos.<\/h3>\n<p>Lo primero y m\u00e1s importante,<\/p>\n<ul>\n<li>La impresionante r\u00e9plica del <a href=\"https:\/\/repliquemangacine.fr\/es\/otros-videojuegos\/keyblade-tete-de-citrouille-pumpkin-head\/\">Llavero de Halloween con cabeza de calabaza<\/a>.<\/li>\n<li>As\u00ed como el <a href=\"https:\/\/repliquemangacine.fr\/es\/otros-videojuegos\/coffret-porte-cles-kingdom-hearts\/\">Juego de 15 llaveros Kingdom Hearts<\/a><\/li>\n<li>Tambi\u00e9n est\u00e1 La Keyblade Garde du ma\u00eetre (<a href=\"https:\/\/repliquemangacine.fr\/es\/otros-videojuegos\/keyblade-garde-du-maitre-kingdom-hearts-cle-eraqus\/\">Maestro guardi\u00e1n<\/a>) del Maestro Eraqus<\/li>\n<li>Y muchos m\u00e1s.<\/li>\n<\/ul>\n<p>Por eso hemos pensado en algunas ideas de regalo estupendas para todos los aficionados a los videojuegos.<\/p>\n<h3>Puedes usar el Kingdom Hearts Keyblade Fatalis para tus desfiles de cosplay o fiestas tem\u00e1ticas.<\/h3>\n<p>Ante todo, esta espada es una pieza de colecci\u00f3n y decoraci\u00f3n.<br \/>\nR\u00e9plique Manga Cin\u00e9 es una empresa francesa.<\/p>\n<p><strong>Tenga en cuenta que todas nuestras r\u00e9plicas son objetos de colecci\u00f3n y decoraci\u00f3n. Puede utilizarlas para recreaciones hist\u00f3ricas, desfiles de cosplay o decoraci\u00f3n de interiores. En consecuencia, no es posible acudir a lugares p\u00fablicos con estas r\u00e9plicas.<\/strong><\/p>","protected":false},"excerpt":{"rendered":"<p>Ideal para tus Cosplays, esta r\u00e9plica de la Keyblade Doom en Kingdom Hearts II.<\/p>\n<ul>\n<li>Fatal Crest est\u00e1 fabricado \u00edntegramente en acero inoxidable.<\/li>\n<li>Mango recubierto de espuma para un agarre seguro.<\/li>\n<li>Cabeza de drag\u00f3n finamente detallada en metal envejecido.<\/li>\n<li>Cadena con punta met\u00e1lica.<\/li>\n<li>Anchura de la guarda: 27cm - Longitud total: 89cm - Peso total: 1350grs<\/li>\n<\/ul>","protected":false},"featured_media":26993,"template":"","meta":[],"product_brand":[896],"product_cat":[23,67],"product_tag":[],"class_list":{"0":"post-26992","1":"product","2":"type-product","3":"status-publish","4":"has-post-thumbnail","6":"product_brand-replique-manga-cine","7":"product_cat-repliques-manga-jeux-video","8":"product_cat-katana-et-epee-de-jeux-video-autre-jeux-video","10":"first","11":"instock","12":"taxable","13":"shipping-taxable","14":"purchasable","15":"product-type-simple"},"yoast_head":"<!-- This site is optimized with the Yoast SEO plugin v27.4 - https:\/\/yoast.com\/product\/yoast-seo-wordpress\/ -->\n<title>Keyblade Fatalis\u00a0Kingdom Hearts - R\u00e9plique Manga Cin\u00e9<\/title>\n<meta name=\"description\" content=\"Achetez vite cette Keyblade Fatalis\u00a0 Kingdom Hearts Fatal crest dragon tout en m\u00e9tal du jeu vid\u00e9o. Retrouvez toutes les \u00e9p\u00e9es keyblade sur notre site.\" \/>\n<meta name=\"robots\" content=\"index, follow, max-snippet:-1, max-image-preview:large, max-video-preview:-1\" \/>\n<link rel=\"canonical\" href=\"https:\/\/repliquemangacine.fr\/es\/katana-y-espada-videojuego-otros-videojuegos\/keyblade-fatalis-kingdom-hearts-fatal-crest-dragon\/\" \/>\n<meta property=\"og:locale\" content=\"es_ES\" \/>\n<meta property=\"og:type\" content=\"article\" \/>\n<meta property=\"og:title\" content=\"Keyblade Fatalis\u00a0Kingdom Hearts - R\u00e9plique Manga Cin\u00e9\" \/>\n<meta property=\"og:description\" content=\"Achetez vite cette Keyblade Fatalis\u00a0 Kingdom Hearts Fatal crest dragon tout en m\u00e9tal du jeu vid\u00e9o. Retrouvez toutes les \u00e9p\u00e9es keyblade sur notre site.\" \/>\n<meta property=\"og:url\" content=\"https:\/\/repliquemangacine.fr\/es\/katana-y-espada-videojuego-otros-videojuegos\/keyblade-fatalis-kingdom-hearts-fatal-crest-dragon\/\" \/>\n<meta property=\"og:site_name\" content=\"R\u00e9plique Manga Cin\u00e9\" \/>\n<meta property=\"article:publisher\" content=\"https:\/\/www.facebook.com\/RepliqueMangaCine\" \/>\n<meta property=\"article:modified_time\" content=\"2025-09-23T16:01:51+00:00\" \/>\n<meta property=\"og:image\" content=\"https:\/\/repliquemangacine.fr\/wp-content\/uploads\/2023\/10\/1797-Keyblade-Fatal-Crest-Dragon-Kingdom-Hearts.jpg\" \/>\n\t<meta property=\"og:image:width\" content=\"600\" \/>\n\t<meta property=\"og:image:height\" content=\"600\" \/>\n\t<meta property=\"og:image:type\" content=\"image\/jpeg\" \/>\n<meta name=\"twitter:card\" content=\"summary_large_image\" \/>\n<meta name=\"twitter:label1\" content=\"Tiempo de lectura\" \/>\n\t<meta name=\"twitter:data1\" content=\"1 minuto\" \/>\n<script type=\"application\/ld+json\" class=\"yoast-schema-graph\">{\"@context\":\"https:\\\/\\\/schema.org\",\"@graph\":[{\"@type\":\"WebPage\",\"@id\":\"https:\\\/\\\/repliquemangacine.fr\\\/katana-et-epee-de-jeux-video-autre-jeux-video\\\/keyblade-fatalis-kingdom-hearts-fatal-crest-dragon\\\/\",\"url\":\"https:\\\/\\\/repliquemangacine.fr\\\/katana-et-epee-de-jeux-video-autre-jeux-video\\\/keyblade-fatalis-kingdom-hearts-fatal-crest-dragon\\\/\",\"name\":\"Keyblade Fatalis\u00a0Kingdom Hearts - R\u00e9plique Manga Cin\u00e9\",\"isPartOf\":{\"@id\":\"https:\\\/\\\/repliquemangacine.fr\\\/#website\"},\"primaryImageOfPage\":{\"@id\":\"https:\\\/\\\/repliquemangacine.fr\\\/katana-et-epee-de-jeux-video-autre-jeux-video\\\/keyblade-fatalis-kingdom-hearts-fatal-crest-dragon\\\/#primaryimage\"},\"image\":{\"@id\":\"https:\\\/\\\/repliquemangacine.fr\\\/katana-et-epee-de-jeux-video-autre-jeux-video\\\/keyblade-fatalis-kingdom-hearts-fatal-crest-dragon\\\/#primaryimage\"},\"thumbnailUrl\":\"https:\\\/\\\/repliquemangacine.fr\\\/wp-content\\\/uploads\\\/2023\\\/10\\\/1797-Keyblade-Fatal-Crest-Dragon-Kingdom-Hearts.jpg\",\"datePublished\":\"2017-03-02T17:14:10+00:00\",\"dateModified\":\"2025-09-23T16:01:51+00:00\",\"description\":\"Achetez vite cette Keyblade Fatalis\u00a0 Kingdom Hearts Fatal crest dragon tout en m\u00e9tal du jeu vid\u00e9o. Retrouvez toutes les \u00e9p\u00e9es keyblade sur notre site.\",\"breadcrumb\":{\"@id\":\"https:\\\/\\\/repliquemangacine.fr\\\/katana-et-epee-de-jeux-video-autre-jeux-video\\\/keyblade-fatalis-kingdom-hearts-fatal-crest-dragon\\\/#breadcrumb\"},\"inLanguage\":\"es\",\"potentialAction\":[{\"@type\":\"ReadAction\",\"target\":[\"https:\\\/\\\/repliquemangacine.fr\\\/katana-et-epee-de-jeux-video-autre-jeux-video\\\/keyblade-fatalis-kingdom-hearts-fatal-crest-dragon\\\/\"]}]},{\"@type\":\"ImageObject\",\"inLanguage\":\"es\",\"@id\":\"https:\\\/\\\/repliquemangacine.fr\\\/katana-et-epee-de-jeux-video-autre-jeux-video\\\/keyblade-fatalis-kingdom-hearts-fatal-crest-dragon\\\/#primaryimage\",\"url\":\"https:\\\/\\\/repliquemangacine.fr\\\/wp-content\\\/uploads\\\/2023\\\/10\\\/1797-Keyblade-Fatal-Crest-Dragon-Kingdom-Hearts.jpg\",\"contentUrl\":\"https:\\\/\\\/repliquemangacine.fr\\\/wp-content\\\/uploads\\\/2023\\\/10\\\/1797-Keyblade-Fatal-Crest-Dragon-Kingdom-Hearts.jpg\",\"width\":600,\"height\":600,\"caption\":\"Keyblade Fatal Crest Dragon - Kingdom Hearts\"},{\"@type\":\"BreadcrumbList\",\"@id\":\"https:\\\/\\\/repliquemangacine.fr\\\/katana-et-epee-de-jeux-video-autre-jeux-video\\\/keyblade-fatalis-kingdom-hearts-fatal-crest-dragon\\\/#breadcrumb\",\"itemListElement\":[{\"@type\":\"ListItem\",\"position\":1,\"name\":\"Accueil\",\"item\":\"https:\\\/\\\/repliquemangacine.fr\\\/\"},{\"@type\":\"ListItem\",\"position\":2,\"name\":\"Produits\",\"item\":\"https:\\\/\\\/repliquemangacine.fr\\\/boutique\\\/\"},{\"@type\":\"ListItem\",\"position\":3,\"name\":\"Keyblade Fatal Crest Dragon &#8211; Kingdom Hearts\"}]},{\"@type\":\"WebSite\",\"@id\":\"https:\\\/\\\/repliquemangacine.fr\\\/#website\",\"url\":\"https:\\\/\\\/repliquemangacine.fr\\\/\",\"name\":\"R\u00e9plique Manga Cin\u00e9\",\"description\":\"\",\"publisher\":{\"@id\":\"https:\\\/\\\/repliquemangacine.fr\\\/#organization\"},\"potentialAction\":[{\"@type\":\"SearchAction\",\"target\":{\"@type\":\"EntryPoint\",\"urlTemplate\":\"https:\\\/\\\/repliquemangacine.fr\\\/?s={search_term_string}\"},\"query-input\":{\"@type\":\"PropertyValueSpecification\",\"valueRequired\":true,\"valueName\":\"search_term_string\"}}],\"inLanguage\":\"es\"},{\"@type\":\"Organization\",\"@id\":\"https:\\\/\\\/repliquemangacine.fr\\\/#organization\",\"name\":\"R\u00e9plique Manga Cin\u00e9\",\"url\":\"https:\\\/\\\/repliquemangacine.fr\\\/\",\"logo\":{\"@type\":\"ImageObject\",\"inLanguage\":\"es\",\"@id\":\"https:\\\/\\\/repliquemangacine.fr\\\/#\\\/schema\\\/logo\\\/image\\\/\",\"url\":\"https:\\\/\\\/repliquemangacine.fr\\\/wp-content\\\/uploads\\\/2023\\\/10\\\/RMC-500250.png\",\"contentUrl\":\"https:\\\/\\\/repliquemangacine.fr\\\/wp-content\\\/uploads\\\/2023\\\/10\\\/RMC-500250.png\",\"width\":500,\"height\":250,\"caption\":\"R\u00e9plique Manga Cin\u00e9\"},\"image\":{\"@id\":\"https:\\\/\\\/repliquemangacine.fr\\\/#\\\/schema\\\/logo\\\/image\\\/\"},\"sameAs\":[\"https:\\\/\\\/www.facebook.com\\\/RepliqueMangaCine\",\"https:\\\/\\\/www.instagram.com\\\/repliquemangacine.fr\\\/\"]}]}<\/script>\n<!-- \/ Yoast SEO plugin. -->","yoast_head_json":{"title":"Keyblade Doom Kingdom Hearts - R\u00e9plique Manga Cin\u00e9","description":"Comprar esta Keyblade Fatalis Kingdom Hearts Fatal cresta drag\u00f3n todo en metal del videojuego. Encuentra todas las espadas Keyblade en nuestro sitio.","robots":{"index":"index","follow":"follow","max-snippet":"max-snippet:-1","max-image-preview":"max-image-preview:large","max-video-preview":"max-video-preview:-1"},"canonical":"https:\/\/repliquemangacine.fr\/es\/katana-y-espada-videojuego-otros-videojuegos\/keyblade-fatalis-kingdom-hearts-fatal-crest-dragon\/","og_locale":"es_ES","og_type":"article","og_title":"Keyblade Fatalis\u00a0Kingdom Hearts - R\u00e9plique Manga Cin\u00e9","og_description":"Achetez vite cette Keyblade Fatalis\u00a0 Kingdom Hearts Fatal crest dragon tout en m\u00e9tal du jeu vid\u00e9o. Retrouvez toutes les \u00e9p\u00e9es keyblade sur notre site.","og_url":"https:\/\/repliquemangacine.fr\/es\/katana-y-espada-videojuego-otros-videojuegos\/keyblade-fatalis-kingdom-hearts-fatal-crest-dragon\/","og_site_name":"R\u00e9plique Manga Cin\u00e9","article_publisher":"https:\/\/www.facebook.com\/RepliqueMangaCine","article_modified_time":"2025-09-23T16:01:51+00:00","og_image":[{"width":600,"height":600,"url":"https:\/\/repliquemangacine.fr\/wp-content\/uploads\/2023\/10\/1797-Keyblade-Fatal-Crest-Dragon-Kingdom-Hearts.jpg","type":"image\/jpeg"}],"twitter_card":"summary_large_image","twitter_misc":{"Tiempo de lectura":"1 minuto"},"schema":{"@context":"https:\/\/schema.org","@graph":[{"@type":"WebPage","@id":"https:\/\/repliquemangacine.fr\/katana-et-epee-de-jeux-video-autre-jeux-video\/keyblade-fatalis-kingdom-hearts-fatal-crest-dragon\/","url":"https:\/\/repliquemangacine.fr\/katana-et-epee-de-jeux-video-autre-jeux-video\/keyblade-fatalis-kingdom-hearts-fatal-crest-dragon\/","name":"Keyblade Doom Kingdom Hearts - R\u00e9plique Manga Cin\u00e9","isPartOf":{"@id":"https:\/\/repliquemangacine.fr\/#website"},"primaryImageOfPage":{"@id":"https:\/\/repliquemangacine.fr\/katana-et-epee-de-jeux-video-autre-jeux-video\/keyblade-fatalis-kingdom-hearts-fatal-crest-dragon\/#primaryimage"},"image":{"@id":"https:\/\/repliquemangacine.fr\/katana-et-epee-de-jeux-video-autre-jeux-video\/keyblade-fatalis-kingdom-hearts-fatal-crest-dragon\/#primaryimage"},"thumbnailUrl":"https:\/\/repliquemangacine.fr\/wp-content\/uploads\/2023\/10\/1797-Keyblade-Fatal-Crest-Dragon-Kingdom-Hearts.jpg","datePublished":"2017-03-02T17:14:10+00:00","dateModified":"2025-09-23T16:01:51+00:00","description":"Comprar esta Keyblade Fatalis Kingdom Hearts Fatal cresta drag\u00f3n todo en metal del videojuego. Encuentra todas las espadas Keyblade en nuestro sitio.","breadcrumb":{"@id":"https:\/\/repliquemangacine.fr\/katana-et-epee-de-jeux-video-autre-jeux-video\/keyblade-fatalis-kingdom-hearts-fatal-crest-dragon\/#breadcrumb"},"inLanguage":"es","potentialAction":[{"@type":"ReadAction","target":["https:\/\/repliquemangacine.fr\/katana-et-epee-de-jeux-video-autre-jeux-video\/keyblade-fatalis-kingdom-hearts-fatal-crest-dragon\/"]}]},{"@type":"ImageObject","inLanguage":"es","@id":"https:\/\/repliquemangacine.fr\/katana-et-epee-de-jeux-video-autre-jeux-video\/keyblade-fatalis-kingdom-hearts-fatal-crest-dragon\/#primaryimage","url":"https:\/\/repliquemangacine.fr\/wp-content\/uploads\/2023\/10\/1797-Keyblade-Fatal-Crest-Dragon-Kingdom-Hearts.jpg","contentUrl":"https:\/\/repliquemangacine.fr\/wp-content\/uploads\/2023\/10\/1797-Keyblade-Fatal-Crest-Dragon-Kingdom-Hearts.jpg","width":600,"height":600,"caption":"Keyblade Fatal Crest Dragon - Kingdom Hearts"},{"@type":"BreadcrumbList","@id":"https:\/\/repliquemangacine.fr\/katana-et-epee-de-jeux-video-autre-jeux-video\/keyblade-fatalis-kingdom-hearts-fatal-crest-dragon\/#breadcrumb","itemListElement":[{"@type":"ListItem","position":1,"name":"Accueil","item":"https:\/\/repliquemangacine.fr\/"},{"@type":"ListItem","position":2,"name":"Produits","item":"https:\/\/repliquemangacine.fr\/boutique\/"},{"@type":"ListItem","position":3,"name":"Keyblade Fatal Crest Dragon &#8211; Kingdom Hearts"}]},{"@type":"WebSite","@id":"https:\/\/repliquemangacine.fr\/#website","url":"https:\/\/repliquemangacine.fr\/","name":"R\u00e9plique Manga Cin\u00e9","description":"","publisher":{"@id":"https:\/\/repliquemangacine.fr\/#organization"},"potentialAction":[{"@type":"SearchAction","target":{"@type":"EntryPoint","urlTemplate":"https:\/\/repliquemangacine.fr\/?s={search_term_string}"},"query-input":{"@type":"PropertyValueSpecification","valueRequired":true,"valueName":"search_term_string"}}],"inLanguage":"es"},{"@type":"Organization","@id":"https:\/\/repliquemangacine.fr\/#organization","name":"R\u00e9plique Manga Cin\u00e9","url":"https:\/\/repliquemangacine.fr\/","logo":{"@type":"ImageObject","inLanguage":"es","@id":"https:\/\/repliquemangacine.fr\/#\/schema\/logo\/image\/","url":"https:\/\/repliquemangacine.fr\/wp-content\/uploads\/2023\/10\/RMC-500250.png","contentUrl":"https:\/\/repliquemangacine.fr\/wp-content\/uploads\/2023\/10\/RMC-500250.png","width":500,"height":250,"caption":"R\u00e9plique Manga Cin\u00e9"},"image":{"@id":"https:\/\/repliquemangacine.fr\/#\/schema\/logo\/image\/"},"sameAs":["https:\/\/www.facebook.com\/RepliqueMangaCine","https:\/\/www.instagram.com\/repliquemangacine.fr\/"]}]}},"_links":{"self":[{"href":"https:\/\/repliquemangacine.fr\/es\/wp-json\/wp\/v2\/product\/26992","targetHints":{"allow":["GET"]}}],"collection":[{"href":"https:\/\/repliquemangacine.fr\/es\/wp-json\/wp\/v2\/product"}],"about":[{"href":"https:\/\/repliquemangacine.fr\/es\/wp-json\/wp\/v2\/types\/product"}],"wp:featuredmedia":[{"embeddable":true,"href":"https:\/\/repliquemangacine.fr\/es\/wp-json\/wp\/v2\/media\/26993"}],"wp:attachment":[{"href":"https:\/\/repliquemangacine.fr\/es\/wp-json\/wp\/v2\/media?parent=26992"}],"wp:term":[{"taxonomy":"product_brand","embeddable":true,"href":"https:\/\/repliquemangacine.fr\/es\/wp-json\/wp\/v2\/product_brand?post=26992"},{"taxonomy":"product_cat","embeddable":true,"href":"https:\/\/repliquemangacine.fr\/es\/wp-json\/wp\/v2\/product_cat?post=26992"},{"taxonomy":"product_tag","embeddable":true,"href":"https:\/\/repliquemangacine.fr\/es\/wp-json\/wp\/v2\/product_tag?post=26992"}],"curies":[{"name":"wp","href":"https:\/\/api.w.org\/{rel}","templated":true}]}}