





{"id":26985,"date":"2017-02-11T19:27:58","date_gmt":"2017-02-11T18:27:58","guid":{"rendered":"https:\/\/repliquemangacine.fr\/?post_type=product&#038;p=26985"},"modified":"2025-09-30T15:14:33","modified_gmt":"2025-09-30T13:14:33","slug":"espada-de-combate-medieval","status":"publish","type":"product","link":"https:\/\/repliquemangacine.fr\/es\/epee-templier-medievale\/epee-de-frappe-epee-de-combat-medievale\/","title":{"rendered":"Espada de combate medieval"},"content":{"rendered":"<h2>R\u00e9plica de la espada de combate medieval<\/h2>\n<p>Para empezar, este <strong>Espada de combate medieval<\/strong> es una llamativa espada fabricada por <a href=\"https:\/\/deepeeka.in\/\" target=\"_blank\" rel=\"noopener noreferrer\">Deepeeka<\/a>. Ofrece a los principiantes en la recreaci\u00f3n hist\u00f3rica una oportunidad asequible de tener su propia espada.<\/p>\n<p>Las espadas son ideales para cualquiera que desee tener una espada lista para el combate, pero que no la utilice con frecuencia, como por ejemplo los arqueros. Las hojas no son especialmente duras y, al combatir con una hoja m\u00e1s dura, pueden producirse mellas.<\/p>\n<p>Cabe destacar que la espada es el arma emblem\u00e1tica de la Edad Media. Gracias a largos siglos de herencia t\u00e9cnica emp\u00edrica, su fabricaci\u00f3n avanza en cantidad y calidad.<\/p>\n<h2>Su Espada de Combate al mejor precio<\/h2>\n<p>Ofrecemos una amplia gama de r\u00e9plicas de la \u00e9poca medieval.<\/p>\n<p>Lo primero y m\u00e1s importante,<\/p>\n<ul>\n<li>L'<a href=\"https:\/\/repliquemangacine.fr\/es\/otras-peliculas\/le-roi-arthur-excalibur-epee-de-legende\/\">La espada del Rey Arturo<\/a> en la pel\u00edcula La leyenda de Excalibur.<\/li>\n<li>Pero adem\u00e1s, la r\u00e9plica del<a href=\"https:\/\/repliquemangacine.fr\/es\/espada-medieval-2\/espada-templaria-2\/\">Espada templaria<\/a> finamente decorado.<\/li>\n<li>Y muchos m\u00e1s por descubrir en nuestra tienda en l\u00ednea.<\/li>\n<\/ul>\n<p>Por eso, esta es una magn\u00edfica idea de regalo para todos los apasionados de la \u00e9poca medieval.<\/p>\n<p>En conclusi\u00f3n, tambi\u00e9n puede utilizar este <strong>Espada de combate medieval<\/strong> para sus recreaciones hist\u00f3ricas. Pero, ante todo, esta espada es tambi\u00e9n una pieza de colecci\u00f3n y decoraci\u00f3n.<\/p>\n<p>R\u00e9plique Manga Cin\u00e9 es una empresa familiar francesa.<\/p>\n<h2>\u00bfC\u00f3mo mantengo la hoja de mi espada?<\/h2>\n<p>Las espadas de colecci\u00f3n y decorativas se fabrican y ensamblan de forma simplificada. Como su uso es decorativo, no cuentan con los elementos de seguridad necesarios para una espada japonesa destinada al entrenamiento.<\/p>\n<p>Sin embargo, su <strong>Espada de combate medieval<\/strong> a una hoja de acero que hay que mantener para evitar que se da\u00f1e con el tiempo. Cuando muestres tu espada, tus amigos sentir\u00e1n curiosidad por ver la hoja y tocarla. Aqu\u00ed es donde hay que tener cuidado, porque la acidez de los dedos es muy perjudicial para el acero, sea cual sea su calidad.<\/p>\n<p>Sin embargo, si esto ocurre, no te asustes, todo lo que necesitas es un pa\u00f1o humedecido con un poco de aceite y limpiar las huellas dactilares. Si haces esto, tu espada durar\u00e1 mucho tiempo.<\/p>","protected":false},"excerpt":{"rendered":"<p>Espada de golpe medieval fabricada en una sola pieza.<\/p>\n<ul>\n<li>Hoja de acero al carbono sin afilar.<\/li>\n<li>Forjado y templado a mano.<\/li>\n<li>Empu\u00f1adura y pomo de acero macizo.<\/li>\n<li>Mango de acero recubierto de cuero.<\/li>\n<li>Vaina de cuero grueso.<\/li>\n<li>Longitud de la hoja: 78,5 cm - Longitud total: 97 cm<\/li>\n<li>Peso : 2250 Grs<\/li>\n<\/ul>","protected":false},"featured_media":26986,"template":"","meta":[],"product_brand":[896],"product_cat":[25,84,43],"product_tag":[],"class_list":{"0":"post-26985","1":"product","2":"type-product","3":"status-publish","4":"has-post-thumbnail","6":"product_brand-replique-manga-cine","7":"product_cat-armes-historiques","8":"product_cat-epee-templier-medievale","9":"product_cat-reproductions-d-armes-et-accessoires-medievales","11":"first","12":"instock","13":"taxable","14":"shipping-taxable","15":"purchasable","16":"product-type-simple"},"yoast_head":"<!-- This site is optimized with the Yoast SEO plugin v27.4 - https:\/\/yoast.com\/product\/yoast-seo-wordpress\/ -->\n<title>Ep\u00e9e de combat M\u00e9di\u00e9vale - Vente en ligne | R\u00e9plique Manga Cin\u00e9<\/title>\n<meta name=\"description\" content=\"Offrez-lui ! Cette Ep\u00e9e de combat M\u00e9di\u00e9vale au meilleur prix - Lame en acier carbone forg\u00e9e et tremp\u00e9e \u00e0 la main - Fourreau cuir - Longueur totale : 97 cm\" \/>\n<meta name=\"robots\" content=\"index, follow, max-snippet:-1, max-image-preview:large, max-video-preview:-1\" \/>\n<link rel=\"canonical\" href=\"https:\/\/repliquemangacine.fr\/es\/espada-templaria-medieval\/espada-de-combate-medieval\/\" \/>\n<meta property=\"og:locale\" content=\"es_ES\" \/>\n<meta property=\"og:type\" content=\"article\" \/>\n<meta property=\"og:title\" content=\"Ep\u00e9e de combat M\u00e9di\u00e9vale - Vente en ligne | R\u00e9plique Manga Cin\u00e9\" \/>\n<meta property=\"og:description\" content=\"Offrez-lui ! Cette Ep\u00e9e de combat M\u00e9di\u00e9vale au meilleur prix - Lame en acier carbone forg\u00e9e et tremp\u00e9e \u00e0 la main - Fourreau cuir - Longueur totale : 97 cm\" \/>\n<meta property=\"og:url\" content=\"https:\/\/repliquemangacine.fr\/es\/espada-templaria-medieval\/espada-de-combate-medieval\/\" \/>\n<meta property=\"og:site_name\" content=\"R\u00e9plique Manga Cin\u00e9\" \/>\n<meta property=\"article:publisher\" content=\"https:\/\/www.facebook.com\/RepliqueMangaCine\" \/>\n<meta property=\"article:modified_time\" content=\"2025-09-30T13:14:33+00:00\" \/>\n<meta property=\"og:image\" content=\"https:\/\/repliquemangacine.fr\/wp-content\/uploads\/2023\/10\/1785-Epee-de-frappe-Epee-de-combat.jpg\" \/>\n\t<meta property=\"og:image:width\" content=\"600\" \/>\n\t<meta property=\"og:image:height\" content=\"600\" \/>\n\t<meta property=\"og:image:type\" content=\"image\/jpeg\" \/>\n<meta name=\"twitter:card\" content=\"summary_large_image\" \/>\n<meta name=\"twitter:label1\" content=\"Tiempo de lectura\" \/>\n\t<meta name=\"twitter:data1\" content=\"2 minutos\" \/>\n<script type=\"application\/ld+json\" class=\"yoast-schema-graph\">{\"@context\":\"https:\\\/\\\/schema.org\",\"@graph\":[{\"@type\":\"WebPage\",\"@id\":\"https:\\\/\\\/repliquemangacine.fr\\\/epee-templier-medievale\\\/epee-de-frappe-epee-de-combat-medievale\\\/\",\"url\":\"https:\\\/\\\/repliquemangacine.fr\\\/epee-templier-medievale\\\/epee-de-frappe-epee-de-combat-medievale\\\/\",\"name\":\"Ep\u00e9e de combat M\u00e9di\u00e9vale - Vente en ligne | R\u00e9plique Manga Cin\u00e9\",\"isPartOf\":{\"@id\":\"https:\\\/\\\/repliquemangacine.fr\\\/#website\"},\"primaryImageOfPage\":{\"@id\":\"https:\\\/\\\/repliquemangacine.fr\\\/epee-templier-medievale\\\/epee-de-frappe-epee-de-combat-medievale\\\/#primaryimage\"},\"image\":{\"@id\":\"https:\\\/\\\/repliquemangacine.fr\\\/epee-templier-medievale\\\/epee-de-frappe-epee-de-combat-medievale\\\/#primaryimage\"},\"thumbnailUrl\":\"https:\\\/\\\/repliquemangacine.fr\\\/wp-content\\\/uploads\\\/2023\\\/10\\\/1785-Epee-de-frappe-Epee-de-combat.jpg\",\"datePublished\":\"2017-02-11T18:27:58+00:00\",\"dateModified\":\"2025-09-30T13:14:33+00:00\",\"description\":\"Offrez-lui ! Cette Ep\u00e9e de combat M\u00e9di\u00e9vale au meilleur prix - Lame en acier carbone forg\u00e9e et tremp\u00e9e \u00e0 la main - Fourreau cuir - Longueur totale : 97 cm\",\"breadcrumb\":{\"@id\":\"https:\\\/\\\/repliquemangacine.fr\\\/epee-templier-medievale\\\/epee-de-frappe-epee-de-combat-medievale\\\/#breadcrumb\"},\"inLanguage\":\"es\",\"potentialAction\":[{\"@type\":\"ReadAction\",\"target\":[\"https:\\\/\\\/repliquemangacine.fr\\\/epee-templier-medievale\\\/epee-de-frappe-epee-de-combat-medievale\\\/\"]}]},{\"@type\":\"ImageObject\",\"inLanguage\":\"es\",\"@id\":\"https:\\\/\\\/repliquemangacine.fr\\\/epee-templier-medievale\\\/epee-de-frappe-epee-de-combat-medievale\\\/#primaryimage\",\"url\":\"https:\\\/\\\/repliquemangacine.fr\\\/wp-content\\\/uploads\\\/2023\\\/10\\\/1785-Epee-de-frappe-Epee-de-combat.jpg\",\"contentUrl\":\"https:\\\/\\\/repliquemangacine.fr\\\/wp-content\\\/uploads\\\/2023\\\/10\\\/1785-Epee-de-frappe-Epee-de-combat.jpg\",\"width\":600,\"height\":600,\"caption\":\"Ep\u00e9e de frappe - Ep\u00e9e de combat\"},{\"@type\":\"BreadcrumbList\",\"@id\":\"https:\\\/\\\/repliquemangacine.fr\\\/epee-templier-medievale\\\/epee-de-frappe-epee-de-combat-medievale\\\/#breadcrumb\",\"itemListElement\":[{\"@type\":\"ListItem\",\"position\":1,\"name\":\"Accueil\",\"item\":\"https:\\\/\\\/repliquemangacine.fr\\\/\"},{\"@type\":\"ListItem\",\"position\":2,\"name\":\"Produits\",\"item\":\"https:\\\/\\\/repliquemangacine.fr\\\/boutique\\\/\"},{\"@type\":\"ListItem\",\"position\":3,\"name\":\"Ep\u00e9e de combat M\u00e9di\u00e9vale\"}]},{\"@type\":\"WebSite\",\"@id\":\"https:\\\/\\\/repliquemangacine.fr\\\/#website\",\"url\":\"https:\\\/\\\/repliquemangacine.fr\\\/\",\"name\":\"R\u00e9plique Manga Cin\u00e9\",\"description\":\"\",\"publisher\":{\"@id\":\"https:\\\/\\\/repliquemangacine.fr\\\/#organization\"},\"potentialAction\":[{\"@type\":\"SearchAction\",\"target\":{\"@type\":\"EntryPoint\",\"urlTemplate\":\"https:\\\/\\\/repliquemangacine.fr\\\/?s={search_term_string}\"},\"query-input\":{\"@type\":\"PropertyValueSpecification\",\"valueRequired\":true,\"valueName\":\"search_term_string\"}}],\"inLanguage\":\"es\"},{\"@type\":\"Organization\",\"@id\":\"https:\\\/\\\/repliquemangacine.fr\\\/#organization\",\"name\":\"R\u00e9plique Manga Cin\u00e9\",\"url\":\"https:\\\/\\\/repliquemangacine.fr\\\/\",\"logo\":{\"@type\":\"ImageObject\",\"inLanguage\":\"es\",\"@id\":\"https:\\\/\\\/repliquemangacine.fr\\\/#\\\/schema\\\/logo\\\/image\\\/\",\"url\":\"https:\\\/\\\/repliquemangacine.fr\\\/wp-content\\\/uploads\\\/2023\\\/10\\\/RMC-500250.png\",\"contentUrl\":\"https:\\\/\\\/repliquemangacine.fr\\\/wp-content\\\/uploads\\\/2023\\\/10\\\/RMC-500250.png\",\"width\":500,\"height\":250,\"caption\":\"R\u00e9plique Manga Cin\u00e9\"},\"image\":{\"@id\":\"https:\\\/\\\/repliquemangacine.fr\\\/#\\\/schema\\\/logo\\\/image\\\/\"},\"sameAs\":[\"https:\\\/\\\/www.facebook.com\\\/RepliqueMangaCine\",\"https:\\\/\\\/www.instagram.com\\\/repliquemangacine.fr\\\/\"]}]}<\/script>\n<!-- \/ Yoast SEO plugin. -->","yoast_head_json":{"title":"Espada de batalla medieval - Venta en l\u00ednea | R\u00e9plique Manga Cin\u00e9","description":"\u00a1Reg\u00e1lala! Esta espada de combate medieval al mejor precio - Hoja de acero al carbono forjada a mano y templada - Vaina de cuero - Longitud total: 97 cm.","robots":{"index":"index","follow":"follow","max-snippet":"max-snippet:-1","max-image-preview":"max-image-preview:large","max-video-preview":"max-video-preview:-1"},"canonical":"https:\/\/repliquemangacine.fr\/es\/espada-templaria-medieval\/espada-de-combate-medieval\/","og_locale":"es_ES","og_type":"article","og_title":"Ep\u00e9e de combat M\u00e9di\u00e9vale - Vente en ligne | R\u00e9plique Manga Cin\u00e9","og_description":"Offrez-lui ! Cette Ep\u00e9e de combat M\u00e9di\u00e9vale au meilleur prix - Lame en acier carbone forg\u00e9e et tremp\u00e9e \u00e0 la main - Fourreau cuir - Longueur totale : 97 cm","og_url":"https:\/\/repliquemangacine.fr\/es\/espada-templaria-medieval\/espada-de-combate-medieval\/","og_site_name":"R\u00e9plique Manga Cin\u00e9","article_publisher":"https:\/\/www.facebook.com\/RepliqueMangaCine","article_modified_time":"2025-09-30T13:14:33+00:00","og_image":[{"width":600,"height":600,"url":"https:\/\/repliquemangacine.fr\/wp-content\/uploads\/2023\/10\/1785-Epee-de-frappe-Epee-de-combat.jpg","type":"image\/jpeg"}],"twitter_card":"summary_large_image","twitter_misc":{"Tiempo de lectura":"2 minutos"},"schema":{"@context":"https:\/\/schema.org","@graph":[{"@type":"WebPage","@id":"https:\/\/repliquemangacine.fr\/epee-templier-medievale\/epee-de-frappe-epee-de-combat-medievale\/","url":"https:\/\/repliquemangacine.fr\/epee-templier-medievale\/epee-de-frappe-epee-de-combat-medievale\/","name":"Espada de batalla medieval - Venta en l\u00ednea | R\u00e9plique Manga Cin\u00e9","isPartOf":{"@id":"https:\/\/repliquemangacine.fr\/#website"},"primaryImageOfPage":{"@id":"https:\/\/repliquemangacine.fr\/epee-templier-medievale\/epee-de-frappe-epee-de-combat-medievale\/#primaryimage"},"image":{"@id":"https:\/\/repliquemangacine.fr\/epee-templier-medievale\/epee-de-frappe-epee-de-combat-medievale\/#primaryimage"},"thumbnailUrl":"https:\/\/repliquemangacine.fr\/wp-content\/uploads\/2023\/10\/1785-Epee-de-frappe-Epee-de-combat.jpg","datePublished":"2017-02-11T18:27:58+00:00","dateModified":"2025-09-30T13:14:33+00:00","description":"\u00a1Reg\u00e1lala! Esta espada de combate medieval al mejor precio - Hoja de acero al carbono forjada a mano y templada - Vaina de cuero - Longitud total: 97 cm.","breadcrumb":{"@id":"https:\/\/repliquemangacine.fr\/epee-templier-medievale\/epee-de-frappe-epee-de-combat-medievale\/#breadcrumb"},"inLanguage":"es","potentialAction":[{"@type":"ReadAction","target":["https:\/\/repliquemangacine.fr\/epee-templier-medievale\/epee-de-frappe-epee-de-combat-medievale\/"]}]},{"@type":"ImageObject","inLanguage":"es","@id":"https:\/\/repliquemangacine.fr\/epee-templier-medievale\/epee-de-frappe-epee-de-combat-medievale\/#primaryimage","url":"https:\/\/repliquemangacine.fr\/wp-content\/uploads\/2023\/10\/1785-Epee-de-frappe-Epee-de-combat.jpg","contentUrl":"https:\/\/repliquemangacine.fr\/wp-content\/uploads\/2023\/10\/1785-Epee-de-frappe-Epee-de-combat.jpg","width":600,"height":600,"caption":"Ep\u00e9e de frappe - Ep\u00e9e de combat"},{"@type":"BreadcrumbList","@id":"https:\/\/repliquemangacine.fr\/epee-templier-medievale\/epee-de-frappe-epee-de-combat-medievale\/#breadcrumb","itemListElement":[{"@type":"ListItem","position":1,"name":"Accueil","item":"https:\/\/repliquemangacine.fr\/"},{"@type":"ListItem","position":2,"name":"Produits","item":"https:\/\/repliquemangacine.fr\/boutique\/"},{"@type":"ListItem","position":3,"name":"Ep\u00e9e de combat M\u00e9di\u00e9vale"}]},{"@type":"WebSite","@id":"https:\/\/repliquemangacine.fr\/#website","url":"https:\/\/repliquemangacine.fr\/","name":"R\u00e9plique Manga Cin\u00e9","description":"","publisher":{"@id":"https:\/\/repliquemangacine.fr\/#organization"},"potentialAction":[{"@type":"SearchAction","target":{"@type":"EntryPoint","urlTemplate":"https:\/\/repliquemangacine.fr\/?s={search_term_string}"},"query-input":{"@type":"PropertyValueSpecification","valueRequired":true,"valueName":"search_term_string"}}],"inLanguage":"es"},{"@type":"Organization","@id":"https:\/\/repliquemangacine.fr\/#organization","name":"R\u00e9plique Manga Cin\u00e9","url":"https:\/\/repliquemangacine.fr\/","logo":{"@type":"ImageObject","inLanguage":"es","@id":"https:\/\/repliquemangacine.fr\/#\/schema\/logo\/image\/","url":"https:\/\/repliquemangacine.fr\/wp-content\/uploads\/2023\/10\/RMC-500250.png","contentUrl":"https:\/\/repliquemangacine.fr\/wp-content\/uploads\/2023\/10\/RMC-500250.png","width":500,"height":250,"caption":"R\u00e9plique Manga Cin\u00e9"},"image":{"@id":"https:\/\/repliquemangacine.fr\/#\/schema\/logo\/image\/"},"sameAs":["https:\/\/www.facebook.com\/RepliqueMangaCine","https:\/\/www.instagram.com\/repliquemangacine.fr\/"]}]}},"_links":{"self":[{"href":"https:\/\/repliquemangacine.fr\/es\/wp-json\/wp\/v2\/product\/26985","targetHints":{"allow":["GET"]}}],"collection":[{"href":"https:\/\/repliquemangacine.fr\/es\/wp-json\/wp\/v2\/product"}],"about":[{"href":"https:\/\/repliquemangacine.fr\/es\/wp-json\/wp\/v2\/types\/product"}],"wp:featuredmedia":[{"embeddable":true,"href":"https:\/\/repliquemangacine.fr\/es\/wp-json\/wp\/v2\/media\/26986"}],"wp:attachment":[{"href":"https:\/\/repliquemangacine.fr\/es\/wp-json\/wp\/v2\/media?parent=26985"}],"wp:term":[{"taxonomy":"product_brand","embeddable":true,"href":"https:\/\/repliquemangacine.fr\/es\/wp-json\/wp\/v2\/product_brand?post=26985"},{"taxonomy":"product_cat","embeddable":true,"href":"https:\/\/repliquemangacine.fr\/es\/wp-json\/wp\/v2\/product_cat?post=26985"},{"taxonomy":"product_tag","embeddable":true,"href":"https:\/\/repliquemangacine.fr\/es\/wp-json\/wp\/v2\/product_tag?post=26985"}],"curies":[{"name":"wp","href":"https:\/\/api.w.org\/{rel}","templated":true}]}}