





{"id":26978,"date":"2017-02-11T16:27:21","date_gmt":"2017-02-11T15:27:21","guid":{"rendered":"https:\/\/repliquemangacine.fr\/?post_type=product&#038;p=26978"},"modified":"2026-03-31T10:04:55","modified_gmt":"2026-03-31T08:04:55","slug":"casco-corintio-con-creta","status":"publish","type":"product","link":"https:\/\/repliquemangacine.fr\/es\/casques-romains-et-grecs\/casque-corinthien-avec-crete\/","title":{"rendered":"Casco corintio griego con cresta"},"content":{"rendered":"<h2>R\u00e9plica del casco corintio<\/h2>\n<p>Para empezar, el <strong>Casco corintio<\/strong> Es un tipo de casco griego de bronce, tradicionalmente considerado como originario de la ciudad griega de Corinto. Surgi\u00f3 en el siglo VII a. C. y es la imagen t\u00edpica del casco griego hasta la fecha. Sus or\u00edgenes se encuentran en la ciudad de Corinto. R\u00e1pidamente se convirti\u00f3 en una pieza fija de la armadura griega hoplita.<\/p>\n<p>La primera tipolog\u00eda de los <a href=\"https:\/\/musee-archeologienationale.fr\/le-casque-apulo-corinthien-0\" target=\"_blank\" rel=\"noopener noreferrer\">cascos<\/a> corintios fue establecida en 1936 por Erich Kukahn. Posteriormente, fue retomada y mejorada por H. Pflug en el cat\u00e1logo Antike Helme publicado en 1988. Esta tipolog\u00eda establece la existencia de tres formas principales.<\/p>\n<p>El casco griego m\u00e1s documentado arqueol\u00f3gicamente en todo el mundo griego. El m\u00e1s difundido y el m\u00e1s famoso. Su tipolog\u00eda es muy conocida, sobre todo gracias a los 250 ejemplares encontrados en Olimpia.<\/p>\n<h2>Tu casco corintio al mejor precio.<\/h2>\n<p>Le ofrecemos una amplia selecci\u00f3n de espadas y cascos de la \u00e9poca antigua.<\/p>\n<p>Lo primero y m\u00e1s importante,<\/p>\n<ul>\n<li>L'<a href=\"https:\/\/repliquemangacine.fr\/es\/espadas-espada-antigua\/espada-de-fieltro\/\">Espada Fetwell<\/a> Esta reproducci\u00f3n es una r\u00e9plica del original encontrado en una villa romana.<\/li>\n<li>As\u00ed como el <a href=\"https:\/\/repliquemangacine.fr\/es\/armas-antiguas\/espada-romana-jules-cesar-espada-roja\/\">La espada de Julio C\u00e9sar<\/a> en dos colores firmado denix.<\/li>\n<li>Tambi\u00e9n est\u00e1 la espada de caballer\u00eda romana conocida como Spatha.<\/li>\n<li>Y muchos m\u00e1s por descubrir en nuestra tienda online.<\/li>\n<\/ul>\n<p>Por eso, aqu\u00ed tienes unas ideas fant\u00e1sticas para regalar a todos los apasionados de la Antig\u00fcedad.<\/p>\n<p>En conclusi\u00f3n, puede utilizar este <strong>Casco corintio<\/strong> para sus recreaciones hist\u00f3ricas o veladas tem\u00e1ticas.<\/p>\n<h2>\u00bfC\u00f3mo se fabrican sus objetos de colecci\u00f3n?<\/h2>\n<p>Para empezar, todos nuestros productos derivados son de la m\u00e1xima calidad, fabricados con meticulosa atenci\u00f3n al detalle. Una parte se hace a mano, para reproducir hasta el m\u00e1s m\u00ednimo detalle. Las partes m\u00e1s importantes se mecanizan con m\u00e1quinas muy precisas. Los grabados se hacen generalmente con punta de diamante o l\u00e1ser.<\/p>\n<p>Su <strong>Casco corintio,<\/strong> fabricados para reproducir cada detalle con exactitud. Para igualar el legado de las obras maestras originales. Se hace hincapi\u00e9 en crear r\u00e9plicas de alta calidad que sean lo m\u00e1s hist\u00f3ricamente exactas posible.<\/p>\n<p>En conclusi\u00f3n, importadas de China, Espa\u00f1a o la India, \u00a1nuestras r\u00e9plicas le sorprender\u00e1n!<\/p>\n<p>R\u00e9plique Manga Cin\u00e9 es una empresa familiar francesa.<\/p>","protected":false},"excerpt":{"rendered":"<p>Casco corintio de la Guardia Real pintado en negro por Deepeeka.<\/p>\n<ul>\n<li>Decoraci\u00f3n de lat\u00f3n.<\/li>\n<li>Acero de calibre 18<\/li>\n<li>Cresta de crin beige natural desmontable.<\/li>\n<li>Altura: 52 cm - Peso: 2300 gramos<\/li>\n<\/ul>","protected":false},"featured_media":26979,"template":"","meta":[],"product_brand":[896],"product_cat":[31,82],"product_tag":[],"class_list":{"0":"post-26978","1":"product","2":"type-product","3":"status-publish","4":"has-post-thumbnail","6":"product_brand-replique-manga-cine","7":"product_cat-armes-antiques","8":"product_cat-casques-romains-et-grecs","10":"first","11":"outofstock","12":"taxable","13":"shipping-taxable","14":"purchasable","15":"product-type-simple"},"yoast_head":"<!-- This site is optimized with the Yoast SEO plugin v27.4 - https:\/\/yoast.com\/product\/yoast-seo-wordpress\/ -->\n<title>Casque Corinthien \u00e0 cr\u00eate - Casque Grecs - R\u00e9plique Manga Cin\u00e9<\/title>\n<meta name=\"description\" content=\"D\u00e9couvrez ce Casque Corinthien de la Garde royale au meilleur prix - En acier 18 gauges - D\u00e9coration en laiton - Cr\u00eate en crin de cheval - Int\u00e9rieur cuir.\" \/>\n<meta name=\"robots\" content=\"index, follow, max-snippet:-1, max-image-preview:large, max-video-preview:-1\" \/>\n<link rel=\"canonical\" href=\"https:\/\/repliquemangacine.fr\/es\/cascos-romanos-y-griegos\/casco-corintio-con-creta\/\" \/>\n<meta property=\"og:locale\" content=\"es_ES\" \/>\n<meta property=\"og:type\" content=\"article\" \/>\n<meta property=\"og:title\" content=\"Casque Corinthien \u00e0 cr\u00eate - Casque Grecs - R\u00e9plique Manga Cin\u00e9\" \/>\n<meta property=\"og:description\" content=\"D\u00e9couvrez ce Casque Corinthien de la Garde royale au meilleur prix - En acier 18 gauges - D\u00e9coration en laiton - Cr\u00eate en crin de cheval - Int\u00e9rieur cuir.\" \/>\n<meta property=\"og:url\" content=\"https:\/\/repliquemangacine.fr\/es\/cascos-romanos-y-griegos\/casco-corintio-con-creta\/\" \/>\n<meta property=\"og:site_name\" content=\"R\u00e9plique Manga Cin\u00e9\" \/>\n<meta property=\"article:publisher\" content=\"https:\/\/www.facebook.com\/RepliqueMangaCine\" \/>\n<meta property=\"article:modified_time\" content=\"2026-03-31T08:04:55+00:00\" \/>\n<meta property=\"og:image\" content=\"https:\/\/repliquemangacine.fr\/wp-content\/uploads\/2023\/10\/1781-Casque-Corinthien-avec-crete.jpg\" \/>\n\t<meta property=\"og:image:width\" content=\"600\" \/>\n\t<meta property=\"og:image:height\" content=\"600\" \/>\n\t<meta property=\"og:image:type\" content=\"image\/jpeg\" \/>\n<meta name=\"twitter:card\" content=\"summary_large_image\" \/>\n<meta name=\"twitter:label1\" content=\"Tiempo de lectura\" \/>\n\t<meta name=\"twitter:data1\" content=\"2 minutos\" \/>\n<script type=\"application\/ld+json\" class=\"yoast-schema-graph\">{\"@context\":\"https:\\\/\\\/schema.org\",\"@graph\":[{\"@type\":\"WebPage\",\"@id\":\"https:\\\/\\\/repliquemangacine.fr\\\/casques-romains-et-grecs\\\/casque-corinthien-avec-crete\\\/\",\"url\":\"https:\\\/\\\/repliquemangacine.fr\\\/casques-romains-et-grecs\\\/casque-corinthien-avec-crete\\\/\",\"name\":\"Casque Corinthien \u00e0 cr\u00eate - Casque Grecs - R\u00e9plique Manga Cin\u00e9\",\"isPartOf\":{\"@id\":\"https:\\\/\\\/repliquemangacine.fr\\\/#website\"},\"primaryImageOfPage\":{\"@id\":\"https:\\\/\\\/repliquemangacine.fr\\\/casques-romains-et-grecs\\\/casque-corinthien-avec-crete\\\/#primaryimage\"},\"image\":{\"@id\":\"https:\\\/\\\/repliquemangacine.fr\\\/casques-romains-et-grecs\\\/casque-corinthien-avec-crete\\\/#primaryimage\"},\"thumbnailUrl\":\"https:\\\/\\\/repliquemangacine.fr\\\/wp-content\\\/uploads\\\/2023\\\/10\\\/1781-Casque-Corinthien-avec-crete.jpg\",\"datePublished\":\"2017-02-11T15:27:21+00:00\",\"dateModified\":\"2026-03-31T08:04:55+00:00\",\"description\":\"D\u00e9couvrez ce Casque Corinthien de la Garde royale au meilleur prix - En acier 18 gauges - D\u00e9coration en laiton - Cr\u00eate en crin de cheval - Int\u00e9rieur cuir.\",\"breadcrumb\":{\"@id\":\"https:\\\/\\\/repliquemangacine.fr\\\/casques-romains-et-grecs\\\/casque-corinthien-avec-crete\\\/#breadcrumb\"},\"inLanguage\":\"es\",\"potentialAction\":[{\"@type\":\"ReadAction\",\"target\":[\"https:\\\/\\\/repliquemangacine.fr\\\/casques-romains-et-grecs\\\/casque-corinthien-avec-crete\\\/\"]}]},{\"@type\":\"ImageObject\",\"inLanguage\":\"es\",\"@id\":\"https:\\\/\\\/repliquemangacine.fr\\\/casques-romains-et-grecs\\\/casque-corinthien-avec-crete\\\/#primaryimage\",\"url\":\"https:\\\/\\\/repliquemangacine.fr\\\/wp-content\\\/uploads\\\/2023\\\/10\\\/1781-Casque-Corinthien-avec-crete.jpg\",\"contentUrl\":\"https:\\\/\\\/repliquemangacine.fr\\\/wp-content\\\/uploads\\\/2023\\\/10\\\/1781-Casque-Corinthien-avec-crete.jpg\",\"width\":600,\"height\":600,\"caption\":\"Casque Corinthien avec cr\u00eate\"},{\"@type\":\"BreadcrumbList\",\"@id\":\"https:\\\/\\\/repliquemangacine.fr\\\/casques-romains-et-grecs\\\/casque-corinthien-avec-crete\\\/#breadcrumb\",\"itemListElement\":[{\"@type\":\"ListItem\",\"position\":1,\"name\":\"Accueil\",\"item\":\"https:\\\/\\\/repliquemangacine.fr\\\/\"},{\"@type\":\"ListItem\",\"position\":2,\"name\":\"Produits\",\"item\":\"https:\\\/\\\/repliquemangacine.fr\\\/boutique\\\/\"},{\"@type\":\"ListItem\",\"position\":3,\"name\":\"Casque Corinthien Grec avec cr\u00eate\"}]},{\"@type\":\"WebSite\",\"@id\":\"https:\\\/\\\/repliquemangacine.fr\\\/#website\",\"url\":\"https:\\\/\\\/repliquemangacine.fr\\\/\",\"name\":\"R\u00e9plique Manga Cin\u00e9\",\"description\":\"\",\"publisher\":{\"@id\":\"https:\\\/\\\/repliquemangacine.fr\\\/#organization\"},\"potentialAction\":[{\"@type\":\"SearchAction\",\"target\":{\"@type\":\"EntryPoint\",\"urlTemplate\":\"https:\\\/\\\/repliquemangacine.fr\\\/?s={search_term_string}\"},\"query-input\":{\"@type\":\"PropertyValueSpecification\",\"valueRequired\":true,\"valueName\":\"search_term_string\"}}],\"inLanguage\":\"es\"},{\"@type\":\"Organization\",\"@id\":\"https:\\\/\\\/repliquemangacine.fr\\\/#organization\",\"name\":\"R\u00e9plique Manga Cin\u00e9\",\"url\":\"https:\\\/\\\/repliquemangacine.fr\\\/\",\"logo\":{\"@type\":\"ImageObject\",\"inLanguage\":\"es\",\"@id\":\"https:\\\/\\\/repliquemangacine.fr\\\/#\\\/schema\\\/logo\\\/image\\\/\",\"url\":\"https:\\\/\\\/repliquemangacine.fr\\\/wp-content\\\/uploads\\\/2023\\\/10\\\/RMC-500250.png\",\"contentUrl\":\"https:\\\/\\\/repliquemangacine.fr\\\/wp-content\\\/uploads\\\/2023\\\/10\\\/RMC-500250.png\",\"width\":500,\"height\":250,\"caption\":\"R\u00e9plique Manga Cin\u00e9\"},\"image\":{\"@id\":\"https:\\\/\\\/repliquemangacine.fr\\\/#\\\/schema\\\/logo\\\/image\\\/\"},\"sameAs\":[\"https:\\\/\\\/www.facebook.com\\\/RepliqueMangaCine\",\"https:\\\/\\\/www.instagram.com\\\/repliquemangacine.fr\\\/\"]}]}<\/script>\n<!-- \/ Yoast SEO plugin. -->","yoast_head_json":{"title":"Casco corintio con cresta - cascos griegos - R\u00e9plique Manga Cin\u00e9","description":"Descubra este casco corintio de la Guardia Real al mejor precio - Acero calibre 18 - Decoraci\u00f3n de lat\u00f3n - Cresta de crin - Interior de cuero.","robots":{"index":"index","follow":"follow","max-snippet":"max-snippet:-1","max-image-preview":"max-image-preview:large","max-video-preview":"max-video-preview:-1"},"canonical":"https:\/\/repliquemangacine.fr\/es\/cascos-romanos-y-griegos\/casco-corintio-con-creta\/","og_locale":"es_ES","og_type":"article","og_title":"Casque Corinthien \u00e0 cr\u00eate - Casque Grecs - R\u00e9plique Manga Cin\u00e9","og_description":"D\u00e9couvrez ce Casque Corinthien de la Garde royale au meilleur prix - En acier 18 gauges - D\u00e9coration en laiton - Cr\u00eate en crin de cheval - Int\u00e9rieur cuir.","og_url":"https:\/\/repliquemangacine.fr\/es\/cascos-romanos-y-griegos\/casco-corintio-con-creta\/","og_site_name":"R\u00e9plique Manga Cin\u00e9","article_publisher":"https:\/\/www.facebook.com\/RepliqueMangaCine","article_modified_time":"2026-03-31T08:04:55+00:00","og_image":[{"width":600,"height":600,"url":"https:\/\/repliquemangacine.fr\/wp-content\/uploads\/2023\/10\/1781-Casque-Corinthien-avec-crete.jpg","type":"image\/jpeg"}],"twitter_card":"summary_large_image","twitter_misc":{"Tiempo de lectura":"2 minutos"},"schema":{"@context":"https:\/\/schema.org","@graph":[{"@type":"WebPage","@id":"https:\/\/repliquemangacine.fr\/casques-romains-et-grecs\/casque-corinthien-avec-crete\/","url":"https:\/\/repliquemangacine.fr\/casques-romains-et-grecs\/casque-corinthien-avec-crete\/","name":"Casco corintio con cresta - cascos griegos - R\u00e9plique Manga Cin\u00e9","isPartOf":{"@id":"https:\/\/repliquemangacine.fr\/#website"},"primaryImageOfPage":{"@id":"https:\/\/repliquemangacine.fr\/casques-romains-et-grecs\/casque-corinthien-avec-crete\/#primaryimage"},"image":{"@id":"https:\/\/repliquemangacine.fr\/casques-romains-et-grecs\/casque-corinthien-avec-crete\/#primaryimage"},"thumbnailUrl":"https:\/\/repliquemangacine.fr\/wp-content\/uploads\/2023\/10\/1781-Casque-Corinthien-avec-crete.jpg","datePublished":"2017-02-11T15:27:21+00:00","dateModified":"2026-03-31T08:04:55+00:00","description":"Descubra este casco corintio de la Guardia Real al mejor precio - Acero calibre 18 - Decoraci\u00f3n de lat\u00f3n - Cresta de crin - Interior de cuero.","breadcrumb":{"@id":"https:\/\/repliquemangacine.fr\/casques-romains-et-grecs\/casque-corinthien-avec-crete\/#breadcrumb"},"inLanguage":"es","potentialAction":[{"@type":"ReadAction","target":["https:\/\/repliquemangacine.fr\/casques-romains-et-grecs\/casque-corinthien-avec-crete\/"]}]},{"@type":"ImageObject","inLanguage":"es","@id":"https:\/\/repliquemangacine.fr\/casques-romains-et-grecs\/casque-corinthien-avec-crete\/#primaryimage","url":"https:\/\/repliquemangacine.fr\/wp-content\/uploads\/2023\/10\/1781-Casque-Corinthien-avec-crete.jpg","contentUrl":"https:\/\/repliquemangacine.fr\/wp-content\/uploads\/2023\/10\/1781-Casque-Corinthien-avec-crete.jpg","width":600,"height":600,"caption":"Casque Corinthien avec cr\u00eate"},{"@type":"BreadcrumbList","@id":"https:\/\/repliquemangacine.fr\/casques-romains-et-grecs\/casque-corinthien-avec-crete\/#breadcrumb","itemListElement":[{"@type":"ListItem","position":1,"name":"Accueil","item":"https:\/\/repliquemangacine.fr\/"},{"@type":"ListItem","position":2,"name":"Produits","item":"https:\/\/repliquemangacine.fr\/boutique\/"},{"@type":"ListItem","position":3,"name":"Casque Corinthien Grec avec cr\u00eate"}]},{"@type":"WebSite","@id":"https:\/\/repliquemangacine.fr\/#website","url":"https:\/\/repliquemangacine.fr\/","name":"R\u00e9plique Manga Cin\u00e9","description":"","publisher":{"@id":"https:\/\/repliquemangacine.fr\/#organization"},"potentialAction":[{"@type":"SearchAction","target":{"@type":"EntryPoint","urlTemplate":"https:\/\/repliquemangacine.fr\/?s={search_term_string}"},"query-input":{"@type":"PropertyValueSpecification","valueRequired":true,"valueName":"search_term_string"}}],"inLanguage":"es"},{"@type":"Organization","@id":"https:\/\/repliquemangacine.fr\/#organization","name":"R\u00e9plique Manga Cin\u00e9","url":"https:\/\/repliquemangacine.fr\/","logo":{"@type":"ImageObject","inLanguage":"es","@id":"https:\/\/repliquemangacine.fr\/#\/schema\/logo\/image\/","url":"https:\/\/repliquemangacine.fr\/wp-content\/uploads\/2023\/10\/RMC-500250.png","contentUrl":"https:\/\/repliquemangacine.fr\/wp-content\/uploads\/2023\/10\/RMC-500250.png","width":500,"height":250,"caption":"R\u00e9plique Manga Cin\u00e9"},"image":{"@id":"https:\/\/repliquemangacine.fr\/#\/schema\/logo\/image\/"},"sameAs":["https:\/\/www.facebook.com\/RepliqueMangaCine","https:\/\/www.instagram.com\/repliquemangacine.fr\/"]}]}},"_links":{"self":[{"href":"https:\/\/repliquemangacine.fr\/es\/wp-json\/wp\/v2\/product\/26978","targetHints":{"allow":["GET"]}}],"collection":[{"href":"https:\/\/repliquemangacine.fr\/es\/wp-json\/wp\/v2\/product"}],"about":[{"href":"https:\/\/repliquemangacine.fr\/es\/wp-json\/wp\/v2\/types\/product"}],"wp:featuredmedia":[{"embeddable":true,"href":"https:\/\/repliquemangacine.fr\/es\/wp-json\/wp\/v2\/media\/26979"}],"wp:attachment":[{"href":"https:\/\/repliquemangacine.fr\/es\/wp-json\/wp\/v2\/media?parent=26978"}],"wp:term":[{"taxonomy":"product_brand","embeddable":true,"href":"https:\/\/repliquemangacine.fr\/es\/wp-json\/wp\/v2\/product_brand?post=26978"},{"taxonomy":"product_cat","embeddable":true,"href":"https:\/\/repliquemangacine.fr\/es\/wp-json\/wp\/v2\/product_cat?post=26978"},{"taxonomy":"product_tag","embeddable":true,"href":"https:\/\/repliquemangacine.fr\/es\/wp-json\/wp\/v2\/product_tag?post=26978"}],"curies":[{"name":"wp","href":"https:\/\/api.w.org\/{rel}","templated":true}]}}