





{"id":26973,"date":"2017-02-11T10:58:01","date_gmt":"2017-02-11T09:58:01","guid":{"rendered":"https:\/\/repliquemangacine.fr\/?post_type=product&#038;p=26973"},"modified":"2025-09-23T18:01:51","modified_gmt":"2025-09-23T16:01:51","slug":"daga-espada-dragon","status":"publish","type":"product","link":"https:\/\/repliquemangacine.fr\/es\/epees-et-dagues-fantasy\/dague-epee-dragon\/","title":{"rendered":"Daga espada Drag\u00f3n Fantas\u00eda"},"content":{"rendered":"<h2>Daga espada decorativa Fantasy Dragon.<\/h2>\n<p>Para empezar, el <strong>Daga espada Drag\u00f3n Fantas\u00eda<\/strong>, sublime para la decoraci\u00f3n de su hogar.<\/p>\n<p>La fantas\u00eda es un g\u00e9nero art\u00edstico que representa fen\u00f3menos sobrenaturales imaginarios, a menudo asociados con el mito o el uso de la magia.<\/p>\n<p>En el cine, las primeras pel\u00edculas de fantas\u00eda se remontan a los dibujos animados de Disney adaptados de cuentos de hadas, o al Mago de Oz. Pero las primeras pel\u00edculas de <a href=\"https:\/\/fr.wikipedia.org\/wiki\/Fantasy\" target=\"_blank\" rel=\"noopener noreferrer\">fantas\u00eda<\/a> aparecieron en las pantallas en los a\u00f1os 1970-1980, con Conan el B\u00e1rbaro.<\/p>\n<p>La fantas\u00eda en el cine est\u00e1 viviendo un espectacular resurgimiento con El se\u00f1or de los anillos, adaptaci\u00f3n del cl\u00e1sico de Tolkien, cuyo cuidado universo visual y su \u00e9pico aliento confieren a las pel\u00edculas de fantas\u00eda una nueva dimensi\u00f3n.<\/p>\n<h2>Tu Daga Espada Fantas\u00eda Drag\u00f3n al mejor precio.<\/h2>\n<p>Le ofrecemos una amplia selecci\u00f3n de r\u00e9plicas del g\u00e9nero art\u00edstico Fantasy.<\/p>\n<p>Lo primero y m\u00e1s importante,<\/p>\n<ul>\n<li>La <a href=\"https:\/\/repliquemangacine.fr\/es\/espadas-y-dagas-de-fantasia\/dague-epee-dark-fantasy\/\">Daga espada Dark Fantasy<\/a> con sus dos estrellitas arrojadizas.<\/li>\n<li>As\u00ed como <a href=\"https:\/\/repliquemangacine.fr\/es\/espadas-y-dagas-de-fantasia\/hacha-de-fantasia-oscura\/\">Hacha Dark Fantasy<\/a> con la hoja decorada con una calavera y huesos cruzados.<\/li>\n<li>Tambi\u00e9n existe la <a href=\"https:\/\/repliquemangacine.fr\/es\/espadas-y-dagas-de-fantasia\/dague-epee-double-cobra\/\">daga espada doble cobra<\/a>enrosca las dos dagas y encuentra un arma fant\u00e1stica<\/li>\n<li>Y muchos m\u00e1s por descubrir en nuestra tienda en l\u00ednea.<\/li>\n<\/ul>\n<p>Por eso, esta es una magn\u00edfica idea de regalo para todos los apasionados del Dark Fantasy.<\/p>\n<p>En conclusi\u00f3n, tambi\u00e9n puede utilizar este <strong>Daga espada Drag\u00f3n Fantas\u00eda<\/strong> para la decoraci\u00f3n de su hogar. Pero, ante todo, es una pieza de colecci\u00f3n y decoraci\u00f3n.<\/p>\n<p>R\u00e9plique Manga Cin\u00e9 es una empresa familiar francesa.<\/p>\n<h2>\u00bfC\u00f3mo mantengo la hoja de mi daga?<\/h2>\n<p>Las dagas de colecci\u00f3n y decorativas se fabrican y ensamblan de forma simplificada. Como su uso es decorativo, no cuentan con los elementos de seguridad exigidos para un sable japon\u00e9s destinado al entrenamiento.<\/p>\n<p>Sin embargo, su <strong>Daga espada Drag\u00f3n Fantas\u00eda<\/strong> a una hoja de acero que hay que mantener para evitar que se da\u00f1e con el tiempo. Cuando muestres tu daga, tus amigos sentir\u00e1n curiosidad por ver la hoja y tocarla. Aqu\u00ed es donde hay que tener cuidado, porque la acidez de los dedos es muy perjudicial para el acero, sea cual sea su calidad.<\/p>\n<p>Sin embargo, si esto ocurre, no te asustes, simplemente utiliza un pa\u00f1o humedecido con un poco de aceite y limpia las huellas dactilares. Si haces esto, tu daga durar\u00e1 mucho tiempo.<\/p>","protected":false},"excerpt":{"rendered":"<p>Magn\u00edfica daga espada drag\u00f3n de fantas\u00eda.<\/p>\n<ul>\n<li>Hoja de acero 440 con incrustaciones de dragones.<\/li>\n<li>Protector de cabeza de drag\u00f3n de acero.<\/li>\n<li>Pomo de acero en forma de garras que sostiene una bola de cristal azul.<\/li>\n<li>Empu\u00f1adura decorada con escamas de drag\u00f3n doradas.<\/li>\n<li>Placa de pared.<\/li>\n<li>Longitud total: 65 cm<\/li>\n<\/ul>","protected":false},"featured_media":26974,"template":"","meta":[],"product_brand":[896],"product_cat":[44,26],"product_tag":[],"class_list":{"0":"post-26973","1":"product","2":"type-product","3":"status-publish","4":"has-post-thumbnail","6":"product_brand-replique-manga-cine","7":"product_cat-epees-et-dagues-fantasy","8":"product_cat-katana-epee","10":"first","11":"outofstock","12":"taxable","13":"shipping-taxable","14":"purchasable","15":"product-type-simple"},"yoast_head":"<!-- This site is optimized with the Yoast SEO plugin v27.4 - https:\/\/yoast.com\/product\/yoast-seo-wordpress\/ -->\n<title>Dague \u00e9p\u00e9e Dragon Fantasy - Boutique en ligne | RMC<\/title>\n<meta name=\"description\" content=\"D\u00e9couvrez la Dague \u00e9p\u00e9e Dragon Fantasy de d\u00e9coration au meilleur prix - Lame en acier d\u00e9cor\u00e9e - Poign\u00e9e orn\u00e9e d&#039;\u00e9cailles - Longueur totale : 65 cm\" \/>\n<meta name=\"robots\" content=\"index, follow, max-snippet:-1, max-image-preview:large, max-video-preview:-1\" \/>\n<link rel=\"canonical\" href=\"https:\/\/repliquemangacine.fr\/es\/espadas-y-dagas-de-fantasia\/daga-espada-dragon\/\" \/>\n<meta property=\"og:locale\" content=\"es_ES\" \/>\n<meta property=\"og:type\" content=\"article\" \/>\n<meta property=\"og:title\" content=\"Dague \u00e9p\u00e9e Dragon Fantasy - Boutique en ligne | RMC\" \/>\n<meta property=\"og:description\" content=\"D\u00e9couvrez la Dague \u00e9p\u00e9e Dragon Fantasy de d\u00e9coration au meilleur prix - Lame en acier d\u00e9cor\u00e9e - Poign\u00e9e orn\u00e9e d&#039;\u00e9cailles - Longueur totale : 65 cm\" \/>\n<meta property=\"og:url\" content=\"https:\/\/repliquemangacine.fr\/es\/espadas-y-dagas-de-fantasia\/daga-espada-dragon\/\" \/>\n<meta property=\"og:site_name\" content=\"R\u00e9plique Manga Cin\u00e9\" \/>\n<meta property=\"article:publisher\" content=\"https:\/\/www.facebook.com\/RepliqueMangaCine\" \/>\n<meta property=\"article:modified_time\" content=\"2025-09-23T16:01:51+00:00\" \/>\n<meta property=\"og:image\" content=\"https:\/\/repliquemangacine.fr\/wp-content\/uploads\/2023\/10\/1777-Dague-epee-Dragon.jpg\" \/>\n\t<meta property=\"og:image:width\" content=\"600\" \/>\n\t<meta property=\"og:image:height\" content=\"600\" \/>\n\t<meta property=\"og:image:type\" content=\"image\/jpeg\" \/>\n<meta name=\"twitter:card\" content=\"summary_large_image\" \/>\n<meta name=\"twitter:label1\" content=\"Tiempo de lectura\" \/>\n\t<meta name=\"twitter:data1\" content=\"2 minutos\" \/>\n<script type=\"application\/ld+json\" class=\"yoast-schema-graph\">{\"@context\":\"https:\\\/\\\/schema.org\",\"@graph\":[{\"@type\":\"WebPage\",\"@id\":\"https:\\\/\\\/repliquemangacine.fr\\\/epees-et-dagues-fantasy\\\/dague-epee-dragon\\\/\",\"url\":\"https:\\\/\\\/repliquemangacine.fr\\\/epees-et-dagues-fantasy\\\/dague-epee-dragon\\\/\",\"name\":\"Dague \u00e9p\u00e9e Dragon Fantasy - Boutique en ligne | RMC\",\"isPartOf\":{\"@id\":\"https:\\\/\\\/repliquemangacine.fr\\\/#website\"},\"primaryImageOfPage\":{\"@id\":\"https:\\\/\\\/repliquemangacine.fr\\\/epees-et-dagues-fantasy\\\/dague-epee-dragon\\\/#primaryimage\"},\"image\":{\"@id\":\"https:\\\/\\\/repliquemangacine.fr\\\/epees-et-dagues-fantasy\\\/dague-epee-dragon\\\/#primaryimage\"},\"thumbnailUrl\":\"https:\\\/\\\/repliquemangacine.fr\\\/wp-content\\\/uploads\\\/2023\\\/10\\\/1777-Dague-epee-Dragon.jpg\",\"datePublished\":\"2017-02-11T09:58:01+00:00\",\"dateModified\":\"2025-09-23T16:01:51+00:00\",\"description\":\"D\u00e9couvrez la Dague \u00e9p\u00e9e Dragon Fantasy de d\u00e9coration au meilleur prix - Lame en acier d\u00e9cor\u00e9e - Poign\u00e9e orn\u00e9e d'\u00e9cailles - Longueur totale : 65 cm\",\"breadcrumb\":{\"@id\":\"https:\\\/\\\/repliquemangacine.fr\\\/epees-et-dagues-fantasy\\\/dague-epee-dragon\\\/#breadcrumb\"},\"inLanguage\":\"es\",\"potentialAction\":[{\"@type\":\"ReadAction\",\"target\":[\"https:\\\/\\\/repliquemangacine.fr\\\/epees-et-dagues-fantasy\\\/dague-epee-dragon\\\/\"]}]},{\"@type\":\"ImageObject\",\"inLanguage\":\"es\",\"@id\":\"https:\\\/\\\/repliquemangacine.fr\\\/epees-et-dagues-fantasy\\\/dague-epee-dragon\\\/#primaryimage\",\"url\":\"https:\\\/\\\/repliquemangacine.fr\\\/wp-content\\\/uploads\\\/2023\\\/10\\\/1777-Dague-epee-Dragon.jpg\",\"contentUrl\":\"https:\\\/\\\/repliquemangacine.fr\\\/wp-content\\\/uploads\\\/2023\\\/10\\\/1777-Dague-epee-Dragon.jpg\",\"width\":600,\"height\":600,\"caption\":\"Dague \u00e9p\u00e9e Dragon\"},{\"@type\":\"BreadcrumbList\",\"@id\":\"https:\\\/\\\/repliquemangacine.fr\\\/epees-et-dagues-fantasy\\\/dague-epee-dragon\\\/#breadcrumb\",\"itemListElement\":[{\"@type\":\"ListItem\",\"position\":1,\"name\":\"Accueil\",\"item\":\"https:\\\/\\\/repliquemangacine.fr\\\/\"},{\"@type\":\"ListItem\",\"position\":2,\"name\":\"Produits\",\"item\":\"https:\\\/\\\/repliquemangacine.fr\\\/boutique\\\/\"},{\"@type\":\"ListItem\",\"position\":3,\"name\":\"Dague \u00e9p\u00e9e Dragon Fantasy\"}]},{\"@type\":\"WebSite\",\"@id\":\"https:\\\/\\\/repliquemangacine.fr\\\/#website\",\"url\":\"https:\\\/\\\/repliquemangacine.fr\\\/\",\"name\":\"R\u00e9plique Manga Cin\u00e9\",\"description\":\"\",\"publisher\":{\"@id\":\"https:\\\/\\\/repliquemangacine.fr\\\/#organization\"},\"potentialAction\":[{\"@type\":\"SearchAction\",\"target\":{\"@type\":\"EntryPoint\",\"urlTemplate\":\"https:\\\/\\\/repliquemangacine.fr\\\/?s={search_term_string}\"},\"query-input\":{\"@type\":\"PropertyValueSpecification\",\"valueRequired\":true,\"valueName\":\"search_term_string\"}}],\"inLanguage\":\"es\"},{\"@type\":\"Organization\",\"@id\":\"https:\\\/\\\/repliquemangacine.fr\\\/#organization\",\"name\":\"R\u00e9plique Manga Cin\u00e9\",\"url\":\"https:\\\/\\\/repliquemangacine.fr\\\/\",\"logo\":{\"@type\":\"ImageObject\",\"inLanguage\":\"es\",\"@id\":\"https:\\\/\\\/repliquemangacine.fr\\\/#\\\/schema\\\/logo\\\/image\\\/\",\"url\":\"https:\\\/\\\/repliquemangacine.fr\\\/wp-content\\\/uploads\\\/2023\\\/10\\\/RMC-500250.png\",\"contentUrl\":\"https:\\\/\\\/repliquemangacine.fr\\\/wp-content\\\/uploads\\\/2023\\\/10\\\/RMC-500250.png\",\"width\":500,\"height\":250,\"caption\":\"R\u00e9plique Manga Cin\u00e9\"},\"image\":{\"@id\":\"https:\\\/\\\/repliquemangacine.fr\\\/#\\\/schema\\\/logo\\\/image\\\/\"},\"sameAs\":[\"https:\\\/\\\/www.facebook.com\\\/RepliqueMangaCine\",\"https:\\\/\\\/www.instagram.com\\\/repliquemangacine.fr\\\/\"]}]}<\/script>\n<!-- \/ Yoast SEO plugin. -->","yoast_head_json":{"title":"Daga espada Dragon Fantasy - Boutique en ligne | RMC","description":"Descubra el Dague \u00e9p\u00e9e Drag\u00f3n Fantas\u00eda de decoraci\u00f3n al mejor precio - Hoja de acero decorada - Mango adornado con escamas - Longitud total: 65 cm","robots":{"index":"index","follow":"follow","max-snippet":"max-snippet:-1","max-image-preview":"max-image-preview:large","max-video-preview":"max-video-preview:-1"},"canonical":"https:\/\/repliquemangacine.fr\/es\/espadas-y-dagas-de-fantasia\/daga-espada-dragon\/","og_locale":"es_ES","og_type":"article","og_title":"Dague \u00e9p\u00e9e Dragon Fantasy - Boutique en ligne | RMC","og_description":"D\u00e9couvrez la Dague \u00e9p\u00e9e Dragon Fantasy de d\u00e9coration au meilleur prix - Lame en acier d\u00e9cor\u00e9e - Poign\u00e9e orn\u00e9e d'\u00e9cailles - Longueur totale : 65 cm","og_url":"https:\/\/repliquemangacine.fr\/es\/espadas-y-dagas-de-fantasia\/daga-espada-dragon\/","og_site_name":"R\u00e9plique Manga Cin\u00e9","article_publisher":"https:\/\/www.facebook.com\/RepliqueMangaCine","article_modified_time":"2025-09-23T16:01:51+00:00","og_image":[{"width":600,"height":600,"url":"https:\/\/repliquemangacine.fr\/wp-content\/uploads\/2023\/10\/1777-Dague-epee-Dragon.jpg","type":"image\/jpeg"}],"twitter_card":"summary_large_image","twitter_misc":{"Tiempo de lectura":"2 minutos"},"schema":{"@context":"https:\/\/schema.org","@graph":[{"@type":"WebPage","@id":"https:\/\/repliquemangacine.fr\/epees-et-dagues-fantasy\/dague-epee-dragon\/","url":"https:\/\/repliquemangacine.fr\/epees-et-dagues-fantasy\/dague-epee-dragon\/","name":"Daga espada Dragon Fantasy - Boutique en ligne | RMC","isPartOf":{"@id":"https:\/\/repliquemangacine.fr\/#website"},"primaryImageOfPage":{"@id":"https:\/\/repliquemangacine.fr\/epees-et-dagues-fantasy\/dague-epee-dragon\/#primaryimage"},"image":{"@id":"https:\/\/repliquemangacine.fr\/epees-et-dagues-fantasy\/dague-epee-dragon\/#primaryimage"},"thumbnailUrl":"https:\/\/repliquemangacine.fr\/wp-content\/uploads\/2023\/10\/1777-Dague-epee-Dragon.jpg","datePublished":"2017-02-11T09:58:01+00:00","dateModified":"2025-09-23T16:01:51+00:00","description":"Descubra el Dague \u00e9p\u00e9e Drag\u00f3n Fantas\u00eda de decoraci\u00f3n al mejor precio - Hoja de acero decorada - Mango adornado con escamas - Longitud total: 65 cm","breadcrumb":{"@id":"https:\/\/repliquemangacine.fr\/epees-et-dagues-fantasy\/dague-epee-dragon\/#breadcrumb"},"inLanguage":"es","potentialAction":[{"@type":"ReadAction","target":["https:\/\/repliquemangacine.fr\/epees-et-dagues-fantasy\/dague-epee-dragon\/"]}]},{"@type":"ImageObject","inLanguage":"es","@id":"https:\/\/repliquemangacine.fr\/epees-et-dagues-fantasy\/dague-epee-dragon\/#primaryimage","url":"https:\/\/repliquemangacine.fr\/wp-content\/uploads\/2023\/10\/1777-Dague-epee-Dragon.jpg","contentUrl":"https:\/\/repliquemangacine.fr\/wp-content\/uploads\/2023\/10\/1777-Dague-epee-Dragon.jpg","width":600,"height":600,"caption":"Dague \u00e9p\u00e9e Dragon"},{"@type":"BreadcrumbList","@id":"https:\/\/repliquemangacine.fr\/epees-et-dagues-fantasy\/dague-epee-dragon\/#breadcrumb","itemListElement":[{"@type":"ListItem","position":1,"name":"Accueil","item":"https:\/\/repliquemangacine.fr\/"},{"@type":"ListItem","position":2,"name":"Produits","item":"https:\/\/repliquemangacine.fr\/boutique\/"},{"@type":"ListItem","position":3,"name":"Dague \u00e9p\u00e9e Dragon Fantasy"}]},{"@type":"WebSite","@id":"https:\/\/repliquemangacine.fr\/#website","url":"https:\/\/repliquemangacine.fr\/","name":"R\u00e9plique Manga Cin\u00e9","description":"","publisher":{"@id":"https:\/\/repliquemangacine.fr\/#organization"},"potentialAction":[{"@type":"SearchAction","target":{"@type":"EntryPoint","urlTemplate":"https:\/\/repliquemangacine.fr\/?s={search_term_string}"},"query-input":{"@type":"PropertyValueSpecification","valueRequired":true,"valueName":"search_term_string"}}],"inLanguage":"es"},{"@type":"Organization","@id":"https:\/\/repliquemangacine.fr\/#organization","name":"R\u00e9plique Manga Cin\u00e9","url":"https:\/\/repliquemangacine.fr\/","logo":{"@type":"ImageObject","inLanguage":"es","@id":"https:\/\/repliquemangacine.fr\/#\/schema\/logo\/image\/","url":"https:\/\/repliquemangacine.fr\/wp-content\/uploads\/2023\/10\/RMC-500250.png","contentUrl":"https:\/\/repliquemangacine.fr\/wp-content\/uploads\/2023\/10\/RMC-500250.png","width":500,"height":250,"caption":"R\u00e9plique Manga Cin\u00e9"},"image":{"@id":"https:\/\/repliquemangacine.fr\/#\/schema\/logo\/image\/"},"sameAs":["https:\/\/www.facebook.com\/RepliqueMangaCine","https:\/\/www.instagram.com\/repliquemangacine.fr\/"]}]}},"_links":{"self":[{"href":"https:\/\/repliquemangacine.fr\/es\/wp-json\/wp\/v2\/product\/26973","targetHints":{"allow":["GET"]}}],"collection":[{"href":"https:\/\/repliquemangacine.fr\/es\/wp-json\/wp\/v2\/product"}],"about":[{"href":"https:\/\/repliquemangacine.fr\/es\/wp-json\/wp\/v2\/types\/product"}],"wp:featuredmedia":[{"embeddable":true,"href":"https:\/\/repliquemangacine.fr\/es\/wp-json\/wp\/v2\/media\/26974"}],"wp:attachment":[{"href":"https:\/\/repliquemangacine.fr\/es\/wp-json\/wp\/v2\/media?parent=26973"}],"wp:term":[{"taxonomy":"product_brand","embeddable":true,"href":"https:\/\/repliquemangacine.fr\/es\/wp-json\/wp\/v2\/product_brand?post=26973"},{"taxonomy":"product_cat","embeddable":true,"href":"https:\/\/repliquemangacine.fr\/es\/wp-json\/wp\/v2\/product_cat?post=26973"},{"taxonomy":"product_tag","embeddable":true,"href":"https:\/\/repliquemangacine.fr\/es\/wp-json\/wp\/v2\/product_tag?post=26973"}],"curies":[{"name":"wp","href":"https:\/\/api.w.org\/{rel}","templated":true}]}}