





{"id":26925,"date":"2017-02-09T18:26:51","date_gmt":"2017-02-09T17:26:51","guid":{"rendered":"https:\/\/repliquemangacine.fr\/?post_type=product&#038;p=26925"},"modified":"2025-09-23T18:01:51","modified_gmt":"2025-09-23T16:01:51","slug":"katana-trafalgar-law-one-piece","status":"publish","type":"product","link":"https:\/\/repliquemangacine.fr\/es\/repliques-manga-jeux-video\/katana-trafalgar-law-one-piece\/","title":{"rendered":"Ley Katana One Piece"},"content":{"rendered":"<h2>Law's Katana replica - Versi\u00f3n negra de la espada Kikoku<\/h2>\n<p>Para empezar, el <strong>Katana de Law en One Piece<\/strong>, se llama Kikoku, es la versi\u00f3n negra de EE. UU.<\/p>\n<p>Lo primero y m\u00e1s importante, <a href=\"https:\/\/onepiece.fandom.com\/fr\/wiki\/Trafalgar_D._Water_Law?so=search\" target=\"_blank\" rel=\"noopener noreferrer\">Ley Trafalgar<\/a>, cuyo verdadero nombre es Trafalgar D. Water Law, es el capit\u00e1n y m\u00e9dico de la tripulaci\u00f3n del Heart, una banda pirata compuesta principalmente por m\u00e9dicos. Cabe destacar que su nombre est\u00e1 inspirado en dos derrotas de Napole\u00f3n: Trafalgar y Waterloo.<\/p>\n<p>Law posee una larga nodachi llamada Kikoku, que utiliza junto con los poderes que le confiere una Fruta del Diablo. Se trata de una gran espada con una funda decorada con cruces blancas y equipada con una guarda de piel blanca. Law combina su espada con los poderes de la Ope No Mi. Utiliza Kikoku como una especie de \u00abbistur\u00ed\u00bb para cortar a larga distancia.<\/p>\n<h2>Tu Katana de Law One Piece al mejor precio<\/h2>\n<p>Te traemos todas las l\u00edneas de tus personajes favoritos en este manga animado de One Piece.<\/p>\n<p>Lo primero y m\u00e1s importante,<\/p>\n<ul>\n<li>La versi\u00f3n larga de la espada de la Ley de Trafalgar, <a href=\"https:\/\/repliquemangacine.fr\/es\/una-pieza\/katana-kikoku-de-trafalgar-law-143cm\/\">Espada Kikoku One Piece 143cm<\/a>,<\/li>\n<li>as\u00ed como el <a href=\"https:\/\/repliquemangacine.fr\/es\/una-pieza\/sabre-wado-ichimonji-epee-de-zoro\/\">Espada Zoro Ichimonji<\/a>Es la que tiene en la boca.<\/li>\n<li>Y muchos m\u00e1s por descubrir en nuestra tienda en l\u00ednea.<\/li>\n<\/ul>\n<p>Por eso, aqu\u00ed tienes unas ideas fant\u00e1sticas para regalar a todos los fans de One Piece.<\/p>\n<p>En conclusi\u00f3n, tambi\u00e9n puede utilizar este <strong>Katana de Law One Piece<\/strong> para tus desfiles de cosplay o veladas tem\u00e1ticas. Pero, sobre todo, la espada Law es tambi\u00e9n una pieza de coleccionista y una pieza decorativa.<\/p>\n<h2>\u00bfC\u00f3mo puedo mantener la hoja de mi katana Kikoku?<\/h2>\n<p>Las katanas de colecci\u00f3n y decorativas se fabrican y ensamblan de forma simplificada. Como su uso es decorativo, no cuentan con los elementos de seguridad exigidos a una espada japonesa destinada al entrenamiento.<\/p>\n<p>Sin embargo, su <strong>katana de la Ley One Piece<\/strong> a una hoja de acero que hay que cuidar para evitar que se estropee con el tiempo. Cuando exponga su katana, sus amigos sentir\u00e1n curiosidad por ver la hoja y tocarla. Aqu\u00ed es donde hay que tener cuidado, ya que la acidez de los dedos es muy perjudicial para el acero, sea cual sea su calidad.<\/p>\n<p>Sin embargo, si esto ocurre, no te asustes: basta con un pa\u00f1o humedecido con un poco de aceite y limpiar las huellas. Si haces esto, tu espada durar\u00e1 mucho tiempo.<\/p>","protected":false},"excerpt":{"rendered":"<p>Kikoku es el nombre de la espada de Trafalgar Law. Es una hoja maldita.<\/p>\n<ul>\n<li>Hoja de acero bicolor.<\/li>\n<li>Mango recubierto de trenza de algod\u00f3n negro.<\/li>\n<li>Guardapelo blanco.<\/li>\n<li>Vaina de madera lacada en negro (saya) decorada con cruces.<\/li>\n<li>Versi\u00f3n corta USA.<\/li>\n<li>Longitud de la hoja: 68 cm - Longitud total: 103 cm<\/li>\n<\/ul>\n<p>&nbsp;<\/p>","protected":false},"featured_media":26926,"template":"","meta":[],"product_brand":[896],"product_cat":[123,23],"product_tag":[],"class_list":{"0":"post-26925","1":"product","2":"type-product","3":"status-publish","4":"has-post-thumbnail","6":"product_brand-replique-manga-cine","7":"product_cat-katana-en-metal-one-piece","8":"product_cat-repliques-manga-jeux-video","10":"first","11":"instock","12":"taxable","13":"shipping-taxable","14":"purchasable","15":"product-type-simple"},"yoast_head":"<!-- This site is optimized with the Yoast SEO plugin v27.4 - https:\/\/yoast.com\/product\/yoast-seo-wordpress\/ -->\n<title>Katana de Law One Piece, Sabre Kikoku - Boutique en ligne | RMC<\/title>\n<meta name=\"description\" content=\"Version USA, R\u00e9plique du Katana de Law One Piece au meilleur prix. Lame acier, poign\u00e9e et fourreau noir. Longueur totale : 103cm - Envoi 24\/48h\" \/>\n<meta name=\"robots\" content=\"index, follow, max-snippet:-1, max-image-preview:large, max-video-preview:-1\" \/>\n<link rel=\"canonical\" href=\"https:\/\/repliquemangacine.fr\/es\/replica-de-videojuegos-manga\/katana-trafalgar-law-one-piece\/\" \/>\n<meta property=\"og:locale\" content=\"es_ES\" \/>\n<meta property=\"og:type\" content=\"article\" \/>\n<meta property=\"og:title\" content=\"Katana de Law One Piece, Sabre Kikoku - Boutique en ligne | RMC\" \/>\n<meta property=\"og:description\" content=\"Version USA, R\u00e9plique du Katana de Law One Piece au meilleur prix. Lame acier, poign\u00e9e et fourreau noir. Longueur totale : 103cm - Envoi 24\/48h\" \/>\n<meta property=\"og:url\" content=\"https:\/\/repliquemangacine.fr\/es\/replica-de-videojuegos-manga\/katana-trafalgar-law-one-piece\/\" \/>\n<meta property=\"og:site_name\" content=\"R\u00e9plique Manga Cin\u00e9\" \/>\n<meta property=\"article:publisher\" content=\"https:\/\/www.facebook.com\/RepliqueMangaCine\" \/>\n<meta property=\"article:modified_time\" content=\"2025-09-23T16:01:51+00:00\" \/>\n<meta property=\"og:image\" content=\"https:\/\/repliquemangacine.fr\/wp-content\/uploads\/2023\/10\/trafalgar-noir.png\" \/>\n\t<meta property=\"og:image:width\" content=\"500\" \/>\n\t<meta property=\"og:image:height\" content=\"500\" \/>\n\t<meta property=\"og:image:type\" content=\"image\/png\" \/>\n<meta name=\"twitter:card\" content=\"summary_large_image\" \/>\n<meta name=\"twitter:label1\" content=\"Tiempo de lectura\" \/>\n\t<meta name=\"twitter:data1\" content=\"3 minutos\" \/>\n<script type=\"application\/ld+json\" class=\"yoast-schema-graph\">{\"@context\":\"https:\\\/\\\/schema.org\",\"@graph\":[{\"@type\":\"WebPage\",\"@id\":\"https:\\\/\\\/repliquemangacine.fr\\\/repliques-manga-jeux-video\\\/katana-trafalgar-law-one-piece\\\/\",\"url\":\"https:\\\/\\\/repliquemangacine.fr\\\/repliques-manga-jeux-video\\\/katana-trafalgar-law-one-piece\\\/\",\"name\":\"Katana de Law One Piece, Sabre Kikoku - Boutique en ligne | RMC\",\"isPartOf\":{\"@id\":\"https:\\\/\\\/repliquemangacine.fr\\\/#website\"},\"primaryImageOfPage\":{\"@id\":\"https:\\\/\\\/repliquemangacine.fr\\\/repliques-manga-jeux-video\\\/katana-trafalgar-law-one-piece\\\/#primaryimage\"},\"image\":{\"@id\":\"https:\\\/\\\/repliquemangacine.fr\\\/repliques-manga-jeux-video\\\/katana-trafalgar-law-one-piece\\\/#primaryimage\"},\"thumbnailUrl\":\"https:\\\/\\\/repliquemangacine.fr\\\/wp-content\\\/uploads\\\/2023\\\/10\\\/trafalgar-noir.png\",\"datePublished\":\"2017-02-09T17:26:51+00:00\",\"dateModified\":\"2025-09-23T16:01:51+00:00\",\"description\":\"Version USA, R\u00e9plique du Katana de Law One Piece au meilleur prix. Lame acier, poign\u00e9e et fourreau noir. Longueur totale : 103cm - Envoi 24\\\/48h\",\"breadcrumb\":{\"@id\":\"https:\\\/\\\/repliquemangacine.fr\\\/repliques-manga-jeux-video\\\/katana-trafalgar-law-one-piece\\\/#breadcrumb\"},\"inLanguage\":\"es\",\"potentialAction\":[{\"@type\":\"ReadAction\",\"target\":[\"https:\\\/\\\/repliquemangacine.fr\\\/repliques-manga-jeux-video\\\/katana-trafalgar-law-one-piece\\\/\"]}]},{\"@type\":\"ImageObject\",\"inLanguage\":\"es\",\"@id\":\"https:\\\/\\\/repliquemangacine.fr\\\/repliques-manga-jeux-video\\\/katana-trafalgar-law-one-piece\\\/#primaryimage\",\"url\":\"https:\\\/\\\/repliquemangacine.fr\\\/wp-content\\\/uploads\\\/2023\\\/10\\\/trafalgar-noir.png\",\"contentUrl\":\"https:\\\/\\\/repliquemangacine.fr\\\/wp-content\\\/uploads\\\/2023\\\/10\\\/trafalgar-noir.png\",\"width\":500,\"height\":500,\"caption\":\"Ep\u00e9e Trafalgar Law noir one piece\"},{\"@type\":\"BreadcrumbList\",\"@id\":\"https:\\\/\\\/repliquemangacine.fr\\\/repliques-manga-jeux-video\\\/katana-trafalgar-law-one-piece\\\/#breadcrumb\",\"itemListElement\":[{\"@type\":\"ListItem\",\"position\":1,\"name\":\"Accueil\",\"item\":\"https:\\\/\\\/repliquemangacine.fr\\\/\"},{\"@type\":\"ListItem\",\"position\":2,\"name\":\"Produits\",\"item\":\"https:\\\/\\\/repliquemangacine.fr\\\/boutique\\\/\"},{\"@type\":\"ListItem\",\"position\":3,\"name\":\"Katana Law One Piece\"}]},{\"@type\":\"WebSite\",\"@id\":\"https:\\\/\\\/repliquemangacine.fr\\\/#website\",\"url\":\"https:\\\/\\\/repliquemangacine.fr\\\/\",\"name\":\"R\u00e9plique Manga Cin\u00e9\",\"description\":\"\",\"publisher\":{\"@id\":\"https:\\\/\\\/repliquemangacine.fr\\\/#organization\"},\"potentialAction\":[{\"@type\":\"SearchAction\",\"target\":{\"@type\":\"EntryPoint\",\"urlTemplate\":\"https:\\\/\\\/repliquemangacine.fr\\\/?s={search_term_string}\"},\"query-input\":{\"@type\":\"PropertyValueSpecification\",\"valueRequired\":true,\"valueName\":\"search_term_string\"}}],\"inLanguage\":\"es\"},{\"@type\":\"Organization\",\"@id\":\"https:\\\/\\\/repliquemangacine.fr\\\/#organization\",\"name\":\"R\u00e9plique Manga Cin\u00e9\",\"url\":\"https:\\\/\\\/repliquemangacine.fr\\\/\",\"logo\":{\"@type\":\"ImageObject\",\"inLanguage\":\"es\",\"@id\":\"https:\\\/\\\/repliquemangacine.fr\\\/#\\\/schema\\\/logo\\\/image\\\/\",\"url\":\"https:\\\/\\\/repliquemangacine.fr\\\/wp-content\\\/uploads\\\/2023\\\/10\\\/RMC-500250.png\",\"contentUrl\":\"https:\\\/\\\/repliquemangacine.fr\\\/wp-content\\\/uploads\\\/2023\\\/10\\\/RMC-500250.png\",\"width\":500,\"height\":250,\"caption\":\"R\u00e9plique Manga Cin\u00e9\"},\"image\":{\"@id\":\"https:\\\/\\\/repliquemangacine.fr\\\/#\\\/schema\\\/logo\\\/image\\\/\"},\"sameAs\":[\"https:\\\/\\\/www.facebook.com\\\/RepliqueMangaCine\",\"https:\\\/\\\/www.instagram.com\\\/repliquemangacine.fr\\\/\"]}]}<\/script>\n<!-- \/ Yoast SEO plugin. -->","yoast_head_json":{"title":"Katana de Law One Piece, Sable Kikoku - Boutique en ligne | RMC","description":"Versi\u00f3n USA, r\u00e9plica de Katana Law One Piece al mejor precio. Hoja de acero, mango y vaina negros. Longitud total: 103cm - Envio 24\/48h","robots":{"index":"index","follow":"follow","max-snippet":"max-snippet:-1","max-image-preview":"max-image-preview:large","max-video-preview":"max-video-preview:-1"},"canonical":"https:\/\/repliquemangacine.fr\/es\/replica-de-videojuegos-manga\/katana-trafalgar-law-one-piece\/","og_locale":"es_ES","og_type":"article","og_title":"Katana de Law One Piece, Sabre Kikoku - Boutique en ligne | RMC","og_description":"Version USA, R\u00e9plique du Katana de Law One Piece au meilleur prix. Lame acier, poign\u00e9e et fourreau noir. Longueur totale : 103cm - Envoi 24\/48h","og_url":"https:\/\/repliquemangacine.fr\/es\/replica-de-videojuegos-manga\/katana-trafalgar-law-one-piece\/","og_site_name":"R\u00e9plique Manga Cin\u00e9","article_publisher":"https:\/\/www.facebook.com\/RepliqueMangaCine","article_modified_time":"2025-09-23T16:01:51+00:00","og_image":[{"width":500,"height":500,"url":"https:\/\/repliquemangacine.fr\/wp-content\/uploads\/2023\/10\/trafalgar-noir.png","type":"image\/png"}],"twitter_card":"summary_large_image","twitter_misc":{"Tiempo de lectura":"3 minutos"},"schema":{"@context":"https:\/\/schema.org","@graph":[{"@type":"WebPage","@id":"https:\/\/repliquemangacine.fr\/repliques-manga-jeux-video\/katana-trafalgar-law-one-piece\/","url":"https:\/\/repliquemangacine.fr\/repliques-manga-jeux-video\/katana-trafalgar-law-one-piece\/","name":"Katana de Law One Piece, Sable Kikoku - Boutique en ligne | RMC","isPartOf":{"@id":"https:\/\/repliquemangacine.fr\/#website"},"primaryImageOfPage":{"@id":"https:\/\/repliquemangacine.fr\/repliques-manga-jeux-video\/katana-trafalgar-law-one-piece\/#primaryimage"},"image":{"@id":"https:\/\/repliquemangacine.fr\/repliques-manga-jeux-video\/katana-trafalgar-law-one-piece\/#primaryimage"},"thumbnailUrl":"https:\/\/repliquemangacine.fr\/wp-content\/uploads\/2023\/10\/trafalgar-noir.png","datePublished":"2017-02-09T17:26:51+00:00","dateModified":"2025-09-23T16:01:51+00:00","description":"Versi\u00f3n USA, r\u00e9plica de Katana Law One Piece al mejor precio. Hoja de acero, mango y vaina negros. Longitud total: 103cm - Envio 24\/48h","breadcrumb":{"@id":"https:\/\/repliquemangacine.fr\/repliques-manga-jeux-video\/katana-trafalgar-law-one-piece\/#breadcrumb"},"inLanguage":"es","potentialAction":[{"@type":"ReadAction","target":["https:\/\/repliquemangacine.fr\/repliques-manga-jeux-video\/katana-trafalgar-law-one-piece\/"]}]},{"@type":"ImageObject","inLanguage":"es","@id":"https:\/\/repliquemangacine.fr\/repliques-manga-jeux-video\/katana-trafalgar-law-one-piece\/#primaryimage","url":"https:\/\/repliquemangacine.fr\/wp-content\/uploads\/2023\/10\/trafalgar-noir.png","contentUrl":"https:\/\/repliquemangacine.fr\/wp-content\/uploads\/2023\/10\/trafalgar-noir.png","width":500,"height":500,"caption":"Ep\u00e9e Trafalgar Law noir one piece"},{"@type":"BreadcrumbList","@id":"https:\/\/repliquemangacine.fr\/repliques-manga-jeux-video\/katana-trafalgar-law-one-piece\/#breadcrumb","itemListElement":[{"@type":"ListItem","position":1,"name":"Accueil","item":"https:\/\/repliquemangacine.fr\/"},{"@type":"ListItem","position":2,"name":"Produits","item":"https:\/\/repliquemangacine.fr\/boutique\/"},{"@type":"ListItem","position":3,"name":"Katana Law One Piece"}]},{"@type":"WebSite","@id":"https:\/\/repliquemangacine.fr\/#website","url":"https:\/\/repliquemangacine.fr\/","name":"R\u00e9plique Manga Cin\u00e9","description":"","publisher":{"@id":"https:\/\/repliquemangacine.fr\/#organization"},"potentialAction":[{"@type":"SearchAction","target":{"@type":"EntryPoint","urlTemplate":"https:\/\/repliquemangacine.fr\/?s={search_term_string}"},"query-input":{"@type":"PropertyValueSpecification","valueRequired":true,"valueName":"search_term_string"}}],"inLanguage":"es"},{"@type":"Organization","@id":"https:\/\/repliquemangacine.fr\/#organization","name":"R\u00e9plique Manga Cin\u00e9","url":"https:\/\/repliquemangacine.fr\/","logo":{"@type":"ImageObject","inLanguage":"es","@id":"https:\/\/repliquemangacine.fr\/#\/schema\/logo\/image\/","url":"https:\/\/repliquemangacine.fr\/wp-content\/uploads\/2023\/10\/RMC-500250.png","contentUrl":"https:\/\/repliquemangacine.fr\/wp-content\/uploads\/2023\/10\/RMC-500250.png","width":500,"height":250,"caption":"R\u00e9plique Manga Cin\u00e9"},"image":{"@id":"https:\/\/repliquemangacine.fr\/#\/schema\/logo\/image\/"},"sameAs":["https:\/\/www.facebook.com\/RepliqueMangaCine","https:\/\/www.instagram.com\/repliquemangacine.fr\/"]}]}},"_links":{"self":[{"href":"https:\/\/repliquemangacine.fr\/es\/wp-json\/wp\/v2\/product\/26925","targetHints":{"allow":["GET"]}}],"collection":[{"href":"https:\/\/repliquemangacine.fr\/es\/wp-json\/wp\/v2\/product"}],"about":[{"href":"https:\/\/repliquemangacine.fr\/es\/wp-json\/wp\/v2\/types\/product"}],"wp:featuredmedia":[{"embeddable":true,"href":"https:\/\/repliquemangacine.fr\/es\/wp-json\/wp\/v2\/media\/26926"}],"wp:attachment":[{"href":"https:\/\/repliquemangacine.fr\/es\/wp-json\/wp\/v2\/media?parent=26925"}],"wp:term":[{"taxonomy":"product_brand","embeddable":true,"href":"https:\/\/repliquemangacine.fr\/es\/wp-json\/wp\/v2\/product_brand?post=26925"},{"taxonomy":"product_cat","embeddable":true,"href":"https:\/\/repliquemangacine.fr\/es\/wp-json\/wp\/v2\/product_cat?post=26925"},{"taxonomy":"product_tag","embeddable":true,"href":"https:\/\/repliquemangacine.fr\/es\/wp-json\/wp\/v2\/product_tag?post=26925"}],"curies":[{"name":"wp","href":"https:\/\/api.w.org\/{rel}","templated":true}]}}