





{"id":26910,"date":"2017-02-07T20:10:25","date_gmt":"2017-02-07T19:10:25","guid":{"rendered":"https:\/\/repliquemangacine.fr\/?post_type=product&#038;p=26910"},"modified":"2025-09-23T18:01:51","modified_gmt":"2025-09-23T16:01:51","slug":"katana-kenshin-hoja-invertida-sakabato","status":"publish","type":"product","link":"https:\/\/repliquemangacine.fr\/es\/katana-et-epee-de-manga-anime-autre-manga\/katana-kenshin-lame-inversee-sakabato\/","title":{"rendered":"Kenshin katana hoja invertida"},"content":{"rendered":"<h2>Sakabato Katana Kenshin hoja invertida.<\/h2>\n<p>Para empezar, el <strong>Kenshin katana hoja invertida<\/strong> Se llama Sakabato. Por lo tanto, no puede matar a nadie en combate. Sin embargo, nada le impedir\u00eda dar la vuelta a la hoja para utilizar su espada, pero se lo proh\u00edbe a s\u00ed mismo.<\/p>\n<p>Kenshin Himura, personaje principal del manga Kenshin el vagabundo. \u00c9l es el famoso Batt\u014dsai, el asesino.<\/p>\n<p>La t\u00e9cnica de Batt\u014dsai no proviene de la escuela Kamiya, sino de la escuela Hiten Mitsurugi, que tiene su origen en la \u00e9poca Sengoku. Su ense\u00f1anza permite enfrentarse solo a varios enemigos gracias a una antigua t\u00e9cnica ultrarr\u00e1pida que permite dar en el blanco incluso con una espada de hoja invertida.<\/p>\n<p><a href=\"https:\/\/manga-encyclopedie.fandom.com\/fr\/wiki\/Kenshin_le_vagabond\" target=\"_blank\" rel=\"noopener noreferrer\">Kenshin<\/a> es uno de esos guerreros perdidos. Gran maestro de la espada, se ha convertido en un vagabundo por los caminos de Jap\u00f3n.<\/p>\n<h2>Tu Katana Kenshin hoja invertida al mejor precio.<\/h2>\n<p>Te ofrecemos una amplia selecci\u00f3n de r\u00e9plicas de manga y videojuegos.<\/p>\n<p>Lo primero y m\u00e1s importante,<\/p>\n<ul>\n<li>La reproducci\u00f3n de <a href=\"https:\/\/repliquemangacine.fr\/es\/otros-manga\/meliodas-espada-tesoro-sagrado-lostvayne\/\">Rebanadora de demonios Lostvayne<\/a> en el manga y el anime Seven Deadly Sins .<\/li>\n<li>Pero adem\u00e1s, la r\u00e9plica del<a href=\"https:\/\/repliquemangacine.fr\/es\/otros-manga\/epee-ruler-fate-apocrypha-epee-de-jeanne-la-pucelle\/\">La espada de Juana de Arco<\/a> conocida como \"la Pucelle\" en los Ap\u00f3crifos del Destino.<\/li>\n<li>Tambi\u00e9n est\u00e1 L'<a href=\"https:\/\/repliquemangacine.fr\/es\/otros-manga\/xeno-trunks-dbz-dragon-ball-z-espada\/\">La espada Xeno de Trunks<\/a> en Dragon Ball Z<\/li>\n<li>Y muchos m\u00e1s por descubrir en nuestra tienda en l\u00ednea.<\/li>\n<\/ul>\n<p>Por eso, es una idea estupenda para regalar a todos los apasionados del manga.<\/p>\n<p>En conclusi\u00f3n, tambi\u00e9n puede utilizar este <strong>Katana Kenshin hoja invertida<\/strong> para tus desfiles de cosplay o tus fiestas tem\u00e1ticas. Pero, ante todo, es una pieza de colecci\u00f3n y decoraci\u00f3n.<\/p>\n<p>R\u00e9plique Manga Cin\u00e9 es una empresa familiar francesa.<\/p>\n<h2>\u00bfC\u00f3mo se mantiene la hoja de la katana Manga?<\/h2>\n<p>Las katanas de colecci\u00f3n y decorativas se fabrican y ensamblan de forma simplificada. Como su uso es decorativo, no cuentan con los elementos de seguridad exigidos a una espada japonesa destinada al entrenamiento.<\/p>\n<p>Sin embargo, su K<strong>atana Kenshin hoja invertida<\/strong> a una hoja de acero que hay que cuidar para evitar que se estropee con el tiempo. Cuando exponga su katana, sus amigos sentir\u00e1n curiosidad por ver la hoja y tocarla. Aqu\u00ed es donde hay que tener cuidado, ya que la acidez de los dedos es muy perjudicial para el acero, sea cual sea su calidad.<\/p>\n<p>Sin embargo, si esto ocurre, no te asustes, todo lo que necesitas es un pa\u00f1o humedecido con un poco de aceite y limpiar las huellas dactilares. Si haces esto, tu espada durar\u00e1 mucho tiempo.<\/p>","protected":false},"excerpt":{"rendered":"<p>Katana de kenshin el vagabundo y su famosa hoja invertida.<\/p>\n<ul>\n<li>Hoja invertida de acero inoxidable 440.<\/li>\n<li>Protector de acero redondo espec\u00edfico.<\/li>\n<li>Mango de imitaci\u00f3n de piel de raya rodeado de trenzado de algod\u00f3n.<\/li>\n<li>Vaina de madera lacada en negro.<\/li>\n<li>Longitud total: 105 cm<\/li>\n<\/ul>\n<p><strong>\u00a0<\/strong><\/p>","protected":false},"featured_media":26911,"template":"","meta":[],"product_brand":[896],"product_cat":[65,23],"product_tag":[],"class_list":{"0":"post-26910","1":"product","2":"type-product","3":"status-publish","4":"has-post-thumbnail","6":"product_brand-replique-manga-cine","7":"product_cat-katana-et-epee-de-manga-anime-autre-manga","8":"product_cat-repliques-manga-jeux-video","10":"first","11":"instock","12":"taxable","13":"shipping-taxable","14":"purchasable","15":"product-type-simple"},"yoast_head":"<!-- This site is optimized with the Yoast SEO plugin v27.4 - https:\/\/yoast.com\/product\/yoast-seo-wordpress\/ -->\n<title>Katana Kenshin lame invers\u00e9e - Boutique en ligne | RMC<\/title>\n<meta name=\"description\" content=\"Achetez vite ! Votre Katana Kenshin lame invers\u00e9e au meilleur prix. Lame invers\u00e9e en acier 440 - Echelle 1\/1 - Longueur totale : 105 cm - Envoi 24\/48h\" \/>\n<meta name=\"robots\" content=\"index, follow, max-snippet:-1, max-image-preview:large, max-video-preview:-1\" \/>\n<link rel=\"canonical\" href=\"https:\/\/repliquemangacine.fr\/es\/katana-y-manga-espada-anime-otros-manga\/katana-kenshin-hoja-invertida-sakabato\/\" \/>\n<meta property=\"og:locale\" content=\"es_ES\" \/>\n<meta property=\"og:type\" content=\"article\" \/>\n<meta property=\"og:title\" content=\"Katana Kenshin lame invers\u00e9e - Boutique en ligne | RMC\" \/>\n<meta property=\"og:description\" content=\"Achetez vite ! Votre Katana Kenshin lame invers\u00e9e au meilleur prix. Lame invers\u00e9e en acier 440 - Echelle 1\/1 - Longueur totale : 105 cm - Envoi 24\/48h\" \/>\n<meta property=\"og:url\" content=\"https:\/\/repliquemangacine.fr\/es\/katana-y-manga-espada-anime-otros-manga\/katana-kenshin-hoja-invertida-sakabato\/\" \/>\n<meta property=\"og:site_name\" content=\"R\u00e9plique Manga Cin\u00e9\" \/>\n<meta property=\"article:publisher\" content=\"https:\/\/www.facebook.com\/RepliqueMangaCine\" \/>\n<meta property=\"article:modified_time\" content=\"2025-09-23T16:01:51+00:00\" \/>\n<meta property=\"og:image\" content=\"https:\/\/repliquemangacine.fr\/wp-content\/uploads\/2023\/10\/1724-Kenshin-le-vagabond-Sabre-Lame-inversee-sakabato.jpg\" \/>\n\t<meta property=\"og:image:width\" content=\"600\" \/>\n\t<meta property=\"og:image:height\" content=\"600\" \/>\n\t<meta property=\"og:image:type\" content=\"image\/jpeg\" \/>\n<meta name=\"twitter:card\" content=\"summary_large_image\" \/>\n<meta name=\"twitter:label1\" content=\"Tiempo de lectura\" \/>\n\t<meta name=\"twitter:data1\" content=\"3 minutos\" \/>\n<script type=\"application\/ld+json\" class=\"yoast-schema-graph\">{\"@context\":\"https:\\\/\\\/schema.org\",\"@graph\":[{\"@type\":\"WebPage\",\"@id\":\"https:\\\/\\\/repliquemangacine.fr\\\/katana-et-epee-de-manga-anime-autre-manga\\\/katana-kenshin-lame-inversee-sakabato\\\/\",\"url\":\"https:\\\/\\\/repliquemangacine.fr\\\/katana-et-epee-de-manga-anime-autre-manga\\\/katana-kenshin-lame-inversee-sakabato\\\/\",\"name\":\"Katana Kenshin lame invers\u00e9e - Boutique en ligne | RMC\",\"isPartOf\":{\"@id\":\"https:\\\/\\\/repliquemangacine.fr\\\/#website\"},\"primaryImageOfPage\":{\"@id\":\"https:\\\/\\\/repliquemangacine.fr\\\/katana-et-epee-de-manga-anime-autre-manga\\\/katana-kenshin-lame-inversee-sakabato\\\/#primaryimage\"},\"image\":{\"@id\":\"https:\\\/\\\/repliquemangacine.fr\\\/katana-et-epee-de-manga-anime-autre-manga\\\/katana-kenshin-lame-inversee-sakabato\\\/#primaryimage\"},\"thumbnailUrl\":\"https:\\\/\\\/repliquemangacine.fr\\\/wp-content\\\/uploads\\\/2023\\\/10\\\/1724-Kenshin-le-vagabond-Sabre-Lame-inversee-sakabato.jpg\",\"datePublished\":\"2017-02-07T19:10:25+00:00\",\"dateModified\":\"2025-09-23T16:01:51+00:00\",\"description\":\"Achetez vite ! Votre Katana Kenshin lame invers\u00e9e au meilleur prix. Lame invers\u00e9e en acier 440 - Echelle 1\\\/1 - Longueur totale : 105 cm - Envoi 24\\\/48h\",\"breadcrumb\":{\"@id\":\"https:\\\/\\\/repliquemangacine.fr\\\/katana-et-epee-de-manga-anime-autre-manga\\\/katana-kenshin-lame-inversee-sakabato\\\/#breadcrumb\"},\"inLanguage\":\"es\",\"potentialAction\":[{\"@type\":\"ReadAction\",\"target\":[\"https:\\\/\\\/repliquemangacine.fr\\\/katana-et-epee-de-manga-anime-autre-manga\\\/katana-kenshin-lame-inversee-sakabato\\\/\"]}]},{\"@type\":\"ImageObject\",\"inLanguage\":\"es\",\"@id\":\"https:\\\/\\\/repliquemangacine.fr\\\/katana-et-epee-de-manga-anime-autre-manga\\\/katana-kenshin-lame-inversee-sakabato\\\/#primaryimage\",\"url\":\"https:\\\/\\\/repliquemangacine.fr\\\/wp-content\\\/uploads\\\/2023\\\/10\\\/1724-Kenshin-le-vagabond-Sabre-Lame-inversee-sakabato.jpg\",\"contentUrl\":\"https:\\\/\\\/repliquemangacine.fr\\\/wp-content\\\/uploads\\\/2023\\\/10\\\/1724-Kenshin-le-vagabond-Sabre-Lame-inversee-sakabato.jpg\",\"width\":600,\"height\":600,\"caption\":\"Kenshin le vagabond - Sabre Lame invers\u00e9e - sakabato\"},{\"@type\":\"BreadcrumbList\",\"@id\":\"https:\\\/\\\/repliquemangacine.fr\\\/katana-et-epee-de-manga-anime-autre-manga\\\/katana-kenshin-lame-inversee-sakabato\\\/#breadcrumb\",\"itemListElement\":[{\"@type\":\"ListItem\",\"position\":1,\"name\":\"Accueil\",\"item\":\"https:\\\/\\\/repliquemangacine.fr\\\/\"},{\"@type\":\"ListItem\",\"position\":2,\"name\":\"Produits\",\"item\":\"https:\\\/\\\/repliquemangacine.fr\\\/boutique\\\/\"},{\"@type\":\"ListItem\",\"position\":3,\"name\":\"katana Kenshin lame invers\u00e9e\"}]},{\"@type\":\"WebSite\",\"@id\":\"https:\\\/\\\/repliquemangacine.fr\\\/#website\",\"url\":\"https:\\\/\\\/repliquemangacine.fr\\\/\",\"name\":\"R\u00e9plique Manga Cin\u00e9\",\"description\":\"\",\"publisher\":{\"@id\":\"https:\\\/\\\/repliquemangacine.fr\\\/#organization\"},\"potentialAction\":[{\"@type\":\"SearchAction\",\"target\":{\"@type\":\"EntryPoint\",\"urlTemplate\":\"https:\\\/\\\/repliquemangacine.fr\\\/?s={search_term_string}\"},\"query-input\":{\"@type\":\"PropertyValueSpecification\",\"valueRequired\":true,\"valueName\":\"search_term_string\"}}],\"inLanguage\":\"es\"},{\"@type\":\"Organization\",\"@id\":\"https:\\\/\\\/repliquemangacine.fr\\\/#organization\",\"name\":\"R\u00e9plique Manga Cin\u00e9\",\"url\":\"https:\\\/\\\/repliquemangacine.fr\\\/\",\"logo\":{\"@type\":\"ImageObject\",\"inLanguage\":\"es\",\"@id\":\"https:\\\/\\\/repliquemangacine.fr\\\/#\\\/schema\\\/logo\\\/image\\\/\",\"url\":\"https:\\\/\\\/repliquemangacine.fr\\\/wp-content\\\/uploads\\\/2023\\\/10\\\/RMC-500250.png\",\"contentUrl\":\"https:\\\/\\\/repliquemangacine.fr\\\/wp-content\\\/uploads\\\/2023\\\/10\\\/RMC-500250.png\",\"width\":500,\"height\":250,\"caption\":\"R\u00e9plique Manga Cin\u00e9\"},\"image\":{\"@id\":\"https:\\\/\\\/repliquemangacine.fr\\\/#\\\/schema\\\/logo\\\/image\\\/\"},\"sameAs\":[\"https:\\\/\\\/www.facebook.com\\\/RepliqueMangaCine\",\"https:\\\/\\\/www.instagram.com\\\/repliquemangacine.fr\\\/\"]}]}<\/script>\n<!-- \/ Yoast SEO plugin. -->","yoast_head_json":{"title":"Katana Kenshin hoja invertida - Boutique en ligne | RMC","description":"\u00a1C\u00f3mprala ya! Tu Katana Kenshin hoja invertida al mejor precio. Hoja invertida de acero 440 - Escala 1\/1 - Longitud total: 105 cm - Env\u00edo 24\/48h","robots":{"index":"index","follow":"follow","max-snippet":"max-snippet:-1","max-image-preview":"max-image-preview:large","max-video-preview":"max-video-preview:-1"},"canonical":"https:\/\/repliquemangacine.fr\/es\/katana-y-manga-espada-anime-otros-manga\/katana-kenshin-hoja-invertida-sakabato\/","og_locale":"es_ES","og_type":"article","og_title":"Katana Kenshin lame invers\u00e9e - Boutique en ligne | RMC","og_description":"Achetez vite ! Votre Katana Kenshin lame invers\u00e9e au meilleur prix. Lame invers\u00e9e en acier 440 - Echelle 1\/1 - Longueur totale : 105 cm - Envoi 24\/48h","og_url":"https:\/\/repliquemangacine.fr\/es\/katana-y-manga-espada-anime-otros-manga\/katana-kenshin-hoja-invertida-sakabato\/","og_site_name":"R\u00e9plique Manga Cin\u00e9","article_publisher":"https:\/\/www.facebook.com\/RepliqueMangaCine","article_modified_time":"2025-09-23T16:01:51+00:00","og_image":[{"width":600,"height":600,"url":"https:\/\/repliquemangacine.fr\/wp-content\/uploads\/2023\/10\/1724-Kenshin-le-vagabond-Sabre-Lame-inversee-sakabato.jpg","type":"image\/jpeg"}],"twitter_card":"summary_large_image","twitter_misc":{"Tiempo de lectura":"3 minutos"},"schema":{"@context":"https:\/\/schema.org","@graph":[{"@type":"WebPage","@id":"https:\/\/repliquemangacine.fr\/katana-et-epee-de-manga-anime-autre-manga\/katana-kenshin-lame-inversee-sakabato\/","url":"https:\/\/repliquemangacine.fr\/katana-et-epee-de-manga-anime-autre-manga\/katana-kenshin-lame-inversee-sakabato\/","name":"Katana Kenshin hoja invertida - Boutique en ligne | RMC","isPartOf":{"@id":"https:\/\/repliquemangacine.fr\/#website"},"primaryImageOfPage":{"@id":"https:\/\/repliquemangacine.fr\/katana-et-epee-de-manga-anime-autre-manga\/katana-kenshin-lame-inversee-sakabato\/#primaryimage"},"image":{"@id":"https:\/\/repliquemangacine.fr\/katana-et-epee-de-manga-anime-autre-manga\/katana-kenshin-lame-inversee-sakabato\/#primaryimage"},"thumbnailUrl":"https:\/\/repliquemangacine.fr\/wp-content\/uploads\/2023\/10\/1724-Kenshin-le-vagabond-Sabre-Lame-inversee-sakabato.jpg","datePublished":"2017-02-07T19:10:25+00:00","dateModified":"2025-09-23T16:01:51+00:00","description":"\u00a1C\u00f3mprala ya! Tu Katana Kenshin hoja invertida al mejor precio. Hoja invertida de acero 440 - Escala 1\/1 - Longitud total: 105 cm - Env\u00edo 24\/48h","breadcrumb":{"@id":"https:\/\/repliquemangacine.fr\/katana-et-epee-de-manga-anime-autre-manga\/katana-kenshin-lame-inversee-sakabato\/#breadcrumb"},"inLanguage":"es","potentialAction":[{"@type":"ReadAction","target":["https:\/\/repliquemangacine.fr\/katana-et-epee-de-manga-anime-autre-manga\/katana-kenshin-lame-inversee-sakabato\/"]}]},{"@type":"ImageObject","inLanguage":"es","@id":"https:\/\/repliquemangacine.fr\/katana-et-epee-de-manga-anime-autre-manga\/katana-kenshin-lame-inversee-sakabato\/#primaryimage","url":"https:\/\/repliquemangacine.fr\/wp-content\/uploads\/2023\/10\/1724-Kenshin-le-vagabond-Sabre-Lame-inversee-sakabato.jpg","contentUrl":"https:\/\/repliquemangacine.fr\/wp-content\/uploads\/2023\/10\/1724-Kenshin-le-vagabond-Sabre-Lame-inversee-sakabato.jpg","width":600,"height":600,"caption":"Kenshin le vagabond - Sabre Lame invers\u00e9e - sakabato"},{"@type":"BreadcrumbList","@id":"https:\/\/repliquemangacine.fr\/katana-et-epee-de-manga-anime-autre-manga\/katana-kenshin-lame-inversee-sakabato\/#breadcrumb","itemListElement":[{"@type":"ListItem","position":1,"name":"Accueil","item":"https:\/\/repliquemangacine.fr\/"},{"@type":"ListItem","position":2,"name":"Produits","item":"https:\/\/repliquemangacine.fr\/boutique\/"},{"@type":"ListItem","position":3,"name":"katana Kenshin lame invers\u00e9e"}]},{"@type":"WebSite","@id":"https:\/\/repliquemangacine.fr\/#website","url":"https:\/\/repliquemangacine.fr\/","name":"R\u00e9plique Manga Cin\u00e9","description":"","publisher":{"@id":"https:\/\/repliquemangacine.fr\/#organization"},"potentialAction":[{"@type":"SearchAction","target":{"@type":"EntryPoint","urlTemplate":"https:\/\/repliquemangacine.fr\/?s={search_term_string}"},"query-input":{"@type":"PropertyValueSpecification","valueRequired":true,"valueName":"search_term_string"}}],"inLanguage":"es"},{"@type":"Organization","@id":"https:\/\/repliquemangacine.fr\/#organization","name":"R\u00e9plique Manga Cin\u00e9","url":"https:\/\/repliquemangacine.fr\/","logo":{"@type":"ImageObject","inLanguage":"es","@id":"https:\/\/repliquemangacine.fr\/#\/schema\/logo\/image\/","url":"https:\/\/repliquemangacine.fr\/wp-content\/uploads\/2023\/10\/RMC-500250.png","contentUrl":"https:\/\/repliquemangacine.fr\/wp-content\/uploads\/2023\/10\/RMC-500250.png","width":500,"height":250,"caption":"R\u00e9plique Manga Cin\u00e9"},"image":{"@id":"https:\/\/repliquemangacine.fr\/#\/schema\/logo\/image\/"},"sameAs":["https:\/\/www.facebook.com\/RepliqueMangaCine","https:\/\/www.instagram.com\/repliquemangacine.fr\/"]}]}},"_links":{"self":[{"href":"https:\/\/repliquemangacine.fr\/es\/wp-json\/wp\/v2\/product\/26910","targetHints":{"allow":["GET"]}}],"collection":[{"href":"https:\/\/repliquemangacine.fr\/es\/wp-json\/wp\/v2\/product"}],"about":[{"href":"https:\/\/repliquemangacine.fr\/es\/wp-json\/wp\/v2\/types\/product"}],"wp:featuredmedia":[{"embeddable":true,"href":"https:\/\/repliquemangacine.fr\/es\/wp-json\/wp\/v2\/media\/26911"}],"wp:attachment":[{"href":"https:\/\/repliquemangacine.fr\/es\/wp-json\/wp\/v2\/media?parent=26910"}],"wp:term":[{"taxonomy":"product_brand","embeddable":true,"href":"https:\/\/repliquemangacine.fr\/es\/wp-json\/wp\/v2\/product_brand?post=26910"},{"taxonomy":"product_cat","embeddable":true,"href":"https:\/\/repliquemangacine.fr\/es\/wp-json\/wp\/v2\/product_cat?post=26910"},{"taxonomy":"product_tag","embeddable":true,"href":"https:\/\/repliquemangacine.fr\/es\/wp-json\/wp\/v2\/product_tag?post=26910"}],"curies":[{"name":"wp","href":"https:\/\/api.w.org\/{rel}","templated":true}]}}