





{"id":26899,"date":"2017-02-07T15:07:55","date_gmt":"2017-02-07T14:07:55","guid":{"rendered":"https:\/\/repliquemangacine.fr\/?post_type=product&#038;p=26899"},"modified":"2025-09-30T15:47:14","modified_gmt":"2025-09-30T13:47:14","slug":"daga-jon-snow-longclaw-juego-de-tronos","status":"publish","type":"product","link":"https:\/\/repliquemangacine.fr\/es\/epees-game-of-thrones\/dague-jon-snow-longclaw-game-of-thrones\/","title":{"rendered":"Daga Longclaw de Jon Nieve - Juego de Tronos"},"content":{"rendered":"<h2>Daga Longclaw de Jon Nieve, versi\u00f3n romana en Juego de Tronos.<\/h2>\n<p>Para empezar, el <strong>Daga Longclaw de Jon Nieve<\/strong> es en su versi\u00f3n novela. De hecho, en la versi\u00f3n serie de televisi\u00f3n, el pomo de la cabeza del lobo es diferente.<\/p>\n<p>Jeor Mormont le regala la espada a Jon en la primera temporada de la serie, despu\u00e9s de que Jon le salvara la vida de un espectro. Longclaw aparece a lo largo de todas las temporadas de la serie. Jon la lleva consigo a todas partes cuando sale m\u00e1s all\u00e1 del Muro, en las diferentes batallas (\u201cCastillo Negro\u201d, \u00abBatalla de los Bastardos\u00bb, etc.), entre otras.<\/p>\n<p>Su espada le salva la vida durante su duelo contra un caminante, ya que no explota al entrar en contacto con la Hoja de Hielo del Caminante Blanco. Sorprendido, Jon lo mata, lo que provoca la explosi\u00f3n del caminante.<\/p>\n<h2>Tu Jon Snow Longclaw Dagger al mejor precio.<\/h2>\n<p>Te traemos todas las r\u00e9plicas de las espadas de tus h\u00e9roes favoritos de Juego de Tronos.<\/p>\n<p>Lo primero y m\u00e1s importante,<\/p>\n<ul>\n<li>La <a href=\"https:\/\/repliquemangacine.fr\/es\/espadas-de-juego-de-tronos\/replica-de-la-daga-catspaw-juego-de-tronos\/\">Daga Catspaw<\/a> Utilizada por Arya para matar al Rey de la Noche, esta daga tambi\u00e9n aparece en La Casa del Drag\u00f3n.<\/li>\n<li>Pero tambi\u00e9n la<a href=\"https:\/\/repliquemangacine.fr\/es\/juego-de-tronos\/jon-snow-espada-grande-juego-de-tronos-etiqueta\/\">Espada Gran Garra<\/a> de la serie Jon Snow.<\/li>\n<li>Tambi\u00e9n hay huevos de drag\u00f3n con licencia oficial <a href=\"https:\/\/www.noblecollection.fr\/\" target=\"_blank\" rel=\"noopener noreferrer\">Colecci\u00f3n Noble<\/a>.<\/li>\n<li>Y muchos m\u00e1s por descubrir en nuestra tienda en l\u00ednea.<\/li>\n<\/ul>\n<p>Por eso, aqu\u00ed tienes una idea estupenda para regalar a los fans de la serie Juego de Tronos.<\/p>\n<p>En conclusi\u00f3n, puede utilizar el <strong>Daga Longclaw de Jon Nieve<\/strong> para tus desfiles de cosplay o veladas tem\u00e1ticas. Pero, sobre todo, es una pieza de coleccionista y decoraci\u00f3n.<\/p>\n<h2>\u00bfC\u00f3mo mantengo la hoja de mi daga de Juego de Tronos?<\/h2>\n<p>Las dagas de colecci\u00f3n y decorativas se fabrican y ensamblan de forma simplificada. Como su uso es decorativo, no cuentan con los elementos de seguridad exigidos para un sable japon\u00e9s destinado al entrenamiento.<\/p>\n<p>Sin embargo, su <strong>Daga Longclaw de Jon Nieve<\/strong> a una hoja de acero que hay que cuidar para evitar que se estropee con el tiempo. Cuando exponga su katana, sus amigos sentir\u00e1n curiosidad por ver la hoja y tocarla. Aqu\u00ed es donde hay que tener cuidado, ya que la acidez de los dedos es muy perjudicial para el acero, sea cual sea su calidad.<\/p>\n<p>Sin embargo, si esto ocurre, no te asustes, todo lo que necesitas es un pa\u00f1o humedecido con un poco de aceite y limpiar las huellas dactilares. Si haces esto, tu espada durar\u00e1 mucho tiempo.<\/p>","protected":false},"excerpt":{"rendered":"<p>La gran espada de Jon Nieve en Juego de Tronos.<\/p>\n<ul>\n<li>Hoja de acero inoxidable.<\/li>\n<li>Guarda de acero.<\/li>\n<li>Pomo de resina con cabeza de lobo.<\/li>\n<li>Vaina y mango de ABS.<\/li>\n<li>Caja de regalo forrada de sat\u00e9n.<\/li>\n<li>Longitud de la hoja: 23 cm - Longitud total: 40 cm<\/li>\n<\/ul>","protected":false},"featured_media":26900,"template":"","meta":[],"product_brand":[896],"product_cat":[72,24,47],"product_tag":[],"class_list":{"0":"post-26899","1":"product","2":"type-product","3":"status-publish","4":"has-post-thumbnail","6":"product_brand-replique-manga-cine","7":"product_cat-epees-game-of-thrones","8":"product_cat-films-series-tv-vente-de-katana-epee-et-produits-derives","9":"product_cat-game-of-thrones","11":"first","12":"instock","13":"taxable","14":"shipping-taxable","15":"purchasable","16":"product-type-simple"},"yoast_head":"<!-- This site is optimized with the Yoast SEO plugin v27.4 - https:\/\/yoast.com\/product\/yoast-seo-wordpress\/ -->\n<title>Dague Jon Snow Longclaw - Ep\u00e9es Game of Thrones | RMC<\/title>\n<meta name=\"description\" content=\"D\u00e9couvrez la Dague Jon Snow Longclaw dans Game of Thrones au meilleur prix. Lame acier inox non coupant - Pommeau t\u00eate de loup en r\u00e9sine - Longueur : 40 cm\" \/>\n<meta name=\"robots\" content=\"index, follow, max-snippet:-1, max-image-preview:large, max-video-preview:-1\" \/>\n<link rel=\"canonical\" href=\"https:\/\/repliquemangacine.fr\/es\/espadas-de-juego-de-tronos\/daga-jon-snow-longclaw-juego-de-tronos\/\" \/>\n<meta property=\"og:locale\" content=\"es_ES\" \/>\n<meta property=\"og:type\" content=\"article\" \/>\n<meta property=\"og:title\" content=\"Dague Jon Snow Longclaw - Ep\u00e9es Game of Thrones | RMC\" \/>\n<meta property=\"og:description\" content=\"D\u00e9couvrez la Dague Jon Snow Longclaw dans Game of Thrones au meilleur prix. Lame acier inox non coupant - Pommeau t\u00eate de loup en r\u00e9sine - Longueur : 40 cm\" \/>\n<meta property=\"og:url\" content=\"https:\/\/repliquemangacine.fr\/es\/espadas-de-juego-de-tronos\/daga-jon-snow-longclaw-juego-de-tronos\/\" \/>\n<meta property=\"og:site_name\" content=\"R\u00e9plique Manga Cin\u00e9\" \/>\n<meta property=\"article:publisher\" content=\"https:\/\/www.facebook.com\/RepliqueMangaCine\" \/>\n<meta property=\"article:modified_time\" content=\"2025-09-30T13:47:14+00:00\" \/>\n<meta property=\"og:image\" content=\"https:\/\/repliquemangacine.fr\/wp-content\/uploads\/2023\/10\/1714-Dague-Jon-Snow-Longclaw-Game-of-Thrones.jpg\" \/>\n\t<meta property=\"og:image:width\" content=\"600\" \/>\n\t<meta property=\"og:image:height\" content=\"600\" \/>\n\t<meta property=\"og:image:type\" content=\"image\/jpeg\" \/>\n<meta name=\"twitter:card\" content=\"summary_large_image\" \/>\n<meta name=\"twitter:label1\" content=\"Tiempo de lectura\" \/>\n\t<meta name=\"twitter:data1\" content=\"1 minuto\" \/>\n<script type=\"application\/ld+json\" class=\"yoast-schema-graph\">{\"@context\":\"https:\\\/\\\/schema.org\",\"@graph\":[{\"@type\":\"WebPage\",\"@id\":\"https:\\\/\\\/repliquemangacine.fr\\\/epees-game-of-thrones\\\/dague-jon-snow-longclaw-game-of-thrones\\\/\",\"url\":\"https:\\\/\\\/repliquemangacine.fr\\\/epees-game-of-thrones\\\/dague-jon-snow-longclaw-game-of-thrones\\\/\",\"name\":\"Dague Jon Snow Longclaw - Ep\u00e9es Game of Thrones | RMC\",\"isPartOf\":{\"@id\":\"https:\\\/\\\/repliquemangacine.fr\\\/#website\"},\"primaryImageOfPage\":{\"@id\":\"https:\\\/\\\/repliquemangacine.fr\\\/epees-game-of-thrones\\\/dague-jon-snow-longclaw-game-of-thrones\\\/#primaryimage\"},\"image\":{\"@id\":\"https:\\\/\\\/repliquemangacine.fr\\\/epees-game-of-thrones\\\/dague-jon-snow-longclaw-game-of-thrones\\\/#primaryimage\"},\"thumbnailUrl\":\"https:\\\/\\\/repliquemangacine.fr\\\/wp-content\\\/uploads\\\/2023\\\/10\\\/1714-Dague-Jon-Snow-Longclaw-Game-of-Thrones.jpg\",\"datePublished\":\"2017-02-07T14:07:55+00:00\",\"dateModified\":\"2025-09-30T13:47:14+00:00\",\"description\":\"D\u00e9couvrez la Dague Jon Snow Longclaw dans Game of Thrones au meilleur prix. Lame acier inox non coupant - Pommeau t\u00eate de loup en r\u00e9sine - Longueur : 40 cm\",\"breadcrumb\":{\"@id\":\"https:\\\/\\\/repliquemangacine.fr\\\/epees-game-of-thrones\\\/dague-jon-snow-longclaw-game-of-thrones\\\/#breadcrumb\"},\"inLanguage\":\"es\",\"potentialAction\":[{\"@type\":\"ReadAction\",\"target\":[\"https:\\\/\\\/repliquemangacine.fr\\\/epees-game-of-thrones\\\/dague-jon-snow-longclaw-game-of-thrones\\\/\"]}]},{\"@type\":\"ImageObject\",\"inLanguage\":\"es\",\"@id\":\"https:\\\/\\\/repliquemangacine.fr\\\/epees-game-of-thrones\\\/dague-jon-snow-longclaw-game-of-thrones\\\/#primaryimage\",\"url\":\"https:\\\/\\\/repliquemangacine.fr\\\/wp-content\\\/uploads\\\/2023\\\/10\\\/1714-Dague-Jon-Snow-Longclaw-Game-of-Thrones.jpg\",\"contentUrl\":\"https:\\\/\\\/repliquemangacine.fr\\\/wp-content\\\/uploads\\\/2023\\\/10\\\/1714-Dague-Jon-Snow-Longclaw-Game-of-Thrones.jpg\",\"width\":600,\"height\":600,\"caption\":\"Dague Jon Snow Longclaw - Game of Thrones\"},{\"@type\":\"BreadcrumbList\",\"@id\":\"https:\\\/\\\/repliquemangacine.fr\\\/epees-game-of-thrones\\\/dague-jon-snow-longclaw-game-of-thrones\\\/#breadcrumb\",\"itemListElement\":[{\"@type\":\"ListItem\",\"position\":1,\"name\":\"Accueil\",\"item\":\"https:\\\/\\\/repliquemangacine.fr\\\/\"},{\"@type\":\"ListItem\",\"position\":2,\"name\":\"Produits\",\"item\":\"https:\\\/\\\/repliquemangacine.fr\\\/boutique\\\/\"},{\"@type\":\"ListItem\",\"position\":3,\"name\":\"Dague Jon Snow Longclaw &#8211; Game of Thrones\"}]},{\"@type\":\"WebSite\",\"@id\":\"https:\\\/\\\/repliquemangacine.fr\\\/#website\",\"url\":\"https:\\\/\\\/repliquemangacine.fr\\\/\",\"name\":\"R\u00e9plique Manga Cin\u00e9\",\"description\":\"\",\"publisher\":{\"@id\":\"https:\\\/\\\/repliquemangacine.fr\\\/#organization\"},\"potentialAction\":[{\"@type\":\"SearchAction\",\"target\":{\"@type\":\"EntryPoint\",\"urlTemplate\":\"https:\\\/\\\/repliquemangacine.fr\\\/?s={search_term_string}\"},\"query-input\":{\"@type\":\"PropertyValueSpecification\",\"valueRequired\":true,\"valueName\":\"search_term_string\"}}],\"inLanguage\":\"es\"},{\"@type\":\"Organization\",\"@id\":\"https:\\\/\\\/repliquemangacine.fr\\\/#organization\",\"name\":\"R\u00e9plique Manga Cin\u00e9\",\"url\":\"https:\\\/\\\/repliquemangacine.fr\\\/\",\"logo\":{\"@type\":\"ImageObject\",\"inLanguage\":\"es\",\"@id\":\"https:\\\/\\\/repliquemangacine.fr\\\/#\\\/schema\\\/logo\\\/image\\\/\",\"url\":\"https:\\\/\\\/repliquemangacine.fr\\\/wp-content\\\/uploads\\\/2023\\\/10\\\/RMC-500250.png\",\"contentUrl\":\"https:\\\/\\\/repliquemangacine.fr\\\/wp-content\\\/uploads\\\/2023\\\/10\\\/RMC-500250.png\",\"width\":500,\"height\":250,\"caption\":\"R\u00e9plique Manga Cin\u00e9\"},\"image\":{\"@id\":\"https:\\\/\\\/repliquemangacine.fr\\\/#\\\/schema\\\/logo\\\/image\\\/\"},\"sameAs\":[\"https:\\\/\\\/www.facebook.com\\\/RepliqueMangaCine\",\"https:\\\/\\\/www.instagram.com\\\/repliquemangacine.fr\\\/\"]}]}<\/script>\n<!-- \/ Yoast SEO plugin. -->","yoast_head_json":{"title":"Jon Snow Longclaw Daga - Espadas Juego de Tronos | RMC","description":"Descubre la daga Longclaw de Jon Snow en Juego de Tronos al mejor precio. Hoja de acero inoxidable no cortante - Pomo de cabeza de lobo de resina - Longitud: 40 cm.","robots":{"index":"index","follow":"follow","max-snippet":"max-snippet:-1","max-image-preview":"max-image-preview:large","max-video-preview":"max-video-preview:-1"},"canonical":"https:\/\/repliquemangacine.fr\/es\/espadas-de-juego-de-tronos\/daga-jon-snow-longclaw-juego-de-tronos\/","og_locale":"es_ES","og_type":"article","og_title":"Dague Jon Snow Longclaw - Ep\u00e9es Game of Thrones | RMC","og_description":"D\u00e9couvrez la Dague Jon Snow Longclaw dans Game of Thrones au meilleur prix. Lame acier inox non coupant - Pommeau t\u00eate de loup en r\u00e9sine - Longueur : 40 cm","og_url":"https:\/\/repliquemangacine.fr\/es\/espadas-de-juego-de-tronos\/daga-jon-snow-longclaw-juego-de-tronos\/","og_site_name":"R\u00e9plique Manga Cin\u00e9","article_publisher":"https:\/\/www.facebook.com\/RepliqueMangaCine","article_modified_time":"2025-09-30T13:47:14+00:00","og_image":[{"width":600,"height":600,"url":"https:\/\/repliquemangacine.fr\/wp-content\/uploads\/2023\/10\/1714-Dague-Jon-Snow-Longclaw-Game-of-Thrones.jpg","type":"image\/jpeg"}],"twitter_card":"summary_large_image","twitter_misc":{"Tiempo de lectura":"1 minuto"},"schema":{"@context":"https:\/\/schema.org","@graph":[{"@type":"WebPage","@id":"https:\/\/repliquemangacine.fr\/epees-game-of-thrones\/dague-jon-snow-longclaw-game-of-thrones\/","url":"https:\/\/repliquemangacine.fr\/epees-game-of-thrones\/dague-jon-snow-longclaw-game-of-thrones\/","name":"Jon Snow Longclaw Daga - Espadas Juego de Tronos | RMC","isPartOf":{"@id":"https:\/\/repliquemangacine.fr\/#website"},"primaryImageOfPage":{"@id":"https:\/\/repliquemangacine.fr\/epees-game-of-thrones\/dague-jon-snow-longclaw-game-of-thrones\/#primaryimage"},"image":{"@id":"https:\/\/repliquemangacine.fr\/epees-game-of-thrones\/dague-jon-snow-longclaw-game-of-thrones\/#primaryimage"},"thumbnailUrl":"https:\/\/repliquemangacine.fr\/wp-content\/uploads\/2023\/10\/1714-Dague-Jon-Snow-Longclaw-Game-of-Thrones.jpg","datePublished":"2017-02-07T14:07:55+00:00","dateModified":"2025-09-30T13:47:14+00:00","description":"Descubre la daga Longclaw de Jon Snow en Juego de Tronos al mejor precio. Hoja de acero inoxidable no cortante - Pomo de cabeza de lobo de resina - Longitud: 40 cm.","breadcrumb":{"@id":"https:\/\/repliquemangacine.fr\/epees-game-of-thrones\/dague-jon-snow-longclaw-game-of-thrones\/#breadcrumb"},"inLanguage":"es","potentialAction":[{"@type":"ReadAction","target":["https:\/\/repliquemangacine.fr\/epees-game-of-thrones\/dague-jon-snow-longclaw-game-of-thrones\/"]}]},{"@type":"ImageObject","inLanguage":"es","@id":"https:\/\/repliquemangacine.fr\/epees-game-of-thrones\/dague-jon-snow-longclaw-game-of-thrones\/#primaryimage","url":"https:\/\/repliquemangacine.fr\/wp-content\/uploads\/2023\/10\/1714-Dague-Jon-Snow-Longclaw-Game-of-Thrones.jpg","contentUrl":"https:\/\/repliquemangacine.fr\/wp-content\/uploads\/2023\/10\/1714-Dague-Jon-Snow-Longclaw-Game-of-Thrones.jpg","width":600,"height":600,"caption":"Dague Jon Snow Longclaw - Game of Thrones"},{"@type":"BreadcrumbList","@id":"https:\/\/repliquemangacine.fr\/epees-game-of-thrones\/dague-jon-snow-longclaw-game-of-thrones\/#breadcrumb","itemListElement":[{"@type":"ListItem","position":1,"name":"Accueil","item":"https:\/\/repliquemangacine.fr\/"},{"@type":"ListItem","position":2,"name":"Produits","item":"https:\/\/repliquemangacine.fr\/boutique\/"},{"@type":"ListItem","position":3,"name":"Dague Jon Snow Longclaw &#8211; Game of Thrones"}]},{"@type":"WebSite","@id":"https:\/\/repliquemangacine.fr\/#website","url":"https:\/\/repliquemangacine.fr\/","name":"R\u00e9plique Manga Cin\u00e9","description":"","publisher":{"@id":"https:\/\/repliquemangacine.fr\/#organization"},"potentialAction":[{"@type":"SearchAction","target":{"@type":"EntryPoint","urlTemplate":"https:\/\/repliquemangacine.fr\/?s={search_term_string}"},"query-input":{"@type":"PropertyValueSpecification","valueRequired":true,"valueName":"search_term_string"}}],"inLanguage":"es"},{"@type":"Organization","@id":"https:\/\/repliquemangacine.fr\/#organization","name":"R\u00e9plique Manga Cin\u00e9","url":"https:\/\/repliquemangacine.fr\/","logo":{"@type":"ImageObject","inLanguage":"es","@id":"https:\/\/repliquemangacine.fr\/#\/schema\/logo\/image\/","url":"https:\/\/repliquemangacine.fr\/wp-content\/uploads\/2023\/10\/RMC-500250.png","contentUrl":"https:\/\/repliquemangacine.fr\/wp-content\/uploads\/2023\/10\/RMC-500250.png","width":500,"height":250,"caption":"R\u00e9plique Manga Cin\u00e9"},"image":{"@id":"https:\/\/repliquemangacine.fr\/#\/schema\/logo\/image\/"},"sameAs":["https:\/\/www.facebook.com\/RepliqueMangaCine","https:\/\/www.instagram.com\/repliquemangacine.fr\/"]}]}},"_links":{"self":[{"href":"https:\/\/repliquemangacine.fr\/es\/wp-json\/wp\/v2\/product\/26899","targetHints":{"allow":["GET"]}}],"collection":[{"href":"https:\/\/repliquemangacine.fr\/es\/wp-json\/wp\/v2\/product"}],"about":[{"href":"https:\/\/repliquemangacine.fr\/es\/wp-json\/wp\/v2\/types\/product"}],"wp:featuredmedia":[{"embeddable":true,"href":"https:\/\/repliquemangacine.fr\/es\/wp-json\/wp\/v2\/media\/26900"}],"wp:attachment":[{"href":"https:\/\/repliquemangacine.fr\/es\/wp-json\/wp\/v2\/media?parent=26899"}],"wp:term":[{"taxonomy":"product_brand","embeddable":true,"href":"https:\/\/repliquemangacine.fr\/es\/wp-json\/wp\/v2\/product_brand?post=26899"},{"taxonomy":"product_cat","embeddable":true,"href":"https:\/\/repliquemangacine.fr\/es\/wp-json\/wp\/v2\/product_cat?post=26899"},{"taxonomy":"product_tag","embeddable":true,"href":"https:\/\/repliquemangacine.fr\/es\/wp-json\/wp\/v2\/product_tag?post=26899"}],"curies":[{"name":"wp","href":"https:\/\/api.w.org\/{rel}","templated":true}]}}