





{"id":26888,"date":"2017-02-04T19:30:21","date_gmt":"2017-02-04T18:30:21","guid":{"rendered":"https:\/\/repliquemangacine.fr\/?post_type=product&#038;p=26888"},"modified":"2025-09-23T18:01:51","modified_gmt":"2025-09-23T16:01:51","slug":"saroumane-candelabro-senor-de-los-anillos","status":"publish","type":"product","link":"https:\/\/repliquemangacine.fr\/es\/le-seigneur-des-anneaux\/bougeoir-de-saroumane-le-seigneur-des-anneaux\/","title":{"rendered":"Saruman candelabro LOTR"},"content":{"rendered":"<h2>R\u00e9plica del candelabro de Saruman de El Se\u00f1or de los Anillos<\/h2>\n<p>El candelabro de Saruman es una r\u00e9plica inspirada en su bast\u00f3n. Esta reproducci\u00f3n es distribuida por <a href=\"https:\/\/noblecollection.fr\/produits-officiels-seigneur-des-anneaux-c-129_1.html\">La Colecci\u00f3n Noble<\/a>.<\/p>\n<p>Al comienzo de La Comunidad del Anillo, Gandalf dice de Saruman que es \u00abel l\u00edder de su orden\u00bb y el jefe del Concilio Blanco, que expuls\u00f3 a Sauron del Bosque Negro al final de El hobbit. Gandalf a\u00f1ade que Saruman tiene un gran conocimiento sobre los Anillos de Poder.<\/p>\n<p>Saruman, mago enviado a la Tierra Media por los Valar en forma humana para luchar contra Sauron. Considerado m\u00e1s poderoso que Gandalf antes de su ca\u00edda. De hecho, Saruman est\u00e1 celoso de Gandalf. Dominado por la sed de poder, Saruman acaba ali\u00e1ndose con el Enemigo con la secreta esperanza de descubrir el anillo y qued\u00e1rselo para s\u00ed mismo.<\/p>\n<p>Gandalf intenta convencer a Saruman de que se una a su bando para ayudarles a luchar contra Sauron. Pero Saruman, desde\u00f1oso y mostrando todo su odio, se niega a arrepentirse y rechaza con desprecio la propuesta de Gandalf.\u00a0 Este, mostrando de repente una gran autoridad, expulsa a Saruman de la Orden de los Magos y, con una sola palabra, rompe el bast\u00f3n del mago, quit\u00e1ndole su poder y su estatus.<\/p>\n<p>Humillado por Saruman, que se niega a liberarlo y lo golpea violentamente, Gr\u00edma Lengua de Serpiente apu\u00f1ala al mago. Saruman cae desde lo alto de su torre, queda empalado en una rueda y suelta el Palantir.<\/p>\n<h3>Ofrecemos todas las r\u00e9plicas de espadas y joyas de la trilog\u00eda de El Se\u00f1or de los Anillos.<\/h3>\n<p>Lo primero y m\u00e1s importante,<\/p>\n<ul>\n<li>La magn\u00edfica daga <a href=\"https:\/\/repliquemangacine.fr\/es\/espadas-del-senor-de-los-anillos\/aragorn-espada-daga-cortador-de-papel\/\">Corte de papel de la espada Strider<\/a> de Aragorn.<\/li>\n<li>Tambi\u00e9n est\u00e1 la espada de Frodo <a href=\"https:\/\/repliquemangacine.fr\/es\/espadas-del-senor-de-los-anillos\/espada-dardo-frodo-el-hobbit\/\">Dardo<\/a>.<\/li>\n<li>Y todas las espadas de El Se\u00f1or de los Anillos de tus h\u00e9roes favoritos.<\/li>\n<li>Y muchos m\u00e1s.<\/li>\n<\/ul>\n<p>Es una idea de regalo estupenda para los fans de la trilog\u00eda de El Se\u00f1or de los Anillos.<\/p>\n<h3>Por supuesto, tambi\u00e9n puedes utilizar el candelabro Saruman para decorar tu hogar.<\/h3>\n<p>Ante todo, el Candelabro Saruman es un objeto decorativo de coleccionista.<\/p>","protected":false},"excerpt":{"rendered":"<p>Sublime candelabro que representa la parte superior del bast\u00f3n de Saruman en la trilog\u00eda de El Se\u00f1or de los Anillos.<\/p>\n<ul>\n<li>Este candelabro es de metal.<\/li>\n<li>Base tallada alrededor con cuatro \u00e1guilas en la parte superior.<\/li>\n<li>El portavelas es de cristal.<\/li>\n<li>Altura 27 cm.<\/li>\n<\/ul>","protected":false},"featured_media":26889,"template":"","meta":[],"product_brand":[896],"product_cat":[24,29],"product_tag":[],"class_list":{"0":"post-26888","1":"product","2":"type-product","3":"status-publish","4":"has-post-thumbnail","6":"product_brand-replique-manga-cine","7":"product_cat-films-series-tv-vente-de-katana-epee-et-produits-derives","8":"product_cat-le-seigneur-des-anneaux","10":"first","11":"instock","12":"taxable","13":"shipping-taxable","14":"purchasable","15":"product-type-simple"},"yoast_head":"<!-- This site is optimized with the Yoast SEO plugin v27.4 - https:\/\/yoast.com\/product\/yoast-seo-wordpress\/ -->\n<title>Bougeoir de Saroumane - LOTR - R\u00e9plique Manga Cin\u00e9<\/title>\n<meta name=\"description\" content=\"Bougeoir de Saroumane inspir\u00e9 du seigneur des anneaux. R\u00e9alis\u00e9 en m\u00e9tal, gravure sur le socle. Repr\u00e9sentant le haut de son b\u00e2ton. Noble Collection.\" \/>\n<meta name=\"robots\" content=\"index, follow, max-snippet:-1, max-image-preview:large, max-video-preview:-1\" \/>\n<link rel=\"canonical\" href=\"https:\/\/repliquemangacine.fr\/es\/el-senor-de-los-anillos\/saroumane-candelabro-senor-de-los-anillos\/\" \/>\n<meta property=\"og:locale\" content=\"es_ES\" \/>\n<meta property=\"og:type\" content=\"article\" \/>\n<meta property=\"og:title\" content=\"Bougeoir de Saroumane - LOTR - R\u00e9plique Manga Cin\u00e9\" \/>\n<meta property=\"og:description\" content=\"Bougeoir de Saroumane inspir\u00e9 du seigneur des anneaux. R\u00e9alis\u00e9 en m\u00e9tal, gravure sur le socle. Repr\u00e9sentant le haut de son b\u00e2ton. Noble Collection.\" \/>\n<meta property=\"og:url\" content=\"https:\/\/repliquemangacine.fr\/es\/el-senor-de-los-anillos\/saroumane-candelabro-senor-de-los-anillos\/\" \/>\n<meta property=\"og:site_name\" content=\"R\u00e9plique Manga Cin\u00e9\" \/>\n<meta property=\"article:publisher\" content=\"https:\/\/www.facebook.com\/RepliqueMangaCine\" \/>\n<meta property=\"article:modified_time\" content=\"2025-09-23T16:01:51+00:00\" \/>\n<meta property=\"og:image\" content=\"https:\/\/repliquemangacine.fr\/wp-content\/uploads\/2023\/10\/1616-Bougeoir-Saruman-Le-seigneur-des-Anneaux.jpg\" \/>\n\t<meta property=\"og:image:width\" content=\"600\" \/>\n\t<meta property=\"og:image:height\" content=\"600\" \/>\n\t<meta property=\"og:image:type\" content=\"image\/jpeg\" \/>\n<meta name=\"twitter:card\" content=\"summary_large_image\" \/>\n<meta name=\"twitter:label1\" content=\"Tiempo de lectura\" \/>\n\t<meta name=\"twitter:data1\" content=\"2 minutos\" \/>\n<script type=\"application\/ld+json\" class=\"yoast-schema-graph\">{\"@context\":\"https:\\\/\\\/schema.org\",\"@graph\":[{\"@type\":\"WebPage\",\"@id\":\"https:\\\/\\\/repliquemangacine.fr\\\/de\\\/der-herr-der-ringe\\\/sarumanischer-kerzenhalter-der-herr-der-ringe\\\/\",\"url\":\"https:\\\/\\\/repliquemangacine.fr\\\/de\\\/der-herr-der-ringe\\\/sarumanischer-kerzenhalter-der-herr-der-ringe\\\/\",\"name\":\"Bougeoir de Saroumane - LOTR - R\u00e9plique Manga Cin\u00e9\",\"isPartOf\":{\"@id\":\"https:\\\/\\\/repliquemangacine.fr\\\/#website\"},\"primaryImageOfPage\":{\"@id\":\"https:\\\/\\\/repliquemangacine.fr\\\/de\\\/der-herr-der-ringe\\\/sarumanischer-kerzenhalter-der-herr-der-ringe\\\/#primaryimage\"},\"image\":{\"@id\":\"https:\\\/\\\/repliquemangacine.fr\\\/de\\\/der-herr-der-ringe\\\/sarumanischer-kerzenhalter-der-herr-der-ringe\\\/#primaryimage\"},\"thumbnailUrl\":\"https:\\\/\\\/repliquemangacine.fr\\\/wp-content\\\/uploads\\\/2023\\\/10\\\/1616-Bougeoir-Saruman-Le-seigneur-des-Anneaux.jpg\",\"datePublished\":\"2017-02-04T18:30:21+00:00\",\"dateModified\":\"2025-09-23T16:01:51+00:00\",\"description\":\"Bougeoir de Saroumane inspir\u00e9 du seigneur des anneaux. R\u00e9alis\u00e9 en m\u00e9tal, gravure sur le socle. Repr\u00e9sentant le haut de son b\u00e2ton. Noble Collection.\",\"breadcrumb\":{\"@id\":\"https:\\\/\\\/repliquemangacine.fr\\\/de\\\/der-herr-der-ringe\\\/sarumanischer-kerzenhalter-der-herr-der-ringe\\\/#breadcrumb\"},\"inLanguage\":\"es\",\"potentialAction\":[{\"@type\":\"ReadAction\",\"target\":[\"https:\\\/\\\/repliquemangacine.fr\\\/de\\\/der-herr-der-ringe\\\/sarumanischer-kerzenhalter-der-herr-der-ringe\\\/\"]}]},{\"@type\":\"ImageObject\",\"inLanguage\":\"es\",\"@id\":\"https:\\\/\\\/repliquemangacine.fr\\\/de\\\/der-herr-der-ringe\\\/sarumanischer-kerzenhalter-der-herr-der-ringe\\\/#primaryimage\",\"url\":\"https:\\\/\\\/repliquemangacine.fr\\\/wp-content\\\/uploads\\\/2023\\\/10\\\/1616-Bougeoir-Saruman-Le-seigneur-des-Anneaux.jpg\",\"contentUrl\":\"https:\\\/\\\/repliquemangacine.fr\\\/wp-content\\\/uploads\\\/2023\\\/10\\\/1616-Bougeoir-Saruman-Le-seigneur-des-Anneaux.jpg\",\"width\":600,\"height\":600,\"caption\":\"Bougeoir Saruman - Le seigneur des Anneaux\"},{\"@type\":\"BreadcrumbList\",\"@id\":\"https:\\\/\\\/repliquemangacine.fr\\\/de\\\/der-herr-der-ringe\\\/sarumanischer-kerzenhalter-der-herr-der-ringe\\\/#breadcrumb\",\"itemListElement\":[{\"@type\":\"ListItem\",\"position\":1,\"name\":\"Accueil\",\"item\":\"https:\\\/\\\/repliquemangacine.fr\\\/\"},{\"@type\":\"ListItem\",\"position\":2,\"name\":\"Produits\",\"item\":\"https:\\\/\\\/repliquemangacine.fr\\\/boutique\\\/\"},{\"@type\":\"ListItem\",\"position\":3,\"name\":\"Bougeoir de Saroumane LOTR\"}]},{\"@type\":\"WebSite\",\"@id\":\"https:\\\/\\\/repliquemangacine.fr\\\/#website\",\"url\":\"https:\\\/\\\/repliquemangacine.fr\\\/\",\"name\":\"R\u00e9plique Manga Cin\u00e9\",\"description\":\"\",\"publisher\":{\"@id\":\"https:\\\/\\\/repliquemangacine.fr\\\/#organization\"},\"potentialAction\":[{\"@type\":\"SearchAction\",\"target\":{\"@type\":\"EntryPoint\",\"urlTemplate\":\"https:\\\/\\\/repliquemangacine.fr\\\/?s={search_term_string}\"},\"query-input\":{\"@type\":\"PropertyValueSpecification\",\"valueRequired\":true,\"valueName\":\"search_term_string\"}}],\"inLanguage\":\"es\"},{\"@type\":\"Organization\",\"@id\":\"https:\\\/\\\/repliquemangacine.fr\\\/#organization\",\"name\":\"R\u00e9plique Manga Cin\u00e9\",\"url\":\"https:\\\/\\\/repliquemangacine.fr\\\/\",\"logo\":{\"@type\":\"ImageObject\",\"inLanguage\":\"es\",\"@id\":\"https:\\\/\\\/repliquemangacine.fr\\\/#\\\/schema\\\/logo\\\/image\\\/\",\"url\":\"https:\\\/\\\/repliquemangacine.fr\\\/wp-content\\\/uploads\\\/2023\\\/10\\\/RMC-500250.png\",\"contentUrl\":\"https:\\\/\\\/repliquemangacine.fr\\\/wp-content\\\/uploads\\\/2023\\\/10\\\/RMC-500250.png\",\"width\":500,\"height\":250,\"caption\":\"R\u00e9plique Manga Cin\u00e9\"},\"image\":{\"@id\":\"https:\\\/\\\/repliquemangacine.fr\\\/#\\\/schema\\\/logo\\\/image\\\/\"},\"sameAs\":[\"https:\\\/\\\/www.facebook.com\\\/RepliqueMangaCine\",\"https:\\\/\\\/www.instagram.com\\\/repliquemangacine.fr\\\/\"]}]}<\/script>\n<!-- \/ Yoast SEO plugin. -->","yoast_head_json":{"title":"Saruman candelabro - LOTR - R\u00e9plique Manga Cin\u00e9","description":"Candelabro de Saruman inspirado en El Se\u00f1or de los Anillos. Fabricado en metal, grabado en la base. Representa la parte superior de su bast\u00f3n. Colecci\u00f3n Noble.","robots":{"index":"index","follow":"follow","max-snippet":"max-snippet:-1","max-image-preview":"max-image-preview:large","max-video-preview":"max-video-preview:-1"},"canonical":"https:\/\/repliquemangacine.fr\/es\/el-senor-de-los-anillos\/saroumane-candelabro-senor-de-los-anillos\/","og_locale":"es_ES","og_type":"article","og_title":"Bougeoir de Saroumane - LOTR - R\u00e9plique Manga Cin\u00e9","og_description":"Bougeoir de Saroumane inspir\u00e9 du seigneur des anneaux. R\u00e9alis\u00e9 en m\u00e9tal, gravure sur le socle. Repr\u00e9sentant le haut de son b\u00e2ton. Noble Collection.","og_url":"https:\/\/repliquemangacine.fr\/es\/el-senor-de-los-anillos\/saroumane-candelabro-senor-de-los-anillos\/","og_site_name":"R\u00e9plique Manga Cin\u00e9","article_publisher":"https:\/\/www.facebook.com\/RepliqueMangaCine","article_modified_time":"2025-09-23T16:01:51+00:00","og_image":[{"width":600,"height":600,"url":"https:\/\/repliquemangacine.fr\/wp-content\/uploads\/2023\/10\/1616-Bougeoir-Saruman-Le-seigneur-des-Anneaux.jpg","type":"image\/jpeg"}],"twitter_card":"summary_large_image","twitter_misc":{"Tiempo de lectura":"2 minutos"},"schema":{"@context":"https:\/\/schema.org","@graph":[{"@type":"WebPage","@id":"https:\/\/repliquemangacine.fr\/de\/der-herr-der-ringe\/sarumanischer-kerzenhalter-der-herr-der-ringe\/","url":"https:\/\/repliquemangacine.fr\/de\/der-herr-der-ringe\/sarumanischer-kerzenhalter-der-herr-der-ringe\/","name":"Saruman candelabro - LOTR - R\u00e9plique Manga Cin\u00e9","isPartOf":{"@id":"https:\/\/repliquemangacine.fr\/#website"},"primaryImageOfPage":{"@id":"https:\/\/repliquemangacine.fr\/de\/der-herr-der-ringe\/sarumanischer-kerzenhalter-der-herr-der-ringe\/#primaryimage"},"image":{"@id":"https:\/\/repliquemangacine.fr\/de\/der-herr-der-ringe\/sarumanischer-kerzenhalter-der-herr-der-ringe\/#primaryimage"},"thumbnailUrl":"https:\/\/repliquemangacine.fr\/wp-content\/uploads\/2023\/10\/1616-Bougeoir-Saruman-Le-seigneur-des-Anneaux.jpg","datePublished":"2017-02-04T18:30:21+00:00","dateModified":"2025-09-23T16:01:51+00:00","description":"Candelabro de Saruman inspirado en El Se\u00f1or de los Anillos. Fabricado en metal, grabado en la base. Representa la parte superior de su bast\u00f3n. Colecci\u00f3n Noble.","breadcrumb":{"@id":"https:\/\/repliquemangacine.fr\/de\/der-herr-der-ringe\/sarumanischer-kerzenhalter-der-herr-der-ringe\/#breadcrumb"},"inLanguage":"es","potentialAction":[{"@type":"ReadAction","target":["https:\/\/repliquemangacine.fr\/de\/der-herr-der-ringe\/sarumanischer-kerzenhalter-der-herr-der-ringe\/"]}]},{"@type":"ImageObject","inLanguage":"es","@id":"https:\/\/repliquemangacine.fr\/de\/der-herr-der-ringe\/sarumanischer-kerzenhalter-der-herr-der-ringe\/#primaryimage","url":"https:\/\/repliquemangacine.fr\/wp-content\/uploads\/2023\/10\/1616-Bougeoir-Saruman-Le-seigneur-des-Anneaux.jpg","contentUrl":"https:\/\/repliquemangacine.fr\/wp-content\/uploads\/2023\/10\/1616-Bougeoir-Saruman-Le-seigneur-des-Anneaux.jpg","width":600,"height":600,"caption":"Bougeoir Saruman - Le seigneur des Anneaux"},{"@type":"BreadcrumbList","@id":"https:\/\/repliquemangacine.fr\/de\/der-herr-der-ringe\/sarumanischer-kerzenhalter-der-herr-der-ringe\/#breadcrumb","itemListElement":[{"@type":"ListItem","position":1,"name":"Accueil","item":"https:\/\/repliquemangacine.fr\/"},{"@type":"ListItem","position":2,"name":"Produits","item":"https:\/\/repliquemangacine.fr\/boutique\/"},{"@type":"ListItem","position":3,"name":"Bougeoir de Saroumane LOTR"}]},{"@type":"WebSite","@id":"https:\/\/repliquemangacine.fr\/#website","url":"https:\/\/repliquemangacine.fr\/","name":"R\u00e9plique Manga Cin\u00e9","description":"","publisher":{"@id":"https:\/\/repliquemangacine.fr\/#organization"},"potentialAction":[{"@type":"SearchAction","target":{"@type":"EntryPoint","urlTemplate":"https:\/\/repliquemangacine.fr\/?s={search_term_string}"},"query-input":{"@type":"PropertyValueSpecification","valueRequired":true,"valueName":"search_term_string"}}],"inLanguage":"es"},{"@type":"Organization","@id":"https:\/\/repliquemangacine.fr\/#organization","name":"R\u00e9plique Manga Cin\u00e9","url":"https:\/\/repliquemangacine.fr\/","logo":{"@type":"ImageObject","inLanguage":"es","@id":"https:\/\/repliquemangacine.fr\/#\/schema\/logo\/image\/","url":"https:\/\/repliquemangacine.fr\/wp-content\/uploads\/2023\/10\/RMC-500250.png","contentUrl":"https:\/\/repliquemangacine.fr\/wp-content\/uploads\/2023\/10\/RMC-500250.png","width":500,"height":250,"caption":"R\u00e9plique Manga Cin\u00e9"},"image":{"@id":"https:\/\/repliquemangacine.fr\/#\/schema\/logo\/image\/"},"sameAs":["https:\/\/www.facebook.com\/RepliqueMangaCine","https:\/\/www.instagram.com\/repliquemangacine.fr\/"]}]}},"_links":{"self":[{"href":"https:\/\/repliquemangacine.fr\/es\/wp-json\/wp\/v2\/product\/26888","targetHints":{"allow":["GET"]}}],"collection":[{"href":"https:\/\/repliquemangacine.fr\/es\/wp-json\/wp\/v2\/product"}],"about":[{"href":"https:\/\/repliquemangacine.fr\/es\/wp-json\/wp\/v2\/types\/product"}],"wp:featuredmedia":[{"embeddable":true,"href":"https:\/\/repliquemangacine.fr\/es\/wp-json\/wp\/v2\/media\/26889"}],"wp:attachment":[{"href":"https:\/\/repliquemangacine.fr\/es\/wp-json\/wp\/v2\/media?parent=26888"}],"wp:term":[{"taxonomy":"product_brand","embeddable":true,"href":"https:\/\/repliquemangacine.fr\/es\/wp-json\/wp\/v2\/product_brand?post=26888"},{"taxonomy":"product_cat","embeddable":true,"href":"https:\/\/repliquemangacine.fr\/es\/wp-json\/wp\/v2\/product_cat?post=26888"},{"taxonomy":"product_tag","embeddable":true,"href":"https:\/\/repliquemangacine.fr\/es\/wp-json\/wp\/v2\/product_tag?post=26888"}],"curies":[{"name":"wp","href":"https:\/\/api.w.org\/{rel}","templated":true}]}}