





{"id":26873,"date":"2017-02-04T17:06:25","date_gmt":"2017-02-04T16:06:25","guid":{"rendered":"https:\/\/repliquemangacine.fr\/?post_type=product&#038;p=26873"},"modified":"2025-09-23T18:01:51","modified_gmt":"2025-09-23T16:01:51","slug":"narsil-epee-d-elendil","status":"publish","type":"product","link":"https:\/\/repliquemangacine.fr\/es\/epees-seigneur-des-anneaux\/narsil-epee-d-elendil\/","title":{"rendered":"Espada Narsil Elendil LOTR"},"content":{"rendered":"<h2>Narsil, la espada de Elendil en El Se\u00f1or de los Anillos<\/h2>\n<p>Lo primero es lo primero, <strong>Narsil Espada de Elendil<\/strong>, Su primera aparici\u00f3n como espada, bajo el nombre de Narsil, es en La comunidad del anillo, de Peter Jackson.<\/p>\n<p>Elendil utiliza Narsil durante el asedio de Barad-d\u00fbr contra el Maia Sauron, en la guerra de la \u00daltima Alianza de los Elfos y los Hombres. Pero Sauron mata a Elendil y la espada se parte en dos bajo \u00e9l cuando cae.<\/p>\n<p>El hijo mayor de Elendil, Isildur, toma entonces el fragmento de la espada de su padre y lo utiliza para cortar el dedo de la mano de Sauron que lleva el Anillo \u00danico.<\/p>\n<p>La espada no fue reforjada hasta la Guerra del Anillo, hacia el final de la Tercera Edad. Tras el Concilio de Elrond, los elfos de Rivendel reforjaron Narsil en una nueva espada, a la que Aragorn llam\u00f3 And\u00faril.<\/p>\n<h2>Tu Narsil espada de Elendil al mejor precio<\/h2>\n<p>Le ofrecemos todas las r\u00e9plicas de espadas de El Se\u00f1or de los Anillos.<\/p>\n<p>Lo primero y m\u00e1s importante,<\/p>\n<ul>\n<li>Por supuesto, tambi\u00e9n puede encontrar el<a href=\"https:\/\/repliquemangacine.fr\/es\/el-senor-de-los-anillos\/espada-anduril-aragorn-el-senor-de-los-anillos\/\">Espada Anduril<\/a> de Aragorn con o sin vaina.<\/li>\n<li>As\u00ed como el<a href=\"https:\/\/repliquemangacine.fr\/es\/espadas-del-senor-de-los-anillos\/espada-de-boromir\/\">La espada de Boromir<\/a> hijo mayor de Denethor II, mayordomo de Gondor.<\/li>\n<li>Tambi\u00e9n est\u00e1 la daga \u00e9lfica de Argorn <a href=\"https:\/\/repliquemangacine.fr\/es\/espadas-del-senor-de-los-anillos\/dague-aragorn-poignard-elfique-cuchillo-elfo-daragorn\/\">Cuchillo \u00e9lfico<\/a><\/li>\n<li>Y muchos m\u00e1s por descubrir en nuestra tienda en l\u00ednea.<\/li>\n<\/ul>\n<p>Por eso, aqu\u00ed tiene algunas ideas de regalo para los fans de la trilog\u00eda de El Se\u00f1or de los Anillos, basadas en la obra de <a href=\"https:\/\/www.tolkiendil.com\/tolkien\/biographie\" target=\"_blank\" rel=\"noopener noreferrer\">Tolkien<\/a>.<\/p>\n<p>En conclusi\u00f3n, tambi\u00e9n puede utilizar <strong>Espada Narsil Elendil<\/strong> para tus desfiles de cosplay. Pero, ante todo, esta espada es una pieza de colecci\u00f3n y decoraci\u00f3n.<\/p>\n<p>R\u00e9plique Manga Cin\u00e9 es una empresa familiar francesa.<\/p>\n<h2>\u00bfC\u00f3mo mantengo la hoja de mi espada de El Se\u00f1or de los Anillos?<\/h2>\n<p>Las espadas de colecci\u00f3n y decorativas se fabrican y ensamblan de forma simplificada. Como su uso es decorativo, no cuentan con los elementos de seguridad necesarios para una espada japonesa destinada al entrenamiento.<\/p>\n<p>Sin embargo, su <strong>Narsil espada de Elendil<\/strong> a una hoja de acero que hay que cuidar para evitar que se estropee con el tiempo. Cuando exponga su katana, sus amigos sentir\u00e1n curiosidad por ver la hoja y tocarla. Aqu\u00ed es donde hay que tener cuidado, ya que la acidez de los dedos es muy perjudicial para el acero, sea cual sea su calidad.<\/p>\n<p>Sin embargo, si esto ocurre, no te asustes, todo lo que necesitas es un pa\u00f1o humedecido con un poco de aceite y limpiar las huellas dactilares. Si haces esto, tu espada durar\u00e1 mucho tiempo.<\/p>","protected":false},"excerpt":{"rendered":"<p>Narsil, la espada del rey Elendil en El Se\u00f1or de los Anillos.<\/p>\n<ul>\n<li>Hoja de acero inoxidable con ranura.<\/li>\n<li>Empu\u00f1adura y pomo de acero antiguo.<\/li>\n<li>Mango de acero revestido de polipiel.<\/li>\n<li>Soporte de pared de madera decorada.<\/li>\n<li>Longitud de la hoja: 82 cm - Longitud total: 109 cm<\/li>\n<\/ul>","protected":false},"featured_media":26874,"template":"","meta":[],"product_brand":[896],"product_cat":[68,24,29],"product_tag":[],"class_list":{"0":"post-26873","1":"product","2":"type-product","3":"status-publish","4":"has-post-thumbnail","6":"product_brand-replique-manga-cine","7":"product_cat-epees-seigneur-des-anneaux","8":"product_cat-films-series-tv-vente-de-katana-epee-et-produits-derives","9":"product_cat-le-seigneur-des-anneaux","11":"first","12":"outofstock","13":"sale","14":"taxable","15":"shipping-taxable","16":"purchasable","17":"product-type-simple"},"yoast_head":"<!-- This site is optimized with the Yoast SEO plugin v27.4 - https:\/\/yoast.com\/product\/yoast-seo-wordpress\/ -->\n<title>Narsil Ep\u00e9e Elendil - Seigneur des Anneaux - R\u00e9plique Manga Cin\u00e9<\/title>\n<meta name=\"description\" content=\"D\u00e9couvrez Narsil Ep\u00e9e d&#039;Elendil dans le seigneur des Anneaux pas cher. Lame acier inox - Support - Echelle 1\/1 - Longueur : 109 cm - Envoi 24\/48h\" \/>\n<meta name=\"robots\" content=\"index, follow, max-snippet:-1, max-image-preview:large, max-video-preview:-1\" \/>\n<link rel=\"canonical\" href=\"https:\/\/repliquemangacine.fr\/es\/espadas-del-senor-de-los-anillos\/narsil-epee-d-elendil\/\" \/>\n<meta property=\"og:locale\" content=\"es_ES\" \/>\n<meta property=\"og:type\" content=\"article\" \/>\n<meta property=\"og:title\" content=\"Narsil Ep\u00e9e Elendil - Seigneur des Anneaux - R\u00e9plique Manga Cin\u00e9\" \/>\n<meta property=\"og:description\" content=\"D\u00e9couvrez Narsil Ep\u00e9e d&#039;Elendil dans le seigneur des Anneaux pas cher. Lame acier inox - Support - Echelle 1\/1 - Longueur : 109 cm - Envoi 24\/48h\" \/>\n<meta property=\"og:url\" content=\"https:\/\/repliquemangacine.fr\/es\/espadas-del-senor-de-los-anillos\/narsil-epee-d-elendil\/\" \/>\n<meta property=\"og:site_name\" content=\"R\u00e9plique Manga Cin\u00e9\" \/>\n<meta property=\"article:publisher\" content=\"https:\/\/www.facebook.com\/RepliqueMangaCine\" \/>\n<meta property=\"article:modified_time\" content=\"2025-09-23T16:01:51+00:00\" \/>\n<meta property=\"og:image\" content=\"https:\/\/repliquemangacine.fr\/wp-content\/uploads\/2023\/10\/1605-Narsil-Epee-dElendil-Seigneur-des-Anneaux.jpg\" \/>\n\t<meta property=\"og:image:width\" content=\"650\" \/>\n\t<meta property=\"og:image:height\" content=\"650\" \/>\n\t<meta property=\"og:image:type\" content=\"image\/jpeg\" \/>\n<meta name=\"twitter:card\" content=\"summary_large_image\" \/>\n<meta name=\"twitter:label1\" content=\"Tiempo de lectura\" \/>\n\t<meta name=\"twitter:data1\" content=\"1 minuto\" \/>\n<script type=\"application\/ld+json\" class=\"yoast-schema-graph\">{\"@context\":\"https:\\\/\\\/schema.org\",\"@graph\":[{\"@type\":\"WebPage\",\"@id\":\"https:\\\/\\\/repliquemangacine.fr\\\/epees-seigneur-des-anneaux\\\/narsil-epee-d-elendil\\\/\",\"url\":\"https:\\\/\\\/repliquemangacine.fr\\\/epees-seigneur-des-anneaux\\\/narsil-epee-d-elendil\\\/\",\"name\":\"Narsil Ep\u00e9e Elendil - Seigneur des Anneaux - R\u00e9plique Manga Cin\u00e9\",\"isPartOf\":{\"@id\":\"https:\\\/\\\/repliquemangacine.fr\\\/#website\"},\"primaryImageOfPage\":{\"@id\":\"https:\\\/\\\/repliquemangacine.fr\\\/epees-seigneur-des-anneaux\\\/narsil-epee-d-elendil\\\/#primaryimage\"},\"image\":{\"@id\":\"https:\\\/\\\/repliquemangacine.fr\\\/epees-seigneur-des-anneaux\\\/narsil-epee-d-elendil\\\/#primaryimage\"},\"thumbnailUrl\":\"https:\\\/\\\/repliquemangacine.fr\\\/wp-content\\\/uploads\\\/2023\\\/10\\\/1605-Narsil-Epee-dElendil-Seigneur-des-Anneaux.jpg\",\"datePublished\":\"2017-02-04T16:06:25+00:00\",\"dateModified\":\"2025-09-23T16:01:51+00:00\",\"description\":\"D\u00e9couvrez Narsil Ep\u00e9e d'Elendil dans le seigneur des Anneaux pas cher. Lame acier inox - Support - Echelle 1\\\/1 - Longueur : 109 cm - Envoi 24\\\/48h\",\"breadcrumb\":{\"@id\":\"https:\\\/\\\/repliquemangacine.fr\\\/epees-seigneur-des-anneaux\\\/narsil-epee-d-elendil\\\/#breadcrumb\"},\"inLanguage\":\"es\",\"potentialAction\":[{\"@type\":\"ReadAction\",\"target\":[\"https:\\\/\\\/repliquemangacine.fr\\\/epees-seigneur-des-anneaux\\\/narsil-epee-d-elendil\\\/\"]}]},{\"@type\":\"ImageObject\",\"inLanguage\":\"es\",\"@id\":\"https:\\\/\\\/repliquemangacine.fr\\\/epees-seigneur-des-anneaux\\\/narsil-epee-d-elendil\\\/#primaryimage\",\"url\":\"https:\\\/\\\/repliquemangacine.fr\\\/wp-content\\\/uploads\\\/2023\\\/10\\\/1605-Narsil-Epee-dElendil-Seigneur-des-Anneaux.jpg\",\"contentUrl\":\"https:\\\/\\\/repliquemangacine.fr\\\/wp-content\\\/uploads\\\/2023\\\/10\\\/1605-Narsil-Epee-dElendil-Seigneur-des-Anneaux.jpg\",\"width\":650,\"height\":650,\"caption\":\"Narsil Ep\u00e9e d'Elendil - Seigneur des Anneaux\"},{\"@type\":\"BreadcrumbList\",\"@id\":\"https:\\\/\\\/repliquemangacine.fr\\\/epees-seigneur-des-anneaux\\\/narsil-epee-d-elendil\\\/#breadcrumb\",\"itemListElement\":[{\"@type\":\"ListItem\",\"position\":1,\"name\":\"Accueil\",\"item\":\"https:\\\/\\\/repliquemangacine.fr\\\/\"},{\"@type\":\"ListItem\",\"position\":2,\"name\":\"Produits\",\"item\":\"https:\\\/\\\/repliquemangacine.fr\\\/boutique\\\/\"},{\"@type\":\"ListItem\",\"position\":3,\"name\":\"Narsil Ep\u00e9e Elendil LOTR\"}]},{\"@type\":\"WebSite\",\"@id\":\"https:\\\/\\\/repliquemangacine.fr\\\/#website\",\"url\":\"https:\\\/\\\/repliquemangacine.fr\\\/\",\"name\":\"R\u00e9plique Manga Cin\u00e9\",\"description\":\"\",\"publisher\":{\"@id\":\"https:\\\/\\\/repliquemangacine.fr\\\/#organization\"},\"potentialAction\":[{\"@type\":\"SearchAction\",\"target\":{\"@type\":\"EntryPoint\",\"urlTemplate\":\"https:\\\/\\\/repliquemangacine.fr\\\/?s={search_term_string}\"},\"query-input\":{\"@type\":\"PropertyValueSpecification\",\"valueRequired\":true,\"valueName\":\"search_term_string\"}}],\"inLanguage\":\"es\"},{\"@type\":\"Organization\",\"@id\":\"https:\\\/\\\/repliquemangacine.fr\\\/#organization\",\"name\":\"R\u00e9plique Manga Cin\u00e9\",\"url\":\"https:\\\/\\\/repliquemangacine.fr\\\/\",\"logo\":{\"@type\":\"ImageObject\",\"inLanguage\":\"es\",\"@id\":\"https:\\\/\\\/repliquemangacine.fr\\\/#\\\/schema\\\/logo\\\/image\\\/\",\"url\":\"https:\\\/\\\/repliquemangacine.fr\\\/wp-content\\\/uploads\\\/2023\\\/10\\\/RMC-500250.png\",\"contentUrl\":\"https:\\\/\\\/repliquemangacine.fr\\\/wp-content\\\/uploads\\\/2023\\\/10\\\/RMC-500250.png\",\"width\":500,\"height\":250,\"caption\":\"R\u00e9plique Manga Cin\u00e9\"},\"image\":{\"@id\":\"https:\\\/\\\/repliquemangacine.fr\\\/#\\\/schema\\\/logo\\\/image\\\/\"},\"sameAs\":[\"https:\\\/\\\/www.facebook.com\\\/RepliqueMangaCine\",\"https:\\\/\\\/www.instagram.com\\\/repliquemangacine.fr\\\/\"]}]}<\/script>\n<!-- \/ Yoast SEO plugin. -->","yoast_head_json":{"title":"Espada Narsil Elendil - El Se\u00f1or de los Anillos - R\u00e9plique Manga Cin\u00e9","description":"Descubra Narsil Espada de Elendil en el Se\u00f1or de los Anillos para barato. Hoja de acero inoxidable - Soporte - Escala 1\/1 - Longitud : 109 cm - Env\u00edo 24\/48h","robots":{"index":"index","follow":"follow","max-snippet":"max-snippet:-1","max-image-preview":"max-image-preview:large","max-video-preview":"max-video-preview:-1"},"canonical":"https:\/\/repliquemangacine.fr\/es\/espadas-del-senor-de-los-anillos\/narsil-epee-d-elendil\/","og_locale":"es_ES","og_type":"article","og_title":"Narsil Ep\u00e9e Elendil - Seigneur des Anneaux - R\u00e9plique Manga Cin\u00e9","og_description":"D\u00e9couvrez Narsil Ep\u00e9e d'Elendil dans le seigneur des Anneaux pas cher. Lame acier inox - Support - Echelle 1\/1 - Longueur : 109 cm - Envoi 24\/48h","og_url":"https:\/\/repliquemangacine.fr\/es\/espadas-del-senor-de-los-anillos\/narsil-epee-d-elendil\/","og_site_name":"R\u00e9plique Manga Cin\u00e9","article_publisher":"https:\/\/www.facebook.com\/RepliqueMangaCine","article_modified_time":"2025-09-23T16:01:51+00:00","og_image":[{"width":650,"height":650,"url":"https:\/\/repliquemangacine.fr\/wp-content\/uploads\/2023\/10\/1605-Narsil-Epee-dElendil-Seigneur-des-Anneaux.jpg","type":"image\/jpeg"}],"twitter_card":"summary_large_image","twitter_misc":{"Tiempo de lectura":"1 minuto"},"schema":{"@context":"https:\/\/schema.org","@graph":[{"@type":"WebPage","@id":"https:\/\/repliquemangacine.fr\/epees-seigneur-des-anneaux\/narsil-epee-d-elendil\/","url":"https:\/\/repliquemangacine.fr\/epees-seigneur-des-anneaux\/narsil-epee-d-elendil\/","name":"Espada Narsil Elendil - El Se\u00f1or de los Anillos - R\u00e9plique Manga Cin\u00e9","isPartOf":{"@id":"https:\/\/repliquemangacine.fr\/#website"},"primaryImageOfPage":{"@id":"https:\/\/repliquemangacine.fr\/epees-seigneur-des-anneaux\/narsil-epee-d-elendil\/#primaryimage"},"image":{"@id":"https:\/\/repliquemangacine.fr\/epees-seigneur-des-anneaux\/narsil-epee-d-elendil\/#primaryimage"},"thumbnailUrl":"https:\/\/repliquemangacine.fr\/wp-content\/uploads\/2023\/10\/1605-Narsil-Epee-dElendil-Seigneur-des-Anneaux.jpg","datePublished":"2017-02-04T16:06:25+00:00","dateModified":"2025-09-23T16:01:51+00:00","description":"Descubra Narsil Espada de Elendil en el Se\u00f1or de los Anillos para barato. Hoja de acero inoxidable - Soporte - Escala 1\/1 - Longitud : 109 cm - Env\u00edo 24\/48h","breadcrumb":{"@id":"https:\/\/repliquemangacine.fr\/epees-seigneur-des-anneaux\/narsil-epee-d-elendil\/#breadcrumb"},"inLanguage":"es","potentialAction":[{"@type":"ReadAction","target":["https:\/\/repliquemangacine.fr\/epees-seigneur-des-anneaux\/narsil-epee-d-elendil\/"]}]},{"@type":"ImageObject","inLanguage":"es","@id":"https:\/\/repliquemangacine.fr\/epees-seigneur-des-anneaux\/narsil-epee-d-elendil\/#primaryimage","url":"https:\/\/repliquemangacine.fr\/wp-content\/uploads\/2023\/10\/1605-Narsil-Epee-dElendil-Seigneur-des-Anneaux.jpg","contentUrl":"https:\/\/repliquemangacine.fr\/wp-content\/uploads\/2023\/10\/1605-Narsil-Epee-dElendil-Seigneur-des-Anneaux.jpg","width":650,"height":650,"caption":"Narsil Ep\u00e9e d'Elendil - Seigneur des Anneaux"},{"@type":"BreadcrumbList","@id":"https:\/\/repliquemangacine.fr\/epees-seigneur-des-anneaux\/narsil-epee-d-elendil\/#breadcrumb","itemListElement":[{"@type":"ListItem","position":1,"name":"Accueil","item":"https:\/\/repliquemangacine.fr\/"},{"@type":"ListItem","position":2,"name":"Produits","item":"https:\/\/repliquemangacine.fr\/boutique\/"},{"@type":"ListItem","position":3,"name":"Narsil Ep\u00e9e Elendil LOTR"}]},{"@type":"WebSite","@id":"https:\/\/repliquemangacine.fr\/#website","url":"https:\/\/repliquemangacine.fr\/","name":"R\u00e9plique Manga Cin\u00e9","description":"","publisher":{"@id":"https:\/\/repliquemangacine.fr\/#organization"},"potentialAction":[{"@type":"SearchAction","target":{"@type":"EntryPoint","urlTemplate":"https:\/\/repliquemangacine.fr\/?s={search_term_string}"},"query-input":{"@type":"PropertyValueSpecification","valueRequired":true,"valueName":"search_term_string"}}],"inLanguage":"es"},{"@type":"Organization","@id":"https:\/\/repliquemangacine.fr\/#organization","name":"R\u00e9plique Manga Cin\u00e9","url":"https:\/\/repliquemangacine.fr\/","logo":{"@type":"ImageObject","inLanguage":"es","@id":"https:\/\/repliquemangacine.fr\/#\/schema\/logo\/image\/","url":"https:\/\/repliquemangacine.fr\/wp-content\/uploads\/2023\/10\/RMC-500250.png","contentUrl":"https:\/\/repliquemangacine.fr\/wp-content\/uploads\/2023\/10\/RMC-500250.png","width":500,"height":250,"caption":"R\u00e9plique Manga Cin\u00e9"},"image":{"@id":"https:\/\/repliquemangacine.fr\/#\/schema\/logo\/image\/"},"sameAs":["https:\/\/www.facebook.com\/RepliqueMangaCine","https:\/\/www.instagram.com\/repliquemangacine.fr\/"]}]}},"_links":{"self":[{"href":"https:\/\/repliquemangacine.fr\/es\/wp-json\/wp\/v2\/product\/26873","targetHints":{"allow":["GET"]}}],"collection":[{"href":"https:\/\/repliquemangacine.fr\/es\/wp-json\/wp\/v2\/product"}],"about":[{"href":"https:\/\/repliquemangacine.fr\/es\/wp-json\/wp\/v2\/types\/product"}],"wp:featuredmedia":[{"embeddable":true,"href":"https:\/\/repliquemangacine.fr\/es\/wp-json\/wp\/v2\/media\/26874"}],"wp:attachment":[{"href":"https:\/\/repliquemangacine.fr\/es\/wp-json\/wp\/v2\/media?parent=26873"}],"wp:term":[{"taxonomy":"product_brand","embeddable":true,"href":"https:\/\/repliquemangacine.fr\/es\/wp-json\/wp\/v2\/product_brand?post=26873"},{"taxonomy":"product_cat","embeddable":true,"href":"https:\/\/repliquemangacine.fr\/es\/wp-json\/wp\/v2\/product_cat?post=26873"},{"taxonomy":"product_tag","embeddable":true,"href":"https:\/\/repliquemangacine.fr\/es\/wp-json\/wp\/v2\/product_tag?post=26873"}],"curies":[{"name":"wp","href":"https:\/\/api.w.org\/{rel}","templated":true}]}}