





{"id":26861,"date":"2017-02-02T14:14:38","date_gmt":"2017-02-02T13:14:38","guid":{"rendered":"https:\/\/repliquemangacine.fr\/?post_type=product&#038;p=26861"},"modified":"2026-03-26T20:11:13","modified_gmt":"2026-03-26T19:11:13","slug":"lorien-hoja-collar-broche-senor-de-los-anillos","status":"publish","type":"product","link":"https:\/\/repliquemangacine.fr\/es\/bijoux-anneaux\/broche-collier-feuille-de-la-lorien-seigneur-des-anneaux\/","title":{"rendered":"Broche hoja de Lorien"},"content":{"rendered":"<h2>Broche Hoja Lorien de El Se\u00f1or de los Anillos<\/h2>\n<p>Empecemos por <strong>Broche hoja de Lorien<\/strong>, r\u00e9plica exacta que llevan todos los miembros de la comunidad del Anillo en la trilog\u00eda El Se\u00f1or de los Anillos.<\/p>\n<p>La hoja de Lorien es el s\u00edmbolo de los elfos de <a href=\"https:\/\/lotr.fandom.com\/fr\/wiki\/Lothl\u00f3rien\" target=\"_blank\" rel=\"noopener noreferrer\">Lothlorien<\/a>, que representa la sabidur\u00eda y la protecci\u00f3n. Galadriel entreg\u00f3 a cada miembro de la Comunidad del Anillo un broche con forma de hoja, que serv\u00eda para cerrar una capa \u00e9lfica.<\/p>\n<p>Por otra parte, el reino de los elfos se encuentra en la confluencia del Anduin y el Celebrant. Gobernado al final de la Tercera Edad por Celeborn y Galadriel. Los bosques de Mellyrn de L\u00f3rien  estaban protegidos de Sauron gracias al poder de Galadriel y Nenya. Es el \u00fanico lugar de la Tierra Media donde se conserva la verdadera belleza y eternidad de Eldamar.<\/p>\n<h2>Tu Broche Hoja de Lorien al mejor precio.<\/h2>\n<p>Le ofrecemos una amplia selecci\u00f3n de joyas y espadas de la trilog\u00eda El Se\u00f1or de los Anillos.<\/p>\n<p>Lo primero y m\u00e1s importante,<\/p>\n<ul>\n<li>El magn\u00edfico <a href=\"https:\/\/repliquemangacine.fr\/es\/el-senor-de-los-anillos\/replica-colgante-estrella-de-la-noche-arwen\/\">Colgante Arwen<\/a> estrella vespertina, que ofrece a Aragorn.<\/li>\n<li>Tambi\u00e9n est\u00e1 L'<a href=\"https:\/\/repliquemangacine.fr\/es\/el-senor-de-los-anillos\/anillo-aragorn-anillo-barahir\/\">Anillo Barahir<\/a>El anillo que llevaba Aragorn con su cristal verde.<\/li>\n<li>As\u00ed como todas las espadas como la<a href=\"https:\/\/repliquemangacine.fr\/es\/el-senor-de-los-anillos\/espada-anduril-aragorn-el-senor-de-los-anillos\/\">Anduril<\/a> con su vaina.<\/li>\n<li>Y muchos m\u00e1s por descubrir en nuestra tienda en l\u00ednea.<\/li>\n<\/ul>\n<p>Por eso, esta es una idea estupenda para regalar a los fans de El Se\u00f1or de los Anillos.<\/p>\n<p>En conclusi\u00f3n, puede utilizar el <strong>Broche hoja de Lorien<\/strong> para completar tu disfraz en tus veladas tem\u00e1ticas. Sobre todo, es una pieza de coleccionista. Pero puedes llevarlo como broche o collar.<\/p>\n<h2>\u00bfC\u00f3mo debo cuidar mis joyas de aleaci\u00f3n de zinc?<\/h2>\n<p>En primer lugar, la aleaci\u00f3n de zinc es muy com\u00fan y popular para la bisuter\u00eda. Adem\u00e1s del zinc, las aleaciones de zinc suelen contener aluminio, cobre, magnesio y hierro.<\/p>\n<p>Se limpia su <strong>Broche hoja de Lorien<\/strong> con una esponja empapada en agua jabonosa y espolvoreada con un poco de bicarbonato s\u00f3dico, frotando todas las superficies. Basta con aclarar con agua limpia y secar el zinc con un pa\u00f1o muy suave.<\/p>\n<p>Al igual que la plata, este metal puede oxidarse al entrar en contacto con la piel o simplemente con el ox\u00edgeno del aire ambiente. Para evitar en la medida de lo posible la oxidaci\u00f3n de las joyas de aleaci\u00f3n de zinc, aplique una capa de barniz transparente y d\u00e9jelas secar.<\/p>\n<p><strong>No reproducir en oro o plata 925.<\/strong><\/p>\n<p>&nbsp;<\/p>","protected":false},"excerpt":{"rendered":"<p>Sorprendente r\u00e9plica del collar broche Feuille de Lorien.<\/p>\n<ul>\n<li>De aleaci\u00f3n plateada esmaltada en verde.<\/li>\n<li>Retire la cadena y utilice s\u00f3lo el husillo seg\u00fan sea necesario.<\/li>\n<li>Cierre de seguridad para evitar pinchazos cuando se lleva como collar.<\/li>\n<li>Se entrega en una bolsa de terciopelo.<\/li>\n<\/ul>","protected":false},"featured_media":26862,"template":"","meta":[],"product_brand":[896],"product_cat":[78,24,29],"product_tag":[],"class_list":{"0":"post-26861","1":"product","2":"type-product","3":"status-publish","4":"has-post-thumbnail","6":"product_brand-replique-manga-cine","7":"product_cat-bijoux-anneaux","8":"product_cat-films-series-tv-vente-de-katana-epee-et-produits-derives","9":"product_cat-le-seigneur-des-anneaux","11":"first","12":"instock","13":"taxable","14":"shipping-taxable","15":"purchasable","16":"product-type-simple"},"yoast_head":"<!-- This site is optimized with the Yoast SEO plugin v27.5 - https:\/\/yoast.com\/product\/yoast-seo-wordpress\/ -->\n<title>Broche Feuille de Lorien - Bijoux Le Seigneur des Anneaux | RMC<\/title>\n<meta name=\"description\" content=\"D\u00e9couvrez la Broche Feuille de Lorien port\u00e9e par les membres de la Communaut\u00e9 de l&#039;Anneau au meilleur prix. En alliage plaqu\u00e9 argent - Pochette velours\" \/>\n<meta name=\"robots\" content=\"index, follow, max-snippet:-1, max-image-preview:large, max-video-preview:-1\" \/>\n<link rel=\"canonical\" href=\"https:\/\/repliquemangacine.fr\/es\/joyas-anillos\/lorien-hoja-collar-broche-senor-de-los-anillos\/\" \/>\n<meta property=\"og:locale\" content=\"es_ES\" \/>\n<meta property=\"og:type\" content=\"article\" \/>\n<meta property=\"og:title\" content=\"Broche Feuille de Lorien - Bijoux Le Seigneur des Anneaux | RMC\" \/>\n<meta property=\"og:description\" content=\"D\u00e9couvrez la Broche Feuille de Lorien port\u00e9e par les membres de la Communaut\u00e9 de l&#039;Anneau au meilleur prix. En alliage plaqu\u00e9 argent - Pochette velours\" \/>\n<meta property=\"og:url\" content=\"https:\/\/repliquemangacine.fr\/es\/joyas-anillos\/lorien-hoja-collar-broche-senor-de-los-anillos\/\" \/>\n<meta property=\"og:site_name\" content=\"R\u00e9plique Manga Cin\u00e9\" \/>\n<meta property=\"article:publisher\" content=\"https:\/\/www.facebook.com\/RepliqueMangaCine\" \/>\n<meta property=\"article:modified_time\" content=\"2026-03-26T19:11:13+00:00\" \/>\n<meta property=\"og:image\" content=\"https:\/\/repliquemangacine.fr\/wp-content\/uploads\/2023\/10\/Feuille-de-Lorien.jpg\" \/>\n\t<meta property=\"og:image:width\" content=\"500\" \/>\n\t<meta property=\"og:image:height\" content=\"500\" \/>\n\t<meta property=\"og:image:type\" content=\"image\/jpeg\" \/>\n<meta name=\"twitter:card\" content=\"summary_large_image\" \/>\n<meta name=\"twitter:label1\" content=\"Tiempo de lectura\" \/>\n\t<meta name=\"twitter:data1\" content=\"1 minuto\" \/>\n<script type=\"application\/ld+json\" class=\"yoast-schema-graph\">{\"@context\":\"https:\\\/\\\/schema.org\",\"@graph\":[{\"@type\":\"WebPage\",\"@id\":\"https:\\\/\\\/repliquemangacine.fr\\\/bijoux-anneaux\\\/broche-collier-feuille-de-la-lorien-seigneur-des-anneaux\\\/\",\"url\":\"https:\\\/\\\/repliquemangacine.fr\\\/bijoux-anneaux\\\/broche-collier-feuille-de-la-lorien-seigneur-des-anneaux\\\/\",\"name\":\"Broche Feuille de Lorien - Bijoux Le Seigneur des Anneaux | RMC\",\"isPartOf\":{\"@id\":\"https:\\\/\\\/repliquemangacine.fr\\\/#website\"},\"primaryImageOfPage\":{\"@id\":\"https:\\\/\\\/repliquemangacine.fr\\\/bijoux-anneaux\\\/broche-collier-feuille-de-la-lorien-seigneur-des-anneaux\\\/#primaryimage\"},\"image\":{\"@id\":\"https:\\\/\\\/repliquemangacine.fr\\\/bijoux-anneaux\\\/broche-collier-feuille-de-la-lorien-seigneur-des-anneaux\\\/#primaryimage\"},\"thumbnailUrl\":\"https:\\\/\\\/repliquemangacine.fr\\\/wp-content\\\/uploads\\\/2023\\\/10\\\/Feuille-de-Lorien.jpg\",\"datePublished\":\"2017-02-02T13:14:38+00:00\",\"dateModified\":\"2026-03-26T19:11:13+00:00\",\"description\":\"D\u00e9couvrez la Broche Feuille de Lorien port\u00e9e par les membres de la Communaut\u00e9 de l'Anneau au meilleur prix. En alliage plaqu\u00e9 argent - Pochette velours\",\"breadcrumb\":{\"@id\":\"https:\\\/\\\/repliquemangacine.fr\\\/bijoux-anneaux\\\/broche-collier-feuille-de-la-lorien-seigneur-des-anneaux\\\/#breadcrumb\"},\"inLanguage\":\"es\",\"potentialAction\":[{\"@type\":\"ReadAction\",\"target\":[\"https:\\\/\\\/repliquemangacine.fr\\\/bijoux-anneaux\\\/broche-collier-feuille-de-la-lorien-seigneur-des-anneaux\\\/\"]}]},{\"@type\":\"ImageObject\",\"inLanguage\":\"es\",\"@id\":\"https:\\\/\\\/repliquemangacine.fr\\\/bijoux-anneaux\\\/broche-collier-feuille-de-la-lorien-seigneur-des-anneaux\\\/#primaryimage\",\"url\":\"https:\\\/\\\/repliquemangacine.fr\\\/wp-content\\\/uploads\\\/2023\\\/10\\\/Feuille-de-Lorien.jpg\",\"contentUrl\":\"https:\\\/\\\/repliquemangacine.fr\\\/wp-content\\\/uploads\\\/2023\\\/10\\\/Feuille-de-Lorien.jpg\",\"width\":500,\"height\":500,\"caption\":\"Broche Feuille de la Lorien\"},{\"@type\":\"BreadcrumbList\",\"@id\":\"https:\\\/\\\/repliquemangacine.fr\\\/bijoux-anneaux\\\/broche-collier-feuille-de-la-lorien-seigneur-des-anneaux\\\/#breadcrumb\",\"itemListElement\":[{\"@type\":\"ListItem\",\"position\":1,\"name\":\"Accueil\",\"item\":\"https:\\\/\\\/repliquemangacine.fr\\\/\"},{\"@type\":\"ListItem\",\"position\":2,\"name\":\"Produits\",\"item\":\"https:\\\/\\\/repliquemangacine.fr\\\/boutique\\\/\"},{\"@type\":\"ListItem\",\"position\":3,\"name\":\"Broche Feuille de Lorien\"}]},{\"@type\":\"WebSite\",\"@id\":\"https:\\\/\\\/repliquemangacine.fr\\\/#website\",\"url\":\"https:\\\/\\\/repliquemangacine.fr\\\/\",\"name\":\"R\u00e9plique Manga Cin\u00e9\",\"description\":\"\",\"publisher\":{\"@id\":\"https:\\\/\\\/repliquemangacine.fr\\\/#organization\"},\"potentialAction\":[{\"@type\":\"SearchAction\",\"target\":{\"@type\":\"EntryPoint\",\"urlTemplate\":\"https:\\\/\\\/repliquemangacine.fr\\\/?s={search_term_string}\"},\"query-input\":{\"@type\":\"PropertyValueSpecification\",\"valueRequired\":true,\"valueName\":\"search_term_string\"}}],\"inLanguage\":\"es\"},{\"@type\":\"Organization\",\"@id\":\"https:\\\/\\\/repliquemangacine.fr\\\/#organization\",\"name\":\"R\u00e9plique Manga Cin\u00e9\",\"url\":\"https:\\\/\\\/repliquemangacine.fr\\\/\",\"logo\":{\"@type\":\"ImageObject\",\"inLanguage\":\"es\",\"@id\":\"https:\\\/\\\/repliquemangacine.fr\\\/#\\\/schema\\\/logo\\\/image\\\/\",\"url\":\"https:\\\/\\\/repliquemangacine.fr\\\/wp-content\\\/uploads\\\/2023\\\/10\\\/RMC-500250.png\",\"contentUrl\":\"https:\\\/\\\/repliquemangacine.fr\\\/wp-content\\\/uploads\\\/2023\\\/10\\\/RMC-500250.png\",\"width\":500,\"height\":250,\"caption\":\"R\u00e9plique Manga Cin\u00e9\"},\"image\":{\"@id\":\"https:\\\/\\\/repliquemangacine.fr\\\/#\\\/schema\\\/logo\\\/image\\\/\"},\"sameAs\":[\"https:\\\/\\\/www.facebook.com\\\/RepliqueMangaCine\",\"https:\\\/\\\/www.instagram.com\\\/repliquemangacine.fr\\\/\"]}]}<\/script>\n<!-- \/ Yoast SEO plugin. -->","yoast_head_json":{"title":"Broche Hoja de Lorien - Joyas El Se\u00f1or de los Anillos | RMC","description":"Descubre el Broche Hoja de Lorien que llevaban los miembros de la Comunidad del Anillo al mejor precio. Aleaci\u00f3n plateada - Bolsa de terciopelo","robots":{"index":"index","follow":"follow","max-snippet":"max-snippet:-1","max-image-preview":"max-image-preview:large","max-video-preview":"max-video-preview:-1"},"canonical":"https:\/\/repliquemangacine.fr\/es\/joyas-anillos\/lorien-hoja-collar-broche-senor-de-los-anillos\/","og_locale":"es_ES","og_type":"article","og_title":"Broche Feuille de Lorien - Bijoux Le Seigneur des Anneaux | RMC","og_description":"D\u00e9couvrez la Broche Feuille de Lorien port\u00e9e par les membres de la Communaut\u00e9 de l'Anneau au meilleur prix. En alliage plaqu\u00e9 argent - Pochette velours","og_url":"https:\/\/repliquemangacine.fr\/es\/joyas-anillos\/lorien-hoja-collar-broche-senor-de-los-anillos\/","og_site_name":"R\u00e9plique Manga Cin\u00e9","article_publisher":"https:\/\/www.facebook.com\/RepliqueMangaCine","article_modified_time":"2026-03-26T19:11:13+00:00","og_image":[{"width":500,"height":500,"url":"https:\/\/repliquemangacine.fr\/wp-content\/uploads\/2023\/10\/Feuille-de-Lorien.jpg","type":"image\/jpeg"}],"twitter_card":"summary_large_image","twitter_misc":{"Tiempo de lectura":"1 minuto"},"schema":{"@context":"https:\/\/schema.org","@graph":[{"@type":"WebPage","@id":"https:\/\/repliquemangacine.fr\/bijoux-anneaux\/broche-collier-feuille-de-la-lorien-seigneur-des-anneaux\/","url":"https:\/\/repliquemangacine.fr\/bijoux-anneaux\/broche-collier-feuille-de-la-lorien-seigneur-des-anneaux\/","name":"Broche Hoja de Lorien - Joyas El Se\u00f1or de los Anillos | RMC","isPartOf":{"@id":"https:\/\/repliquemangacine.fr\/#website"},"primaryImageOfPage":{"@id":"https:\/\/repliquemangacine.fr\/bijoux-anneaux\/broche-collier-feuille-de-la-lorien-seigneur-des-anneaux\/#primaryimage"},"image":{"@id":"https:\/\/repliquemangacine.fr\/bijoux-anneaux\/broche-collier-feuille-de-la-lorien-seigneur-des-anneaux\/#primaryimage"},"thumbnailUrl":"https:\/\/repliquemangacine.fr\/wp-content\/uploads\/2023\/10\/Feuille-de-Lorien.jpg","datePublished":"2017-02-02T13:14:38+00:00","dateModified":"2026-03-26T19:11:13+00:00","description":"Descubre el Broche Hoja de Lorien que llevaban los miembros de la Comunidad del Anillo al mejor precio. Aleaci\u00f3n plateada - Bolsa de terciopelo","breadcrumb":{"@id":"https:\/\/repliquemangacine.fr\/bijoux-anneaux\/broche-collier-feuille-de-la-lorien-seigneur-des-anneaux\/#breadcrumb"},"inLanguage":"es","potentialAction":[{"@type":"ReadAction","target":["https:\/\/repliquemangacine.fr\/bijoux-anneaux\/broche-collier-feuille-de-la-lorien-seigneur-des-anneaux\/"]}]},{"@type":"ImageObject","inLanguage":"es","@id":"https:\/\/repliquemangacine.fr\/bijoux-anneaux\/broche-collier-feuille-de-la-lorien-seigneur-des-anneaux\/#primaryimage","url":"https:\/\/repliquemangacine.fr\/wp-content\/uploads\/2023\/10\/Feuille-de-Lorien.jpg","contentUrl":"https:\/\/repliquemangacine.fr\/wp-content\/uploads\/2023\/10\/Feuille-de-Lorien.jpg","width":500,"height":500,"caption":"Broche Feuille de la Lorien"},{"@type":"BreadcrumbList","@id":"https:\/\/repliquemangacine.fr\/bijoux-anneaux\/broche-collier-feuille-de-la-lorien-seigneur-des-anneaux\/#breadcrumb","itemListElement":[{"@type":"ListItem","position":1,"name":"Accueil","item":"https:\/\/repliquemangacine.fr\/"},{"@type":"ListItem","position":2,"name":"Produits","item":"https:\/\/repliquemangacine.fr\/boutique\/"},{"@type":"ListItem","position":3,"name":"Broche Feuille de Lorien"}]},{"@type":"WebSite","@id":"https:\/\/repliquemangacine.fr\/#website","url":"https:\/\/repliquemangacine.fr\/","name":"R\u00e9plique Manga Cin\u00e9","description":"","publisher":{"@id":"https:\/\/repliquemangacine.fr\/#organization"},"potentialAction":[{"@type":"SearchAction","target":{"@type":"EntryPoint","urlTemplate":"https:\/\/repliquemangacine.fr\/?s={search_term_string}"},"query-input":{"@type":"PropertyValueSpecification","valueRequired":true,"valueName":"search_term_string"}}],"inLanguage":"es"},{"@type":"Organization","@id":"https:\/\/repliquemangacine.fr\/#organization","name":"R\u00e9plique Manga Cin\u00e9","url":"https:\/\/repliquemangacine.fr\/","logo":{"@type":"ImageObject","inLanguage":"es","@id":"https:\/\/repliquemangacine.fr\/#\/schema\/logo\/image\/","url":"https:\/\/repliquemangacine.fr\/wp-content\/uploads\/2023\/10\/RMC-500250.png","contentUrl":"https:\/\/repliquemangacine.fr\/wp-content\/uploads\/2023\/10\/RMC-500250.png","width":500,"height":250,"caption":"R\u00e9plique Manga Cin\u00e9"},"image":{"@id":"https:\/\/repliquemangacine.fr\/#\/schema\/logo\/image\/"},"sameAs":["https:\/\/www.facebook.com\/RepliqueMangaCine","https:\/\/www.instagram.com\/repliquemangacine.fr\/"]}]}},"_links":{"self":[{"href":"https:\/\/repliquemangacine.fr\/es\/wp-json\/wp\/v2\/product\/26861","targetHints":{"allow":["GET"]}}],"collection":[{"href":"https:\/\/repliquemangacine.fr\/es\/wp-json\/wp\/v2\/product"}],"about":[{"href":"https:\/\/repliquemangacine.fr\/es\/wp-json\/wp\/v2\/types\/product"}],"wp:featuredmedia":[{"embeddable":true,"href":"https:\/\/repliquemangacine.fr\/es\/wp-json\/wp\/v2\/media\/26862"}],"wp:attachment":[{"href":"https:\/\/repliquemangacine.fr\/es\/wp-json\/wp\/v2\/media?parent=26861"}],"wp:term":[{"taxonomy":"product_brand","embeddable":true,"href":"https:\/\/repliquemangacine.fr\/es\/wp-json\/wp\/v2\/product_brand?post=26861"},{"taxonomy":"product_cat","embeddable":true,"href":"https:\/\/repliquemangacine.fr\/es\/wp-json\/wp\/v2\/product_cat?post=26861"},{"taxonomy":"product_tag","embeddable":true,"href":"https:\/\/repliquemangacine.fr\/es\/wp-json\/wp\/v2\/product_tag?post=26861"}],"curies":[{"name":"wp","href":"https:\/\/api.w.org\/{rel}","templated":true}]}}